{"id":1166,"date":"2022-08-01T10:42:37","date_gmt":"2022-08-01T08:42:37","guid":{"rendered":"https:\/\/www.top5credits.com\/de\/?page_id=1166"},"modified":"2022-09-01T12:30:38","modified_gmt":"2022-09-01T10:30:38","slug":"kurzzeitkredit","status":"publish","type":"page","link":"https:\/\/www.top5credits.com\/de\/kurzzeitkredit\/","title":{"rendered":"Kurzzeitkredit"},"content":{"rendered":"\n<div class=\"wp-block-group first-section\"><div class=\"wp-block-group__inner-container is-layout-flow wp-block-group-is-layout-flow\">\n<h1 class=\"wp-block-heading\">Kurzzeitkredit<\/h1>\n\n\n\n<p>Falls die Reparatur des Autos oder die Anschaffung einer neuen Waschmaschine teurer wird als geplant, steht man als Verbraucher schnell vor einem finanziellen Engpass. Indem Sie einen Kurzzeitkredit beantragen, k\u00f6nnen Sie schnell das ben\u00f6tigte Geld bekommen.<\/p>\n\n\n\n<p>Die besonders kurze Laufzeit, die in der Regel nicht l\u00e4nger als 30 Tage betr\u00e4gt und die niedrige Darlehenssumme von maximal 1.000 Euro sind typische Merkmale von Kurzeitkrediten. F\u00fcr h\u00f6here Darlehenssumme und l\u00e4ngere Laufzeiten empfehlen wir Ihnen, lieber einen Ratenkredit zu beantragen. Die g\u00fcnstigsten Kreditanbieter und einen umfassenden online Vergleich von Kreditangeboten finden Sie bei Top5Credits.<\/p>\n\n\n\n<\/div><\/div>\n\n\n\n\n\n\n<div class=\"top-results palkkio\">\n<span class=\"huomiomerkki\">!<\/span> Unsere Geb\u00fchr beeinflusst die Reihenfolge der Auflistung \u2013 weitere Informationen dazu <span class=\"plus-trigger\">+<\/span>\n<p>Top5Credits.com ist ein kostenloser Service, der n\u00fctzliche Informationen und Inhalte f\u00fcr seine Benutzer bereitstellt. Wir vergleichen und bewerten Kreditservices mit echter Erfahrung. Damit der Service f\u00fcr unsere Benutzer kostenlos bleibt, erhalten wir von unseren Partnern eine Verg\u00fctung f\u00fcr die an sie vermittelten Kunden. Die H\u00f6he der Verg\u00fctung beeinflusst die Reihenfolge der Auflistung.<\/p>\n<\/div>\n\n\n\n<h2 class=\"wp-block-heading\">Was ist ein Kurzzeitkredit?<\/h2>\n\n\n\n<h3 class=\"wp-block-heading\">Folgende zwei Arten von unterschiedlichen Kurzeitkrediten gibt es:<\/h3>\n\n\n\n<ul class=\"wp-block-list\"><li>Kleinkredit mit einer Darlehenssumme unter 1000 Euro und einer maximalen Laufzeit von 30 Tagen<\/li><li>Ratenkredit mit einer Darlehenssumme von mehr als 1000 Euro und einer Laufzeit von \u00fcber einem Jahr<\/li><\/ul>\n\n\n\n<p>Der \u00fcberwiegende Teil der Kleinkredite wird mit einem Festzins offeriert, der unabh\u00e4ngig von der Kreditw\u00fcrdigkeit des Darlehensnehmers festgelegt wird. Das bedeutet, dass die Zinsen f\u00fcr alle Kreditnehmer gleich sind und die Bonit\u00e4t lediglich dazu dient, um festzustellen, ob der Antragsteller das Darlehen erh\u00e4lt oder nicht.<\/p>\n\n\n\n<p>Im Gegensatz dazu dient bei einem kurzfristigen Ratenkredit die Bonit\u00e4t des Antragstellers dazu, den Zinssatz festzulegen, den er bezahlen muss.<\/p>\n\n\n\n<h3 class=\"wp-block-heading\">Um einen dieser beiden Kredite beantragen zu k\u00f6nnen, muss der Antragsteller zwei Bedingungen erf\u00fcllen:<\/h3>\n\n\n\n<h3 class=\"wp-block-heading\">Die klassischen Kreditinstitute scheuen wegen des hohen internen Verwaltungsaufwands die Vergabe von 30-Tage-Krediten. Stellvertretend f\u00fcr die Banken gibt es eine Reihe von Spezialisten f\u00fcr Kurzeitkredite:<\/h3>\n\n\n\n<p>Die Konditionen dieser Kurzeitkredit-Spezialisten und die Angebote der klassischen Anbieter von Ratenkrediten k\u00f6nnen Sie im Top5Credits online Rechner bequem bewerten.<\/p>\n\n\n\n<h2 class=\"wp-block-heading\">Schnell einen Kurzzeitkredit beantragen<\/h2>\n\n\n\n<p>Verbraucher geraten wegen unterschiedlichster Ausl\u00f6ser in eine finanzielle Schieflage. Das kann von defekten Haushaltsger\u00e4ten, unerwartet hohen Nachzahlungen von Gas- oder Stromrechnungen bis hin zum kaputten Auto gehen. In solchen Situationen hilft ein kurzfristiges Darlehen aus der Klemme.<\/p>\n\n\n\n<p>Sie k\u00f6nnen mit diesem Kurzzeitkredit die schlimmste finanzielle Notlage durchstehen. Dank der kurzen Laufzeit, die zwischen 30 und 90 Tagen betr\u00e4gt, und den niedrigen Darlehensbetr\u00e4gen ist er ein guter Ersatz f\u00fcr den h\u00f6her verzinsten Dispokredit.<\/p>\n\n\n\n<h2 class=\"wp-block-heading\">Welche Voraussetzungen f\u00fcr den Kurzzeitkredit gelten<\/h2>\n\n\n\n<p>Im Gegensatz zum klassischen Kredit sind die Auflagen f\u00fcr einen Kurzeitkredit nicht ganz so streng. Folgende Anforderungen m\u00fcssen Sie dennoch erf\u00fcllen, um ein solches Darlehen beantragen zu k\u00f6nnen:<\/p>\n\n\n\n<ul class=\"wp-block-list\"><li>Wohnsitz in der Bundesrepublik Deutschland<\/li><li>Vollj\u00e4hrigkeit<\/li><li>Deutsches Bankkonto<\/li><\/ul>\n\n\n\n<h3 class=\"wp-block-heading\">Was sollten Sie vor Abschluss des Kurzzeitkredits beachten?<\/h3>\n\n\n\n<p>Legen Sie die Kreditsumme und die gew\u00fcnschte Kreditlaufzeit fest.<\/p>\n\n\n\n<p>Sie k\u00f6nnen dank der flexiblen Laufzeit des Kurzzeitkredits w\u00e4hlen, ob Sie die Tilgung schon nach einem Monat abschlie\u00dfen oder lieber erst nach sechs Monaten beenden. Die Kreditanbieter lassen Ihnen hier eine weite Auswahl an M\u00f6glichkeiten.<\/p>\n\n\n\n<p>Eine Tilgung des Kurzzeitkredits in einer einzigen gro\u00dfen Einmalzahlung am Laufzeitende ist eine gute Variante. Sie sind dadurch ohne Ratenzahlungen auf einen Schlag wieder schuldenfrei.<\/p>\n\n\n\n<p>Wem diese Art der Kredittilgung zu riskant erscheint, ist nicht gezwungen, die komplette Darlehenssumme auf einmal am Ende eines Monats oder der kurzen Laufzeit zu tilgen. Bei unseren online Kredit-Angebot finden Sie passende Alternativen und verschiedene Varianten, aus denen Sie w\u00e4hlen k\u00f6nnen. Sogar eine Laufzeit von sechs Monaten ist denkbar.<\/p>\n\n\n\n<h2 class=\"wp-block-heading\">Wer kann einen kurzzeitigen Kredit f\u00fcr lediglich 30 Tage beantragen?<\/h2>\n\n\n\n<h3 class=\"wp-block-heading\">Die wichtigsten Voraussetzungen, um einen Kurzeitkredit zu beantragen und dann bewilligt zu bekommen sind:<\/h3>\n\n\n\n<ul class=\"wp-block-list\"><li>Hauptwohnsitz in der Bundesrepublik Deutschland<\/li><li>Vollj\u00e4hrigkeit<\/li><li>Deutsches Bankkonto<\/li><li>Monatliches Einkommen von mindestens 500 Euro<\/li><li>Sie sind nicht \u00fcberschuldet<\/li><li>Sie haben keine eidesstattliche Versicherung gegen\u00fcber dem Finanzamt, einem Vermieter oder einer Bank abgegeben<\/li><\/ul>\n\n\n\n<p>Unter diesen Voraussetzungen k\u00f6nnen Sie umgehend Ihre unverbindliche Kreditanfrage online einreichen.<\/p>\n\n\n\n<h2 class=\"wp-block-heading\">Wie viel kostet ein Kurzzeitkredit?<\/h2>\n\n\n\n<p>Je nach Anbieter k\u00f6nnen die Zinss\u00e4tze \u2013 genau wie bei Ratenkrediten \u2013 bei Kurzzeitkrediten variieren. Es gibt Anbieter, die mit einem Neukundenangebot von 0 % locken. Solche unschlagbaren Offerten sollten gerade bei einem kurzfristigen finanziellen Engpass jedem anderen Kredit-Angebot vorgezogen werden.<\/p>\n\n\n\n<p>\u00dcblicherweise werden zurzeit bei Kurzeitkrediten Zinss\u00e4tze zwischen 7,95 % und 13,5 % aufgerufen. Obwohl dies im ersten Augenblick relativ hoch erscheinen mag, muss man sich die tats\u00e4chliche Zinsbelastung aufgrund der sehr kurzen Laufzeiten in Erinnerung rufen.<\/p>\n\n\n\n<h3 class=\"wp-block-heading\">Zur Verdeutlichung kann folgendes Beispiel genommen werden:<\/h3>\n\n\n\n<p>Bei einer Kreditsumme von 600 Euro und einem effektiven Jahreszins von 10,36 % zahlen Sie bei einer Laufzeit von 30 Tagen minimale 5,11 Euro an Zinsen.<\/p>\n\n\n\n<h2 class=\"wp-block-heading\">Wer kann einen Kurzzeitkredit beantragen?<\/h2>\n\n\n\n<p>Jeder Konsument, der die nachfolgend aufgef\u00fchrten Voraussetzungen erf\u00fcllt, kann einen Kurzeitkredit beantragen:<\/p>\n\n\n\n<ul class=\"wp-block-list\"><li>Vollj\u00e4hrig<\/li><li>Hauptwohnsitz in der Bundesrepublik Deutschland<\/li><li>Inhaber eines Girokontos bei einer in Deutschland ans\u00e4ssigen Bank<\/li><li>Nachweis eines regelm\u00e4\u00dfigen Einkommens (geforderte H\u00f6he variiert nach Kreditanbieter)<\/li><li>Kein Schufa-Eintrag<\/li><\/ul>\n\n\n\n<p><strong>Unser Tipp: <\/strong><br>Die Anbieter von Kurzeitkrediten bewerten die H\u00f6he der monatlichen Einkommen und den Schufa-Score unterschiedlich. Wir empfehlen, vor der Beantragung eines Darlehens die entsprechenden Informationen von den Kreditanbietern einzuholen.<\/p>\n\n\n\n<h3 class=\"wp-block-heading\">Wie schnell wird der Kurzzeitkredit ausgezahlt?<\/h3>\n\n\n\n<p>In einer finanziellen Notlage ist die Zeit normalerweise der entscheidende Faktor. Es muss in erster Linie schnell gehen!<\/p>\n\n\n\n<p>Deswegen ist bei einem Kurzeitkredit die rasche Bearbeitung des Antrags und die schnellstm\u00f6gliche Auszahlung der Kreditsumme das entscheidende Argument f\u00fcr einen guten Kreditanbieter. Nach unseren Erfahrungen gibt es gro\u00dfe Abweichungen bei den Anbietern von Darlehen dieser Art. Die Bearbeitungszeiten variieren von vier Tagen bis zu zwei Wochen. Auch wenn von manchen Anbietern von Kurzeitkrediten Express-Auszahlungen angeboten werden, sind diese oft mit zus\u00e4tzlichen Geb\u00fchren verbunden und verteuern den Kredit.<\/p>\n\n\n\n<p><strong>Unser Tipp:<\/strong> Informieren Sie sich vor der Aufnahme Ihres Kurzeitkredits bei den in Frage kommenden Kreditanbietern, wie lange die Bearbeitungszeiten von der Antragsstellung bis zur tats\u00e4chlichen Auszahlung des Darlehens sind.<\/p>\n\n\n\n<h2 class=\"wp-block-heading\">Fazit Kurzzeitkredit<\/h2>\n\n\n\n<p>In Situationen, in denen kurzfristig und nur f\u00fcr eine kurze Zeitspanne ein Darlehen zur \u00dcberbr\u00fcckung einer finanziellen Notlage ben\u00f6tigt wird, sind Kurzeitkredite \u2013 trotz aller Kritik \u2013 eine gute Alternative. Sie k\u00f6nnen anstelle eines Dispokredits eingesetzt werden, da sie meist g\u00fcnstiger und verbindlicher sind. Die Regelungen wie Laufzeit und Kreditsumme sind eindeutiger formuliert und daher verbindlicher als ein Dispokredit.<\/p>\n\n\n\n<h3 class=\"wp-block-heading\">Welche Vorteile und Nachteile hat ein Kurzeitkredit?<\/h3>\n\n\n\n<p>Der kurzfristige Kredit bis zur n\u00e4chsten Lohnzahlung (30 Tage \/ max. 60 Tage)<\/p>\n\n\n\n<p>Wenn man lediglich die Zeit bis zum n\u00e4chsten Lohn- oder Gehaltseingang \u00fcberbr\u00fccken muss, ist diese Art von Darlehen ideal. Das kann wegen unerwarteter Ausgaben wie eine kaputte Waschmaschine oder eine Autoreparatur schon mal vorkommen. Es gibt hier die M\u00f6glichkeit, die komplette Darlehenssumme am Laufzeitende in einer einzigen Schlussrate zu tilgen.<\/p>\n\n\n\n<h3 class=\"wp-block-heading\">Kurzzeitkredit ohne Schufa-Abfrage (Laufzeit von maximal 3 Monaten bis zu 6 Monaten)<\/h3>\n\n\n\n<p>Bei Ratenkrediten ist eine Schufa-Abfrage durch das Kreditinstitut v\u00f6llig normal. F\u00fcr den Fall, dass der Score nicht passt oder m\u00f6glicherweise sogar ein negativer Eintrag besteht, kann es schwierig werden, bei der Hausbank ein Darlehen zu bekommen. Bei den kurzfristigen Krediten kann es zwar vorkommen, dass eine Schufa-Abfrage gemacht wird, ist aber nicht zwingend der Fall. Bei einer ausreichenden Kreditw\u00fcrdigkeit ist \u2013 regelm\u00e4\u00dfige Eink\u00fcnfte vorausgesetzt \u2013 ein Kurzzeitkredit auch mit einem Schufa-Eintrag im Bereich des M\u00f6glichen.<\/p>\n\n\n\n<h3 class=\"wp-block-heading\">Kurzfristige \u00dcberbr\u00fcckungsdarlehen f\u00fcr Studenten und Azubis<\/h3>\n\n\n\n<p>Auszubildende und Studenten leben mit einer v\u00f6llig anderen Einkommenssituation als Beamte oder Angestellte. Durch einen Nebenjob, durch Unterst\u00fctzung der Eltern oder auch durch BAf\u00f6G haben Studenten zwar oft regelm\u00e4\u00dfige Eink\u00fcnfte, doch oftmals reichen diese nicht aus, um bei einer Bank ein klassisches Darlehen online zu beantragen. Da ein niedriger, aber daf\u00fcr regelm\u00e4\u00dfiger Geldeingang f\u00fcr einen Kurzzeitkredit ausreicht, ist das eine gute Option f\u00fcr Auszubildende und Studenten. Bei der Erstellung einer Haushaltsrechnung, indem man seine Ausgaben von den Eink\u00fcnften subtrahiert, kann bei niedrigen Kreditbetr\u00e4gen am Ende immer noch eine positive Differenz ergeben.<\/p>\n","protected":false},"excerpt":{"rendered":"<p>Kurzzeitkredit Falls die Reparatur des Autos oder die Anschaffung einer neuen Waschmaschine teurer wird als geplant, steht man als Verbraucher schnell vor einem finanziellen Engpass.<\/p>\n<p class=\"more-link\"><span class=\"screen-reader-text\">Kurzzeitkredit<\/span> weiterlesen<\/p>\n","protected":false},"author":22,"featured_media":0,"parent":0,"menu_order":0,"comment_status":"closed","ping_status":"closed","template":"page-results.php","meta":{"footnotes":""},"class_list":["post-1166","page","type-page","status-publish","hentry","entry"],"yoast_head":"<!-- This site is optimized with the Yoast SEO plugin v27.3 - https:\/\/yoast.com\/product\/yoast-seo-wordpress\/ -->\n<title>Kurzzeitkredit gesucht? Mit Top5Credits Geld f\u00fcr 30 Tage leihen<\/title>\n<meta name=\"description\" content=\"Ein Kurzzeitkredit hilft Ihnen durch eine finanzielle Notlage und muss innerhalb eines kurzen Zeitraums (30 Tage bis 3 Monate) zur\u00fcckgezahlt werden.\" \/>\n<meta name=\"robots\" content=\"index, follow, max-snippet:-1, max-image-preview:large, max-video-preview:-1\" \/>\n<link rel=\"canonical\" href=\"https:\/\/www.top5credits.com\/de\/kurzzeitkredit\/\" \/>\n<meta property=\"og:locale\" content=\"de_DE\" \/>\n<meta property=\"og:type\" content=\"article\" \/>\n<meta property=\"og:title\" content=\"Kurzzeitkredit gesucht? Mit Top5Credits Geld f\u00fcr 30 Tage leihen\" \/>\n<meta property=\"og:description\" content=\"Ein Kurzzeitkredit hilft Ihnen durch eine finanzielle Notlage und muss innerhalb eines kurzen Zeitraums (30 Tage bis 3 Monate) zur\u00fcckgezahlt werden.\" \/>\n<meta property=\"og:url\" content=\"https:\/\/www.top5credits.com\/de\/kurzzeitkredit\/\" \/>\n<meta property=\"og:site_name\" content=\"Top5Credits.com Deutschland\" \/>\n<meta property=\"article:modified_time\" content=\"2022-09-01T10:30:38+00:00\" \/>\n<meta property=\"og:image\" content=\"https:\/\/cdn.top5credits.com\/de\/wp-content\/uploads\/sites\/6\/2023\/11\/top5credits-com-ogimage.png?cdn=1.1.6\" \/>\n\t<meta property=\"og:image:width\" content=\"1200\" \/>\n\t<meta property=\"og:image:height\" content=\"630\" \/>\n\t<meta property=\"og:image:type\" content=\"image\/png\" \/>\n<meta name=\"twitter:card\" content=\"summary_large_image\" \/>\n<script type=\"application\/ld+json\" class=\"yoast-schema-graph\">{\"@context\":\"https:\\\/\\\/schema.org\",\"@graph\":[{\"@type\":\"WebPage\",\"@id\":\"https:\\\/\\\/www.top5credits.com\\\/de\\\/kurzzeitkredit\\\/\",\"url\":\"https:\\\/\\\/www.top5credits.com\\\/de\\\/kurzzeitkredit\\\/\",\"name\":\"Kurzzeitkredit gesucht? Mit Top5Credits Geld f\u00fcr 30 Tage leihen\",\"isPartOf\":{\"@id\":\"https:\\\/\\\/www.top5credits.com\\\/de\\\/#website\"},\"datePublished\":\"2022-08-01T08:42:37+00:00\",\"dateModified\":\"2022-09-01T10:30:38+00:00\",\"description\":\"Ein Kurzzeitkredit hilft Ihnen durch eine finanzielle Notlage und muss innerhalb eines kurzen Zeitraums (30 Tage bis 3 Monate) zur\u00fcckgezahlt werden.\",\"breadcrumb\":{\"@id\":\"https:\\\/\\\/www.top5credits.com\\\/de\\\/kurzzeitkredit\\\/#breadcrumb\"},\"inLanguage\":\"de\",\"potentialAction\":[{\"@type\":\"ReadAction\",\"target\":[\"https:\\\/\\\/www.top5credits.com\\\/de\\\/kurzzeitkredit\\\/\"]}]},{\"@type\":\"BreadcrumbList\",\"@id\":\"https:\\\/\\\/www.top5credits.com\\\/de\\\/kurzzeitkredit\\\/#breadcrumb\",\"itemListElement\":[{\"@type\":\"ListItem\",\"position\":1,\"name\":\"Top5Credits.com\",\"item\":\"https:\\\/\\\/www.top5credits.com\\\/de\\\/\"},{\"@type\":\"ListItem\",\"position\":2,\"name\":\"Kurzzeitkredit\"}]},{\"@type\":\"WebSite\",\"@id\":\"https:\\\/\\\/www.top5credits.com\\\/de\\\/#website\",\"url\":\"https:\\\/\\\/www.top5credits.com\\\/de\\\/\",\"name\":\"Top5Credits.com Deutschland\",\"description\":\"\",\"publisher\":{\"@id\":\"https:\\\/\\\/www.top5credits.com\\\/de\\\/#organization\"},\"potentialAction\":[{\"@type\":\"SearchAction\",\"target\":{\"@type\":\"EntryPoint\",\"urlTemplate\":\"https:\\\/\\\/www.top5credits.com\\\/de\\\/?s={search_term_string}\"},\"query-input\":{\"@type\":\"PropertyValueSpecification\",\"valueRequired\":true,\"valueName\":\"search_term_string\"}}],\"inLanguage\":\"de\"},{\"@type\":\"Organization\",\"@id\":\"https:\\\/\\\/www.top5credits.com\\\/de\\\/#organization\",\"name\":\"Top5Credits.com\",\"url\":\"https:\\\/\\\/www.top5credits.com\\\/de\\\/\",\"logo\":{\"@type\":\"ImageObject\",\"inLanguage\":\"de\",\"@id\":\"https:\\\/\\\/www.top5credits.com\\\/de\\\/#\\\/schema\\\/logo\\\/image\\\/\",\"url\":\"https:\\\/\\\/cdn.top5credits.com\\\/de\\\/wp-content\\\/uploads\\\/sites\\\/6\\\/2023\\\/10\\\/t5c-favicon.png\",\"contentUrl\":\"https:\\\/\\\/cdn.top5credits.com\\\/de\\\/wp-content\\\/uploads\\\/sites\\\/6\\\/2023\\\/10\\\/t5c-favicon.png\",\"width\":512,\"height\":512,\"caption\":\"Top5Credits.com\"},\"image\":{\"@id\":\"https:\\\/\\\/www.top5credits.com\\\/de\\\/#\\\/schema\\\/logo\\\/image\\\/\"}}]}<\/script>\n<!-- \/ Yoast SEO plugin. -->","yoast_head_json":{"title":"Kurzzeitkredit gesucht? Mit Top5Credits Geld f\u00fcr 30 Tage leihen","description":"Ein Kurzzeitkredit hilft Ihnen durch eine finanzielle Notlage und muss innerhalb eines kurzen Zeitraums (30 Tage bis 3 Monate) zur\u00fcckgezahlt werden.","robots":{"index":"index","follow":"follow","max-snippet":"max-snippet:-1","max-image-preview":"max-image-preview:large","max-video-preview":"max-video-preview:-1"},"canonical":"https:\/\/www.top5credits.com\/de\/kurzzeitkredit\/","og_locale":"de_DE","og_type":"article","og_title":"Kurzzeitkredit gesucht? Mit Top5Credits Geld f\u00fcr 30 Tage leihen","og_description":"Ein Kurzzeitkredit hilft Ihnen durch eine finanzielle Notlage und muss innerhalb eines kurzen Zeitraums (30 Tage bis 3 Monate) zur\u00fcckgezahlt werden.","og_url":"https:\/\/www.top5credits.com\/de\/kurzzeitkredit\/","og_site_name":"Top5Credits.com Deutschland","article_modified_time":"2022-09-01T10:30:38+00:00","og_image":[{"width":1200,"height":630,"url":"https:\/\/cdn.top5credits.com\/de\/wp-content\/uploads\/sites\/6\/2023\/11\/top5credits-com-ogimage.png?cdn=1.1.6","type":"image\/png"}],"twitter_card":"summary_large_image","schema":{"@context":"https:\/\/schema.org","@graph":[{"@type":"WebPage","@id":"https:\/\/www.top5credits.com\/de\/kurzzeitkredit\/","url":"https:\/\/www.top5credits.com\/de\/kurzzeitkredit\/","name":"Kurzzeitkredit gesucht? Mit Top5Credits Geld f\u00fcr 30 Tage leihen","isPartOf":{"@id":"https:\/\/www.top5credits.com\/de\/#website"},"datePublished":"2022-08-01T08:42:37+00:00","dateModified":"2022-09-01T10:30:38+00:00","description":"Ein Kurzzeitkredit hilft Ihnen durch eine finanzielle Notlage und muss innerhalb eines kurzen Zeitraums (30 Tage bis 3 Monate) zur\u00fcckgezahlt werden.","breadcrumb":{"@id":"https:\/\/www.top5credits.com\/de\/kurzzeitkredit\/#breadcrumb"},"inLanguage":"de","potentialAction":[{"@type":"ReadAction","target":["https:\/\/www.top5credits.com\/de\/kurzzeitkredit\/"]}]},{"@type":"BreadcrumbList","@id":"https:\/\/www.top5credits.com\/de\/kurzzeitkredit\/#breadcrumb","itemListElement":[{"@type":"ListItem","position":1,"name":"Top5Credits.com","item":"https:\/\/www.top5credits.com\/de\/"},{"@type":"ListItem","position":2,"name":"Kurzzeitkredit"}]},{"@type":"WebSite","@id":"https:\/\/www.top5credits.com\/de\/#website","url":"https:\/\/www.top5credits.com\/de\/","name":"Top5Credits.com Deutschland","description":"","publisher":{"@id":"https:\/\/www.top5credits.com\/de\/#organization"},"potentialAction":[{"@type":"SearchAction","target":{"@type":"EntryPoint","urlTemplate":"https:\/\/www.top5credits.com\/de\/?s={search_term_string}"},"query-input":{"@type":"PropertyValueSpecification","valueRequired":true,"valueName":"search_term_string"}}],"inLanguage":"de"},{"@type":"Organization","@id":"https:\/\/www.top5credits.com\/de\/#organization","name":"Top5Credits.com","url":"https:\/\/www.top5credits.com\/de\/","logo":{"@type":"ImageObject","inLanguage":"de","@id":"https:\/\/www.top5credits.com\/de\/#\/schema\/logo\/image\/","url":"https:\/\/cdn.top5credits.com\/de\/wp-content\/uploads\/sites\/6\/2023\/10\/t5c-favicon.png","contentUrl":"https:\/\/cdn.top5credits.com\/de\/wp-content\/uploads\/sites\/6\/2023\/10\/t5c-favicon.png","width":512,"height":512,"caption":"Top5Credits.com"},"image":{"@id":"https:\/\/www.top5credits.com\/de\/#\/schema\/logo\/image\/"}}]}},"_links":{"self":[{"href":"https:\/\/www.top5credits.com\/de\/wp-json\/wp\/v2\/pages\/1166","targetHints":{"allow":["GET"]}}],"collection":[{"href":"https:\/\/www.top5credits.com\/de\/wp-json\/wp\/v2\/pages"}],"about":[{"href":"https:\/\/www.top5credits.com\/de\/wp-json\/wp\/v2\/types\/page"}],"author":[{"embeddable":true,"href":"https:\/\/www.top5credits.com\/de\/wp-json\/wp\/v2\/users\/22"}],"replies":[{"embeddable":true,"href":"https:\/\/www.top5credits.com\/de\/wp-json\/wp\/v2\/comments?post=1166"}],"version-history":[{"count":0,"href":"https:\/\/www.top5credits.com\/de\/wp-json\/wp\/v2\/pages\/1166\/revisions"}],"wp:attachment":[{"href":"https:\/\/www.top5credits.com\/de\/wp-json\/wp\/v2\/media?parent=1166"}],"curies":[{"name":"wp","href":"https:\/\/api.w.org\/{rel}","templated":true}]}}