{"id":1167,"date":"2022-08-01T10:42:41","date_gmt":"2022-08-01T08:42:41","guid":{"rendered":"https:\/\/www.top5credits.com\/de\/?page_id=1167"},"modified":"2026-02-03T14:50:51","modified_gmt":"2026-02-03T13:50:51","slug":"onlinekredit","status":"publish","type":"page","link":"https:\/\/www.top5credits.com\/de\/onlinekredit\/","title":{"rendered":"Onlinekredit"},"content":{"rendered":"\n<div class=\"wp-block-group first-section\"><div class=\"wp-block-group__inner-container is-layout-flow wp-block-group-is-layout-flow\">\n<h1 class=\"wp-block-heading\">G\u00fcnstiger Online Kredit<\/h1>\n\n\n\n<h3 class=\"wp-block-heading\">Folgende besondere positive Eigenschaften, Attribute und Besonderheiten pr\u00e4gen einen Onlinekredit:<\/h3>\n\n\n\n<ul class=\"wp-block-list\">\n<li>Die Zinskonditionen gegen\u00fcber station\u00e4ren Krediten sind meist viel vorteilhafter.<\/li>\n\n\n\n<li>Es ist meistens nur f\u00fcr deutsche Kreditnehmer gedacht.<\/li>\n\n\n\n<li>Meist ist ein Post-Ident-Verfahren erforderlich.<\/li>\n\n\n\n<li>Die Tilgungs- und Laufzeitmodalit\u00e4ten sind oftmals flexibler.<\/li>\n\n\n\n<li>Es erfolgt eine schnellere Zu- oder auch Absage.<\/li>\n\n\n\n<li>Ein transparenter Marktvergleich ist m\u00f6glich<\/li>\n\n\n\n<li>Bei der Kreditantragstellung wird die Anonymit\u00e4t gewahrt.<\/li>\n<\/ul>\n\n\n\n<\/div><\/div>\n\n\n\n\n\n\n<div class=\"top-results palkkio\">\n<span class=\"huomiomerkki\">!<\/span> Unsere Geb\u00fchr beeinflusst die Reihenfolge der Auflistung \u2013 weitere Informationen dazu <span class=\"plus-trigger\">+<\/span>\n<p>Top5Credits.com ist ein kostenloser Service, der n\u00fctzliche Informationen und Inhalte f\u00fcr seine Benutzer bereitstellt. Wir vergleichen und bewerten Kreditservices mit echter Erfahrung. Damit der Service f\u00fcr unsere Benutzer kostenlos bleibt, erhalten wir von unseren Partnern eine Verg\u00fctung f\u00fcr die an sie vermittelten Kunden. Die H\u00f6he der Verg\u00fctung beeinflusst die Reihenfolge der Auflistung.<\/p>\n<\/div>\n\n\n\n<h2 class=\"wp-block-heading\">Wichtige Hinweise zum Antragsprozess<\/h2>\n\n\n\n<h3 class=\"wp-block-heading\">Verifizierung bei der Post<\/h3>\n\n\n\n<p>Zur Verifizierung, also zur Best\u00e4tigung Ihrer Identit\u00e4t, ist es m\u00f6glich das Post-Ident-Verfahren nutzen. Gehen Sie dazu einfach zur Ihrer n\u00e4chsten Postfiliale. Der zust\u00e4ndige Mitarbeiter vor Ort \u00fcberpr\u00fcft dann Ihr Kreditdokument, den darin enthaltenen Post-Ident-Coupon und Ihren g\u00fcltigen Lichtbildausweis. Die Best\u00e4tigung an die kreditgebende Bank wird dann umgehend versendet.<\/p>\n\n\n\n<h3 class=\"wp-block-heading\">Best\u00e4tigen Sie die Identit\u00e4t per Videoanruf<\/h3>\n\n\n\n<p>Dar\u00fcber hinaus bieten viele unserer Banken und Partner die M\u00f6glichkeit, sich per Video-Identifikationsverfahren schneller auszuweisen. Dies erfordert eine Webcam und eine stabile Internetverbindung, um Videoanrufe zu t\u00e4tigen. Ein Mitarbeiter des jeweiligen Videoerkennungsanbieters wird dann Ihre Identit\u00e4t pr\u00fcfen, indem Sie Ihren g\u00fcltigen Personalausweis oder Reisepass vor die Kamera richtet, sodass der Mitarbeiter diesen sehen kann. Auch hier erh\u00e4lt die Bank dann umgehend eine Best\u00e4tigung.<\/p>\n\n\n\n<h3 class=\"wp-block-heading\">Dokumente online hochladen<\/h3>\n\n\n\n<p>\u00dcber unseren digitalen Antragsprozess ist es m\u00f6glich die erforderlichen Unterlagen f\u00fcr den Kredit einfach online hochzuladen. Dieser Dokumenten-Upload wird angeboten, um die Kredite zuk\u00fcnftig noch schneller abwickeln und auszahlen zu k\u00f6nnen. Daf\u00fcr k\u00f6nnen Sie die Unterlagen einfach einscannen oder abfotografieren und als Datei hochladen.<\/p>\n\n\n\n<h3 class=\"wp-block-heading\">Qualifizierte elektronische Signatur (QES)<\/h3>\n\n\n\n<p>Zuk\u00fcnftig m\u00fcssen Sie, abh\u00e4ngig vom Kreditinstitut, den Vertrag nicht mehr mit einer handschriftlichen Unterschrift versehen. Das funktioniert ganz einfach und schnell: Ihnen wird eine TAN zugesendet, welche im vorgesehenen Bereich eingetragen werden muss, und somit Ihre rechtsg\u00fcltige Unterschrift ersetzt. Somit brauchen Sie weder Stift noch Papier und k\u00f6nne alles digital erledigen. Dieses Verfahren ist ebenso rechtssicher wie handsignierte Vertr\u00e4ge und es spart Zeit und Rohstoffe.<\/p>\n\n\n\n<h3 class=\"wp-block-heading\">Onlinekredit &#8211; Digital, schnell und sicher<\/h3>\n\n\n\n<p>Es ist Ihr gr\u00f6\u00dfter Wunsch eine neue Wohnungseinrichtung zu kaufen oder sich eine berufliche Auszeit zu g\u00f6nnen? Sie brauchen dringend Finanzmittel f\u00fcr die anfallenden Nebenkostennachzahlungen? Oder es steht eine gro\u00dfe Feier an? Erm\u00f6glichen Sie es sich Ihre W\u00fcnsche und Tr\u00e4ume zu erf\u00fcllen, mit unserem Commerzbank Onlinekredit.<\/p>\n\n\n\n<p>Ein Onlinekredit, zeigt Ihnen in Sekundenschnelle alle f\u00fcr Sie angepassten Raten und Konditionen an. Es besteht hier n\u00e4mlich die M\u00f6glichkeit, problemlos Kreditsumme und auch Laufzeit an Ihre pers\u00f6nliche Lage anzupassen. Von zu Hause aus k\u00f6nnen Sie dann einfach und schnell den Antrag im Internet ohne den belastenden Papierkram stellen.<\/p>\n\n\n\n<p>Innerhalb weniger Augenblicke teilt Ihnen die Bank mit, ob Ihre Bedingungen erf\u00fcllt sind. Wenn dies der Fall ist, k\u00f6nnen Sie den von Ihnen gew\u00e4hlten Geldbetrag in wenigen Werktagen ausgeben. Innerhalb weniger Augenblicke teilt Ihnen die Bank mit, ob Ihre Bedingungen erf\u00fcllt sind. Wenn dies der Fall ist, k\u00f6nnen Sie den von Ihnen gew\u00e4hlten Geldbetrag in wenigen Werktagen ausgeben.<\/p>\n\n\n\n<h2 class=\"wp-block-heading\">Welche Vorteile hat ein solcher Onlinekredit?<\/h2>\n\n\n\n<h3 class=\"wp-block-heading\">Kredite direkt online vergleichen &amp; abschlie\u00dfen<\/h3>\n\n\n\n<p>Sie erhalten als Kreditnehmer den Vorteil, online komplett kostenfrei und unverbindlich hunderte Darlehen miteinander vergleichen zu k\u00f6nnen. Im Anschluss k\u00f6nnen Sie, insofern Sie etwas Passendes gefunden haben, direkt Ihren Traumkredit online beantragen und ebenso volldigital abschlie\u00dfen.<\/p>\n\n\n\n<h3 class=\"wp-block-heading\">G\u00fcnstige &amp; tagesaktuelle Zinskonditionen<\/h3>\n\n\n\n<p>In der Regel sind die Kreditangebote Online im Vergleich zu den in Filialbanken angebotenen Kredite, besonders kosteng\u00fcnstig. Besonders die Zinsen werden t\u00e4glich an aktuell geltende Konditionen angepasst, was Ihnen ebenfalls beim Sparen hilft.<\/p>\n\n\n\n<h3 class=\"wp-block-heading\">Mehr Flexibilit\u00e4t bei der Kreditaufnahme<\/h3>\n\n\n\n<p>Ein Onlinekredit bietet Ihnen die gro\u00dfe Freiheit, egal wann und wo ein Darlehen zu beantragen. Das Portal ist von jedem elektronischen Ger\u00e4t, das auf das Internet zugreifen kann, rund um die Uhr verf\u00fcgbar.<\/p>\n\n\n\n<h2 class=\"wp-block-heading\">Alle Vorteile des Onlinekredits im \u00dcberblick<\/h2>\n\n\n\n<h3 class=\"wp-block-heading\">Onlinekredite haben das beste Gesamtpaket auf dem gesamten Markt.<\/h3>\n\n\n\n<ul class=\"wp-block-list\">\n<li>Die Kreditsumme sowie die Darlehensh\u00f6he sind frei w\u00e4hlbar, je nach Ihren individuellen Bed\u00fcrfnissen zwischen 1.500 \u20ac und 80.000 \u20ac<\/li>\n\n\n\n<li>Sie entscheiden selbst, wof\u00fcr Sie den Kredit verwenden \u2013 der Verwendungszweck ist frei<\/li>\n\n\n\n<li>Zahlen Sie ohne Probleme in kleinen Raten, mit einer Laufzeit von bis zu 120 Monaten, um eine geringe monatliche Belastung anzustreben<\/li>\n<\/ul>\n\n\n\n<h3 class=\"wp-block-heading\">Erhalten Sie die optimale Sicherheit in Finanzfragen<\/h3>\n\n\n\n<ul class=\"wp-block-list\">\n<li>Sie erhalten das beste auf dem Markt verf\u00fcgbare Gesamtpaket, mit der l\u00e4ngsten Laufzeit, hoher Darlehenssumme und den niedrigsten Zinsen<\/li>\n\n\n\n<li>Die Zinsstabilit\u00e4t ist bereits ab 1,99 % p.a.1 durch BNP Paribas gesichert<\/li>\n\n\n\n<li>Ihre Ratenzahlungen werden mithilfe unseres Sorglos-Paket2 sichergestellt, zum Beispiel im Falle einer unverschuldeten Arbeitslosigkeit<\/li>\n<\/ul>\n\n\n\n<h3 class=\"wp-block-heading\">Sie bekommen einen Top-Service f\u00fcr eine schnelle Abwicklung<\/h3>\n\n\n\n<ul class=\"wp-block-list\">\n<li>Stellen Sie kinderleicht einen Kreditantrag sicher und digital mit nur drei Schritten<\/li>\n\n\n\n<li>Erhalten Sie die schnellstm\u00f6glichen Auszahlungen auf Ihr Referenzkonto<\/li>\n\n\n\n<li>Es gibt jederzeit die M\u00f6glichkeit einer Aufstockung Ihres Kredits oder einer Sondertilgung<\/li>\n<\/ul>\n\n\n\n<h2 class=\"wp-block-heading\">W\u00e4hlen Sie Ihren Kredit aus<\/h2>\n\n\n\n<p>Das beste beim Abschluss eines Online-Kredits ist die Sofortzusage. Sie m\u00fcssen also nicht lange bangen, sondern k\u00f6nne direkt erfahren welche Institute Ihnen ein Angebot machen werden und unter welchen Konditionen. Nun haben Sie alle Zeit der Welt, um die Angebote einzusehen und sich f\u00fcr das beste zu entscheiden. Dabei spielt der Zinssatz nat\u00fcrlich eine sehr wichtige Rolle, je niedriger desto niedriger auch die Gesamtkosten f\u00fcr Sie.<\/p>\n\n\n\n<p>Im folgenden Abschnitt erfahren Sie in welchem Ausma\u00df sich der Jahreszins auf den Ratenkredit auswirken kann.<\/p>\n\n\n\n<h3 class=\"wp-block-heading\">Der Betrag wird in wenigen Tagen ausgezahlt<\/h3>\n\n\n\n<p>Wenn Ihr Kreditantrag beim jeweiligen Kreditinstitut eingegangen ist, wird eine Pr\u00fcfung durchgef\u00fchrt. Da Sie das Angebot ja bereits erhalten haben, muss nun nur noch \u00fcberpr\u00fcft werden, ob all Ihre Daten aus den Unterlagen mit den Informationen, welche Sie im Kreditrechner angegeben haben, \u00fcbereinstimmen. Sie bekommen von Top5Credits f\u00fcr den gesamten Prozess einen Kreditberater zugeteilt, welcher Sie rund um die Uhr auf dem Laufenden h\u00e4lt und Sie informiert falls noch weitere Unterlagen und Daten ben\u00f6tigt werden. Im Normalfall betr\u00e4gt der Zeitraum bis zur Auszahlung des Betrages nur wenige Werktage. Sie sparen also enorm viel Zeit im Vergleich zu einem Abschluss in einer lokalen Bankfiliale. Dort sind, vor allem bei hohen Kreditsummen, mehrere Wochen Bearbeitungszeit durchaus \u00fcblich.<\/p>\n\n\n\n<p>Online-Kredit mit Sofortauszahlung: Schlie\u00dfen Sie Ihren Kredit vollst\u00e4ndig Online ab<br>Wenn Sie sich einen Kredit ausgew\u00e4hlt haben, den man komplett digital abschlie\u00dfen kann, m\u00fcssen Sie auch nicht mehrere Tage auf Ihr Geld warten. Je mehr Sie bereits Online erledigen k\u00f6nnen, umso schneller ist eine Auszahlung m\u00f6glich. Hierbei zahlen einige Banken das Geld in der Regel schon innerhalb des gleichen Werktages aus, insofern der Abschluss des Kredits innerhalb der Bankarbeitszeiten stattgefunden hat.<\/p>\n\n\n\n<h3 class=\"wp-block-heading\">Welche Voraussetzungen gibt es, um einen Onlinekredit zu erhalten?<\/h3>\n\n\n\n<p>Die Voraussetzungen zum Abschluss eines Kredites sind grunds\u00e4tzlich sowohl Online als auch in einer Bankfiliale f\u00fcr gew\u00f6hnlich gleich. Sie m\u00fcssen \u00fcber 18 Jahre alt sein, in Deutschland wohnen und ebenso ein deutsches Konto besitzen und \u00fcber eine akzeptable Kreditw\u00fcrdigkeit verf\u00fcgen. Die jeweilige Bank wird dann vor der Vergabe des Kredits Ihre Bonit\u00e4t \u00fcberpr\u00fcfen. Dabei variieren die Richtlinien aber. Das ist auch der Grund daf\u00fcr, dass gewisse Banken Ihnen Angebote machen k\u00f6nnen, andere wiederum nicht.<\/p>\n\n\n\n<p>Normalerweise lehnen die Bankfilialen sogar jede zweite Anfrage ab. Top5Credits hingegen erm\u00f6glicht Ihnen eine deutlich H\u00f6here Chance einen Kredit zu erhalten, da Ihre Anfrage bei circa 60 Banken eingereicht wird. Und da es bei diesen Anfragen meist auch noch mehrere verschiedene Angebote zum Ausw\u00e4hlen gibt, k\u00f6nnen wir auch noch das beste Zinsangebot f\u00fcr Sie ausfindig machen.<\/p>\n\n\n\n<h3 class=\"wp-block-heading\">Wir garantieren eine Schufa-neutrale Kreditanfrage<\/h3>\n\n\n\n<p>Unsere Partnerbanken machen f\u00fcr jeden potenziellen Kreditnehmer eine Abfrage bei der Schufa, damit wir Ihnen ein individuelles Kreditangebot anbieten k\u00f6nnen. Das hat f\u00fcr Sie aber keinerlei Nachteile. Jedes unserer Partnerkreditinstitute nutzt sogenannte Anfrage Kreditkonditionen. Die Anfrage kann nun 12 Monate bei der SCHUFA gespeichert werden, ist aber weder f\u00fcr andere Banken noch f\u00fcr andere Au\u00dfenstehende einsehbar. Unser Versprechen an Sie: Die Kreditanfrage ist zu 100 % Schufa-neutral und hat auch keinen Einfluss auf den pers\u00f6nlichen Schufa-Score.<\/p>\n","protected":false},"excerpt":{"rendered":"<p>G\u00fcnstiger Online Kredit Folgende besondere positive Eigenschaften, Attribute und Besonderheiten pr\u00e4gen einen Onlinekredit: ! Unsere Geb\u00fchr beeinflusst die Reihenfolge der Auflistung \u2013 weitere Informationen dazu<\/p>\n<p class=\"more-link\"><span class=\"screen-reader-text\">Onlinekredit<\/span> weiterlesen<\/p>\n","protected":false},"author":22,"featured_media":0,"parent":0,"menu_order":0,"comment_status":"closed","ping_status":"closed","template":"page-results.php","meta":{"footnotes":""},"class_list":["post-1167","page","type-page","status-publish","hentry","entry"],"yoast_head":"<!-- This site is optimized with the Yoast SEO plugin v27.3 - https:\/\/yoast.com\/product\/yoast-seo-wordpress\/ -->\n<title>Onlinekredit - Sicher, schnell, &amp; g\u00fcnstig<\/title>\n<meta name=\"description\" content=\"Ein Onlinekredit ist nichts anderes als ein einfacher Ratenkredit, der online beantragt wird. Diesen Konsumentenkredit bezahlen Sie in gleichbleibenden Monatsraten w\u00e4hrend der vereinbarten Laufzeit an die kreditgebende Bank zur\u00fcck.\" \/>\n<meta name=\"robots\" content=\"index, follow, max-snippet:-1, max-image-preview:large, max-video-preview:-1\" \/>\n<link rel=\"canonical\" href=\"https:\/\/www.top5credits.com\/de\/onlinekredit\/\" \/>\n<meta property=\"og:locale\" content=\"de_DE\" \/>\n<meta property=\"og:type\" content=\"article\" \/>\n<meta property=\"og:title\" content=\"Onlinekredit - Sicher, schnell, &amp; g\u00fcnstig\" \/>\n<meta property=\"og:description\" content=\"Ein Onlinekredit ist nichts anderes als ein einfacher Ratenkredit, der online beantragt wird. Diesen Konsumentenkredit bezahlen Sie in gleichbleibenden Monatsraten w\u00e4hrend der vereinbarten Laufzeit an die kreditgebende Bank zur\u00fcck.\" \/>\n<meta property=\"og:url\" content=\"https:\/\/www.top5credits.com\/de\/onlinekredit\/\" \/>\n<meta property=\"og:site_name\" content=\"Top5Credits.com Deutschland\" \/>\n<meta property=\"article:modified_time\" content=\"2026-02-03T13:50:51+00:00\" \/>\n<meta property=\"og:image\" content=\"https:\/\/cdn.top5credits.com\/de\/wp-content\/uploads\/sites\/6\/2023\/11\/top5credits-com-ogimage.png?cdn=1.1.6\" \/>\n\t<meta property=\"og:image:width\" content=\"1200\" \/>\n\t<meta property=\"og:image:height\" content=\"630\" \/>\n\t<meta property=\"og:image:type\" content=\"image\/png\" \/>\n<meta name=\"twitter:card\" content=\"summary_large_image\" \/>\n<script type=\"application\/ld+json\" class=\"yoast-schema-graph\">{\"@context\":\"https:\\\/\\\/schema.org\",\"@graph\":[{\"@type\":\"WebPage\",\"@id\":\"https:\\\/\\\/www.top5credits.com\\\/de\\\/onlinekredit\\\/\",\"url\":\"https:\\\/\\\/www.top5credits.com\\\/de\\\/onlinekredit\\\/\",\"name\":\"Onlinekredit - Sicher, schnell, & g\u00fcnstig\",\"isPartOf\":{\"@id\":\"https:\\\/\\\/www.top5credits.com\\\/de\\\/#website\"},\"datePublished\":\"2022-08-01T08:42:41+00:00\",\"dateModified\":\"2026-02-03T13:50:51+00:00\",\"description\":\"Ein Onlinekredit ist nichts anderes als ein einfacher Ratenkredit, der online beantragt wird. Diesen Konsumentenkredit bezahlen Sie in gleichbleibenden Monatsraten w\u00e4hrend der vereinbarten Laufzeit an die kreditgebende Bank zur\u00fcck.\",\"breadcrumb\":{\"@id\":\"https:\\\/\\\/www.top5credits.com\\\/de\\\/onlinekredit\\\/#breadcrumb\"},\"inLanguage\":\"de\",\"potentialAction\":[{\"@type\":\"ReadAction\",\"target\":[\"https:\\\/\\\/www.top5credits.com\\\/de\\\/onlinekredit\\\/\"]}]},{\"@type\":\"BreadcrumbList\",\"@id\":\"https:\\\/\\\/www.top5credits.com\\\/de\\\/onlinekredit\\\/#breadcrumb\",\"itemListElement\":[{\"@type\":\"ListItem\",\"position\":1,\"name\":\"Top5Credits.com\",\"item\":\"https:\\\/\\\/www.top5credits.com\\\/de\\\/\"},{\"@type\":\"ListItem\",\"position\":2,\"name\":\"Onlinekredit\"}]},{\"@type\":\"WebSite\",\"@id\":\"https:\\\/\\\/www.top5credits.com\\\/de\\\/#website\",\"url\":\"https:\\\/\\\/www.top5credits.com\\\/de\\\/\",\"name\":\"Top5Credits.com Deutschland\",\"description\":\"\",\"publisher\":{\"@id\":\"https:\\\/\\\/www.top5credits.com\\\/de\\\/#organization\"},\"potentialAction\":[{\"@type\":\"SearchAction\",\"target\":{\"@type\":\"EntryPoint\",\"urlTemplate\":\"https:\\\/\\\/www.top5credits.com\\\/de\\\/?s={search_term_string}\"},\"query-input\":{\"@type\":\"PropertyValueSpecification\",\"valueRequired\":true,\"valueName\":\"search_term_string\"}}],\"inLanguage\":\"de\"},{\"@type\":\"Organization\",\"@id\":\"https:\\\/\\\/www.top5credits.com\\\/de\\\/#organization\",\"name\":\"Top5Credits.com\",\"url\":\"https:\\\/\\\/www.top5credits.com\\\/de\\\/\",\"logo\":{\"@type\":\"ImageObject\",\"inLanguage\":\"de\",\"@id\":\"https:\\\/\\\/www.top5credits.com\\\/de\\\/#\\\/schema\\\/logo\\\/image\\\/\",\"url\":\"https:\\\/\\\/cdn.top5credits.com\\\/de\\\/wp-content\\\/uploads\\\/sites\\\/6\\\/2023\\\/10\\\/t5c-favicon.png\",\"contentUrl\":\"https:\\\/\\\/cdn.top5credits.com\\\/de\\\/wp-content\\\/uploads\\\/sites\\\/6\\\/2023\\\/10\\\/t5c-favicon.png\",\"width\":512,\"height\":512,\"caption\":\"Top5Credits.com\"},\"image\":{\"@id\":\"https:\\\/\\\/www.top5credits.com\\\/de\\\/#\\\/schema\\\/logo\\\/image\\\/\"}}]}<\/script>\n<!-- \/ Yoast SEO plugin. -->","yoast_head_json":{"title":"Onlinekredit - Sicher, schnell, & g\u00fcnstig","description":"Ein Onlinekredit ist nichts anderes als ein einfacher Ratenkredit, der online beantragt wird. Diesen Konsumentenkredit bezahlen Sie in gleichbleibenden Monatsraten w\u00e4hrend der vereinbarten Laufzeit an die kreditgebende Bank zur\u00fcck.","robots":{"index":"index","follow":"follow","max-snippet":"max-snippet:-1","max-image-preview":"max-image-preview:large","max-video-preview":"max-video-preview:-1"},"canonical":"https:\/\/www.top5credits.com\/de\/onlinekredit\/","og_locale":"de_DE","og_type":"article","og_title":"Onlinekredit - Sicher, schnell, & g\u00fcnstig","og_description":"Ein Onlinekredit ist nichts anderes als ein einfacher Ratenkredit, der online beantragt wird. Diesen Konsumentenkredit bezahlen Sie in gleichbleibenden Monatsraten w\u00e4hrend der vereinbarten Laufzeit an die kreditgebende Bank zur\u00fcck.","og_url":"https:\/\/www.top5credits.com\/de\/onlinekredit\/","og_site_name":"Top5Credits.com Deutschland","article_modified_time":"2026-02-03T13:50:51+00:00","og_image":[{"width":1200,"height":630,"url":"https:\/\/cdn.top5credits.com\/de\/wp-content\/uploads\/sites\/6\/2023\/11\/top5credits-com-ogimage.png?cdn=1.1.6","type":"image\/png"}],"twitter_card":"summary_large_image","schema":{"@context":"https:\/\/schema.org","@graph":[{"@type":"WebPage","@id":"https:\/\/www.top5credits.com\/de\/onlinekredit\/","url":"https:\/\/www.top5credits.com\/de\/onlinekredit\/","name":"Onlinekredit - Sicher, schnell, & g\u00fcnstig","isPartOf":{"@id":"https:\/\/www.top5credits.com\/de\/#website"},"datePublished":"2022-08-01T08:42:41+00:00","dateModified":"2026-02-03T13:50:51+00:00","description":"Ein Onlinekredit ist nichts anderes als ein einfacher Ratenkredit, der online beantragt wird. Diesen Konsumentenkredit bezahlen Sie in gleichbleibenden Monatsraten w\u00e4hrend der vereinbarten Laufzeit an die kreditgebende Bank zur\u00fcck.","breadcrumb":{"@id":"https:\/\/www.top5credits.com\/de\/onlinekredit\/#breadcrumb"},"inLanguage":"de","potentialAction":[{"@type":"ReadAction","target":["https:\/\/www.top5credits.com\/de\/onlinekredit\/"]}]},{"@type":"BreadcrumbList","@id":"https:\/\/www.top5credits.com\/de\/onlinekredit\/#breadcrumb","itemListElement":[{"@type":"ListItem","position":1,"name":"Top5Credits.com","item":"https:\/\/www.top5credits.com\/de\/"},{"@type":"ListItem","position":2,"name":"Onlinekredit"}]},{"@type":"WebSite","@id":"https:\/\/www.top5credits.com\/de\/#website","url":"https:\/\/www.top5credits.com\/de\/","name":"Top5Credits.com Deutschland","description":"","publisher":{"@id":"https:\/\/www.top5credits.com\/de\/#organization"},"potentialAction":[{"@type":"SearchAction","target":{"@type":"EntryPoint","urlTemplate":"https:\/\/www.top5credits.com\/de\/?s={search_term_string}"},"query-input":{"@type":"PropertyValueSpecification","valueRequired":true,"valueName":"search_term_string"}}],"inLanguage":"de"},{"@type":"Organization","@id":"https:\/\/www.top5credits.com\/de\/#organization","name":"Top5Credits.com","url":"https:\/\/www.top5credits.com\/de\/","logo":{"@type":"ImageObject","inLanguage":"de","@id":"https:\/\/www.top5credits.com\/de\/#\/schema\/logo\/image\/","url":"https:\/\/cdn.top5credits.com\/de\/wp-content\/uploads\/sites\/6\/2023\/10\/t5c-favicon.png","contentUrl":"https:\/\/cdn.top5credits.com\/de\/wp-content\/uploads\/sites\/6\/2023\/10\/t5c-favicon.png","width":512,"height":512,"caption":"Top5Credits.com"},"image":{"@id":"https:\/\/www.top5credits.com\/de\/#\/schema\/logo\/image\/"}}]}},"_links":{"self":[{"href":"https:\/\/www.top5credits.com\/de\/wp-json\/wp\/v2\/pages\/1167","targetHints":{"allow":["GET"]}}],"collection":[{"href":"https:\/\/www.top5credits.com\/de\/wp-json\/wp\/v2\/pages"}],"about":[{"href":"https:\/\/www.top5credits.com\/de\/wp-json\/wp\/v2\/types\/page"}],"author":[{"embeddable":true,"href":"https:\/\/www.top5credits.com\/de\/wp-json\/wp\/v2\/users\/22"}],"replies":[{"embeddable":true,"href":"https:\/\/www.top5credits.com\/de\/wp-json\/wp\/v2\/comments?post=1167"}],"version-history":[{"count":1,"href":"https:\/\/www.top5credits.com\/de\/wp-json\/wp\/v2\/pages\/1167\/revisions"}],"predecessor-version":[{"id":8182,"href":"https:\/\/www.top5credits.com\/de\/wp-json\/wp\/v2\/pages\/1167\/revisions\/8182"}],"wp:attachment":[{"href":"https:\/\/www.top5credits.com\/de\/wp-json\/wp\/v2\/media?parent=1167"}],"curies":[{"name":"wp","href":"https:\/\/api.w.org\/{rel}","templated":true}]}}