{"id":1168,"date":"2022-08-01T10:42:45","date_gmt":"2022-08-01T08:42:45","guid":{"rendered":"https:\/\/www.top5credits.com\/de\/?page_id=1168"},"modified":"2022-10-20T11:38:23","modified_gmt":"2022-10-20T09:38:23","slug":"turbokredit","status":"publish","type":"page","link":"https:\/\/www.top5credits.com\/de\/turbokredit\/","title":{"rendered":"Turbokredit"},"content":{"rendered":"\n<div class=\"wp-block-group first-section\"><div class=\"wp-block-group__inner-container is-layout-flow wp-block-group-is-layout-flow\">\n<h1 class=\"wp-block-heading\">Turbokredit<\/h1>\n\n\n\n<h2 class=\"wp-block-heading\">Beim Turbokredit erfolgt die Auszahlung noch am selben Tag<\/h2>\n\n\n\n<p><strong>Es gibt Gr\u00fcnde f\u00fcr Kredite, die einfach keinen Aufschub erlauben:<\/strong> ein kaputtes Auto in der Werkstatt, das dringend gebraucht wird, um zur Arbeit zu kommen. Auch ein Dispokredit, der ans Limit kommt, ist ein solcher Grund. Exakt daf\u00fcr haben Top5Credits exklusiv mit der bank den<strong> Turbokredit<\/strong> entwickelt. Sie ben\u00f6tigen lediglich sieben Minuten, um von der Kreditanfrage bis zum verbindlichen Abschluss alle Schritte zu durchlaufen. Und falls das w\u00e4hrend der Bankarbeitszeiten geschieht, erhalten Sie Ihr Geld noch an diesem Tag ausbezahlt.<br><br>Hier zeigen wir Ihnen, wie Sie diesen Turbokredit beantragen k\u00f6nnen.<\/p>\n\n\n\n<\/div><\/div>\n\n\n\n\n\n\n<div class=\"top-results palkkio\">\n<span class=\"huomiomerkki\">!<\/span> Unsere Geb\u00fchr beeinflusst die Reihenfolge der Auflistung \u2013 weitere Informationen dazu <span class=\"plus-trigger\">+<\/span>\n<p>Top5Credits.com ist ein kostenloser Service, der n\u00fctzliche Informationen und Inhalte f\u00fcr seine Benutzer bereitstellt. Wir vergleichen und bewerten Kreditservices mit echter Erfahrung. Damit der Service f\u00fcr unsere Benutzer kostenlos bleibt, erhalten wir von unseren Partnern eine Verg\u00fctung f\u00fcr die an sie vermittelten Kunden. Die H\u00f6he der Verg\u00fctung beeinflusst die Reihenfolge der Auflistung.<\/p>\n<\/div>\n\n\n\n<h3 class=\"wp-block-heading\">Ab 0,0 % Zinsen \u2013 das ist der Turbokredit<\/h3>\n\n\n\n<p>Es gibt die M\u00f6glichkeit, einen Turbo kredit mit Kreditbetr\u00e4gen von 1.000 Euro bis zu 35.000 Euro zu beantragen. Dabei werden Laufzeiten zwischen 12 Monaten und 84 Monaten angeboten. Weiterhin sind kostenfreie Sondertilgungen zus\u00e4tzlich zu den Monatsraten jederzeit m\u00f6glich. Dabei entscheiden Sie, mit welcher Geschwindigkeit Sie das Darlehen tilgen.<\/p>\n\n\n\n<h3 class=\"wp-block-heading\">Das sind die Voraussetzungen f\u00fcr einen Turbo-Ratenkredit<\/h3>\n\n\n\n<p>Die bank vergibt den Turbokredit mit einem Zinssatz, der von der Kreditw\u00fcrdigkeit des Darlehensnehmers abh\u00e4ngt. Das Einkommen des Kreditnehmers ist dabei die einzige Absicherung. Sobald dieser ein regelm\u00e4\u00dfiges Einkommen aus einem im besten Fall unbefristeten Arbeitsverh\u00e4ltnis nachweisen kann und eine angemessene Kreditw\u00fcrdigkeit hat (Schufa-Auskunft) stellt die Kreditvergabe kein Problem mehr dar. Der Antragsteller muss neben einem Wohnsitz in Deutschland als weitere Voraussetzung die Vollj\u00e4hrigkeit erreicht haben.<\/p>\n\n\n\n<p>Der Turbokredit wird in gleichbleibenden Monatsraten innerhalb der vereinbarten Laufzeit zur\u00fcckzahlt. Der zu Beginn der Laufzeit festgesetzte Zinssatz bleibt die ganze Zeit \u00fcber gleich.<\/p>\n\n\n\n<h2 class=\"wp-block-heading\">Der Top5Credits Turbokredit<\/h2>\n\n\n\n<p>Das Heidelberger Unternehmen Top5Credits ist f\u00fcr seine online Vergleiche in den verschiedensten Sektoren bekannt. Von Handy- oder Stromtarifen \u00fcber Versicherungen und sogar Kreditkarten und Kredite werden hier getestet und verglichen.<\/p>\n\n\n\n<p>Der Top5Credits Turbokredit hilft den Kunden, Zeit zu sparen und optimiert die Ergebnisse der Vergleiche. Mit der Beantragung des Turbokredits werden neben der M\u00f6glichkeit auf diesen einen auch Ihre Chancen gepr\u00fcft, andere Produkte aus dem Top5Credits Kreditsortiment zu bekommen. Dies erm\u00f6glicht die Nutzung des Darlehens f\u00fcr alle m\u00f6glichen Zwecke: Ein Fahrzeug, eine neue K\u00fcche oder auch Umschuldungen und viele weitere Zwecke sind m\u00f6glich.<\/p>\n\n\n\n<p>Sogar Selbstst\u00e4ndige und Freiberufler k\u00f6nnen von einen Top5CreditsDarlehen profitieren. Durch seine enorme Vielseitigkeit und Attraktivit\u00e4t eroberte er bei unserem Darlehenstest in verschiedenen Disziplinen das Siegertreppchen.<\/p>\n\n\n\n<h2 class=\"wp-block-heading\">Die Zinsen<\/h2>\n\n\n\n<p>Obwohl die meisten Kunden bei einem Darlehen zuallererst auf die Zinsen schauen, k\u00f6nnen Sie sich das beim Top5Credits Turbokredit sparen. Warum das so ist, erkl\u00e4ren wir weiter unten. Der gebundene Sollzins kann von 0,00 Prozent pro Jahr bis zu 14,81 Prozent pro Jahr reichen. Bei Top5Credits liegt der effektive Jahreszins ebenfalls zwischen 0,00 Prozent pro Jahr bis zu 14,81 Prozent pro Jahr.<\/p>\n\n\n\n<p>Der sogenannte Zweidrittelzins ist etwas aussagekr\u00e4ftiger als die Zinsspannen, da er angibt, welches der maximale Zinssatz ist, den mindestens zwei Drittel der Kunden bezahlen m\u00fcssen.<br>Wir zeigen am folgenden Beispiel, wie der Paragraf 6a Abs. 4 der Preisangabenverordnung (PangV) in der Praxis angewendet wird. Beim Top5Credits Turbokredit liest sich das folgenderma\u00dfen:<\/p>\n\n\n\n<h2 class=\"wp-block-heading\">Kleine Summen f\u00fcr 0,0 Prozent Zinsen leihen<\/h2>\n\n\n\n<p>Um einen au\u00dfergew\u00f6hnlichen Turbokredit anzubieten, kooperieren das Vergleichsportal Top5Credits und die bank miteinander. Es handelt sich um Kreditbetr\u00e4ge zwischen 1.000 Euro und 35.000 Euro mit einer Laufzeit von 12 bis zu 84 Monaten.<br>Sollten Sie sich f\u00fcr das kleinstm\u00f6gliche Darlehen von 1.000 Euro entscheiden, erhalten Sie einen effektiven Jahreszins von 0,00 Prozent. Dadurch bezahlen Sie exakt die Summe zur\u00fcck, die Sie sich geliehen haben \u2013 keinen Cent mehr!<\/p>\n\n\n\n<p>Bei gr\u00f6\u00dferen Darlehenssummen beginnt die Verzinsung bei g\u00fcnstigen 0,68 Prozent. Falls Sie sich zum Beispiel 20.000 Euro leihen und den Kredit \u00fcber die l\u00e4ngste Laufzeit von 84 Monaten tilgen, k\u00f6nnen Sie eine monatliche Rate von 243,86 Euro erhalten.<\/p>\n\n\n\n<h3 class=\"wp-block-heading\">So kommen Sie digital und mit dem Turbo zu Ihrem Kredit:<\/h3>\n\n\n\n<p>Der Turbo bezieht sich nicht nur auf die niedrigsten Zinsen, sondern auch noch auf die extrem schnelle und wunderbar einfache Beantragung der Darlehen. Neben der Legitimation wird auch der Antrag komplett digital abgewickelt. Dadurch profitieren Sie von den Vorteilen, weder die Dokumente zusammensuchen zu m\u00fcssen, noch die Identifikation in der Postfiliale au\u00dfer Haus durchf\u00fchren zu m\u00fcssen. Falls Sie Ihren Antrag online w\u00e4hrend der Bank\u00f6ffnungszeiten einreichen, erhalten Sie Ihr Geld noch am gleichen Tag ausbezahlt.<\/p>\n\n\n\n<h3 class=\"wp-block-heading\">F\u00fcr die schnelle Kreditentscheidung gen\u00fcgt ein kurzer Blick auf das Konto<\/h3>\n\n\n\n<p>Sie gew\u00e4hren der bank einmalig und kurzfristig Einblick auf Ihr Gehaltskonto, um Ihre Kreditw\u00fcrdigkeit festzustellen. Dann errechnet die Bank anhand Ihrer finanziellen Situation, ob der Turbokredit genehmigt werden kann.<br>Die Vorteile gegen\u00fcber dem klassischen Verfahren sind vielf\u00e4ltig. Vor allem sparen Sie in einer angespannten finanziellen Situation eine Menge Zeit, die Sie fr\u00fcher f\u00fcr die Suche der Kontoausz\u00fcge ben\u00f6tigen. Dann mussten diese noch kopiert oder gescannt und per Mail versandt werden. Das alles kostete Zeit, die Sie ja eigentlich nicht haben, wir reden ja hier von einem Turbokredit.<\/p>\n\n\n\n<h3 class=\"wp-block-heading\">Der Darlehensantrag wird digital unterschrieben<\/h3>\n\n\n\n<p>Sie haben die Anfrage gestellt und bekommen im Erfolgsfall umgehend eine E-Mail mit den Vertragskonditionen und s\u00e4mtlichen Details. F\u00fcr den erfolgreichen Abschluss des Kreditantrags k\u00f6nnen Sie sich nun per Videochat am PC, am Laptop oder sogar am Smartphone identifizieren und per elektronischer Signatur unterschreiben. Innerhalb weniger Minuten ist alles komplett auf digitalem Weg erledigt und verschickt. Daf\u00fcr ben\u00f6tigen Sie weder einen Ausdruck auf Papier noch den Versand eines unterschriebenen Vertrags per Post.<\/p>\n\n\n\n<h3 class=\"wp-block-heading\">Sie k\u00f6nnen den Turbokredit zu 100 % digital beantragen<\/h3>\n\n\n\n<p>Sie k\u00f6nnen den Turbokredit zum Top5Credits durchg\u00e4ngig digital beantragen und genehmigen lassen. Dazu nennen Sie Ihr Konto, auf das die komplette Darlehenssumme am Tag der Darlehenszusage ausbezahlt wird. Und Sie entscheiden, ob Sie Ihr Darlehen lieber pers\u00f6nlich oder online beantragen wollen. Sie k\u00f6nnen zwischen Darlehen mit Sondertilgung, Volltilgung oder sogar mit der Option auf Zahlungsaussetzung w\u00e4hlen, falls das notwendig sein sollte.<\/p>\n\n\n\n<h2 class=\"wp-block-heading\">Antrag auf die klassische Art oder per Onlinebanking<\/h2>\n\n\n\n<h3 class=\"wp-block-heading\">Den Turbokredit beantragen Sie mit den Antworten auf die folgenden Fragen:<\/h3>\n\n\n\n<ul class=\"wp-block-list\"><li>Name<\/li><li>Wohnsitz<\/li><li>Geburtsdatum<\/li><\/ul>\n\n\n\n<p>F\u00fcr den Fall, das Sie Onlinebanking nutzen, k\u00f6nnen Sie die Anfrage vollautomatisch ausf\u00fcllen lassen. Einfach bei der Hausbank im Bereich Onlinebanking einw\u00e4hlen und der Rest wird automatisch erledigt. Schneller und einfacher geht es nicht!<\/p>\n\n\n\n<h2 class=\"wp-block-heading\">Sicher, seri\u00f6s, vertrauensvoll<\/h2>\n\n\n\n<p>Selbstverst\u00e4ndlich sind Ihre pers\u00f6nlichen Daten bei uns in sicheren H\u00e4nden. Unz\u00e4hlige Kunden haben wir bereits mit h\u00f6chster Seriosit\u00e4t und vollstem gegenseitigen Vertrauen behandelt.<\/p>\n\n\n\n<p>Ein weiterer Vorteil, von dem Sie profitieren, ist der Umstand, dass ein Onlinevergleich als Konditionsabfragen und nicht als Kreditanfrage behandelt wird. Das bedeutet f\u00fcr Sie, dass Ihr Schufa-Score unber\u00fchrt davon bleibt. Diese Konditionsabfrage wird nicht der Schufa gemeldet. Egal, wie viele Konditionsabfragen f\u00fcr einen Turbokredit Sie auch stellen, Ihre Bonit\u00e4t wird davon nicht ber\u00fchrt.<\/p>\n\n\n\n<h2 class=\"wp-block-heading\">Identifizierung beim Top5Credits Turbo Kredit nur online<\/h2>\n\n\n\n<p>Um den Top5Credits Turbo kredit in m\u00f6glichst kurzer Zeit abzuwickeln, m\u00fcssen alle Schritte so schnell wie m\u00f6glich durchgef\u00fchrt werden. Dazu geh\u00f6rt auch, dass die gesetzlich vorgeschriebene Legitimation und die pers\u00f6nliche Identifikation online durchgef\u00fchrt werden m\u00fcssen. Mit dem Videoident Verfahren legitimieren sich die Kunden w\u00e4hrend eines kurzen Videotelefonats bei den Mitarbeitenden. Diese machen ein Foto vom Ausweis und vom entsprechenden Kunden.<\/p>\n\n\n\n<p>Neben diesem Verfahren gibt es auch noch das Postident Verfahren. Dazu muss der Verbraucher allerdings eine Postfiliale aufsuchen und sich dort bei einem Mitarbeiter per Ausweis identifizieren. Die Zeit, die hierf\u00fcr aufgewendet wird, ist f\u00fcr einen Turbokredit nicht sinnvoll, da es schlicht zu lange dauert. Deswegen gibt es diese Art der Identifikation beim Top5Credits Turbokredit nicht. Generell kann man diese Variante w\u00e4hlen, bekommt aber damit keinen Turbokredit.<\/p>\n\n\n\n<h2 class=\"wp-block-heading\">Vergleich des Turbokredits<\/h2>\n\n\n\n<p>Die bank bietet den Darlehensnehmern hervorragende Kreditkonditionen. Ein Kreditvergleich lohnt sich immer, um bares Geld zu sparen.<\/p>\n\n\n\n<p><strong>Unser Tipp:<\/strong> Machen Sie stets einen Vergleich von mehreren Darlehensangeboten, bevor Sie sich f\u00fcr einen Kreditanbieter entscheiden. Sie erhalten bei einem Vergleich von Krediten bei Top5Credits mit einer einzigen Konditionsanfrage bis zu 20 Kreditangebote von Kreditinstituten und Finanzdienstleistern. Aus diesen werden Sie bestimmt das g\u00fcnstigste Darlehen f\u00fcr Ihre Zwecke finden.<\/p>\n\n\n\n<p><strong>Unser Tipp:<\/strong><br>Ziehen Sie bei einem Kreditvergleich ausschlie\u00dflich die Angebote mit identischen Kreditsummen und Laufzeiten zurate, um tats\u00e4chlich den niedrigsten Zinssatz zu herauszufinden.<\/p>\n","protected":false},"excerpt":{"rendered":"<p>Turbokredit Beim Turbokredit erfolgt die Auszahlung noch am selben Tag Es gibt Gr\u00fcnde f\u00fcr Kredite, die einfach keinen Aufschub erlauben: ein kaputtes Auto in der<\/p>\n<p class=\"more-link\"><span class=\"screen-reader-text\">Turbokredit<\/span> weiterlesen<\/p>\n","protected":false},"author":22,"featured_media":0,"parent":0,"menu_order":0,"comment_status":"closed","ping_status":"closed","template":"page-results.php","meta":{"footnotes":""},"class_list":["post-1168","page","type-page","status-publish","hentry","entry"],"yoast_head":"<!-- This site is optimized with the Yoast SEO plugin v27.3 - https:\/\/yoast.com\/product\/yoast-seo-wordpress\/ -->\n<title>Mit dem Top5Credits Turbokredit g\u00fcnstige Zinsen sichern<\/title>\n<meta name=\"description\" content=\"Mit dem Top5Credits Turbokredit haben Sie einen schnellen und einfachen Kreditvergleich und profitieren von den Erfahrungen der anderen Kunden. Und Turbokredit bedeutet rasend schnell! Sie erhalten Ihr Geld noch am selben Tag ausbezahlt, wenn Sie Ihren Turbokredit w\u00e4hrend den Arbeitszeiten der Bank abschlie\u00dfen.\" \/>\n<meta name=\"robots\" content=\"index, follow, max-snippet:-1, max-image-preview:large, max-video-preview:-1\" \/>\n<link rel=\"canonical\" href=\"https:\/\/www.top5credits.com\/de\/turbokredit\/\" \/>\n<meta property=\"og:locale\" content=\"de_DE\" \/>\n<meta property=\"og:type\" content=\"article\" \/>\n<meta property=\"og:title\" content=\"Mit dem Top5Credits Turbokredit g\u00fcnstige Zinsen sichern\" \/>\n<meta property=\"og:description\" content=\"Mit dem Top5Credits Turbokredit haben Sie einen schnellen und einfachen Kreditvergleich und profitieren von den Erfahrungen der anderen Kunden. Und Turbokredit bedeutet rasend schnell! Sie erhalten Ihr Geld noch am selben Tag ausbezahlt, wenn Sie Ihren Turbokredit w\u00e4hrend den Arbeitszeiten der Bank abschlie\u00dfen.\" \/>\n<meta property=\"og:url\" content=\"https:\/\/www.top5credits.com\/de\/turbokredit\/\" \/>\n<meta property=\"og:site_name\" content=\"Top5Credits.com Deutschland\" \/>\n<meta property=\"article:modified_time\" content=\"2022-10-20T09:38:23+00:00\" \/>\n<meta property=\"og:image\" content=\"https:\/\/cdn.top5credits.com\/de\/wp-content\/uploads\/sites\/6\/2023\/11\/top5credits-com-ogimage.png?cdn=1.1.6\" \/>\n\t<meta property=\"og:image:width\" content=\"1200\" \/>\n\t<meta property=\"og:image:height\" content=\"630\" \/>\n\t<meta property=\"og:image:type\" content=\"image\/png\" \/>\n<meta name=\"twitter:card\" content=\"summary_large_image\" \/>\n<script type=\"application\/ld+json\" class=\"yoast-schema-graph\">{\"@context\":\"https:\\\/\\\/schema.org\",\"@graph\":[{\"@type\":\"WebPage\",\"@id\":\"https:\\\/\\\/www.top5credits.com\\\/de\\\/turbokredit\\\/\",\"url\":\"https:\\\/\\\/www.top5credits.com\\\/de\\\/turbokredit\\\/\",\"name\":\"Mit dem Top5Credits Turbokredit g\u00fcnstige Zinsen sichern\",\"isPartOf\":{\"@id\":\"https:\\\/\\\/www.top5credits.com\\\/de\\\/#website\"},\"datePublished\":\"2022-08-01T08:42:45+00:00\",\"dateModified\":\"2022-10-20T09:38:23+00:00\",\"description\":\"Mit dem Top5Credits Turbokredit haben Sie einen schnellen und einfachen Kreditvergleich und profitieren von den Erfahrungen der anderen Kunden. Und Turbokredit bedeutet rasend schnell! Sie erhalten Ihr Geld noch am selben Tag ausbezahlt, wenn Sie Ihren Turbokredit w\u00e4hrend den Arbeitszeiten der Bank abschlie\u00dfen.\",\"breadcrumb\":{\"@id\":\"https:\\\/\\\/www.top5credits.com\\\/de\\\/turbokredit\\\/#breadcrumb\"},\"inLanguage\":\"de\",\"potentialAction\":[{\"@type\":\"ReadAction\",\"target\":[\"https:\\\/\\\/www.top5credits.com\\\/de\\\/turbokredit\\\/\"]}]},{\"@type\":\"BreadcrumbList\",\"@id\":\"https:\\\/\\\/www.top5credits.com\\\/de\\\/turbokredit\\\/#breadcrumb\",\"itemListElement\":[{\"@type\":\"ListItem\",\"position\":1,\"name\":\"Top5Credits.com\",\"item\":\"https:\\\/\\\/www.top5credits.com\\\/de\\\/\"},{\"@type\":\"ListItem\",\"position\":2,\"name\":\"Turbokredit\"}]},{\"@type\":\"WebSite\",\"@id\":\"https:\\\/\\\/www.top5credits.com\\\/de\\\/#website\",\"url\":\"https:\\\/\\\/www.top5credits.com\\\/de\\\/\",\"name\":\"Top5Credits.com Deutschland\",\"description\":\"\",\"publisher\":{\"@id\":\"https:\\\/\\\/www.top5credits.com\\\/de\\\/#organization\"},\"potentialAction\":[{\"@type\":\"SearchAction\",\"target\":{\"@type\":\"EntryPoint\",\"urlTemplate\":\"https:\\\/\\\/www.top5credits.com\\\/de\\\/?s={search_term_string}\"},\"query-input\":{\"@type\":\"PropertyValueSpecification\",\"valueRequired\":true,\"valueName\":\"search_term_string\"}}],\"inLanguage\":\"de\"},{\"@type\":\"Organization\",\"@id\":\"https:\\\/\\\/www.top5credits.com\\\/de\\\/#organization\",\"name\":\"Top5Credits.com\",\"url\":\"https:\\\/\\\/www.top5credits.com\\\/de\\\/\",\"logo\":{\"@type\":\"ImageObject\",\"inLanguage\":\"de\",\"@id\":\"https:\\\/\\\/www.top5credits.com\\\/de\\\/#\\\/schema\\\/logo\\\/image\\\/\",\"url\":\"https:\\\/\\\/cdn.top5credits.com\\\/de\\\/wp-content\\\/uploads\\\/sites\\\/6\\\/2023\\\/10\\\/t5c-favicon.png\",\"contentUrl\":\"https:\\\/\\\/cdn.top5credits.com\\\/de\\\/wp-content\\\/uploads\\\/sites\\\/6\\\/2023\\\/10\\\/t5c-favicon.png\",\"width\":512,\"height\":512,\"caption\":\"Top5Credits.com\"},\"image\":{\"@id\":\"https:\\\/\\\/www.top5credits.com\\\/de\\\/#\\\/schema\\\/logo\\\/image\\\/\"}}]}<\/script>\n<!-- \/ Yoast SEO plugin. -->","yoast_head_json":{"title":"Mit dem Top5Credits Turbokredit g\u00fcnstige Zinsen sichern","description":"Mit dem Top5Credits Turbokredit haben Sie einen schnellen und einfachen Kreditvergleich und profitieren von den Erfahrungen der anderen Kunden. Und Turbokredit bedeutet rasend schnell! Sie erhalten Ihr Geld noch am selben Tag ausbezahlt, wenn Sie Ihren Turbokredit w\u00e4hrend den Arbeitszeiten der Bank abschlie\u00dfen.","robots":{"index":"index","follow":"follow","max-snippet":"max-snippet:-1","max-image-preview":"max-image-preview:large","max-video-preview":"max-video-preview:-1"},"canonical":"https:\/\/www.top5credits.com\/de\/turbokredit\/","og_locale":"de_DE","og_type":"article","og_title":"Mit dem Top5Credits Turbokredit g\u00fcnstige Zinsen sichern","og_description":"Mit dem Top5Credits Turbokredit haben Sie einen schnellen und einfachen Kreditvergleich und profitieren von den Erfahrungen der anderen Kunden. Und Turbokredit bedeutet rasend schnell! Sie erhalten Ihr Geld noch am selben Tag ausbezahlt, wenn Sie Ihren Turbokredit w\u00e4hrend den Arbeitszeiten der Bank abschlie\u00dfen.","og_url":"https:\/\/www.top5credits.com\/de\/turbokredit\/","og_site_name":"Top5Credits.com Deutschland","article_modified_time":"2022-10-20T09:38:23+00:00","og_image":[{"width":1200,"height":630,"url":"https:\/\/cdn.top5credits.com\/de\/wp-content\/uploads\/sites\/6\/2023\/11\/top5credits-com-ogimage.png?cdn=1.1.6","type":"image\/png"}],"twitter_card":"summary_large_image","schema":{"@context":"https:\/\/schema.org","@graph":[{"@type":"WebPage","@id":"https:\/\/www.top5credits.com\/de\/turbokredit\/","url":"https:\/\/www.top5credits.com\/de\/turbokredit\/","name":"Mit dem Top5Credits Turbokredit g\u00fcnstige Zinsen sichern","isPartOf":{"@id":"https:\/\/www.top5credits.com\/de\/#website"},"datePublished":"2022-08-01T08:42:45+00:00","dateModified":"2022-10-20T09:38:23+00:00","description":"Mit dem Top5Credits Turbokredit haben Sie einen schnellen und einfachen Kreditvergleich und profitieren von den Erfahrungen der anderen Kunden. Und Turbokredit bedeutet rasend schnell! Sie erhalten Ihr Geld noch am selben Tag ausbezahlt, wenn Sie Ihren Turbokredit w\u00e4hrend den Arbeitszeiten der Bank abschlie\u00dfen.","breadcrumb":{"@id":"https:\/\/www.top5credits.com\/de\/turbokredit\/#breadcrumb"},"inLanguage":"de","potentialAction":[{"@type":"ReadAction","target":["https:\/\/www.top5credits.com\/de\/turbokredit\/"]}]},{"@type":"BreadcrumbList","@id":"https:\/\/www.top5credits.com\/de\/turbokredit\/#breadcrumb","itemListElement":[{"@type":"ListItem","position":1,"name":"Top5Credits.com","item":"https:\/\/www.top5credits.com\/de\/"},{"@type":"ListItem","position":2,"name":"Turbokredit"}]},{"@type":"WebSite","@id":"https:\/\/www.top5credits.com\/de\/#website","url":"https:\/\/www.top5credits.com\/de\/","name":"Top5Credits.com Deutschland","description":"","publisher":{"@id":"https:\/\/www.top5credits.com\/de\/#organization"},"potentialAction":[{"@type":"SearchAction","target":{"@type":"EntryPoint","urlTemplate":"https:\/\/www.top5credits.com\/de\/?s={search_term_string}"},"query-input":{"@type":"PropertyValueSpecification","valueRequired":true,"valueName":"search_term_string"}}],"inLanguage":"de"},{"@type":"Organization","@id":"https:\/\/www.top5credits.com\/de\/#organization","name":"Top5Credits.com","url":"https:\/\/www.top5credits.com\/de\/","logo":{"@type":"ImageObject","inLanguage":"de","@id":"https:\/\/www.top5credits.com\/de\/#\/schema\/logo\/image\/","url":"https:\/\/cdn.top5credits.com\/de\/wp-content\/uploads\/sites\/6\/2023\/10\/t5c-favicon.png","contentUrl":"https:\/\/cdn.top5credits.com\/de\/wp-content\/uploads\/sites\/6\/2023\/10\/t5c-favicon.png","width":512,"height":512,"caption":"Top5Credits.com"},"image":{"@id":"https:\/\/www.top5credits.com\/de\/#\/schema\/logo\/image\/"}}]}},"_links":{"self":[{"href":"https:\/\/www.top5credits.com\/de\/wp-json\/wp\/v2\/pages\/1168","targetHints":{"allow":["GET"]}}],"collection":[{"href":"https:\/\/www.top5credits.com\/de\/wp-json\/wp\/v2\/pages"}],"about":[{"href":"https:\/\/www.top5credits.com\/de\/wp-json\/wp\/v2\/types\/page"}],"author":[{"embeddable":true,"href":"https:\/\/www.top5credits.com\/de\/wp-json\/wp\/v2\/users\/22"}],"replies":[{"embeddable":true,"href":"https:\/\/www.top5credits.com\/de\/wp-json\/wp\/v2\/comments?post=1168"}],"version-history":[{"count":0,"href":"https:\/\/www.top5credits.com\/de\/wp-json\/wp\/v2\/pages\/1168\/revisions"}],"wp:attachment":[{"href":"https:\/\/www.top5credits.com\/de\/wp-json\/wp\/v2\/media?parent=1168"}],"curies":[{"name":"wp","href":"https:\/\/api.w.org\/{rel}","templated":true}]}}