{"id":1270,"date":"2022-08-02T10:13:43","date_gmt":"2022-08-02T08:13:43","guid":{"rendered":"https:\/\/www.top5credits.com\/de\/?page_id=1270"},"modified":"2022-09-27T14:14:40","modified_gmt":"2022-09-27T12:14:40","slug":"ratenkredit","status":"publish","type":"page","link":"https:\/\/www.top5credits.com\/de\/ratenkredit\/","title":{"rendered":"Ratenkredit"},"content":{"rendered":"\n<div class=\"wp-block-group first-section\"><div class=\"wp-block-group__inner-container is-layout-flow wp-block-group-is-layout-flow\">\n<h1 class=\"wp-block-heading\">Ratenkredit<\/h1>\n\n\n\n<h2 class=\"wp-block-heading\">So sparen Sie \u00fcber 1.000 \u20ac bei Ihrem Ratenkredit<\/h2>\n\n\n\n<p>Jeder vierte in Deutschland hat einen Kredit laufen, jedoch mit einem unm\u00f6glich hohen Zinssatz, der eigentlich gar nicht n\u00f6tig w\u00e4re. Laut einer Statistik der Bundesbank aus dem Jahr 2020 zahlen Kreditnehmer ungef\u00e4hr 5,82 % an Zinsen. Sind Sie aber Kunde bei Top5Credits und haben Ihren Kredit dort abgeschlossen, so zahlen Sie 40 % weniger als der Durchschnitt. Haben Sie einen Durchschnittskredit (15.720 \u20ac bei 66 Monaten Laufzeit) laufen, so liegt Ihrer Ersparnissumme bei 1.051,97 \u20ac. Au\u00dferdem k\u00f6nnen Sie gleichzeitig von unserer Null-Risiko-Garantie profitieren: Haben Sie es sich doch anders \u00fcberlegt und wollen keinen Kredit abschlie\u00dfen? Kein Problem, denn mit uns haben Sie das Gl\u00fcck, dass Sie ihn bis zu 14 Tag Abschluss widerrufen k\u00f6nnen, ohne Ihre Gr\u00fcnde zu nennen. Weiters ist der Kreditvergleich zu 100 % SCHUFA-neutral.<\/p>\n\n\n\n<p>Bei dem Ratenkredit oder auch Konsumentenkredit handelt sich um ein Angebot, bei dem der Zinssatz sowie die Laufzeit gleich bleibt. Das erlaubt Ihnen sich eine gr\u00f6\u00dfere Summe zu borgen, damit Sie sie in gro\u00dfe Erwerbe investieren k\u00f6nnen.<\/p>\n\n\n\n<\/div><\/div>\n\n\n\n\n\n\n<div class=\"top-results palkkio\">\n<span class=\"huomiomerkki\">!<\/span> Unsere Geb\u00fchr beeinflusst die Reihenfolge der Auflistung \u2013 weitere Informationen dazu <span class=\"plus-trigger\">+<\/span>\n<p>Top5Credits.com ist ein kostenloser Service, der n\u00fctzliche Informationen und Inhalte f\u00fcr seine Benutzer bereitstellt. Wir vergleichen und bewerten Kreditservices mit echter Erfahrung. Damit der Service f\u00fcr unsere Benutzer kostenlos bleibt, erhalten wir von unseren Partnern eine Verg\u00fctung f\u00fcr die an sie vermittelten Kunden. Die H\u00f6he der Verg\u00fctung beeinflusst die Reihenfolge der Auflistung.<\/p>\n<\/div>\n\n\n\n<h2 class=\"wp-block-heading\">N\u00e4heres dazu<\/h2>\n\n\n\n<p>Wurde Ihnen die Kreditsumme auf Ihr Konto\u00fcberwiesen, so brauchen Sie keine Angst vor den schwankenden Raten haben, denn diese Betr\u00e4ge bleiben immer gleich. Mit Blick auf Ihre Bonit\u00e4t kann die Kreditsumme zwischen 5.000 \u20ac und 50.000 \u20ac betragen.<\/p>\n\n\n\n<p>Als Absicherung der Bank, im Falle einer Zahlungsunf\u00e4higkeit, wird im Vertrag meist von einer Gehaltsabtretung gesprochen. Das bedeutet, dass die Bank das Recht hat, die ausbleibenden Betr\u00e4ge direkt von Ihrem Arbeitgeber zu beziehen.<\/p>\n\n\n\n<p>Haben Sie einen Autokredit abgeschlossen liegt ein \u00e4hnliches Konzept vor: Das rechtliche Eigentum des Wagens liegt bei der Bank. Erst wenn der Kredit vom Kunden vollkommen abbezahlt wurde, er das Auto verkaufen, aber ohne weiteres verwenden. In diesem Fall nennt man es Sicherungs\u00fcbereignung.<\/p>\n\n\n\n<h3 class=\"wp-block-heading\">Einfaches Geld \u2013 Genau dann, wenn Sie es brauchen<\/h3>\n\n\n\n<ul class=\"wp-block-list\"><li><strong>G\u00fcnstiger Zins<\/strong><br>Unter Voraussetzung Ihrer Bonit\u00e4t verf\u00fcgen Sie bei einer Laufzeit von 12 bis 96 Monaten \u00fcber Summen zwischen 1.500 \u20ac und 80.000 \u20ac.<\/li><li><strong>Kostenlose Sonderzahlungen<\/strong><br>Bei get\u00e4tigten Sonderzahlungen sind Betr\u00e4ge bis zu 50 % des aktuellen Kapitalsaldos m\u00f6glich.<\/li><li><strong>Ratenpausen sind m\u00f6glich<\/strong><br>M\u00f6chten Sie alle 12 Ratenzahlungen aussetzen? \u00dcberhaupt kein Problem!<\/li><\/ul>\n\n\n\n<h3 class=\"wp-block-heading\">Alles auf einen Blick \u2013 der Ratenkredit<\/h3>\n\n\n\n<ul class=\"wp-block-list\"><li> <strong>Erh\u00f6hung Ihres Kredits<\/strong><br>Sie k\u00f6nnen Ihren Kreditbetrag ungeniert erh\u00f6hen und das ganz ohne Zusatzkosten. Voraussetzung ist jedoch, dass Sie \u00fcber ausreichende Bonit\u00e4t verf\u00fcgen.<\/li><li><strong>Flexibel und sicher<\/strong><br>Wenn pl\u00f6tzlich unvorhersehbare Faktoren in die Karten spielen wie eine Berufsunf\u00e4higkeit oder eine Krankheit, dann k\u00f6nnen Sie w\u00e4hrend der Laufzeit Ihre Anforderungen \u00e4ndern, um eine L\u00f6sung zu finden.<\/li><li><strong>Kein Verwendungszweck<\/strong><br>Verwenden Sie Ihren Kredit, wof\u00fcr Sie m\u00f6chten. Es ist Ihnen \u00fcberlassen.<\/li><li><strong>Individueller Ratenbetrag<\/strong><br>Geben Sie den Betrag an, mit dem Sie sich am wohlsten f\u00fchlen. M\u00f6glich ab 50 \u20ac monatlich.<\/li><li><strong>Auszahlung<\/strong><br>Wenn alle Dokumente sowie Ihre Bonit\u00e4t \u00fcberpr\u00fcft wurden, dann wird Ihnen der Kredit in k\u00fcrzester Zeit nach positivem Bescheid ausbezahlt.<\/li><li><strong>Kreditabl\u00f6se<\/strong><br>Trennen Sie sich von einem bestehend Ratenkredit bei einer anderen Bank. Dank unseres \u201eWie f\u00fcr mich gemacht\u201c-Kredits zahlen Sie nur eine Rate. <\/li><\/ul>\n\n\n\n<h2 class=\"wp-block-heading\">Warum ein Ratenkredit?<\/h2>\n\n\n\n<p>Dank des Internets ist es m\u00f6glich, einen schnellen Zugriff auf das Angebot an Onlinekredite zuzugreifen. Zus\u00e4tzlich dazu, bekommen Sie diesen Kredit meist auch zu besseren Konditionen als in Ihrer Bankfiliale und Sie m\u00fcssen nicht einmal das Haus verlassen, um sich Ihre Traumreise zu finanzieren.<\/p>\n\n\n\n<h3 class=\"wp-block-heading\">Schnell zum passenden Kredit<\/h3>\n\n\n\n<p>Mittels des Kreditrechners finden Sie in Sekundenschnelle den Kredit, der auf Sie pers\u00f6nlich zugeschnitten ist. Geben Sie Ihre Wunschsumme und weitern pers\u00f6nlichen Umst\u00e4nde ein und alles was sie brauchen ist eine Internetverbindung und ein PC oder Smartphone. Versichern Sie sich, dass der Betrag, die Laufzeit und die restlichen Konditionen mit Ihrer finanziellen Situation \u00fcbereinstimmten und schon k\u00f6nnen Sie direkt online einen Kreditantrag stellen. Wenig sp\u00e4ter wird Ihnen eine Sofortzusage der Konditionen gew\u00e4hrt.<\/p>\n\n\n\n<p>Durch die Sofortzusage der Bank, teilt Ihnen diese mit, zu welchen Konditionen Sie den Kredit erhalten.<\/p>\n\n\n\n<h3 class=\"wp-block-heading\">Kreditantrag von zuhause<\/h3>\n\n\n\n<p>Damit alles unter Dach und Fach ist und Sie Ihre Kreditsumme ausbezahlt bekommen k\u00f6nnen, ist ein Abschluss des Kreditvertrags grundlegend. Mit der neusten Technologie wie Online-Identifizierung, der elektronischen Unterschrift und dem hochladen aller Dokumente, m\u00fcssen Sie nicht einmal f\u00fcr den Krediterhalt zur Bank. Sie erledigen alles von zuhause aus, mit dem Computer oder \u00e4hnlichen Ger\u00e4ten mit Internetverbindung.<\/p>\n\n\n\n<p>Wie bei jedem Vertragsbeschluss, muss Ihre Identit\u00e4t \u00fcberpr\u00fcft werden. Aber auch daf\u00fcr m\u00fcssen Sie nicht direkt in der Bankfiliale vor Ort sein. Es reicht ein kurzer Videochat \u00fcber die videoIDENT-App, die Ihnen erlaubt ohne physisches Erscheinen in einer Filiale Ihren Kreditvertrag abzuschlie\u00dfen. W\u00e4hrend des Chats m\u00fcssen Sie nur Ihren Personalausweis in die Webcam zeigen, so dass die wichtigen Informationen lesbar sind, und schon ist Ihre Identit\u00e4t best\u00e4tigt. Dazu kommt noch die praktische elektronische Signatur und fertig!<\/p>\n\n\n\n<h3 class=\"wp-block-heading\">Effektiv \u2013 und Sollzins: Augen auf beim Ratenvergleich<\/h3>\n\n\n\n<p>Welche Kreditkonditionen Ihnen zustehen ist abh\u00e4ngig, welche Kreditsumme Sie angegeben haben sowie die Laufzeit des Ratenkredits. Eine Regel, die Sie sich im Kopf behalten sollten ist: Je l\u00e4nger Ihr Kredit l\u00e4uft, desto weniger zahlen Sie an monatlichen Raten. Aber vergessen Sie nicht auf den Zinssatz, der mit Ihrem Kredit kommt. Er stellt die Entsch\u00e4digung dar, die die Bank von Ihnen bekommt, dass Sie Ihnen einen gewissen Betrag leiht. Der Sollzins bleibt w\u00e4hrend des Kredits derselbe, dennoch ist es nicht ratsam diesen als Vergleichskriterium heranzuziehen, da er alle Kreditkosten umfasst.<\/p>\n\n\n\n<p>Der Effektiv hingegen bezieht weitere Faktoren mit ein, die den Ratenkredit betreffen. Er setzt sich unteranderem aus dem Sollzins, den Zinsverrechnungsterminen und der Auszahlungskurve zusammen. Bearbeitungsgeb\u00fchren d\u00fcrfen seit 2014 bei Krediten nicht mehr verrechnet werden.<\/p>\n\n\n\n<p>Aber auch nicht alle Zusatzkosten werden vom Effektivzins gedeckt und in ihm beinhaltet. Daher achten Sie genau darauf, welche Kosten noch darin enthalten sind, damit Ihnen nach Abschluss des Vertrags eine unangenehme \u00dcberraschung ausbleibt. Sie k\u00f6nnen sich nat\u00fcrlich auch an unsere Spezialisten f\u00fcr Ratenkredite wenden. Wir sind gerne f\u00fcr Sie da, beantworten Ihre Fragen und beraten Sie in jeder Hinsicht.<\/p>\n\n\n\n<h3 class=\"wp-block-heading\">Ein Ratenkredit mit Sicherheit<\/h3>\n\n\n\n<p>Was morgen passiert, das steht noch in den Sternen. Daher bleiben wir im Hier und Jetzt und genie\u00dfen den Moment mit der attraktiven Restschuldversicherung. Sollten Sie pl\u00f6tzlich Ihre Arbeit verlieren oder andere unangenehme Lebenssituationen eintreten, dann sind Sie mit unserer Restschuldversicherung gut aufgestellt. M\u00f6chten Sie dieses Angebot in Ihren Kredit einplanen dann w\u00e4hlen Sie eines der vier Sicherheitspakete (Komplett, Arbeit, Leben, Gesundheit) am Ende Ihrer Antragsstellung aus.<\/p>\n\n\n\n<h2 class=\"wp-block-heading\">Welche Vorteile haben Sie bei einem Kreditabschluss?<\/h2>\n\n\n\n<ul class=\"wp-block-list\"><li> <strong>Kostenlos und unverbindlich<\/strong><br>Machen Sie Gebrauch von unserem Onlinekredit-Vergleich, geben Sie Ihre Vorstellungen an und Ihrer finanziellen Situation. Danach lassen Sie sich die besten Angebote geben. Das Beste daran ist, dass dies alles kostenlos und v\u00f6llig unverbindlich passiert. Sie m\u00fcssen keinen Vertrag oder ein Abo abschlie\u00dfen und k\u00f6nnen jederzeit aufh\u00f6ren. Erst wenn Sie den Kreditvertrag unterschrieben haben, m\u00fcssen Sie Ihren vertraglichen Verpflichtungen nachkommen.<\/li><li><strong>Unabh\u00e4ngige Expertenberatung<\/strong><br>Sind Sie \u00fcberfordert mit all den Angeboten oder haben spezielle Fragen oder ben\u00f6tigen Beratung? Dann wenden Sie sich an uns und wir helfen Ihnen, wo Sie Hilfe brauchen. Wir unterst\u00fctzen Sie nat\u00fcrlich auch bei der Such nach dem besten Kredit f\u00fcr Sie, mit dem Sie Ihre Tr\u00e4ume verwirklichen k\u00f6nnen.<\/li><li><strong>Ratenkredite vergleichen \u2013 und das SCHUFA-neutral<\/strong><br>Wenn Sie auf der Suche nach Krediten sind, dann hat das keinen Einfluss auf Ihre Bonit\u00e4t. Es wird einzig eine Konditionsfrage gestellt, die uns hilft, Ihre Kreditw\u00fcrdigkeit zu ermitteln. Haben Sie sich schlussendlich f\u00fcr einen Kredit entschieden und stellen ein Kreditanfrage, dann wird sich das auf Ihren SCHUFA-Score auswirken. <\/li><\/ul>\n","protected":false},"excerpt":{"rendered":"<p>Ratenkredit So sparen Sie \u00fcber 1.000 \u20ac bei Ihrem Ratenkredit Jeder vierte in Deutschland hat einen Kredit laufen, jedoch mit einem unm\u00f6glich hohen Zinssatz, der<\/p>\n<p class=\"more-link\"><span class=\"screen-reader-text\">Ratenkredit<\/span> weiterlesen<\/p>\n","protected":false},"author":22,"featured_media":0,"parent":0,"menu_order":0,"comment_status":"closed","ping_status":"closed","template":"page-results.php","meta":{"footnotes":""},"class_list":["post-1270","page","type-page","status-publish","hentry","entry"],"yoast_head":"<!-- This site is optimized with the Yoast SEO plugin v27.3 - https:\/\/yoast.com\/product\/yoast-seo-wordpress\/ -->\n<title>Vergleichen Sie Ratenkredite bei Top5Credits sicher und einfach<\/title>\n<meta name=\"description\" content=\"Wer \u00fcber Kredite spricht, meint damit meistens einen Ratenkredit. Ein Ratenkredit hat ein einfaches Verfahren: Die Bank leiht Ihnen einen bestimmten Betrag zwischen 1.000 Euro und 100.000 Euro. Sie bezahlen dieses Darlehen innerhalb der vereinbarten Laufzeit von 12 bis 120 Monaten in gleichen Monatsraten zur\u00fcck.\" \/>\n<meta name=\"robots\" content=\"index, follow, max-snippet:-1, max-image-preview:large, max-video-preview:-1\" \/>\n<link rel=\"canonical\" href=\"https:\/\/www.top5credits.com\/de\/ratenkredit\/\" \/>\n<meta property=\"og:locale\" content=\"de_DE\" \/>\n<meta property=\"og:type\" content=\"article\" \/>\n<meta property=\"og:title\" content=\"Vergleichen Sie Ratenkredite bei Top5Credits sicher und einfach\" \/>\n<meta property=\"og:description\" content=\"Wer \u00fcber Kredite spricht, meint damit meistens einen Ratenkredit. Ein Ratenkredit hat ein einfaches Verfahren: Die Bank leiht Ihnen einen bestimmten Betrag zwischen 1.000 Euro und 100.000 Euro. Sie bezahlen dieses Darlehen innerhalb der vereinbarten Laufzeit von 12 bis 120 Monaten in gleichen Monatsraten zur\u00fcck.\" \/>\n<meta property=\"og:url\" content=\"https:\/\/www.top5credits.com\/de\/ratenkredit\/\" \/>\n<meta property=\"og:site_name\" content=\"Top5Credits.com Deutschland\" \/>\n<meta property=\"article:modified_time\" content=\"2022-09-27T12:14:40+00:00\" \/>\n<meta property=\"og:image\" content=\"https:\/\/cdn.top5credits.com\/de\/wp-content\/uploads\/sites\/6\/2023\/11\/top5credits-com-ogimage.png?cdn=1.1.6\" \/>\n\t<meta property=\"og:image:width\" content=\"1200\" \/>\n\t<meta property=\"og:image:height\" content=\"630\" \/>\n\t<meta property=\"og:image:type\" content=\"image\/png\" \/>\n<meta name=\"twitter:card\" content=\"summary_large_image\" \/>\n<script type=\"application\/ld+json\" class=\"yoast-schema-graph\">{\"@context\":\"https:\\\/\\\/schema.org\",\"@graph\":[{\"@type\":\"WebPage\",\"@id\":\"https:\\\/\\\/www.top5credits.com\\\/de\\\/ratenkredit\\\/\",\"url\":\"https:\\\/\\\/www.top5credits.com\\\/de\\\/ratenkredit\\\/\",\"name\":\"Vergleichen Sie Ratenkredite bei Top5Credits sicher und einfach\",\"isPartOf\":{\"@id\":\"https:\\\/\\\/www.top5credits.com\\\/de\\\/#website\"},\"datePublished\":\"2022-08-02T08:13:43+00:00\",\"dateModified\":\"2022-09-27T12:14:40+00:00\",\"description\":\"Wer \u00fcber Kredite spricht, meint damit meistens einen Ratenkredit. Ein Ratenkredit hat ein einfaches Verfahren: Die Bank leiht Ihnen einen bestimmten Betrag zwischen 1.000 Euro und 100.000 Euro. Sie bezahlen dieses Darlehen innerhalb der vereinbarten Laufzeit von 12 bis 120 Monaten in gleichen Monatsraten zur\u00fcck.\",\"breadcrumb\":{\"@id\":\"https:\\\/\\\/www.top5credits.com\\\/de\\\/ratenkredit\\\/#breadcrumb\"},\"inLanguage\":\"de\",\"potentialAction\":[{\"@type\":\"ReadAction\",\"target\":[\"https:\\\/\\\/www.top5credits.com\\\/de\\\/ratenkredit\\\/\"]}]},{\"@type\":\"BreadcrumbList\",\"@id\":\"https:\\\/\\\/www.top5credits.com\\\/de\\\/ratenkredit\\\/#breadcrumb\",\"itemListElement\":[{\"@type\":\"ListItem\",\"position\":1,\"name\":\"Top5Credits.com\",\"item\":\"https:\\\/\\\/www.top5credits.com\\\/de\\\/\"},{\"@type\":\"ListItem\",\"position\":2,\"name\":\"Ratenkredit\"}]},{\"@type\":\"WebSite\",\"@id\":\"https:\\\/\\\/www.top5credits.com\\\/de\\\/#website\",\"url\":\"https:\\\/\\\/www.top5credits.com\\\/de\\\/\",\"name\":\"Top5Credits.com Deutschland\",\"description\":\"\",\"publisher\":{\"@id\":\"https:\\\/\\\/www.top5credits.com\\\/de\\\/#organization\"},\"potentialAction\":[{\"@type\":\"SearchAction\",\"target\":{\"@type\":\"EntryPoint\",\"urlTemplate\":\"https:\\\/\\\/www.top5credits.com\\\/de\\\/?s={search_term_string}\"},\"query-input\":{\"@type\":\"PropertyValueSpecification\",\"valueRequired\":true,\"valueName\":\"search_term_string\"}}],\"inLanguage\":\"de\"},{\"@type\":\"Organization\",\"@id\":\"https:\\\/\\\/www.top5credits.com\\\/de\\\/#organization\",\"name\":\"Top5Credits.com\",\"url\":\"https:\\\/\\\/www.top5credits.com\\\/de\\\/\",\"logo\":{\"@type\":\"ImageObject\",\"inLanguage\":\"de\",\"@id\":\"https:\\\/\\\/www.top5credits.com\\\/de\\\/#\\\/schema\\\/logo\\\/image\\\/\",\"url\":\"https:\\\/\\\/cdn.top5credits.com\\\/de\\\/wp-content\\\/uploads\\\/sites\\\/6\\\/2023\\\/10\\\/t5c-favicon.png\",\"contentUrl\":\"https:\\\/\\\/cdn.top5credits.com\\\/de\\\/wp-content\\\/uploads\\\/sites\\\/6\\\/2023\\\/10\\\/t5c-favicon.png\",\"width\":512,\"height\":512,\"caption\":\"Top5Credits.com\"},\"image\":{\"@id\":\"https:\\\/\\\/www.top5credits.com\\\/de\\\/#\\\/schema\\\/logo\\\/image\\\/\"}}]}<\/script>\n<!-- \/ Yoast SEO plugin. -->","yoast_head_json":{"title":"Vergleichen Sie Ratenkredite bei Top5Credits sicher und einfach","description":"Wer \u00fcber Kredite spricht, meint damit meistens einen Ratenkredit. Ein Ratenkredit hat ein einfaches Verfahren: Die Bank leiht Ihnen einen bestimmten Betrag zwischen 1.000 Euro und 100.000 Euro. Sie bezahlen dieses Darlehen innerhalb der vereinbarten Laufzeit von 12 bis 120 Monaten in gleichen Monatsraten zur\u00fcck.","robots":{"index":"index","follow":"follow","max-snippet":"max-snippet:-1","max-image-preview":"max-image-preview:large","max-video-preview":"max-video-preview:-1"},"canonical":"https:\/\/www.top5credits.com\/de\/ratenkredit\/","og_locale":"de_DE","og_type":"article","og_title":"Vergleichen Sie Ratenkredite bei Top5Credits sicher und einfach","og_description":"Wer \u00fcber Kredite spricht, meint damit meistens einen Ratenkredit. Ein Ratenkredit hat ein einfaches Verfahren: Die Bank leiht Ihnen einen bestimmten Betrag zwischen 1.000 Euro und 100.000 Euro. Sie bezahlen dieses Darlehen innerhalb der vereinbarten Laufzeit von 12 bis 120 Monaten in gleichen Monatsraten zur\u00fcck.","og_url":"https:\/\/www.top5credits.com\/de\/ratenkredit\/","og_site_name":"Top5Credits.com Deutschland","article_modified_time":"2022-09-27T12:14:40+00:00","og_image":[{"width":1200,"height":630,"url":"https:\/\/cdn.top5credits.com\/de\/wp-content\/uploads\/sites\/6\/2023\/11\/top5credits-com-ogimage.png?cdn=1.1.6","type":"image\/png"}],"twitter_card":"summary_large_image","schema":{"@context":"https:\/\/schema.org","@graph":[{"@type":"WebPage","@id":"https:\/\/www.top5credits.com\/de\/ratenkredit\/","url":"https:\/\/www.top5credits.com\/de\/ratenkredit\/","name":"Vergleichen Sie Ratenkredite bei Top5Credits sicher und einfach","isPartOf":{"@id":"https:\/\/www.top5credits.com\/de\/#website"},"datePublished":"2022-08-02T08:13:43+00:00","dateModified":"2022-09-27T12:14:40+00:00","description":"Wer \u00fcber Kredite spricht, meint damit meistens einen Ratenkredit. Ein Ratenkredit hat ein einfaches Verfahren: Die Bank leiht Ihnen einen bestimmten Betrag zwischen 1.000 Euro und 100.000 Euro. Sie bezahlen dieses Darlehen innerhalb der vereinbarten Laufzeit von 12 bis 120 Monaten in gleichen Monatsraten zur\u00fcck.","breadcrumb":{"@id":"https:\/\/www.top5credits.com\/de\/ratenkredit\/#breadcrumb"},"inLanguage":"de","potentialAction":[{"@type":"ReadAction","target":["https:\/\/www.top5credits.com\/de\/ratenkredit\/"]}]},{"@type":"BreadcrumbList","@id":"https:\/\/www.top5credits.com\/de\/ratenkredit\/#breadcrumb","itemListElement":[{"@type":"ListItem","position":1,"name":"Top5Credits.com","item":"https:\/\/www.top5credits.com\/de\/"},{"@type":"ListItem","position":2,"name":"Ratenkredit"}]},{"@type":"WebSite","@id":"https:\/\/www.top5credits.com\/de\/#website","url":"https:\/\/www.top5credits.com\/de\/","name":"Top5Credits.com Deutschland","description":"","publisher":{"@id":"https:\/\/www.top5credits.com\/de\/#organization"},"potentialAction":[{"@type":"SearchAction","target":{"@type":"EntryPoint","urlTemplate":"https:\/\/www.top5credits.com\/de\/?s={search_term_string}"},"query-input":{"@type":"PropertyValueSpecification","valueRequired":true,"valueName":"search_term_string"}}],"inLanguage":"de"},{"@type":"Organization","@id":"https:\/\/www.top5credits.com\/de\/#organization","name":"Top5Credits.com","url":"https:\/\/www.top5credits.com\/de\/","logo":{"@type":"ImageObject","inLanguage":"de","@id":"https:\/\/www.top5credits.com\/de\/#\/schema\/logo\/image\/","url":"https:\/\/cdn.top5credits.com\/de\/wp-content\/uploads\/sites\/6\/2023\/10\/t5c-favicon.png","contentUrl":"https:\/\/cdn.top5credits.com\/de\/wp-content\/uploads\/sites\/6\/2023\/10\/t5c-favicon.png","width":512,"height":512,"caption":"Top5Credits.com"},"image":{"@id":"https:\/\/www.top5credits.com\/de\/#\/schema\/logo\/image\/"}}]}},"_links":{"self":[{"href":"https:\/\/www.top5credits.com\/de\/wp-json\/wp\/v2\/pages\/1270","targetHints":{"allow":["GET"]}}],"collection":[{"href":"https:\/\/www.top5credits.com\/de\/wp-json\/wp\/v2\/pages"}],"about":[{"href":"https:\/\/www.top5credits.com\/de\/wp-json\/wp\/v2\/types\/page"}],"author":[{"embeddable":true,"href":"https:\/\/www.top5credits.com\/de\/wp-json\/wp\/v2\/users\/22"}],"replies":[{"embeddable":true,"href":"https:\/\/www.top5credits.com\/de\/wp-json\/wp\/v2\/comments?post=1270"}],"version-history":[{"count":0,"href":"https:\/\/www.top5credits.com\/de\/wp-json\/wp\/v2\/pages\/1270\/revisions"}],"wp:attachment":[{"href":"https:\/\/www.top5credits.com\/de\/wp-json\/wp\/v2\/media?parent=1270"}],"curies":[{"name":"wp","href":"https:\/\/api.w.org\/{rel}","templated":true}]}}