{"id":1285,"date":"2022-08-02T10:25:00","date_gmt":"2022-08-02T08:25:00","guid":{"rendered":"https:\/\/www.top5credits.com\/de\/?page_id=1285"},"modified":"2024-03-26T10:02:38","modified_gmt":"2024-03-26T09:02:38","slug":"kredit-1000euro","status":"publish","type":"page","link":"https:\/\/www.top5credits.com\/de\/kreditvergleich\/kredit-1000euro\/","title":{"rendered":"1.000 Euro Kredit"},"content":{"rendered":"\n<h1 class=\"wp-block-heading\">1.000 Euro Kredit: schnell &amp; einfach online<\/h1>\n\n\n\n<p>Ratenkredite mit einer sehr geringen Kreditsumme und kurzer Laufzeit werden Kleinkredite genannt. Kreditnehmer legen die Darlehenssumme zwischen 1.000 Euro und 5.000 Euro selbst fest. Das Darlehen wird innerhalb von 12 Monaten getilgt. Dies gilt nicht f\u00fcr Darlehen mit h\u00f6herer Kreditsumme. Ist die Darlehenssumme niedriger als 1.000 Euro, nennt man es einen Minikredit.<\/p>\n\n\n        <div class=\"dm-page-metadata\">\r\n\t\t\t\t<p>Von: Alex<br\/><span>Autor, Top5Credits.com<\/span>                <\/p>\r\n                <p>Zuletzt aktualisiert<br\/>26.3.2024                <\/p>\r\n\t\t    <\/div>\r\n    \n\n\n\n<div class=\"wp-block-group top5-eat\"><div class=\"wp-block-group__inner-container is-layout-constrained wp-block-group-is-layout-constrained\">\n<details class=\"wp-block-details is-layout-flow wp-block-details-is-layout-flow\"><summary><strong>Warum Top5Credits vertrauen?<\/strong><\/summary>\n<div class=\"wp-block-columns is-layout-flex wp-container-core-columns-is-layout-9d6595d7 wp-block-columns-is-layout-flex\">\n<div class=\"wp-block-column is-layout-flow wp-block-column-is-layout-flow\" style=\"flex-basis:60%\">\n<p>Bei <strong>Top5Credits <\/strong>haben wir ein Team von Mitarbeitern, die jede Finanzierung vom Angebot bis zur Auszahlung \u00fcberpr\u00fcfen. Unser Team verf\u00fcgt \u00fcber Erfahrungen mit allen Arten von Krediten, sodass sie qualifiziert sind zu wissen, welche die besten oder schlechtesten Optionen auf dem Markt bieten. Wir bewerten Kredite basierend auf unserem Qualit\u00e4tsleitfaden, nicht basierend auf unseren Kooperationen mit ihnen. Das Team, das die Bewertungen durchf\u00fchrt, ist sich m\u00f6glicher Kooperationen, die wir mit dem Finanzinstitut haben k\u00f6nnten, nicht bewusst.<\/p>\n<\/div>\n\n\n\n<div class=\"wp-block-column is-layout-flow wp-block-column-is-layout-flow\" style=\"flex-basis:40%\">\n<ul class=\"dm-list-check wp-block-list\">\n<li>Umfangreiche Erfahrung in der Finanzbranche<\/li>\n\n\n\n<li>Unsere Mitarbeiter \u00fcberpr\u00fcfen den Bewerbungsprozess pers\u00f6nlich<\/li>\n\n\n\n<li>Authentische Bewertungen<\/li>\n<\/ul>\n<\/div>\n<\/div>\n<\/details>\n<\/div><\/div>\n\n\n\n\n\n\n<div class=\"top-results palkkio\">\n<span class=\"huomiomerkki\">!<\/span> Unsere Geb\u00fchr beeinflusst die Reihenfolge der Auflistung \u2013 weitere Informationen dazu <span class=\"plus-trigger\">+<\/span>\n<p>Top5Credits.com ist ein kostenloser Service, der n\u00fctzliche Informationen und Inhalte f\u00fcr seine Benutzer bereitstellt. Wir vergleichen und bewerten Kreditservices mit echter Erfahrung. Damit der Service f\u00fcr unsere Benutzer kostenlos bleibt, erhalten wir von unseren Partnern eine Verg\u00fctung f\u00fcr die an sie vermittelten Kunden. Die H\u00f6he der Verg\u00fctung beeinflusst die Reihenfolge der Auflistung.<\/p>\n<\/div>\n\n\n\n<p>Wer am Wochenende gerne durch die Fu\u00dfg\u00e4ngerzone bummelt und seine freie Zeit beim Shoppen genie\u00dft, ist von vielen Reizen umgeben. Vielen dieser Verlockungen kann man einfach nicht widerstehen. Eine tolle Handtasche, ein paar neue Sneaker und ein paar Geschenke und Mitbringsel sind schnell gekauft. Darunter leidet nat\u00fcrlich irgendwann der Kontostand des Girokontos.<\/p>\n\n\n\n<p>Das ist jedem schon mal passiert und es ist ja auch nicht weiter dramatisch. Dennoch sollte man es nicht zu weit kommen lassen. Wir zeigen Ihnen, wie Sie mit einer geringen Kostenbelastung wieder ein bisschen mehr Liquidit\u00e4t erhalten. Das funktioniert schnell und einfach mit dem 1.000 Euro Kredit.<\/p>\n\n\n\n<h3 class=\"wp-block-heading\">Erster Schritt: Vergleichen Sie die verschiedenen Kreditangebote<\/h3>\n\n\n\n<p>Geben Sie im Kreditrechner Ihre gew\u00fcnschte Darlehenssumme ein und w\u00e4hlen Sie Ihre gew\u00fcnschte Laufzeit. Daraufhin vervollst\u00e4ndigen Sie noch die folgenden Angaben zu Ihrer Person:<\/p>\n\n\n\n<ul class=\"dm-list-check wp-block-list\">\n<li>Name<\/li>\n\n\n\n<li>Anschrift<\/li>\n\n\n\n<li>Beruf<\/li>\n<\/ul>\n\n\n\n<p>Es werden noch Informationen zu Ihrer finanziellen Situation abgefragt. Diese Angaben nutzt Top5Credits, um f\u00fcr Sie ein geeignetes Darlehen zu finden. Verglichen werden verschiedene Kreditanbieter und diese werden Ihnen in einer \u00dcbersicht von passenden Darlehensangeboten pr\u00e4sentiert, aus welcher Sie dann Ihren Wunschkredit ausw\u00e4hlen k\u00f6nnen.<\/p>\n\n\n\n<h3 class=\"wp-block-heading\">Zweiter Schritt: W\u00e4hlen Sie Ihr Kreditangebot aus<\/h3>\n\n\n\n<p>Sobald Sie den optimalen Kredit gefunden haben, der Ihren W\u00fcnschen entspricht, k\u00f6nnen Sie online Ihren Antrag bei der gew\u00e4hlten Bank stellen. Das dauert nur wenige Minuten und ist einfach durchzuf\u00fchren. Sie profitieren davon, dass der komplette Kreditantrag digitalisiert ist und deswegen von zu Hause aus erledigt werden kann.<\/p>\n\n\n\n<h3 class=\"wp-block-heading\">Wie erhalten Sie Ihr Geld<\/h3>\n\n\n\n<p>Ihr Kreditvertrag kommt auf dem Postweg zu Ihnen nach Hause, wo Sie ihn unterschreiben. Das geht auch ohne Probleme digital, falls Sie das w\u00fcnschen. Die notwendige Legitimation kann entweder durch das PostIdent- Verfahren oder durch das VideoIdent-Verfahren erfolgen. Sie reichen Ihre Unterlagen ein und nach der Identifikation wird das Geld innerhalb k\u00fcrzester Zeit auf Ihr Konto einbezahlt.<\/p>\n\n\n\n<h3 class=\"wp-block-heading\">F\u00fcr wen lohnt sich ein 1.000 Euro Kredit?<\/h3>\n\n\n\n<p>Der 1.000 Euro Kredit ist die geringste Summe, die Kreditanbieter \u00fcblicherweise als Ratenkredit vergeben. Die Banken haben ein lebhaftes Interesse, den Verwaltungsaufwand f\u00fcr diese Darlehen so gering wie m\u00f6glich zu halten. Deswegen werden sowohl die Antragstellung als auch die Zusage schlank gehalten und schnell verarbeitet. Davon profitieren auch die Antragsteller. Dennoch sind Einkommensnachweise auch bei Kleinkrediten notwendig und werden angefordert.<\/p>\n\n\n\n<p>Oftmals reichen die Eink\u00fcnfte von jungen Erwerbst\u00e4tigen und Berufseinsteigern wie beispielsweise Auszubildenden nicht aus, um eine ungeplante Reparatur zu bezahlen oder um sich etwas Neues anzuschaffen. Hier kann man eine monatliche Ratenzahlung vereinbaren und somit die Belastung auf 24 oder 36 Monate verteilen. Ein 1.000 Euro Kredit mit g\u00fcnstigen Konditionen ist eine unkomplizierte Alternative zu einem teuren Dispokredit mit hohen Zinsen.<\/p>\n\n\n\n<h2 class=\"wp-block-heading\">1.000 Euro Kredite im Vergleich<\/h2>\n\n\n\n<p>Bei der Festlegung auf einen Kreditanbieter sind in erster Linie die Kreditkosten ausschlaggebend. Neben dem Jahreszins ist die Kreditlaufzeit ein weiterer entscheidender Faktor, der Auswirkung auf die Kreditkosten hat. Mit zunehmender L\u00e4nge der Laufzeit steigen auch die Zinsen, f\u00fcr die man als Kreditnehmer aufkommen muss. Zwar sinkt die monatliche Belastung durch die niedrigeren Monatsraten, doch daf\u00fcr verl\u00e4ngert sich die Laufzeit, \u00fcber die man das Darlehen zur\u00fcckbezahlen muss. Auch die Kosten steigen durch die l\u00e4ngere Zinszahlung ein wenig.<\/p>\n\n\n\n<h3 class=\"wp-block-heading\">Beurteilung der Kreditw\u00fcrdigkeit bei einem 1.000 Euro Kredit<\/h3>\n\n\n\n<p>Die Kreditw\u00fcrdigkeit des Antragstellers hat einen erheblichen Einfluss auf die Konditionen des 1.000 Euro Kredits. Kreditangebote mit Festzins werden unabh\u00e4ngig von der Bonit\u00e4t vergeben. Der Familienstand, die Wohnsituation und der Schufa-Score sind neben den Einkommensverh\u00e4ltnissen die ausschlaggebenden Merkmale, welche die Gesamtdarstellung beeinflussen. Die Zinsen fallen umso g\u00fcnstiger aus, je besser der Schufa-Score und die Bewertung durch das Kreditinstitut sind. Deswegen sind bei einem Kreditvergleich die Ergebnisse nur dann aufschlussreich, wenn die Daten, welche die Bonit\u00e4t des Kunden ergeben, in den Vergleich einbezogen werden.<\/p>\n\n\n\n<h2 class=\"wp-block-heading\">Welche Vorteile bringt ein 1.000 Euro Kredit?<\/h2>\n\n\n\n<h3 class=\"wp-block-heading\">Schnelle R\u00fcckzahlung durch einen kurzen Tilgungszeitraum<\/h3>\n\n\n\n<p>Bei einem 1.000 Euro Kredit k\u00f6nnen Sie eine ziemlich kurze Laufzeit w\u00e4hlen. Die Gesamtkosten bei einem Tilgungszeitraum von 12 oder maximal 24 Monaten sind absehbar. Durch den niedrigen Darlehensbetrag k\u00f6nnen Sie die Monatsraten auch von der H\u00f6he her gut handhaben. Dadurch ist ein 1.000 Euro Kredit auch bei geringeren Einkommen m\u00f6glich.<\/p>\n\n\n\n<h3 class=\"wp-block-heading\">Niedrigerer Zinsaufwand als beim Dispositionskredit<\/h3>\n\n\n\n<p>Oftmals bewegen sich die Zinsen der Dispokredite im zweistelligen Bereich. Dagegen bekommen Sie 1.000 Euro Kredite bereits ab Zinss\u00e4tzen von 3 %. Die tats\u00e4chliche Verzinsung h\u00e4ngt von Ihrer Bonit\u00e4t und den Konditionen der kreditgebenden Bank ab. Es gibt in den meisten F\u00e4llen g\u00fcnstige Zinss\u00e4tze, da das Risiko eines Zahlungsausfalls eher gering und der finanzielle Schaden bei einem Eintritt desselben nicht allzu hoch ist.<\/p>\n\n\n\n<h3 class=\"wp-block-heading\">Neben dem Einkommen ben\u00f6tigen Sie keine gesonderten Sicherheiten<\/h3>\n\n\n\n<p>Darlehensgeber verlangen bei gr\u00f6\u00dferen Krediten oftmals weitreichende Sicherheiten. Das k\u00f6nnen ein weiterer Kreditnehmer oder Verm\u00f6genswerte zur Absicherung sein. Bei kleineren Betr\u00e4gen wird das \u00fcblicherweise nicht ben\u00f6tigt. Bei der Beantragung eines 1.000 Euro Kredits reicht ein nachgewiesenes regelm\u00e4\u00dfiges Einkommen aus.<\/p>\n\n\n\n<h2 class=\"wp-block-heading\">Fazit: Der 1.000 Euro Kredit<\/h2>\n\n\n\n<p>Der 1.000 Euro Kredit wird den Kleinkrediten zugerechnet. Diese sind vor allem wegen ihrer unkomplizierten Beantragung, der schnellen Zusage und den hochattraktiven Konditionen sehr beliebt.<br>Die Zielgruppe des 1.000 Euro Kredits sind Menschen, die unkompliziert ein bisschen Liquidit\u00e4t f\u00fcr die eine oder andere Ma\u00dfnahme brauchen. Auch falls bei einem \u00fcberzogenen Konto Entlastung brauchen, kann ein Kleinkredit helfen. Bei Top5Credits k\u00f6nnen Sie jederzeit und unabh\u00e4ngig von Ihrem Status Ihre Kreditanfrage stellen.<\/p>\n\n\n\n<p>Schon ab einer Kreditlaufzeit ab 6 Monaten k\u00f6nnen Sie Ihren pers\u00f6nlichen 1.000 Euro Kredit bei <a href=\"https:\/\/www.top5credits.com\/de\/\">Top5Credits<\/a> beantragen. Rascher k\u00f6nnen Sie Ihre Darlehenssumme auf die Schnelle kaum begleichen. Sogar Kreditlaufzeiten bis zu 84 Monate (7 Jahre) sind m\u00f6glich. Durch die enorm niedrigen Monatsraten k\u00f6nnen Sie unbesorgt sein, denn diese k\u00f6nnen Sie auf jeden Fall zur\u00fcckbezahlen.<\/p>\n\n\n\n<p>S\u00e4mtliche nur denkbaren Verwendungszwecke sind mit dem 1.000 Euro Kredit m\u00f6glich. Ein \u00fcberzogenes Girokonto ist genauso schnell ausgeglichen wie ein m\u00f6glicher finanzieller Engpass am Monatsende. Auch der lang gehegte Urlaubswunsch kann dank des 1.000 Euro Kredits erf\u00fcllt werden. Falls die Waschmaschine kaputt geht oder eine andere ungeplante Reparatur durchgef\u00fchrt werden muss, wird Ihnen geholfen. Sogar der lange aufgeschobene Kauf eines neuen Laptops, iPhones oder eines Fernsehers sind kein Problem mehr. Auch kleinere Reparaturen und Versch\u00f6nerungen in der Wohnung oder ein toll dekorierter Balkon sind mit dem 1.000 Euro Kredit ab sofort in greifbarer N\u00e4he!<\/p>\n","protected":false},"excerpt":{"rendered":"<p>1.000 Euro Kredit: schnell &amp; einfach online Ratenkredite mit einer sehr geringen Kreditsumme und kurzer Laufzeit werden Kleinkredite genannt. Kreditnehmer legen die Darlehenssumme zwischen 1.000<\/p>\n<p class=\"more-link\"><span class=\"screen-reader-text\">1.000 Euro Kredit<\/span> weiterlesen<\/p>\n","protected":false},"author":22,"featured_media":0,"parent":408,"menu_order":0,"comment_status":"closed","ping_status":"closed","template":"page-seo-landing.php","meta":{"footnotes":""},"class_list":["post-1285","page","type-page","status-publish","hentry","entry"],"yoast_head":"<!-- This site is optimized with the Yoast SEO plugin v27.3 - https:\/\/yoast.com\/product\/yoast-seo-wordpress\/ -->\n<title>Bei Top5Credits jetzt den 1.000 Euro Kredit beantragen<\/title>\n<meta name=\"description\" content=\"Die Auszahlung kann in 3 Minuten bereit sein. Bei Top5Credits kannst Du anders als bei einer Bank einen 1000 Euro Kredit ohne Einkommensnachweis beantragen.\" \/>\n<meta name=\"robots\" content=\"index, follow, max-snippet:-1, max-image-preview:large, max-video-preview:-1\" \/>\n<link rel=\"canonical\" href=\"https:\/\/www.top5credits.com\/de\/kreditvergleich\/kredit-1000euro\/\" \/>\n<meta property=\"og:locale\" content=\"de_DE\" \/>\n<meta property=\"og:type\" content=\"article\" \/>\n<meta property=\"og:title\" content=\"Bei Top5Credits jetzt den 1.000 Euro Kredit beantragen\" \/>\n<meta property=\"og:description\" content=\"Die Auszahlung kann in 3 Minuten bereit sein. Bei Top5Credits kannst Du anders als bei einer Bank einen 1000 Euro Kredit ohne Einkommensnachweis beantragen.\" \/>\n<meta property=\"og:url\" content=\"https:\/\/www.top5credits.com\/de\/kreditvergleich\/kredit-1000euro\/\" \/>\n<meta property=\"og:site_name\" content=\"Top5Credits.com Deutschland\" \/>\n<meta property=\"article:modified_time\" content=\"2024-03-26T09:02:38+00:00\" \/>\n<meta property=\"og:image\" content=\"https:\/\/cdn.top5credits.com\/de\/wp-content\/uploads\/sites\/6\/2023\/11\/top5credits-com-ogimage.png?cdn=1.1.6\" \/>\n\t<meta property=\"og:image:width\" content=\"1200\" \/>\n\t<meta property=\"og:image:height\" content=\"630\" \/>\n\t<meta property=\"og:image:type\" content=\"image\/png\" \/>\n<meta name=\"twitter:card\" content=\"summary_large_image\" \/>\n<script type=\"application\/ld+json\" class=\"yoast-schema-graph\">{\"@context\":\"https:\\\/\\\/schema.org\",\"@graph\":[{\"@type\":\"WebPage\",\"@id\":\"https:\\\/\\\/www.top5credits.com\\\/de\\\/kreditvergleich\\\/kredit-1000euro\\\/\",\"url\":\"https:\\\/\\\/www.top5credits.com\\\/de\\\/kreditvergleich\\\/kredit-1000euro\\\/\",\"name\":\"Bei Top5Credits jetzt den 1.000 Euro Kredit beantragen\",\"isPartOf\":{\"@id\":\"https:\\\/\\\/www.top5credits.com\\\/de\\\/#website\"},\"datePublished\":\"2022-08-02T08:25:00+00:00\",\"dateModified\":\"2024-03-26T09:02:38+00:00\",\"description\":\"Die Auszahlung kann in 3 Minuten bereit sein. Bei Top5Credits kannst Du anders als bei einer Bank einen 1000 Euro Kredit ohne Einkommensnachweis beantragen.\",\"breadcrumb\":{\"@id\":\"https:\\\/\\\/www.top5credits.com\\\/de\\\/kreditvergleich\\\/kredit-1000euro\\\/#breadcrumb\"},\"inLanguage\":\"de\",\"potentialAction\":[{\"@type\":\"ReadAction\",\"target\":[\"https:\\\/\\\/www.top5credits.com\\\/de\\\/kreditvergleich\\\/kredit-1000euro\\\/\"]}]},{\"@type\":\"BreadcrumbList\",\"@id\":\"https:\\\/\\\/www.top5credits.com\\\/de\\\/kreditvergleich\\\/kredit-1000euro\\\/#breadcrumb\",\"itemListElement\":[{\"@type\":\"ListItem\",\"position\":1,\"name\":\"Top5Credits.com\",\"item\":\"https:\\\/\\\/www.top5credits.com\\\/de\\\/\"},{\"@type\":\"ListItem\",\"position\":2,\"name\":\"Kreditvergleich\",\"item\":\"https:\\\/\\\/www.top5credits.com\\\/de\\\/kreditvergleich\\\/\"},{\"@type\":\"ListItem\",\"position\":3,\"name\":\"1.000 Euro Kredit\"}]},{\"@type\":\"WebSite\",\"@id\":\"https:\\\/\\\/www.top5credits.com\\\/de\\\/#website\",\"url\":\"https:\\\/\\\/www.top5credits.com\\\/de\\\/\",\"name\":\"Top5Credits.com Deutschland\",\"description\":\"\",\"publisher\":{\"@id\":\"https:\\\/\\\/www.top5credits.com\\\/de\\\/#organization\"},\"potentialAction\":[{\"@type\":\"SearchAction\",\"target\":{\"@type\":\"EntryPoint\",\"urlTemplate\":\"https:\\\/\\\/www.top5credits.com\\\/de\\\/?s={search_term_string}\"},\"query-input\":{\"@type\":\"PropertyValueSpecification\",\"valueRequired\":true,\"valueName\":\"search_term_string\"}}],\"inLanguage\":\"de\"},{\"@type\":\"Organization\",\"@id\":\"https:\\\/\\\/www.top5credits.com\\\/de\\\/#organization\",\"name\":\"Top5Credits.com\",\"url\":\"https:\\\/\\\/www.top5credits.com\\\/de\\\/\",\"logo\":{\"@type\":\"ImageObject\",\"inLanguage\":\"de\",\"@id\":\"https:\\\/\\\/www.top5credits.com\\\/de\\\/#\\\/schema\\\/logo\\\/image\\\/\",\"url\":\"https:\\\/\\\/cdn.top5credits.com\\\/de\\\/wp-content\\\/uploads\\\/sites\\\/6\\\/2023\\\/10\\\/t5c-favicon.png\",\"contentUrl\":\"https:\\\/\\\/cdn.top5credits.com\\\/de\\\/wp-content\\\/uploads\\\/sites\\\/6\\\/2023\\\/10\\\/t5c-favicon.png\",\"width\":512,\"height\":512,\"caption\":\"Top5Credits.com\"},\"image\":{\"@id\":\"https:\\\/\\\/www.top5credits.com\\\/de\\\/#\\\/schema\\\/logo\\\/image\\\/\"}}]}<\/script>\n<!-- \/ Yoast SEO plugin. -->","yoast_head_json":{"title":"Bei Top5Credits jetzt den 1.000 Euro Kredit beantragen","description":"Die Auszahlung kann in 3 Minuten bereit sein. Bei Top5Credits kannst Du anders als bei einer Bank einen 1000 Euro Kredit ohne Einkommensnachweis beantragen.","robots":{"index":"index","follow":"follow","max-snippet":"max-snippet:-1","max-image-preview":"max-image-preview:large","max-video-preview":"max-video-preview:-1"},"canonical":"https:\/\/www.top5credits.com\/de\/kreditvergleich\/kredit-1000euro\/","og_locale":"de_DE","og_type":"article","og_title":"Bei Top5Credits jetzt den 1.000 Euro Kredit beantragen","og_description":"Die Auszahlung kann in 3 Minuten bereit sein. Bei Top5Credits kannst Du anders als bei einer Bank einen 1000 Euro Kredit ohne Einkommensnachweis beantragen.","og_url":"https:\/\/www.top5credits.com\/de\/kreditvergleich\/kredit-1000euro\/","og_site_name":"Top5Credits.com Deutschland","article_modified_time":"2024-03-26T09:02:38+00:00","og_image":[{"width":1200,"height":630,"url":"https:\/\/cdn.top5credits.com\/de\/wp-content\/uploads\/sites\/6\/2023\/11\/top5credits-com-ogimage.png?cdn=1.1.6","type":"image\/png"}],"twitter_card":"summary_large_image","schema":{"@context":"https:\/\/schema.org","@graph":[{"@type":"WebPage","@id":"https:\/\/www.top5credits.com\/de\/kreditvergleich\/kredit-1000euro\/","url":"https:\/\/www.top5credits.com\/de\/kreditvergleich\/kredit-1000euro\/","name":"Bei Top5Credits jetzt den 1.000 Euro Kredit beantragen","isPartOf":{"@id":"https:\/\/www.top5credits.com\/de\/#website"},"datePublished":"2022-08-02T08:25:00+00:00","dateModified":"2024-03-26T09:02:38+00:00","description":"Die Auszahlung kann in 3 Minuten bereit sein. Bei Top5Credits kannst Du anders als bei einer Bank einen 1000 Euro Kredit ohne Einkommensnachweis beantragen.","breadcrumb":{"@id":"https:\/\/www.top5credits.com\/de\/kreditvergleich\/kredit-1000euro\/#breadcrumb"},"inLanguage":"de","potentialAction":[{"@type":"ReadAction","target":["https:\/\/www.top5credits.com\/de\/kreditvergleich\/kredit-1000euro\/"]}]},{"@type":"BreadcrumbList","@id":"https:\/\/www.top5credits.com\/de\/kreditvergleich\/kredit-1000euro\/#breadcrumb","itemListElement":[{"@type":"ListItem","position":1,"name":"Top5Credits.com","item":"https:\/\/www.top5credits.com\/de\/"},{"@type":"ListItem","position":2,"name":"Kreditvergleich","item":"https:\/\/www.top5credits.com\/de\/kreditvergleich\/"},{"@type":"ListItem","position":3,"name":"1.000 Euro Kredit"}]},{"@type":"WebSite","@id":"https:\/\/www.top5credits.com\/de\/#website","url":"https:\/\/www.top5credits.com\/de\/","name":"Top5Credits.com Deutschland","description":"","publisher":{"@id":"https:\/\/www.top5credits.com\/de\/#organization"},"potentialAction":[{"@type":"SearchAction","target":{"@type":"EntryPoint","urlTemplate":"https:\/\/www.top5credits.com\/de\/?s={search_term_string}"},"query-input":{"@type":"PropertyValueSpecification","valueRequired":true,"valueName":"search_term_string"}}],"inLanguage":"de"},{"@type":"Organization","@id":"https:\/\/www.top5credits.com\/de\/#organization","name":"Top5Credits.com","url":"https:\/\/www.top5credits.com\/de\/","logo":{"@type":"ImageObject","inLanguage":"de","@id":"https:\/\/www.top5credits.com\/de\/#\/schema\/logo\/image\/","url":"https:\/\/cdn.top5credits.com\/de\/wp-content\/uploads\/sites\/6\/2023\/10\/t5c-favicon.png","contentUrl":"https:\/\/cdn.top5credits.com\/de\/wp-content\/uploads\/sites\/6\/2023\/10\/t5c-favicon.png","width":512,"height":512,"caption":"Top5Credits.com"},"image":{"@id":"https:\/\/www.top5credits.com\/de\/#\/schema\/logo\/image\/"}}]}},"_links":{"self":[{"href":"https:\/\/www.top5credits.com\/de\/wp-json\/wp\/v2\/pages\/1285","targetHints":{"allow":["GET"]}}],"collection":[{"href":"https:\/\/www.top5credits.com\/de\/wp-json\/wp\/v2\/pages"}],"about":[{"href":"https:\/\/www.top5credits.com\/de\/wp-json\/wp\/v2\/types\/page"}],"author":[{"embeddable":true,"href":"https:\/\/www.top5credits.com\/de\/wp-json\/wp\/v2\/users\/22"}],"replies":[{"embeddable":true,"href":"https:\/\/www.top5credits.com\/de\/wp-json\/wp\/v2\/comments?post=1285"}],"version-history":[{"count":0,"href":"https:\/\/www.top5credits.com\/de\/wp-json\/wp\/v2\/pages\/1285\/revisions"}],"up":[{"embeddable":true,"href":"https:\/\/www.top5credits.com\/de\/wp-json\/wp\/v2\/pages\/408"}],"wp:attachment":[{"href":"https:\/\/www.top5credits.com\/de\/wp-json\/wp\/v2\/media?parent=1285"}],"curies":[{"name":"wp","href":"https:\/\/api.w.org\/{rel}","templated":true}]}}