{"id":1313,"date":"2022-08-03T10:16:23","date_gmt":"2022-08-03T08:16:23","guid":{"rendered":"https:\/\/www.top5credits.com\/de\/?page_id=1313"},"modified":"2023-02-24T13:07:51","modified_gmt":"2023-02-24T12:07:51","slug":"kredit-selbststaendige-sofortzusage","status":"publish","type":"page","link":"https:\/\/www.top5credits.com\/de\/kredit-selbststaendige-sofortzusage\/","title":{"rendered":"Kredit f\u00fcr Selbstst\u00e4ndige"},"content":{"rendered":"\n<div class=\"wp-block-group first-section\"><div class=\"wp-block-group__inner-container is-layout-flow wp-block-group-is-layout-flow\">\n<h1 class=\"wp-block-heading\">Kredit f\u00fcr Selbstst\u00e4ndige<\/h1>\n\n\n\n<p>Sind Sie <strong>selbst\u00e4ndig<\/strong>? Dann sollte es f\u00fcr Sie kein Problem sein einen Kredit zu erhalten.<\/p>\n\n\n\n<p>Heutzutage ist es f\u00fcr Freiberufler, Gewerbetreiber und Selbst\u00e4ndige leichter als je zuvor einen Kredit zu beantragen. Nebens\u00e4chlich ist dabei auch der Verwendungszweck sprich berufliche oder privat. Ausgew\u00e4hlte Banken bieten Kredite f\u00fcr diese Personengruppe an, ohne dass man sich dabei im b\u00fcrokratischen Papierlabyrinth verirrt. M\u00f6chten Sie also einen Ratenkredit abschlie\u00dfen, wird lediglich Ihre Bonit\u00e4t abgefragt und eine Auskunft \u00fcber Ihre finanzielle Lage per SCHUFA eingeholt. Als Nachweisdokument reichen Sie Ihre Einnahme-\u00dcberschuss Rechnungen oder eine betriebswirtschaftliche Auswertung ein, welche den Gehaltsnachweis ersetzen.<\/p>\n\n\n\n<\/div><\/div>\n\n\n\n\n\n\n<div class=\"top-results palkkio\">\n<span class=\"huomiomerkki\">!<\/span> Unsere Geb\u00fchr beeinflusst die Reihenfolge der Auflistung \u2013 weitere Informationen dazu <span class=\"plus-trigger\">+<\/span>\n<p>Top5Credits.com ist ein kostenloser Service, der n\u00fctzliche Informationen und Inhalte f\u00fcr seine Benutzer bereitstellt. Wir vergleichen und bewerten Kreditservices mit echter Erfahrung. Damit der Service f\u00fcr unsere Benutzer kostenlos bleibt, erhalten wir von unseren Partnern eine Verg\u00fctung f\u00fcr die an sie vermittelten Kunden. Die H\u00f6he der Verg\u00fctung beeinflusst die Reihenfolge der Auflistung.<\/p>\n<\/div>\n\n\n\n<p>In diesem Artikel zeigen wir Ihnen Kredite, die f\u00fcr Sie als Selbst\u00e4ndige:r passend sie und wie Sie diese beantragen k\u00f6nnen.<\/p>\n\n\n\n<h3 class=\"wp-block-heading\">Die Kreditvergabe zwischen Gewerbetreibenden und Freiberuflern<\/h3>\n\n\n\n<p>Je nachdem welches Arbeitsverh\u00e4ltnis Sie pflegen, gibt es bei der Kreditvergabe\/Kreditangeboten sowie in steuerrechtlicher Hinsicht Unterschiede zwischen Gewerbetreibern und Freiberuflern. Gewerbetreibende, sprich H\u00e4ndler, Handwerker usw. haben weniger Auswahl was das Kreditangebot betrifft und zus\u00e4tzlich m\u00fcssen Sie Gewerbesteuern bezahlen. Bei Selbstst\u00e4ndigen l\u00e4uft alles etwas milder ab, denn diese melden sich beim Finanzamt und eine Einnahmen-\u00dcberschuss-Rechnung wird als Steuererkl\u00e4rung akzeptiert. Neben k\u00fcnstlerischen und naturwissenschaftlichen Berufen, fallen auch Architekt:innen sowie \u00c4rzt:innen in die Kategorie der Freiberufler.<\/p>\n\n\n\n<h2 class=\"wp-block-heading\">Private Kredite<\/h2>\n\n\n\n<p>M\u00f6chten Sie neue Anschaffungen im privaten Bereich t\u00e4tige, wie eine neue K\u00fcche oder gar einen Neuwagen, dann ist ein Ratenkredit die beste L\u00f6sung. Die Maximalsumme dieser Kredite umfasst bis zu 100.000 \u20ac, jedoch gibt es Banken, deren Limit bei 65.000 \u20ac liegt. Ihre Bonit\u00e4t entscheidet \u00fcber das Stattgeben des Kredits, keine weiteren b\u00fcrokratischen Voraussetzungen als Selbst\u00e4ndiger kommen auf Sie zu.<\/p>\n\n\n\n<p>Auch das Um- oder Erbauen von Immobilien f\u00e4llt unter den privaten Verwendungszweck. Jedoch wird hier mehr auf Ihre finanzielle Verf\u00fcgbarkeit geachtet, da Banken das Risiko der Zahlungsunf\u00e4higkeit bei Selbst\u00e4ndigen nicht eingehen m\u00f6chten, vor allem deshalb, weil es sich meist um f\u00fcnf- bis sechsstellige Kredite handelt.<\/p>\n\n\n\n<p>Aus den oben genannten Gr\u00fcnden schrumpft daher die Auswahl an Banken, die Selbst\u00e4ndigen einen Kredit gew\u00e4hrleisten.<br>Die genannte Personengruppe war es bis vor wenigen Jahren gewohnt, dass deren Kreditantrag aufgrund von unstetigem Einkommen oder hoher Ausfallsrate abgelehnt wurde. Denn, Beamte oder Angestellte, konnten im Vergleich zu Selbst\u00e4ndigen ein gleichm\u00e4\u00dfiges Monatseinkommen vorweisen, welches als eine der wichtigsten Voraussetzungen bei einem Kredit gilt.<\/p>\n\n\n\n<p>Das Monatseinkommen ist daher eine so wichtige Ausgangsquelle, da es unterschiedliche Faktoren wie die Auftragslage oder die Marktdurchdringung beeinflusst. Schwankt das Einkommen von Monat zu Monat, so ist es beinahe unm\u00f6glich die Bonit\u00e4t der\/des jeweiligen Kund:in sachlich abzuw\u00e4gen. Unfairerweise rutschen Selbst\u00e4ndige schnell in die Kategorie der Risikogruppe hinein.<\/p>\n\n\n\n<p>Dank der schnell voranschreitenden Digitalisierung der letzten Jahre, bekommen Selbst\u00e4ndige sowie Gewerbetreiber von kleinen und mittelst\u00e4ndischen Unternehmen, besser Chancen auf dem Finanzmarkt. Der Bankberater ist nicht mehr die Nummer-Eins Ansprechperson, wenn ein Kredit beantragt werden m\u00f6chte. Das geht heutzutage ganz einfach \u00fcber die unz\u00e4hligen Onlineangebote. Der Unterschied dazu ist, dass nicht die Bank den Kredit vergibt und \u00fcber die Kreditw\u00fcrdigkeit entscheiden, sondern der Kredit von einer Privatperson zur Verf\u00fcgung gestellt wird. Obwohl es sich eigentlich um einen <a href=\"https:\/\/www.top5credits.com\/de\/kreditvergleich\/privatkredit-online-vergleichen\/\">Privatkredit<\/a> handelt, kann dieser trotzdem f\u00fcr berufliche bzw. gesch\u00e4ftliche Zwecke genutzt werden.<\/p>\n\n\n\n<h2 class=\"wp-block-heading\">Das ist jedoch zu beachten<\/h2>\n\n\n\n<p>Mit den Jahren wurde es leichter, dass einem Kreditantrag von einer selbst\u00e4ndig besch\u00e4ftigten Person bei einer Bank stattgegeben wird, jedoch gibt es immer noch Banken, die diesen ablehnen. Die Bankstellen haben meist unterschiedliche Gr\u00fcnde, warum sie einen Kredit verweigern. Zum einen w\u00e4re, dass die kreditsuchende Person allein arbeitet, was zur Folge hat, dass der Umsatz krankheitsbedingt ausfallen k\u00f6nnte und das zu einer Zahlungsunf\u00e4higkeit f\u00fchrt. Banken wie die Raiffeisenbank oder auch die Volksbank geben keinen Kredit an Personen, die unf\u00e4hig sind ein regelm\u00e4\u00dfiges Einkommen nachzuweisen. Da hilft auch der Nachweise der jahrelangen Selbst\u00e4ndigkeit nicht weiter. Es erscheint daher als hilfreich, wenn Sie ein Unternehmen starten, in dem Sie mehrere Mitarbeiter:innen besch\u00e4ftigen k\u00f6nnen, um das oben genannte Problem zu l\u00f6sen.<\/p>\n\n\n\n<p>Wiederum gibt es Banken, denen der Nachweis eines regelm\u00e4\u00dfigen Einkommens nicht so wichtig ist. Manche spezialisieren sich auf die Kreditvergabe an selbst\u00e4ndige Personen. Um jedoch trotz deren Leitbild einen Kredit zu bekommen, sollten Sie folgende Dokumente bereits vorbereitet haben, bevor Sie einen Antrag stellen:<\/p>\n\n\n\n<ul class=\"wp-block-list\">\n<li>Alle wichtigen Dokumente und Papiere<\/li>\n\n\n\n<li>Nachweis Ihrer Einnahmen-\u00dcberschuss-Rechnungen<\/li>\n\n\n\n<li>Nachweis einer positiven Bonit\u00e4t<\/li>\n\n\n\n<li>Alle weiteren Versicherungen (z.B. Lebensversicherung) vorweisen<\/li>\n<\/ul>\n\n\n\n<p>Wichtig ist, dass Sie all Ihre Dokumente sortiert vorweisen k\u00f6nnen und einen guten Eindruck auf die Kreditgeber machen, dann das spielt eine gro\u00dfe Rolle. Handeln Sie professionell und unterlassen sie \u00dcberheblichkeit, seien Sie gut vorbereitet und informieren Sie sich vorneweg \u00fcber alles was wichtig sein k\u00f6nnte. Kommen Sie schon gestresst und \u00fcberfordert zum Gespr\u00e4ch, schm\u00e4lert das Ihre Chancen einen Kredit zu bekommen enorm.<\/p>\n\n\n\n<h3 class=\"wp-block-heading\">Mitkreditnehmer<\/h3>\n\n\n\n<p>Haben Sie alle Schritte durchlaufen und alle m\u00f6glichen Bankinstitute kontaktiert und waren dennoch nicht erfolgreich, so gibt es immer noch eine Option, auf die Sie zur\u00fcckgreifen k\u00f6nnen, um einen Kredit zu erhalten. Die \u201eBesicherung\u201c erlaubt einer selbst\u00e4ndigen Person einen weiteren Mitkreditnehmer mit ins Boot zu holen.<br>Wer als Mitkreditnehmer berechtigt ist, h\u00e4ngt vom Kreditgeber ab. Jedoch handelt es sich meistens um jemanden aus dem famili\u00e4ren Umfeld, manchmal haben aber auch Gesch\u00e4ftspartner das Privileg.<\/p>\n\n\n\n<h3 class=\"wp-block-heading\">Kreditb\u00fcrgen<\/h3>\n\n\n\n<p>Irrt sich die Bank bei der Einstufung eines Kreditausfalls, so kann sie nach einem B\u00fcrgen fordern. Dieser B\u00fcrge kommt dann ins Spiel, wenn der urspr\u00fcngliche Kreditnehmer seine Raten nicht mehr bezahlen kann. Im Kreditvertrag wird schriftlich festgehalten, dass der B\u00fcrge bei Zahlungsverlust des Kreditnehmers haftet und das, bis alle Schulden bez\u00fcglich des Kredits beglichen wurden.<\/p>\n\n\n\n<h3 class=\"wp-block-heading\">Ausschlusskriterien<\/h3>\n\n\n\n<p>Auch wenn sich die Arbeitsvertr\u00e4ge sowie einkommenstechnisch Unterschiede zwischen Selbst\u00e4ndigen und Arbeitern bei den zu voraussetzenden Kriterien eines Kreditantrages unterscheiden, sind die Ausschlusskriterien meist gleich oder gar dieselben.<\/p>\n\n\n\n<h3 class=\"wp-block-heading\">Ein gek\u00fcndigter Kreditvertrag<\/h3>\n\n\n\n<p>Hatten Sie innerhalb der letzten f\u00fcnf bis sieben Jahren bereits einen Kredit am Laufen, den Sie aber finanziell nicht begleichen konnten und somit der Kreditgeber den Vertrag gek\u00fcndigt hat, dann stehen Ihre Chancen eines erneuten Kreditantrags (auch bei anderen Kreditgebern) wahrscheinlich eher schlecht.<\/p>\n\n\n\n<p>Abh\u00e4ngig davon, ob Ihnen ein erneuter Kredit zusteht, ist meist die Dokumentation des Kreditunternehmens und die SCHUFA-Auskunft, wobei deren Aufzeichnungen sich zu den des Kreditinstituts unterscheiden k\u00f6nnen.<\/p>\n\n\n\n<h2 class=\"wp-block-heading\">Worauf Sie bei einem Selbst\u00e4ndigen-Kredit achten m\u00fcssen<\/h2>\n\n\n\n<p>Sind Sie der \u00dcberzeugung, dass Sie alles haben, was es bedarf um einem Kredit stattgegeben zu bekommen, freuen Sie sich nicht zu fr\u00fch. Dieser kann n\u00e4mlich immer noch abgelehnt werden. Informieren Sie sich fr\u00fch genug dar\u00fcber, welche Sicherheiten der Kreditgeber anerkennt, um Sie dann nicht im letzten Augenblick abzulehnen.<\/p>\n\n\n\n<h3 class=\"wp-block-heading\">Diese Sicherheiten werden bei den meisten Kreditgebern bei einem Selbstst\u00e4ndigen-Kredit akzeptiert:<\/h3>\n\n\n\n<ul class=\"wp-block-list\">\n<li>Unbebaute Grundst\u00fccke, Immobilien, Wohnungen, etc.<\/li>\n\n\n\n<li>Alle Arten von Wertpapieren sowie Aktien<\/li>\n\n\n\n<li>B\u00fcrgschaften<\/li>\n\n\n\n<li>Alle Art von Fahrzeugen und Kfz (auch Gesch\u00e4ftswagen oder Transporter)<\/li>\n\n\n\n<li>Ausstattung des Gesch\u00e4fts bzw. Unternehmens<\/li>\n<\/ul>\n\n\n\n<p>Die B\u00fcrgschaft kann meist bei jungen Freiberuflern zum Problem f\u00fchren, einen Kredit zu erhalten. Dennoch gibt es immer einen Weg, einen Kredit zu erhalten. Auch wenn man freiberuflich besch\u00e4ftigt ist.<\/p>\n\n\n\n<h2 class=\"wp-block-heading\">Voraussetzungen bei herk\u00f6mmlichen Krediten<\/h2>\n\n\n\n<p>Die Liste der verschiedenen Arten von Krediten, die auf dem Markt angeboten werden, ist lang. Sie reicht von Ratenkrediten, Baufinanzierungen \u00fcber Peer-to-Peer-Kredite bis zu Dispo-Krediten und KfW-Krediten und noch viel weiter. Da diese Kredite aber meist von Banken selbst vergeben werden, erschwert sich ein passender Fund und infolge ein Bescheid f\u00fcr Freiberufler und Selbstst\u00e4ndige drastisch, da ein sicheres Einkommen ein Muss ist. Auch wenn der monatliche Betrag des Einkommens eines Selbst\u00e4ndigen h\u00f6her ist als das eines Beamten mit Vertrag, gibt es dennoch keine Sicherheit, dass das f\u00fcr immer so bleiben wird. Und falls es doch eine Bank gibt, die einem Antrag stattgibt, dann ist die Kreditsumme meist nicht ausreichenden und die Konditionen sind schlecht.<\/p>\n\n\n\n<h3 class=\"wp-block-heading\">Die Bank entscheidet nach folgenden Faktoren \u00fcber die Kreditw\u00fcrdigkeit:<\/h3>\n\n\n\n<ul class=\"wp-block-list\">\n<li>die Bonit\u00e4t<\/li>\n\n\n\n<li>den SCHUFA-Score<\/li>\n\n\n\n<li>das Alter<\/li>\n\n\n\n<li>den Wohnort<\/li>\n\n\n\n<li>Ihre Sicherheiten<\/li>\n<\/ul>\n\n\n\n<p>Der Arbeitsvertrag ist meistens die wichtigste Sicherheit, die vorgewiesen werden muss, was sich f\u00fcr Selbst\u00e4ndige und Freiberufler als Dorn im Auge beweist, da sie \u00fcber jeweiliges Dokument nicht verf\u00fcgen. Keine Rolle spielt hierbei ob der Kredit als Privat- oder Unternehmenskredit beantragt wird.<\/p>\n","protected":false},"excerpt":{"rendered":"<p>Kredit f\u00fcr Selbstst\u00e4ndige Sind Sie selbst\u00e4ndig? Dann sollte es f\u00fcr Sie kein Problem sein einen Kredit zu erhalten. Heutzutage ist es f\u00fcr Freiberufler, Gewerbetreiber und<\/p>\n<p class=\"more-link\"><span class=\"screen-reader-text\">Kredit f\u00fcr Selbstst\u00e4ndige<\/span> weiterlesen<\/p>\n","protected":false},"author":22,"featured_media":0,"parent":0,"menu_order":0,"comment_status":"closed","ping_status":"closed","template":"page-results.php","meta":{"footnotes":""},"class_list":["post-1313","page","type-page","status-publish","hentry","entry"],"yoast_head":"<!-- This site is optimized with the Yoast SEO plugin v27.3 - https:\/\/yoast.com\/product\/yoast-seo-wordpress\/ -->\n<title>Kredit f\u00fcr Selbstst\u00e4ndige und Freiberufler online beantragen<\/title>\n<meta name=\"description\" content=\"Da eine R\u00fcckzahlung bei Festangestellten oder Beamten ein wenig wahrscheinlicher ist, haben es Selbstst\u00e4ndige erfahrungsgem\u00e4\u00df etwas schwerer als Angestellte, ein Darlehen zu erhalten.\" \/>\n<meta name=\"robots\" content=\"index, follow, max-snippet:-1, max-image-preview:large, max-video-preview:-1\" \/>\n<link rel=\"canonical\" href=\"https:\/\/www.top5credits.com\/de\/kredit-selbststaendige-sofortzusage\/\" \/>\n<meta property=\"og:locale\" content=\"de_DE\" \/>\n<meta property=\"og:type\" content=\"article\" \/>\n<meta property=\"og:title\" content=\"Kredit f\u00fcr Selbstst\u00e4ndige und Freiberufler online beantragen\" \/>\n<meta property=\"og:description\" content=\"Da eine R\u00fcckzahlung bei Festangestellten oder Beamten ein wenig wahrscheinlicher ist, haben es Selbstst\u00e4ndige erfahrungsgem\u00e4\u00df etwas schwerer als Angestellte, ein Darlehen zu erhalten.\" \/>\n<meta property=\"og:url\" content=\"https:\/\/www.top5credits.com\/de\/kredit-selbststaendige-sofortzusage\/\" \/>\n<meta property=\"og:site_name\" content=\"Top5Credits.com Deutschland\" \/>\n<meta property=\"article:modified_time\" content=\"2023-02-24T12:07:51+00:00\" \/>\n<meta property=\"og:image\" content=\"https:\/\/cdn.top5credits.com\/de\/wp-content\/uploads\/sites\/6\/2023\/11\/top5credits-com-ogimage.png?cdn=1.1.6\" \/>\n\t<meta property=\"og:image:width\" content=\"1200\" \/>\n\t<meta property=\"og:image:height\" content=\"630\" \/>\n\t<meta property=\"og:image:type\" content=\"image\/png\" \/>\n<meta name=\"twitter:card\" content=\"summary_large_image\" \/>\n<script type=\"application\/ld+json\" class=\"yoast-schema-graph\">{\"@context\":\"https:\\\/\\\/schema.org\",\"@graph\":[{\"@type\":\"WebPage\",\"@id\":\"https:\\\/\\\/www.top5credits.com\\\/de\\\/kredit-selbststaendige-sofortzusage\\\/\",\"url\":\"https:\\\/\\\/www.top5credits.com\\\/de\\\/kredit-selbststaendige-sofortzusage\\\/\",\"name\":\"Kredit f\u00fcr Selbstst\u00e4ndige und Freiberufler online beantragen\",\"isPartOf\":{\"@id\":\"https:\\\/\\\/www.top5credits.com\\\/de\\\/#website\"},\"datePublished\":\"2022-08-03T08:16:23+00:00\",\"dateModified\":\"2023-02-24T12:07:51+00:00\",\"description\":\"Da eine R\u00fcckzahlung bei Festangestellten oder Beamten ein wenig wahrscheinlicher ist, haben es Selbstst\u00e4ndige erfahrungsgem\u00e4\u00df etwas schwerer als Angestellte, ein Darlehen zu erhalten.\",\"breadcrumb\":{\"@id\":\"https:\\\/\\\/www.top5credits.com\\\/de\\\/kredit-selbststaendige-sofortzusage\\\/#breadcrumb\"},\"inLanguage\":\"de\",\"potentialAction\":[{\"@type\":\"ReadAction\",\"target\":[\"https:\\\/\\\/www.top5credits.com\\\/de\\\/kredit-selbststaendige-sofortzusage\\\/\"]}]},{\"@type\":\"BreadcrumbList\",\"@id\":\"https:\\\/\\\/www.top5credits.com\\\/de\\\/kredit-selbststaendige-sofortzusage\\\/#breadcrumb\",\"itemListElement\":[{\"@type\":\"ListItem\",\"position\":1,\"name\":\"Top5Credits.com\",\"item\":\"https:\\\/\\\/www.top5credits.com\\\/de\\\/\"},{\"@type\":\"ListItem\",\"position\":2,\"name\":\"Kredit f\u00fcr Selbstst\u00e4ndige\"}]},{\"@type\":\"WebSite\",\"@id\":\"https:\\\/\\\/www.top5credits.com\\\/de\\\/#website\",\"url\":\"https:\\\/\\\/www.top5credits.com\\\/de\\\/\",\"name\":\"Top5Credits.com Deutschland\",\"description\":\"\",\"publisher\":{\"@id\":\"https:\\\/\\\/www.top5credits.com\\\/de\\\/#organization\"},\"potentialAction\":[{\"@type\":\"SearchAction\",\"target\":{\"@type\":\"EntryPoint\",\"urlTemplate\":\"https:\\\/\\\/www.top5credits.com\\\/de\\\/?s={search_term_string}\"},\"query-input\":{\"@type\":\"PropertyValueSpecification\",\"valueRequired\":true,\"valueName\":\"search_term_string\"}}],\"inLanguage\":\"de\"},{\"@type\":\"Organization\",\"@id\":\"https:\\\/\\\/www.top5credits.com\\\/de\\\/#organization\",\"name\":\"Top5Credits.com\",\"url\":\"https:\\\/\\\/www.top5credits.com\\\/de\\\/\",\"logo\":{\"@type\":\"ImageObject\",\"inLanguage\":\"de\",\"@id\":\"https:\\\/\\\/www.top5credits.com\\\/de\\\/#\\\/schema\\\/logo\\\/image\\\/\",\"url\":\"https:\\\/\\\/cdn.top5credits.com\\\/de\\\/wp-content\\\/uploads\\\/sites\\\/6\\\/2023\\\/10\\\/t5c-favicon.png\",\"contentUrl\":\"https:\\\/\\\/cdn.top5credits.com\\\/de\\\/wp-content\\\/uploads\\\/sites\\\/6\\\/2023\\\/10\\\/t5c-favicon.png\",\"width\":512,\"height\":512,\"caption\":\"Top5Credits.com\"},\"image\":{\"@id\":\"https:\\\/\\\/www.top5credits.com\\\/de\\\/#\\\/schema\\\/logo\\\/image\\\/\"}}]}<\/script>\n<!-- \/ Yoast SEO plugin. -->","yoast_head_json":{"title":"Kredit f\u00fcr Selbstst\u00e4ndige und Freiberufler online beantragen","description":"Da eine R\u00fcckzahlung bei Festangestellten oder Beamten ein wenig wahrscheinlicher ist, haben es Selbstst\u00e4ndige erfahrungsgem\u00e4\u00df etwas schwerer als Angestellte, ein Darlehen zu erhalten.","robots":{"index":"index","follow":"follow","max-snippet":"max-snippet:-1","max-image-preview":"max-image-preview:large","max-video-preview":"max-video-preview:-1"},"canonical":"https:\/\/www.top5credits.com\/de\/kredit-selbststaendige-sofortzusage\/","og_locale":"de_DE","og_type":"article","og_title":"Kredit f\u00fcr Selbstst\u00e4ndige und Freiberufler online beantragen","og_description":"Da eine R\u00fcckzahlung bei Festangestellten oder Beamten ein wenig wahrscheinlicher ist, haben es Selbstst\u00e4ndige erfahrungsgem\u00e4\u00df etwas schwerer als Angestellte, ein Darlehen zu erhalten.","og_url":"https:\/\/www.top5credits.com\/de\/kredit-selbststaendige-sofortzusage\/","og_site_name":"Top5Credits.com Deutschland","article_modified_time":"2023-02-24T12:07:51+00:00","og_image":[{"width":1200,"height":630,"url":"https:\/\/cdn.top5credits.com\/de\/wp-content\/uploads\/sites\/6\/2023\/11\/top5credits-com-ogimage.png?cdn=1.1.6","type":"image\/png"}],"twitter_card":"summary_large_image","schema":{"@context":"https:\/\/schema.org","@graph":[{"@type":"WebPage","@id":"https:\/\/www.top5credits.com\/de\/kredit-selbststaendige-sofortzusage\/","url":"https:\/\/www.top5credits.com\/de\/kredit-selbststaendige-sofortzusage\/","name":"Kredit f\u00fcr Selbstst\u00e4ndige und Freiberufler online beantragen","isPartOf":{"@id":"https:\/\/www.top5credits.com\/de\/#website"},"datePublished":"2022-08-03T08:16:23+00:00","dateModified":"2023-02-24T12:07:51+00:00","description":"Da eine R\u00fcckzahlung bei Festangestellten oder Beamten ein wenig wahrscheinlicher ist, haben es Selbstst\u00e4ndige erfahrungsgem\u00e4\u00df etwas schwerer als Angestellte, ein Darlehen zu erhalten.","breadcrumb":{"@id":"https:\/\/www.top5credits.com\/de\/kredit-selbststaendige-sofortzusage\/#breadcrumb"},"inLanguage":"de","potentialAction":[{"@type":"ReadAction","target":["https:\/\/www.top5credits.com\/de\/kredit-selbststaendige-sofortzusage\/"]}]},{"@type":"BreadcrumbList","@id":"https:\/\/www.top5credits.com\/de\/kredit-selbststaendige-sofortzusage\/#breadcrumb","itemListElement":[{"@type":"ListItem","position":1,"name":"Top5Credits.com","item":"https:\/\/www.top5credits.com\/de\/"},{"@type":"ListItem","position":2,"name":"Kredit f\u00fcr Selbstst\u00e4ndige"}]},{"@type":"WebSite","@id":"https:\/\/www.top5credits.com\/de\/#website","url":"https:\/\/www.top5credits.com\/de\/","name":"Top5Credits.com Deutschland","description":"","publisher":{"@id":"https:\/\/www.top5credits.com\/de\/#organization"},"potentialAction":[{"@type":"SearchAction","target":{"@type":"EntryPoint","urlTemplate":"https:\/\/www.top5credits.com\/de\/?s={search_term_string}"},"query-input":{"@type":"PropertyValueSpecification","valueRequired":true,"valueName":"search_term_string"}}],"inLanguage":"de"},{"@type":"Organization","@id":"https:\/\/www.top5credits.com\/de\/#organization","name":"Top5Credits.com","url":"https:\/\/www.top5credits.com\/de\/","logo":{"@type":"ImageObject","inLanguage":"de","@id":"https:\/\/www.top5credits.com\/de\/#\/schema\/logo\/image\/","url":"https:\/\/cdn.top5credits.com\/de\/wp-content\/uploads\/sites\/6\/2023\/10\/t5c-favicon.png","contentUrl":"https:\/\/cdn.top5credits.com\/de\/wp-content\/uploads\/sites\/6\/2023\/10\/t5c-favicon.png","width":512,"height":512,"caption":"Top5Credits.com"},"image":{"@id":"https:\/\/www.top5credits.com\/de\/#\/schema\/logo\/image\/"}}]}},"_links":{"self":[{"href":"https:\/\/www.top5credits.com\/de\/wp-json\/wp\/v2\/pages\/1313","targetHints":{"allow":["GET"]}}],"collection":[{"href":"https:\/\/www.top5credits.com\/de\/wp-json\/wp\/v2\/pages"}],"about":[{"href":"https:\/\/www.top5credits.com\/de\/wp-json\/wp\/v2\/types\/page"}],"author":[{"embeddable":true,"href":"https:\/\/www.top5credits.com\/de\/wp-json\/wp\/v2\/users\/22"}],"replies":[{"embeddable":true,"href":"https:\/\/www.top5credits.com\/de\/wp-json\/wp\/v2\/comments?post=1313"}],"version-history":[{"count":0,"href":"https:\/\/www.top5credits.com\/de\/wp-json\/wp\/v2\/pages\/1313\/revisions"}],"wp:attachment":[{"href":"https:\/\/www.top5credits.com\/de\/wp-json\/wp\/v2\/media?parent=1313"}],"curies":[{"name":"wp","href":"https:\/\/api.w.org\/{rel}","templated":true}]}}