{"id":32,"date":"2019-04-16T12:13:01","date_gmt":"2019-04-16T12:13:01","guid":{"rendered":"https:\/\/www.top5credits.com\/de\/?page_id=32"},"modified":"2023-10-06T12:49:08","modified_gmt":"2023-10-06T10:49:08","slug":"impressum","status":"publish","type":"page","link":"https:\/\/www.top5credits.com\/de\/impressum\/","title":{"rendered":"Impressum"},"content":{"rendered":"\n<h1 class=\"wp-block-heading\">Impressum<\/h1>\n\n\n\n<figure class=\"wp-block-image size-full is-resized\"><img decoding=\"async\" src=\"https:\/\/cdn.top5credits.com\/de\/wp-content\/uploads\/sites\/6\/2023\/10\/top5credits-com-logo.png?cdn=1.1.6\" alt=\"top5credits\" class=\"wp-image-6357\" style=\"width:200px\" width=\"200\"\/><\/figure>\n\n\n\n<p>Finden Sie mit Top5Credits.com den Kredit, der am besten zu Ihnen passt. Dank unserer eigen entwickelten Technologie finden wir die f\u00fcnf am besten geeigneten Optionen von unterschiedlichen Banken und Kreditanbietern, basierend auf Ihrem Konsumentenprofil und unseren Daten.<\/p>\n\n\n\n<p>Damit wir garantieren k\u00f6nnen, dass sie die besten und seri\u00f6sesten Angebote erhalten, hat unser Team die verschiedenen Kreditangebote verglichen und ist sogar noch einen Schritt weiter gegangen und hat die verschiedenen Optionen pers\u00f6nlich getestet und bewertet.<\/p>\n\n\n\n<p>Top5Credits.com geh\u00f6rt zu dem finnischen Unternehmen <a href=\"https:\/\/draivi.com\/\" target=\"_blank\" rel=\"noreferrer noopener\">Draivi<\/a> (Helsinki \/ Finland \/ Ust-IdNr: FI-24645516), welches seit 2012 \u00fcber eine Millionen Kunden dabei geholfen hat, Kredite zu vergleichen. Unsere T\u00e4tigkeiten erstrecken sich dabei \u00fcber die unterschiedlichsten L\u00e4nder wie Deutschland, Spanien, Schweden, Norwegen, D\u00e4nemark, Finnland und S\u00fcdafrika. Dabei nutzen wir Daten, Analysen und Marketingtechnologien effizient, um die bestm\u00f6glichen Ergebnisse zu erzielen.<\/p>\n\n\n\n<p><strong>Gerne geben wir unser Wissen weiter und teilen Informationen und Daten mit Anbietern und anderen Interessenten am Verbraucherkreditmarkt, darunter:<\/strong><\/p>\n\n\n\n<ul class=\"wp-block-list\">\n<li>Expertise in Verbraucherkrediten<\/li>\n\n\n\n<li>Anonymisierte Daten zu typischen Verbraucherprofilen f\u00fcr verschiedene Kreditprodukte<\/li>\n\n\n\n<li>Daten zu den Unterschieden von M\u00e4rkten zwischen europ\u00e4ischen L\u00e4ndern (Deutschland, Spanien, Schweden, Norwegen, D\u00e4nemark, Finnland)<\/li>\n\n\n\n<li>Daten zu saisonalen Schwankungen in verschiedenen Monaten und Jahreszeiten<\/li>\n\n\n\n<li>Daten, Berichte und Kommentare zur Entwicklung des Verbraucherkreditmarktes<\/li>\n<\/ul>\n\n\n\n<p>An einer Zusammenarbeit interessiert? Wir arbeiten gerne mit verschiedenen Medien, Verlagen, Affiliate-Netzwerken, Finanzunternehmen und Kreditvermittlern zusammen.<\/p>\n\n\n\n<p>F\u00fcr weitere Informationen kontaktieren Sie uns gerne hier!<\/p>\n\n\n\n<h3 class=\"wp-block-heading\">Anbieter:<\/h3>\n\n\n\n<p>Draivi Media Oy<br>Runeberginkatu 5, 4th floor<br>00100 Helsinki, Finnland<\/p>\n\n\n\n<p>E-Mail: info@draivi.com<br>Website: <a href=\"http:\/\/draivi.com\">www.draivi.com<\/a><\/p>\n\n\n\n<p>Tel.: +358 40 562 9688&nbsp;<\/p>\n\n\n\n<p>Draivi Media ist eine nach finnischem Recht gegr\u00fcndete und registrierte Gesellschaft.<\/p>\n\n\n\n<p>Handelsregisternummer: 2464551-6<\/p>\n\n\n\n<p>Umsatzsteuer-ID: FI24645516<\/p>\n\n\n\n<p>Gesch\u00e4ftsf\u00fchrer: <a href=\"https:\/\/www.linkedin.com\/in\/villekymalainen\/\" target=\"_blank\" rel=\"noreferrer noopener\">Herr Ville Kym\u00e4l\u00e4inen<\/a><\/p>\n\n\n\n<p><strong>Datenschutzerkl\u00e4rung<\/strong><br>Lesen Sie <a href=\"https:\/\/www.top5credits.com\/de\/datenschutz\/\">hier<\/a> unsere Datenschutzerkl\u00e4rung.<\/p>\n\n\n\n<p><strong>M\u00f6chten Sie mit uns zusammenarbeiten?<\/strong><br>Bitte wenden Sie sich per E-Mail an unseren Partnerschaftsmanager <a href=\"https:\/\/www.linkedin.com\/in\/christian-selle-b148b523\/\" target=\"_blank\" rel=\"noreferrer noopener\">Christian Selle<\/a> unter: christian@draivimedia.com<\/p>\n","protected":false},"excerpt":{"rendered":"<p>Impressum Finden Sie mit Top5Credits.com den Kredit, der am besten zu Ihnen passt. Dank unserer eigen entwickelten Technologie finden wir die f\u00fcnf am besten geeigneten<\/p>\n<p class=\"more-link\"><span class=\"screen-reader-text\">Impressum<\/span> weiterlesen<\/p>\n","protected":false},"author":2,"featured_media":0,"parent":0,"menu_order":0,"comment_status":"closed","ping_status":"closed","template":"","meta":{"footnotes":""},"class_list":["post-32","page","type-page","status-publish","hentry","entry"],"yoast_head":"<!-- This site is optimized with the Yoast SEO plugin v27.3 - https:\/\/yoast.com\/product\/yoast-seo-wordpress\/ -->\n<title>Impressum - Top5Credits.com<\/title>\n<meta name=\"robots\" content=\"index, follow, max-snippet:-1, max-image-preview:large, max-video-preview:-1\" \/>\n<link rel=\"canonical\" href=\"https:\/\/www.top5credits.com\/de\/impressum\/\" \/>\n<meta property=\"og:locale\" content=\"de_DE\" \/>\n<meta property=\"og:type\" content=\"article\" \/>\n<meta property=\"og:title\" content=\"Impressum - Top5Credits.com\" \/>\n<meta property=\"og:description\" content=\"Impressum Finden Sie mit Top5Credits.com den Kredit, der am besten zu Ihnen passt. Dank unserer eigen entwickelten Technologie finden wir die f\u00fcnf am besten geeignetenImpressum weiterlesen\" \/>\n<meta property=\"og:url\" content=\"https:\/\/www.top5credits.com\/de\/impressum\/\" \/>\n<meta property=\"og:site_name\" content=\"Top5Credits.com Deutschland\" \/>\n<meta property=\"article:modified_time\" content=\"2023-10-06T10:49:08+00:00\" \/>\n<meta property=\"og:image\" content=\"https:\/\/cdn.top5credits.com\/de\/wp-content\/uploads\/sites\/6\/2019\/06\/top5-og.jpg?cdn=1.1.6\" \/>\n\t<meta property=\"og:image:width\" content=\"1200\" \/>\n\t<meta property=\"og:image:height\" content=\"630\" \/>\n\t<meta property=\"og:image:type\" content=\"image\/jpeg\" \/>\n<meta name=\"twitter:card\" content=\"summary_large_image\" \/>\n<script type=\"application\/ld+json\" class=\"yoast-schema-graph\">{\"@context\":\"https:\\\/\\\/schema.org\",\"@graph\":[{\"@type\":\"Article\",\"@id\":\"https:\\\/\\\/www.top5credits.com\\\/de\\\/impressum\\\/#article\",\"isPartOf\":{\"@id\":\"https:\\\/\\\/www.top5credits.com\\\/de\\\/impressum\\\/\"},\"author\":{\"name\":\"kalle\",\"@id\":\"https:\\\/\\\/www.top5credits.com\\\/de\\\/#\\\/schema\\\/person\\\/e43112587142502acf4712d6f5428ba7\"},\"headline\":\"Impressum\",\"datePublished\":\"2019-04-16T12:13:01+00:00\",\"dateModified\":\"2023-10-06T10:49:08+00:00\",\"mainEntityOfPage\":{\"@id\":\"https:\\\/\\\/www.top5credits.com\\\/de\\\/impressum\\\/\"},\"wordCount\":306,\"publisher\":{\"@id\":\"https:\\\/\\\/www.top5credits.com\\\/de\\\/#organization\"},\"image\":{\"@id\":\"https:\\\/\\\/www.top5credits.com\\\/de\\\/impressum\\\/#primaryimage\"},\"thumbnailUrl\":\"https:\\\/\\\/www.top5credits.com\\\/de\\\/wp-content\\\/uploads\\\/sites\\\/6\\\/2023\\\/10\\\/top5credits-com-logo.png\",\"inLanguage\":\"de\"},{\"@type\":[\"WebPage\",\"AboutPage\"],\"@id\":\"https:\\\/\\\/www.top5credits.com\\\/de\\\/impressum\\\/\",\"url\":\"https:\\\/\\\/www.top5credits.com\\\/de\\\/impressum\\\/\",\"name\":\"Impressum - Top5Credits.com\",\"isPartOf\":{\"@id\":\"https:\\\/\\\/www.top5credits.com\\\/de\\\/#website\"},\"primaryImageOfPage\":{\"@id\":\"https:\\\/\\\/www.top5credits.com\\\/de\\\/impressum\\\/#primaryimage\"},\"image\":{\"@id\":\"https:\\\/\\\/www.top5credits.com\\\/de\\\/impressum\\\/#primaryimage\"},\"thumbnailUrl\":\"https:\\\/\\\/www.top5credits.com\\\/de\\\/wp-content\\\/uploads\\\/sites\\\/6\\\/2023\\\/10\\\/top5credits-com-logo.png\",\"datePublished\":\"2019-04-16T12:13:01+00:00\",\"dateModified\":\"2023-10-06T10:49:08+00:00\",\"breadcrumb\":{\"@id\":\"https:\\\/\\\/www.top5credits.com\\\/de\\\/impressum\\\/#breadcrumb\"},\"inLanguage\":\"de\",\"potentialAction\":[{\"@type\":\"ReadAction\",\"target\":[\"https:\\\/\\\/www.top5credits.com\\\/de\\\/impressum\\\/\"]}]},{\"@type\":\"ImageObject\",\"inLanguage\":\"de\",\"@id\":\"https:\\\/\\\/www.top5credits.com\\\/de\\\/impressum\\\/#primaryimage\",\"url\":\"https:\\\/\\\/www.top5credits.com\\\/de\\\/wp-content\\\/uploads\\\/sites\\\/6\\\/2023\\\/10\\\/top5credits-com-logo.png\",\"contentUrl\":\"https:\\\/\\\/www.top5credits.com\\\/de\\\/wp-content\\\/uploads\\\/sites\\\/6\\\/2023\\\/10\\\/top5credits-com-logo.png\",\"width\":300,\"height\":100,\"caption\":\"top5credits\"},{\"@type\":\"BreadcrumbList\",\"@id\":\"https:\\\/\\\/www.top5credits.com\\\/de\\\/impressum\\\/#breadcrumb\",\"itemListElement\":[{\"@type\":\"ListItem\",\"position\":1,\"name\":\"Top5Credits.com\",\"item\":\"https:\\\/\\\/www.top5credits.com\\\/de\\\/\"},{\"@type\":\"ListItem\",\"position\":2,\"name\":\"Impressum\"}]},{\"@type\":\"WebSite\",\"@id\":\"https:\\\/\\\/www.top5credits.com\\\/de\\\/#website\",\"url\":\"https:\\\/\\\/www.top5credits.com\\\/de\\\/\",\"name\":\"Top5Credits.com Deutschland\",\"description\":\"\",\"publisher\":{\"@id\":\"https:\\\/\\\/www.top5credits.com\\\/de\\\/#organization\"},\"potentialAction\":[{\"@type\":\"SearchAction\",\"target\":{\"@type\":\"EntryPoint\",\"urlTemplate\":\"https:\\\/\\\/www.top5credits.com\\\/de\\\/?s={search_term_string}\"},\"query-input\":{\"@type\":\"PropertyValueSpecification\",\"valueRequired\":true,\"valueName\":\"search_term_string\"}}],\"inLanguage\":\"de\"},{\"@type\":\"Organization\",\"@id\":\"https:\\\/\\\/www.top5credits.com\\\/de\\\/#organization\",\"name\":\"Top5Credits.com\",\"url\":\"https:\\\/\\\/www.top5credits.com\\\/de\\\/\",\"logo\":{\"@type\":\"ImageObject\",\"inLanguage\":\"de\",\"@id\":\"https:\\\/\\\/www.top5credits.com\\\/de\\\/#\\\/schema\\\/logo\\\/image\\\/\",\"url\":\"https:\\\/\\\/cdn.top5credits.com\\\/de\\\/wp-content\\\/uploads\\\/sites\\\/6\\\/2023\\\/10\\\/t5c-favicon.png\",\"contentUrl\":\"https:\\\/\\\/cdn.top5credits.com\\\/de\\\/wp-content\\\/uploads\\\/sites\\\/6\\\/2023\\\/10\\\/t5c-favicon.png\",\"width\":512,\"height\":512,\"caption\":\"Top5Credits.com\"},\"image\":{\"@id\":\"https:\\\/\\\/www.top5credits.com\\\/de\\\/#\\\/schema\\\/logo\\\/image\\\/\"}},{\"@type\":\"Person\",\"@id\":\"https:\\\/\\\/www.top5credits.com\\\/de\\\/#\\\/schema\\\/person\\\/e43112587142502acf4712d6f5428ba7\",\"name\":\"kalle\",\"url\":\"https:\\\/\\\/www.top5credits.com\\\/de\\\/author\\\/kalle\\\/\"}]}<\/script>\n<!-- \/ Yoast SEO plugin. -->","yoast_head_json":{"title":"Impressum - Top5Credits.com","robots":{"index":"index","follow":"follow","max-snippet":"max-snippet:-1","max-image-preview":"max-image-preview:large","max-video-preview":"max-video-preview:-1"},"canonical":"https:\/\/www.top5credits.com\/de\/impressum\/","og_locale":"de_DE","og_type":"article","og_title":"Impressum - Top5Credits.com","og_description":"Impressum Finden Sie mit Top5Credits.com den Kredit, der am besten zu Ihnen passt. Dank unserer eigen entwickelten Technologie finden wir die f\u00fcnf am besten geeignetenImpressum weiterlesen","og_url":"https:\/\/www.top5credits.com\/de\/impressum\/","og_site_name":"Top5Credits.com Deutschland","article_modified_time":"2023-10-06T10:49:08+00:00","og_image":[{"width":1200,"height":630,"url":"https:\/\/cdn.top5credits.com\/de\/wp-content\/uploads\/sites\/6\/2019\/06\/top5-og.jpg?cdn=1.1.6","type":"image\/jpeg"}],"twitter_card":"summary_large_image","schema":{"@context":"https:\/\/schema.org","@graph":[{"@type":"Article","@id":"https:\/\/www.top5credits.com\/de\/impressum\/#article","isPartOf":{"@id":"https:\/\/www.top5credits.com\/de\/impressum\/"},"author":{"name":"kalle","@id":"https:\/\/www.top5credits.com\/de\/#\/schema\/person\/e43112587142502acf4712d6f5428ba7"},"headline":"Impressum","datePublished":"2019-04-16T12:13:01+00:00","dateModified":"2023-10-06T10:49:08+00:00","mainEntityOfPage":{"@id":"https:\/\/www.top5credits.com\/de\/impressum\/"},"wordCount":306,"publisher":{"@id":"https:\/\/www.top5credits.com\/de\/#organization"},"image":{"@id":"https:\/\/www.top5credits.com\/de\/impressum\/#primaryimage"},"thumbnailUrl":"https:\/\/cdn.top5credits.com\/de\/wp-content\/uploads\/sites\/6\/2023\/10\/top5credits-com-logo.png?cdn=1.1.6","inLanguage":"de"},{"@type":["WebPage","AboutPage"],"@id":"https:\/\/www.top5credits.com\/de\/impressum\/","url":"https:\/\/www.top5credits.com\/de\/impressum\/","name":"Impressum - Top5Credits.com","isPartOf":{"@id":"https:\/\/www.top5credits.com\/de\/#website"},"primaryImageOfPage":{"@id":"https:\/\/www.top5credits.com\/de\/impressum\/#primaryimage"},"image":{"@id":"https:\/\/www.top5credits.com\/de\/impressum\/#primaryimage"},"thumbnailUrl":"https:\/\/cdn.top5credits.com\/de\/wp-content\/uploads\/sites\/6\/2023\/10\/top5credits-com-logo.png?cdn=1.1.6","datePublished":"2019-04-16T12:13:01+00:00","dateModified":"2023-10-06T10:49:08+00:00","breadcrumb":{"@id":"https:\/\/www.top5credits.com\/de\/impressum\/#breadcrumb"},"inLanguage":"de","potentialAction":[{"@type":"ReadAction","target":["https:\/\/www.top5credits.com\/de\/impressum\/"]}]},{"@type":"ImageObject","inLanguage":"de","@id":"https:\/\/www.top5credits.com\/de\/impressum\/#primaryimage","url":"https:\/\/cdn.top5credits.com\/de\/wp-content\/uploads\/sites\/6\/2023\/10\/top5credits-com-logo.png?cdn=1.1.6","contentUrl":"https:\/\/cdn.top5credits.com\/de\/wp-content\/uploads\/sites\/6\/2023\/10\/top5credits-com-logo.png?cdn=1.1.6","width":300,"height":100,"caption":"top5credits"},{"@type":"BreadcrumbList","@id":"https:\/\/www.top5credits.com\/de\/impressum\/#breadcrumb","itemListElement":[{"@type":"ListItem","position":1,"name":"Top5Credits.com","item":"https:\/\/www.top5credits.com\/de\/"},{"@type":"ListItem","position":2,"name":"Impressum"}]},{"@type":"WebSite","@id":"https:\/\/www.top5credits.com\/de\/#website","url":"https:\/\/www.top5credits.com\/de\/","name":"Top5Credits.com Deutschland","description":"","publisher":{"@id":"https:\/\/www.top5credits.com\/de\/#organization"},"potentialAction":[{"@type":"SearchAction","target":{"@type":"EntryPoint","urlTemplate":"https:\/\/www.top5credits.com\/de\/?s={search_term_string}"},"query-input":{"@type":"PropertyValueSpecification","valueRequired":true,"valueName":"search_term_string"}}],"inLanguage":"de"},{"@type":"Organization","@id":"https:\/\/www.top5credits.com\/de\/#organization","name":"Top5Credits.com","url":"https:\/\/www.top5credits.com\/de\/","logo":{"@type":"ImageObject","inLanguage":"de","@id":"https:\/\/www.top5credits.com\/de\/#\/schema\/logo\/image\/","url":"https:\/\/cdn.top5credits.com\/de\/wp-content\/uploads\/sites\/6\/2023\/10\/t5c-favicon.png","contentUrl":"https:\/\/cdn.top5credits.com\/de\/wp-content\/uploads\/sites\/6\/2023\/10\/t5c-favicon.png","width":512,"height":512,"caption":"Top5Credits.com"},"image":{"@id":"https:\/\/www.top5credits.com\/de\/#\/schema\/logo\/image\/"}},{"@type":"Person","@id":"https:\/\/www.top5credits.com\/de\/#\/schema\/person\/e43112587142502acf4712d6f5428ba7","name":"kalle","url":"https:\/\/www.top5credits.com\/de\/author\/kalle\/"}]}},"_links":{"self":[{"href":"https:\/\/www.top5credits.com\/de\/wp-json\/wp\/v2\/pages\/32","targetHints":{"allow":["GET"]}}],"collection":[{"href":"https:\/\/www.top5credits.com\/de\/wp-json\/wp\/v2\/pages"}],"about":[{"href":"https:\/\/www.top5credits.com\/de\/wp-json\/wp\/v2\/types\/page"}],"author":[{"embeddable":true,"href":"https:\/\/www.top5credits.com\/de\/wp-json\/wp\/v2\/users\/2"}],"replies":[{"embeddable":true,"href":"https:\/\/www.top5credits.com\/de\/wp-json\/wp\/v2\/comments?post=32"}],"version-history":[{"count":0,"href":"https:\/\/www.top5credits.com\/de\/wp-json\/wp\/v2\/pages\/32\/revisions"}],"wp:attachment":[{"href":"https:\/\/www.top5credits.com\/de\/wp-json\/wp\/v2\/media?parent=32"}],"curies":[{"name":"wp","href":"https:\/\/api.w.org\/{rel}","templated":true}]}}