{"id":3793,"date":"2023-02-17T12:19:36","date_gmt":"2023-02-17T11:19:36","guid":{"rendered":"https:\/\/www.top5credits.com\/de\/?page_id=3793"},"modified":"2024-01-21T20:24:59","modified_gmt":"2024-01-21T19:24:59","slug":"kreditkarten-fuer-paare","status":"publish","type":"page","link":"https:\/\/www.top5credits.com\/de\/kreditkarten\/kreditkarten-fuer-paare\/","title":{"rendered":"Kreditkarten f\u00fcr Paare"},"content":{"rendered":"\n<div class=\"wp-block-group first-section\"><div class=\"wp-block-group__inner-container is-layout-flow wp-block-group-is-layout-flow\">\n<h1 class=\"wp-block-heading\">Die besten Kreditkarten f\u00fcr Paare in 2024<\/h1>\n<\/div><\/div>\n\n\n\n<p>Einige Kreditkarten sind ideal f\u00fcr Paare geeignet, wenn diese bereits mehrere Kreditkarten f\u00fcr die besten Vorteile nutzen.<\/p>\n\n\n\n<p>Egal, ob die Finanzen getrennt geregelt werden oder ob finanzielle Angelegenheiten geteilt werden &#8211; es gibt Kreditkarten, die f\u00fcr Paare \u00e4u\u00dferst vorteilhaft sind. F\u00fcr Paare, die gerne miteinander verreisen, genau so sehr wie f\u00fcr Paare, die lieber zuhause bleiben wollen.<\/p>\n\n\n\n\n\n\n<p><a href=\"https:\/\/www.top5credits.com\/de\/kreditkarten\/\">Viele Anbieter f\u00fcr Kreditkarten<\/a> bieten inzwischen leider keine gemeinsamen Kreditkarten an, doch dieses Problem kann man auch ganz einfach umgehen. Man kann die Karte strategisch einsetzen und teilen, um die besten Vorteile zu genie\u00dfen.<\/p>\n\n\n\n<p>Die t\u00e4glichen Ausgaben k\u00f6nnen optimiert werden, indem man beispielsweise Treuekarten oder Kundenkarten, der verschiedenen H\u00e4ndler nutzt.<\/p>\n\n\n\n<p>Startguthaben oder Pr\u00e4mien k\u00f6nnen doppelt genutzt werden, indem beide Seiten sich f\u00fcr die Kreditkarte anmelden. Sofern eine gute Bonit\u00e4t besteht, k\u00f6nnen diese Boni doppelt genutzt werden.<\/p>\n\n\n\n<p>Zusatzpr\u00e4mien k\u00f6nnen ebenso geteilt werden, wenn beide Partner von einem zus\u00e4tzlichen Vorteil der Kreditkarte profitieren. Einige Anbieter bieten zum Beispiel Rabatte bei Eink\u00e4ufen oder Cashback-Aktionen an.<\/p>\n\n\n\n<p>Umschuldungen. Wenn Sie planen, Kreditkartenschulden abzubauen, lohnt es sich, eine Umschuldung durchzuf\u00fchren und die Schulden einer Kreditkarte mit einer neuen Kreditkarte zu besseren Konditionen abzul\u00f6sen.<\/p>\n\n\n\n<h3 class=\"wp-block-heading\">Worauf man bei Kreditkarten f\u00fcr Partner (verheiratet oder unverheiratet) achten sollte<\/h3>\n\n\n\n<p>Eine gemeinsame Karte ist h\u00e4ufig nicht mehr n\u00f6tig oder m\u00f6glich. Einige Kreditinstitute erm\u00f6glichen diese Kreditkartenarten trotzdem noch, meistens ist dies bei kleineren lokalen Banken m\u00f6glich.<\/p>\n\n\n\n<p>Bei separaten Antr\u00e4gen ist eine M\u00f6glichkeit, den Partner als autorisierten Benutzer hinzuzuf\u00fcgen, sodass die Karte von beiden Seiten genutzt werden kann.<\/p>\n\n\n\n<p>Beim Kreditkartenantrag f\u00fcgt man seinen Partner als autorisierten Benutzer hinzu.<\/p>\n\n\n\n<p>Jeder beantragt seine eigene Kreditkarte.<\/p>\n\n\n\n<p>Beide M\u00f6glichkeiten haben ihre Vor- und Nachteile, doch die zweite Option erm\u00f6glicht es, dass man doppelt so viele Pr\u00e4mien einkassieren kann.<\/p>\n\n\n\n<h2 class=\"wp-block-heading\">Die besten Paaroptionen f\u00fcr Kreditkarten<\/h2>\n\n\n\n<p>Wir haben einige M\u00f6glichkeiten f\u00fcr Paare zusammengefasst, wie man gemeinsam das Beste aus Kreditkarten herausholt und welche Vor- und Nachteile beachtet werden m\u00fcssen.<\/p>\n\n\n\n<h3 class=\"wp-block-heading\">Eine gemeinsame Kreditkarte<\/h3>\n\n\n\n<p>Viele Kreditinstitute bieten die M\u00f6glichkeit einer gemeinsamen Karte inzwischen nicht mehr an. Bei einer gemeinsamen Karte sind mehr als ein Kontobesitzer aufgef\u00fchrt. Eine einfache Alternative ist es, eine weitere Person als autorisierten Benutzer hinzuzuf\u00fcgen und dieser Person so Zugang zum Kreditkonto zu gew\u00e4hren.<\/p>\n\n\n\n<h3 class=\"wp-block-heading\">Autorisierter Benutzer<\/h3>\n\n\n\n<p>Die beliebteste und eine weit verbreitete Methode ist es, seinen Partner oder Lebensgef\u00e4hrten als autorisierten Benutzer zum Konto hinzuzuf\u00fcgen, um gemeinsam eine Kreditkarte nutzen zu k\u00f6nnen. So ist zwar nur ein Hauptnutzer der Karte zugeordnet, jedoch k\u00f6nnen beide Nutzer das Geld nutzen und auch die gegebenen Vorteile und Pr\u00e4mien genie\u00dfen.<\/p>\n\n\n\n<p>Der Nachteil dabei ist, dass der autorisierte Nutzer keine einmaligen Pr\u00e4mien zur Anmeldung erh\u00e4lt. Er\u00f6ffnen beide Nutzer parallel ein eigenes Konto, k\u00f6nnen beide von den Pr\u00e4mien profitieren. Auch muss erw\u00e4hnt werden, dass einige Kreditinstitute Extrageb\u00fchren berechnen, wenn ein weiterer Nutzer hinzugef\u00fcgt wird.<\/p>\n\n\n\n<h3 class=\"wp-block-heading\">Kreditkonten separat halten<\/h3>\n\n\n\n<p>Viele Paare halten ihre Konten lieber separat. Den Grund sehen sie allerdings nicht darin, ihre Finanzen separat zu halten, sondern um beidseitig von Kreditpr\u00e4mien zu profitieren. So kann jeder Pr\u00e4mien und Vorteile sammeln, um das beste Ergebnis zu erzielen.<\/p>\n\n\n\n<p>Bei vielen Pr\u00e4mienprogrammen ist es m\u00f6glich, Punkte zu sammeln und zu kombinieren, wenn beide Partner an derselben Adresse gemeldet sind. So kann man Pr\u00e4mien steigern und verdoppeln, um sich den besten Vorteil zu verschaffen.<\/p>\n\n\n\n<p>Wer plant, eine Kreditkarte zu beantragen, kann das gesamte Haushaltseinkommen als Einkommen angeben. Dies bedeutet, dass eine Hausfrau das Einkommen des Partners mit angeben kann, wenn sie einen Kredit beantragt. So werden die Chancen erh\u00f6ht, dass der Kreditantrag angenommen wird.<\/p>\n\n\n\n<h2 class=\"wp-block-heading\">Wie viele Kreditkarten braucht man?<\/h2>\n\n\n\n<p>Wenn man den \u00dcberblick \u00fcber seine Kreditkarten verloren hat, dann ist eindeutig, dass man zu viele besitzt. Auch wenn die Geb\u00fchren h\u00f6her sind als der Nutzer, hat man zu viele Karten. Dies gilt f\u00fcr alle Kreditkartennutzer, auch f\u00fcr Paare, die Kreditkarten gemeinsam nutzen.<\/p>\n\n\n\n<p>Wie viele Kreditkarten zu viel sind, h\u00e4ngt individuell vom Nutzer ab. Manche Paare profitieren am meisten von nur einer Karte oder maximal zwei. Pr\u00e4mienj\u00e4ger allerdings nutzen gerne drei oder mehr Karten, um die besten Ergebnisse zu erzielen.<\/p>\n\n\n\n<p>Es gibt einige Vorteile, wenn man mehrere Kreditkarten mit guten Konditionen miteinander kombiniert. Beim Startguthaben kann man so doppelt profitieren und auch fortlaufende Pr\u00e4mien werden so gesteigert.<\/p>\n\n\n\n<p>Der einzige Nachteil besteht darin, dass diese Methode ein wenig komplizierter ist, da man organisiert bleiben und verschiedene Zahlungen im Blick behalten muss. Au\u00dferdem kann es zu erh\u00f6hten j\u00e4hrlichen Geb\u00fchren kommen und man muss stets \u00fcberlegen, welche Kreditkarten in welchen Situationen die meisten Vorteile erbringen. Das kann durchaus schwierig werden, vor allem, wenn ein Partner mehr Ahnung von der Thematik hat als der andere.<\/p>\n\n\n\n<p>Vorsicht ist bei Kreditkarten geboten. Am besten er\u00f6ffnet man nicht alle Konten auf einmal, sondern nach und nach, sodass man sich gew\u00f6hnen und den \u00dcberblick behalten kann. Beide Partner m\u00fcssen sich w\u00e4hrend des Prozesses wohl und sicher f\u00fchlen.<\/p>\n\n\n\n<h3 class=\"wp-block-heading\">Wie wird die Kreditw\u00fcrdigkeit durch einen autorisierten Benutzer beeinflusst?<\/h3>\n\n\n\n<p>Die Kreditw\u00fcrdigkeit wird vom autorisierten Benutzer nur dann negativ beeinflusst, wenn durch diesen viele neue hohen Ausgaben get\u00e4tigt werden. Alleine durch das Hinzuf\u00fcgen eines neuen Nutzers wird die Kreditw\u00fcrdigkeit weder positiv noch negativ beeinflusst.<\/p>\n\n\n\n<p>Die Kreditw\u00fcrdigkeit ist abh\u00e4ngig von der aktuellen Schuldensituation. Je h\u00f6her die Schulden, desto niedriger die Kreditw\u00fcrdigkeit. Wenn also der neue autorisierte Benutzer zus\u00e4tzliche Schulden verursacht, entweder durch K\u00e4ufe oder \u00dcberweisungen, wird sich die eigene Kreditw\u00fcrdigkeit verschlechtern, falls die Schulden nicht zeitnah zur\u00fcckgezahlt werden und das Konto damit ausgeglichen wird.<\/p>\n\n\n\n<p>Als Hauptnutzer ist man verantwortlich f\u00fcr alle Zahlungen und R\u00fcckzahlungen. Der autorisierte Nutzer kann nicht haftbar f\u00fcr nicht get\u00e4tigte Zahlungen gemacht werden. T\u00e4tigt der autorisierte Nutzer Zahlungen nicht, muss sich der Hauptnutzer der Karte sich darum k\u00fcmmern, um einen negativen Schufa-Eintrag zu vermeiden. Der Hauptnutzer tr\u00e4gt also doppelte Verantwortung.<\/p>\n\n\n\n<p>Es sollte also gut \u00fcberlegt sein, bevor man sich dazu entscheidet, jemanden als autorisierten Nutzer an seine Karte zu binden. Es sollte ein kl\u00e4rendes Gespr\u00e4ch mit dem Partner gef\u00fchrt werden und es ist empfehlenswert, Regeln aufzustellen, damit die Finanzen die Beziehung nicht kaputt machen.<\/p>\n\n\n\n<h2 class=\"wp-block-heading\">Zusammenfassung<\/h2>\n\n\n\n<p>Es hat durchaus Vorteile, wenn man gemeinsam Kreditkarten aufnimmt, jedoch ist es umso wichtiger, dabei organisiert zu bleiben, ein gemeinsames Budget zu erstellen und auf einem Nenner zu sein, wenn es um die Finanzen geht. Nur so profitiert man von den besten Pr\u00e4mien seiner Kreditkarte.<\/p>\n","protected":false},"excerpt":{"rendered":"<p>Die besten Kreditkarten f\u00fcr Paare in 2024 Einige Kreditkarten sind ideal f\u00fcr Paare geeignet, wenn diese bereits mehrere Kreditkarten f\u00fcr die besten Vorteile nutzen. Egal,<\/p>\n<p class=\"more-link\"><span class=\"screen-reader-text\">Kreditkarten f\u00fcr Paare<\/span> weiterlesen<\/p>\n","protected":false},"author":22,"featured_media":0,"parent":460,"menu_order":0,"comment_status":"closed","ping_status":"closed","template":"page-results.php","meta":{"footnotes":""},"class_list":["post-3793","page","type-page","status-publish","hentry","entry"],"yoast_head":"<!-- This site is optimized with the Yoast SEO plugin v27.3 - https:\/\/yoast.com\/product\/yoast-seo-wordpress\/ -->\n<title>Die besten Kreditkarten f\u00fcr Paare - Gemeinsam sparen und profitieren<\/title>\n<meta name=\"description\" content=\"Entdecken Sie die Vorteile von Kreditkarten f\u00fcr Paare und wie Sie gemeinsam Geld sparen und profitieren k\u00f6nnen. Erfahren Sie, welche Kreditkarten am besten f\u00fcr Paare geeignet sind, einschlie\u00dflich Angebote mit Cashback, Bonuspunkten und anderen Verg\u00fcnstigungen.\" \/>\n<meta name=\"robots\" content=\"index, follow, max-snippet:-1, max-image-preview:large, max-video-preview:-1\" \/>\n<link rel=\"canonical\" href=\"https:\/\/www.top5credits.com\/de\/kreditkarten\/kreditkarten-fuer-paare\/\" \/>\n<meta property=\"og:locale\" content=\"de_DE\" \/>\n<meta property=\"og:type\" content=\"article\" \/>\n<meta property=\"og:title\" content=\"Die besten Kreditkarten f\u00fcr Paare - Gemeinsam sparen und profitieren\" \/>\n<meta property=\"og:description\" content=\"Entdecken Sie die Vorteile von Kreditkarten f\u00fcr Paare und wie Sie gemeinsam Geld sparen und profitieren k\u00f6nnen. Erfahren Sie, welche Kreditkarten am besten f\u00fcr Paare geeignet sind, einschlie\u00dflich Angebote mit Cashback, Bonuspunkten und anderen Verg\u00fcnstigungen.\" \/>\n<meta property=\"og:url\" content=\"https:\/\/www.top5credits.com\/de\/kreditkarten\/kreditkarten-fuer-paare\/\" \/>\n<meta property=\"og:site_name\" content=\"Top5Credits.com Deutschland\" \/>\n<meta property=\"article:modified_time\" content=\"2024-01-21T19:24:59+00:00\" \/>\n<meta property=\"og:image\" content=\"https:\/\/cdn.top5credits.com\/de\/wp-content\/uploads\/sites\/6\/2023\/11\/top5credits-com-ogimage.png?cdn=1.1.6\" \/>\n\t<meta property=\"og:image:width\" content=\"1200\" \/>\n\t<meta property=\"og:image:height\" content=\"630\" \/>\n\t<meta property=\"og:image:type\" content=\"image\/png\" \/>\n<meta name=\"twitter:card\" content=\"summary_large_image\" \/>\n<script type=\"application\/ld+json\" class=\"yoast-schema-graph\">{\"@context\":\"https:\\\/\\\/schema.org\",\"@graph\":[{\"@type\":\"WebPage\",\"@id\":\"https:\\\/\\\/www.top5credits.com\\\/de\\\/kreditkarten\\\/kreditkarten-fuer-paare\\\/\",\"url\":\"https:\\\/\\\/www.top5credits.com\\\/de\\\/kreditkarten\\\/kreditkarten-fuer-paare\\\/\",\"name\":\"Die besten Kreditkarten f\u00fcr Paare - Gemeinsam sparen und profitieren\",\"isPartOf\":{\"@id\":\"https:\\\/\\\/www.top5credits.com\\\/de\\\/#website\"},\"datePublished\":\"2023-02-17T11:19:36+00:00\",\"dateModified\":\"2024-01-21T19:24:59+00:00\",\"description\":\"Entdecken Sie die Vorteile von Kreditkarten f\u00fcr Paare und wie Sie gemeinsam Geld sparen und profitieren k\u00f6nnen. Erfahren Sie, welche Kreditkarten am besten f\u00fcr Paare geeignet sind, einschlie\u00dflich Angebote mit Cashback, Bonuspunkten und anderen Verg\u00fcnstigungen.\",\"breadcrumb\":{\"@id\":\"https:\\\/\\\/www.top5credits.com\\\/de\\\/kreditkarten\\\/kreditkarten-fuer-paare\\\/#breadcrumb\"},\"inLanguage\":\"de\",\"potentialAction\":[{\"@type\":\"ReadAction\",\"target\":[\"https:\\\/\\\/www.top5credits.com\\\/de\\\/kreditkarten\\\/kreditkarten-fuer-paare\\\/\"]}]},{\"@type\":\"BreadcrumbList\",\"@id\":\"https:\\\/\\\/www.top5credits.com\\\/de\\\/kreditkarten\\\/kreditkarten-fuer-paare\\\/#breadcrumb\",\"itemListElement\":[{\"@type\":\"ListItem\",\"position\":1,\"name\":\"Top5Credits.com\",\"item\":\"https:\\\/\\\/www.top5credits.com\\\/de\\\/\"},{\"@type\":\"ListItem\",\"position\":2,\"name\":\"Kreditkarten\",\"item\":\"https:\\\/\\\/www.top5credits.com\\\/de\\\/kreditkarten\\\/\"},{\"@type\":\"ListItem\",\"position\":3,\"name\":\"Kreditkarten f\u00fcr Paare\"}]},{\"@type\":\"WebSite\",\"@id\":\"https:\\\/\\\/www.top5credits.com\\\/de\\\/#website\",\"url\":\"https:\\\/\\\/www.top5credits.com\\\/de\\\/\",\"name\":\"Top5Credits.com Deutschland\",\"description\":\"\",\"publisher\":{\"@id\":\"https:\\\/\\\/www.top5credits.com\\\/de\\\/#organization\"},\"potentialAction\":[{\"@type\":\"SearchAction\",\"target\":{\"@type\":\"EntryPoint\",\"urlTemplate\":\"https:\\\/\\\/www.top5credits.com\\\/de\\\/?s={search_term_string}\"},\"query-input\":{\"@type\":\"PropertyValueSpecification\",\"valueRequired\":true,\"valueName\":\"search_term_string\"}}],\"inLanguage\":\"de\"},{\"@type\":\"Organization\",\"@id\":\"https:\\\/\\\/www.top5credits.com\\\/de\\\/#organization\",\"name\":\"Top5Credits.com\",\"url\":\"https:\\\/\\\/www.top5credits.com\\\/de\\\/\",\"logo\":{\"@type\":\"ImageObject\",\"inLanguage\":\"de\",\"@id\":\"https:\\\/\\\/www.top5credits.com\\\/de\\\/#\\\/schema\\\/logo\\\/image\\\/\",\"url\":\"https:\\\/\\\/cdn.top5credits.com\\\/de\\\/wp-content\\\/uploads\\\/sites\\\/6\\\/2023\\\/10\\\/t5c-favicon.png\",\"contentUrl\":\"https:\\\/\\\/cdn.top5credits.com\\\/de\\\/wp-content\\\/uploads\\\/sites\\\/6\\\/2023\\\/10\\\/t5c-favicon.png\",\"width\":512,\"height\":512,\"caption\":\"Top5Credits.com\"},\"image\":{\"@id\":\"https:\\\/\\\/www.top5credits.com\\\/de\\\/#\\\/schema\\\/logo\\\/image\\\/\"}}]}<\/script>\n<!-- \/ Yoast SEO plugin. -->","yoast_head_json":{"title":"Die besten Kreditkarten f\u00fcr Paare - Gemeinsam sparen und profitieren","description":"Entdecken Sie die Vorteile von Kreditkarten f\u00fcr Paare und wie Sie gemeinsam Geld sparen und profitieren k\u00f6nnen. Erfahren Sie, welche Kreditkarten am besten f\u00fcr Paare geeignet sind, einschlie\u00dflich Angebote mit Cashback, Bonuspunkten und anderen Verg\u00fcnstigungen.","robots":{"index":"index","follow":"follow","max-snippet":"max-snippet:-1","max-image-preview":"max-image-preview:large","max-video-preview":"max-video-preview:-1"},"canonical":"https:\/\/www.top5credits.com\/de\/kreditkarten\/kreditkarten-fuer-paare\/","og_locale":"de_DE","og_type":"article","og_title":"Die besten Kreditkarten f\u00fcr Paare - Gemeinsam sparen und profitieren","og_description":"Entdecken Sie die Vorteile von Kreditkarten f\u00fcr Paare und wie Sie gemeinsam Geld sparen und profitieren k\u00f6nnen. Erfahren Sie, welche Kreditkarten am besten f\u00fcr Paare geeignet sind, einschlie\u00dflich Angebote mit Cashback, Bonuspunkten und anderen Verg\u00fcnstigungen.","og_url":"https:\/\/www.top5credits.com\/de\/kreditkarten\/kreditkarten-fuer-paare\/","og_site_name":"Top5Credits.com Deutschland","article_modified_time":"2024-01-21T19:24:59+00:00","og_image":[{"width":1200,"height":630,"url":"https:\/\/cdn.top5credits.com\/de\/wp-content\/uploads\/sites\/6\/2023\/11\/top5credits-com-ogimage.png?cdn=1.1.6","type":"image\/png"}],"twitter_card":"summary_large_image","schema":{"@context":"https:\/\/schema.org","@graph":[{"@type":"WebPage","@id":"https:\/\/www.top5credits.com\/de\/kreditkarten\/kreditkarten-fuer-paare\/","url":"https:\/\/www.top5credits.com\/de\/kreditkarten\/kreditkarten-fuer-paare\/","name":"Die besten Kreditkarten f\u00fcr Paare - Gemeinsam sparen und profitieren","isPartOf":{"@id":"https:\/\/www.top5credits.com\/de\/#website"},"datePublished":"2023-02-17T11:19:36+00:00","dateModified":"2024-01-21T19:24:59+00:00","description":"Entdecken Sie die Vorteile von Kreditkarten f\u00fcr Paare und wie Sie gemeinsam Geld sparen und profitieren k\u00f6nnen. Erfahren Sie, welche Kreditkarten am besten f\u00fcr Paare geeignet sind, einschlie\u00dflich Angebote mit Cashback, Bonuspunkten und anderen Verg\u00fcnstigungen.","breadcrumb":{"@id":"https:\/\/www.top5credits.com\/de\/kreditkarten\/kreditkarten-fuer-paare\/#breadcrumb"},"inLanguage":"de","potentialAction":[{"@type":"ReadAction","target":["https:\/\/www.top5credits.com\/de\/kreditkarten\/kreditkarten-fuer-paare\/"]}]},{"@type":"BreadcrumbList","@id":"https:\/\/www.top5credits.com\/de\/kreditkarten\/kreditkarten-fuer-paare\/#breadcrumb","itemListElement":[{"@type":"ListItem","position":1,"name":"Top5Credits.com","item":"https:\/\/www.top5credits.com\/de\/"},{"@type":"ListItem","position":2,"name":"Kreditkarten","item":"https:\/\/www.top5credits.com\/de\/kreditkarten\/"},{"@type":"ListItem","position":3,"name":"Kreditkarten f\u00fcr Paare"}]},{"@type":"WebSite","@id":"https:\/\/www.top5credits.com\/de\/#website","url":"https:\/\/www.top5credits.com\/de\/","name":"Top5Credits.com Deutschland","description":"","publisher":{"@id":"https:\/\/www.top5credits.com\/de\/#organization"},"potentialAction":[{"@type":"SearchAction","target":{"@type":"EntryPoint","urlTemplate":"https:\/\/www.top5credits.com\/de\/?s={search_term_string}"},"query-input":{"@type":"PropertyValueSpecification","valueRequired":true,"valueName":"search_term_string"}}],"inLanguage":"de"},{"@type":"Organization","@id":"https:\/\/www.top5credits.com\/de\/#organization","name":"Top5Credits.com","url":"https:\/\/www.top5credits.com\/de\/","logo":{"@type":"ImageObject","inLanguage":"de","@id":"https:\/\/www.top5credits.com\/de\/#\/schema\/logo\/image\/","url":"https:\/\/cdn.top5credits.com\/de\/wp-content\/uploads\/sites\/6\/2023\/10\/t5c-favicon.png","contentUrl":"https:\/\/cdn.top5credits.com\/de\/wp-content\/uploads\/sites\/6\/2023\/10\/t5c-favicon.png","width":512,"height":512,"caption":"Top5Credits.com"},"image":{"@id":"https:\/\/www.top5credits.com\/de\/#\/schema\/logo\/image\/"}}]}},"_links":{"self":[{"href":"https:\/\/www.top5credits.com\/de\/wp-json\/wp\/v2\/pages\/3793","targetHints":{"allow":["GET"]}}],"collection":[{"href":"https:\/\/www.top5credits.com\/de\/wp-json\/wp\/v2\/pages"}],"about":[{"href":"https:\/\/www.top5credits.com\/de\/wp-json\/wp\/v2\/types\/page"}],"author":[{"embeddable":true,"href":"https:\/\/www.top5credits.com\/de\/wp-json\/wp\/v2\/users\/22"}],"replies":[{"embeddable":true,"href":"https:\/\/www.top5credits.com\/de\/wp-json\/wp\/v2\/comments?post=3793"}],"version-history":[{"count":0,"href":"https:\/\/www.top5credits.com\/de\/wp-json\/wp\/v2\/pages\/3793\/revisions"}],"up":[{"embeddable":true,"href":"https:\/\/www.top5credits.com\/de\/wp-json\/wp\/v2\/pages\/460"}],"wp:attachment":[{"href":"https:\/\/www.top5credits.com\/de\/wp-json\/wp\/v2\/media?parent=3793"}],"curies":[{"name":"wp","href":"https:\/\/api.w.org\/{rel}","templated":true}]}}