{"id":458,"date":"2022-04-21T14:12:41","date_gmt":"2022-04-21T12:12:41","guid":{"rendered":"https:\/\/www.top5credits.com\/de\/?page_id=458"},"modified":"2024-02-15T09:44:38","modified_gmt":"2024-02-15T08:44:38","slug":"cookies","status":"publish","type":"page","link":"https:\/\/www.top5credits.com\/de\/cookies\/","title":{"rendered":"Cookies"},"content":{"rendered":"\n<h1 class=\"wp-block-heading\">Cookies<\/h1>\n\n\n\n<div class=\"wp-block-group\"><div class=\"wp-block-group__inner-container is-layout-constrained wp-block-group-is-layout-constrained\">\n<div class=\"wp-block-buttons is-layout-flex wp-block-buttons-is-layout-flex\">\n  <div class=\"wp-block-button cta-nappi\">\n    <a class=\"wp-block-button__link wp-element-button\" id=\"settings-page-button\">Einstellungen<\/a>\n  <\/div>\n<\/div>\n<\/div><\/div>\n\n\n\n<p>Top5Credits.com verwendet Cookies, speichert aber weder Daten \u00fcber Sie noch Daten, anhand derer man Sie \u00fcber Cookies identifizieren k\u00f6nnte. Wir k\u00f6nnen also mithilfe dieser Cookies nicht andere Einstellungen als die von Ihnen gew\u00e4hlten speichern.<\/p>\n\n\n\n<h3 class=\"wp-block-heading\">Was sind Cookies?<\/h3>\n\n\n\n<p>Ein Cookie ist eine kleine Textdatei, die auf Ihrem Computer gespeichert wird und Daten enth\u00e4lt. Cookies werden aus rein technischen Gr\u00fcnden f\u00fcr den Betrieb der Website ben\u00f6tigt, z. B. zum Navigieren und zur Bearbeitung von Formularen.<\/p>\n\n\n\n<h3 class=\"wp-block-heading\">Zwei Arten von Cookies<\/h3>\n\n\n\n<p>Es gibt zwei verschiedene Arten von Cookies \u2013 permanente Cookies und tempor\u00e4re Cookies (die sog. Session Cookies). Ein permanenter Cookie wird auf dem Computer des Nutzers f\u00fcr eine bestimmte Zeit gespeichert, w\u00e4hrend ein tempor\u00e4rer Cookie nur bis zum Schlie\u00dfen des Browsers erhalten bleibt.<\/p>\n\n\n\n<h3 class=\"wp-block-heading\">Permanente Cookies<\/h3>\n\n\n\n<p>Permanente Cookies werden z. B. verwendet, um die Website auf der Grundlage Ihrer Pr\u00e4ferenzen anpassen zu k\u00f6nnen. Dadurch m\u00fcssen Sie nicht jedes Mal erneut Ihre Pr\u00e4ferenzen angeben, wenn Sie die Seite besuchen.<\/p>\n\n\n\n<h3 class=\"wp-block-heading\">Tempor\u00e4re Cookies (Session Cookies)<\/h3>\n\n\n\n<p>Session Cookies werden z. B. zum Bearbeiten der Login-Daten, zum Navigieren auf den Seiten, f\u00fcr Warenk\u00f6rbe etc. eingesetzt.<\/p>\n\n\n\n<h3 class=\"wp-block-heading\">Einstellungen<\/h3>\n\n\n\n<p>Sie k\u00f6nnen die Einstellungen Ihres Browsers so konfigurieren, dass Sie stets gefragt werden, ob Sie Cookies zulassen m\u00f6chten, wenn Sie die Website aufrufen.<\/p>\n\n\n\n<p>Internet Explorer: Extras &#8211;&gt; Internetoptionen &#8211;&gt; Datenschutz &#8211;&gt; Erweitert<br>Chrome: Einstellungen &#8211;&gt; Erweitert &#8211;&gt; Inhaltseinstellungen<br>Mozilla Firefox: Men\u00fcschaltfl\u00e4che &#8211;&gt; Einstellungen &#8211;&gt; Datenschutz<\/p>\n","protected":false},"excerpt":{"rendered":"<p>Cookies Einstellungen Top5Credits.com verwendet Cookies, speichert aber weder Daten \u00fcber Sie noch Daten, anhand derer man Sie \u00fcber Cookies identifizieren k\u00f6nnte. Wir k\u00f6nnen also mithilfe<\/p>\n<p class=\"more-link\"><span class=\"screen-reader-text\">Cookies<\/span> weiterlesen<\/p>\n","protected":false},"author":2,"featured_media":0,"parent":0,"menu_order":0,"comment_status":"closed","ping_status":"closed","template":"","meta":{"footnotes":""},"class_list":["post-458","page","type-page","status-publish","hentry","entry"],"yoast_head":"<!-- This site is optimized with the Yoast SEO plugin v27.3 - https:\/\/yoast.com\/product\/yoast-seo-wordpress\/ -->\n<title>Cookies - Top5Credits.com<\/title>\n<meta name=\"robots\" content=\"noindex, follow\" \/>\n<meta property=\"og:locale\" content=\"de_DE\" \/>\n<meta property=\"og:type\" content=\"article\" \/>\n<meta property=\"og:title\" content=\"Cookies - Top5Credits.com\" \/>\n<meta property=\"og:description\" content=\"Cookies Einstellungen Top5Credits.com verwendet Cookies, speichert aber weder Daten \u00fcber Sie noch Daten, anhand derer man Sie \u00fcber Cookies identifizieren k\u00f6nnte. Wir k\u00f6nnen also mithilfeCookies weiterlesen\" \/>\n<meta property=\"og:url\" content=\"https:\/\/www.top5credits.com\/de\/cookies\/\" \/>\n<meta property=\"og:site_name\" content=\"Top5Credits.com Deutschland\" \/>\n<meta property=\"article:modified_time\" content=\"2024-02-15T08:44:38+00:00\" \/>\n<meta property=\"og:image\" content=\"https:\/\/cdn.top5credits.com\/de\/wp-content\/uploads\/sites\/6\/2023\/11\/top5credits-com-ogimage.png?cdn=1.1.6\" \/>\n\t<meta property=\"og:image:width\" content=\"1200\" \/>\n\t<meta property=\"og:image:height\" content=\"630\" \/>\n\t<meta property=\"og:image:type\" content=\"image\/png\" \/>\n<meta name=\"twitter:card\" content=\"summary_large_image\" \/>\n<script type=\"application\/ld+json\" class=\"yoast-schema-graph\">{\"@context\":\"https:\\\/\\\/schema.org\",\"@graph\":[{\"@type\":\"WebPage\",\"@id\":\"https:\\\/\\\/www.top5credits.com\\\/de\\\/cookies\\\/\",\"url\":\"https:\\\/\\\/www.top5credits.com\\\/de\\\/cookies\\\/\",\"name\":\"Cookies - Top5Credits.com\",\"isPartOf\":{\"@id\":\"https:\\\/\\\/www.top5credits.com\\\/de\\\/#website\"},\"datePublished\":\"2022-04-21T12:12:41+00:00\",\"dateModified\":\"2024-02-15T08:44:38+00:00\",\"breadcrumb\":{\"@id\":\"https:\\\/\\\/www.top5credits.com\\\/de\\\/cookies\\\/#breadcrumb\"},\"inLanguage\":\"de\",\"potentialAction\":[{\"@type\":\"ReadAction\",\"target\":[\"https:\\\/\\\/www.top5credits.com\\\/de\\\/cookies\\\/\"]}]},{\"@type\":\"BreadcrumbList\",\"@id\":\"https:\\\/\\\/www.top5credits.com\\\/de\\\/cookies\\\/#breadcrumb\",\"itemListElement\":[{\"@type\":\"ListItem\",\"position\":1,\"name\":\"Top5Credits.com\",\"item\":\"https:\\\/\\\/www.top5credits.com\\\/de\\\/\"},{\"@type\":\"ListItem\",\"position\":2,\"name\":\"Cookies\"}]},{\"@type\":\"WebSite\",\"@id\":\"https:\\\/\\\/www.top5credits.com\\\/de\\\/#website\",\"url\":\"https:\\\/\\\/www.top5credits.com\\\/de\\\/\",\"name\":\"Top5Credits.com Deutschland\",\"description\":\"\",\"publisher\":{\"@id\":\"https:\\\/\\\/www.top5credits.com\\\/de\\\/#organization\"},\"potentialAction\":[{\"@type\":\"SearchAction\",\"target\":{\"@type\":\"EntryPoint\",\"urlTemplate\":\"https:\\\/\\\/www.top5credits.com\\\/de\\\/?s={search_term_string}\"},\"query-input\":{\"@type\":\"PropertyValueSpecification\",\"valueRequired\":true,\"valueName\":\"search_term_string\"}}],\"inLanguage\":\"de\"},{\"@type\":\"Organization\",\"@id\":\"https:\\\/\\\/www.top5credits.com\\\/de\\\/#organization\",\"name\":\"Top5Credits.com\",\"url\":\"https:\\\/\\\/www.top5credits.com\\\/de\\\/\",\"logo\":{\"@type\":\"ImageObject\",\"inLanguage\":\"de\",\"@id\":\"https:\\\/\\\/www.top5credits.com\\\/de\\\/#\\\/schema\\\/logo\\\/image\\\/\",\"url\":\"https:\\\/\\\/cdn.top5credits.com\\\/de\\\/wp-content\\\/uploads\\\/sites\\\/6\\\/2023\\\/10\\\/t5c-favicon.png\",\"contentUrl\":\"https:\\\/\\\/cdn.top5credits.com\\\/de\\\/wp-content\\\/uploads\\\/sites\\\/6\\\/2023\\\/10\\\/t5c-favicon.png\",\"width\":512,\"height\":512,\"caption\":\"Top5Credits.com\"},\"image\":{\"@id\":\"https:\\\/\\\/www.top5credits.com\\\/de\\\/#\\\/schema\\\/logo\\\/image\\\/\"}}]}<\/script>\n<!-- \/ Yoast SEO plugin. -->","yoast_head_json":{"title":"Cookies - Top5Credits.com","robots":{"index":"noindex","follow":"follow"},"og_locale":"de_DE","og_type":"article","og_title":"Cookies - Top5Credits.com","og_description":"Cookies Einstellungen Top5Credits.com verwendet Cookies, speichert aber weder Daten \u00fcber Sie noch Daten, anhand derer man Sie \u00fcber Cookies identifizieren k\u00f6nnte. Wir k\u00f6nnen also mithilfeCookies weiterlesen","og_url":"https:\/\/www.top5credits.com\/de\/cookies\/","og_site_name":"Top5Credits.com Deutschland","article_modified_time":"2024-02-15T08:44:38+00:00","og_image":[{"width":1200,"height":630,"url":"https:\/\/cdn.top5credits.com\/de\/wp-content\/uploads\/sites\/6\/2023\/11\/top5credits-com-ogimage.png?cdn=1.1.6","type":"image\/png"}],"twitter_card":"summary_large_image","schema":{"@context":"https:\/\/schema.org","@graph":[{"@type":"WebPage","@id":"https:\/\/www.top5credits.com\/de\/cookies\/","url":"https:\/\/www.top5credits.com\/de\/cookies\/","name":"Cookies - Top5Credits.com","isPartOf":{"@id":"https:\/\/www.top5credits.com\/de\/#website"},"datePublished":"2022-04-21T12:12:41+00:00","dateModified":"2024-02-15T08:44:38+00:00","breadcrumb":{"@id":"https:\/\/www.top5credits.com\/de\/cookies\/#breadcrumb"},"inLanguage":"de","potentialAction":[{"@type":"ReadAction","target":["https:\/\/www.top5credits.com\/de\/cookies\/"]}]},{"@type":"BreadcrumbList","@id":"https:\/\/www.top5credits.com\/de\/cookies\/#breadcrumb","itemListElement":[{"@type":"ListItem","position":1,"name":"Top5Credits.com","item":"https:\/\/www.top5credits.com\/de\/"},{"@type":"ListItem","position":2,"name":"Cookies"}]},{"@type":"WebSite","@id":"https:\/\/www.top5credits.com\/de\/#website","url":"https:\/\/www.top5credits.com\/de\/","name":"Top5Credits.com Deutschland","description":"","publisher":{"@id":"https:\/\/www.top5credits.com\/de\/#organization"},"potentialAction":[{"@type":"SearchAction","target":{"@type":"EntryPoint","urlTemplate":"https:\/\/www.top5credits.com\/de\/?s={search_term_string}"},"query-input":{"@type":"PropertyValueSpecification","valueRequired":true,"valueName":"search_term_string"}}],"inLanguage":"de"},{"@type":"Organization","@id":"https:\/\/www.top5credits.com\/de\/#organization","name":"Top5Credits.com","url":"https:\/\/www.top5credits.com\/de\/","logo":{"@type":"ImageObject","inLanguage":"de","@id":"https:\/\/www.top5credits.com\/de\/#\/schema\/logo\/image\/","url":"https:\/\/cdn.top5credits.com\/de\/wp-content\/uploads\/sites\/6\/2023\/10\/t5c-favicon.png","contentUrl":"https:\/\/cdn.top5credits.com\/de\/wp-content\/uploads\/sites\/6\/2023\/10\/t5c-favicon.png","width":512,"height":512,"caption":"Top5Credits.com"},"image":{"@id":"https:\/\/www.top5credits.com\/de\/#\/schema\/logo\/image\/"}}]}},"_links":{"self":[{"href":"https:\/\/www.top5credits.com\/de\/wp-json\/wp\/v2\/pages\/458","targetHints":{"allow":["GET"]}}],"collection":[{"href":"https:\/\/www.top5credits.com\/de\/wp-json\/wp\/v2\/pages"}],"about":[{"href":"https:\/\/www.top5credits.com\/de\/wp-json\/wp\/v2\/types\/page"}],"author":[{"embeddable":true,"href":"https:\/\/www.top5credits.com\/de\/wp-json\/wp\/v2\/users\/2"}],"replies":[{"embeddable":true,"href":"https:\/\/www.top5credits.com\/de\/wp-json\/wp\/v2\/comments?post=458"}],"version-history":[{"count":0,"href":"https:\/\/www.top5credits.com\/de\/wp-json\/wp\/v2\/pages\/458\/revisions"}],"wp:attachment":[{"href":"https:\/\/www.top5credits.com\/de\/wp-json\/wp\/v2\/media?parent=458"}],"curies":[{"name":"wp","href":"https:\/\/api.w.org\/{rel}","templated":true}]}}