{"id":612,"date":"2022-06-28T06:11:29","date_gmt":"2022-06-28T04:11:29","guid":{"rendered":"https:\/\/www.top5credits.com\/de\/?page_id=612"},"modified":"2023-10-16T12:23:58","modified_gmt":"2023-10-16T10:23:58","slug":"arbeitslosenkredit","status":"publish","type":"page","link":"https:\/\/www.top5credits.com\/de\/arbeitslosenkredit\/","title":{"rendered":"Arbeitslosenkredit"},"content":{"rendered":"\n<div class=\"wp-block-group first-section\"><div class=\"wp-block-group__inner-container is-layout-flow wp-block-group-is-layout-flow\">\n<h1 class=\"wp-block-heading\">Arbeitslosenkredit<\/h1>\n\n\n\n<p>F\u00fcr Arbeitslose ist es oft schwierig, einen passenden Kredit zu finden. <a href=\"https:\/\/www.top5credits.com\/de\/\">Top5Credits<\/a> zeigt Ihnen seri\u00f6se Anbieter, die auf Ihre Situation angepasst sind.<\/p>\n\n\n\n<p>Dieser Beitrag wird Ihnen dabei helfen, trotz Arbeitslosigkeit einen Kredit zu bekommen.<\/p>\n\n\n\n<\/div><\/div>\n\n\n\n\n\n\n<div class=\"top-results palkkio\">\n<span class=\"huomiomerkki\">!<\/span> Unsere Geb\u00fchr beeinflusst die Reihenfolge der Auflistung \u2013 weitere Informationen dazu <span class=\"plus-trigger\">+<\/span>\n<p>Top5Credits.com ist ein kostenloser Service, der n\u00fctzliche Informationen und Inhalte f\u00fcr seine Benutzer bereitstellt. Wir vergleichen und bewerten Kreditservices mit echter Erfahrung. Damit der Service f\u00fcr unsere Benutzer kostenlos bleibt, erhalten wir von unseren Partnern eine Verg\u00fctung f\u00fcr die an sie vermittelten Kunden. Die H\u00f6he der Verg\u00fctung beeinflusst die Reihenfolge der Auflistung.<\/p>\n<\/div>\n\n\n\n<h2 class=\"wp-block-heading\">Wie finde ich den passenden Kredit?<\/h2>\n\n\n\n<p>Stellen Sie sich folgendes Szenario vor: Sie ben\u00f6tigen Geld f\u00fcr eine Investition, ein neues Auto oder um endlich Ihren Traumurlaub zu erm\u00f6glichen, doch Ihre erste Anlaufstelle, die Bank, verweigert Ihnen den Kredit aufgrund Ihrer Arbeitslosigkeit.<\/p>\n\n\n\n<p>Ihre zweite Anlaufstelle ist das Internet, hier gibt es spezielle Anbieter f\u00fcr Arbeitslosenkredite, die manchmal sogar eine Sofortauszahlung anbieten.<\/p>\n\n\n\n<h2 class=\"wp-block-heading\">Arbeitslosenkredit ohne Einkommensnachweis<\/h2>\n\n\n\n<p>Der Kredit f\u00fcr Arbeitslose ohne Einkommensnachweis ist die naheliegendste M\u00f6glichkeit, um an ein Darlehen zu kommen.<\/p>\n\n\n\n<p>Hierbei handelt es sich um einen kleinen Kredit, der von speziellen Anbietern vergeben wird. Es werden Betr\u00e4ge zwischen 50,- EUR und 1.000,- EUR angeboten mit einer Laufzeit, die von 15 Tagen bis zu maximal 6 Monaten reicht.<\/p>\n\n\n\n<p>Der Antrag kann papierlos gestellt werden mit der M\u00f6glichkeit einen Aufpreis zu zahlen, um den Betrag sofort zu erhalten. Das Angebot kann sowohl von Arbeitslosen, als auch von Studenten in Anspruch genommen werden.<\/p>\n\n\n\n<p>Um Ihre Chancen auf eine Zusage der Bank zu erh\u00f6hen, k\u00f6nnen Sie einen B\u00fcrge oder einen zweiten Kreditnehmer hinzuziehen.<\/p>\n\n\n\n<h2 class=\"wp-block-heading\">M\u00f6glichkeiten f\u00fcr Arbeitslose, einen Kredit zu erhalten<\/h2>\n\n\n\n<p>Es ist nicht ganz einfach, als Arbeitslose\/r an einen Kredit zu kommen, denn ohne eine feste Einkommensquelle wird dem Kreditgeber eine niedrige Bonit\u00e4t, oft eines der wichtigsten Entscheidungsmerkmale, signalisiert. Top5Credits kann Ihnen dabei helfen, trotzdem an einen vertrauensw\u00fcrdigen Kredit zu kommen.<\/p>\n\n\n\n<h3 class=\"wp-block-heading\">Sie haben folgende M\u00f6glichkeiten:<\/h3>\n\n\n\n<p>Die Vorlage von Sicherheiten: Wenn Sie w\u00e4hrend der Kreditsuche \u00fcber kein festes Einkommen verf\u00fcgen, k\u00f6nnen Sie dem Kreditgeber andere Sicherheiten aufzeigen, um diesen zu \u00fcberzeugen.<br><br><strong>Beispiele f\u00fcr Sicherheiten:<\/strong><\/p>\n\n\n\n<ul class=\"wp-block-list\">\n<li>Eine B\u00fcrgschaft: Hierbei wird eine weitere Person hinzugezogen, die zur Not mit seinem\/ihrem Verm\u00f6gen f\u00fcr Sie aufkommt und somit f\u00fcr Ihre Zahlungsf\u00e4higkeit b\u00fcrgt.<\/li>\n\n\n\n<li>Eine Mitantragschaft: In diesem Fall wird ebenfalls eine weitere Person involviert, die ein festes Einkommen hat und eine\/n gleichberechtigte\/n Partner\/in darstellt.<\/li>\n\n\n\n<li>Materielle Sicherheiten: Vor allem hilfreich, um Kleinkredite zu erhalten. Beispiele sind Immobilien, Autos oder Wertpapiere.<\/li>\n<\/ul>\n\n\n\n<h3 class=\"wp-block-heading\">Privatkredit f\u00fcr Arbeitslose:<\/h3>\n\n\n\n<p>Es gibt f\u00fcr Arbeitslose wie sonst auch die Option, \u00fcber eine Kreditb\u00f6rse einen <a href=\"https:\/\/www.top5credits.com\/de\/kreditvergleich\/privatkredit-online-vergleichen\/\">Kredit von einer Privatperson zu erhalten<\/a>. Die jeweilige Person gibt die Bedingungen vor, sodass Kredite auch ohne Schufa m\u00f6glich sind.<\/p>\n\n\n\n<h3 class=\"wp-block-heading\">Auslands Kredite:<\/h3>\n\n\n\n<p>Kredite aus dem Ausland werden oft als \u201eKredite ohne Schufa\u201c bezeichnet, da die Kreditgeber im Ausland oftmals auf das Vorlegen des Schufa-Scores verzichten.<br>Eine solcher Kreditgeber kann beispielsweise in der Schweiz oder in Liechtenstein gefunden werden, deshalb wird diese Form von Kredit auch \u201eSchweizer Kredit\u201c genannt. Um als Arbeitslose\/r solch einen Kredit zu erhalten, m\u00fcssen Sie in jedem Fall einen deutschen Wohnsitz haben.<\/p>\n\n\n\n<h3 class=\"wp-block-heading\">Kann ein Arbeitslosenkredit ohne einen B\u00fcrge und mit negativer Schufa bzw. ohne Schufa abgeschlossen werden?<\/h3>\n\n\n\n<p>In der Regel wird der Schufa-Score des potentiellen Kreditnehmers als Teil der Bonit\u00e4tspr\u00fcfung (Auskunft \u00fcber Kreditw\u00fcrdigkeit) angefordert. In Deutschland ist es sogar verpflichtend, diese Pr\u00fcfung durchzuf\u00fchren, bevor ein Kredit vergeben werden darf.<br>Wenn ein Kreditnehmer kein festes Einkommen vorweisen kann, ist die Bonit\u00e4t sogar von noch gr\u00f6\u00dferer Bedeutung f\u00fcr den Kreditgeber. Au\u00dferdem f\u00e4llt die Bonit\u00e4tspr\u00fcfung oft positiver aus als erwartet.<\/p>\n\n\n\n<p>Wenn der Kreditnehmer in der Lage ist, dem Kreditgeber Sicherheiten vorzuweisen und zus\u00e4tzlich einen negativen Schufa-Score vorlegen kann, ist die Wahrscheinlichkeit gro\u00df, dass die Entscheidung positiv ausfallen wird.<\/p>\n\n\n\n<p>Wer einen Arbeitslosenkredit ohne B\u00fcrge erhalten m\u00f6chte, hat die M\u00f6glichkeit, einen Mitantragsteller hinzuzuziehen. Je nach Kreditgeber und Konditionen k\u00f6nnen Sie sich diese Option zu Nutzen machen oder eben nicht.<\/p>\n\n\n\n<p>Um die Chancen auf einen Kreditbescheid zu erh\u00f6hen, hilft es, Einnahmequellen zu haben, die au\u00dferhalb eines Arbeitsverh\u00e4ltnisses bestehen oder vorweisbares Verm\u00f6gen zu besitzen.<\/p>\n\n\n\n<p>Eine weitere M\u00f6glichkeit ist die Grundschuld, diese k\u00f6nnen Sie fordern, wenn Sie eine Immobilie oder ein Grundst\u00fcck besitzen.<br>Der Vorteil der Grundschuld ist, dass Sie gleich mehrere Kredite absichern kann, da sie unabh\u00e4ngig vom Kredit besteht. Wenn Sie einen Kredit mit Sicherheit der Grundschuld beantragen, wird das Grundpfandrecht im Grundbuch vermerkt, sodass nicht der Kreditnehmer, sondern das Grundst\u00fcck f\u00fcr den Kredit haftet. Ein solcher Vermerk im Grundbuch kostet zwar Geld, die Geb\u00fchr muss jedoch nur einmal gezahlt werden, und die Grundschuld dient in der Zukunft weiterhin als vorweisbare Sicherheit.<\/p>\n\n\n\n<p>Mit dieser Art der Sicherheit ist nicht jeder Kreditgeber einverstanden, sodass individuell besprochen werden muss, ob die M\u00f6glichkeit besteht.<\/p>\n\n\n\n<p>\u00dcberlegen Sie vorher gut, ob die Grundschuld Ihre einzige Option ist oder ob das Hinzuziehen eines B\u00fcrgen oder eines zweiten Kreditnehmers nicht doch eine bessere Alternative bietet.<\/p>\n\n\n\n<h2 class=\"wp-block-heading\">Arbeitslosenkredit: Welche Probleme gibt es?<\/h2>\n\n\n\n<p>Die meisten Menschen glauben, dass es unm\u00f6glich ist, als Arbeitslose\/r einen Kredit zu erhalten, doch das stimmt so nicht. Im Falle gro\u00dfer Banken ist Arbeitslosigkeit zwar meist ein Ausschlusskriterium bei der Vergabe von Krediten, da Arbeitslosigkeit oft unfairerweise automatisch mit finanzieller Unverantwortlichkeit verbunden wird, jedoch gibt es andere M\u00f6glichkeiten, einen Arbeitslosenkredit zu erhalten.<\/p>\n\n\n\n<p>Sollten Sie trotz Arbeitslosigkeit einen Kredit von einer Bank erhalten, ist dieser meist mit strengeren Konditionen verbunden. Beispielsweise wird ein B\u00fcrge oder ein Mitantragsteller gefordert, damit die Bank kein Risiko eingehen muss. Teilweise dauert der Prozess auch um einiges l\u00e4nger, und es vergehen einige Wochen, bis Sie das Geld erhalten, da viele Banken zuerst Kontakt zum Arbeitsamt aufnehmen m\u00f6chten.<\/p>\n\n\n\n<p>Auch ein Privatkredite bringt Probleme mit sich. Laut Erfahrungsberichten und Bewertungen im Internet sind private Kreditgeber vor allem auf P2P-Plattformen meist strenger im Bezug auf die Kriterien, sodass Arbeitslose nur selten einen Kredit erhalten. Falls Sie einen Kredit erhalten sollten, ist dieser oftmals mit h\u00f6heren Zinsen verbunden oder es werden extra Kosten berechnet.<br>Gute Alternativen f\u00fcr Kreditnehmer ohne festes Einkommen finden sich also haupts\u00e4chlich online.<\/p>\n\n\n\n<h3 class=\"wp-block-heading\">Folgende Kriterien m\u00fcssen Sie f\u00fcr einen Arbeitslosenkredit erf\u00fcllen:<\/h3>\n\n\n\n<p>Die oben genannten Voraussetzungen wie beispielsweise Sicherheiten, B\u00fcrgen und Mitantragsteller gelten weiterhin. Banken vergeben Arbeitslosenkredite meist nur unter strengen Kriterien. Zus\u00e4tzlich gibt es einige Grundvoraussetzungen, die bei den meisten Kreditanbietern identisch sind. Unter anderem:<\/p>\n\n\n\n<ul class=\"wp-block-list\">\n<li>ein Mindestalter von 18 Jahren<\/li>\n\n\n\n<li>ein Girokonto in Deutschland<\/li>\n\n\n\n<li>ein Hauptwohnsitz in Deutschland<\/li>\n<\/ul>\n\n\n\n<p>Jede Bank hat ihr eigenes Verfahren bei der Kreditvergabe. W\u00e4hrend viele traditionelle Banken noch auf die Papierform zur\u00fcckgreifen, bieten Online-Kredite den Vorteil einer papierlosen Abwicklung. Leider bedeutet das nicht automatisch, dass Sie den Betrag schneller auf Ihrem Konto erhalten. Um in Erfahrung zu bringen, wie lange sich der Prozess ziehen kann, lohnt es sich, Erfahrungsberichte ehemaliger Kunden zu lesen.<\/p>\n","protected":false},"excerpt":{"rendered":"<p>Arbeitslosenkredit F\u00fcr Arbeitslose ist es oft schwierig, einen passenden Kredit zu finden. Top5Credits zeigt Ihnen seri\u00f6se Anbieter, die auf Ihre Situation angepasst sind. Dieser Beitrag<\/p>\n<p class=\"more-link\"><span class=\"screen-reader-text\">Arbeitslosenkredit<\/span> weiterlesen<\/p>\n","protected":false},"author":22,"featured_media":0,"parent":0,"menu_order":0,"comment_status":"closed","ping_status":"closed","template":"page-results.php","meta":{"footnotes":""},"class_list":["post-612","page","type-page","status-publish","hentry","entry"],"yoast_head":"<!-- This site is optimized with the Yoast SEO plugin v27.3 - https:\/\/yoast.com\/product\/yoast-seo-wordpress\/ -->\n<title>Arbeitslosenkredit gesucht? \u2013 Sichern sich mit Top5Credits Ihren Kredit<\/title>\n<meta name=\"description\" content=\"Der Arbeitslosenkredit hilft Ihnen, die finanziell schwierigen Zeiten als Arbeitsloser zu \u00fcberbr\u00fccken.\" \/>\n<meta name=\"robots\" content=\"index, follow, max-snippet:-1, max-image-preview:large, max-video-preview:-1\" \/>\n<link rel=\"canonical\" href=\"https:\/\/www.top5credits.com\/de\/arbeitslosenkredit\/\" \/>\n<meta property=\"og:locale\" content=\"de_DE\" \/>\n<meta property=\"og:type\" content=\"article\" \/>\n<meta property=\"og:title\" content=\"Arbeitslosenkredit gesucht? \u2013 Sichern sich mit Top5Credits Ihren Kredit\" \/>\n<meta property=\"og:description\" content=\"Der Arbeitslosenkredit hilft Ihnen, die finanziell schwierigen Zeiten als Arbeitsloser zu \u00fcberbr\u00fccken.\" \/>\n<meta property=\"og:url\" content=\"https:\/\/www.top5credits.com\/de\/arbeitslosenkredit\/\" \/>\n<meta property=\"og:site_name\" content=\"Top5Credits.com Deutschland\" \/>\n<meta property=\"article:modified_time\" content=\"2023-10-16T10:23:58+00:00\" \/>\n<meta property=\"og:image\" content=\"https:\/\/cdn.top5credits.com\/de\/wp-content\/uploads\/sites\/6\/2023\/11\/top5credits-com-ogimage.png?cdn=1.1.6\" \/>\n\t<meta property=\"og:image:width\" content=\"1200\" \/>\n\t<meta property=\"og:image:height\" content=\"630\" \/>\n\t<meta property=\"og:image:type\" content=\"image\/png\" \/>\n<meta name=\"twitter:card\" content=\"summary_large_image\" \/>\n<script type=\"application\/ld+json\" class=\"yoast-schema-graph\">{\"@context\":\"https:\\\/\\\/schema.org\",\"@graph\":[{\"@type\":\"WebPage\",\"@id\":\"https:\\\/\\\/www.top5credits.com\\\/de\\\/arbeitslosenkredit\\\/\",\"url\":\"https:\\\/\\\/www.top5credits.com\\\/de\\\/arbeitslosenkredit\\\/\",\"name\":\"Arbeitslosenkredit gesucht? \u2013 Sichern sich mit Top5Credits Ihren Kredit\",\"isPartOf\":{\"@id\":\"https:\\\/\\\/www.top5credits.com\\\/de\\\/#website\"},\"datePublished\":\"2022-06-28T04:11:29+00:00\",\"dateModified\":\"2023-10-16T10:23:58+00:00\",\"description\":\"Der Arbeitslosenkredit hilft Ihnen, die finanziell schwierigen Zeiten als Arbeitsloser zu \u00fcberbr\u00fccken.\",\"breadcrumb\":{\"@id\":\"https:\\\/\\\/www.top5credits.com\\\/de\\\/arbeitslosenkredit\\\/#breadcrumb\"},\"inLanguage\":\"de\",\"potentialAction\":[{\"@type\":\"ReadAction\",\"target\":[\"https:\\\/\\\/www.top5credits.com\\\/de\\\/arbeitslosenkredit\\\/\"]}]},{\"@type\":\"BreadcrumbList\",\"@id\":\"https:\\\/\\\/www.top5credits.com\\\/de\\\/arbeitslosenkredit\\\/#breadcrumb\",\"itemListElement\":[{\"@type\":\"ListItem\",\"position\":1,\"name\":\"Top5Credits.com\",\"item\":\"https:\\\/\\\/www.top5credits.com\\\/de\\\/\"},{\"@type\":\"ListItem\",\"position\":2,\"name\":\"Arbeitslosenkredit\"}]},{\"@type\":\"WebSite\",\"@id\":\"https:\\\/\\\/www.top5credits.com\\\/de\\\/#website\",\"url\":\"https:\\\/\\\/www.top5credits.com\\\/de\\\/\",\"name\":\"Top5Credits.com Deutschland\",\"description\":\"\",\"publisher\":{\"@id\":\"https:\\\/\\\/www.top5credits.com\\\/de\\\/#organization\"},\"potentialAction\":[{\"@type\":\"SearchAction\",\"target\":{\"@type\":\"EntryPoint\",\"urlTemplate\":\"https:\\\/\\\/www.top5credits.com\\\/de\\\/?s={search_term_string}\"},\"query-input\":{\"@type\":\"PropertyValueSpecification\",\"valueRequired\":true,\"valueName\":\"search_term_string\"}}],\"inLanguage\":\"de\"},{\"@type\":\"Organization\",\"@id\":\"https:\\\/\\\/www.top5credits.com\\\/de\\\/#organization\",\"name\":\"Top5Credits.com\",\"url\":\"https:\\\/\\\/www.top5credits.com\\\/de\\\/\",\"logo\":{\"@type\":\"ImageObject\",\"inLanguage\":\"de\",\"@id\":\"https:\\\/\\\/www.top5credits.com\\\/de\\\/#\\\/schema\\\/logo\\\/image\\\/\",\"url\":\"https:\\\/\\\/cdn.top5credits.com\\\/de\\\/wp-content\\\/uploads\\\/sites\\\/6\\\/2023\\\/10\\\/t5c-favicon.png\",\"contentUrl\":\"https:\\\/\\\/cdn.top5credits.com\\\/de\\\/wp-content\\\/uploads\\\/sites\\\/6\\\/2023\\\/10\\\/t5c-favicon.png\",\"width\":512,\"height\":512,\"caption\":\"Top5Credits.com\"},\"image\":{\"@id\":\"https:\\\/\\\/www.top5credits.com\\\/de\\\/#\\\/schema\\\/logo\\\/image\\\/\"}}]}<\/script>\n<!-- \/ Yoast SEO plugin. -->","yoast_head_json":{"title":"Arbeitslosenkredit gesucht? \u2013 Sichern sich mit Top5Credits Ihren Kredit","description":"Der Arbeitslosenkredit hilft Ihnen, die finanziell schwierigen Zeiten als Arbeitsloser zu \u00fcberbr\u00fccken.","robots":{"index":"index","follow":"follow","max-snippet":"max-snippet:-1","max-image-preview":"max-image-preview:large","max-video-preview":"max-video-preview:-1"},"canonical":"https:\/\/www.top5credits.com\/de\/arbeitslosenkredit\/","og_locale":"de_DE","og_type":"article","og_title":"Arbeitslosenkredit gesucht? \u2013 Sichern sich mit Top5Credits Ihren Kredit","og_description":"Der Arbeitslosenkredit hilft Ihnen, die finanziell schwierigen Zeiten als Arbeitsloser zu \u00fcberbr\u00fccken.","og_url":"https:\/\/www.top5credits.com\/de\/arbeitslosenkredit\/","og_site_name":"Top5Credits.com Deutschland","article_modified_time":"2023-10-16T10:23:58+00:00","og_image":[{"width":1200,"height":630,"url":"https:\/\/cdn.top5credits.com\/de\/wp-content\/uploads\/sites\/6\/2023\/11\/top5credits-com-ogimage.png?cdn=1.1.6","type":"image\/png"}],"twitter_card":"summary_large_image","schema":{"@context":"https:\/\/schema.org","@graph":[{"@type":"WebPage","@id":"https:\/\/www.top5credits.com\/de\/arbeitslosenkredit\/","url":"https:\/\/www.top5credits.com\/de\/arbeitslosenkredit\/","name":"Arbeitslosenkredit gesucht? \u2013 Sichern sich mit Top5Credits Ihren Kredit","isPartOf":{"@id":"https:\/\/www.top5credits.com\/de\/#website"},"datePublished":"2022-06-28T04:11:29+00:00","dateModified":"2023-10-16T10:23:58+00:00","description":"Der Arbeitslosenkredit hilft Ihnen, die finanziell schwierigen Zeiten als Arbeitsloser zu \u00fcberbr\u00fccken.","breadcrumb":{"@id":"https:\/\/www.top5credits.com\/de\/arbeitslosenkredit\/#breadcrumb"},"inLanguage":"de","potentialAction":[{"@type":"ReadAction","target":["https:\/\/www.top5credits.com\/de\/arbeitslosenkredit\/"]}]},{"@type":"BreadcrumbList","@id":"https:\/\/www.top5credits.com\/de\/arbeitslosenkredit\/#breadcrumb","itemListElement":[{"@type":"ListItem","position":1,"name":"Top5Credits.com","item":"https:\/\/www.top5credits.com\/de\/"},{"@type":"ListItem","position":2,"name":"Arbeitslosenkredit"}]},{"@type":"WebSite","@id":"https:\/\/www.top5credits.com\/de\/#website","url":"https:\/\/www.top5credits.com\/de\/","name":"Top5Credits.com Deutschland","description":"","publisher":{"@id":"https:\/\/www.top5credits.com\/de\/#organization"},"potentialAction":[{"@type":"SearchAction","target":{"@type":"EntryPoint","urlTemplate":"https:\/\/www.top5credits.com\/de\/?s={search_term_string}"},"query-input":{"@type":"PropertyValueSpecification","valueRequired":true,"valueName":"search_term_string"}}],"inLanguage":"de"},{"@type":"Organization","@id":"https:\/\/www.top5credits.com\/de\/#organization","name":"Top5Credits.com","url":"https:\/\/www.top5credits.com\/de\/","logo":{"@type":"ImageObject","inLanguage":"de","@id":"https:\/\/www.top5credits.com\/de\/#\/schema\/logo\/image\/","url":"https:\/\/cdn.top5credits.com\/de\/wp-content\/uploads\/sites\/6\/2023\/10\/t5c-favicon.png","contentUrl":"https:\/\/cdn.top5credits.com\/de\/wp-content\/uploads\/sites\/6\/2023\/10\/t5c-favicon.png","width":512,"height":512,"caption":"Top5Credits.com"},"image":{"@id":"https:\/\/www.top5credits.com\/de\/#\/schema\/logo\/image\/"}}]}},"_links":{"self":[{"href":"https:\/\/www.top5credits.com\/de\/wp-json\/wp\/v2\/pages\/612","targetHints":{"allow":["GET"]}}],"collection":[{"href":"https:\/\/www.top5credits.com\/de\/wp-json\/wp\/v2\/pages"}],"about":[{"href":"https:\/\/www.top5credits.com\/de\/wp-json\/wp\/v2\/types\/page"}],"author":[{"embeddable":true,"href":"https:\/\/www.top5credits.com\/de\/wp-json\/wp\/v2\/users\/22"}],"replies":[{"embeddable":true,"href":"https:\/\/www.top5credits.com\/de\/wp-json\/wp\/v2\/comments?post=612"}],"version-history":[{"count":0,"href":"https:\/\/www.top5credits.com\/de\/wp-json\/wp\/v2\/pages\/612\/revisions"}],"wp:attachment":[{"href":"https:\/\/www.top5credits.com\/de\/wp-json\/wp\/v2\/media?parent=612"}],"curies":[{"name":"wp","href":"https:\/\/api.w.org\/{rel}","templated":true}]}}