{"id":619,"date":"2022-06-28T06:26:51","date_gmt":"2022-06-28T04:26:51","guid":{"rendered":"https:\/\/www.top5credits.com\/de\/?page_id=619"},"modified":"2023-01-24T11:53:04","modified_gmt":"2023-01-24T10:53:04","slug":"schweizer-kredit-ohne-schufa","status":"publish","type":"page","link":"https:\/\/www.top5credits.com\/de\/schweizer-kredit-ohne-schufa\/","title":{"rendered":"Schweizer Kredit ohne Schufa"},"content":{"rendered":"\n<div class=\"wp-block-group first-section\"><div class=\"wp-block-group__inner-container is-layout-flow wp-block-group-is-layout-flow\">\n<h1 class=\"wp-block-heading\">Schweizer Kredit ohne Schufa<\/h1>\n\n\n\n<div class=\"wp-block-group first-section\"><div class=\"wp-block-group__inner-container is-layout-flow wp-block-group-is-layout-flow\">\n<p>Wer sich in einer schwierigen finanziellen Situation befindet, f\u00fcr den kann ein Kredit aus der Schweiz ein Ausweg sein. Es existiert die M\u00f6glichkeit, ohne Schufa Abfrage oder trotz eines Eintrags dort an ein Darlehen zu kommen.<\/p>\n\n\n\n<\/div><\/div>\n<\/div><\/div>\n\n\n\n\n\n\n<div class=\"top-results palkkio\">\n<span class=\"huomiomerkki\">!<\/span> Unsere Geb\u00fchr beeinflusst die Reihenfolge der Auflistung \u2013 weitere Informationen dazu <span class=\"plus-trigger\">+<\/span>\n<p>Top5Credits.com ist ein kostenloser Service, der n\u00fctzliche Informationen und Inhalte f\u00fcr seine Benutzer bereitstellt. Wir vergleichen und bewerten Kreditservices mit echter Erfahrung. Damit der Service f\u00fcr unsere Benutzer kostenlos bleibt, erhalten wir von unseren Partnern eine Verg\u00fctung f\u00fcr die an sie vermittelten Kunden. Die H\u00f6he der Verg\u00fctung beeinflusst die Reihenfolge der Auflistung.<\/p>\n<\/div>\n\n\n\n<h2 class=\"wp-block-heading\">Schweizer Kredit \u2013 eine ausgezeichnete Alternative zu Darlehen mit Schufa Auskunft<\/h2>\n\n\n\n<p>Der Schweizer Kredit gewinnt auf dem deutschen Markt zusehends an Popularit\u00e4t.<br>Was steckt hinter der wachsenden Beliebtheit von Schweizer Krediten?<\/p>\n\n\n\n<p>Diese Art von Darlehen wird ohne die \u00dcberpr\u00fcfung der Kreditnehmer bei der Kreditauskunftei Schufa vergeben.<\/p>\n\n\n\n<p>Bei mangelnder Kreditw\u00fcrdigkeit kann der Schweizer Kredit eine Alternative sein, falls andere Kredite nicht in mehr Frage kommen.<\/p>\n\n\n\n<p>In diesem Artikel zeigen wir Ihnen unter anderem:<\/p>\n\n\n\n<p>-Wie Sie ein seri\u00f6ses Angebot erkennen k\u00f6nnen<br>-Welche Vor-und Nachteile Schufafreie Angebote haben<br>-Welche Voraussetzungen Sie erf\u00fcllen m\u00fcssen<\/p>\n\n\n\n<p>Sie sollten auf jeden Fall vor dem Abschluss eines Darlehensvertrags unseren online Kreditvergleich machen, um sich optimal \u00fcber den Schweizer Kredit zu informieren.<\/p>\n\n\n\n<h2 class=\"wp-block-heading\">Was ist ein Schweizer Kredit?<\/h2>\n\n\n\n<p>Der Schweizer Kredit ist f\u00fcr viele Menschen ein guter Ersatz zu anderen gefragten online Krediten wie Sofortkredite, Blitzkredite, Kleinkredite oder Privatkredite.<br>Tats\u00e4chlich ist ein Schweizer Kredit ein Ratenkredit, der auf die \u00dcberpr\u00fcfung der Kreditnehmer bei der Kreditauskunftei Schufa verzichtet.<\/p>\n\n\n\n<p>Welches sind die Kreditinstitute und Banken, die ohne das Einholen dieser Schufa-Auskunft ein Darlehen an ihre Kunden vergeben?<\/p>\n\n\n\n<p>Wir sprechen haupts\u00e4chlich von europ\u00e4ischen Banken aus der Schweiz und Liechtenstein, die so arbeiten. Genau wie weitere Banken aus \u00d6sterreich und Luxemburg er\u00f6ffnen Sie interessierten Kundinnen und Kunden die M\u00f6glichkeit, einen Kredit ohne Schufa-Auskunft zu erhalten.<\/p>\n\n\n\n<h3 class=\"wp-block-heading\">Vor Abschluss eines Schweizer Kredits empfehlen wir einen Kreditvergleich<\/h3>\n\n\n\n<p>Hinsichtlich eines Schweizer Bankkredits unterst\u00fctzt Sie Top5Credits dabei, das optimale Angebot f\u00fcr Sie zu finden.<\/p>\n\n\n\n<p>Sie k\u00f6nnen sich noch heute mit unserem online Kreditvergleich eine gro\u00dfe Auswahl an passenden Kreditangeboten erhalten, die nach ihren W\u00fcnschen zusammengestellt wurden.<\/p>\n\n\n\n<p>Es spielt keine Rolle, ob eine unvorhergesehene Zahlungsverpflichtung aufgetaucht ist oder Sie sich Ihren langersehnten Urlaubstraum wahr machen. Unsere Kundinnen und Kunden haben vielf\u00e4ltige Anl\u00e4sse, aus denen Sie sich f\u00fcr einen Kredit entscheiden, den Sie online abschlie\u00dfen.<\/p>\n\n\n\n<p>Wir arbeiten mit mehr als 200 Kreditinstituten und Geldgebern zusammen. Wir legen bei unseren Partnern gro\u00dfen Wert auf Integrit\u00e4t und Rechtschaffenheit. Bei der Beantragung eines Schufa-freien Kredits k\u00f6nnen Sie auf diese redlichen Partner vertrauen.<\/p>\n\n\n\n<h2 class=\"wp-block-heading\">Hohe Sicherheit beim Kreditprozess<\/h2>\n\n\n\n<p>Es gab leider in der Vergangenheit unseri\u00f6se Vermittler, die Kreditnehmer bei der Vermittlung von Schweizer Krediten ohne Schufa-Auskunft hohe Geb\u00fchren in Rechnung gestellt haben. Dadurch hat der Ruf dieser Art von Darlehen gelitten.<\/p>\n\n\n\n<p>Diese Zeiten sind vorbei. Der Schweizer Kredit ist dabei, sich als Ausweichm\u00f6glichkeit f\u00fcr online Kredite mit Schufa zu etablieren.<\/p>\n\n\n\n<p>Top5Credits steht f\u00fcr einen sicheren Ablauf bei der Kreditvergabe. Ein besonderes Augenmerk liegt dabei auf der sicheren Abwicklung und Transparenz.<\/p>\n\n\n\n<p>Es gibt bei uns keinerlei versteckten Geb\u00fchren oder zus\u00e4tzliche Kosten. Bei der online Suche nach einem Schweizer Bank Kredit k\u00f6nnen Sie sich auf einen geb\u00fchrenfreien Service verlassen.<\/p>\n\n\n\n<p>Sie erhalten bei unserem online Kreditvergleich f\u00fcr Ihren gew\u00fcnschten Kredit eine Aufstellung der Vertragsbedingungen der verschiedenen Kreditinstitute und Geldgeber.<\/p>\n\n\n\n<h2 class=\"wp-block-heading\">Der Schweizer Kredit ist der Kredit ohne Schufa aus dem Ausland<\/h2>\n\n\n\n<p>Sie brauchen kurzfristig Geld, doch Dein negativer Schufa Eintrag bereitet Probleme?<br>Sie w\u00fcrden gerne ein Darlehen aufnehmen, ohne dass Deine Hausbank davon Wind bekommt? Mit dem Schweizer Kredit k\u00f6nnen Sie diese Probleme einfach und elegant l\u00f6sen.<\/p>\n\n\n\n<p>Durch den Kredit von einer Schweizer Bank oder von einem internationalen Geldgeber haben Sie sogar trotz negativer Schufa Abfrage ein Darlehen erhalten.<br>Die Beantragung des Kredits wird ohne Schufa Pr\u00fcfung durchgef\u00fchrt. Die Banken in der Schweiz arbeiten ohne Schufa Auskunft und nehmen keine Schufa \u00dcberpr\u00fcfung vor. Auch an andere Kredit-Auskunfteien werden keine Anfragen verschickt.<\/p>\n\n\n\n<h3 class=\"wp-block-heading\">Wir zeigen Dir heute<\/h3>\n\n\n\n<p>&#8211; wie Sie den Schweizer Kredit mit Sofortzusage bei Top5Credits beantragen k\u00f6nnen<br>&#8211; welche Voraussetzungen Sie daf\u00fcr erf\u00fcllen m\u00fcssen<br>&#8211; welche Vor- und Nachteile ein Kredit aus dem Ausland hat<\/p>\n\n\n\n<p>Durch unsere jahrelange Erfahrung als erfolgreiche Kreditvermittler k\u00f6nnen wir auch Kreditzusagen bei schwierigen F\u00e4llen erreichen und zu einem positiven Abschluss kommen. Es entstehen durch unsere Arbeit f\u00fcr Dich keinerlei Kosten. Die Angebote sind f\u00fcr dich unverbindlich und ohne Vorabkosten zur Pr\u00fcfung.<\/p>\n\n\n\n<h3 class=\"wp-block-heading\">Welche Voraussetzungen m\u00fcssen f\u00fcr einen Schweizer Kredit erf\u00fcllt werden?<\/h3>\n\n\n\n<p>Oftmals wird ein Schweizer Kredit mit einer Kreditvergabe ohne Bonit\u00e4tspr\u00fcfung gleichgesetzt. Das ist ein Irrtum. Richtig ist, dass der Schweizer Kredit ohne Schufa-Auskunft bearbeitet wird. Dennoch werden die finanziellen Verh\u00e4ltnisse des Antragsstellers nach festgelegten Gesichtspunkten \u00fcberpr\u00fcft.<\/p>\n\n\n\n<p>Die Banken aus der Schweiz, die als Darlehensgeber f\u00fcr unsere Kundinnen und Kunden aus Deutschland t\u00e4tig werden, bestehen ebenfalls auf Sicherheiten. Hierbei spielt das bestehende Besch\u00e4ftigungsverh\u00e4ltnis eine wichtige Rolle. Die Dauer dieses Arbeitsverh\u00e4ltnisses oder anders ausgedr\u00fcckt, wie lange Sie schon bei deinem Arbeitgeber angestellt sind. Die Summe der regelm\u00e4\u00dfigen Nettobez\u00fcge sind dabei ebenfalls von Bedeutung.<\/p>\n\n\n\n<h3 class=\"wp-block-heading\">Welche Voraussetzungen bez\u00fcglich Mindesteinkommen und Besch\u00e4ftigungsdauer gelten beim Schweizer Kredit?<\/h3>\n\n\n\n<p>Bei einem Schweizer Kredit steht das geforderte Mindesteinkommen im Verh\u00e4ltnis zur Kreditsumme, die beantragt wird. Weiterhin werden die Steuerklasse und die Anzahl der (unterhaltspflichtigen) Kinder in die Berechnung einbezogen.<\/p>\n\n\n\n<p>Die Mindest-Voraussetzungen bei den geforderten Einkommen sind mit 500,- Euro relativ niedrig angesetzt.<br>Mit Nettobez\u00fcgen von 1330,- Euro monatlich kann man ein Darlehen \u00fcber 3500,- Euro erhalten. Mit 1660,- Euro Monatseink\u00fcnften ist es sogar m\u00f6glich einen Kredit \u00fcber 5000,- Euro zu beantragen.<\/p>\n\n\n\n<h2 class=\"wp-block-heading\">Schweizer Kredit in 3 Schritten beantragen:<\/h2>\n\n\n\n<h3 class=\"wp-block-heading\">1. Wie hoch soll der Kredit sein?<\/h3>\n\n\n\n<p>Der Schweizer Kredit kann anonym und unverbindlich in einem ersten Schritt angefragt werden. Ob der gew\u00fcnschte Kredit genehmigt werden kann, erf\u00e4hren Sie per Sofortzusage. Die Kreditbedingungen werden auf Grundlage der angegebenen Daten errechnet und ebenfalls mitgeteilt.<\/p>\n\n\n\n<h3 class=\"wp-block-heading\">2. Sofortzusage und Best\u00e4tigung der Angaben<\/h3>\n\n\n\n<p>Diese Schnellpr\u00fcfung wird vorab durchgef\u00fchrt und dauert nicht einmal 5 Sekunden. Das bedeutet, dass Sie eine direkte Sofortzusage zum Kredit erhalten. Danach brauchen wir noch einige pers\u00f6nliche Angaben von dir. Diese k\u00f6nnen Sie anschlie\u00dfend erg\u00e4nzen.<\/p>\n\n\n\n<h3 class=\"wp-block-heading\">3. Identifikation und Auszahlung<\/h3>\n\n\n\n<p>F\u00fcr die online Identifizierung m\u00fcssen Sie Ihren Personalausweis oder deinen Reisepass bereithalten. Das ist auch bei Schweizer Kredite aus dem Ausland notwendig.<\/p>\n\n\n\n<p>An diese f\u00fcnf Zusicherungen halten wir uns garantiert: kein Kredit &#8211; keine Kosten<br>&#8211; wir helfen Ihnen immer kostenlos und unverbindlich.<br>&#8211; wir bewahren Ihre Daten sicher auf und verkaufen sie auf keinen Fall weiter.<br>&#8211; wir werden Sie nicht unaufgefordert anrufen oder Ihnen Post schicken.<br>&#8211; wir k\u00f6nnen keinen Erfolg garantieren, aber wir werden Ihnen helfen.<br>&#8211; wir geben nicht auf, wenn Sie Hilfe ben\u00f6tigen.<\/p>\n\n\n\n<h2 class=\"wp-block-heading\">Vor- und Nachteile des Schweizer Kredits<\/h2>\n\n\n\n<h3 class=\"wp-block-heading\">Vorteile<\/h3>\n\n\n\n<p>&#8211; Zusage ist sogar bei schlechtem Schufa-Score oder bei negativer Schufa-Auskunft m\u00f6glich<br>&#8211; man kann kurzfristig Geld in Notsituation und sogar bei negativer Schufa-Auskunft erhalten<br>&#8211; das Geld ist nicht zweckgebunden und kann frei verwendet werden<br>&#8211; sowohl vorzeitige R\u00fcckzahlung als auch Sonderzahlungen sind jederzeit kostenfrei m\u00f6glich<br>&#8211; bei gutem Zahlungsverhalten ist sogar eine nachtr\u00e4gliche Aufstockung m\u00f6glich<\/p>\n\n\n\n<h3 class=\"wp-block-heading\">Nachteile<\/h3>\n\n\n\n<p>&#8211; es gibt leider auch unseri\u00f6se Anbieter. Es werden unter dem Stichwort \u201eFinanzsanierungen\u201c durch windige Anbieter zweifelhafte Angebote gemacht. Deswegen sollten Sie niemals Vorabgeb\u00fchren akzeptieren oder im Voraus bezahlen.<br>&#8211; die Kreditsumme ist begrenzt. Kredite \u00fcber 10.000 Euro und mehr werden in der Regel nur Kunden mit Schweizer Wohnsitz vergeben<br>&#8211; nicht f\u00fcr Arbeitslose geeignet (Alternative: Kredit aus dem Ausland)<br>&#8211; nicht geeignet f\u00fcr Freiberufler oder Selbstst\u00e4ndige<br>&#8211; bei einer Privatinsolvenz oder mit einem Eintrag im Insolvenzregister besteht keine M\u00f6glichkeit der Kreditvergabe<\/p>\n\n\n\n<h2 class=\"wp-block-heading\">Schweizer Bank Kredit \u2013 unser Kreditvergleich lohnt sich immer!<\/h2>\n\n\n\n<p>Wir empfehlen vor Abschluss eines Schweizer Kredits dringend unseren Onlinekredit Vergleich. Mit diesem Kreditvergleich erhalten Sie verschiedene Angebote, die optimal auf Ihre pers\u00f6nliche Situation abgestimmt sind.<\/p>\n\n\n\n<p>Wir arbeiten mit mehr als 200 Kreditinstituten und Geldgebern zusammen und legen bei unseren Partnern gro\u00dfen Wert auf Integrit\u00e4t.<br>Dadurch k\u00f6nnen Sie sich bei der Beantragung eines Schufa-freien Kredits auf die Seriosit\u00e4t unserer gepr\u00fcften Offerten verlassen.<\/p>\n\n\n\n<p>Schufa-freie Kredite hatten durch die immensen Geb\u00fchren, die von fragw\u00fcrdigen Vermittlern erhoben wurden, einen zweifelhaften Ruf.<\/p>\n\n\n\n<p>Als vertrauensw\u00fcrdiger Kreditvermittler kooperieren wir mit einem gro\u00dfen Pool von Partnern und Banken zusammen. Es werden in der Regel f\u00fcr ein online vermitteltes Darlehen keinerlei Geb\u00fchren erhoben.<\/p>\n\n\n\n<p>F\u00fcr die Vermittlung eines Darlehens sollten Sie keine Geb\u00fchren bezahlen. Seri\u00f6se Kreditvermittler berechnen Ihnen f\u00fcr einen Schweizer Kredit keine Geb\u00fchren!<\/p>\n\n\n\n<p>Falls eine niedrige Kreditw\u00fcrdigkeit vorliegt, ist ein Schweizer Kredit oft der letzte Ausweg. In F\u00e4llen, bei denen online vermittelte Darlehen wie Kleinkredite, Sofortkredite oder Privatkredite nicht mehr zur Auswahl stehen.<\/p>\n\n\n\n<p>Kleinkredite mit Summen bis 5000 Euro stehen hoch in der Gunst der Kreditnehmer, da sie bei der Verwendung des Geldes vielseitig einsetzbar sind. Selbst gr\u00f6\u00dfere Darlehenssummen bis 10.000 Euro k\u00f6nnen beantragt werden. Es wird vor der Bereitstellung des Kleinkredits in Deutschland zwingend die Kreditw\u00fcrdigkeit \u00fcberpr\u00fcft.<\/p>\n\n\n\n<h2 class=\"wp-block-heading\">F\u00fcr wen ist ein Schweizer Kredit geeignet?<\/h2>\n\n\n\n<p>Der Schweizer Bank Kredit ist f\u00fcr Kundinnen und Kunden mit einem problematischen Schufa-Score gut geeignet.<\/p>\n\n\n\n<p>Wenn Sie sich in einer Situation befinden, in der Sie kurzfristig Geld ben\u00f6tigen, um einen finanziellen Engpass zu \u00fcberbr\u00fccken und durch einen negativen Schufa-Eintrag Probleme haben, ein Darlehen zu erhalten, kann ein Schweizer Kredit infrage kommen.<\/p>\n\n\n\n<p>Auch Selbstst\u00e4ndige und Freiberufler, die oft mit unregelm\u00e4\u00dfigen Eink\u00fcnften zu k\u00e4mpfen haben, sind eine weitere Zielgruppe, f\u00fcr die ein Schweizer Kredit eine Alternative sein kann.<\/p>\n\n\n\n<p>Ein Darlehen von einer Schweizer Bank ist in vielen F\u00e4llen eine bessere Option als beispielsweise ein Privatkredit, der ebenfalls online vermittelt wird.<\/p>\n\n\n\n<p>Ein Privatkredit wird ausschlie\u00dflich an Privatpersonen vergeben. Auch hierbei wird \u2013 ebenso wie bei Sofort \u2013 und <a href=\"https:\/\/www.top5credits.com\/de\/kleinkredit\/\">Kleinkrediten<\/a> \u2013 eine Pr\u00fcfung der Kreditw\u00fcrdigkeit durchgef\u00fchrt und eine Schufa-Auskunft eingeholt.<\/p>\n\n\n\n<p>Den Schweizer Kredit erhalten Sie zwar ohne die Einholung einer Schufa-Auskunft, aber auch hier wird ein Bonit\u00e4tsnachweis verlangt. Auch die ausl\u00e4ndischen Kreditinstitute \u00fcberpr\u00fcfen Ihre Kreditw\u00fcrdigkeit. In diesem Fall jedoch ohne die Einschaltung einer deutschen Kreditauskunftei, sondern unter Zugrundelegung der regelm\u00e4\u00dfigen Eink\u00fcnfte.<\/p>\n","protected":false},"excerpt":{"rendered":"<p>Schweizer Kredit ohne Schufa Wer sich in einer schwierigen finanziellen Situation befindet, f\u00fcr den kann ein Kredit aus der Schweiz ein Ausweg sein. Es existiert<\/p>\n<p class=\"more-link\"><span class=\"screen-reader-text\">Schweizer Kredit ohne Schufa<\/span> weiterlesen<\/p>\n","protected":false},"author":22,"featured_media":0,"parent":0,"menu_order":0,"comment_status":"closed","ping_status":"closed","template":"page-results.php","meta":{"footnotes":""},"class_list":["post-619","page","type-page","status-publish","hentry","entry"],"yoast_head":"<!-- This site is optimized with the Yoast SEO plugin v27.3 - https:\/\/yoast.com\/product\/yoast-seo-wordpress\/ -->\n<title>Mit Top5Credits einen Schweizer Kredit ohne Schufa erhalten<\/title>\n<meta name=\"description\" content=\"Sie k\u00f6nnen den Schweizer Kredit tats\u00e4chlich ohne eine Schufa Auskunft erhalten. Dennoch sollten Sie wissen, dass jeder Darlehensgeber Ihre Kreditw\u00fcrdigkeit pr\u00fcfen wird. Auch bei ausl\u00e4ndischen Banken m\u00fcssen Sie Ihre Bonit\u00e4t nachweisen.\" \/>\n<meta name=\"robots\" content=\"index, follow, max-snippet:-1, max-image-preview:large, max-video-preview:-1\" \/>\n<link rel=\"canonical\" href=\"https:\/\/www.top5credits.com\/de\/schweizer-kredit-ohne-schufa\/\" \/>\n<meta property=\"og:locale\" content=\"de_DE\" \/>\n<meta property=\"og:type\" content=\"article\" \/>\n<meta property=\"og:title\" content=\"Mit Top5Credits einen Schweizer Kredit ohne Schufa erhalten\" \/>\n<meta property=\"og:description\" content=\"Sie k\u00f6nnen den Schweizer Kredit tats\u00e4chlich ohne eine Schufa Auskunft erhalten. Dennoch sollten Sie wissen, dass jeder Darlehensgeber Ihre Kreditw\u00fcrdigkeit pr\u00fcfen wird. Auch bei ausl\u00e4ndischen Banken m\u00fcssen Sie Ihre Bonit\u00e4t nachweisen.\" \/>\n<meta property=\"og:url\" content=\"https:\/\/www.top5credits.com\/de\/schweizer-kredit-ohne-schufa\/\" \/>\n<meta property=\"og:site_name\" content=\"Top5Credits.com Deutschland\" \/>\n<meta property=\"article:modified_time\" content=\"2023-01-24T10:53:04+00:00\" \/>\n<meta property=\"og:image\" content=\"https:\/\/cdn.top5credits.com\/de\/wp-content\/uploads\/sites\/6\/2023\/11\/top5credits-com-ogimage.png?cdn=1.1.6\" \/>\n\t<meta property=\"og:image:width\" content=\"1200\" \/>\n\t<meta property=\"og:image:height\" content=\"630\" \/>\n\t<meta property=\"og:image:type\" content=\"image\/png\" \/>\n<meta name=\"twitter:card\" content=\"summary_large_image\" \/>\n<script type=\"application\/ld+json\" class=\"yoast-schema-graph\">{\"@context\":\"https:\\\/\\\/schema.org\",\"@graph\":[{\"@type\":\"WebPage\",\"@id\":\"https:\\\/\\\/www.top5credits.com\\\/de\\\/schweizer-kredit-ohne-schufa\\\/\",\"url\":\"https:\\\/\\\/www.top5credits.com\\\/de\\\/schweizer-kredit-ohne-schufa\\\/\",\"name\":\"Mit Top5Credits einen Schweizer Kredit ohne Schufa erhalten\",\"isPartOf\":{\"@id\":\"https:\\\/\\\/www.top5credits.com\\\/de\\\/#website\"},\"datePublished\":\"2022-06-28T04:26:51+00:00\",\"dateModified\":\"2023-01-24T10:53:04+00:00\",\"description\":\"Sie k\u00f6nnen den Schweizer Kredit tats\u00e4chlich ohne eine Schufa Auskunft erhalten. Dennoch sollten Sie wissen, dass jeder Darlehensgeber Ihre Kreditw\u00fcrdigkeit pr\u00fcfen wird. Auch bei ausl\u00e4ndischen Banken m\u00fcssen Sie Ihre Bonit\u00e4t nachweisen.\",\"breadcrumb\":{\"@id\":\"https:\\\/\\\/www.top5credits.com\\\/de\\\/schweizer-kredit-ohne-schufa\\\/#breadcrumb\"},\"inLanguage\":\"de\",\"potentialAction\":[{\"@type\":\"ReadAction\",\"target\":[\"https:\\\/\\\/www.top5credits.com\\\/de\\\/schweizer-kredit-ohne-schufa\\\/\"]}]},{\"@type\":\"BreadcrumbList\",\"@id\":\"https:\\\/\\\/www.top5credits.com\\\/de\\\/schweizer-kredit-ohne-schufa\\\/#breadcrumb\",\"itemListElement\":[{\"@type\":\"ListItem\",\"position\":1,\"name\":\"Top5Credits.com\",\"item\":\"https:\\\/\\\/www.top5credits.com\\\/de\\\/\"},{\"@type\":\"ListItem\",\"position\":2,\"name\":\"Schweizer Kredit ohne Schufa\"}]},{\"@type\":\"WebSite\",\"@id\":\"https:\\\/\\\/www.top5credits.com\\\/de\\\/#website\",\"url\":\"https:\\\/\\\/www.top5credits.com\\\/de\\\/\",\"name\":\"Top5Credits.com Deutschland\",\"description\":\"\",\"publisher\":{\"@id\":\"https:\\\/\\\/www.top5credits.com\\\/de\\\/#organization\"},\"potentialAction\":[{\"@type\":\"SearchAction\",\"target\":{\"@type\":\"EntryPoint\",\"urlTemplate\":\"https:\\\/\\\/www.top5credits.com\\\/de\\\/?s={search_term_string}\"},\"query-input\":{\"@type\":\"PropertyValueSpecification\",\"valueRequired\":true,\"valueName\":\"search_term_string\"}}],\"inLanguage\":\"de\"},{\"@type\":\"Organization\",\"@id\":\"https:\\\/\\\/www.top5credits.com\\\/de\\\/#organization\",\"name\":\"Top5Credits.com\",\"url\":\"https:\\\/\\\/www.top5credits.com\\\/de\\\/\",\"logo\":{\"@type\":\"ImageObject\",\"inLanguage\":\"de\",\"@id\":\"https:\\\/\\\/www.top5credits.com\\\/de\\\/#\\\/schema\\\/logo\\\/image\\\/\",\"url\":\"https:\\\/\\\/cdn.top5credits.com\\\/de\\\/wp-content\\\/uploads\\\/sites\\\/6\\\/2023\\\/10\\\/t5c-favicon.png\",\"contentUrl\":\"https:\\\/\\\/cdn.top5credits.com\\\/de\\\/wp-content\\\/uploads\\\/sites\\\/6\\\/2023\\\/10\\\/t5c-favicon.png\",\"width\":512,\"height\":512,\"caption\":\"Top5Credits.com\"},\"image\":{\"@id\":\"https:\\\/\\\/www.top5credits.com\\\/de\\\/#\\\/schema\\\/logo\\\/image\\\/\"}}]}<\/script>\n<!-- \/ Yoast SEO plugin. -->","yoast_head_json":{"title":"Mit Top5Credits einen Schweizer Kredit ohne Schufa erhalten","description":"Sie k\u00f6nnen den Schweizer Kredit tats\u00e4chlich ohne eine Schufa Auskunft erhalten. Dennoch sollten Sie wissen, dass jeder Darlehensgeber Ihre Kreditw\u00fcrdigkeit pr\u00fcfen wird. Auch bei ausl\u00e4ndischen Banken m\u00fcssen Sie Ihre Bonit\u00e4t nachweisen.","robots":{"index":"index","follow":"follow","max-snippet":"max-snippet:-1","max-image-preview":"max-image-preview:large","max-video-preview":"max-video-preview:-1"},"canonical":"https:\/\/www.top5credits.com\/de\/schweizer-kredit-ohne-schufa\/","og_locale":"de_DE","og_type":"article","og_title":"Mit Top5Credits einen Schweizer Kredit ohne Schufa erhalten","og_description":"Sie k\u00f6nnen den Schweizer Kredit tats\u00e4chlich ohne eine Schufa Auskunft erhalten. Dennoch sollten Sie wissen, dass jeder Darlehensgeber Ihre Kreditw\u00fcrdigkeit pr\u00fcfen wird. Auch bei ausl\u00e4ndischen Banken m\u00fcssen Sie Ihre Bonit\u00e4t nachweisen.","og_url":"https:\/\/www.top5credits.com\/de\/schweizer-kredit-ohne-schufa\/","og_site_name":"Top5Credits.com Deutschland","article_modified_time":"2023-01-24T10:53:04+00:00","og_image":[{"width":1200,"height":630,"url":"https:\/\/cdn.top5credits.com\/de\/wp-content\/uploads\/sites\/6\/2023\/11\/top5credits-com-ogimage.png?cdn=1.1.6","type":"image\/png"}],"twitter_card":"summary_large_image","schema":{"@context":"https:\/\/schema.org","@graph":[{"@type":"WebPage","@id":"https:\/\/www.top5credits.com\/de\/schweizer-kredit-ohne-schufa\/","url":"https:\/\/www.top5credits.com\/de\/schweizer-kredit-ohne-schufa\/","name":"Mit Top5Credits einen Schweizer Kredit ohne Schufa erhalten","isPartOf":{"@id":"https:\/\/www.top5credits.com\/de\/#website"},"datePublished":"2022-06-28T04:26:51+00:00","dateModified":"2023-01-24T10:53:04+00:00","description":"Sie k\u00f6nnen den Schweizer Kredit tats\u00e4chlich ohne eine Schufa Auskunft erhalten. Dennoch sollten Sie wissen, dass jeder Darlehensgeber Ihre Kreditw\u00fcrdigkeit pr\u00fcfen wird. Auch bei ausl\u00e4ndischen Banken m\u00fcssen Sie Ihre Bonit\u00e4t nachweisen.","breadcrumb":{"@id":"https:\/\/www.top5credits.com\/de\/schweizer-kredit-ohne-schufa\/#breadcrumb"},"inLanguage":"de","potentialAction":[{"@type":"ReadAction","target":["https:\/\/www.top5credits.com\/de\/schweizer-kredit-ohne-schufa\/"]}]},{"@type":"BreadcrumbList","@id":"https:\/\/www.top5credits.com\/de\/schweizer-kredit-ohne-schufa\/#breadcrumb","itemListElement":[{"@type":"ListItem","position":1,"name":"Top5Credits.com","item":"https:\/\/www.top5credits.com\/de\/"},{"@type":"ListItem","position":2,"name":"Schweizer Kredit ohne Schufa"}]},{"@type":"WebSite","@id":"https:\/\/www.top5credits.com\/de\/#website","url":"https:\/\/www.top5credits.com\/de\/","name":"Top5Credits.com Deutschland","description":"","publisher":{"@id":"https:\/\/www.top5credits.com\/de\/#organization"},"potentialAction":[{"@type":"SearchAction","target":{"@type":"EntryPoint","urlTemplate":"https:\/\/www.top5credits.com\/de\/?s={search_term_string}"},"query-input":{"@type":"PropertyValueSpecification","valueRequired":true,"valueName":"search_term_string"}}],"inLanguage":"de"},{"@type":"Organization","@id":"https:\/\/www.top5credits.com\/de\/#organization","name":"Top5Credits.com","url":"https:\/\/www.top5credits.com\/de\/","logo":{"@type":"ImageObject","inLanguage":"de","@id":"https:\/\/www.top5credits.com\/de\/#\/schema\/logo\/image\/","url":"https:\/\/cdn.top5credits.com\/de\/wp-content\/uploads\/sites\/6\/2023\/10\/t5c-favicon.png","contentUrl":"https:\/\/cdn.top5credits.com\/de\/wp-content\/uploads\/sites\/6\/2023\/10\/t5c-favicon.png","width":512,"height":512,"caption":"Top5Credits.com"},"image":{"@id":"https:\/\/www.top5credits.com\/de\/#\/schema\/logo\/image\/"}}]}},"_links":{"self":[{"href":"https:\/\/www.top5credits.com\/de\/wp-json\/wp\/v2\/pages\/619","targetHints":{"allow":["GET"]}}],"collection":[{"href":"https:\/\/www.top5credits.com\/de\/wp-json\/wp\/v2\/pages"}],"about":[{"href":"https:\/\/www.top5credits.com\/de\/wp-json\/wp\/v2\/types\/page"}],"author":[{"embeddable":true,"href":"https:\/\/www.top5credits.com\/de\/wp-json\/wp\/v2\/users\/22"}],"replies":[{"embeddable":true,"href":"https:\/\/www.top5credits.com\/de\/wp-json\/wp\/v2\/comments?post=619"}],"version-history":[{"count":0,"href":"https:\/\/www.top5credits.com\/de\/wp-json\/wp\/v2\/pages\/619\/revisions"}],"wp:attachment":[{"href":"https:\/\/www.top5credits.com\/de\/wp-json\/wp\/v2\/media?parent=619"}],"curies":[{"name":"wp","href":"https:\/\/api.w.org\/{rel}","templated":true}]}}