{"id":666,"date":"2022-06-29T05:50:29","date_gmt":"2022-06-29T03:50:29","guid":{"rendered":"https:\/\/www.top5credits.com\/de\/?page_id=666"},"modified":"2023-03-22T11:26:15","modified_gmt":"2023-03-22T10:26:15","slug":"500-euro-kredit","status":"publish","type":"page","link":"https:\/\/www.top5credits.com\/de\/kreditvergleich\/500-euro-kredit\/","title":{"rendered":"500 Euro Kredit"},"content":{"rendered":"\n<div class=\"wp-block-group first-section\"><div class=\"wp-block-group__inner-container is-layout-flow wp-block-group-is-layout-flow\">\n<h1 class=\"wp-block-heading\">500 Euro Kredit: Einfach vergleichen und sofort auf Ihr Konto<\/h1>\n\n\n\n<p>Wer kurzfristig ein kleines Darlehen ben\u00f6tigt, dem bietet sich mit einem 500-Euro-Kredit eine unb\u00fcrokratische M\u00f6glichkeit. Wenn ein unerwarteter finanzieller Engpass auftritt, wie beispielsweise durch eine Autoreparatur oder ein defektes Haushaltsger\u00e4t, \u00fcberwindet man diesen so bis zur n\u00e4chsten Gehaltszahlung. Durch kurze Kreditlaufzeiten von einem Monat sind die Zinszahlungen niedrig. Allerdings fallen oft Zusatzkosten durch Extra-Geb\u00fchren an, die das Darlehen wiederum teuer gestalten.<\/p>\n\n\n\n<\/div><\/div>\n\n\n\n\n\n\n<div class=\"top-results palkkio\">\n<span class=\"huomiomerkki\">!<\/span> Unsere Geb\u00fchr beeinflusst die Reihenfolge der Auflistung \u2013 weitere Informationen dazu <span class=\"plus-trigger\">+<\/span>\n<p>Top5Credits.com ist ein kostenloser Service, der n\u00fctzliche Informationen und Inhalte f\u00fcr seine Benutzer bereitstellt. Wir vergleichen und bewerten Kreditservices mit echter Erfahrung. Damit der Service f\u00fcr unsere Benutzer kostenlos bleibt, erhalten wir von unseren Partnern eine Verg\u00fctung f\u00fcr die an sie vermittelten Kunden. Die H\u00f6he der Verg\u00fctung beeinflusst die Reihenfolge der Auflistung.<\/p>\n<\/div>\n\n\n\n<p>In diesem Artikel erfahren Sie, worauf Sie beim Abschluss eines Kleinkredits achten m\u00fcssen.<\/p>\n\n\n\n<h2 class=\"wp-block-heading\">Kurz erkl\u00e4rt: Der 500-Euro-Kredit<\/h2>\n\n\n\n<p>Ein 500-EUR-Kredit ist nichts anderes als ein kurzfristiges Darlehen, welches man online beantragen kann. Allerdings muss dieser in einer kurzen Laufzeit (meistens 30 Tage) zur\u00fcckgezahlt werden. Es gibt verschiedene Anbieter von Kleinkrediten, die diese Kleinstkredite zu einem festen Zinssatz anbieten.<\/p>\n\n\n\n<h3 class=\"wp-block-heading\">Die Zinsen<\/h3>\n\n\n\n<p>Bei einem 500 Euro Kredit vergeben die Anbieter das Darlehen unabh\u00e4ngig von der Kreditw\u00fcrdigkeit des Darlehensnehmers. Zudem ist der effektive Jahreszins f\u00fcr alle gleich. Da es sich um Konsumentenkredite handelt, muss dennoch eine Bonit\u00e4tspr\u00fcfung durchgef\u00fchrt werden. Im Gegensatz zu anderen Verbraucherkrediten sind die Zinss\u00e4tze bei diesen kurzfristigen Kleindarlehen h\u00f6her als bei klassischen Ratenkrediten. Normalerweise betragen die pauschalen Zinss\u00e4tze von 8 bis 14,99 Prozent.<\/p>\n\n\n\n<h3 class=\"wp-block-heading\">500 Euro Kredit sofort aufnehmen<\/h3>\n\n\n\n<p>Ein \u00fcberzogenes Konto, die Waschmaschine geht kaputt oder der Chef hat das Gehalt zu sp\u00e4t \u00fcberwiesen. All das sind triftige Gr\u00fcnde, warum man sehr kurzfristig eine Geldspritze ben\u00f6tigt.<br>Genau solche Notlagen lassen sich bestens mit einem 500-EUR-Kredit \u00fcberwinden.<\/p>\n\n\n\n<p>Klassische Banken vergeben in der Regel keine Minikredite. Um einen guten \u00dcberblick zu erhalten, k\u00f6nnen Sie bei Top5Credits verschiedene seri\u00f6se Anbieter von Kleindarlehen miteinander vergleichen, die Sofortkredite von 500 Euro anbieten.<\/p>\n\n\n\n<h2 class=\"wp-block-heading\">Der 500-EUR-Kredit im \u00dcberblick<\/h2>\n\n\n\n<ul class=\"wp-block-list\">\n<li>erfolgreiche Beantragung trotz Schufa-Eintrag ist m\u00f6glich<\/li>\n\n\n\n<li>Auszahlung am selben Tag gegen Aufpreis ist m\u00f6glich<\/li>\n\n\n\n<li>kurze Laufzeit von maximal 90 Tagen<\/li>\n\n\n\n<li>online Abschluss bei speziellen Kleinkredit-Anbietern<\/li>\n<\/ul>\n\n\n\n<h3 class=\"wp-block-heading\">Was ist der 500 Euro Kredit?<\/h3>\n\n\n\n<p>Der 500-EUR-Kredit ist ein Minikredit mit kurzen Laufzeiten, der von Online-Banken ausbezahlt wird.<br>Daher kann man mit solch einem Kleindarlehen kurzfristig auftretende finanzielle Notlagen \u00fcberwinden. Das k\u00f6nnen sowohl unaufschiebbare Reparaturen als auch die Neuanschaffung eines defekten Haushaltsgegenstands sein.<\/p>\n\n\n\n<h3 class=\"wp-block-heading\">Wie sehen diese Angebote aus?<\/h3>\n\n\n\n<p>Die Angebote werden mit s\u00e4mtlichen notwendigen Informationen f\u00fcr den Nettodarlehensbetrag versehen und erstellt.<br>Wir empfehlen einen Vergleich der entstehenden Kosten f\u00fcr das gew\u00fcnschte Darlehen.<br><br>Gem\u00e4\u00df der Preisabgabeverordnung (PangV) m\u00fcssen bei einem Darlehen s\u00e4mtliche entstehende Kosten angegeben werden. Das Kreditangebot enth\u00e4lt zwingend sowohl den Nettodarlehensbetrag als auch die Kreditkosten. Weiterhin m\u00fcssen der effektive Jahreszins und entstehende Vorabkosten angegeben werden.<\/p>\n\n\n\n<p>Es gibt au\u00dferdem die M\u00f6glichkeit, den 500-EUR-Kredit als Rahmenkredit zu beantragen. Die H\u00f6he des Kreditrahmens wird schriftlich im Kreditvertrag festgehalten.<\/p>\n\n\n\n<p>Um einen passenden Minikredit zu beantragen, gibt es einige Aspekte zu beachten. Welche Modalit\u00e4ten gelten f\u00fcr die R\u00fcckzahlung?<br><br>Die sofortige R\u00fcckzahlung des Minidarlehens ist jederzeit m\u00f6glich, sobald das Geld vorhanden ist. Im Gegensatz zu anderen Kreditarten, wie beispielsweise einem Modernisierungskredit, sind Sondertilgungen und R\u00fcckzahlungen bei einem 500-EUR-Kredit eine interessante M\u00f6glichkeit.<\/p>\n\n\n\n<h3 class=\"wp-block-heading\">Kann ich als Kunde meinen laufenden Kredit aufstocken?<\/h3>\n\n\n\n<p>Das ist leider nicht m\u00f6glich. Es kann pro Kunde nur ein einziges Minidarlehen aktiv sein. Nach der R\u00fcckzahlung ist jederzeit ein neuer Abschluss m\u00f6glich.<\/p>\n\n\n\n<h3 class=\"wp-block-heading\">Kann ich den 500 Euro Kredit ohne Einkommensnachweis beantragen?<\/h3>\n\n\n\n<p>Da der Antragsprozess online abgewickelt wird, werden die Einkommensnachweise per Datenupload \u00fcbermittelt. Ein Nachweis in Papierform ist daher nicht von N\u00f6ten. Ein digitaler Kontencheck erf\u00fcllt den gleichen Zweck.<\/p>\n\n\n\n<p>Hier finden Sie weitere Informationen: Kredit ohne Einkommensnachweis<\/p>\n\n\n\n<h3 class=\"wp-block-heading\">Kann ich den 500-Euro-Minikredit auch als Auszubildender beantragen?<\/h3>\n\n\n\n<p>Ja, auch Auszubildende (Kredit f\u00fcr Azubis) und Studierende k\u00f6nnen diesen Minikredit beantragen. Bei der anonymisierten Anfrage geben Sie einfach an, dass Sie aktuell in Ausbildung oder im Studium sind.<\/p>\n\n\n\n<h3 class=\"wp-block-heading\">Ich bin arbeitslos, beziehe Hartz-IV oder bin Student ohne Einkommen. Kann ich den 500-EUR-Kredit trotzdem beantragen?<\/h3>\n\n\n\n<p>Ein normaler Ratenkredit \u00fcber eine h\u00f6here Summe und mit langer Laufzeit wird oft nicht an Arbeitslose vergeben. Mit einem Nachweis \u00fcber Hartz IV bzw. ALG II k\u00f6nnen Sie den 500-EUR-Kredit beantragen.<\/p>\n\n\n\n<p>Es gibt eine interessante Alternative zu einem Kredit.<br>Verschiedene Anbieter vergeben nicht nur klassische Kreditkarten, sondern neuerdings sogar virtuelle Kreditkarten. Vielleicht wollen Sie diese interessante M\u00f6glichkeit einmal ausprobieren.<\/p>\n\n\n\n<h2 class=\"wp-block-heading\">500 Euro Sofortkredit<\/h2>\n\n\n\n<p>Der Versuch, bei einer herk\u00f6mmlichen Bank ein kurzfristiges Darlehen \u00fcber 500 Euro zu bekommen, dazu noch mit einer sehr kurzen Laufzeit, wird h\u00e4ufig abgewiesen. Unter 1.000 Euro sind echte Kredite nicht zu bekommen, da die Kreditinstitute kein Interesse daran haben. Die l\u00e4ngeren Laufzeiten kommen als weiteres Hindernis dazu, wenn man tats\u00e4chlich einen kurzfristigen Engpass bis zum n\u00e4chsten Gehaltscheck \u00fcberbr\u00fccken muss und ein Dispokredit nicht m\u00f6glich ist. In diesen F\u00e4llen ist der Mikrokredit eine passende Alternative.<\/p>\n\n\n\n<p>Sie k\u00f6nnen bei uns Eilkredite mit kleinen Darlehenssummen und kurzen Laufzeiten beantragen. Dieser eilige Wunschkredit kann sogar innerhalb von 24 Stunden ausbezahlt werden, falls das notwendig sein sollte. Das hilft Ihnen dabei, eine finanzielle Notlage einfach und unb\u00fcrokratisch zu \u00fcberstehen.<\/p>\n\n\n\n<h2 class=\"wp-block-heading\">So einfach kommen Sie an Ihr Geld:<\/h2>\n\n\n\n<p>Geben Sie die gew\u00fcnschte Summe in den Kreditrechner ein und fordern Sie Ihren Wunschbetrag an!<\/p>\n\n\n\n<h3 class=\"wp-block-heading\">Auch ohne Gehaltsnachweis<\/h3>\n\n\n\n<p>Bei unserem Top5Credits dauert das, was bei manchen Banken Tage dauert, lediglich ein paar Sekunden. Innerhalb der ersten Minute informieren wir Sie dar\u00fcber, ob Ihr Kleindarlehen genehmigt wird. Das funktioniert ohne Einkommensnachweis und ohne B\u00fcrgen. Sie k\u00f6nnen den Antrag f\u00fcr ein Minidarlehen innerhalb 24 Stunden komplett abschlie\u00dfen und das Geld wird sofort ausbezahlt. Dadurch ersparen wir Ihnen lange Wartezeiten und die Unsicherheit, ob das Darlehen genehmigt wird. Dieser Top5Credits steht allerdings nur w\u00e4hrend der \u00fcblichen Gesch\u00e4ftszeiten zur Verf\u00fcgung, nicht an Wochenenden und Feiertagen.<\/p>\n\n\n\n<p>Zuallererst sind Sie \u00fcber die unkomplizierte Abwicklung des Kreditantrags positiv \u00fcberrascht. Das Fehlen von Papierformularen und der Verzicht auf das Einreichen der Gehaltsnachweise sind die Vorteile unseres digitalen Antragsprozesses. Im ersten Schritt kann mit wenigen Daten sowie der online durchgef\u00fchrten Identifizierung und der Schufa-Bewertung innerhalb weniger Minuten Klarheit geschaffen werden. Sie erhalten sofort Bescheid.<\/p>\n\n\n\n<p>Die g\u00fcnstigen Bedingungen sind ein weiterer Vorteil, von dem Sie profitieren k\u00f6nnen. Beispielsweise kostet ein 500 mit 30 Tagen Laufzeit weniger als 5 Euro!<\/p>\n\n\n\n<h3 class=\"wp-block-heading\">Wo liegen die Vorteile von einem Guthaben bis 500 \u20ac auf der virtuellen Mastercard?<\/h3>\n\n\n\n<p>Ohne erst ein neues Konto anzulegen, k\u00f6nnen Sie bei Top5Credits innerhalb weniger Minuten Geld auf eine virtuelle Mastercard laden. Voucher mit Guthaben von 100 \u20ac, 300 \u20ac oder 500 \u20ac sind sofort verf\u00fcgbar. Diese virtuelle Kreditkarte kann umgehend zum Bezahlen in Millionen von Online-Shops genutzt werden. Und das ohne die l\u00e4stige Wartezeit, die mit der Ausstellung einer klassischen Kreditkarte aus Plastik oder einer \u00dcberweisung verbunden ist.<\/p>\n\n\n\n<p>Diese virtuelle Kreditkarte wurde speziell f\u00fcr online Bezahlvorg\u00e4nge entwickelt. Die Funktionsweise ist die gleiche wie bei einer klassischen Kreditkarte. Nach der Onlineeingabe der Zahlungsmethode \u201eMastercard\u201c einfach die Kartendaten eingeben, die Sie von uns erhalten und fertig!<\/p>\n","protected":false},"excerpt":{"rendered":"<p>500 Euro Kredit: Einfach vergleichen und sofort auf Ihr Konto Wer kurzfristig ein kleines Darlehen ben\u00f6tigt, dem bietet sich mit einem 500-Euro-Kredit eine unb\u00fcrokratische M\u00f6glichkeit.<\/p>\n<p class=\"more-link\"><span class=\"screen-reader-text\">500 Euro Kredit<\/span> weiterlesen<\/p>\n","protected":false},"author":22,"featured_media":0,"parent":408,"menu_order":0,"comment_status":"closed","ping_status":"closed","template":"page-results.php","meta":{"footnotes":""},"class_list":["post-666","page","type-page","status-publish","hentry","entry"],"yoast_head":"<!-- This site is optimized with the Yoast SEO plugin v27.3 - https:\/\/yoast.com\/product\/yoast-seo-wordpress\/ -->\n<title>Beantragen Sie den 500 Euro Kredit mit Sofortauszahlung<\/title>\n<meta name=\"description\" content=\"Sie k\u00f6nnen sich noch heute 500,- EUR leihen. Der 500 Euro Kredit ist ein Mikrokredit, der von Online-Banken vergeben wird. Er hat kurze Laufzeiten, weil er haupts\u00e4chlich f\u00fcr die \u00dcberbr\u00fcckung von finanziellen Engp\u00e4ssen gedacht ist.\" \/>\n<meta name=\"robots\" content=\"index, follow, max-snippet:-1, max-image-preview:large, max-video-preview:-1\" \/>\n<link rel=\"canonical\" href=\"https:\/\/www.top5credits.com\/de\/kreditvergleich\/500-euro-kredit\/\" \/>\n<meta property=\"og:locale\" content=\"de_DE\" \/>\n<meta property=\"og:type\" content=\"article\" \/>\n<meta property=\"og:title\" content=\"Beantragen Sie den 500 Euro Kredit mit Sofortauszahlung\" \/>\n<meta property=\"og:description\" content=\"Sie k\u00f6nnen sich noch heute 500,- EUR leihen. Der 500 Euro Kredit ist ein Mikrokredit, der von Online-Banken vergeben wird. Er hat kurze Laufzeiten, weil er haupts\u00e4chlich f\u00fcr die \u00dcberbr\u00fcckung von finanziellen Engp\u00e4ssen gedacht ist.\" \/>\n<meta property=\"og:url\" content=\"https:\/\/www.top5credits.com\/de\/kreditvergleich\/500-euro-kredit\/\" \/>\n<meta property=\"og:site_name\" content=\"Top5Credits.com Deutschland\" \/>\n<meta property=\"article:modified_time\" content=\"2023-03-22T10:26:15+00:00\" \/>\n<meta property=\"og:image\" content=\"https:\/\/cdn.top5credits.com\/de\/wp-content\/uploads\/sites\/6\/2023\/11\/top5credits-com-ogimage.png?cdn=1.1.6\" \/>\n\t<meta property=\"og:image:width\" content=\"1200\" \/>\n\t<meta property=\"og:image:height\" content=\"630\" \/>\n\t<meta property=\"og:image:type\" content=\"image\/png\" \/>\n<meta name=\"twitter:card\" content=\"summary_large_image\" \/>\n<script type=\"application\/ld+json\" class=\"yoast-schema-graph\">{\"@context\":\"https:\\\/\\\/schema.org\",\"@graph\":[{\"@type\":\"WebPage\",\"@id\":\"https:\\\/\\\/www.top5credits.com\\\/de\\\/kreditvergleich\\\/500-euro-kredit\\\/\",\"url\":\"https:\\\/\\\/www.top5credits.com\\\/de\\\/kreditvergleich\\\/500-euro-kredit\\\/\",\"name\":\"Beantragen Sie den 500 Euro Kredit mit Sofortauszahlung\",\"isPartOf\":{\"@id\":\"https:\\\/\\\/www.top5credits.com\\\/de\\\/#website\"},\"datePublished\":\"2022-06-29T03:50:29+00:00\",\"dateModified\":\"2023-03-22T10:26:15+00:00\",\"description\":\"Sie k\u00f6nnen sich noch heute 500,- EUR leihen. Der 500 Euro Kredit ist ein Mikrokredit, der von Online-Banken vergeben wird. Er hat kurze Laufzeiten, weil er haupts\u00e4chlich f\u00fcr die \u00dcberbr\u00fcckung von finanziellen Engp\u00e4ssen gedacht ist.\",\"breadcrumb\":{\"@id\":\"https:\\\/\\\/www.top5credits.com\\\/de\\\/kreditvergleich\\\/500-euro-kredit\\\/#breadcrumb\"},\"inLanguage\":\"de\",\"potentialAction\":[{\"@type\":\"ReadAction\",\"target\":[\"https:\\\/\\\/www.top5credits.com\\\/de\\\/kreditvergleich\\\/500-euro-kredit\\\/\"]}]},{\"@type\":\"BreadcrumbList\",\"@id\":\"https:\\\/\\\/www.top5credits.com\\\/de\\\/kreditvergleich\\\/500-euro-kredit\\\/#breadcrumb\",\"itemListElement\":[{\"@type\":\"ListItem\",\"position\":1,\"name\":\"Top5Credits.com\",\"item\":\"https:\\\/\\\/www.top5credits.com\\\/de\\\/\"},{\"@type\":\"ListItem\",\"position\":2,\"name\":\"Kreditvergleich\",\"item\":\"https:\\\/\\\/www.top5credits.com\\\/de\\\/kreditvergleich\\\/\"},{\"@type\":\"ListItem\",\"position\":3,\"name\":\"500 Euro Kredit\"}]},{\"@type\":\"WebSite\",\"@id\":\"https:\\\/\\\/www.top5credits.com\\\/de\\\/#website\",\"url\":\"https:\\\/\\\/www.top5credits.com\\\/de\\\/\",\"name\":\"Top5Credits.com Deutschland\",\"description\":\"\",\"publisher\":{\"@id\":\"https:\\\/\\\/www.top5credits.com\\\/de\\\/#organization\"},\"potentialAction\":[{\"@type\":\"SearchAction\",\"target\":{\"@type\":\"EntryPoint\",\"urlTemplate\":\"https:\\\/\\\/www.top5credits.com\\\/de\\\/?s={search_term_string}\"},\"query-input\":{\"@type\":\"PropertyValueSpecification\",\"valueRequired\":true,\"valueName\":\"search_term_string\"}}],\"inLanguage\":\"de\"},{\"@type\":\"Organization\",\"@id\":\"https:\\\/\\\/www.top5credits.com\\\/de\\\/#organization\",\"name\":\"Top5Credits.com\",\"url\":\"https:\\\/\\\/www.top5credits.com\\\/de\\\/\",\"logo\":{\"@type\":\"ImageObject\",\"inLanguage\":\"de\",\"@id\":\"https:\\\/\\\/www.top5credits.com\\\/de\\\/#\\\/schema\\\/logo\\\/image\\\/\",\"url\":\"https:\\\/\\\/cdn.top5credits.com\\\/de\\\/wp-content\\\/uploads\\\/sites\\\/6\\\/2023\\\/10\\\/t5c-favicon.png\",\"contentUrl\":\"https:\\\/\\\/cdn.top5credits.com\\\/de\\\/wp-content\\\/uploads\\\/sites\\\/6\\\/2023\\\/10\\\/t5c-favicon.png\",\"width\":512,\"height\":512,\"caption\":\"Top5Credits.com\"},\"image\":{\"@id\":\"https:\\\/\\\/www.top5credits.com\\\/de\\\/#\\\/schema\\\/logo\\\/image\\\/\"}}]}<\/script>\n<!-- \/ Yoast SEO plugin. -->","yoast_head_json":{"title":"Beantragen Sie den 500 Euro Kredit mit Sofortauszahlung","description":"Sie k\u00f6nnen sich noch heute 500,- EUR leihen. Der 500 Euro Kredit ist ein Mikrokredit, der von Online-Banken vergeben wird. Er hat kurze Laufzeiten, weil er haupts\u00e4chlich f\u00fcr die \u00dcberbr\u00fcckung von finanziellen Engp\u00e4ssen gedacht ist.","robots":{"index":"index","follow":"follow","max-snippet":"max-snippet:-1","max-image-preview":"max-image-preview:large","max-video-preview":"max-video-preview:-1"},"canonical":"https:\/\/www.top5credits.com\/de\/kreditvergleich\/500-euro-kredit\/","og_locale":"de_DE","og_type":"article","og_title":"Beantragen Sie den 500 Euro Kredit mit Sofortauszahlung","og_description":"Sie k\u00f6nnen sich noch heute 500,- EUR leihen. Der 500 Euro Kredit ist ein Mikrokredit, der von Online-Banken vergeben wird. Er hat kurze Laufzeiten, weil er haupts\u00e4chlich f\u00fcr die \u00dcberbr\u00fcckung von finanziellen Engp\u00e4ssen gedacht ist.","og_url":"https:\/\/www.top5credits.com\/de\/kreditvergleich\/500-euro-kredit\/","og_site_name":"Top5Credits.com Deutschland","article_modified_time":"2023-03-22T10:26:15+00:00","og_image":[{"width":1200,"height":630,"url":"https:\/\/cdn.top5credits.com\/de\/wp-content\/uploads\/sites\/6\/2023\/11\/top5credits-com-ogimage.png?cdn=1.1.6","type":"image\/png"}],"twitter_card":"summary_large_image","schema":{"@context":"https:\/\/schema.org","@graph":[{"@type":"WebPage","@id":"https:\/\/www.top5credits.com\/de\/kreditvergleich\/500-euro-kredit\/","url":"https:\/\/www.top5credits.com\/de\/kreditvergleich\/500-euro-kredit\/","name":"Beantragen Sie den 500 Euro Kredit mit Sofortauszahlung","isPartOf":{"@id":"https:\/\/www.top5credits.com\/de\/#website"},"datePublished":"2022-06-29T03:50:29+00:00","dateModified":"2023-03-22T10:26:15+00:00","description":"Sie k\u00f6nnen sich noch heute 500,- EUR leihen. Der 500 Euro Kredit ist ein Mikrokredit, der von Online-Banken vergeben wird. Er hat kurze Laufzeiten, weil er haupts\u00e4chlich f\u00fcr die \u00dcberbr\u00fcckung von finanziellen Engp\u00e4ssen gedacht ist.","breadcrumb":{"@id":"https:\/\/www.top5credits.com\/de\/kreditvergleich\/500-euro-kredit\/#breadcrumb"},"inLanguage":"de","potentialAction":[{"@type":"ReadAction","target":["https:\/\/www.top5credits.com\/de\/kreditvergleich\/500-euro-kredit\/"]}]},{"@type":"BreadcrumbList","@id":"https:\/\/www.top5credits.com\/de\/kreditvergleich\/500-euro-kredit\/#breadcrumb","itemListElement":[{"@type":"ListItem","position":1,"name":"Top5Credits.com","item":"https:\/\/www.top5credits.com\/de\/"},{"@type":"ListItem","position":2,"name":"Kreditvergleich","item":"https:\/\/www.top5credits.com\/de\/kreditvergleich\/"},{"@type":"ListItem","position":3,"name":"500 Euro Kredit"}]},{"@type":"WebSite","@id":"https:\/\/www.top5credits.com\/de\/#website","url":"https:\/\/www.top5credits.com\/de\/","name":"Top5Credits.com Deutschland","description":"","publisher":{"@id":"https:\/\/www.top5credits.com\/de\/#organization"},"potentialAction":[{"@type":"SearchAction","target":{"@type":"EntryPoint","urlTemplate":"https:\/\/www.top5credits.com\/de\/?s={search_term_string}"},"query-input":{"@type":"PropertyValueSpecification","valueRequired":true,"valueName":"search_term_string"}}],"inLanguage":"de"},{"@type":"Organization","@id":"https:\/\/www.top5credits.com\/de\/#organization","name":"Top5Credits.com","url":"https:\/\/www.top5credits.com\/de\/","logo":{"@type":"ImageObject","inLanguage":"de","@id":"https:\/\/www.top5credits.com\/de\/#\/schema\/logo\/image\/","url":"https:\/\/cdn.top5credits.com\/de\/wp-content\/uploads\/sites\/6\/2023\/10\/t5c-favicon.png","contentUrl":"https:\/\/cdn.top5credits.com\/de\/wp-content\/uploads\/sites\/6\/2023\/10\/t5c-favicon.png","width":512,"height":512,"caption":"Top5Credits.com"},"image":{"@id":"https:\/\/www.top5credits.com\/de\/#\/schema\/logo\/image\/"}}]}},"_links":{"self":[{"href":"https:\/\/www.top5credits.com\/de\/wp-json\/wp\/v2\/pages\/666","targetHints":{"allow":["GET"]}}],"collection":[{"href":"https:\/\/www.top5credits.com\/de\/wp-json\/wp\/v2\/pages"}],"about":[{"href":"https:\/\/www.top5credits.com\/de\/wp-json\/wp\/v2\/types\/page"}],"author":[{"embeddable":true,"href":"https:\/\/www.top5credits.com\/de\/wp-json\/wp\/v2\/users\/22"}],"replies":[{"embeddable":true,"href":"https:\/\/www.top5credits.com\/de\/wp-json\/wp\/v2\/comments?post=666"}],"version-history":[{"count":0,"href":"https:\/\/www.top5credits.com\/de\/wp-json\/wp\/v2\/pages\/666\/revisions"}],"up":[{"embeddable":true,"href":"https:\/\/www.top5credits.com\/de\/wp-json\/wp\/v2\/pages\/408"}],"wp:attachment":[{"href":"https:\/\/www.top5credits.com\/de\/wp-json\/wp\/v2\/media?parent=666"}],"curies":[{"name":"wp","href":"https:\/\/api.w.org\/{rel}","templated":true}]}}