{"id":744,"date":"2022-07-06T08:48:42","date_gmt":"2022-07-06T06:48:42","guid":{"rendered":"https:\/\/www.top5credits.com\/de\/?page_id=744"},"modified":"2024-09-19T12:43:56","modified_gmt":"2024-09-19T10:43:56","slug":"minikredit-ohne-schufa","status":"publish","type":"page","link":"https:\/\/www.top5credits.com\/de\/minikredit-ohne-schufa\/","title":{"rendered":"Kredit ohne Schufa"},"content":{"rendered":"\n<div class=\"wp-block-group first-section\"><div class=\"wp-block-group__inner-container is-layout-flow wp-block-group-is-layout-flow\">\n<h1 class=\"wp-block-heading\">Kredit ohne Schufa<\/h1>\n\n\n\n<p>Die folgende Liste enth\u00e4lt Bafin gepr\u00fcfte Kreditanbieter, mit und ohne Schufa Abfrage.<\/p>\n\n\n\n<p>Kreditaufnahme ohne oder trotz Schufa? Vergleichen Sie online!<\/p>\n<\/div><\/div>\n\n\n\n\n\n\n<div class=\"top-results palkkio\">\n<span class=\"huomiomerkki\">!<\/span> Unsere Geb\u00fchr beeinflusst die Reihenfolge der Auflistung \u2013 weitere Informationen dazu <span class=\"plus-trigger\">+<\/span>\n<p>Top5Credits.com ist ein kostenloser Service, der n\u00fctzliche Informationen und Inhalte f\u00fcr seine Benutzer bereitstellt. Wir vergleichen und bewerten Kreditservices mit echter Erfahrung. Damit der Service f\u00fcr unsere Benutzer kostenlos bleibt, erhalten wir von unseren Partnern eine Verg\u00fctung f\u00fcr die an sie vermittelten Kunden. Die H\u00f6he der Verg\u00fctung beeinflusst die Reihenfolge der Auflistung.<\/p>\n<\/div>\n\n\n\n<h2 class=\"wp-block-heading\">Was ist der Schufa-Score?<\/h2>\n\n\n\n<p>Der Schufa-Score ist eine Indikation daf\u00fcr, wie kreditw\u00fcrdig Sie sind und wie wahrscheinlich ein Zahlungsausfall ist. Je h\u00f6her die Prozentzahl Ihres Schufa-Score, desto besser ist Ihre Bonit\u00e4t. Bei der Berechnung werden verschiedene Faktoren bzw. Ihre Zahlungsmoral (wie p\u00fcnktlich Sie Rechnungen ausgleichen) ber\u00fccksichtigt.<\/p>\n\n\n\n<p>Die Schufa ist eine privatwirtschaftlich organisierte Wirtschaftsauskunftei, die Informationen \u00fcber Privatpersonen und Unternehmen sammelt. Zurzeit befinden sich 67.7 Millionen deutsche Privatpersonen und 6 Millionen deutsche Unternehmen in den Archiven der Schufa.<\/p>\n\n\n\n<p>Oft erteilen sie Ihrem Anbieter bei der Er\u00f6ffnung eines Girokontos oder bei Abschluss eines Handy- oder Mietvertrags, die Erlaubnis, Ihre Daten mit der Schufa zu teilen. Wenn Sie bei der R\u00fcckzahlung von einem Darlehen in Verzug kommen, wird dies meist von der Bank gemeldet und f\u00fchrt zu einem negativen Schufa-Eintrag. Ein negativer Eintrag verschlechtert Ihren Schufa-Score.<\/p>\n\n\n\n<h2 class=\"wp-block-heading\">Kredit aufnehmen ohne Schufa-Auskunft?<\/h2>\n\n\n\n<p>Ihre Bonit\u00e4t macht Ihnen Sorgen und Sie tendieren deshalb zu einem Kredit, der keine Schufa erfordert? Top5Credits verschafft Ihnen einen \u00dcberblick \u00fcber verschiedene M\u00f6glichkeiten, damit Sie die Option finden, die f\u00fcr Sie am geeignetsten ist.<\/p>\n\n\n\n<p>Oft gibt es keinen Grund sich bei Schufa-Ausk\u00fcnften Sorgen zu machen. Allerdings, kann bereits eine vergessene Handyrechnung einen negativen Eintrag verursachen.<\/p>\n\n\n\n<p>Ein Kredit ohne Schufa ist oft die offensichtlichste L\u00f6sung, wenn die Bank nach der Schufa-Auskunft einen Kredit verwehrt.<\/p>\n\n\n\n<p>Allerdings gibt es auch andere M\u00f6glichkeiten, trotz negativer Schufa-Auskunft, ein Darlehen zu erhalten. Nutzen Sie unseren seri\u00f6sen online Service, um ohne Vorkosten Ihre M\u00f6glichkeiten zu vergleichen.<\/p>\n\n\n\n<h3 class=\"wp-block-heading\">Wir informieren Sie \u00fcber:<\/h3>\n\n\n\n<ul class=\"wp-block-list\">\n<li>Kredit ohne Schufa? Wie funktioniert das?<\/li>\n\n\n\n<li>Ist ein Kredit trotz Schufa eine gute Alternative?<\/li>\n\n\n\n<li>Welche Optionen habe ich bei einer negativen Schufa-Auskunft oder Bonit\u00e4t?<\/li>\n\n\n\n<li>Wie kann Top5Credits helfen mit oder trotz Schufa einen Kredit aufzunehmen?<\/li>\n\n\n\n<li>Kleinkredit ohne Schufa, Minikredit ohne Schufa, und weitere M\u00f6glichkeiten<\/li>\n<\/ul>\n\n\n\n<h2 class=\"wp-block-heading\">Kredite trotz Schufa-Eintrag:<\/h2>\n\n\n\n<h3 class=\"wp-block-heading\">Schufa-neutrale Angebote<\/h3>\n\n\n\n<p>Nachdem Sie einen passenden Kredit gefunden haben, klicken Sie \u201eweiter\u201c und geben Ihre pers\u00f6nlichen und finanziellen Informationen ein. Mit Hilfe dieser, kann Ihnen Ihr gew\u00e4hlter Kreditgeber in wenigen Minuten, die Konditionen f\u00fcr Ihren Kredit mitteilen. Und das ohne Ihren Schufa-Score zu beeinflussen. Sie m\u00fcssen den Online-Antrag lediglich einmal ausf\u00fcllen, um Angebote aller Banken, die zu Ihnen passen k\u00f6nnten, abzufragen. Top5Credits stellt damit sicher, dass Sie das beste Angebot f\u00fcr sich finden. Falls Sie Unterst\u00fctzung bei der Auswahl eines Angebots ben\u00f6tigen, steht Ihnen einer von 300 Kreditexperten kostenlos zur Verf\u00fcgung.<\/p>\n\n\n\n<h2 class=\"wp-block-heading\">Kredit ohne Schufa? Wie funktioniert das?<\/h2>\n\n\n\n<p>Grunds\u00e4tzlich gar nicht. Banken in Deutschland m\u00fcssen bei Kreditanfragen die R\u00fcckzahlungsf\u00e4higkeit des Kunden pr\u00fcfen, um Ausf\u00e4lle zu verhindern. Kreditanfragen mit niedrigen Schufa-Scores werden h\u00e4ufig zur\u00fcckgewiesen, auch bei einem regelm\u00e4\u00dfigen Einkommen des Kunden. Indem der Gesetzgeber Banken dazu verpflichtet, die Kreditw\u00fcrdigkeit von potenziellen Kreditnehmern zu pr\u00fcfen, sch\u00fctzt er nicht nur die Banken, sondern auch die Kunden vor \u00dcberschuldung.<\/p>\n\n\n\n<p>Allerdings k\u00f6nnen Sie bei manchen Banken im Ausland auch ohne Schufa-Auskunft einen Kredit aufnehmen. Dabei handelt es sich oft um Banken in der Schweiz oder Lichtenstein.<\/p>\n\n\n\n<p>Ganz ohne Bonit\u00e4tspr\u00fcfung kommen Sie allerdings nicht davon. Auch diese Banken werden zumindest einen Einkommensnachweis verlangen.<\/p>\n\n\n\n<h3 class=\"wp-block-heading\">Hauptgr\u00fcnde einer Kreditabsage:<\/h3>\n\n\n\n<p>Abgesehen von einem niedrigen Schufa-Score, k\u00f6nnen auch die folgenden Punkte, Gr\u00fcnde f\u00fcr eine Kreditabsage sein:<\/p>\n\n\n\n<ul class=\"wp-block-list\">\n<li>Unsicheres Einkommen (bzw. bei Selbst\u00e4ndigen oder befristeten Arbeitsvertr\u00e4gen)<\/li>\n\n\n\n<li>Alter des Antragstellers (zu jung oder zu alt)<\/li>\n\n\n\n<li>Keine oder nur wenige Sicherheiten (die bzw. bei einem geringen Einkommen notwendig sind)<\/li>\n\n\n\n<li>\u00dcberzogener Dispositionskredit<\/li>\n<\/ul>\n\n\n\n<h2 class=\"wp-block-heading\">3 Schritte zum Mikrokredit:<\/h2>\n\n\n\n<p>Wir bringen Kreditnehmer und Anleger zusammen und vereinfachen damit Kredite von und f\u00fcr Privatpersonen. Die Beantragung erfolgt bei uns online &#8211; das Erstellen eines \u201eKreditprojekts\u201c ist also nicht n\u00f6tig.<\/p>\n\n\n\n<p>Wir verlangen weder Gehaltsnachweise noch Vertragsdokumente in Papierform, damit der Prozess von Antrag bis zur \u00dcberweisung so schnell wie m\u00f6glich verl\u00e4uft.<\/p>\n\n\n\n<ol class=\"wp-block-list\">\n<li><strong>Antrag<\/strong> \u2013 Sekundenschnelle Zusage<\/li>\n\n\n\n<li><strong>Abschluss<\/strong> \u2013 Online<\/li>\n\n\n\n<li><strong>Sofortauszahlung<\/strong> \u2013 Mikrokredit in 24 Stunden<\/li>\n<\/ol>\n\n\n\n<p>Dieser Prozess erm\u00f6glicht eine Sofortzusage f\u00fcr Ihren Mikrokredit. Da wir ausschlie\u00dflich online arbeiten, unterscheiden wir uns von anderen Kreditplattformen wie Banken oder Kreditinstituten, wo Papieraufwand und lange Wartezeiten der Normalfall sind. Oft stehen der Gew\u00e4hrung von Bankkrediten auch negative Schufa-Ausk\u00fcnfte entgegen.<\/p>\n\n\n\n<h2 class=\"wp-block-heading\">Der passende Minikredit<\/h2>\n\n\n\n<p>Minikredite sind ein beliebter Teil unseres Vergleichsportals. Wenn am Ende des Monats das Geld knapp wird, kann ein Minikredit weiterhelfen.<\/p>\n\n\n\n<h3 class=\"wp-block-heading\">Der folgende Text erkl\u00e4rt:<\/h3>\n\n\n\n<ul class=\"wp-block-list\">\n<li>Die Merkmale eines Minikredits und beliebte Verwendungen<\/li>\n\n\n\n<li>Vor- und Nachteile eines Minikredits<\/li>\n\n\n\n<li>Wie unser Vergleichsportal Ihnen hilft den passenden Minikredit zu finden<\/li>\n<\/ul>\n\n\n\n<h2 class=\"wp-block-heading\">Online-Minikredit, sofort!<\/h2>\n\n\n\n<p>Minikredite sind Darlehen in H\u00f6he von 100 bis zu 1.000 Euro. Meist haben Minikredite eine kurze Laufzeit und k\u00f6nnen mangels Zweckgebundenheit f\u00fcr verschiedene Gr\u00fcnde eingesetzt werden. Folglich ist ein Minikredit eher f\u00fcr pl\u00f6tzlich auftretende, aber \u00fcberschaubare Kosten gedacht und nicht f\u00fcr gr\u00f6\u00dfere, geplante Investitionen.<\/p>\n\n\n\n<p>Es stimmt, dass kleinere Kredite oft schneller ausgezahlt werden k\u00f6nnen. Bei unerwarteten Kosten, wie zum Beispiel einer Reparatur, kann dies extrem hilfreich sein. Dank vorgeschrittener Technologie ist es heutzutage m\u00f6glich einen Kleinkredit online zu beantragen.<\/p>\n\n\n\n<h2 class=\"wp-block-heading\">Minikredit Anbieter<\/h2>\n\n\n\n<p>Darlehen von einer H\u00f6he bis zu 1.000 Euro k\u00f6nnen grunds\u00e4tzlich bei Banken vor Ort und online angeboten werden. Allerdings bieten nur wenige Banken Minikredite an, da sich die hohen Verwaltungskosten in Relation zum Gewinn, f\u00fcr sie oft nicht lohnen.<\/p>\n\n\n\n<p>Genau deshalb ist es wichtig, Vergleichsportale wie Top5Credits zu benutzen, um mehrere Anbieter leicht miteinander vergleichen zu k\u00f6nnen. Auch Privatpersonen k\u00f6nnen Minikredite vergeben!<\/p>\n\n\n\n<h3 class=\"wp-block-heading\">Vorteile eines Minikredits:<\/h3>\n\n\n\n<ul class=\"wp-block-list\">\n<li>Unterst\u00fctzt bei kleineren, finanziellen Notlagen<\/li>\n\n\n\n<li>Sofortauszahlungen sind m\u00f6glich<\/li>\n\n\n\n<li>Anbieter finden sich leicht im Internet<\/li>\n\n\n\n<li>Kurze Laufzeit<\/li>\n\n\n\n<li>Schnell und leichter Onlineabschluss<\/li>\n\n\n\n<li>Ohne Schufa erh\u00e4ltlich<\/li>\n\n\n\n<li>Ohne Bonit\u00e4tspr\u00fcfung erh\u00e4ltlich<\/li>\n\n\n\n<li>G\u00fcnstiger als ein Dispokredit<\/li>\n<\/ul>\n\n\n\n<h3 class=\"wp-block-heading\">Nachteile eines Minikredits:<\/h3>\n\n\n\n<ul class=\"wp-block-list\">\n<li>Geringere Kreditsummen<\/li>\n\n\n\n<li>Weniger Anbieter<\/li>\n\n\n\n<li>Oft h\u00f6here Zinsen<\/li>\n\n\n\n<li>Keine Sondertilgung<\/li>\n\n\n\n<li>Nicht f\u00fcr gr\u00f6\u00dfere Investitionen geeignet<\/li>\n\n\n\n<li>Oft wird eine schnellere R\u00fcckzahlung gefordert<\/li>\n<\/ul>\n","protected":false},"excerpt":{"rendered":"<p>Kredit ohne Schufa Die folgende Liste enth\u00e4lt Bafin gepr\u00fcfte Kreditanbieter, mit und ohne Schufa Abfrage. Kreditaufnahme ohne oder trotz Schufa? Vergleichen Sie online! ! Unsere<\/p>\n<p class=\"more-link\"><span class=\"screen-reader-text\">Kredit ohne Schufa<\/span> weiterlesen<\/p>\n","protected":false},"author":22,"featured_media":0,"parent":0,"menu_order":0,"comment_status":"closed","ping_status":"closed","template":"page-results.php","meta":{"footnotes":""},"class_list":["post-744","page","type-page","status-publish","hentry","entry"],"yoast_head":"<!-- This site is optimized with the Yoast SEO plugin v27.3 - https:\/\/yoast.com\/product\/yoast-seo-wordpress\/ -->\n<title>Kredit ohne Schufa \u2013 jetzt m\u00f6glich bei Top5Credits<\/title>\n<meta name=\"description\" content=\"Der Kreditsuchende profitiert bei einem Kredit ohne Schufa von der Zusammenarbeit mit dem Kreditvermittler. Die Vergabe des Darlehens und die Bedingungen sind unabh\u00e4ngig von der Schufa-Auskunft.\" \/>\n<meta name=\"robots\" content=\"index, follow, max-snippet:-1, max-image-preview:large, max-video-preview:-1\" \/>\n<link rel=\"canonical\" href=\"https:\/\/www.top5credits.com\/de\/minikredit-ohne-schufa\/\" \/>\n<meta property=\"og:locale\" content=\"de_DE\" \/>\n<meta property=\"og:type\" content=\"article\" \/>\n<meta property=\"og:title\" content=\"Kredit ohne Schufa \u2013 jetzt m\u00f6glich bei Top5Credits\" \/>\n<meta property=\"og:description\" content=\"Der Kreditsuchende profitiert bei einem Kredit ohne Schufa von der Zusammenarbeit mit dem Kreditvermittler. Die Vergabe des Darlehens und die Bedingungen sind unabh\u00e4ngig von der Schufa-Auskunft.\" \/>\n<meta property=\"og:url\" content=\"https:\/\/www.top5credits.com\/de\/minikredit-ohne-schufa\/\" \/>\n<meta property=\"og:site_name\" content=\"Top5Credits.com Deutschland\" \/>\n<meta property=\"article:modified_time\" content=\"2024-09-19T10:43:56+00:00\" \/>\n<meta property=\"og:image\" content=\"https:\/\/cdn.top5credits.com\/de\/wp-content\/uploads\/sites\/6\/2023\/11\/top5credits-com-ogimage.png?cdn=1.1.6\" \/>\n\t<meta property=\"og:image:width\" content=\"1200\" \/>\n\t<meta property=\"og:image:height\" content=\"630\" \/>\n\t<meta property=\"og:image:type\" content=\"image\/png\" \/>\n<meta name=\"twitter:card\" content=\"summary_large_image\" \/>\n<script type=\"application\/ld+json\" class=\"yoast-schema-graph\">{\"@context\":\"https:\\\/\\\/schema.org\",\"@graph\":[{\"@type\":\"WebPage\",\"@id\":\"https:\\\/\\\/www.top5credits.com\\\/de\\\/minikredit-ohne-schufa\\\/\",\"url\":\"https:\\\/\\\/www.top5credits.com\\\/de\\\/minikredit-ohne-schufa\\\/\",\"name\":\"Kredit ohne Schufa \u2013 jetzt m\u00f6glich bei Top5Credits\",\"isPartOf\":{\"@id\":\"https:\\\/\\\/www.top5credits.com\\\/de\\\/#website\"},\"datePublished\":\"2022-07-06T06:48:42+00:00\",\"dateModified\":\"2024-09-19T10:43:56+00:00\",\"description\":\"Der Kreditsuchende profitiert bei einem Kredit ohne Schufa von der Zusammenarbeit mit dem Kreditvermittler. Die Vergabe des Darlehens und die Bedingungen sind unabh\u00e4ngig von der Schufa-Auskunft.\",\"breadcrumb\":{\"@id\":\"https:\\\/\\\/www.top5credits.com\\\/de\\\/minikredit-ohne-schufa\\\/#breadcrumb\"},\"inLanguage\":\"de\",\"potentialAction\":[{\"@type\":\"ReadAction\",\"target\":[\"https:\\\/\\\/www.top5credits.com\\\/de\\\/minikredit-ohne-schufa\\\/\"]}]},{\"@type\":\"BreadcrumbList\",\"@id\":\"https:\\\/\\\/www.top5credits.com\\\/de\\\/minikredit-ohne-schufa\\\/#breadcrumb\",\"itemListElement\":[{\"@type\":\"ListItem\",\"position\":1,\"name\":\"Top5Credits.com\",\"item\":\"https:\\\/\\\/www.top5credits.com\\\/de\\\/\"},{\"@type\":\"ListItem\",\"position\":2,\"name\":\"Kredit ohne Schufa\"}]},{\"@type\":\"WebSite\",\"@id\":\"https:\\\/\\\/www.top5credits.com\\\/de\\\/#website\",\"url\":\"https:\\\/\\\/www.top5credits.com\\\/de\\\/\",\"name\":\"Top5Credits.com Deutschland\",\"description\":\"\",\"publisher\":{\"@id\":\"https:\\\/\\\/www.top5credits.com\\\/de\\\/#organization\"},\"potentialAction\":[{\"@type\":\"SearchAction\",\"target\":{\"@type\":\"EntryPoint\",\"urlTemplate\":\"https:\\\/\\\/www.top5credits.com\\\/de\\\/?s={search_term_string}\"},\"query-input\":{\"@type\":\"PropertyValueSpecification\",\"valueRequired\":true,\"valueName\":\"search_term_string\"}}],\"inLanguage\":\"de\"},{\"@type\":\"Organization\",\"@id\":\"https:\\\/\\\/www.top5credits.com\\\/de\\\/#organization\",\"name\":\"Top5Credits.com\",\"url\":\"https:\\\/\\\/www.top5credits.com\\\/de\\\/\",\"logo\":{\"@type\":\"ImageObject\",\"inLanguage\":\"de\",\"@id\":\"https:\\\/\\\/www.top5credits.com\\\/de\\\/#\\\/schema\\\/logo\\\/image\\\/\",\"url\":\"https:\\\/\\\/cdn.top5credits.com\\\/de\\\/wp-content\\\/uploads\\\/sites\\\/6\\\/2023\\\/10\\\/t5c-favicon.png\",\"contentUrl\":\"https:\\\/\\\/cdn.top5credits.com\\\/de\\\/wp-content\\\/uploads\\\/sites\\\/6\\\/2023\\\/10\\\/t5c-favicon.png\",\"width\":512,\"height\":512,\"caption\":\"Top5Credits.com\"},\"image\":{\"@id\":\"https:\\\/\\\/www.top5credits.com\\\/de\\\/#\\\/schema\\\/logo\\\/image\\\/\"}}]}<\/script>\n<!-- \/ Yoast SEO plugin. -->","yoast_head_json":{"title":"Kredit ohne Schufa \u2013 jetzt m\u00f6glich bei Top5Credits","description":"Der Kreditsuchende profitiert bei einem Kredit ohne Schufa von der Zusammenarbeit mit dem Kreditvermittler. Die Vergabe des Darlehens und die Bedingungen sind unabh\u00e4ngig von der Schufa-Auskunft.","robots":{"index":"index","follow":"follow","max-snippet":"max-snippet:-1","max-image-preview":"max-image-preview:large","max-video-preview":"max-video-preview:-1"},"canonical":"https:\/\/www.top5credits.com\/de\/minikredit-ohne-schufa\/","og_locale":"de_DE","og_type":"article","og_title":"Kredit ohne Schufa \u2013 jetzt m\u00f6glich bei Top5Credits","og_description":"Der Kreditsuchende profitiert bei einem Kredit ohne Schufa von der Zusammenarbeit mit dem Kreditvermittler. Die Vergabe des Darlehens und die Bedingungen sind unabh\u00e4ngig von der Schufa-Auskunft.","og_url":"https:\/\/www.top5credits.com\/de\/minikredit-ohne-schufa\/","og_site_name":"Top5Credits.com Deutschland","article_modified_time":"2024-09-19T10:43:56+00:00","og_image":[{"width":1200,"height":630,"url":"https:\/\/cdn.top5credits.com\/de\/wp-content\/uploads\/sites\/6\/2023\/11\/top5credits-com-ogimage.png?cdn=1.1.6","type":"image\/png"}],"twitter_card":"summary_large_image","schema":{"@context":"https:\/\/schema.org","@graph":[{"@type":"WebPage","@id":"https:\/\/www.top5credits.com\/de\/minikredit-ohne-schufa\/","url":"https:\/\/www.top5credits.com\/de\/minikredit-ohne-schufa\/","name":"Kredit ohne Schufa \u2013 jetzt m\u00f6glich bei Top5Credits","isPartOf":{"@id":"https:\/\/www.top5credits.com\/de\/#website"},"datePublished":"2022-07-06T06:48:42+00:00","dateModified":"2024-09-19T10:43:56+00:00","description":"Der Kreditsuchende profitiert bei einem Kredit ohne Schufa von der Zusammenarbeit mit dem Kreditvermittler. Die Vergabe des Darlehens und die Bedingungen sind unabh\u00e4ngig von der Schufa-Auskunft.","breadcrumb":{"@id":"https:\/\/www.top5credits.com\/de\/minikredit-ohne-schufa\/#breadcrumb"},"inLanguage":"de","potentialAction":[{"@type":"ReadAction","target":["https:\/\/www.top5credits.com\/de\/minikredit-ohne-schufa\/"]}]},{"@type":"BreadcrumbList","@id":"https:\/\/www.top5credits.com\/de\/minikredit-ohne-schufa\/#breadcrumb","itemListElement":[{"@type":"ListItem","position":1,"name":"Top5Credits.com","item":"https:\/\/www.top5credits.com\/de\/"},{"@type":"ListItem","position":2,"name":"Kredit ohne Schufa"}]},{"@type":"WebSite","@id":"https:\/\/www.top5credits.com\/de\/#website","url":"https:\/\/www.top5credits.com\/de\/","name":"Top5Credits.com Deutschland","description":"","publisher":{"@id":"https:\/\/www.top5credits.com\/de\/#organization"},"potentialAction":[{"@type":"SearchAction","target":{"@type":"EntryPoint","urlTemplate":"https:\/\/www.top5credits.com\/de\/?s={search_term_string}"},"query-input":{"@type":"PropertyValueSpecification","valueRequired":true,"valueName":"search_term_string"}}],"inLanguage":"de"},{"@type":"Organization","@id":"https:\/\/www.top5credits.com\/de\/#organization","name":"Top5Credits.com","url":"https:\/\/www.top5credits.com\/de\/","logo":{"@type":"ImageObject","inLanguage":"de","@id":"https:\/\/www.top5credits.com\/de\/#\/schema\/logo\/image\/","url":"https:\/\/cdn.top5credits.com\/de\/wp-content\/uploads\/sites\/6\/2023\/10\/t5c-favicon.png","contentUrl":"https:\/\/cdn.top5credits.com\/de\/wp-content\/uploads\/sites\/6\/2023\/10\/t5c-favicon.png","width":512,"height":512,"caption":"Top5Credits.com"},"image":{"@id":"https:\/\/www.top5credits.com\/de\/#\/schema\/logo\/image\/"}}]}},"_links":{"self":[{"href":"https:\/\/www.top5credits.com\/de\/wp-json\/wp\/v2\/pages\/744","targetHints":{"allow":["GET"]}}],"collection":[{"href":"https:\/\/www.top5credits.com\/de\/wp-json\/wp\/v2\/pages"}],"about":[{"href":"https:\/\/www.top5credits.com\/de\/wp-json\/wp\/v2\/types\/page"}],"author":[{"embeddable":true,"href":"https:\/\/www.top5credits.com\/de\/wp-json\/wp\/v2\/users\/22"}],"replies":[{"embeddable":true,"href":"https:\/\/www.top5credits.com\/de\/wp-json\/wp\/v2\/comments?post=744"}],"version-history":[{"count":0,"href":"https:\/\/www.top5credits.com\/de\/wp-json\/wp\/v2\/pages\/744\/revisions"}],"wp:attachment":[{"href":"https:\/\/www.top5credits.com\/de\/wp-json\/wp\/v2\/media?parent=744"}],"curies":[{"name":"wp","href":"https:\/\/api.w.org\/{rel}","templated":true}]}}