{"id":926,"date":"2022-07-15T05:21:27","date_gmt":"2022-07-15T03:21:27","guid":{"rendered":"https:\/\/www.top5credits.com\/de\/?page_id=926"},"modified":"2022-09-01T12:49:00","modified_gmt":"2022-09-01T10:49:00","slug":"autokredit-vergleich","status":"publish","type":"page","link":"https:\/\/www.top5credits.com\/de\/autokredit-vergleich\/","title":{"rendered":"Autokredit-Vergleich"},"content":{"rendered":"\n<div class=\"wp-block-group first-section\"><div class=\"wp-block-group__inner-container is-layout-flow wp-block-group-is-layout-flow\">\n<h1 class=\"wp-block-heading\">Autokredit-Vergleich<\/h1>\n\n\n\n<p>Neben den herk\u00f6mmlichen Ratenkrediten mit freien Verwendungszwecken, gibt es auch sogenannte \u201eAutokredite\u201c. Das sind Ratenkredite mit einer speziellen Zweckbindung, die als Finanzierungshilfe eines Neu- oder Gebrauchtwagens angeboten werden. Dabei liegt die Kreditsumme zwischen 1.000 \u20ac und 100.000 \u20ac wobei die Laufzeit 12 bis 120 Monate betr\u00e4gt. Auch wenn es Autokredit hei\u00dft, kann der Kredit bei der Finanzierung von Motorr\u00e4dern ab 125 Kubik sowie bei Wohnwagen oder Wohnmobilen verwendet werden.<\/p>\n\n\n\n<\/div><\/div>\n\n\n\n\n\n\n<div class=\"top-results palkkio\">\n<span class=\"huomiomerkki\">!<\/span> Unsere Geb\u00fchr beeinflusst die Reihenfolge der Auflistung \u2013 weitere Informationen dazu <span class=\"plus-trigger\">+<\/span>\n<p>Top5Credits.com ist ein kostenloser Service, der n\u00fctzliche Informationen und Inhalte f\u00fcr seine Benutzer bereitstellt. Wir vergleichen und bewerten Kreditservices mit echter Erfahrung. Damit der Service f\u00fcr unsere Benutzer kostenlos bleibt, erhalten wir von unseren Partnern eine Verg\u00fctung f\u00fcr die an sie vermittelten Kunden. Die H\u00f6he der Verg\u00fctung beeinflusst die Reihenfolge der Auflistung.<\/p>\n<\/div>\n\n\n\n<h2 class=\"wp-block-heading\">Wie funktioniert ein Autokredit?<\/h2>\n\n\n\n<p>Wie auch bei allen anderen Ratenkrediten, bekommt der Kreditnehmer die vollst\u00e4ndige Summe ausgezahlt und muss sie in Monatsraten zur\u00fcckbezahlen. Die monatlichen Raten bleiben immer gleich, was die finanzielle Planung erleichtert. Manche Banken erlauben sogar Sonder- oder Gesamttilgungen, damit der Kredit so schnell wie m\u00f6glich r\u00fcckbezahlt werden kann.<\/p>\n\n\n\n<h2 class=\"wp-block-heading\">Zweckgebundene Autofinanzierung kann g\u00fcnstiger sein<\/h2>\n\n\n\n<p>Wird ein Autokredit mit Zweckbindung abgeschlossen, ist die Bank in diesem Zeitraum, in dem der Kredit noch l\u00e4uft, der Eigent\u00fcmer des Autos. Ist der Kreditnehmer in dem beschlossenen Zeitraum nicht f\u00e4hig, das Fahrzeug zu bezahlen, so hat die Bank das Recht das Auto zu verkaufen. Im Gegensatz zu einem Kredit ohne Zweck, wie f\u00fcr eine Urlaubsreise oder schnelllebige Konsumg\u00fcter, ist es der Bank nicht m\u00f6glich, dass sie den Kredit auf materielle Weise einfordert. Aber durch das Einfordern oder den Verkauf des Fahrzeuges bei einem Autokredit, bietet die Bank Kredite zu g\u00fcnstigeren Konditionen.<\/p>\n\n\n\n<h2 class=\"wp-block-heading\">Voraussetzungen, um einen Autokredit zu erhalten<\/h2>\n\n\n\n<p>Wie bei allen anderen Krediten, gibt es Voraussetzungen, die erf\u00fcllt werden m\u00fcssen, um einen Autokredit zu erhalten:<\/p>\n\n\n\n<ul class=\"wp-block-list\"><li>Besitzt der Vollj\u00e4hrigkeit<\/li><li>Wohnsitz in Deutschland<\/li><li>Besitz eines deutschen Girokontos<\/li><li>Ein sicheres, pf\u00e4ndbares Einkommen, das ausreicht, um die Raten zu bezahlen<\/li><li>Eine ausreichende Bonit\u00e4t \u2013 Keine negativen SCHUFA-Merkmale (abh\u00e4ngig von Bank zu Bank)<\/li><\/ul>\n\n\n\n<h3 class=\"wp-block-heading\">Der Autokreditvergleich \u2013 Zinsen berechnen, sichern Sie sich einen g\u00fcnstigen Kredit f\u00fcr Ihren Traumwagen<\/h3>\n\n\n\n<p><strong>Der Traum vom eigenen Auto \u2013<\/strong> wer hat den nicht? Wie jeder wei\u00df, ist der Kauf eines eignen Kfz mit viel Geld verbunden und das verlangt nun mal mehr als einen Fingerschnipp. Daher ist der Autokredit eines der beliebtesten Finanzierungsmodelle, um sich seinen Traum zu erf\u00fcllen. Wir werfen in diesem Ratgeber auf Stern.de einen genaueren Blick auf diesen speziellen Kredit.<\/p>\n\n\n\n<h3 class=\"wp-block-heading\">Die Besonderheiten eines Autokredits, seine Vor- und Nachteile, seine Anbieter und worauf Sie bei einem Autokredit achten m\u00fcssen<\/h3>\n\n\n\n<p>Bei einem Autokredit handelt es sich um nichts anderes als einen klassischen Ratenkredit. Der Unterschied zu anderen Ratenkrediten ist jener, dass ein Autokredit zweckgebunden ist. Das hei\u00dft er darf nur f\u00fcr bestimmte Verwendungszwecke, hier eben f\u00fcr den Erwerb eines Kfz, eingesetzt werden. Angeboten wird diese Art von Kredit bei Autoh\u00e4ndlern bzw. Autobanken und von gebr\u00e4uchlichen Kreditinstituten, da es sich im eigentlichen Sinne um einen Ratenkredit handelt (einziger Unterschied = Zweckgebundenheit). Da es sich bei der Kreditaufnahme ausschlie\u00dflich um Autos handelt, sind meist Wohnmobile und andere Fahrzeuge f\u00fcr die Verwendung des Kredits ausgeschlossen.<\/p>\n\n\n\n<h3 class=\"wp-block-heading\">G\u00fcnstiger Autokredit \u2013 Welche M\u00f6glichkeiten gibt es?<\/h3>\n\n\n\n<p>Jeder und jede kann einen Privatkredit beantragen, um sich davon ein Auto zu kaufen. Meistens sind aber spezielle Kfz-Darlehen g\u00fcnstiger, da die Bank im Falle einer Zahlungsunf\u00e4higkeit das Auto zwangsversteigern lassen oder es einfach verkaufen kann.<\/p>\n\n\n\n<p>Deshalb wird der Fahrzeugbrief (Zulassungsbescheinigung Teil II) meist von der Bank behalten. Unternehmen wie die ING (ING-DiBa bis 2019) verzichten auf die Hinterlegung dieses Dokuments, die Beschlagnahme bei Zahlungsunf\u00e4higkeit kann jedoch trotzdem erfolgen.<\/p>\n\n\n\n<h3 class=\"wp-block-heading\">H\u00e4ndler, Bank oder Online?<\/h3>\n\n\n\n<p>Kaufen Sie ein Auto bei einem H\u00e4ndler, bekommen Sie meist vor Ort einen Kredit angeboten. Aus diesem Zweck wurden von den f\u00fchrenden Herstellern am Automarkt sogenannte Autobanken gegr\u00fcndet. Der Clou dabei ist, dass nur die Fahrzeuge der eigenen Marke finanziert werden und daher diese Deals nicht immer die g\u00fcnstigsten sind.<\/p>\n\n\n\n<h2 class=\"wp-block-heading\">Kostenvorteil H\u00e4ndlerfinanzierung vs. Autokredit<\/h2>\n\n\n\n<p>Interessenten, die sich ein neues Auto kaufen m\u00f6chten, aber nicht \u00fcber gen\u00fcgend Geld verf\u00fcgen, haben verschiedene M\u00f6glichkeiten doch noch an das neue Fahrzeug zu gelangen. Wie bereits erw\u00e4hnt, bieten H\u00e4ndler und Autohersteller Kredite direkt im Autohaus bzw. der Verkaufsstelle an. Die Finanzierung erfolgt \u00fcber die Autobanken. Meist m\u00f6gen die Angebote verlockend klingen. Vor allem dann, wenn das Wunschauto mit einer Null-Prozent-Finanzierung angepriesen wird. Jedoch bemerkt man bei genauerem Hinsehen, dass diese \u201eZuckerl\u201c auf spezielle Modelle, Ausstattungen, Neuwagen oder gar nur auf einen begrenzten Zeitraum zutreffen. Des Weiteren ist in einem Autohaus meist mit einer Anzahlung zu rechnen, was sich als schwierig erweist, sofern keine Ersparnisse zur Seite gelegt wurden. Noch zu erw\u00e4hnen ist, dass die Null-Prozent-Finanzierung im Hintergrund \u00fcber eine Bank l\u00e4uft, was zu einem h\u00f6heren Preis des Autos f\u00fchrt, da die Zinsen auf eine Weise eingebracht werden m\u00fcssen.<\/p>\n\n\n\n<h2 class=\"wp-block-heading\">Autokredit im Schnellcheck \u2013 Kreditbetrag, Laufzeit, Verwendung<\/h2>\n\n\n\n<p>Um sich einen \u00dcberblick des Marktes zu verschaffen, ermitteln Sie die Summe Ihres Kredits \u00fcber einen Kreditvergleich. Anschlie\u00dfend w\u00e4hlen Sie die Laufzeit des Kredits und f\u00fcllen das K\u00e4stchen Verwendungszweck mit \u201eAuto\u201c. Nun errechnet der Kreditrechner f\u00fcr Sie, welche Banken f\u00fcr Sie in Frage kommen, welche Konditionen gegeben sind und ob es Sondertilgungen oder R\u00fcckzahlungspausen gibt. Der Vorteil des Kreditrechners ist, dass er es Ihnen direkt und einfach erm\u00f6glicht, Kredite zu vergleichen und Ihnen so die Wahl gibt, die attraktivsten zu finden. Zus\u00e4tzlich gibt es weitere Parameter, die Ihnen je nach Bonit\u00e4t niedrige Zinss\u00e4tze und die Dokumente, die Sie f\u00fcr einen Kredit ben\u00f6tigen, zeigen.<\/p>\n\n\n\n<h2 class=\"wp-block-heading\">Individuelle Kreditangebote einholen<\/h2>\n\n\n\n<p>Damit ein Kreditangebot mit pers\u00f6nlichen Jahreszinssatz individuell an Sie angepasst werden kann, m\u00fcssen Sie Angaben zu Ihrer Person, Ihrem Beruf, Ihrem Haushalt und zum Hersteller und Kaufpreis Ihres Wunschfahrzeuges machen. Das Ausf\u00fcllen dauert nicht l\u00e4nger als zehn Minuten und Ihre Daten werden ohne Weiterreichung an Dritte bearbeitet. Falls Sie noch keine Angaben zum Hersteller Ihres Kfz machen k\u00f6nnen, geben Sie einen in Frage kommenden Herstellernamen an und Ihr voraussichtlicher Kreditbedarf, da diese Angaben f\u00fcr den Kredit verbindlich sind.<br>Haben Sie alles ausgef\u00fcllt, erhalten Sie Angeboten aller Banken, die Kredite an Sie vergeben. Alle Banken sind garantiert SCHUFA-neutral, unverbindlich und kostenlos. Nun ist es Ihre Aufgabe die erhaltenen Kreditangebote zu vergleichen und alle, die f\u00fcr Sie in Frage kommen, herauszufiltern.<\/p>\n\n\n\n<h2 class=\"wp-block-heading\">Online-Antrag \u2013 So geht\u2019s<\/h2>\n\n\n\n<p>M\u00f6chten Sie konkrete Angebote von unserer Bank und Partnern erhalten, so m\u00fcssen Sie zuerst eine Konditionenanfrage stellen. Um Ihren Erwartungen so gut wie m\u00f6glich zu erf\u00fcllen, tragen Sie alle wichtigen Daten in unser System ein. Sie werden nun aufgefordert, Information \u00fcber Ihre pers\u00f6nlichen und finanziellen Verh\u00e4ltnisse zu geben. Mit nur wenigen Klicks f\u00fcllen Sie das Online-Formular aus:<\/p>\n\n\n\n<h3 class=\"wp-block-heading\">Angaben zum Autokredit<\/h3>\n\n\n\n<p>Als erstes geben Sie den Preis Ihres Wunschautos an. Ist es Ihnen m\u00f6glich eine Anzahlung zu leisten, k\u00f6nnen Sie das ebenfalls als Zusatzinformation im System festhalten. Wichtig ist, dass Sie sich im Vorhinein Gedanken gemacht haben, wie lange Sie brauchen werden, um den Kredit zur\u00fcckzuzahlen. Denn in diesen Schritt geben Sie den Zeitraum daf\u00fcr ein. Teilen Sie sich den Kredit mit jemanden? Problemlos k\u00f6nnen Sie die Daten eines zweiten Kreditnehmers eingeben.<\/p>\n\n\n\n<h3 class=\"wp-block-heading\">Angaben zu Ihrer Person<\/h3>\n\n\n\n<p>Im n\u00e4chsten Schritt werden Ihre pers\u00f6nlichen Daten, wie Name, Geburtsdatum, E-Mail und Telefonnummer verlangt. Sie m\u00fcssen Angaben zu Ihrem Geburtsort, Ihrem Geburtsnamen und Geburtsland machen und au\u00dferdem wird Ihr Familienstand sowie Staatsangeh\u00f6rigkeit abgefragt. Vergewissern Sie sich, dass Sie die Adresse Ihres Hauptwohnsitzes angeben.<\/p>\n\n\n\n<h3 class=\"wp-block-heading\">Haushalt und Einkommen<\/h3>\n\n\n\n<p>Unter der Rubrik \u201eHaushalt und Einkommen\u201c beantworten Sie typische Fragen zum Thema Haushalt \u2013 \u201eWie viele Personen wohnen in Ihrem Haushalt?\u201c und \u201eZahlen Sie Miete oder sind Sie Eigent\u00fcmer?\u201c. Weitere Fragen zu Ihrem Mietverhalten (H\u00f6he der Miete, Einnahmen durch Miete). Diese Punkte dienen als Grundlage, damit wir passende Kreditangebot f\u00fcr Sie ermitteln k\u00f6nnen.<\/p>\n\n\n\n<h3 class=\"wp-block-heading\">Vergleich der Angebote<\/h3>\n\n\n\n<p>Nachdem Sie alle Pflichtfelder ausgef\u00fcllt haben, wird Ihnen eine \u00dcbersichtsbrosch\u00fcre mit all den relevanten Angeboten zugesandt (per E-Mail). Durch die Dateneingabe sind alle aufgelisteten Kredite auf Ihre Bed\u00fcrfnisse zugeschnitten und Sie k\u00f6nne in Ruhe die Angebote vergleichen und wenn n\u00f6tig zus\u00e4tzliche Recherche anstellen. Haben Sie eine Wahl getroffen, w\u00e4hlen Sie das Angebot mit einem Mausklick aus.<\/p>\n\n\n\n<h3 class=\"wp-block-heading\">Vom g\u00fcnstigen Autokredit zum Wunschauto<\/h3>\n\n\n\n<p>Auch wenn sie sich f\u00fcr einen Gebrauchtwagen f\u00fcr ca. 3.000 \u20ac entscheiden und das Geld nicht reicht, dann hilft es auch nichts, dass das Auto gebraucht ist. Die L\u00f6sung ist ein Autokredit. Alleine in Deutschland werden laut dem DAT-Report aus dem Jahr 2021 55 % aller Gebrauchtwagen und 62 % aller Neuwagen mit einem Autokredit finanziert und die Tendenz ist bis heute anwachsend.<\/p>\n\n\n\n<h2 class=\"wp-block-heading\">In sechs Schritten zur passenden Autofinanzierung<\/h2>\n\n\n\n<p>Dank unseren online Autokredit-Verglich finden Sie in null Komma nichts einen passenden Kredit, um sich den Wunsch eines neuen Autos zu erf\u00fcllen. Und das ganz bequem von zu Hause aus.<\/p>\n\n\n\n<ul class=\"wp-block-list\"><li>Ausf\u00fcllen des Verwendungszwecks \u2013 Wollen Sie einen Neuwagen oder doch eher ein gebrauchtes Fahrzeug?<\/li><li>Betrag Ihres Kredits und die dazugeh\u00f6rige Laufzeit<\/li><li>Vergessen Sie nicht Angaben zu Ihrer Person, Ihrem Arbeitgeber und Einkommen zu machen, denn nur so k\u00f6nnen wir den perfekten Kredit f\u00fcr Sie ausfindig machen<\/li><li>Einen Vergleich zwischen allen Anbietern und deren Konditionen anstellen und anschlie\u00dfend Ihre bevorzugte Bank ausw\u00e4hlen<\/li><li>Unterschreiben des Vertrags \u2013 ben\u00f6tigte Dokumente beif\u00fcgen \u2013 Hochladen\/Retoursenden<\/li><li>In wenigen Tagen Ihren ausgezahlten Kredit entgegennehmen<\/li><\/ul>\n","protected":false},"excerpt":{"rendered":"<p>Autokredit-Vergleich Neben den herk\u00f6mmlichen Ratenkrediten mit freien Verwendungszwecken, gibt es auch sogenannte \u201eAutokredite\u201c. Das sind Ratenkredite mit einer speziellen Zweckbindung, die als Finanzierungshilfe eines Neu-<\/p>\n<p class=\"more-link\"><span class=\"screen-reader-text\">Autokredit-Vergleich<\/span> weiterlesen<\/p>\n","protected":false},"author":22,"featured_media":0,"parent":0,"menu_order":0,"comment_status":"closed","ping_status":"closed","template":"page-results.php","meta":{"footnotes":""},"class_list":["post-926","page","type-page","status-publish","hentry","entry"],"yoast_head":"<!-- This site is optimized with the Yoast SEO plugin v27.3 - https:\/\/yoast.com\/product\/yoast-seo-wordpress\/ -->\n<title>Der Top5Credits Autokredit Vergleich 2022 - G\u00fcnstig &amp; Schnell<\/title>\n<meta name=\"description\" content=\"Einfacher geht es nicht: Autokredite vergleichen und die niedrigen Zinsen berechnen lassen. Dann k\u00f6nnen Sie sich Deutschlands g\u00fcnstigen Autokredit online sichern. \u2713 T\u00dcV-gepr\u00fcft \u27a4 zum Autokredit Vergleich.\" \/>\n<meta name=\"robots\" content=\"index, follow, max-snippet:-1, max-image-preview:large, max-video-preview:-1\" \/>\n<link rel=\"canonical\" href=\"https:\/\/www.top5credits.com\/de\/autokredit-vergleich\/\" \/>\n<meta property=\"og:locale\" content=\"de_DE\" \/>\n<meta property=\"og:type\" content=\"article\" \/>\n<meta property=\"og:title\" content=\"Der Top5Credits Autokredit Vergleich 2022 - G\u00fcnstig &amp; Schnell\" \/>\n<meta property=\"og:description\" content=\"Einfacher geht es nicht: Autokredite vergleichen und die niedrigen Zinsen berechnen lassen. Dann k\u00f6nnen Sie sich Deutschlands g\u00fcnstigen Autokredit online sichern. \u2713 T\u00dcV-gepr\u00fcft \u27a4 zum Autokredit Vergleich.\" \/>\n<meta property=\"og:url\" content=\"https:\/\/www.top5credits.com\/de\/autokredit-vergleich\/\" \/>\n<meta property=\"og:site_name\" content=\"Top5Credits.com Deutschland\" \/>\n<meta property=\"article:modified_time\" content=\"2022-09-01T10:49:00+00:00\" \/>\n<meta property=\"og:image\" content=\"https:\/\/cdn.top5credits.com\/de\/wp-content\/uploads\/sites\/6\/2023\/11\/top5credits-com-ogimage.png?cdn=1.1.6\" \/>\n\t<meta property=\"og:image:width\" content=\"1200\" \/>\n\t<meta property=\"og:image:height\" content=\"630\" \/>\n\t<meta property=\"og:image:type\" content=\"image\/png\" \/>\n<meta name=\"twitter:card\" content=\"summary_large_image\" \/>\n<script type=\"application\/ld+json\" class=\"yoast-schema-graph\">{\"@context\":\"https:\\\/\\\/schema.org\",\"@graph\":[{\"@type\":\"WebPage\",\"@id\":\"https:\\\/\\\/www.top5credits.com\\\/de\\\/autokredit-vergleich\\\/\",\"url\":\"https:\\\/\\\/www.top5credits.com\\\/de\\\/autokredit-vergleich\\\/\",\"name\":\"Der Top5Credits Autokredit Vergleich 2022 - G\u00fcnstig & Schnell\",\"isPartOf\":{\"@id\":\"https:\\\/\\\/www.top5credits.com\\\/de\\\/#website\"},\"datePublished\":\"2022-07-15T03:21:27+00:00\",\"dateModified\":\"2022-09-01T10:49:00+00:00\",\"description\":\"Einfacher geht es nicht: Autokredite vergleichen und die niedrigen Zinsen berechnen lassen. Dann k\u00f6nnen Sie sich Deutschlands g\u00fcnstigen Autokredit online sichern. \u2713 T\u00dcV-gepr\u00fcft \u27a4 zum Autokredit Vergleich.\",\"breadcrumb\":{\"@id\":\"https:\\\/\\\/www.top5credits.com\\\/de\\\/autokredit-vergleich\\\/#breadcrumb\"},\"inLanguage\":\"de\",\"potentialAction\":[{\"@type\":\"ReadAction\",\"target\":[\"https:\\\/\\\/www.top5credits.com\\\/de\\\/autokredit-vergleich\\\/\"]}]},{\"@type\":\"BreadcrumbList\",\"@id\":\"https:\\\/\\\/www.top5credits.com\\\/de\\\/autokredit-vergleich\\\/#breadcrumb\",\"itemListElement\":[{\"@type\":\"ListItem\",\"position\":1,\"name\":\"Top5Credits.com\",\"item\":\"https:\\\/\\\/www.top5credits.com\\\/de\\\/\"},{\"@type\":\"ListItem\",\"position\":2,\"name\":\"Autokredit-Vergleich\"}]},{\"@type\":\"WebSite\",\"@id\":\"https:\\\/\\\/www.top5credits.com\\\/de\\\/#website\",\"url\":\"https:\\\/\\\/www.top5credits.com\\\/de\\\/\",\"name\":\"Top5Credits.com Deutschland\",\"description\":\"\",\"publisher\":{\"@id\":\"https:\\\/\\\/www.top5credits.com\\\/de\\\/#organization\"},\"potentialAction\":[{\"@type\":\"SearchAction\",\"target\":{\"@type\":\"EntryPoint\",\"urlTemplate\":\"https:\\\/\\\/www.top5credits.com\\\/de\\\/?s={search_term_string}\"},\"query-input\":{\"@type\":\"PropertyValueSpecification\",\"valueRequired\":true,\"valueName\":\"search_term_string\"}}],\"inLanguage\":\"de\"},{\"@type\":\"Organization\",\"@id\":\"https:\\\/\\\/www.top5credits.com\\\/de\\\/#organization\",\"name\":\"Top5Credits.com\",\"url\":\"https:\\\/\\\/www.top5credits.com\\\/de\\\/\",\"logo\":{\"@type\":\"ImageObject\",\"inLanguage\":\"de\",\"@id\":\"https:\\\/\\\/www.top5credits.com\\\/de\\\/#\\\/schema\\\/logo\\\/image\\\/\",\"url\":\"https:\\\/\\\/cdn.top5credits.com\\\/de\\\/wp-content\\\/uploads\\\/sites\\\/6\\\/2023\\\/10\\\/t5c-favicon.png\",\"contentUrl\":\"https:\\\/\\\/cdn.top5credits.com\\\/de\\\/wp-content\\\/uploads\\\/sites\\\/6\\\/2023\\\/10\\\/t5c-favicon.png\",\"width\":512,\"height\":512,\"caption\":\"Top5Credits.com\"},\"image\":{\"@id\":\"https:\\\/\\\/www.top5credits.com\\\/de\\\/#\\\/schema\\\/logo\\\/image\\\/\"}}]}<\/script>\n<!-- \/ Yoast SEO plugin. -->","yoast_head_json":{"title":"Der Top5Credits Autokredit Vergleich 2022 - G\u00fcnstig & Schnell","description":"Einfacher geht es nicht: Autokredite vergleichen und die niedrigen Zinsen berechnen lassen. Dann k\u00f6nnen Sie sich Deutschlands g\u00fcnstigen Autokredit online sichern. \u2713 T\u00dcV-gepr\u00fcft \u27a4 zum Autokredit Vergleich.","robots":{"index":"index","follow":"follow","max-snippet":"max-snippet:-1","max-image-preview":"max-image-preview:large","max-video-preview":"max-video-preview:-1"},"canonical":"https:\/\/www.top5credits.com\/de\/autokredit-vergleich\/","og_locale":"de_DE","og_type":"article","og_title":"Der Top5Credits Autokredit Vergleich 2022 - G\u00fcnstig & Schnell","og_description":"Einfacher geht es nicht: Autokredite vergleichen und die niedrigen Zinsen berechnen lassen. Dann k\u00f6nnen Sie sich Deutschlands g\u00fcnstigen Autokredit online sichern. \u2713 T\u00dcV-gepr\u00fcft \u27a4 zum Autokredit Vergleich.","og_url":"https:\/\/www.top5credits.com\/de\/autokredit-vergleich\/","og_site_name":"Top5Credits.com Deutschland","article_modified_time":"2022-09-01T10:49:00+00:00","og_image":[{"width":1200,"height":630,"url":"https:\/\/cdn.top5credits.com\/de\/wp-content\/uploads\/sites\/6\/2023\/11\/top5credits-com-ogimage.png?cdn=1.1.6","type":"image\/png"}],"twitter_card":"summary_large_image","schema":{"@context":"https:\/\/schema.org","@graph":[{"@type":"WebPage","@id":"https:\/\/www.top5credits.com\/de\/autokredit-vergleich\/","url":"https:\/\/www.top5credits.com\/de\/autokredit-vergleich\/","name":"Der Top5Credits Autokredit Vergleich 2022 - G\u00fcnstig & Schnell","isPartOf":{"@id":"https:\/\/www.top5credits.com\/de\/#website"},"datePublished":"2022-07-15T03:21:27+00:00","dateModified":"2022-09-01T10:49:00+00:00","description":"Einfacher geht es nicht: Autokredite vergleichen und die niedrigen Zinsen berechnen lassen. Dann k\u00f6nnen Sie sich Deutschlands g\u00fcnstigen Autokredit online sichern. \u2713 T\u00dcV-gepr\u00fcft \u27a4 zum Autokredit Vergleich.","breadcrumb":{"@id":"https:\/\/www.top5credits.com\/de\/autokredit-vergleich\/#breadcrumb"},"inLanguage":"de","potentialAction":[{"@type":"ReadAction","target":["https:\/\/www.top5credits.com\/de\/autokredit-vergleich\/"]}]},{"@type":"BreadcrumbList","@id":"https:\/\/www.top5credits.com\/de\/autokredit-vergleich\/#breadcrumb","itemListElement":[{"@type":"ListItem","position":1,"name":"Top5Credits.com","item":"https:\/\/www.top5credits.com\/de\/"},{"@type":"ListItem","position":2,"name":"Autokredit-Vergleich"}]},{"@type":"WebSite","@id":"https:\/\/www.top5credits.com\/de\/#website","url":"https:\/\/www.top5credits.com\/de\/","name":"Top5Credits.com Deutschland","description":"","publisher":{"@id":"https:\/\/www.top5credits.com\/de\/#organization"},"potentialAction":[{"@type":"SearchAction","target":{"@type":"EntryPoint","urlTemplate":"https:\/\/www.top5credits.com\/de\/?s={search_term_string}"},"query-input":{"@type":"PropertyValueSpecification","valueRequired":true,"valueName":"search_term_string"}}],"inLanguage":"de"},{"@type":"Organization","@id":"https:\/\/www.top5credits.com\/de\/#organization","name":"Top5Credits.com","url":"https:\/\/www.top5credits.com\/de\/","logo":{"@type":"ImageObject","inLanguage":"de","@id":"https:\/\/www.top5credits.com\/de\/#\/schema\/logo\/image\/","url":"https:\/\/cdn.top5credits.com\/de\/wp-content\/uploads\/sites\/6\/2023\/10\/t5c-favicon.png","contentUrl":"https:\/\/cdn.top5credits.com\/de\/wp-content\/uploads\/sites\/6\/2023\/10\/t5c-favicon.png","width":512,"height":512,"caption":"Top5Credits.com"},"image":{"@id":"https:\/\/www.top5credits.com\/de\/#\/schema\/logo\/image\/"}}]}},"_links":{"self":[{"href":"https:\/\/www.top5credits.com\/de\/wp-json\/wp\/v2\/pages\/926","targetHints":{"allow":["GET"]}}],"collection":[{"href":"https:\/\/www.top5credits.com\/de\/wp-json\/wp\/v2\/pages"}],"about":[{"href":"https:\/\/www.top5credits.com\/de\/wp-json\/wp\/v2\/types\/page"}],"author":[{"embeddable":true,"href":"https:\/\/www.top5credits.com\/de\/wp-json\/wp\/v2\/users\/22"}],"replies":[{"embeddable":true,"href":"https:\/\/www.top5credits.com\/de\/wp-json\/wp\/v2\/comments?post=926"}],"version-history":[{"count":0,"href":"https:\/\/www.top5credits.com\/de\/wp-json\/wp\/v2\/pages\/926\/revisions"}],"wp:attachment":[{"href":"https:\/\/www.top5credits.com\/de\/wp-json\/wp\/v2\/media?parent=926"}],"curies":[{"name":"wp","href":"https:\/\/api.w.org\/{rel}","templated":true}]}}