{"id":1020,"date":"2020-04-17T11:55:50","date_gmt":"2020-04-17T11:55:50","guid":{"rendered":"https:\/\/www.top5credits.com\/dk\/?page_id=1020"},"modified":"2022-03-22T11:35:08","modified_gmt":"2022-03-22T11:35:08","slug":"ferielaan","status":"publish","type":"page","link":"https:\/\/www.top5credits.com\/dk\/ferielaan\/","title":{"rendered":"Feriel\u00e5n"},"content":{"rendered":"\n<div class=\"wp-block-group first-section\"><div class=\"wp-block-group__inner-container is-layout-flow wp-block-group-is-layout-flow\">\n<h1 class=\"has-text-align-center compare-title wp-block-heading\">Feriel\u00e5n &#8211; L\u00e5n penge til ferie og rejse<\/h1>\n\n\n\n<p class=\"compare-title\">L\u00e5n penge til ferie alt efter dine behov og afdrag herefter p\u00e5 l\u00e5net i dit eget tempo. Det er hele ideen med et feriel\u00e5n. <span class=\"luelisaanappi\">L\u00e6s&nbsp;mere..<\/span> <span class=\"luelisaateksti\">Top5Credits har unders\u00f8gt alle feriel\u00e5n p\u00e5 det danske l\u00e5nemarked, og her kan man sammenligne feriel\u00e5n ved fx bel\u00f8bets st\u00f8rrelse, renter og l\u00f8betid. Derudover kan du finde information om fordele og ulemper ved de forskellige l\u00e5n samt l\u00e6se anmeldelser af l\u00e5net. P\u00e5 den baggrund vil det v\u00e6re meget nemmere for dig som l\u00e5ntager at finde frem til det helt rigtige feriel\u00e5n, som kan opfylde dine dr\u00f8mme om en fantastisk ferie. L\u00e6s endelig videre og f\u00e5 en yderligere introduktion til, hvordan du f\u00e5r mest muligt ud af at benytte den hj\u00e6lp, som Top5Credits tilbyder.<\/span><\/p>\n\n\n\n\n<\/div><\/div>\n\n\n\n\n\n\n<div class=\"top-results palkkio\">\n<span class=\"huomiomerkki\">!<\/span> Kommissionen, vi f\u00e5r, har indflydelse p\u00e5 rangeringen &#8211; l\u00e6s mere <span class=\"plus-trigger\">+<\/span>\n<p>Top5Credits.com er en 100% gratis hjemmeside med det form\u00e5l at give nyttige og v\u00e6rdifulde oplysninger til vores brugere. Vi sammenligner l\u00e5n og vurderer dem trov\u00e6rdigt. For at vores hjemmeside kan v\u00e6re gratis for vores brugere, f\u00e5r vi kompensation fra vores samarbejdende banker og l\u00e5ngivere for de brugere vi henviser til dem. Kommisionen har indflydelse p\u00e5 placeringen af de forskellige udbydere.<\/p>\n<\/div>\n\n\n\n<div style=\"height:40px\" aria-hidden=\"true\" class=\"wp-block-spacer\"><\/div>\n\n\n\n<div class=\"wp-block-group full-white\"><div class=\"wp-block-group__inner-container is-layout-flow wp-block-group-is-layout-flow\">\n<h2 class=\"wp-block-heading\">S\u00e5dan finder du det rigtige feriel\u00e5n<\/h2>\n\n\n\n<p>\nDu\nkommer ganske enkelt i gang med at finde et feriel\u00e5n ved at udfylde\nformularen p\u00e5 siden med l\u00e5nebel\u00f8bets st\u00f8rrelse, din e-mail og\ntelefonnummer. Herefter vil du modtage 5 passende l\u00e5netilbud fra\nTop5Credits, som har indhentet disse tilbud fra forskellige\nl\u00e5neudbydere af feriel\u00e5n. S\u00e5 kan du l\u00e6se tilbuddene igennem og\nbeslutte dig for, hvilket l\u00e5n du \u00f8nsker. Det er effektivt og\nhurtigt, og det er tidsbesparende i forhold til, at du selv skal\nsidde p\u00e5 nettet og unders\u00f8ge l\u00e5nemuligheder hos forskellige\nl\u00e5neudbydere.<\/p>\n\n\n\n<h2 class=\"wp-block-heading\">Tips til at finde det bedste\nog billigste feriel\u00e5n<\/h2>\n\n\n\n<p>F\u00f8rst\nog fremmest kan det anbefales at v\u00e6lge Top5Credits, for her f\u00e5r du\ntilsendt attraktive l\u00e5netilbud, og du slipper for selv at skulle\nunders\u00f8ge hele markedet for at finde det bedste l\u00e5n. I stedet kan\ndu v\u00e6lge mellem 5 gode og billige l\u00e5n. Du kan v\u00e6lge det l\u00e5n, som\npasser bedst til din \u00f8konomi, og som samtidig giver dig mulighed for\nat opfylde dine feriedr\u00f8mme. Et andet tip er, at du b\u00f8r v\u00e6lge det\nl\u00e5n, som har den laveste rente og de f\u00e6rreste omkostninger. \u00c5OP\nbetyder \u00e5rlige omkostninger i procent, og for dig handler det om at\nfinde det l\u00e5n, som er allerbilligst. Ingen har jo lyst til at betale\nmere end h\u00f8jst n\u00f8dvendigt for et l\u00e5n. Et tredje tip er at kigge p\u00e5\nl\u00f8betiden for at se hvor mange m\u00e5neder, du beh\u00f8ver til at afdrage\np\u00e5 l\u00e5net. Jo hurtigere, du kan afdrage, jo f\u00e6rre renter skal du\nbetale, og jo billigere er det, men hvis du har brug for en l\u00e6ngere\nl\u00f8betid og dermed en lavere ydelse, s\u00e5 er der bestemt mulighed for\ndet.<\/p>\n\n\n\n<h2 class=\"wp-block-heading\">Fordele ved at finansiere\nrejser med feriel\u00e5n?<\/h2>\n\n\n\n<p>Men\nhvorfor overhovedet finansiere rejser med feriel\u00e5n? t\u00e6nker du\nm\u00e5ske. Svaret er, at det ikke er alle, som n\u00e5r at spare penge op\ntil ferie, m\u00e5ske fordi de har et stramt hverdagsbudget. Med et\nferiel\u00e5n bliver det muligt at f\u00e5 flere penge mellem h\u00e6nderne, s\u00e5\nfamilien kan holde en hyggelig ferie sammen. Det kan ogs\u00e5 v\u00e6re, at\ndu \u00f8nsker at tage p\u00e5 en st\u00f8rre dr\u00f8mmerejse, som er dyr, og hvor\ndu kun har mulighed for at n\u00e5 at spare en del af bel\u00f8bet op og s\u00e5\nl\u00e5ne resten. Fordelen ved et feriel\u00e5n er, at du f\u00e5r pengene\nudbetalt nu og her, og s\u00e5 kan du afdrage bel\u00f8bet over mange\nm\u00e5neder. L\u00f8betiden kan variere, og du kan sidde for en m\u00e5nedlig\nydelse, som passer ind i dit budget.<\/p>\n\n\n\n<h2 class=\"wp-block-heading\">Hvem udbyder feriel\u00e5n<\/h2>\n\n\n\n<p>Der\nfindes mange forskellige l\u00e5neudbydere p\u00e5 markedet, og Top5Credits\nhar fundet og anmeldt mere end 40 l\u00e5neudbydere af feriel\u00e5n i\nDanmark, herunder ikano bank feriel\u00e5n. Du kan f\u00f8le dig tryg og\nsikker ved at optage et l\u00e5n fra en af de l\u00e5neubydere, som\nTop5Credits har fundet. Det er ogs\u00e5 nemt at ans\u00f8ge om et l\u00e5n\nonline hjemmefra. Det kan nemt tilpasses ind i hverdagen, hvor du\nm\u00e5ske ikke har tid til at m\u00f8de op personligt i banken eller hos en\nanden l\u00e5neudbyder. Hos Top5Credits formidler vi kontakten mellem\nl\u00e5ntagere og l\u00e5neudbydere og giver dig de mest attraktive tilbud p\u00e5\nnetop den type l\u00e5n, som du har brug for. Vi blander os ikke i,\nhvilken l\u00e5neubyder du v\u00e6lger, og du kan frit bruge pengene p\u00e5 din\nferie, som du vil, og f\u00e5 fantastiske og mindev\u00e6rdige oplevelser for\nlivet. Du kan kontakte os allerede i dag eller udfylde l\u00e5neformularen\np\u00e5 hjemmetiden Top5Credits.com, og s\u00e5 vil vi straks g\u00e5 i gang med\nat finde de bedste og billigste l\u00e5netilbud til dig. Imens kan du\nbruge tiden p\u00e5 at planl\u00e6gge den sk\u00f8nne rejse, du gerne vil p\u00e5.<\/p>\n<\/div><\/div>\n","protected":false},"excerpt":{"rendered":"<p>Feriel\u00e5n &#8211; L\u00e5n penge til ferie og rejse L\u00e5n penge til ferie alt efter dine behov og afdrag herefter p\u00e5 l\u00e5net i dit eget tempo.<\/p>\n<p class=\"more-link\">L\u00e6s mere <span class=\"screen-reader-text\">Feriel\u00e5n<\/span><\/p>\n","protected":false},"author":2,"featured_media":955,"parent":0,"menu_order":0,"comment_status":"closed","ping_status":"closed","template":"page-results.php","meta":{"footnotes":""},"class_list":["post-1020","page","type-page","status-publish","has-post-thumbnail","hentry","entry"],"yoast_head":"<!-- This site is optimized with the Yoast SEO plugin v27.3 - https:\/\/yoast.com\/product\/yoast-seo-wordpress\/ -->\n<title>Feriel\u00e5n - L\u00e5n til ferie og rejse - Top5Credits<\/title>\n<meta name=\"description\" content=\"Har du brug for et l\u00e5n til dr\u00f8mmerejsen eller en hyggelig lille ferie? F\u00e5 r\u00e5d til dejlig rejse og lad Top5Credits finde de bedste l\u00e5netilbud.\" \/>\n<meta name=\"robots\" content=\"index, follow, max-snippet:-1, max-image-preview:large, max-video-preview:-1\" \/>\n<link rel=\"canonical\" href=\"https:\/\/www.top5credits.com\/dk\/ferielaan\/\" \/>\n<meta property=\"og:locale\" content=\"da_DK\" \/>\n<meta property=\"og:type\" content=\"article\" \/>\n<meta property=\"og:title\" content=\"Feriel\u00e5n - L\u00e5n til ferie og rejse - Top5Credits\" \/>\n<meta property=\"og:description\" content=\"Har du brug for et l\u00e5n til dr\u00f8mmerejsen eller en hyggelig lille ferie? F\u00e5 r\u00e5d til dejlig rejse og lad Top5Credits finde de bedste l\u00e5netilbud.\" \/>\n<meta property=\"og:url\" content=\"https:\/\/www.top5credits.com\/dk\/ferielaan\/\" \/>\n<meta property=\"og:site_name\" content=\"Top5Credits.com Danmark\" \/>\n<meta property=\"article:publisher\" content=\"https:\/\/www.facebook.com\/Top5Credits-Danmark-672253646571131\" \/>\n<meta property=\"article:modified_time\" content=\"2022-03-22T11:35:08+00:00\" \/>\n<meta property=\"og:image\" content=\"https:\/\/cdn.top5credits.com\/dk\/wp-content\/uploads\/sites\/5\/2020\/04\/top5credits-com.jpg?cdn=1.1.3\" \/>\n\t<meta property=\"og:image:width\" content=\"2000\" \/>\n\t<meta property=\"og:image:height\" content=\"1000\" \/>\n\t<meta property=\"og:image:type\" content=\"image\/jpeg\" \/>\n<meta name=\"twitter:card\" content=\"summary_large_image\" \/>\n<meta name=\"twitter:label1\" content=\"Estimeret l\u00e6setid\" \/>\n\t<meta name=\"twitter:data1\" content=\"5 minutter\" \/>\n<script type=\"application\/ld+json\" class=\"yoast-schema-graph\">{\"@context\":\"https:\\\/\\\/schema.org\",\"@graph\":[{\"@type\":\"WebPage\",\"@id\":\"https:\\\/\\\/www.top5credits.com\\\/dk\\\/ferielaan\\\/\",\"url\":\"https:\\\/\\\/www.top5credits.com\\\/dk\\\/ferielaan\\\/\",\"name\":\"Feriel\u00e5n - L\u00e5n til ferie og rejse - Top5Credits\",\"isPartOf\":{\"@id\":\"https:\\\/\\\/www.top5credits.com\\\/dk\\\/#website\"},\"primaryImageOfPage\":{\"@id\":\"https:\\\/\\\/www.top5credits.com\\\/dk\\\/ferielaan\\\/#primaryimage\"},\"image\":{\"@id\":\"https:\\\/\\\/www.top5credits.com\\\/dk\\\/ferielaan\\\/#primaryimage\"},\"thumbnailUrl\":\"https:\\\/\\\/www.top5credits.com\\\/dk\\\/wp-content\\\/uploads\\\/sites\\\/5\\\/2020\\\/04\\\/top5credits-com.jpg\",\"datePublished\":\"2020-04-17T11:55:50+00:00\",\"dateModified\":\"2022-03-22T11:35:08+00:00\",\"description\":\"Har du brug for et l\u00e5n til dr\u00f8mmerejsen eller en hyggelig lille ferie? F\u00e5 r\u00e5d til dejlig rejse og lad Top5Credits finde de bedste l\u00e5netilbud.\",\"breadcrumb\":{\"@id\":\"https:\\\/\\\/www.top5credits.com\\\/dk\\\/ferielaan\\\/#breadcrumb\"},\"inLanguage\":\"da-DK\",\"potentialAction\":[{\"@type\":\"ReadAction\",\"target\":[\"https:\\\/\\\/www.top5credits.com\\\/dk\\\/ferielaan\\\/\"]}]},{\"@type\":\"ImageObject\",\"inLanguage\":\"da-DK\",\"@id\":\"https:\\\/\\\/www.top5credits.com\\\/dk\\\/ferielaan\\\/#primaryimage\",\"url\":\"https:\\\/\\\/www.top5credits.com\\\/dk\\\/wp-content\\\/uploads\\\/sites\\\/5\\\/2020\\\/04\\\/top5credits-com.jpg\",\"contentUrl\":\"https:\\\/\\\/www.top5credits.com\\\/dk\\\/wp-content\\\/uploads\\\/sites\\\/5\\\/2020\\\/04\\\/top5credits-com.jpg\",\"width\":2000,\"height\":1000,\"caption\":\"Top5Credits\"},{\"@type\":\"BreadcrumbList\",\"@id\":\"https:\\\/\\\/www.top5credits.com\\\/dk\\\/ferielaan\\\/#breadcrumb\",\"itemListElement\":[{\"@type\":\"ListItem\",\"position\":1,\"name\":\"Top5Credits.com\",\"item\":\"https:\\\/\\\/www.top5credits.com\\\/dk\\\/\"},{\"@type\":\"ListItem\",\"position\":2,\"name\":\"Feriel\u00e5n\"}]},{\"@type\":\"WebSite\",\"@id\":\"https:\\\/\\\/www.top5credits.com\\\/dk\\\/#website\",\"url\":\"https:\\\/\\\/www.top5credits.com\\\/dk\\\/\",\"name\":\"Top5Credits.com Danmark\",\"description\":\"\u00a0Sammenlign og find de bedste l\u00e5n\",\"publisher\":{\"@id\":\"https:\\\/\\\/www.top5credits.com\\\/dk\\\/#organization\"},\"potentialAction\":[{\"@type\":\"SearchAction\",\"target\":{\"@type\":\"EntryPoint\",\"urlTemplate\":\"https:\\\/\\\/www.top5credits.com\\\/dk\\\/?s={search_term_string}\"},\"query-input\":{\"@type\":\"PropertyValueSpecification\",\"valueRequired\":true,\"valueName\":\"search_term_string\"}}],\"inLanguage\":\"da-DK\"},{\"@type\":\"Organization\",\"@id\":\"https:\\\/\\\/www.top5credits.com\\\/dk\\\/#organization\",\"name\":\"Top5Credits.com\",\"url\":\"https:\\\/\\\/www.top5credits.com\\\/dk\\\/\",\"logo\":{\"@type\":\"ImageObject\",\"inLanguage\":\"da-DK\",\"@id\":\"https:\\\/\\\/www.top5credits.com\\\/dk\\\/#\\\/schema\\\/logo\\\/image\\\/\",\"url\":\"https:\\\/\\\/cdn.top5credits.com\\\/dk\\\/wp-content\\\/uploads\\\/sites\\\/5\\\/2023\\\/10\\\/t5c-favicon.png\",\"contentUrl\":\"https:\\\/\\\/cdn.top5credits.com\\\/dk\\\/wp-content\\\/uploads\\\/sites\\\/5\\\/2023\\\/10\\\/t5c-favicon.png\",\"width\":512,\"height\":512,\"caption\":\"Top5Credits.com\"},\"image\":{\"@id\":\"https:\\\/\\\/www.top5credits.com\\\/dk\\\/#\\\/schema\\\/logo\\\/image\\\/\"},\"sameAs\":[\"https:\\\/\\\/www.facebook.com\\\/Top5Credits-Danmark-672253646571131\"]}]}<\/script>\n<!-- \/ Yoast SEO plugin. -->","yoast_head_json":{"title":"Feriel\u00e5n - L\u00e5n til ferie og rejse - Top5Credits","description":"Har du brug for et l\u00e5n til dr\u00f8mmerejsen eller en hyggelig lille ferie? F\u00e5 r\u00e5d til dejlig rejse og lad Top5Credits finde de bedste l\u00e5netilbud.","robots":{"index":"index","follow":"follow","max-snippet":"max-snippet:-1","max-image-preview":"max-image-preview:large","max-video-preview":"max-video-preview:-1"},"canonical":"https:\/\/www.top5credits.com\/dk\/ferielaan\/","og_locale":"da_DK","og_type":"article","og_title":"Feriel\u00e5n - L\u00e5n til ferie og rejse - Top5Credits","og_description":"Har du brug for et l\u00e5n til dr\u00f8mmerejsen eller en hyggelig lille ferie? F\u00e5 r\u00e5d til dejlig rejse og lad Top5Credits finde de bedste l\u00e5netilbud.","og_url":"https:\/\/www.top5credits.com\/dk\/ferielaan\/","og_site_name":"Top5Credits.com Danmark","article_publisher":"https:\/\/www.facebook.com\/Top5Credits-Danmark-672253646571131","article_modified_time":"2022-03-22T11:35:08+00:00","og_image":[{"width":2000,"height":1000,"url":"https:\/\/cdn.top5credits.com\/dk\/wp-content\/uploads\/sites\/5\/2020\/04\/top5credits-com.jpg?cdn=1.1.3","type":"image\/jpeg"}],"twitter_card":"summary_large_image","twitter_misc":{"Estimeret l\u00e6setid":"5 minutter"},"schema":{"@context":"https:\/\/schema.org","@graph":[{"@type":"WebPage","@id":"https:\/\/www.top5credits.com\/dk\/ferielaan\/","url":"https:\/\/www.top5credits.com\/dk\/ferielaan\/","name":"Feriel\u00e5n - L\u00e5n til ferie og rejse - Top5Credits","isPartOf":{"@id":"https:\/\/www.top5credits.com\/dk\/#website"},"primaryImageOfPage":{"@id":"https:\/\/www.top5credits.com\/dk\/ferielaan\/#primaryimage"},"image":{"@id":"https:\/\/www.top5credits.com\/dk\/ferielaan\/#primaryimage"},"thumbnailUrl":"https:\/\/cdn.top5credits.com\/dk\/wp-content\/uploads\/sites\/5\/2020\/04\/top5credits-com.jpg?cdn=1.1.3","datePublished":"2020-04-17T11:55:50+00:00","dateModified":"2022-03-22T11:35:08+00:00","description":"Har du brug for et l\u00e5n til dr\u00f8mmerejsen eller en hyggelig lille ferie? F\u00e5 r\u00e5d til dejlig rejse og lad Top5Credits finde de bedste l\u00e5netilbud.","breadcrumb":{"@id":"https:\/\/www.top5credits.com\/dk\/ferielaan\/#breadcrumb"},"inLanguage":"da-DK","potentialAction":[{"@type":"ReadAction","target":["https:\/\/www.top5credits.com\/dk\/ferielaan\/"]}]},{"@type":"ImageObject","inLanguage":"da-DK","@id":"https:\/\/www.top5credits.com\/dk\/ferielaan\/#primaryimage","url":"https:\/\/cdn.top5credits.com\/dk\/wp-content\/uploads\/sites\/5\/2020\/04\/top5credits-com.jpg?cdn=1.1.3","contentUrl":"https:\/\/cdn.top5credits.com\/dk\/wp-content\/uploads\/sites\/5\/2020\/04\/top5credits-com.jpg?cdn=1.1.3","width":2000,"height":1000,"caption":"Top5Credits"},{"@type":"BreadcrumbList","@id":"https:\/\/www.top5credits.com\/dk\/ferielaan\/#breadcrumb","itemListElement":[{"@type":"ListItem","position":1,"name":"Top5Credits.com","item":"https:\/\/www.top5credits.com\/dk\/"},{"@type":"ListItem","position":2,"name":"Feriel\u00e5n"}]},{"@type":"WebSite","@id":"https:\/\/www.top5credits.com\/dk\/#website","url":"https:\/\/www.top5credits.com\/dk\/","name":"Top5Credits.com Danmark","description":"\u00a0Sammenlign og find de bedste l\u00e5n","publisher":{"@id":"https:\/\/www.top5credits.com\/dk\/#organization"},"potentialAction":[{"@type":"SearchAction","target":{"@type":"EntryPoint","urlTemplate":"https:\/\/www.top5credits.com\/dk\/?s={search_term_string}"},"query-input":{"@type":"PropertyValueSpecification","valueRequired":true,"valueName":"search_term_string"}}],"inLanguage":"da-DK"},{"@type":"Organization","@id":"https:\/\/www.top5credits.com\/dk\/#organization","name":"Top5Credits.com","url":"https:\/\/www.top5credits.com\/dk\/","logo":{"@type":"ImageObject","inLanguage":"da-DK","@id":"https:\/\/www.top5credits.com\/dk\/#\/schema\/logo\/image\/","url":"https:\/\/cdn.top5credits.com\/dk\/wp-content\/uploads\/sites\/5\/2023\/10\/t5c-favicon.png","contentUrl":"https:\/\/cdn.top5credits.com\/dk\/wp-content\/uploads\/sites\/5\/2023\/10\/t5c-favicon.png","width":512,"height":512,"caption":"Top5Credits.com"},"image":{"@id":"https:\/\/www.top5credits.com\/dk\/#\/schema\/logo\/image\/"},"sameAs":["https:\/\/www.facebook.com\/Top5Credits-Danmark-672253646571131"]}]}},"_links":{"self":[{"href":"https:\/\/www.top5credits.com\/dk\/wp-json\/wp\/v2\/pages\/1020","targetHints":{"allow":["GET"]}}],"collection":[{"href":"https:\/\/www.top5credits.com\/dk\/wp-json\/wp\/v2\/pages"}],"about":[{"href":"https:\/\/www.top5credits.com\/dk\/wp-json\/wp\/v2\/types\/page"}],"author":[{"embeddable":true,"href":"https:\/\/www.top5credits.com\/dk\/wp-json\/wp\/v2\/users\/2"}],"replies":[{"embeddable":true,"href":"https:\/\/www.top5credits.com\/dk\/wp-json\/wp\/v2\/comments?post=1020"}],"version-history":[{"count":0,"href":"https:\/\/www.top5credits.com\/dk\/wp-json\/wp\/v2\/pages\/1020\/revisions"}],"wp:featuredmedia":[{"embeddable":true,"href":"https:\/\/www.top5credits.com\/dk\/wp-json\/wp\/v2\/media\/955"}],"wp:attachment":[{"href":"https:\/\/www.top5credits.com\/dk\/wp-json\/wp\/v2\/media?parent=1020"}],"curies":[{"name":"wp","href":"https:\/\/api.w.org\/{rel}","templated":true}]}}