{"id":2104,"date":"2021-06-14T10:59:43","date_gmt":"2021-06-14T10:59:43","guid":{"rendered":"https:\/\/www.top5credits.com\/dk\/?page_id=2104"},"modified":"2024-09-24T11:33:13","modified_gmt":"2024-09-24T11:33:13","slug":"privatlaan","status":"publish","type":"page","link":"https:\/\/www.top5credits.com\/dk\/privatlaan\/","title":{"rendered":"Privatl\u00e5n"},"content":{"rendered":"\n<div class=\"wp-block-group first-section\"><div class=\"wp-block-group__inner-container is-layout-flow wp-block-group-is-layout-flow\">\n<h1 class=\"wp-block-heading has-text-align-center compare-title\">Bedste Privatl\u00e5n i april 2026<\/h1>\n\n\n\n<p class=\"compare-title\">Vi sammenligner privatl\u00e5n fra seri\u00f8se banker og l\u00e5ngivere i Danmark. Se billigste alternativer i 2023 og ans\u00f8g i dag.<\/p>\n\n\n\n\n<\/div><\/div>\n\n\n\n\n\n\n<div class=\"top-results palkkio\">\n<span class=\"huomiomerkki\">!<\/span> Kommissionen, vi f\u00e5r, har indflydelse p\u00e5 rangeringen &#8211; l\u00e6s mere <span class=\"plus-trigger\">+<\/span>\n<p>Top5Credits.com er en 100% gratis hjemmeside med det form\u00e5l at give nyttige og v\u00e6rdifulde oplysninger til vores brugere. Vi sammenligner l\u00e5n og vurderer dem trov\u00e6rdigt. For at vores hjemmeside kan v\u00e6re gratis for vores brugere, f\u00e5r vi kompensation fra vores samarbejdende banker og l\u00e5ngivere for de brugere vi henviser til dem. Kommisionen har indflydelse p\u00e5 placeringen af de forskellige udbydere.<\/p>\n<\/div>\n\n\n\n<div class=\"wp-block-group full-white\"><div class=\"wp-block-group__inner-container is-layout-flow wp-block-group-is-layout-flow\">\n<h2 class=\"wp-block-heading\">Hvad er et privatl\u00e5n?<\/h2>\n\n\n\n<p>L\u00e5nemarkedet er som n\u00e6vnt ekstremt stort, og for rigtig mange ogs\u00e5 ret uoverskueligt. S\u00e5 lad os starte med lige at f\u00e5 defineret hvad et privatl\u00e5n egentlig er. Et privatl\u00e5n er et l\u00e5n man som privatperson optager, prim\u00e6rt med henblik p\u00e5 forbrug. Disse l\u00e5n kan optages hos almindelige banker, s\u00e5vel som hos s\u00e6rlige l\u00e5neudbydere. Det mest normale er at privatl\u00e5nene optages hos sidstn\u00e6vnte.<\/p>\n\n\n\n<p>Der findes andre former for l\u00e5n man som privatperson kan optage. Her kan blandt andet n\u00e6vnes boligl\u00e5n, s\u00e5vel som <a href=\"https:\/\/www.top5credits.com\/dk\/billaan\/\">l\u00e5n til bil<\/a> og lignende.<\/p>\n\n\n\n<h2 class=\"wp-block-heading\">S\u00e5dan finder du et billigt privatl\u00e5n med lav rente<\/h2>\n\n\n\n<p>Glimrende, s\u00e5 har vi f\u00e5et defineret hvad et privatl\u00e5n egentlig er for en st\u00f8rrelse. Men hvordan optager du s\u00e5 egentlig et billigt et af slagsen? Det er et rigtig godt sp\u00f8rgsm\u00e5l, og svaret er langt hen ad vejen, at man g\u00f8r det ved at sammenligne l\u00e5n. Det er n\u00f8jagtigt hvad vi hj\u00e6lper dig med her p\u00e5 Top5Credits.com. P\u00e5 siden her har vi samlet en omfattende liste over billige privatl\u00e5n, samt ikke mindst privatl\u00e5n med lav rente.<\/p>\n\n\n\n<p>Det du blandt andet skal l\u00e6gge m\u00e6rke til, i forbindelse med at du sammenligner l\u00e5nene, er deres respektive renter, \u00c5OP samt vilk\u00e5r for tilbagebetaling. Lad os lige se n\u00e6rmere p\u00e5 disse vigtige parametre.<\/p>\n\n\n\n<ul class=\"wp-block-list\">\n<li>L\u00e5nets rente: Et rigtig vigtigt parameter n\u00e5r du leder efter det billigste privatl\u00e5n, er dets rente. Her skal du naturligvis g\u00e5 efter l\u00e5n med de lavest mulige renter. Du kan forvente at se l\u00e5n der starter p\u00e5 5-10% i rente, s\u00e5vel som l\u00e5n der ligger p\u00e5 20-50% eller h\u00f8jere. Det er derfor som n\u00e6vnt ekstremt vigtigt, at du holder rigtig godt \u00f8je med dette n\u00f8gletal. Renten er et udtryk for hvor meget du skal betale tilbage af l\u00e5nets hovedstol pr. \u00e5r. L\u00e5ner du f.eks. 100.000 kroner, og er renten p\u00e5 15%, s\u00e5 skal du betale 15.000 kroner i renter hvert \u00e5r.<\/li>\n\n\n\n<li>L\u00e5nets \u00c5OP: Som du kan se er l\u00e5nets rente et ekstremt vigtigt n\u00f8gletal at holde \u00f8je med. Der findes dog et m\u00e5ske endnu vigtigere n\u00f8gletal, og det er l\u00e5nets &#8220;\u00c5OP&#8221;. Det st\u00e5r for l\u00e5nets \u00e5rlige omkostninger i procent. N\u00f8gletallet er virkelig godt, eftersom det udtrykker de samlede \u00e5rlige omkostninger i procent. Som s\u00e5dan er det ikke blot renten dette n\u00f8gletal indeholder, men ogs\u00e5 alle andre eventuelle gebyrer og omkostninger som l\u00e5net m\u00e5tte indeholde. Ligesom tilf\u00e6ldet var det med renten, s\u00e5 er det naturligvis vigtigt, at du finder et l\u00e5n med en s\u00e5 lav \u00c5OP som muligt. Billige privatl\u00e5n er defineret ved en \u00c5OP p\u00e5 helt ned til omkring 5-10%, men du skal lede godt efter disse, og m\u00e5 som udgangspunkt typisk forvente nogle h\u00f8jere tal.<\/li>\n\n\n\n<li>L\u00e5nets vilk\u00e5r for tilbagebetaling: En sidste ting der er ekstremt vigtigt at se p\u00e5 n\u00e5r man afs\u00f8ger markedet for de billigste privatl\u00e5n, er deres respektive vilk\u00e5r for tilbagebetaling. En hel del l\u00e5n har nemlig maskerede ekstra udgifter, eftersom de ofte har gebyrer beh\u00e6ftet med ekstra indbetalinger, samt i forbindelse med tidlig indfrielse. Det betyder alts\u00e5 at du ofte risikerer at skulle betale gebyrer for at skyde lidt ekstra ind p\u00e5 l\u00e5net. Det skal du for alt i verden undg\u00e5, for det er regul\u00e6re dummeb\u00f8der. En del l\u00e5n opkr\u00e6ves ogs\u00e5 med overraskende h\u00f8je betalingsgebyrer. Det vil sige, at du nogle gange bliver tvunget til at betale penge for blot at betale din m\u00e5nedlige regning fra l\u00e5neudbyderen. Det er direkte grotesk, og du b\u00f8r derfor altid unders\u00f8ge og <a href=\"https:\/\/www.top5credits.com\/dk\/laansammenligning\/\">sammenligne dine l\u00e5n<\/a> inden du optager dem.<\/li>\n<\/ul>\n\n\n\n<p>Du skal naturligvis g\u00e5 efter at optage et privatl\u00e5n med lav rente, og samtidig et som ikke opkr\u00e6ver alverdens former for gebyrer og strafrenter. Husk derfor altid at l\u00e6se alle vilk\u00e5r og betingelser, samt det som st\u00e5r med sm\u00e5t.<\/p>\n\n\n\n<h2 class=\"wp-block-heading\">Optag et privatl\u00e5n uden sikkerhed<\/h2>\n\n\n\n<p>N\u00e5r du optager et realkreditl\u00e5n eller boligl\u00e5n i banken, s\u00e5 skal du stille sikkerhed i din bolig. Ligeledes skal du typisk stille sikkerhed n\u00e5r du optager et bill\u00e5n. N\u00e5r vi taler privatl\u00e5n forholder det sig dog til tider anderledes. Der findes nemlig muligheder for at optage privatl\u00e5n uden sikkerhed. Det er netop disse former for l\u00e5n som vi oplister her hos Top5Credits.com. Vi tilbyder dig derfor en komplet liste over de bedste l\u00e5n p\u00e5 det danske marked som ikke kr\u00e6ver sikkerhed.<\/p>\n\n\n\n<p>Dermed ikke sagt dog, at du altid uden videre f\u00e5r lov at optage de l\u00e5n du \u00f8nsker. L\u00e5neudbyderne foretager nemlig stadig et kredittjek af din \u00f8konomi. Naturligvis da, og det er ogs\u00e5 fornuftigt nok. Du skal derfor indstille dig p\u00e5, at du skal have en privat\u00f8konomi som i udgangspunktet er sund, s\u00e5fremt du skal kunne optage et l\u00e5n hos en dansk l\u00e5neudbyder. Alt dette hj\u00e6lper vi dig videre med her p\u00e5 siden.<\/p>\n\n\n\n<h2 class=\"wp-block-heading\">Optag et privatl\u00e5n i banken via vores smarte l\u00e5nesammenligner<\/h2>\n\n\n\n<p>Hos Top5Credits.com sammenligner vi l\u00e5n fra et v\u00e6ld af forskellige banker og l\u00e5neudbydere, blandt andet F\u00f8niks privatl\u00e5n, Santander og Nordea. Vores smarte l\u00e5nesammenligner g\u00f8r det let for dig at finde billige privatl\u00e5n, og samtidig finde l\u00e5n som ikke indeholder alt for mange un\u00f8dige gebyrer og strafrenter.<\/p>\n\n\n\n<p>Vores l\u00e5nesammenligner giver dig et effektivt overblik over renter, \u00c5OP og vilk\u00e5r for tilbagebetaling. Ud over dette tilbyder vi dig ogs\u00e5 en liste med fordele og ulemper for hvert l\u00e5n, og du kan endvidere l\u00e6se andre brugeres erfaringer med de enkelte l\u00e5n og l\u00e5neudbydere.<\/p>\n\n\n\n<p>Samlet set kan du derfor med sindsro altid bes\u00f8ge Top5Credits.com n\u00e5r det er tid til at du optager et l\u00e5n. Vi h\u00e5ber du f\u00e5r gl\u00e6de af vores l\u00e5nesammenligner, og vi ser frem til at byde dig velkommen p\u00e5 siden igen.<\/p>\n\n\n\n<h2 class=\"wp-block-heading\">Sammenlign dit kommende privatl\u00e5n her og spar penge<\/h2>\n\n\n\n<p>Det danske marked for privatl\u00e5n er stort og uoverskueligt. Heldigvis kan du dog f\u00e5 et godt overblik her. Benyt blot vores l\u00e5nesammenligner.<\/p>\n<\/div><\/div>\n","protected":false},"excerpt":{"rendered":"<p>Bedste Privatl\u00e5n i Vi sammenligner privatl\u00e5n fra seri\u00f8se banker og l\u00e5ngivere i Danmark. Se billigste alternativer i 2023 og ans\u00f8g i dag. ! Kommissionen, vi<\/p>\n<p class=\"more-link\">L\u00e6s mere <span class=\"screen-reader-text\">Privatl\u00e5n<\/span><\/p>\n","protected":false},"author":17,"featured_media":52,"parent":0,"menu_order":0,"comment_status":"closed","ping_status":"closed","template":"page-results.php","meta":{"footnotes":""},"class_list":["post-2104","page","type-page","status-publish","has-post-thumbnail","hentry","entry"],"yoast_head":"<!-- This site is optimized with the Yoast SEO plugin v27.3 - https:\/\/yoast.com\/product\/yoast-seo-wordpress\/ -->\n<title>Privatl\u00e5n - Sammenlign og find billige privatl\u00e5n - Top5Credits<\/title>\n<meta name=\"description\" content=\"P\u00e5 siden her har vi samlet en omfattende liste over billige privatl\u00e5n, samt ikke mindst privatl\u00e5n med lav rente. Sammenlign och find det bedste l\u00e5n her!\" \/>\n<meta name=\"robots\" content=\"index, follow, max-snippet:-1, max-image-preview:large, max-video-preview:-1\" \/>\n<link rel=\"canonical\" href=\"https:\/\/www.top5credits.com\/dk\/privatlaan\/\" \/>\n<meta property=\"og:locale\" content=\"da_DK\" \/>\n<meta property=\"og:type\" content=\"article\" \/>\n<meta property=\"og:title\" content=\"Privatl\u00e5n - Sammenlign og find billige privatl\u00e5n - Top5Credits\" \/>\n<meta property=\"og:description\" content=\"P\u00e5 siden her har vi samlet en omfattende liste over billige privatl\u00e5n, samt ikke mindst privatl\u00e5n med lav rente. Sammenlign och find det bedste l\u00e5n her!\" \/>\n<meta property=\"og:url\" content=\"https:\/\/www.top5credits.com\/dk\/privatlaan\/\" \/>\n<meta property=\"og:site_name\" content=\"Top5Credits.com Danmark\" \/>\n<meta property=\"article:publisher\" content=\"https:\/\/www.facebook.com\/Top5Credits-Danmark-672253646571131\" \/>\n<meta property=\"article:modified_time\" content=\"2024-09-24T11:33:13+00:00\" \/>\n<meta property=\"og:image\" content=\"https:\/\/cdn.top5credits.com\/dk\/wp-content\/uploads\/sites\/5\/2019\/06\/varjoreuna.png?cdn=1.1.3\" \/>\n\t<meta property=\"og:image:width\" content=\"2000\" \/>\n\t<meta property=\"og:image:height\" content=\"756\" \/>\n\t<meta property=\"og:image:type\" content=\"image\/png\" \/>\n<meta name=\"twitter:card\" content=\"summary_large_image\" \/>\n<meta name=\"twitter:label1\" content=\"Estimeret l\u00e6setid\" \/>\n\t<meta name=\"twitter:data1\" content=\"6 minutter\" \/>\n<script type=\"application\/ld+json\" class=\"yoast-schema-graph\">{\"@context\":\"https:\\\/\\\/schema.org\",\"@graph\":[{\"@type\":\"WebPage\",\"@id\":\"https:\\\/\\\/www.top5credits.com\\\/dk\\\/privatlaan\\\/\",\"url\":\"https:\\\/\\\/www.top5credits.com\\\/dk\\\/privatlaan\\\/\",\"name\":\"Privatl\u00e5n - Sammenlign og find billige privatl\u00e5n - Top5Credits\",\"isPartOf\":{\"@id\":\"https:\\\/\\\/www.top5credits.com\\\/dk\\\/#website\"},\"primaryImageOfPage\":{\"@id\":\"https:\\\/\\\/www.top5credits.com\\\/dk\\\/privatlaan\\\/#primaryimage\"},\"image\":{\"@id\":\"https:\\\/\\\/www.top5credits.com\\\/dk\\\/privatlaan\\\/#primaryimage\"},\"thumbnailUrl\":\"https:\\\/\\\/www.top5credits.com\\\/dk\\\/wp-content\\\/uploads\\\/sites\\\/5\\\/2019\\\/06\\\/varjoreuna.png\",\"datePublished\":\"2021-06-14T10:59:43+00:00\",\"dateModified\":\"2024-09-24T11:33:13+00:00\",\"description\":\"P\u00e5 siden her har vi samlet en omfattende liste over billige privatl\u00e5n, samt ikke mindst privatl\u00e5n med lav rente. Sammenlign och find det bedste l\u00e5n her!\",\"breadcrumb\":{\"@id\":\"https:\\\/\\\/www.top5credits.com\\\/dk\\\/privatlaan\\\/#breadcrumb\"},\"inLanguage\":\"da-DK\",\"potentialAction\":[{\"@type\":\"ReadAction\",\"target\":[\"https:\\\/\\\/www.top5credits.com\\\/dk\\\/privatlaan\\\/\"]}]},{\"@type\":\"ImageObject\",\"inLanguage\":\"da-DK\",\"@id\":\"https:\\\/\\\/www.top5credits.com\\\/dk\\\/privatlaan\\\/#primaryimage\",\"url\":\"https:\\\/\\\/www.top5credits.com\\\/dk\\\/wp-content\\\/uploads\\\/sites\\\/5\\\/2019\\\/06\\\/varjoreuna.png\",\"contentUrl\":\"https:\\\/\\\/www.top5credits.com\\\/dk\\\/wp-content\\\/uploads\\\/sites\\\/5\\\/2019\\\/06\\\/varjoreuna.png\",\"width\":2000,\"height\":756,\"caption\":\"top5credits l\u00e5n background\"},{\"@type\":\"BreadcrumbList\",\"@id\":\"https:\\\/\\\/www.top5credits.com\\\/dk\\\/privatlaan\\\/#breadcrumb\",\"itemListElement\":[{\"@type\":\"ListItem\",\"position\":1,\"name\":\"Top5Credits.com\",\"item\":\"https:\\\/\\\/www.top5credits.com\\\/dk\\\/\"},{\"@type\":\"ListItem\",\"position\":2,\"name\":\"Privatl\u00e5n\"}]},{\"@type\":\"WebSite\",\"@id\":\"https:\\\/\\\/www.top5credits.com\\\/dk\\\/#website\",\"url\":\"https:\\\/\\\/www.top5credits.com\\\/dk\\\/\",\"name\":\"Top5Credits.com Danmark\",\"description\":\"\u00a0Sammenlign og find de bedste l\u00e5n\",\"publisher\":{\"@id\":\"https:\\\/\\\/www.top5credits.com\\\/dk\\\/#organization\"},\"potentialAction\":[{\"@type\":\"SearchAction\",\"target\":{\"@type\":\"EntryPoint\",\"urlTemplate\":\"https:\\\/\\\/www.top5credits.com\\\/dk\\\/?s={search_term_string}\"},\"query-input\":{\"@type\":\"PropertyValueSpecification\",\"valueRequired\":true,\"valueName\":\"search_term_string\"}}],\"inLanguage\":\"da-DK\"},{\"@type\":\"Organization\",\"@id\":\"https:\\\/\\\/www.top5credits.com\\\/dk\\\/#organization\",\"name\":\"Top5Credits.com\",\"url\":\"https:\\\/\\\/www.top5credits.com\\\/dk\\\/\",\"logo\":{\"@type\":\"ImageObject\",\"inLanguage\":\"da-DK\",\"@id\":\"https:\\\/\\\/www.top5credits.com\\\/dk\\\/#\\\/schema\\\/logo\\\/image\\\/\",\"url\":\"https:\\\/\\\/cdn.top5credits.com\\\/dk\\\/wp-content\\\/uploads\\\/sites\\\/5\\\/2023\\\/10\\\/t5c-favicon.png\",\"contentUrl\":\"https:\\\/\\\/cdn.top5credits.com\\\/dk\\\/wp-content\\\/uploads\\\/sites\\\/5\\\/2023\\\/10\\\/t5c-favicon.png\",\"width\":512,\"height\":512,\"caption\":\"Top5Credits.com\"},\"image\":{\"@id\":\"https:\\\/\\\/www.top5credits.com\\\/dk\\\/#\\\/schema\\\/logo\\\/image\\\/\"},\"sameAs\":[\"https:\\\/\\\/www.facebook.com\\\/Top5Credits-Danmark-672253646571131\"]}]}<\/script>\n<!-- \/ Yoast SEO plugin. -->","yoast_head_json":{"title":"Privatl\u00e5n - Sammenlign og find billige privatl\u00e5n - Top5Credits","description":"P\u00e5 siden her har vi samlet en omfattende liste over billige privatl\u00e5n, samt ikke mindst privatl\u00e5n med lav rente. Sammenlign och find det bedste l\u00e5n her!","robots":{"index":"index","follow":"follow","max-snippet":"max-snippet:-1","max-image-preview":"max-image-preview:large","max-video-preview":"max-video-preview:-1"},"canonical":"https:\/\/www.top5credits.com\/dk\/privatlaan\/","og_locale":"da_DK","og_type":"article","og_title":"Privatl\u00e5n - Sammenlign og find billige privatl\u00e5n - Top5Credits","og_description":"P\u00e5 siden her har vi samlet en omfattende liste over billige privatl\u00e5n, samt ikke mindst privatl\u00e5n med lav rente. Sammenlign och find det bedste l\u00e5n her!","og_url":"https:\/\/www.top5credits.com\/dk\/privatlaan\/","og_site_name":"Top5Credits.com Danmark","article_publisher":"https:\/\/www.facebook.com\/Top5Credits-Danmark-672253646571131","article_modified_time":"2024-09-24T11:33:13+00:00","og_image":[{"width":2000,"height":756,"url":"https:\/\/cdn.top5credits.com\/dk\/wp-content\/uploads\/sites\/5\/2019\/06\/varjoreuna.png?cdn=1.1.3","type":"image\/png"}],"twitter_card":"summary_large_image","twitter_misc":{"Estimeret l\u00e6setid":"6 minutter"},"schema":{"@context":"https:\/\/schema.org","@graph":[{"@type":"WebPage","@id":"https:\/\/www.top5credits.com\/dk\/privatlaan\/","url":"https:\/\/www.top5credits.com\/dk\/privatlaan\/","name":"Privatl\u00e5n - Sammenlign og find billige privatl\u00e5n - Top5Credits","isPartOf":{"@id":"https:\/\/www.top5credits.com\/dk\/#website"},"primaryImageOfPage":{"@id":"https:\/\/www.top5credits.com\/dk\/privatlaan\/#primaryimage"},"image":{"@id":"https:\/\/www.top5credits.com\/dk\/privatlaan\/#primaryimage"},"thumbnailUrl":"https:\/\/cdn.top5credits.com\/dk\/wp-content\/uploads\/sites\/5\/2019\/06\/varjoreuna.png?cdn=1.1.3","datePublished":"2021-06-14T10:59:43+00:00","dateModified":"2024-09-24T11:33:13+00:00","description":"P\u00e5 siden her har vi samlet en omfattende liste over billige privatl\u00e5n, samt ikke mindst privatl\u00e5n med lav rente. Sammenlign och find det bedste l\u00e5n her!","breadcrumb":{"@id":"https:\/\/www.top5credits.com\/dk\/privatlaan\/#breadcrumb"},"inLanguage":"da-DK","potentialAction":[{"@type":"ReadAction","target":["https:\/\/www.top5credits.com\/dk\/privatlaan\/"]}]},{"@type":"ImageObject","inLanguage":"da-DK","@id":"https:\/\/www.top5credits.com\/dk\/privatlaan\/#primaryimage","url":"https:\/\/cdn.top5credits.com\/dk\/wp-content\/uploads\/sites\/5\/2019\/06\/varjoreuna.png?cdn=1.1.3","contentUrl":"https:\/\/cdn.top5credits.com\/dk\/wp-content\/uploads\/sites\/5\/2019\/06\/varjoreuna.png?cdn=1.1.3","width":2000,"height":756,"caption":"top5credits l\u00e5n background"},{"@type":"BreadcrumbList","@id":"https:\/\/www.top5credits.com\/dk\/privatlaan\/#breadcrumb","itemListElement":[{"@type":"ListItem","position":1,"name":"Top5Credits.com","item":"https:\/\/www.top5credits.com\/dk\/"},{"@type":"ListItem","position":2,"name":"Privatl\u00e5n"}]},{"@type":"WebSite","@id":"https:\/\/www.top5credits.com\/dk\/#website","url":"https:\/\/www.top5credits.com\/dk\/","name":"Top5Credits.com Danmark","description":"\u00a0Sammenlign og find de bedste l\u00e5n","publisher":{"@id":"https:\/\/www.top5credits.com\/dk\/#organization"},"potentialAction":[{"@type":"SearchAction","target":{"@type":"EntryPoint","urlTemplate":"https:\/\/www.top5credits.com\/dk\/?s={search_term_string}"},"query-input":{"@type":"PropertyValueSpecification","valueRequired":true,"valueName":"search_term_string"}}],"inLanguage":"da-DK"},{"@type":"Organization","@id":"https:\/\/www.top5credits.com\/dk\/#organization","name":"Top5Credits.com","url":"https:\/\/www.top5credits.com\/dk\/","logo":{"@type":"ImageObject","inLanguage":"da-DK","@id":"https:\/\/www.top5credits.com\/dk\/#\/schema\/logo\/image\/","url":"https:\/\/cdn.top5credits.com\/dk\/wp-content\/uploads\/sites\/5\/2023\/10\/t5c-favicon.png","contentUrl":"https:\/\/cdn.top5credits.com\/dk\/wp-content\/uploads\/sites\/5\/2023\/10\/t5c-favicon.png","width":512,"height":512,"caption":"Top5Credits.com"},"image":{"@id":"https:\/\/www.top5credits.com\/dk\/#\/schema\/logo\/image\/"},"sameAs":["https:\/\/www.facebook.com\/Top5Credits-Danmark-672253646571131"]}]}},"_links":{"self":[{"href":"https:\/\/www.top5credits.com\/dk\/wp-json\/wp\/v2\/pages\/2104","targetHints":{"allow":["GET"]}}],"collection":[{"href":"https:\/\/www.top5credits.com\/dk\/wp-json\/wp\/v2\/pages"}],"about":[{"href":"https:\/\/www.top5credits.com\/dk\/wp-json\/wp\/v2\/types\/page"}],"author":[{"embeddable":true,"href":"https:\/\/www.top5credits.com\/dk\/wp-json\/wp\/v2\/users\/17"}],"replies":[{"embeddable":true,"href":"https:\/\/www.top5credits.com\/dk\/wp-json\/wp\/v2\/comments?post=2104"}],"version-history":[{"count":0,"href":"https:\/\/www.top5credits.com\/dk\/wp-json\/wp\/v2\/pages\/2104\/revisions"}],"wp:featuredmedia":[{"embeddable":true,"href":"https:\/\/www.top5credits.com\/dk\/wp-json\/wp\/v2\/media\/52"}],"wp:attachment":[{"href":"https:\/\/www.top5credits.com\/dk\/wp-json\/wp\/v2\/media?parent=2104"}],"curies":[{"name":"wp","href":"https:\/\/api.w.org\/{rel}","templated":true}]}}