{"id":28,"date":"2019-04-23T09:53:19","date_gmt":"2019-04-23T09:53:19","guid":{"rendered":"https:\/\/www.top5credits.com\/dk\/?page_id=28"},"modified":"2023-10-06T09:25:33","modified_gmt":"2023-10-06T09:25:33","slug":"om-os","status":"publish","type":"page","link":"https:\/\/www.top5credits.com\/dk\/om-os\/","title":{"rendered":"Om os"},"content":{"rendered":"\n<h1 class=\"wp-block-heading\">Om os<\/h1>\n\n\n\n<figure class=\"wp-block-image size-full\"><img loading=\"lazy\" decoding=\"async\" width=\"300\" height=\"100\" src=\"https:\/\/www.top5credits.com\/dk\/wp-content\/uploads\/sites\/5\/2023\/10\/top5credits-com-logo.png\" alt=\"top5credits\" class=\"wp-image-6257\"\/><\/figure>\n\n\n\n<p>Top5Credits.com er udviklet til at hj\u00e6lpe mennesker med at v\u00e6lge finansieringsprodukter ved hj\u00e6lp af data og \u00e6rlige anmeldelser. Vores teknologi matcher forbrugeren med de bedst egnede finansieringsprodukter baseret p\u00e5 forbrugerens profil og vores data.<\/p>\n\n\n\n<p>Top5Credits.com ejes og drives af den Finland-baserede marketingvirksomhed <a href=\"https:\/\/draivi.com\/\">Draivi<\/a>, som siden 2012 har hjulpet over 1 million forbrugere med at sammenligne banker og l\u00e5ngivere i Finland, Sverige, Norge, Danmark, Spanien og Tyskland. Vi bruger data-, analyse- og marketingteknologier effektivt i vores l\u00f8sninger.<\/p>\n\n\n\n<p>Vi deler gerne vores viden og data med journalister eller andre enheder, der er interesseret i forbrugerudl\u00e5nsmarkedet, med:<\/p>\n\n\n\n<ul class=\"wp-block-list\">\n<li>Indg\u00e5ende viden om forbrugerudl\u00e5n og l\u00e5neprodukter<\/li>\n\n\n\n<li>Anonymiserede data p\u00e5 typiske kundeprofiler for forskellige l\u00e5neprodukter<\/li>\n\n\n\n<li>Data om forskelle mellem de markeder, vi befinder os p\u00e5 (f.eks. Finland, Sverige, Norge, Danmark og Spanien)<\/li>\n\n\n\n<li>Data om s\u00e6sonudsving mellem forskellige m\u00e5neder eller s\u00e6soner<\/li>\n\n\n\n<li>Data og kommentarer til markedsudvikling p\u00e5 forbrugerl\u00e5n<\/li>\n<\/ul>\n\n\n\n<p>Interesseret i at samarbejde med os? G\u00e5 til <a href=\"https:\/\/www.top5credits.com\/partners\/\">partnersiden<\/a>, eller tag et kig p\u00e5 vores <a href=\"https:\/\/www.top5credits.com\/jobs\/\">ledige stillinger<\/a>.<\/p>\n\n\n\n<p><strong>Kontakt:<\/strong><\/p>\n\n\n\n<figure class=\"wp-block-image size-large is-resized\"><img loading=\"lazy\" decoding=\"async\" src=\"https:\/\/cdn.top5credits.com\/dk\/wp-content\/uploads\/sites\/5\/2021\/03\/oula-1.jpg?cdn=1.1.3\" alt=\"Draivimedia Co-founder\" class=\"wp-image-2087\" style=\"width:197px;height:295px\" width=\"197\" height=\"295\" srcset=\"https:\/\/cdn.top5credits.com\/dk\/wp-content\/uploads\/sites\/5\/2021\/03\/oula-1.jpg?cdn=1.1.3 262w, https:\/\/cdn.top5credits.com\/dk\/wp-content\/uploads\/sites\/5\/2021\/03\/oula-1-200x300.jpg?cdn=1.1.3 200w\" sizes=\"auto, (max-width: 197px) 100vw, 197px\" \/><figcaption class=\"wp-element-caption\"><em>Oula Lehtinen<\/em><br><em>Co-Founder<\/em><br><em>oula@draivimedia.fi<\/em><\/figcaption><\/figure>\n","protected":false},"excerpt":{"rendered":"<p>Om os Top5Credits.com er udviklet til at hj\u00e6lpe mennesker med at v\u00e6lge finansieringsprodukter ved hj\u00e6lp af data og \u00e6rlige anmeldelser. Vores teknologi matcher forbrugeren med<\/p>\n<p class=\"more-link\">L\u00e6s mere <span class=\"screen-reader-text\">Om os<\/span><\/p>\n","protected":false},"author":2,"featured_media":24,"parent":0,"menu_order":0,"comment_status":"closed","ping_status":"closed","template":"","meta":{"footnotes":""},"class_list":["post-28","page","type-page","status-publish","has-post-thumbnail","hentry","entry"],"yoast_head":"<!-- This site is optimized with the Yoast SEO plugin v27.3 - https:\/\/yoast.com\/product\/yoast-seo-wordpress\/ -->\n<title>Om os - Top5Credits.com<\/title>\n<meta name=\"description\" content=\"Top5Credits.com finder de 5 bedste l\u00e5n p\u00e5 markedet til dig. Se fordele og ulemper ved l\u00e5nene og find det bedste l\u00e5n for dig.\" \/>\n<meta name=\"robots\" content=\"index, follow, max-snippet:-1, max-image-preview:large, max-video-preview:-1\" \/>\n<link rel=\"canonical\" href=\"https:\/\/www.top5credits.com\/dk\/om-os\/\" \/>\n<meta property=\"og:locale\" content=\"da_DK\" \/>\n<meta property=\"og:type\" content=\"article\" \/>\n<meta property=\"og:title\" content=\"Om os - Top5Credits.com\" \/>\n<meta property=\"og:description\" content=\"Top5Credits.com finder de 5 bedste l\u00e5n p\u00e5 markedet til dig. Se fordele og ulemper ved l\u00e5nene og find det bedste l\u00e5n for dig.\" \/>\n<meta property=\"og:url\" content=\"https:\/\/www.top5credits.com\/dk\/om-os\/\" \/>\n<meta property=\"og:site_name\" content=\"Top5Credits.com Danmark\" \/>\n<meta property=\"article:publisher\" content=\"https:\/\/www.facebook.com\/Top5Credits-Danmark-672253646571131\" \/>\n<meta property=\"article:modified_time\" content=\"2023-10-06T09:25:33+00:00\" \/>\n<meta property=\"og:image\" content=\"https:\/\/cdn.top5credits.com\/dk\/wp-content\/uploads\/sites\/5\/2019\/06\/top5-og.jpg?cdn=1.1.3\" \/>\n\t<meta property=\"og:image:width\" content=\"1200\" \/>\n\t<meta property=\"og:image:height\" content=\"630\" \/>\n\t<meta property=\"og:image:type\" content=\"image\/jpeg\" \/>\n<meta name=\"twitter:card\" content=\"summary_large_image\" \/>\n<meta name=\"twitter:label1\" content=\"Estimeret l\u00e6setid\" \/>\n\t<meta name=\"twitter:data1\" content=\"2 minutter\" \/>\n<script type=\"application\/ld+json\" class=\"yoast-schema-graph\">{\"@context\":\"https:\\\/\\\/schema.org\",\"@graph\":[{\"@type\":\"Article\",\"@id\":\"https:\\\/\\\/www.top5credits.com\\\/dk\\\/om-os\\\/#article\",\"isPartOf\":{\"@id\":\"https:\\\/\\\/www.top5credits.com\\\/dk\\\/om-os\\\/\"},\"author\":{\"name\":\"kalle\",\"@id\":\"https:\\\/\\\/www.top5credits.com\\\/dk\\\/#\\\/schema\\\/person\\\/e43112587142502acf4712d6f5428ba7\"},\"headline\":\"Om os\",\"datePublished\":\"2019-04-23T09:53:19+00:00\",\"dateModified\":\"2023-10-06T09:25:33+00:00\",\"mainEntityOfPage\":{\"@id\":\"https:\\\/\\\/www.top5credits.com\\\/dk\\\/om-os\\\/\"},\"wordCount\":185,\"publisher\":{\"@id\":\"https:\\\/\\\/www.top5credits.com\\\/dk\\\/#organization\"},\"image\":{\"@id\":\"https:\\\/\\\/www.top5credits.com\\\/dk\\\/om-os\\\/#primaryimage\"},\"thumbnailUrl\":\"https:\\\/\\\/www.top5credits.com\\\/dk\\\/wp-content\\\/uploads\\\/sites\\\/5\\\/2019\\\/04\\\/varjoreuna-5.png\",\"inLanguage\":\"da-DK\"},{\"@type\":[\"WebPage\",\"AboutPage\"],\"@id\":\"https:\\\/\\\/www.top5credits.com\\\/dk\\\/om-os\\\/\",\"url\":\"https:\\\/\\\/www.top5credits.com\\\/dk\\\/om-os\\\/\",\"name\":\"Om os - Top5Credits.com\",\"isPartOf\":{\"@id\":\"https:\\\/\\\/www.top5credits.com\\\/dk\\\/#website\"},\"primaryImageOfPage\":{\"@id\":\"https:\\\/\\\/www.top5credits.com\\\/dk\\\/om-os\\\/#primaryimage\"},\"image\":{\"@id\":\"https:\\\/\\\/www.top5credits.com\\\/dk\\\/om-os\\\/#primaryimage\"},\"thumbnailUrl\":\"https:\\\/\\\/www.top5credits.com\\\/dk\\\/wp-content\\\/uploads\\\/sites\\\/5\\\/2019\\\/04\\\/varjoreuna-5.png\",\"datePublished\":\"2019-04-23T09:53:19+00:00\",\"dateModified\":\"2023-10-06T09:25:33+00:00\",\"description\":\"Top5Credits.com finder de 5 bedste l\u00e5n p\u00e5 markedet til dig. Se fordele og ulemper ved l\u00e5nene og find det bedste l\u00e5n for dig.\",\"breadcrumb\":{\"@id\":\"https:\\\/\\\/www.top5credits.com\\\/dk\\\/om-os\\\/#breadcrumb\"},\"inLanguage\":\"da-DK\",\"potentialAction\":[{\"@type\":\"ReadAction\",\"target\":[\"https:\\\/\\\/www.top5credits.com\\\/dk\\\/om-os\\\/\"]}]},{\"@type\":\"ImageObject\",\"inLanguage\":\"da-DK\",\"@id\":\"https:\\\/\\\/www.top5credits.com\\\/dk\\\/om-os\\\/#primaryimage\",\"url\":\"https:\\\/\\\/www.top5credits.com\\\/dk\\\/wp-content\\\/uploads\\\/sites\\\/5\\\/2019\\\/04\\\/varjoreuna-5.png\",\"contentUrl\":\"https:\\\/\\\/www.top5credits.com\\\/dk\\\/wp-content\\\/uploads\\\/sites\\\/5\\\/2019\\\/04\\\/varjoreuna-5.png\",\"width\":2000,\"height\":756},{\"@type\":\"BreadcrumbList\",\"@id\":\"https:\\\/\\\/www.top5credits.com\\\/dk\\\/om-os\\\/#breadcrumb\",\"itemListElement\":[{\"@type\":\"ListItem\",\"position\":1,\"name\":\"Top5Credits.com\",\"item\":\"https:\\\/\\\/www.top5credits.com\\\/dk\\\/\"},{\"@type\":\"ListItem\",\"position\":2,\"name\":\"Om os\"}]},{\"@type\":\"WebSite\",\"@id\":\"https:\\\/\\\/www.top5credits.com\\\/dk\\\/#website\",\"url\":\"https:\\\/\\\/www.top5credits.com\\\/dk\\\/\",\"name\":\"Top5Credits.com Danmark\",\"description\":\"\u00a0Sammenlign og find de bedste l\u00e5n\",\"publisher\":{\"@id\":\"https:\\\/\\\/www.top5credits.com\\\/dk\\\/#organization\"},\"potentialAction\":[{\"@type\":\"SearchAction\",\"target\":{\"@type\":\"EntryPoint\",\"urlTemplate\":\"https:\\\/\\\/www.top5credits.com\\\/dk\\\/?s={search_term_string}\"},\"query-input\":{\"@type\":\"PropertyValueSpecification\",\"valueRequired\":true,\"valueName\":\"search_term_string\"}}],\"inLanguage\":\"da-DK\"},{\"@type\":\"Organization\",\"@id\":\"https:\\\/\\\/www.top5credits.com\\\/dk\\\/#organization\",\"name\":\"Top5Credits.com\",\"url\":\"https:\\\/\\\/www.top5credits.com\\\/dk\\\/\",\"logo\":{\"@type\":\"ImageObject\",\"inLanguage\":\"da-DK\",\"@id\":\"https:\\\/\\\/www.top5credits.com\\\/dk\\\/#\\\/schema\\\/logo\\\/image\\\/\",\"url\":\"https:\\\/\\\/cdn.top5credits.com\\\/dk\\\/wp-content\\\/uploads\\\/sites\\\/5\\\/2023\\\/10\\\/t5c-favicon.png\",\"contentUrl\":\"https:\\\/\\\/cdn.top5credits.com\\\/dk\\\/wp-content\\\/uploads\\\/sites\\\/5\\\/2023\\\/10\\\/t5c-favicon.png\",\"width\":512,\"height\":512,\"caption\":\"Top5Credits.com\"},\"image\":{\"@id\":\"https:\\\/\\\/www.top5credits.com\\\/dk\\\/#\\\/schema\\\/logo\\\/image\\\/\"},\"sameAs\":[\"https:\\\/\\\/www.facebook.com\\\/Top5Credits-Danmark-672253646571131\"]},{\"@type\":\"Person\",\"@id\":\"https:\\\/\\\/www.top5credits.com\\\/dk\\\/#\\\/schema\\\/person\\\/e43112587142502acf4712d6f5428ba7\",\"name\":\"kalle\",\"url\":\"https:\\\/\\\/www.top5credits.com\\\/dk\\\/author\\\/kalle\\\/\"}]}<\/script>\n<!-- \/ Yoast SEO plugin. -->","yoast_head_json":{"title":"Om os - Top5Credits.com","description":"Top5Credits.com finder de 5 bedste l\u00e5n p\u00e5 markedet til dig. Se fordele og ulemper ved l\u00e5nene og find det bedste l\u00e5n for dig.","robots":{"index":"index","follow":"follow","max-snippet":"max-snippet:-1","max-image-preview":"max-image-preview:large","max-video-preview":"max-video-preview:-1"},"canonical":"https:\/\/www.top5credits.com\/dk\/om-os\/","og_locale":"da_DK","og_type":"article","og_title":"Om os - Top5Credits.com","og_description":"Top5Credits.com finder de 5 bedste l\u00e5n p\u00e5 markedet til dig. Se fordele og ulemper ved l\u00e5nene og find det bedste l\u00e5n for dig.","og_url":"https:\/\/www.top5credits.com\/dk\/om-os\/","og_site_name":"Top5Credits.com Danmark","article_publisher":"https:\/\/www.facebook.com\/Top5Credits-Danmark-672253646571131","article_modified_time":"2023-10-06T09:25:33+00:00","og_image":[{"width":1200,"height":630,"url":"https:\/\/cdn.top5credits.com\/dk\/wp-content\/uploads\/sites\/5\/2019\/06\/top5-og.jpg?cdn=1.1.3","type":"image\/jpeg"}],"twitter_card":"summary_large_image","twitter_misc":{"Estimeret l\u00e6setid":"2 minutter"},"schema":{"@context":"https:\/\/schema.org","@graph":[{"@type":"Article","@id":"https:\/\/www.top5credits.com\/dk\/om-os\/#article","isPartOf":{"@id":"https:\/\/www.top5credits.com\/dk\/om-os\/"},"author":{"name":"kalle","@id":"https:\/\/www.top5credits.com\/dk\/#\/schema\/person\/e43112587142502acf4712d6f5428ba7"},"headline":"Om os","datePublished":"2019-04-23T09:53:19+00:00","dateModified":"2023-10-06T09:25:33+00:00","mainEntityOfPage":{"@id":"https:\/\/www.top5credits.com\/dk\/om-os\/"},"wordCount":185,"publisher":{"@id":"https:\/\/www.top5credits.com\/dk\/#organization"},"image":{"@id":"https:\/\/www.top5credits.com\/dk\/om-os\/#primaryimage"},"thumbnailUrl":"https:\/\/cdn.top5credits.com\/dk\/wp-content\/uploads\/sites\/5\/2019\/04\/varjoreuna-5.png?cdn=1.1.3","inLanguage":"da-DK"},{"@type":["WebPage","AboutPage"],"@id":"https:\/\/www.top5credits.com\/dk\/om-os\/","url":"https:\/\/www.top5credits.com\/dk\/om-os\/","name":"Om os - Top5Credits.com","isPartOf":{"@id":"https:\/\/www.top5credits.com\/dk\/#website"},"primaryImageOfPage":{"@id":"https:\/\/www.top5credits.com\/dk\/om-os\/#primaryimage"},"image":{"@id":"https:\/\/www.top5credits.com\/dk\/om-os\/#primaryimage"},"thumbnailUrl":"https:\/\/cdn.top5credits.com\/dk\/wp-content\/uploads\/sites\/5\/2019\/04\/varjoreuna-5.png?cdn=1.1.3","datePublished":"2019-04-23T09:53:19+00:00","dateModified":"2023-10-06T09:25:33+00:00","description":"Top5Credits.com finder de 5 bedste l\u00e5n p\u00e5 markedet til dig. Se fordele og ulemper ved l\u00e5nene og find det bedste l\u00e5n for dig.","breadcrumb":{"@id":"https:\/\/www.top5credits.com\/dk\/om-os\/#breadcrumb"},"inLanguage":"da-DK","potentialAction":[{"@type":"ReadAction","target":["https:\/\/www.top5credits.com\/dk\/om-os\/"]}]},{"@type":"ImageObject","inLanguage":"da-DK","@id":"https:\/\/www.top5credits.com\/dk\/om-os\/#primaryimage","url":"https:\/\/cdn.top5credits.com\/dk\/wp-content\/uploads\/sites\/5\/2019\/04\/varjoreuna-5.png?cdn=1.1.3","contentUrl":"https:\/\/cdn.top5credits.com\/dk\/wp-content\/uploads\/sites\/5\/2019\/04\/varjoreuna-5.png?cdn=1.1.3","width":2000,"height":756},{"@type":"BreadcrumbList","@id":"https:\/\/www.top5credits.com\/dk\/om-os\/#breadcrumb","itemListElement":[{"@type":"ListItem","position":1,"name":"Top5Credits.com","item":"https:\/\/www.top5credits.com\/dk\/"},{"@type":"ListItem","position":2,"name":"Om os"}]},{"@type":"WebSite","@id":"https:\/\/www.top5credits.com\/dk\/#website","url":"https:\/\/www.top5credits.com\/dk\/","name":"Top5Credits.com Danmark","description":"\u00a0Sammenlign og find de bedste l\u00e5n","publisher":{"@id":"https:\/\/www.top5credits.com\/dk\/#organization"},"potentialAction":[{"@type":"SearchAction","target":{"@type":"EntryPoint","urlTemplate":"https:\/\/www.top5credits.com\/dk\/?s={search_term_string}"},"query-input":{"@type":"PropertyValueSpecification","valueRequired":true,"valueName":"search_term_string"}}],"inLanguage":"da-DK"},{"@type":"Organization","@id":"https:\/\/www.top5credits.com\/dk\/#organization","name":"Top5Credits.com","url":"https:\/\/www.top5credits.com\/dk\/","logo":{"@type":"ImageObject","inLanguage":"da-DK","@id":"https:\/\/www.top5credits.com\/dk\/#\/schema\/logo\/image\/","url":"https:\/\/cdn.top5credits.com\/dk\/wp-content\/uploads\/sites\/5\/2023\/10\/t5c-favicon.png","contentUrl":"https:\/\/cdn.top5credits.com\/dk\/wp-content\/uploads\/sites\/5\/2023\/10\/t5c-favicon.png","width":512,"height":512,"caption":"Top5Credits.com"},"image":{"@id":"https:\/\/www.top5credits.com\/dk\/#\/schema\/logo\/image\/"},"sameAs":["https:\/\/www.facebook.com\/Top5Credits-Danmark-672253646571131"]},{"@type":"Person","@id":"https:\/\/www.top5credits.com\/dk\/#\/schema\/person\/e43112587142502acf4712d6f5428ba7","name":"kalle","url":"https:\/\/www.top5credits.com\/dk\/author\/kalle\/"}]}},"_links":{"self":[{"href":"https:\/\/www.top5credits.com\/dk\/wp-json\/wp\/v2\/pages\/28","targetHints":{"allow":["GET"]}}],"collection":[{"href":"https:\/\/www.top5credits.com\/dk\/wp-json\/wp\/v2\/pages"}],"about":[{"href":"https:\/\/www.top5credits.com\/dk\/wp-json\/wp\/v2\/types\/page"}],"author":[{"embeddable":true,"href":"https:\/\/www.top5credits.com\/dk\/wp-json\/wp\/v2\/users\/2"}],"replies":[{"embeddable":true,"href":"https:\/\/www.top5credits.com\/dk\/wp-json\/wp\/v2\/comments?post=28"}],"version-history":[{"count":0,"href":"https:\/\/www.top5credits.com\/dk\/wp-json\/wp\/v2\/pages\/28\/revisions"}],"wp:featuredmedia":[{"embeddable":true,"href":"https:\/\/www.top5credits.com\/dk\/wp-json\/wp\/v2\/media\/24"}],"wp:attachment":[{"href":"https:\/\/www.top5credits.com\/dk\/wp-json\/wp\/v2\/media?parent=28"}],"curies":[{"name":"wp","href":"https:\/\/api.w.org\/{rel}","templated":true}]}}