{"id":31,"date":"2019-04-24T12:33:40","date_gmt":"2019-04-24T12:33:40","guid":{"rendered":"https:\/\/www.top5credits.com\/dk\/?page_id=31"},"modified":"2020-11-19T09:03:19","modified_gmt":"2020-11-19T09:03:19","slug":"registerbeskrivelse","status":"publish","type":"page","link":"https:\/\/www.top5credits.com\/dk\/registerbeskrivelse\/","title":{"rendered":"Registerbeskrivelse"},"content":{"rendered":"\n<h1 class=\"wp-block-heading\">Registerbeskrivelse<\/h1>\n\n\n\n<h3 class=\"wp-block-heading\"><strong>1. Registeransvarlig<\/strong><\/h3>\n\n\n\n<p>Draivi Media Oy<br>FI-24645516<br>PB 215<br>00101 Helsinki<br>Finland<\/p>\n\n\n\n<h3 class=\"wp-block-heading\"><strong>2. Ansvarlig for registerforhold<\/strong><\/h3>\n\n\n\n<p>Oula Lehtinen<br>E-mail: dk@top5credits.com<br>Adresse: Draivi Media Oy, PB 215, 00101 Helsinki, Finland<\/p>\n\n\n\n<h3 class=\"wp-block-heading\"><strong>3. Registerets navn<\/strong><\/h3>\n\n\n\n<p>Top5Credits kunde- og markedsf\u00f8ringsregister.<\/p>\n\n\n\n<h3 class=\"wp-block-heading\"><strong>4. Form\u00e5let med behandling af personoplysninger (registerets anvendelsesomr\u00e5de)<\/strong><\/h3>\n\n\n\n<p>Registeret anvendes efter kundens samtykke og som f\u00f8lge af en serviceanmodning fra kunden til at identificere kunden og logge p\u00e5 webtjenesten Top5Credits, hvor kunden kan indsende en ans\u00f8gning og tage imod tilbud om l\u00e5n og andre finansielle ydelser fra Top5Credits\u2019 samarbejdspartner. Registeret anvendes ogs\u00e5 til h\u00e5ndtering af forpligtelser i forbindelse med opbevaring, rapportering og foresp\u00f8rgsler baseret p\u00e5 lovgivning, bestemmelser og anvisninger fra myndighederne.<\/p>\n\n\n\n<p>Personoplysningerne i registeret kan ogs\u00e5 anvendes i forbindelse med direkte markedsf\u00f8ring med henblik p\u00e5 at markedsf\u00f8re den registeransvarliges tjenester inden for lovens rammer.<\/p>\n\n\n\n<p>Personoplysningerne i registeret anvendes ogs\u00e5 til h\u00e5ndtering af Top5Credits\u2019 kundeservice og kunderelationer, til administration og behandling af eventuelle reklamationer samt til interne markedsf\u00f8rings- og kundeanalyser og markedsunders\u00f8gelser.<\/p>\n\n\n\n<p>Personoplysningerne i registeret kan ogs\u00e5 anvendes til at tilpasse vores elektroniske tjenester til brugeren p\u00e5 vores forskellige websteder (f.eks. www.top5credits.com\/dk\/ ).<\/p>\n\n\n\n<p>Derudover kan personoplysningerne i registeret anvendes til videreudvikling af Draivi Media Oy\u2019s egen forretning.<\/p>\n\n\n\n<p>Dit personnummer gemmes kun i tilf\u00e6lde af fejl p\u00e5 Draivi Media Oy\u2019s server og i givet fald kun midlertidigt i syv dage.<\/p>\n\n\n\n<p>Hvis du undlader at afgive de obligatoriske oplysninger, er der en risiko for, at Top5Credits ikke kan levere sine tjenester til dig.<\/p>\n\n\n\n<p>Nogle af Top5Credits\u2019 tjenester kan v\u00e6re forbundet med s\u00e6rlige vilk\u00e5r for behandling af personoplysninger. Brugeren informeres om dette, og vi anmoder om brugerens samtykke i forbindelse med dennes anvendelse af tjenesterne.<\/p>\n\n\n\n<h3 class=\"wp-block-heading\"><strong>5. Dataindhold i registeret<\/strong><\/h3>\n\n\n\n<p>Registeret indeholder oplysninger om personer, der s\u00f8ger p\u00e5 produkter og kunder, samt m\u00e5lgrupper for markedsf\u00f8ring i henhold til f\u00f8lgende:<\/p>\n\n\n\n<h4 class=\"wp-block-heading\">5.1 Oplysninger om ans\u00f8geren som person<\/h4>\n\n\n\n<ul class=\"wp-block-list\"><li>For- og efternavn<\/li><li>Adresseoplysninger<\/li><li>Telefonnummer<\/li><li>E-mailadresse<\/li><li>Nationalitet<\/li><li>Civilstand<\/li><li>Boligoplysninger<\/li><li>Oplysninger om indt\u00e6gter og udgifter<\/li><li>Oplysninger om ans\u00e6ttelsesforhold<\/li><li>Forbud mod og samtykke til direkte markedsf\u00f8ring<\/li><li>Feedback og reklamationer fra kunden<\/li><li>IP-adresse for den enhed, som kunden anvender, samt cookies<\/li><li>Flere oplysninger, som kunden selv afgiver, og som er vigtige for den registeransvarliges tjenester<\/li><\/ul>\n\n\n\n<h4 class=\"wp-block-heading\">5.2 Oplysninger vedr\u00f8rende ans\u00f8gningen<\/h4>\n\n\n\n<ul class=\"wp-block-list\"><li>Oplysninger om produkttype og andre oplysninger om produkter<\/li><li>Ans\u00f8gningens status<\/li><li>Dato for ans\u00f8gning<\/li><\/ul>\n\n\n\n<h4 class=\"wp-block-heading\">5.3 Oplysninger om den person, som den direkte markedsf\u00f8ring og anden markedsf\u00f8ring rettes mod<\/h4>\n\n\n\n<ul class=\"wp-block-list\"><li>For- og efternavn<\/li><li>Adresseoplysninger<\/li><li>Telefonnummer<\/li><li>E-mailadresse<\/li><li>Forbud mod og samtykke til direkte markedsf\u00f8ring<\/li><\/ul>\n\n\n\n<h3 class=\"wp-block-heading\"><strong>6. Registerets regelm\u00e6ssige datakilder<\/strong><\/h3>\n\n\n\n<p>I registeret samles oplysninger om, hvordan kunderelationen opstod, og hvor l\u00e6nge den har varet. Personoplysninger indsamles:<\/p>\n\n\n\n<ul class=\"wp-block-list\"><li>ved at sp\u00f8rge den registrerede person, og n\u00e5r den registrerede anvender Draivi Media Oy\u2019s forskellige hjemmesider<\/li><\/ul>\n\n\n\n<h3 class=\"wp-block-heading\"><strong>7. Videregivelse af oplysninger<\/strong><\/h3>\n\n\n\n<p>Draivi Media Oy kan alene videregive oplysninger inden for lovens rammer. De oplysninger, som videregives, er f\u00f8rst og fremmest f\u00f8lgende personoplysninger:<\/p>\n\n\n\n<p>Ved foresp\u00f8rgsler fra myndigheder videregives alle de oplysninger, som myndighederne kr\u00e6ver.<\/p>\n\n\n\n<p>For en god ordens skyld skal det konstateres, at Draivi Media Oy\u2019s personale og tredjeparter, som repr\u00e6senterer virksomheden, er underlagt tavshedspligt vedr\u00f8rende alle kundeoplysninger.<\/p>\n\n\n\n<h3 class=\"wp-block-heading\"><strong>8. Videregivelse af oplysninger uden for E\u00d8S<\/strong><\/h3>\n\n\n\n<p>Draivi Media Oy videregiver ikke personoplysninger uden for det Europ\u00e6iske \u00d8konomiske Samarbejdsomr\u00e5de.<\/p>\n\n\n\n<h3 class=\"wp-block-heading\"><strong>9. Beskyttelse af registeret<\/strong><\/h3>\n\n\n\n<p>Inden for den registeransvarliges organisation instrueres der om brugen af personregisteret, og adgangen til personregisteret er begr\u00e6nset, s\u00e5 det alene er medarbejdere hos den registeransvarlige, der qua deres arbejde har et behov for at tilg\u00e5 oplysningerne i personregisteret, der har adgang, til b\u00e5de manuelt lagrede oplysninger og oplysninger i it-systemer. Den registeransvarlige har indf\u00f8rt adgangskontrol, l\u00e5s og tyverialarm i sine lokaler. It-systemerne er beskyttet mod skadelige programmer med antivirusprogram, firewalls, brugeradministration og andre moderne metoder. Den registeransvarliges personale uddannes i korrekt behandling af personoplysninger. Den registeransvarlige har en intern politik og interne bestemmelser vedr\u00f8rende korrekt behandling af personoplysninger.<\/p>\n\n\n\n<p>Gennem outsourcing forpligtes leverand\u00f8rer, som p\u00e5 vegne af den registeransvarlige behandler personoplysninger, til at beskytte personoplysningerne p\u00e5 tilsvarende vis.<\/p>\n\n\n\n<p>Oplysningerne p\u00e5 webstedet beskyttes med en SSL-krypteret forbindelse og kryptering i forbindelse med videregivelse af oplysninger.<\/p>\n\n\n\n<h3 class=\"wp-block-heading\"><strong>10. Den registreredes frasigelsesret<\/strong><\/h3>\n\n\n\n<p>Den registrerede er berettiget til at frasige sig, at den registeransvarlige behandler dennes oplysninger til direkte reklame, fjernsalg og anden direkte markedsf\u00f8ring samt markeds- og opinionsunders\u00f8gelser.<\/p>\n\n\n\n<h3 class=\"wp-block-heading\"><strong>11. Den registreredes ret til indsigt, \u00e6ndring af oplysninger og opbevaringstid for oplysningerne<\/strong><\/h3>\n\n\n\n<p>Den registrerede er berettiget til at kontrollere de oplysninger, der er registreret om denne i personregisteret, og f\u00e5 udleveret kopier af s\u00e5danne oplysninger i overensstemmelse med lovgivningen.<\/p>\n\n\n\n<p>N\u00e5r kunderelationen oph\u00f8rer, slettes kundens oplysninger straks fra registeret, hvis der ikke l\u00e6ngere er behov for at behandle dem, dog senest inden for den lovbestemte tidsfrist. Den registeransvarlige \u00e6ndrer, sletter og supplerer p\u00e5 eget initiativ eller efter den registreredes anmodning personoplysninger i registeret, hvis disse er forkerte, overfl\u00f8dige, mangelfulde eller for\u00e6ldede i forhold til form\u00e5let med behandlingen i overensstemmelse med loven.<\/p>\n\n\n\n<p>For at g\u00f8re den registreredes frasigelses- og indsigtsret g\u00e6ldende og f\u00e5 oplysningerne rettet kontaktes den person, der er ansvarlig for registerforhold.<\/p>\n","protected":false},"excerpt":{"rendered":"<p>Registerbeskrivelse 1. Registeransvarlig Draivi Media OyFI-24645516PB 21500101 HelsinkiFinland 2. Ansvarlig for registerforhold Oula LehtinenE-mail: dk@top5credits.comAdresse: Draivi Media Oy, PB 215, 00101 Helsinki, Finland 3. Registerets<\/p>\n<p class=\"more-link\">L\u00e6s mere <span class=\"screen-reader-text\">Registerbeskrivelse<\/span><\/p>\n","protected":false},"author":2,"featured_media":0,"parent":0,"menu_order":0,"comment_status":"closed","ping_status":"closed","template":"","meta":{"footnotes":""},"class_list":["post-31","page","type-page","status-publish","hentry","entry"],"yoast_head":"<!-- This site is optimized with the Yoast SEO plugin v27.3 - https:\/\/yoast.com\/product\/yoast-seo-wordpress\/ -->\n<title>Registerbeskrivelse - Top5Credits.com<\/title>\n<meta name=\"description\" content=\"Top5Credits Danmark registerbeskrivelse\" \/>\n<meta name=\"robots\" content=\"index, follow, max-snippet:-1, max-image-preview:large, max-video-preview:-1\" \/>\n<link rel=\"canonical\" href=\"https:\/\/www.top5credits.com\/dk\/registerbeskrivelse\/\" \/>\n<meta property=\"og:locale\" content=\"da_DK\" \/>\n<meta property=\"og:type\" content=\"article\" \/>\n<meta property=\"og:title\" content=\"Registerbeskrivelse - Top5Credits.com\" \/>\n<meta property=\"og:description\" content=\"Top5Credits Danmark registerbeskrivelse\" \/>\n<meta property=\"og:url\" content=\"https:\/\/www.top5credits.com\/dk\/registerbeskrivelse\/\" \/>\n<meta property=\"og:site_name\" content=\"Top5Credits.com Danmark\" \/>\n<meta property=\"article:publisher\" content=\"https:\/\/www.facebook.com\/Top5Credits-Danmark-672253646571131\" \/>\n<meta property=\"article:modified_time\" content=\"2020-11-19T09:03:19+00:00\" \/>\n<meta property=\"og:image\" content=\"https:\/\/cdn.top5credits.com\/dk\/wp-content\/uploads\/sites\/5\/2023\/11\/top5credits-com-ogimage.png?cdn=1.1.3\" \/>\n\t<meta property=\"og:image:width\" content=\"1200\" \/>\n\t<meta property=\"og:image:height\" content=\"630\" \/>\n\t<meta property=\"og:image:type\" content=\"image\/png\" \/>\n<meta name=\"twitter:card\" content=\"summary_large_image\" \/>\n<meta name=\"twitter:label1\" content=\"Estimeret l\u00e6setid\" \/>\n\t<meta name=\"twitter:data1\" content=\"4 minutter\" \/>\n<script type=\"application\/ld+json\" class=\"yoast-schema-graph\">{\"@context\":\"https:\\\/\\\/schema.org\",\"@graph\":[{\"@type\":\"WebPage\",\"@id\":\"https:\\\/\\\/www.top5credits.com\\\/dk\\\/registerbeskrivelse\\\/\",\"url\":\"https:\\\/\\\/www.top5credits.com\\\/dk\\\/registerbeskrivelse\\\/\",\"name\":\"Registerbeskrivelse - Top5Credits.com\",\"isPartOf\":{\"@id\":\"https:\\\/\\\/www.top5credits.com\\\/dk\\\/#website\"},\"datePublished\":\"2019-04-24T12:33:40+00:00\",\"dateModified\":\"2020-11-19T09:03:19+00:00\",\"description\":\"Top5Credits Danmark registerbeskrivelse\",\"breadcrumb\":{\"@id\":\"https:\\\/\\\/www.top5credits.com\\\/dk\\\/registerbeskrivelse\\\/#breadcrumb\"},\"inLanguage\":\"da-DK\",\"potentialAction\":[{\"@type\":\"ReadAction\",\"target\":[\"https:\\\/\\\/www.top5credits.com\\\/dk\\\/registerbeskrivelse\\\/\"]}]},{\"@type\":\"BreadcrumbList\",\"@id\":\"https:\\\/\\\/www.top5credits.com\\\/dk\\\/registerbeskrivelse\\\/#breadcrumb\",\"itemListElement\":[{\"@type\":\"ListItem\",\"position\":1,\"name\":\"Top5Credits.com\",\"item\":\"https:\\\/\\\/www.top5credits.com\\\/dk\\\/\"},{\"@type\":\"ListItem\",\"position\":2,\"name\":\"Registerbeskrivelse\"}]},{\"@type\":\"WebSite\",\"@id\":\"https:\\\/\\\/www.top5credits.com\\\/dk\\\/#website\",\"url\":\"https:\\\/\\\/www.top5credits.com\\\/dk\\\/\",\"name\":\"Top5Credits.com Danmark\",\"description\":\"\u00a0Sammenlign og find de bedste l\u00e5n\",\"publisher\":{\"@id\":\"https:\\\/\\\/www.top5credits.com\\\/dk\\\/#organization\"},\"potentialAction\":[{\"@type\":\"SearchAction\",\"target\":{\"@type\":\"EntryPoint\",\"urlTemplate\":\"https:\\\/\\\/www.top5credits.com\\\/dk\\\/?s={search_term_string}\"},\"query-input\":{\"@type\":\"PropertyValueSpecification\",\"valueRequired\":true,\"valueName\":\"search_term_string\"}}],\"inLanguage\":\"da-DK\"},{\"@type\":\"Organization\",\"@id\":\"https:\\\/\\\/www.top5credits.com\\\/dk\\\/#organization\",\"name\":\"Top5Credits.com\",\"url\":\"https:\\\/\\\/www.top5credits.com\\\/dk\\\/\",\"logo\":{\"@type\":\"ImageObject\",\"inLanguage\":\"da-DK\",\"@id\":\"https:\\\/\\\/www.top5credits.com\\\/dk\\\/#\\\/schema\\\/logo\\\/image\\\/\",\"url\":\"https:\\\/\\\/cdn.top5credits.com\\\/dk\\\/wp-content\\\/uploads\\\/sites\\\/5\\\/2023\\\/10\\\/t5c-favicon.png\",\"contentUrl\":\"https:\\\/\\\/cdn.top5credits.com\\\/dk\\\/wp-content\\\/uploads\\\/sites\\\/5\\\/2023\\\/10\\\/t5c-favicon.png\",\"width\":512,\"height\":512,\"caption\":\"Top5Credits.com\"},\"image\":{\"@id\":\"https:\\\/\\\/www.top5credits.com\\\/dk\\\/#\\\/schema\\\/logo\\\/image\\\/\"},\"sameAs\":[\"https:\\\/\\\/www.facebook.com\\\/Top5Credits-Danmark-672253646571131\"]}]}<\/script>\n<!-- \/ Yoast SEO plugin. -->","yoast_head_json":{"title":"Registerbeskrivelse - Top5Credits.com","description":"Top5Credits Danmark registerbeskrivelse","robots":{"index":"index","follow":"follow","max-snippet":"max-snippet:-1","max-image-preview":"max-image-preview:large","max-video-preview":"max-video-preview:-1"},"canonical":"https:\/\/www.top5credits.com\/dk\/registerbeskrivelse\/","og_locale":"da_DK","og_type":"article","og_title":"Registerbeskrivelse - Top5Credits.com","og_description":"Top5Credits Danmark registerbeskrivelse","og_url":"https:\/\/www.top5credits.com\/dk\/registerbeskrivelse\/","og_site_name":"Top5Credits.com Danmark","article_publisher":"https:\/\/www.facebook.com\/Top5Credits-Danmark-672253646571131","article_modified_time":"2020-11-19T09:03:19+00:00","og_image":[{"width":1200,"height":630,"url":"https:\/\/cdn.top5credits.com\/dk\/wp-content\/uploads\/sites\/5\/2023\/11\/top5credits-com-ogimage.png?cdn=1.1.3","type":"image\/png"}],"twitter_card":"summary_large_image","twitter_misc":{"Estimeret l\u00e6setid":"4 minutter"},"schema":{"@context":"https:\/\/schema.org","@graph":[{"@type":"WebPage","@id":"https:\/\/www.top5credits.com\/dk\/registerbeskrivelse\/","url":"https:\/\/www.top5credits.com\/dk\/registerbeskrivelse\/","name":"Registerbeskrivelse - Top5Credits.com","isPartOf":{"@id":"https:\/\/www.top5credits.com\/dk\/#website"},"datePublished":"2019-04-24T12:33:40+00:00","dateModified":"2020-11-19T09:03:19+00:00","description":"Top5Credits Danmark registerbeskrivelse","breadcrumb":{"@id":"https:\/\/www.top5credits.com\/dk\/registerbeskrivelse\/#breadcrumb"},"inLanguage":"da-DK","potentialAction":[{"@type":"ReadAction","target":["https:\/\/www.top5credits.com\/dk\/registerbeskrivelse\/"]}]},{"@type":"BreadcrumbList","@id":"https:\/\/www.top5credits.com\/dk\/registerbeskrivelse\/#breadcrumb","itemListElement":[{"@type":"ListItem","position":1,"name":"Top5Credits.com","item":"https:\/\/www.top5credits.com\/dk\/"},{"@type":"ListItem","position":2,"name":"Registerbeskrivelse"}]},{"@type":"WebSite","@id":"https:\/\/www.top5credits.com\/dk\/#website","url":"https:\/\/www.top5credits.com\/dk\/","name":"Top5Credits.com Danmark","description":"\u00a0Sammenlign og find de bedste l\u00e5n","publisher":{"@id":"https:\/\/www.top5credits.com\/dk\/#organization"},"potentialAction":[{"@type":"SearchAction","target":{"@type":"EntryPoint","urlTemplate":"https:\/\/www.top5credits.com\/dk\/?s={search_term_string}"},"query-input":{"@type":"PropertyValueSpecification","valueRequired":true,"valueName":"search_term_string"}}],"inLanguage":"da-DK"},{"@type":"Organization","@id":"https:\/\/www.top5credits.com\/dk\/#organization","name":"Top5Credits.com","url":"https:\/\/www.top5credits.com\/dk\/","logo":{"@type":"ImageObject","inLanguage":"da-DK","@id":"https:\/\/www.top5credits.com\/dk\/#\/schema\/logo\/image\/","url":"https:\/\/cdn.top5credits.com\/dk\/wp-content\/uploads\/sites\/5\/2023\/10\/t5c-favicon.png","contentUrl":"https:\/\/cdn.top5credits.com\/dk\/wp-content\/uploads\/sites\/5\/2023\/10\/t5c-favicon.png","width":512,"height":512,"caption":"Top5Credits.com"},"image":{"@id":"https:\/\/www.top5credits.com\/dk\/#\/schema\/logo\/image\/"},"sameAs":["https:\/\/www.facebook.com\/Top5Credits-Danmark-672253646571131"]}]}},"_links":{"self":[{"href":"https:\/\/www.top5credits.com\/dk\/wp-json\/wp\/v2\/pages\/31","targetHints":{"allow":["GET"]}}],"collection":[{"href":"https:\/\/www.top5credits.com\/dk\/wp-json\/wp\/v2\/pages"}],"about":[{"href":"https:\/\/www.top5credits.com\/dk\/wp-json\/wp\/v2\/types\/page"}],"author":[{"embeddable":true,"href":"https:\/\/www.top5credits.com\/dk\/wp-json\/wp\/v2\/users\/2"}],"replies":[{"embeddable":true,"href":"https:\/\/www.top5credits.com\/dk\/wp-json\/wp\/v2\/comments?post=31"}],"version-history":[{"count":0,"href":"https:\/\/www.top5credits.com\/dk\/wp-json\/wp\/v2\/pages\/31\/revisions"}],"wp:attachment":[{"href":"https:\/\/www.top5credits.com\/dk\/wp-json\/wp\/v2\/media?parent=31"}],"curies":[{"name":"wp","href":"https:\/\/api.w.org\/{rel}","templated":true}]}}