{"id":36,"date":"2019-04-24T12:36:35","date_gmt":"2019-04-24T12:36:35","guid":{"rendered":"https:\/\/www.top5credits.com\/dk\/?page_id=36"},"modified":"2020-11-19T09:04:08","modified_gmt":"2020-11-19T09:04:08","slug":"sikkerhed","status":"publish","type":"page","link":"https:\/\/www.top5credits.com\/dk\/sikkerhed\/","title":{"rendered":"Sikkerhed"},"content":{"rendered":"\n<h1 class=\"wp-block-heading\">Sikkerhed<\/h1>\n\n\n\n<h3 class=\"wp-block-heading\">Kun p\u00e5 din computer<\/h3>\n\n\n\n<p>N\u00e5r du bes\u00f8ger Top5Credits hjemmeside, g\u00f8r du det anonymt. P\u00e5 vores hjemmeside kan du lave nemmere l\u00e5neberegninger, og beregningerne sker alene p\u00e5 din computer. Vi kan hverken se eller f\u00e5 adgang til dine beregninger.<\/p>\n\n\n\n<h3 class=\"wp-block-heading\">Cookies<\/h3>\n\n\n\n<p>Vi indsamler ikke personlige oplysninger uden din viden. Vi anvender derimod s\u00e5kaldte cookies, som er sm\u00e5 informationsfiler, der gemmes i din browser p\u00e5 din computers harddisk. En cookie giver ikke adgang til fx din e-mailadresse eller andre personlige oplysninger.<\/p>\n\n\n\n<p>Vi anvender alene cookies for at analysere data, som fort\u00e6ller os, hvordan vores hjemmeside anvendes, fx dom\u00e6nenavn, bes\u00f8gte sider og brugersessionens varighed. Disse data skal vi bruge til at analysere brugen af vores hjemmeside og til at forbedre kvaliteten. Derved forbedres kvaliteten af de tjenester, vi tilbyder vores kunder. Du kan finde flere oplysninger om vores regler vedr\u00f8rende cookies.<\/p>\n\n\n\n<h3 class=\"wp-block-heading\">Ansvarsbegr\u00e6nsning<\/h3>\n\n\n\n<p>Top5Credits forbeholder sig ret til at fral\u00e6gge sig ethvert ansvar for aktualiteten, rigtigheden og fuldst\u00e6ndigheden af oplysningerne p\u00e5 denne hjemmeside. Krav vedr\u00f8rende ansvar for skader for\u00e5rsaget af de angivne oplysninger, herunder enhver information, der kan v\u00e6re ufuldst\u00e6ndig eller fejlagtig, afvises derfor.<\/p>\n\n\n\n<p>Alle tilbud er ikke-bindende og uden yderligere forpligtelser. Dele af siderne eller hele publikationen, herunder ethvert tilbud og enhver information, kan udvides, \u00e6ndres og helt eller delvist slettes af Top5Credits uden forudg\u00e5ende varsel. Hjemmesiden kan indeholde fejl, herunder tastefejl.<\/p>\n\n\n\n<h3 class=\"wp-block-heading\">Referencer og links<\/h3>\n\n\n\n<p>Top5Credits er ikke ansvarlig for indhold i links eller referencer p\u00e5 disse sider. I tilf\u00e6lde af fejl eller skader som f\u00f8lge af brug af den angivne information er Top5Credits fritaget for ethvert ansvar, som dog ikke omfatter den eller de personer, der har indsat link til denne side.<\/p>\n\n\n\n<p>Endvidere er Top5Credits ikke ansvarlig for kommentarer eller meddelelser publiceret af hjemmesidens brugere.<\/p>\n\n\n\n<h3 class=\"wp-block-heading\">Ophavsret<\/h3>\n\n\n\n<p>Top5Credits agter ikke at bruge materialer, som er underlagt ophavsret, til publikationen eller, s\u00e5fremt det ikke er muligt, at indikere, hvis dette er tilf\u00e6ldet.<\/p>\n\n\n\n<p>Ophavsretten til udarbejdede materialer tilh\u00f8rer Top5Credits. Kopiering eller brug af objekter s\u00e5som billeder, diagrammer, lyd eller tekster i andre elektroniske eller trykte publikationer er ikke tilladt uden Top5Credits\u2019 forudg\u00e5ende samtykke.<\/p>\n\n\n\n<h3 class=\"wp-block-heading\">Fortrolighedspolitik<\/h3>\n\n\n\n<p>S\u00e5fremt der afgives personlige eller forretningsm\u00e6ssige oplysninger (fx i forbindelse med en l\u00e5neans\u00f8gning), afgives s\u00e5danne oplysninger frivilligt.<\/p>\n\n\n\n<p>Brugere, som sender ikke-\u00f8nskede spammeddelelser, vil blive anmeldt.<\/p>\n\n\n\n<h3 class=\"wp-block-heading\">Juridisk gyldighed af dette forbehold<\/h3>\n\n\n\n<p>Dette forbehold og ansvarsfraskrivelsen skal anses for at v\u00e6re en del af den internetpublikationen med det link, du er sendt videre fra. Hvis afsnit eller separate dele af denne tekst er ulovlige eller fejlagtige, p\u00e5virkes \u00f8vrige dele ikke af dette.<\/p>\n\n\n\n<p>Eventuelle l\u00e5ngivere og produktnavne, som er omtalt p\u00e5 denne hjemmeside, er varem\u00e6rker tilh\u00f8rende de respektive ejere.<\/p>\n\n\n\n<h3 class=\"wp-block-heading\">Konfliktl\u00f8sning<\/h3>\n\n\n\n<p>Eventuelle konflikter som f\u00f8lge af denne hjemmeside eller ansvarsfraskrivelse eller eventuelle e-mails fra Top5Credits eller dennes medarbejdere skal, s\u00e5fremt konflikten ikke l\u00f8ses i mindelighed, afg\u00f8res ved en finsk domstol i henhold til finsk ret. V\u00e6rneting er s\u00e5ledes byretten i Helsinki.<\/p>\n","protected":false},"excerpt":{"rendered":"<p>Sikkerhed Kun p\u00e5 din computer N\u00e5r du bes\u00f8ger Top5Credits hjemmeside, g\u00f8r du det anonymt. P\u00e5 vores hjemmeside kan du lave nemmere l\u00e5neberegninger, og beregningerne sker<\/p>\n<p class=\"more-link\">L\u00e6s mere <span class=\"screen-reader-text\">Sikkerhed<\/span><\/p>\n","protected":false},"author":2,"featured_media":0,"parent":0,"menu_order":0,"comment_status":"closed","ping_status":"closed","template":"","meta":{"footnotes":""},"class_list":["post-36","page","type-page","status-publish","hentry","entry"],"yoast_head":"<!-- This site is optimized with the Yoast SEO plugin v27.3 - https:\/\/yoast.com\/product\/yoast-seo-wordpress\/ -->\n<title>Sikkerhed - Top5Credits.com<\/title>\n<meta name=\"description\" content=\"Top5Credits Danmark sikkerhed\" \/>\n<meta name=\"robots\" content=\"index, follow, max-snippet:-1, max-image-preview:large, max-video-preview:-1\" \/>\n<link rel=\"canonical\" href=\"https:\/\/www.top5credits.com\/dk\/sikkerhed\/\" \/>\n<meta property=\"og:locale\" content=\"da_DK\" \/>\n<meta property=\"og:type\" content=\"article\" \/>\n<meta property=\"og:title\" content=\"Sikkerhed - Top5Credits.com\" \/>\n<meta property=\"og:description\" content=\"Top5Credits Danmark sikkerhed\" \/>\n<meta property=\"og:url\" content=\"https:\/\/www.top5credits.com\/dk\/sikkerhed\/\" \/>\n<meta property=\"og:site_name\" content=\"Top5Credits.com Danmark\" \/>\n<meta property=\"article:publisher\" content=\"https:\/\/www.facebook.com\/Top5Credits-Danmark-672253646571131\" \/>\n<meta property=\"article:modified_time\" content=\"2020-11-19T09:04:08+00:00\" \/>\n<meta property=\"og:image\" content=\"https:\/\/cdn.top5credits.com\/dk\/wp-content\/uploads\/sites\/5\/2023\/11\/top5credits-com-ogimage.png?cdn=1.1.3\" \/>\n\t<meta property=\"og:image:width\" content=\"1200\" \/>\n\t<meta property=\"og:image:height\" content=\"630\" \/>\n\t<meta property=\"og:image:type\" content=\"image\/png\" \/>\n<meta name=\"twitter:card\" content=\"summary_large_image\" \/>\n<meta name=\"twitter:label1\" content=\"Estimeret l\u00e6setid\" \/>\n\t<meta name=\"twitter:data1\" content=\"3 minutter\" \/>\n<script type=\"application\/ld+json\" class=\"yoast-schema-graph\">{\"@context\":\"https:\\\/\\\/schema.org\",\"@graph\":[{\"@type\":\"WebPage\",\"@id\":\"https:\\\/\\\/www.top5credits.com\\\/dk\\\/sikkerhed\\\/\",\"url\":\"https:\\\/\\\/www.top5credits.com\\\/dk\\\/sikkerhed\\\/\",\"name\":\"Sikkerhed - Top5Credits.com\",\"isPartOf\":{\"@id\":\"https:\\\/\\\/www.top5credits.com\\\/dk\\\/#website\"},\"datePublished\":\"2019-04-24T12:36:35+00:00\",\"dateModified\":\"2020-11-19T09:04:08+00:00\",\"description\":\"Top5Credits Danmark sikkerhed\",\"breadcrumb\":{\"@id\":\"https:\\\/\\\/www.top5credits.com\\\/dk\\\/sikkerhed\\\/#breadcrumb\"},\"inLanguage\":\"da-DK\",\"potentialAction\":[{\"@type\":\"ReadAction\",\"target\":[\"https:\\\/\\\/www.top5credits.com\\\/dk\\\/sikkerhed\\\/\"]}]},{\"@type\":\"BreadcrumbList\",\"@id\":\"https:\\\/\\\/www.top5credits.com\\\/dk\\\/sikkerhed\\\/#breadcrumb\",\"itemListElement\":[{\"@type\":\"ListItem\",\"position\":1,\"name\":\"Top5Credits.com\",\"item\":\"https:\\\/\\\/www.top5credits.com\\\/dk\\\/\"},{\"@type\":\"ListItem\",\"position\":2,\"name\":\"Sikkerhed\"}]},{\"@type\":\"WebSite\",\"@id\":\"https:\\\/\\\/www.top5credits.com\\\/dk\\\/#website\",\"url\":\"https:\\\/\\\/www.top5credits.com\\\/dk\\\/\",\"name\":\"Top5Credits.com Danmark\",\"description\":\"\u00a0Sammenlign og find de bedste l\u00e5n\",\"publisher\":{\"@id\":\"https:\\\/\\\/www.top5credits.com\\\/dk\\\/#organization\"},\"potentialAction\":[{\"@type\":\"SearchAction\",\"target\":{\"@type\":\"EntryPoint\",\"urlTemplate\":\"https:\\\/\\\/www.top5credits.com\\\/dk\\\/?s={search_term_string}\"},\"query-input\":{\"@type\":\"PropertyValueSpecification\",\"valueRequired\":true,\"valueName\":\"search_term_string\"}}],\"inLanguage\":\"da-DK\"},{\"@type\":\"Organization\",\"@id\":\"https:\\\/\\\/www.top5credits.com\\\/dk\\\/#organization\",\"name\":\"Top5Credits.com\",\"url\":\"https:\\\/\\\/www.top5credits.com\\\/dk\\\/\",\"logo\":{\"@type\":\"ImageObject\",\"inLanguage\":\"da-DK\",\"@id\":\"https:\\\/\\\/www.top5credits.com\\\/dk\\\/#\\\/schema\\\/logo\\\/image\\\/\",\"url\":\"https:\\\/\\\/cdn.top5credits.com\\\/dk\\\/wp-content\\\/uploads\\\/sites\\\/5\\\/2023\\\/10\\\/t5c-favicon.png\",\"contentUrl\":\"https:\\\/\\\/cdn.top5credits.com\\\/dk\\\/wp-content\\\/uploads\\\/sites\\\/5\\\/2023\\\/10\\\/t5c-favicon.png\",\"width\":512,\"height\":512,\"caption\":\"Top5Credits.com\"},\"image\":{\"@id\":\"https:\\\/\\\/www.top5credits.com\\\/dk\\\/#\\\/schema\\\/logo\\\/image\\\/\"},\"sameAs\":[\"https:\\\/\\\/www.facebook.com\\\/Top5Credits-Danmark-672253646571131\"]}]}<\/script>\n<!-- \/ Yoast SEO plugin. -->","yoast_head_json":{"title":"Sikkerhed - Top5Credits.com","description":"Top5Credits Danmark sikkerhed","robots":{"index":"index","follow":"follow","max-snippet":"max-snippet:-1","max-image-preview":"max-image-preview:large","max-video-preview":"max-video-preview:-1"},"canonical":"https:\/\/www.top5credits.com\/dk\/sikkerhed\/","og_locale":"da_DK","og_type":"article","og_title":"Sikkerhed - Top5Credits.com","og_description":"Top5Credits Danmark sikkerhed","og_url":"https:\/\/www.top5credits.com\/dk\/sikkerhed\/","og_site_name":"Top5Credits.com Danmark","article_publisher":"https:\/\/www.facebook.com\/Top5Credits-Danmark-672253646571131","article_modified_time":"2020-11-19T09:04:08+00:00","og_image":[{"width":1200,"height":630,"url":"https:\/\/cdn.top5credits.com\/dk\/wp-content\/uploads\/sites\/5\/2023\/11\/top5credits-com-ogimage.png?cdn=1.1.3","type":"image\/png"}],"twitter_card":"summary_large_image","twitter_misc":{"Estimeret l\u00e6setid":"3 minutter"},"schema":{"@context":"https:\/\/schema.org","@graph":[{"@type":"WebPage","@id":"https:\/\/www.top5credits.com\/dk\/sikkerhed\/","url":"https:\/\/www.top5credits.com\/dk\/sikkerhed\/","name":"Sikkerhed - Top5Credits.com","isPartOf":{"@id":"https:\/\/www.top5credits.com\/dk\/#website"},"datePublished":"2019-04-24T12:36:35+00:00","dateModified":"2020-11-19T09:04:08+00:00","description":"Top5Credits Danmark sikkerhed","breadcrumb":{"@id":"https:\/\/www.top5credits.com\/dk\/sikkerhed\/#breadcrumb"},"inLanguage":"da-DK","potentialAction":[{"@type":"ReadAction","target":["https:\/\/www.top5credits.com\/dk\/sikkerhed\/"]}]},{"@type":"BreadcrumbList","@id":"https:\/\/www.top5credits.com\/dk\/sikkerhed\/#breadcrumb","itemListElement":[{"@type":"ListItem","position":1,"name":"Top5Credits.com","item":"https:\/\/www.top5credits.com\/dk\/"},{"@type":"ListItem","position":2,"name":"Sikkerhed"}]},{"@type":"WebSite","@id":"https:\/\/www.top5credits.com\/dk\/#website","url":"https:\/\/www.top5credits.com\/dk\/","name":"Top5Credits.com Danmark","description":"\u00a0Sammenlign og find de bedste l\u00e5n","publisher":{"@id":"https:\/\/www.top5credits.com\/dk\/#organization"},"potentialAction":[{"@type":"SearchAction","target":{"@type":"EntryPoint","urlTemplate":"https:\/\/www.top5credits.com\/dk\/?s={search_term_string}"},"query-input":{"@type":"PropertyValueSpecification","valueRequired":true,"valueName":"search_term_string"}}],"inLanguage":"da-DK"},{"@type":"Organization","@id":"https:\/\/www.top5credits.com\/dk\/#organization","name":"Top5Credits.com","url":"https:\/\/www.top5credits.com\/dk\/","logo":{"@type":"ImageObject","inLanguage":"da-DK","@id":"https:\/\/www.top5credits.com\/dk\/#\/schema\/logo\/image\/","url":"https:\/\/cdn.top5credits.com\/dk\/wp-content\/uploads\/sites\/5\/2023\/10\/t5c-favicon.png","contentUrl":"https:\/\/cdn.top5credits.com\/dk\/wp-content\/uploads\/sites\/5\/2023\/10\/t5c-favicon.png","width":512,"height":512,"caption":"Top5Credits.com"},"image":{"@id":"https:\/\/www.top5credits.com\/dk\/#\/schema\/logo\/image\/"},"sameAs":["https:\/\/www.facebook.com\/Top5Credits-Danmark-672253646571131"]}]}},"_links":{"self":[{"href":"https:\/\/www.top5credits.com\/dk\/wp-json\/wp\/v2\/pages\/36","targetHints":{"allow":["GET"]}}],"collection":[{"href":"https:\/\/www.top5credits.com\/dk\/wp-json\/wp\/v2\/pages"}],"about":[{"href":"https:\/\/www.top5credits.com\/dk\/wp-json\/wp\/v2\/types\/page"}],"author":[{"embeddable":true,"href":"https:\/\/www.top5credits.com\/dk\/wp-json\/wp\/v2\/users\/2"}],"replies":[{"embeddable":true,"href":"https:\/\/www.top5credits.com\/dk\/wp-json\/wp\/v2\/comments?post=36"}],"version-history":[{"count":0,"href":"https:\/\/www.top5credits.com\/dk\/wp-json\/wp\/v2\/pages\/36\/revisions"}],"wp:attachment":[{"href":"https:\/\/www.top5credits.com\/dk\/wp-json\/wp\/v2\/media?parent=36"}],"curies":[{"name":"wp","href":"https:\/\/api.w.org\/{rel}","templated":true}]}}