{"id":87,"date":"2019-06-12T11:04:35","date_gmt":"2019-06-12T11:04:35","guid":{"rendered":"https:\/\/www.top5credits.com\/dk\/?page_id=87"},"modified":"2022-03-22T11:10:05","modified_gmt":"2022-03-22T11:10:05","slug":"ansogning","status":"publish","type":"page","link":"https:\/\/www.top5credits.com\/dk\/ansogning\/","title":{"rendered":"Ans\u00f8gning"},"content":{"rendered":"\n<h1 class=\"wp-block-heading\">Find dit Top5 l\u00e5n<\/h1>\n\n\n\n<p style=\"margin: 20px auto 20px;width: 400px; max-width: 95%;\"><i class=\"fas fa-check\" style=\"color: #082\"><\/i> Personligt tilbud om l\u00e5n<br><i class=\"fas fa-check\" style=\"color: #082\"><\/i> Enkelt at udfylde<br><i class=\"fas fa-check\" style=\"color: #082\"><\/i> Vi hj\u00e6lper alle ans\u00f8gere<\/p>\n\n\n\n\n\n\n\n<div class=\"full-gray\">\n\n\n\n<h2 class=\"wp-block-heading\">Hvordan g\u00f8r vi det?<\/h2>\n\n\n\n<p>Har du brug for et l\u00e5n, men har du sv\u00e6rt ved at finde de rigtige muligheder? Konkurrencen om kunderne i Danmark og Norge er h\u00e5rd. Nye banker, udl\u00e5nprodukter og udl\u00e5nformidlere springer hele tiden frem. Hvor finder man s\u00e5 det korrekte l\u00e5n, der matcher ens behov?<\/p>\n\n\n\n<p><strong>Vi g\u00f8r arbejdet for dig.<\/strong> Hurtigt, nemt og p\u00e5lideligt.<\/p>\n\n\n\n<p>Fort\u00e6l os, hvad du har brug for et l\u00e5n til, bel\u00f8bet, din stilling og din nettoindkomst. Ud fra disse oplysninger kan vi indkranse de mest passende muligheder til dig. Vi samarbejder blandt andre med de f\u00f8lgende banker og udl\u00e5nsformidlere: <a href=\"https:\/\/www.top5credits.com\/dk\/anmeldelser\/resurs-bank\/\">Resurs Bank<\/a>, <a href=\"https:\/\/www.top5credits.com\/dk\/anmeldelser\/express-bank\/\">Express Bank<\/a>, Bank Norwegian, <a href=\"https:\/\/www.top5credits.com\/dk\/anmeldelser\/annafinans\/\">Annafinans<\/a>, <a href=\"https:\/\/www.top5credits.com\/dk\/anmeldelser\/basisbank\/\">Basisbank<\/a>, <a href=\"https:\/\/www.top5credits.com\/dk\/anmeldelser\/lendme\/\">LendMe<\/a>, og <a href=\"https:\/\/www.top5credits.com\/dk\/anmeldelser\/ferratum\/\">Ferratum<\/a>.<\/p>\n\n\n\n<p><strong>Vi viser dig 5 pr\u00e6filtrerede muligheder<\/strong>, deres gode og d\u00e5rlige sider og naturligvis den ansl\u00e5ede rentesats, l\u00f8betiden og andre kriterier. <\/p>\n\n\n\n<p>Fort\u00e6l os, hvilken type l\u00e5n du har brug for, s\u00e5 sender vi dig de 5 bedste muligheder.<\/p>\n\n\n\n<\/div>\n","protected":false},"excerpt":{"rendered":"<p>Find dit Top5 l\u00e5n Personligt tilbud om l\u00e5n Enkelt at udfylde Vi hj\u00e6lper alle ans\u00f8gere Hvordan g\u00f8r vi det? Har du brug for et l\u00e5n,<\/p>\n<p class=\"more-link\">L\u00e6s mere <span class=\"screen-reader-text\">Ans\u00f8gning<\/span><\/p>\n","protected":false},"author":2,"featured_media":0,"parent":0,"menu_order":0,"comment_status":"closed","ping_status":"closed","template":"page-formstep.php","meta":{"footnotes":""},"class_list":["post-87","page","type-page","status-publish","hentry","entry"],"yoast_head":"<!-- This site is optimized with the Yoast SEO plugin v27.3 - https:\/\/yoast.com\/product\/yoast-seo-wordpress\/ -->\n<title>Ans\u00f8gning - Top5Credits.com<\/title>\n<meta name=\"robots\" content=\"noindex, follow\" \/>\n<meta property=\"og:locale\" content=\"da_DK\" \/>\n<meta property=\"og:type\" content=\"article\" \/>\n<meta property=\"og:title\" content=\"Ans\u00f8gning - Top5Credits.com\" \/>\n<meta property=\"og:description\" content=\"Find dit Top5 l\u00e5n Personligt tilbud om l\u00e5n Enkelt at udfylde Vi hj\u00e6lper alle ans\u00f8gere Hvordan g\u00f8r vi det? Har du brug for et l\u00e5n,L\u00e6s mere Ans\u00f8gning\" \/>\n<meta property=\"og:url\" content=\"https:\/\/www.top5credits.com\/dk\/ansogning\/\" \/>\n<meta property=\"og:site_name\" content=\"Top5Credits.com Danmark\" \/>\n<meta property=\"article:publisher\" content=\"https:\/\/www.facebook.com\/Top5Credits-Danmark-672253646571131\" \/>\n<meta property=\"article:modified_time\" content=\"2022-03-22T11:10:05+00:00\" \/>\n<meta property=\"og:image\" content=\"https:\/\/cdn.top5credits.com\/dk\/wp-content\/uploads\/sites\/5\/2019\/06\/top5-og.jpg?cdn=1.1.3\" \/>\n\t<meta property=\"og:image:width\" content=\"1200\" \/>\n\t<meta property=\"og:image:height\" content=\"630\" \/>\n\t<meta property=\"og:image:type\" content=\"image\/jpeg\" \/>\n<meta name=\"twitter:card\" content=\"summary_large_image\" \/>\n<meta name=\"twitter:label1\" content=\"Estimeret l\u00e6setid\" \/>\n\t<meta name=\"twitter:data1\" content=\"1 minut\" \/>\n<script type=\"application\/ld+json\" class=\"yoast-schema-graph\">{\"@context\":\"https:\\\/\\\/schema.org\",\"@graph\":[{\"@type\":\"WebPage\",\"@id\":\"https:\\\/\\\/www.top5credits.com\\\/dk\\\/ansogning\\\/\",\"url\":\"https:\\\/\\\/www.top5credits.com\\\/dk\\\/ansogning\\\/\",\"name\":\"Ans\u00f8gning - Top5Credits.com\",\"isPartOf\":{\"@id\":\"https:\\\/\\\/www.top5credits.com\\\/dk\\\/#website\"},\"datePublished\":\"2019-06-12T11:04:35+00:00\",\"dateModified\":\"2022-03-22T11:10:05+00:00\",\"breadcrumb\":{\"@id\":\"https:\\\/\\\/www.top5credits.com\\\/dk\\\/ansogning\\\/#breadcrumb\"},\"inLanguage\":\"da-DK\",\"potentialAction\":[{\"@type\":\"ReadAction\",\"target\":[\"https:\\\/\\\/www.top5credits.com\\\/dk\\\/ansogning\\\/\"]}]},{\"@type\":\"BreadcrumbList\",\"@id\":\"https:\\\/\\\/www.top5credits.com\\\/dk\\\/ansogning\\\/#breadcrumb\",\"itemListElement\":[{\"@type\":\"ListItem\",\"position\":1,\"name\":\"Top5Credits.com\",\"item\":\"https:\\\/\\\/www.top5credits.com\\\/dk\\\/\"},{\"@type\":\"ListItem\",\"position\":2,\"name\":\"Ans\u00f8gning\"}]},{\"@type\":\"WebSite\",\"@id\":\"https:\\\/\\\/www.top5credits.com\\\/dk\\\/#website\",\"url\":\"https:\\\/\\\/www.top5credits.com\\\/dk\\\/\",\"name\":\"Top5Credits.com Danmark\",\"description\":\"\u00a0Sammenlign og find de bedste l\u00e5n\",\"publisher\":{\"@id\":\"https:\\\/\\\/www.top5credits.com\\\/dk\\\/#organization\"},\"potentialAction\":[{\"@type\":\"SearchAction\",\"target\":{\"@type\":\"EntryPoint\",\"urlTemplate\":\"https:\\\/\\\/www.top5credits.com\\\/dk\\\/?s={search_term_string}\"},\"query-input\":{\"@type\":\"PropertyValueSpecification\",\"valueRequired\":true,\"valueName\":\"search_term_string\"}}],\"inLanguage\":\"da-DK\"},{\"@type\":\"Organization\",\"@id\":\"https:\\\/\\\/www.top5credits.com\\\/dk\\\/#organization\",\"name\":\"Top5Credits.com\",\"url\":\"https:\\\/\\\/www.top5credits.com\\\/dk\\\/\",\"logo\":{\"@type\":\"ImageObject\",\"inLanguage\":\"da-DK\",\"@id\":\"https:\\\/\\\/www.top5credits.com\\\/dk\\\/#\\\/schema\\\/logo\\\/image\\\/\",\"url\":\"https:\\\/\\\/cdn.top5credits.com\\\/dk\\\/wp-content\\\/uploads\\\/sites\\\/5\\\/2023\\\/10\\\/t5c-favicon.png\",\"contentUrl\":\"https:\\\/\\\/cdn.top5credits.com\\\/dk\\\/wp-content\\\/uploads\\\/sites\\\/5\\\/2023\\\/10\\\/t5c-favicon.png\",\"width\":512,\"height\":512,\"caption\":\"Top5Credits.com\"},\"image\":{\"@id\":\"https:\\\/\\\/www.top5credits.com\\\/dk\\\/#\\\/schema\\\/logo\\\/image\\\/\"},\"sameAs\":[\"https:\\\/\\\/www.facebook.com\\\/Top5Credits-Danmark-672253646571131\"]}]}<\/script>\n<!-- \/ Yoast SEO plugin. -->","yoast_head_json":{"title":"Ans\u00f8gning - Top5Credits.com","robots":{"index":"noindex","follow":"follow"},"og_locale":"da_DK","og_type":"article","og_title":"Ans\u00f8gning - Top5Credits.com","og_description":"Find dit Top5 l\u00e5n Personligt tilbud om l\u00e5n Enkelt at udfylde Vi hj\u00e6lper alle ans\u00f8gere Hvordan g\u00f8r vi det? Har du brug for et l\u00e5n,L\u00e6s mere Ans\u00f8gning","og_url":"https:\/\/www.top5credits.com\/dk\/ansogning\/","og_site_name":"Top5Credits.com Danmark","article_publisher":"https:\/\/www.facebook.com\/Top5Credits-Danmark-672253646571131","article_modified_time":"2022-03-22T11:10:05+00:00","og_image":[{"width":1200,"height":630,"url":"https:\/\/cdn.top5credits.com\/dk\/wp-content\/uploads\/sites\/5\/2019\/06\/top5-og.jpg?cdn=1.1.3","type":"image\/jpeg"}],"twitter_card":"summary_large_image","twitter_misc":{"Estimeret l\u00e6setid":"1 minut"},"schema":{"@context":"https:\/\/schema.org","@graph":[{"@type":"WebPage","@id":"https:\/\/www.top5credits.com\/dk\/ansogning\/","url":"https:\/\/www.top5credits.com\/dk\/ansogning\/","name":"Ans\u00f8gning - Top5Credits.com","isPartOf":{"@id":"https:\/\/www.top5credits.com\/dk\/#website"},"datePublished":"2019-06-12T11:04:35+00:00","dateModified":"2022-03-22T11:10:05+00:00","breadcrumb":{"@id":"https:\/\/www.top5credits.com\/dk\/ansogning\/#breadcrumb"},"inLanguage":"da-DK","potentialAction":[{"@type":"ReadAction","target":["https:\/\/www.top5credits.com\/dk\/ansogning\/"]}]},{"@type":"BreadcrumbList","@id":"https:\/\/www.top5credits.com\/dk\/ansogning\/#breadcrumb","itemListElement":[{"@type":"ListItem","position":1,"name":"Top5Credits.com","item":"https:\/\/www.top5credits.com\/dk\/"},{"@type":"ListItem","position":2,"name":"Ans\u00f8gning"}]},{"@type":"WebSite","@id":"https:\/\/www.top5credits.com\/dk\/#website","url":"https:\/\/www.top5credits.com\/dk\/","name":"Top5Credits.com Danmark","description":"\u00a0Sammenlign og find de bedste l\u00e5n","publisher":{"@id":"https:\/\/www.top5credits.com\/dk\/#organization"},"potentialAction":[{"@type":"SearchAction","target":{"@type":"EntryPoint","urlTemplate":"https:\/\/www.top5credits.com\/dk\/?s={search_term_string}"},"query-input":{"@type":"PropertyValueSpecification","valueRequired":true,"valueName":"search_term_string"}}],"inLanguage":"da-DK"},{"@type":"Organization","@id":"https:\/\/www.top5credits.com\/dk\/#organization","name":"Top5Credits.com","url":"https:\/\/www.top5credits.com\/dk\/","logo":{"@type":"ImageObject","inLanguage":"da-DK","@id":"https:\/\/www.top5credits.com\/dk\/#\/schema\/logo\/image\/","url":"https:\/\/cdn.top5credits.com\/dk\/wp-content\/uploads\/sites\/5\/2023\/10\/t5c-favicon.png","contentUrl":"https:\/\/cdn.top5credits.com\/dk\/wp-content\/uploads\/sites\/5\/2023\/10\/t5c-favicon.png","width":512,"height":512,"caption":"Top5Credits.com"},"image":{"@id":"https:\/\/www.top5credits.com\/dk\/#\/schema\/logo\/image\/"},"sameAs":["https:\/\/www.facebook.com\/Top5Credits-Danmark-672253646571131"]}]}},"_links":{"self":[{"href":"https:\/\/www.top5credits.com\/dk\/wp-json\/wp\/v2\/pages\/87","targetHints":{"allow":["GET"]}}],"collection":[{"href":"https:\/\/www.top5credits.com\/dk\/wp-json\/wp\/v2\/pages"}],"about":[{"href":"https:\/\/www.top5credits.com\/dk\/wp-json\/wp\/v2\/types\/page"}],"author":[{"embeddable":true,"href":"https:\/\/www.top5credits.com\/dk\/wp-json\/wp\/v2\/users\/2"}],"replies":[{"embeddable":true,"href":"https:\/\/www.top5credits.com\/dk\/wp-json\/wp\/v2\/comments?post=87"}],"version-history":[{"count":0,"href":"https:\/\/www.top5credits.com\/dk\/wp-json\/wp\/v2\/pages\/87\/revisions"}],"wp:attachment":[{"href":"https:\/\/www.top5credits.com\/dk\/wp-json\/wp\/v2\/media?parent=87"}],"curies":[{"name":"wp","href":"https:\/\/api.w.org\/{rel}","templated":true}]}}