{"id":9,"date":"2019-03-25T07:43:37","date_gmt":"2019-03-25T07:43:37","guid":{"rendered":"https:\/\/www.top5credits.com\/dk\/?page_id=9"},"modified":"2024-06-13T12:31:20","modified_gmt":"2024-06-13T12:31:20","slug":"forsiden","status":"publish","type":"page","link":"https:\/\/www.top5credits.com\/dk\/","title":{"rendered":"Forsiden"},"content":{"rendered":"\n<div class=\"wp-block-group front-page\"><div class=\"wp-block-group__inner-container is-layout-flow wp-block-group-is-layout-flow\">\n<div class=\"wp-block-columns is-layout-flex wp-container-core-columns-is-layout-9d6595d7 wp-block-columns-is-layout-flex\">\n<div class=\"wp-block-column is-layout-flow wp-block-column-is-layout-flow\">\n<h1 class=\"wp-block-heading\">Sammenlign billige l\u00e5n p\u00e5 1 minut<\/h1>\n\n\n\n<p class=\"has-text-align-left\">Fort\u00e6l os, hvilken type l\u00e5n du har brug for, og tjek de 5 bedste l\u00e5nemuligheder i Danmark.<\/p>\n\n\n\n<ul class=\"dm-ctalist wp-block-list\">\n<li><a href=\"https:\/\/www.top5credits.com\/dk\/laansammenligning\/\">L\u00e5n penge<\/a><\/li>\n\n\n\n<li><a href=\"https:\/\/www.top5credits.com\/dk\/samlelaan\/\">Samlel\u00e5n<\/a><\/li>\n<\/ul>\n\n\n\n<ul class=\"dm-ctalist wp-block-list\">\n<li><a href=\"https:\/\/www.top5credits.com\/dk\/forbrugslaan\/\">Forbrugsl\u00e5n<\/a><\/li>\n\n\n\n<li><a href=\"https:\/\/www.top5credits.com\/dk\/billaan\/\">Bill\u00e5n<\/a><\/li>\n<\/ul>\n<\/div>\n\n\n\n<div class=\"wp-block-column is-layout-flow wp-block-column-is-layout-flow\">\n<\/div>\n<\/div>\n<\/div><\/div>\n\n\n\n<div style=\"height:40px\" aria-hidden=\"true\" class=\"wp-block-spacer\"><\/div>\n\n\n\n<h2 class=\"wp-block-heading has-text-align-center\">Vi sammenligner over 40 banker, l\u00e5ngivere og l\u00e5neformidlere<\/h2>\n\n\n\n<figure class=\"wp-block-gallery has-nested-images columns-6 is-cropped wp-block-gallery-1 is-layout-flex wp-block-gallery-is-layout-flex\">\n<figure class=\"wp-block-image size-large\"><img decoding=\"async\" src=\"https:\/\/www.top5credits.com\/images\/den\/leasy-minilan.jpg\" alt=\"L'easy minil\u00e5n\"\/><\/figure>\n\n\n\n<figure class=\"wp-block-image size-large\"><img decoding=\"async\" src=\"https:\/\/www.top5credits.com\/images\/den\/banknorwegian.jpg\" alt=\"Bank Norwegian\"\/><\/figure>\n\n\n\n<figure class=\"wp-block-image size-large\"><img loading=\"lazy\" decoding=\"async\" width=\"300\" height=\"100\" data-id=\"764\" src=\"https:\/\/www.top5credits.com\/dk\/wp-content\/uploads\/sites\/5\/2019\/11\/lendme.jpg\" alt=\"LendMe\" class=\"wp-image-764\"\/><\/figure>\n\n\n\n<figure class=\"wp-block-image size-large\"><img decoding=\"async\" src=\"https:\/\/www.top5credits.com\/images\/den\/acceptlaan.jpg\" alt=\"AcceptL\u00e5n\"\/><\/figure>\n\n\n\n<figure class=\"wp-block-image size-large\"><img decoding=\"async\" src=\"https:\/\/www.top5credits.com\/images\/den\/lendo.jpg\" alt=\"Lendo\"\/><\/figure>\n\n\n\n<figure class=\"wp-block-image size-large\"><img decoding=\"async\" src=\"https:\/\/www.top5credits.com\/images\/den\/ferratum.jpg\" alt=\"Ferratum\"\/><\/figure>\n<\/figure>\n\n\n\n<div style=\"height:45px\" aria-hidden=\"true\" class=\"wp-block-spacer\"><\/div>\n\n\n\n<h2 class=\"wp-block-heading has-text-align-center\">Hvordan g\u00f8r vi det?<\/h2>\n\n\n\n<p>Har du brug for et l\u00e5n, men har du sv\u00e6rt ved at finde de rigtige muligheder? Konkurrencen om kunderne i Danmark og Norge er h\u00e5rd. Nye banker, udl\u00e5nprodukter og udl\u00e5nformidlere springer hele tiden frem. Hvor finder man s\u00e5 det korrekte l\u00e5n, der matcher ens behov?<\/p>\n\n\n\n<p><strong>Vi g\u00f8r arbejdet for dig.<\/strong>&nbsp;Hurtigt, nemt og p\u00e5lideligt.<\/p>\n\n\n\n<p>Fort\u00e6l os, hvad du har brug for et l\u00e5n til, bel\u00f8bet, din stilling og din nettoindkomst. Ud fra disse oplysninger kan vi indkranse de mest passende muligheder til dig. Vi samarbejder blandt andre med de f\u00f8lgende banker og udl\u00e5nsformidlere:&nbsp;<a href=\"https:\/\/www.top5credits.com\/dk\/anmeldelser\/resurs-bank\/\">Resurs Bank<\/a>,&nbsp;<a href=\"https:\/\/www.top5credits.com\/dk\/anmeldelser\/express-bank\/\">Express Bank<\/a>, Bank Norwegian,&nbsp;Annafinans, Basisbank,&nbsp;<a href=\"https:\/\/www.top5credits.com\/dk\/anmeldelser\/lendme\/\">LendMe<\/a>, og&nbsp;<a href=\"https:\/\/www.top5credits.com\/dk\/anmeldelser\/ferratum\/\">Ferratum<\/a>.<\/p>\n\n\n\n<p><strong>Vi viser dig 5 pr\u00e6filtrerede muligheder<\/strong>, deres gode og d\u00e5rlige sider og naturligvis den ansl\u00e5ede rentesats, l\u00f8betiden og andre kriterier.<\/p>\n\n\n\n<p>Fort\u00e6l os, hvilken type l\u00e5n du har brug for, s\u00e5 sender vi dig de 5 bedste muligheder.<\/p>\n\n\n<div class=\"draivi-google-reviews\">\r\n        <div class=\"draivi-total-rate-reviews\">\r\n        <div class=\"google-widget\">\r\n            <div class=\"google-icon\"><img loading=\"lazy\" decoding=\"async\" src=\"https:\/\/www.top5credits.com\/dk\/wp-content\/plugins\/draivi_widgets\/assets\/google.png\"\r\n                        alt=\"Google Logo\" width=\"20\" height=\"20\"><\/div>\r\n                                    <div class=\"star-rating\" style=\"display:none;\"><\/div>\r\n                    <\/div>\r\n        <div>\r\n            <a href=\"https:\/\/www.google.com\/search?sa=X&sca_esv=24bbad5dfa0464e6&sca_upv=1&rlz=1C1ONGR_enFI1061FI1061&tbm=lcl&q=Top5Credits.com+Reviews&rflfq=1&num=20&stick=H4sIAAAAAAAAAONgkxIxNDAzMjY1sLQwNzA1NzU0MbM0MNjAyPiKUTwkv8DUuSg1JbOkWC85P1chKLUsM7W8eBErLhkAdcfpRU8AAAA&rldimm=10623509870575146900&hl=en-FI&ved=2ahUKEwj46aesjtaGAxXRKBAIHQyQD40Q9fQKegQILxAF&biw=2048&bih=1018&dpr=1.25#lkt=LocalPoiReviews\"\r\n                class=\"reviews-button\" target=\"_blank\">L\u00e6s mere<\/a>\r\n        <\/div>\r\n            <\/div>\r\n    \r\n        <div class=\"draivi-reviews\">\r\n        <div class=\"review-slider-container\">\r\n            <button class=\"review-prev\">&#10094;<\/button>\r\n            <div class=\"review-slider\">\r\n                                                <div class=\"draivi-review\">\r\n                    <div class=\"stars-and-logo\">\r\n                        <div class=\"stars\" data-rating=\"5\">\r\n                            <span class=\"star filled\">\u2605<\/span><span class=\"star filled\">\u2605<\/span><span class=\"star filled\">\u2605<\/span><span class=\"star filled\">\u2605<\/span><span class=\"star filled\">\u2605<\/span>                        <\/div>\r\n                        <div class=\"google-icon\">\r\n                            <img loading=\"lazy\" decoding=\"async\" src=\"https:\/\/www.top5credits.com\/dk\/wp-content\/plugins\/draivi_widgets\/assets\/google.png\" alt=\"Google Logo\" width=\"30\" height=\"30\">                        <\/div>\r\n                    <\/div>\r\n                    <p class=\"review-comment\">\r\n                        <span class=\"short-comment\">Sivustolla liikkuminen on vaivatonta ja helppoa!<\/span>                    <\/p>\r\n                    <div class=\"auth\">\r\n                                                <p><img decoding=\"async\" src=\"https:\/\/lh3.googleusercontent.com\/a\/ACg8ocKmpO6Gzp7yz768SaDw5yeEbeoKXAfMOanTwuncrPHgGwwFow=s128-c0x00000000-cc-rp-mo\"\r\n                                alt=\"Heidi Lahti\" width=\"50\"><\/p>\r\n                                                <div class=\"auth-name\">\r\n                            <p>Heidi Lahti<\/p>\r\n                            <p class=\"date\">10.11.2023 <\/p>\r\n                        <\/div>\r\n                    <\/div>\r\n                <\/div>\r\n                                                                <div class=\"draivi-review\">\r\n                    <div class=\"stars-and-logo\">\r\n                        <div class=\"stars\" data-rating=\"5\">\r\n                            <span class=\"star filled\">\u2605<\/span><span class=\"star filled\">\u2605<\/span><span class=\"star filled\">\u2605<\/span><span class=\"star filled\">\u2605<\/span><span class=\"star filled\">\u2605<\/span>                        <\/div>\r\n                        <div class=\"google-icon\">\r\n                            <img loading=\"lazy\" decoding=\"async\" src=\"https:\/\/www.top5credits.com\/dk\/wp-content\/plugins\/draivi_widgets\/assets\/google.png\" alt=\"Google Logo\" width=\"30\" height=\"30\">                        <\/div>\r\n                    <\/div>\r\n                    <p class=\"review-comment\">\r\n                        <span class=\"short-comment\">Eritt\u00e4in selke\u00e4 ja toimiva palvelu! Suosittelen<\/span>                    <\/p>\r\n                    <div class=\"auth\">\r\n                                                <p><img decoding=\"async\" src=\"https:\/\/lh3.googleusercontent.com\/a-\/ALV-UjX69a5XDifAkzmQi9p6pKGuEE83LK7IBYKpRslpGnb7ICGlDxCRPQ=s128-c0x00000000-cc-rp-mo-ba5\"\r\n                                alt=\"johannes suni\" width=\"50\"><\/p>\r\n                                                <div class=\"auth-name\">\r\n                            <p>johannes suni<\/p>\r\n                            <p class=\"date\">14.05.2020 <\/p>\r\n                        <\/div>\r\n                    <\/div>\r\n                <\/div>\r\n                                                                <div class=\"draivi-review\">\r\n                    <div class=\"stars-and-logo\">\r\n                        <div class=\"stars\" data-rating=\"5\">\r\n                            <span class=\"star filled\">\u2605<\/span><span class=\"star filled\">\u2605<\/span><span class=\"star filled\">\u2605<\/span><span class=\"star filled\">\u2605<\/span><span class=\"star filled\">\u2605<\/span>                        <\/div>\r\n                        <div class=\"google-icon\">\r\n                            <img loading=\"lazy\" decoding=\"async\" src=\"https:\/\/www.top5credits.com\/dk\/wp-content\/plugins\/draivi_widgets\/assets\/google.png\" alt=\"Google Logo\" width=\"30\" height=\"30\">                        <\/div>\r\n                    <\/div>\r\n                    <p class=\"review-comment\">\r\n                        <span class=\"short-comment\"><\/span>                    <\/p>\r\n                    <div class=\"auth\">\r\n                                                <p><img decoding=\"async\" src=\"https:\/\/lh3.googleusercontent.com\/a-\/ALV-UjWpg4y1ZM7-b5HMua42l0FImDj9Bm0McYY2As8Y5DO6oXxxwZI=s128-c0x00000000-cc-rp-mo-ba2\"\r\n                                alt=\"Ad\u00e1n Mendoza\" width=\"50\"><\/p>\r\n                                                <div class=\"auth-name\">\r\n                            <p>Ad\u00e1n Mendoza<\/p>\r\n                            <p class=\"date\">06.10.2020 <\/p>\r\n                        <\/div>\r\n                    <\/div>\r\n                <\/div>\r\n                                                                            <\/div>\r\n            <button class=\"review-next\">&#10095;<\/button>\r\n        <\/div>\r\n    <\/div>\r\n    <\/div>\r\n\n\n\n\n<div class=\"wp-block-columns has-2-columns is-layout-flex wp-container-core-columns-is-layout-9d6595d7 wp-block-columns-is-layout-flex\">\n<div class=\"wp-block-column is-layout-flow wp-block-column-is-layout-flow\"><div class=\"wp-block-image\">\n<figure class=\"aligncenter size-full\"><img loading=\"lazy\" decoding=\"async\" width=\"300\" height=\"274\" src=\"https:\/\/www.top5credits.com\/dk\/wp-content\/uploads\/sites\/5\/2019\/06\/code-from-finland.png\" alt=\"code from finland\" class=\"wp-image-74\"\/><\/figure>\n<\/div><\/div>\n\n\n\n<div class=\"wp-block-column is-layout-flow wp-block-column-is-layout-flow\"><div class=\"wp-block-image\">\n<figure class=\"aligncenter size-full\"><img loading=\"lazy\" decoding=\"async\" width=\"258\" height=\"274\" src=\"https:\/\/www.top5credits.com\/no\/wp-content\/uploads\/sites\/4\/2019\/06\/letsencrypt-logo.png\" alt=\"letsencrypt logo\" class=\"wp-image-76\"\/><figcaption class=\"wp-element-caption\"><em>\u00ae Let&#8217;s Encrypt is a trademark of the Internet Security Research Group. All rights reserved. &nbsp; <\/em><a href=\"https:\/\/creativecommons.org\/licenses\/by-nc\/4.0\/\">(CC BY-NC 4.0)<\/a><\/figcaption><\/figure>\n<\/div><\/div>\n<\/div>\n\n\n\n<div style=\"height:40px\" aria-hidden=\"true\" class=\"wp-block-spacer\"><\/div>\n\n\n\n<h2 class=\"wp-block-heading has-text-align-center\">Nyeste artikel<\/h2>\n\n\n<div class=\"latest-posts\"><a href=\"https:\/\/www.top5credits.com\/dk\/beregner\/badlaansberegner\/\" class=\"latest-post-card\"><div class=\"thumbnail\"><img loading=\"lazy\" decoding=\"async\" width=\"1200\" height=\"630\" src=\"https:\/\/cdn.top5credits.com\/dk\/wp-content\/uploads\/sites\/5\/2022\/08\/Baadlaansberegner.jpg?cdn=1.1.3\" class=\"attachment-post-thumbnail size-post-thumbnail wp-post-image\" alt=\"B\u00e5dl\u00e5nsberegner\" srcset=\"https:\/\/cdn.top5credits.com\/dk\/wp-content\/uploads\/sites\/5\/2022\/08\/Baadlaansberegner.jpg?cdn=1.1.3 1200w, https:\/\/cdn.top5credits.com\/dk\/wp-content\/uploads\/sites\/5\/2022\/08\/Baadlaansberegner-300x158.jpg?cdn=1.1.3 300w, https:\/\/cdn.top5credits.com\/dk\/wp-content\/uploads\/sites\/5\/2022\/08\/Baadlaansberegner-1024x538.jpg?cdn=1.1.3 1024w, https:\/\/cdn.top5credits.com\/dk\/wp-content\/uploads\/sites\/5\/2022\/08\/Baadlaansberegner-768x403.jpg?cdn=1.1.3 768w\" sizes=\"auto, (max-width: 1200px) 100vw, 1200px\" style=\"width:100%;height:52.5%;max-width:1200px;\" \/><\/div><div class=\"post-content\"><p class=\"date\">oktober 21, 2023<\/p class=\"date\"><h4>B\u00e5dl\u00e5nsberegner<\/h4><p>Hvis du har brug for et l\u00e5n til at d\u00e6kke k\u00f8bet af en ny eller brugt b\u00e5d, kan en l\u00e5neberegner hj\u00e6lpe dig med at finde<p class=\"more-link\">L\u00e6s mere <span class=\"screen-reader-text\">B\u00e5dl\u00e5nsberegner<\/span><\/p><\/p><\/div><\/a><a href=\"https:\/\/www.top5credits.com\/dk\/finansiering\/kreditkort\/betale-kreditkort-med-et-andet-kreditkort\/\" class=\"latest-post-card\"><div class=\"thumbnail\"><img loading=\"lazy\" decoding=\"async\" width=\"1200\" height=\"630\" src=\"https:\/\/cdn.top5credits.com\/dk\/wp-content\/uploads\/sites\/5\/2022\/08\/Kan-du-betale-kreditkort-med-et-andet-kreditkort.jpg?cdn=1.1.3\" class=\"attachment-post-thumbnail size-post-thumbnail wp-post-image\" alt=\"Betale kreditkort med et andet kreditkort\" srcset=\"https:\/\/cdn.top5credits.com\/dk\/wp-content\/uploads\/sites\/5\/2022\/08\/Kan-du-betale-kreditkort-med-et-andet-kreditkort.jpg?cdn=1.1.3 1200w, https:\/\/cdn.top5credits.com\/dk\/wp-content\/uploads\/sites\/5\/2022\/08\/Kan-du-betale-kreditkort-med-et-andet-kreditkort-300x158.jpg?cdn=1.1.3 300w, https:\/\/cdn.top5credits.com\/dk\/wp-content\/uploads\/sites\/5\/2022\/08\/Kan-du-betale-kreditkort-med-et-andet-kreditkort-1024x538.jpg?cdn=1.1.3 1024w, https:\/\/cdn.top5credits.com\/dk\/wp-content\/uploads\/sites\/5\/2022\/08\/Kan-du-betale-kreditkort-med-et-andet-kreditkort-768x403.jpg?cdn=1.1.3 768w\" sizes=\"auto, (max-width: 1200px) 100vw, 1200px\" style=\"width:100%;height:52.5%;max-width:1200px;\" \/><\/div><div class=\"post-content\"><p class=\"date\">oktober 21, 2023<\/p class=\"date\"><h4>Kan du betale kreditkort med et andet kreditkort<\/h4><p>Kreditkort er st\u00e6rke finansielle v\u00e6rkt\u00f8jer. N\u00e5r de bruges korrekt, kan de hj\u00e6lpe dig med at styre din likviditet eller endda hj\u00e6lpe dig med at f\u00e5<p class=\"more-link\">L\u00e6s mere <span class=\"screen-reader-text\">Kan du betale kreditkort med et andet kreditkort<\/span><\/p><\/p><\/div><\/a><a href=\"https:\/\/www.top5credits.com\/dk\/personlig-oekonomi\/indkomst\/hvad-tjener-en-folkeskolelaerer\/\" class=\"latest-post-card\"><div class=\"thumbnail\"><img decoding=\"async\" src=\"https:\/\/www.top5credits.com\/images\/top5credits-post-bg.png\" alt=\"Top5Credits logo\"><\/div><div class=\"post-content\"><p class=\"date\">oktober 5, 2023<\/p class=\"date\"><h4>Hvad tjener en folkeskolel\u00e6rer?<\/h4><p>Det kan v\u00e6re interessant at se p\u00e5 l\u00f8nnen, f\u00f8r man v\u00e6lger at tage en uddannelse, men l\u00f8nnen for en l\u00e6rer afh\u00e6nger meget af, om det<p class=\"more-link\">L\u00e6s mere <span class=\"screen-reader-text\">Hvad tjener en folkeskolel\u00e6rer?<\/span><\/p><\/p><\/div><\/a><\/div>\n","protected":false},"excerpt":{"rendered":"<p>Sammenlign billige l\u00e5n p\u00e5 1 minut Fort\u00e6l os, hvilken type l\u00e5n du har brug for, og tjek de 5 bedste l\u00e5nemuligheder i Danmark. Vi sammenligner<\/p>\n<p class=\"more-link\">L\u00e6s mere <span class=\"screen-reader-text\">Hvad tjener en folkeskolel\u00e6rer?<\/span><\/p>\n","protected":false},"author":2,"featured_media":126,"parent":0,"menu_order":0,"comment_status":"closed","ping_status":"closed","template":"","meta":{"footnotes":""},"class_list":["post-9","page","type-page","status-publish","has-post-thumbnail","hentry","entry"],"yoast_head":"<!-- This site is optimized with the Yoast SEO plugin v27.3 - https:\/\/yoast.com\/product\/yoast-seo-wordpress\/ -->\n<title>Billige l\u00e5n - Sammenlign de bedste &amp; billigste l\u00e5n - Top5Credits<\/title>\n<meta name=\"description\" content=\"Top5Credits sammenligner og finder de 5 bedste og billigste l\u00e5n p\u00e5 markedet til dig. Vi afd\u00e6kker fordele og ulemper ved hvert l\u00e5n. Se de bedste l\u00e5n.\" \/>\n<meta name=\"robots\" content=\"index, follow, max-snippet:-1, max-image-preview:large, max-video-preview:-1\" \/>\n<link rel=\"canonical\" href=\"https:\/\/www.top5credits.com\/dk\/\" \/>\n<meta property=\"og:locale\" content=\"da_DK\" \/>\n<meta property=\"og:type\" content=\"article\" \/>\n<meta property=\"og:title\" content=\"Billige l\u00e5n - Sammenlign de bedste &amp; billigste l\u00e5n - Top5Credits\" \/>\n<meta property=\"og:description\" content=\"Top5Credits sammenligner og finder de 5 bedste og billigste l\u00e5n p\u00e5 markedet til dig. Vi afd\u00e6kker fordele og ulemper ved hvert l\u00e5n. Se de bedste l\u00e5n.\" \/>\n<meta property=\"og:url\" content=\"https:\/\/www.top5credits.com\/dk\/\" \/>\n<meta property=\"og:site_name\" content=\"Top5Credits.com Danmark\" \/>\n<meta property=\"article:publisher\" content=\"https:\/\/www.facebook.com\/Top5Credits-Danmark-672253646571131\" \/>\n<meta property=\"article:modified_time\" content=\"2024-06-13T12:31:20+00:00\" \/>\n<meta property=\"og:image\" content=\"https:\/\/cdn.top5credits.com\/dk\/wp-content\/uploads\/sites\/5\/2019\/06\/top5-og.jpg?cdn=1.1.3\" \/>\n\t<meta property=\"og:image:width\" content=\"1200\" \/>\n\t<meta property=\"og:image:height\" content=\"630\" \/>\n\t<meta property=\"og:image:type\" content=\"image\/jpeg\" \/>\n<meta name=\"twitter:card\" content=\"summary_large_image\" \/>\n<meta name=\"twitter:image\" content=\"https:\/\/cdn.top5credits.com\/dk\/wp-content\/uploads\/sites\/5\/2019\/04\/varjoreuna-5.png?cdn=1.1.3\" \/>\n<meta name=\"twitter:label1\" content=\"Estimeret l\u00e6setid\" \/>\n\t<meta name=\"twitter:data1\" content=\"3 minutter\" \/>\n<script type=\"application\/ld+json\" class=\"yoast-schema-graph\">{\"@context\":\"https:\\\/\\\/schema.org\",\"@graph\":[{\"@type\":\"WebPage\",\"@id\":\"https:\\\/\\\/www.top5credits.com\\\/dk\\\/\",\"url\":\"https:\\\/\\\/www.top5credits.com\\\/dk\\\/\",\"name\":\"Billige l\u00e5n - Sammenlign de bedste & billigste l\u00e5n - Top5Credits\",\"isPartOf\":{\"@id\":\"https:\\\/\\\/www.top5credits.com\\\/dk\\\/#website\"},\"primaryImageOfPage\":{\"@id\":\"https:\\\/\\\/www.top5credits.com\\\/dk\\\/#primaryimage\"},\"image\":{\"@id\":\"https:\\\/\\\/www.top5credits.com\\\/dk\\\/#primaryimage\"},\"thumbnailUrl\":\"https:\\\/\\\/www.top5credits.com\\\/dk\\\/wp-content\\\/uploads\\\/sites\\\/5\\\/2019\\\/06\\\/top5-og.jpg\",\"datePublished\":\"2019-03-25T07:43:37+00:00\",\"dateModified\":\"2024-06-13T12:31:20+00:00\",\"description\":\"Top5Credits sammenligner og finder de 5 bedste og billigste l\u00e5n p\u00e5 markedet til dig. Vi afd\u00e6kker fordele og ulemper ved hvert l\u00e5n. Se de bedste l\u00e5n.\",\"breadcrumb\":{\"@id\":\"https:\\\/\\\/www.top5credits.com\\\/dk\\\/#breadcrumb\"},\"inLanguage\":\"da-DK\",\"potentialAction\":[{\"@type\":\"ReadAction\",\"target\":[\"https:\\\/\\\/www.top5credits.com\\\/dk\\\/\"]}]},{\"@type\":\"ImageObject\",\"inLanguage\":\"da-DK\",\"@id\":\"https:\\\/\\\/www.top5credits.com\\\/dk\\\/#primaryimage\",\"url\":\"https:\\\/\\\/www.top5credits.com\\\/dk\\\/wp-content\\\/uploads\\\/sites\\\/5\\\/2019\\\/06\\\/top5-og.jpg\",\"contentUrl\":\"https:\\\/\\\/www.top5credits.com\\\/dk\\\/wp-content\\\/uploads\\\/sites\\\/5\\\/2019\\\/06\\\/top5-og.jpg\",\"width\":1200,\"height\":630,\"caption\":\"Top5Credits\"},{\"@type\":\"BreadcrumbList\",\"@id\":\"https:\\\/\\\/www.top5credits.com\\\/dk\\\/#breadcrumb\",\"itemListElement\":[{\"@type\":\"ListItem\",\"position\":1,\"name\":\"Top5Credits.com\",\"item\":\"https:\\\/\\\/www.top5credits.com\\\/dk\\\/\"},{\"@type\":\"ListItem\",\"position\":2,\"name\":\"Forsiden\"}]},{\"@type\":\"WebSite\",\"@id\":\"https:\\\/\\\/www.top5credits.com\\\/dk\\\/#website\",\"url\":\"https:\\\/\\\/www.top5credits.com\\\/dk\\\/\",\"name\":\"Top5Credits.com Danmark\",\"description\":\"\u00a0Sammenlign og find de bedste l\u00e5n\",\"publisher\":{\"@id\":\"https:\\\/\\\/www.top5credits.com\\\/dk\\\/#organization\"},\"potentialAction\":[{\"@type\":\"SearchAction\",\"target\":{\"@type\":\"EntryPoint\",\"urlTemplate\":\"https:\\\/\\\/www.top5credits.com\\\/dk\\\/?s={search_term_string}\"},\"query-input\":{\"@type\":\"PropertyValueSpecification\",\"valueRequired\":true,\"valueName\":\"search_term_string\"}}],\"inLanguage\":\"da-DK\"},{\"@type\":\"Organization\",\"@id\":\"https:\\\/\\\/www.top5credits.com\\\/dk\\\/#organization\",\"name\":\"Top5Credits.com\",\"url\":\"https:\\\/\\\/www.top5credits.com\\\/dk\\\/\",\"logo\":{\"@type\":\"ImageObject\",\"inLanguage\":\"da-DK\",\"@id\":\"https:\\\/\\\/www.top5credits.com\\\/dk\\\/#\\\/schema\\\/logo\\\/image\\\/\",\"url\":\"https:\\\/\\\/cdn.top5credits.com\\\/dk\\\/wp-content\\\/uploads\\\/sites\\\/5\\\/2023\\\/10\\\/t5c-favicon.png\",\"contentUrl\":\"https:\\\/\\\/cdn.top5credits.com\\\/dk\\\/wp-content\\\/uploads\\\/sites\\\/5\\\/2023\\\/10\\\/t5c-favicon.png\",\"width\":512,\"height\":512,\"caption\":\"Top5Credits.com\"},\"image\":{\"@id\":\"https:\\\/\\\/www.top5credits.com\\\/dk\\\/#\\\/schema\\\/logo\\\/image\\\/\"},\"sameAs\":[\"https:\\\/\\\/www.facebook.com\\\/Top5Credits-Danmark-672253646571131\"]}]}<\/script>\n<!-- \/ Yoast SEO plugin. -->","yoast_head_json":{"title":"Billige l\u00e5n - Sammenlign de bedste & billigste l\u00e5n - Top5Credits","description":"Top5Credits sammenligner og finder de 5 bedste og billigste l\u00e5n p\u00e5 markedet til dig. Vi afd\u00e6kker fordele og ulemper ved hvert l\u00e5n. Se de bedste l\u00e5n.","robots":{"index":"index","follow":"follow","max-snippet":"max-snippet:-1","max-image-preview":"max-image-preview:large","max-video-preview":"max-video-preview:-1"},"canonical":"https:\/\/www.top5credits.com\/dk\/","og_locale":"da_DK","og_type":"article","og_title":"Billige l\u00e5n - Sammenlign de bedste & billigste l\u00e5n - Top5Credits","og_description":"Top5Credits sammenligner og finder de 5 bedste og billigste l\u00e5n p\u00e5 markedet til dig. Vi afd\u00e6kker fordele og ulemper ved hvert l\u00e5n. Se de bedste l\u00e5n.","og_url":"https:\/\/www.top5credits.com\/dk\/","og_site_name":"Top5Credits.com Danmark","article_publisher":"https:\/\/www.facebook.com\/Top5Credits-Danmark-672253646571131","article_modified_time":"2024-06-13T12:31:20+00:00","og_image":[{"width":1200,"height":630,"url":"https:\/\/cdn.top5credits.com\/dk\/wp-content\/uploads\/sites\/5\/2019\/06\/top5-og.jpg?cdn=1.1.3","type":"image\/jpeg"}],"twitter_card":"summary_large_image","twitter_image":"https:\/\/cdn.top5credits.com\/dk\/wp-content\/uploads\/sites\/5\/2019\/04\/varjoreuna-5.png?cdn=1.1.3","twitter_misc":{"Estimeret l\u00e6setid":"3 minutter"},"schema":{"@context":"https:\/\/schema.org","@graph":[{"@type":"WebPage","@id":"https:\/\/www.top5credits.com\/dk\/","url":"https:\/\/www.top5credits.com\/dk\/","name":"Billige l\u00e5n - Sammenlign de bedste & billigste l\u00e5n - Top5Credits","isPartOf":{"@id":"https:\/\/www.top5credits.com\/dk\/#website"},"primaryImageOfPage":{"@id":"https:\/\/www.top5credits.com\/dk\/#primaryimage"},"image":{"@id":"https:\/\/www.top5credits.com\/dk\/#primaryimage"},"thumbnailUrl":"https:\/\/cdn.top5credits.com\/dk\/wp-content\/uploads\/sites\/5\/2019\/06\/top5-og.jpg?cdn=1.1.3","datePublished":"2019-03-25T07:43:37+00:00","dateModified":"2024-06-13T12:31:20+00:00","description":"Top5Credits sammenligner og finder de 5 bedste og billigste l\u00e5n p\u00e5 markedet til dig. Vi afd\u00e6kker fordele og ulemper ved hvert l\u00e5n. Se de bedste l\u00e5n.","breadcrumb":{"@id":"https:\/\/www.top5credits.com\/dk\/#breadcrumb"},"inLanguage":"da-DK","potentialAction":[{"@type":"ReadAction","target":["https:\/\/www.top5credits.com\/dk\/"]}]},{"@type":"ImageObject","inLanguage":"da-DK","@id":"https:\/\/www.top5credits.com\/dk\/#primaryimage","url":"https:\/\/cdn.top5credits.com\/dk\/wp-content\/uploads\/sites\/5\/2019\/06\/top5-og.jpg?cdn=1.1.3","contentUrl":"https:\/\/cdn.top5credits.com\/dk\/wp-content\/uploads\/sites\/5\/2019\/06\/top5-og.jpg?cdn=1.1.3","width":1200,"height":630,"caption":"Top5Credits"},{"@type":"BreadcrumbList","@id":"https:\/\/www.top5credits.com\/dk\/#breadcrumb","itemListElement":[{"@type":"ListItem","position":1,"name":"Top5Credits.com","item":"https:\/\/www.top5credits.com\/dk\/"},{"@type":"ListItem","position":2,"name":"Forsiden"}]},{"@type":"WebSite","@id":"https:\/\/www.top5credits.com\/dk\/#website","url":"https:\/\/www.top5credits.com\/dk\/","name":"Top5Credits.com Danmark","description":"\u00a0Sammenlign og find de bedste l\u00e5n","publisher":{"@id":"https:\/\/www.top5credits.com\/dk\/#organization"},"potentialAction":[{"@type":"SearchAction","target":{"@type":"EntryPoint","urlTemplate":"https:\/\/www.top5credits.com\/dk\/?s={search_term_string}"},"query-input":{"@type":"PropertyValueSpecification","valueRequired":true,"valueName":"search_term_string"}}],"inLanguage":"da-DK"},{"@type":"Organization","@id":"https:\/\/www.top5credits.com\/dk\/#organization","name":"Top5Credits.com","url":"https:\/\/www.top5credits.com\/dk\/","logo":{"@type":"ImageObject","inLanguage":"da-DK","@id":"https:\/\/www.top5credits.com\/dk\/#\/schema\/logo\/image\/","url":"https:\/\/cdn.top5credits.com\/dk\/wp-content\/uploads\/sites\/5\/2023\/10\/t5c-favicon.png","contentUrl":"https:\/\/cdn.top5credits.com\/dk\/wp-content\/uploads\/sites\/5\/2023\/10\/t5c-favicon.png","width":512,"height":512,"caption":"Top5Credits.com"},"image":{"@id":"https:\/\/www.top5credits.com\/dk\/#\/schema\/logo\/image\/"},"sameAs":["https:\/\/www.facebook.com\/Top5Credits-Danmark-672253646571131"]}]}},"_links":{"self":[{"href":"https:\/\/www.top5credits.com\/dk\/wp-json\/wp\/v2\/pages\/9","targetHints":{"allow":["GET"]}}],"collection":[{"href":"https:\/\/www.top5credits.com\/dk\/wp-json\/wp\/v2\/pages"}],"about":[{"href":"https:\/\/www.top5credits.com\/dk\/wp-json\/wp\/v2\/types\/page"}],"author":[{"embeddable":true,"href":"https:\/\/www.top5credits.com\/dk\/wp-json\/wp\/v2\/users\/2"}],"replies":[{"embeddable":true,"href":"https:\/\/www.top5credits.com\/dk\/wp-json\/wp\/v2\/comments?post=9"}],"version-history":[{"count":0,"href":"https:\/\/www.top5credits.com\/dk\/wp-json\/wp\/v2\/pages\/9\/revisions"}],"wp:featuredmedia":[{"embeddable":true,"href":"https:\/\/www.top5credits.com\/dk\/wp-json\/wp\/v2\/media\/126"}],"wp:attachment":[{"href":"https:\/\/www.top5credits.com\/dk\/wp-json\/wp\/v2\/media?parent=9"}],"curies":[{"name":"wp","href":"https:\/\/api.w.org\/{rel}","templated":true}]}}