{"id":964,"date":"2020-04-17T11:55:31","date_gmt":"2020-04-17T11:55:31","guid":{"rendered":"https:\/\/www.top5credits.com\/dk\/?page_id=964"},"modified":"2024-09-24T12:48:14","modified_gmt":"2024-09-24T12:48:14","slug":"billaan","status":"publish","type":"page","link":"https:\/\/www.top5credits.com\/dk\/billaan\/","title":{"rendered":"Bill\u00e5n"},"content":{"rendered":"\n<div class=\"wp-block-group first-section\"><div class=\"wp-block-group__inner-container is-layout-flow wp-block-group-is-layout-flow\">\n<h1 class=\"wp-block-heading has-text-align-center compare-title\">Bedste bill\u00e5n i april 2026<\/h1>\n\n\n\n\n<\/div><\/div>\n\n\n\n\n\n\n<div class=\"top-results palkkio\">\n<span class=\"huomiomerkki\">!<\/span> Kommissionen, vi f\u00e5r, har indflydelse p\u00e5 rangeringen &#8211; l\u00e6s mere <span class=\"plus-trigger\">+<\/span>\n<p>Top5Credits.com er en 100% gratis hjemmeside med det form\u00e5l at give nyttige og v\u00e6rdifulde oplysninger til vores brugere. Vi sammenligner l\u00e5n og vurderer dem trov\u00e6rdigt. For at vores hjemmeside kan v\u00e6re gratis for vores brugere, f\u00e5r vi kompensation fra vores samarbejdende banker og l\u00e5ngivere for de brugere vi henviser til dem. Kommisionen har indflydelse p\u00e5 placeringen af de forskellige udbydere.<\/p>\n<\/div>\n\n\n\n<div style=\"height:40px\" aria-hidden=\"true\" class=\"wp-block-spacer\"><\/div>\n\n\n\n<div class=\"wp-block-group full-white\"><div class=\"wp-block-group__inner-container is-layout-flow wp-block-group-is-layout-flow\">\n<h2 class=\"wp-block-heading\">F\u00e5 hj\u00e6lp til at finde bill\u00e5n med lav rente<\/h2>\n\n\n\n<p>Kommende bilejere p\u00e5 jagt efter et favorabelt l\u00e5n kan f\u00e5 hurtig og effektiv hj\u00e6lp til at finde det helt rette bill\u00e5n ved at anvende Top5Credits. Her kan du foretage en sammenligning af de forskellige bill\u00e5n, og herefter udv\u00e6lge det l\u00e5netilbud, der kan tilbyde dig den bedste pris \u2013 typisk er en lav rente en god indikator p\u00e5, hvor billigt l\u00e5net er.<\/p>\n\n\n\n<p>L\u00e5n til bilk\u00f8b er for de fleste et st\u00f8rre l\u00e5nebel\u00f8b, og derfor er det selvf\u00f8lgelig vigtigt, at renten er s\u00e5 lav som muligt, s\u00e5 de samlede omkostninger er s\u00e5 lave som muligt. En anden ting, du b\u00f8r kigge p\u00e5, n\u00e5r du sammenligner l\u00e5n, er den s\u00e5kaldte \u00c5OP. Her er der tale om de \u00e5rlige omkostninger i procent, s\u00e5 du kan se, hvor meget du i alt skal betale for l\u00e5net p\u00e5 \u00e5rlig basis. De fleste bilejere afdrager over l\u00e6ngere tid p\u00e5 deres l\u00e5n, og l\u00f8betiden kan variere ligesom renterne. Men n\u00e5r du f\u00e5r hj\u00e6lp hos Top5Credits, s\u00e5 sikrer vi dig, at du f\u00e5r nogle af de billigste tilbud, som du kan sammenligne.<\/p>\n\n\n\n<p>Vores r\u00e5d til dig er derfor: L\u00e5n penge til bil, men s\u00f8rg for at sammenligne l\u00e5nemulighederne f\u00f8rst, s\u00e5 du f\u00e5r det absolut billigste l\u00e5n til den laveste rente.<\/p>\n\n\n\n<h2 class=\"wp-block-heading\">Find det billigste l\u00e5n til bil med en beregner<\/h2>\n\n\n\n<p>N\u00e5r du har besluttet dig for at k\u00f8be en ny bil, s\u00e5 skal du selvf\u00f8lgelig f\u00f8rst have afklaret, hvor meget du \u00f8nsker at l\u00e5ne. Det afh\u00e6nger blandt andet af din \u00f8konomi. Derfor er det godt at have et budget, s\u00e5 du har overblik over, hvor stort et bel\u00f8b du har r\u00e5d til at l\u00e5ne. N\u00e5r du ved, hvor meget du \u00f8nsker at l\u00e5ne, s\u00e5 g\u00e6lder det om at finde det l\u00e5n med den billigste rente.<\/p>\n\n\n\n<p>Det kan v\u00e6re en god id\u00e9 at benytte en bill\u00e5nsberegner, der kan give dig et estimat over l\u00e5nets pris. I en s\u00e5dan beregning skal du bl.a. indtaste:<\/p>\n\n\n\n<ul class=\"wp-block-list\">\n<li>L\u00e5nebel\u00f8b<\/li>\n\n\n\n<li>L\u00f8betid<\/li>\n\n\n\n<li>Rente<\/li>\n\n\n\n<li>\u00c5OP<\/li>\n<\/ul>\n\n\n\n<p>Herefter f\u00e5r du f\u00e5 et overblik over l\u00e5nets pris i forhold til din m\u00e5nedlige ydelse, rentetilskrivninger og totale omkostninger. N\u00e5r du har disse tal, kan du nemmere finde det l\u00e5n, der er billigst p\u00e5 lang og kort sigt.<\/p>\n\n\n\n<h2 class=\"wp-block-heading\">Sammenlign l\u00e5n til ny og brugt bil<\/h2>\n\n\n\n<p>Eftersom renterne p\u00e5 l\u00e5n er forskellige hos forskellige udbydere, er det godt at kunne sammenligne forskellige l\u00e5n. Hos Top5Credits finder du en sammenligningsfunktion, hvor du kan indtaste netop det bel\u00f8b, du \u00f8nsker at l\u00e5ne til at k\u00f8be bil \u2013 hvad enten den er ny eller brugt. Du indtaster dern\u00e6st din e-mail og mobilnummer, og s\u00e5 finder Top5Credits de 5 bedste tilbud p\u00e5 bill\u00e5n til dig. S\u00e5 kan du selv i ro og mag udv\u00e6lge det l\u00e5n, som du finder mest attraktivt. Det er utrolig nemt og tidsbesparende for dig. S\u00e5 l\u00e6s endelig med her, for at f\u00e5 mere information om, hvordan Top5Credits kan hj\u00e6lpe dig med at finde markedets mest attraktive l\u00e5n til bilk\u00f8b.<\/p>\n\n\n\n<h2 class=\"wp-block-heading\">F\u00e5 et bill\u00e5n uden udbetaling<\/h2>\n\n\n\n<p>N\u00e5r du skal ud og l\u00e5ne til bilk\u00f8b i banken eller hos bilforhandleren, er der som regel et krav om, at du skal l\u00e6gge en udbetaling p\u00e5 20%. Det vil sige, ar bill\u00e5net er med udbetaling. Har du ikke selv mulighed for at spare op til udbetalingen til en bil, s\u00e5 fortvivl ikke. Der findes faktisk l\u00e5neudbydere, som tilbyder bill\u00e5n uden udbetaling, s\u00e5 du slipper for at skulle l\u00e6gge en udbetaling selv. I stedet for at du skal sidde og surfe rundt p\u00e5 nettet, og selv lede efter disse l\u00e5neudbydere, kan du nemt finde dem ved at bes\u00f8ge Top5Credits og f\u00e5 hj\u00e6lp her. Det vil spare dig for tid, at Top5Credits klarer arbejdet for dig, og sender dig de mest favorable tilbud. Du kan s\u00e5 i stedet bruge tiden p\u00e5 at finde netop den bil, som du \u00f8nsker dig.<\/p>\n\n\n\n<h2 class=\"wp-block-heading\">L\u00e5n penge til bil med Top5Credits\u2019 hj\u00e6lp<\/h2>\n\n\n\n<p>Top5Credits har fokus p\u00e5 at hj\u00e6lpe dig med at finde lige pr\u00e6cis det l\u00e5n, du har brug for, s\u00e5 du kan realisere din dr\u00f8m om at k\u00f8be en ny eller brugt bil. Top5Credits har en database med mere end 40 l\u00e5neudbydere, som bl.a. t\u00e6ller Santander bill\u00e5n, Diba bill\u00e5n, Nordea bill\u00e5n, FDM bill\u00e5n, Danske Bank bill\u00e5n m.fl. Her kan du desuden l\u00e6se mere om fordele og ulemper ved de forskellige l\u00e5n og l\u00e6se anmeldelser. Der er ingen grund til at bruge en masse tid p\u00e5 selv at lede efter l\u00e5n, n\u00e5r du helt gratis kan f\u00e5 tilsendt de billigste tilbud p\u00e5 l\u00e5n via Top5Credits. Du kan benytte dig af mulighederne hos Top5Credits allerede i dag, og s\u00e5 kan du i l\u00f8bet af ganske f\u00e5 dage st\u00e5 med det bill\u00e5n i h\u00e5nden, som du har brug for, n\u00e5r du skal ud og k\u00f8be din nye bil.<\/p>\n<\/div><\/div>\n\n\n\n<div class=\"page-faqs\">\n\n\n\n<h2 class=\"wp-block-heading has-text-align-center\">Sp\u00f8rgsm\u00e5l og svar om bill\u00e5n<\/h2>\n\n\n\n<div class=\"schema-faq wp-block-yoast-faq-block\"><div class=\"schema-faq-section\" id=\"faq-question-1610362541535\"><strong class=\"schema-faq-question\">Kan jeg optage et bill\u00e5n trods RKI?<\/strong> <p class=\"schema-faq-answer\">Nej, du kan ikke l\u00e5ne penge trods RKI, uanset om l\u00e5net skal bruges til k\u00f8b af bil, bolig, rejse eller forbrug. N\u00e5r l\u00e5neudbydere skal godkende en potentiel l\u00e5ntager, kigger de f\u00f8rst og fremmest p\u00e5, om du er registeret som d\u00e5rlig betaler i et g\u00e6ldsregister. St\u00e5r du i RKI, vil du med stor sandsynlighed blive afvist, da det indikerer, at du ikke kan betale dine regninger. Derfor vil en l\u00e5neudbyder ikke risikere at udl\u00e5ne penge til dig.<\/p> <\/div> <div class=\"schema-faq-section\" id=\"faq-question-1610362575215\"><strong class=\"schema-faq-question\">Er det billigere at l\u00e5ne til en ny bil end en brugt bil?<\/strong> <p class=\"schema-faq-answer\">Som udgangspunkt afh\u00e6nger prisen p\u00e5 et bill\u00e5n af din \u00f8konomi, l\u00e5nebel\u00f8bet, renten, \u00c5OP og l\u00f8betiden. Dog kan bilens \u00e5rgang godt have en betydning, da en brugt bil som regel kr\u00e6ver et mindre l\u00e5nebel\u00f8b. Derudover kan et bill\u00e5n i banken v\u00e6re med sikkerhedsstillelse. Det vil sige, at du skal stille bilen som sikkerhed for l\u00e5net. I tilf\u00e6ldet med en ny bil, vil l\u00e5net typisk blive billigere i rente, da en ny bil er mere v\u00e6rd end en brugt.<\/p> <\/div> <div class=\"schema-faq-section\" id=\"faq-question-1610362575832\"><strong class=\"schema-faq-question\">Skal jeg v\u00e6lge en variabel eller fast rente p\u00e5 mit bill\u00e5n?<\/strong> <p class=\"schema-faq-answer\">Hvorvidt du skal v\u00e6lge et bill\u00e5n med en variabel eller fast rente handler om din risikovillighed. En variabel rente er som regel lavere end en fast rente. Det skyldes, at den variable rente f\u00f8lger markedsrenten og derfor enten kan falde eller stige i l\u00f8bet af l\u00e5neperioden. Den faste rente forbliver dog den samme, hvorfor du ikke risikere, at l\u00e5net bliver dyrere med tiden.<\/p> <\/div> <\/div>\n\n\n\n<\/div>\n","protected":false},"excerpt":{"rendered":"<p>Bedste bill\u00e5n i ! Kommissionen, vi f\u00e5r, har indflydelse p\u00e5 rangeringen &#8211; l\u00e6s mere + Top5Credits.com er en 100% gratis hjemmeside med det form\u00e5l at<\/p>\n<p class=\"more-link\">L\u00e6s mere <span class=\"screen-reader-text\">Bill\u00e5n<\/span><\/p>\n","protected":false},"author":2,"featured_media":955,"parent":0,"menu_order":0,"comment_status":"closed","ping_status":"closed","template":"page-results.php","meta":{"footnotes":""},"class_list":["post-964","page","type-page","status-publish","has-post-thumbnail","hentry","entry"],"yoast_head":"<!-- This site is optimized with the Yoast SEO plugin v27.3 - https:\/\/yoast.com\/product\/yoast-seo-wordpress\/ -->\n<title>Bill\u00e5n - Sammenlign og find de billigste bill\u00e5n - Top5Credits<\/title>\n<meta name=\"description\" content=\"F\u00e5 hj\u00e6lp til at finde det billigste bill\u00e5n, og bill\u00e5n uden udbetaling, med hj\u00e6lp fra Top5Credits. Find det bedste tilbud og v\u00e6lg det som matcher dig bedst.\" \/>\n<meta name=\"robots\" content=\"index, follow, max-snippet:-1, max-image-preview:large, max-video-preview:-1\" \/>\n<link rel=\"canonical\" href=\"https:\/\/www.top5credits.com\/dk\/billaan\/\" \/>\n<meta property=\"og:locale\" content=\"da_DK\" \/>\n<meta property=\"og:type\" content=\"article\" \/>\n<meta property=\"og:title\" content=\"Bill\u00e5n - Sammenlign og find de billigste bill\u00e5n - Top5Credits\" \/>\n<meta property=\"og:description\" content=\"F\u00e5 hj\u00e6lp til at finde det billigste bill\u00e5n, og bill\u00e5n uden udbetaling, med hj\u00e6lp fra Top5Credits. Find det bedste tilbud og v\u00e6lg det som matcher dig bedst.\" \/>\n<meta property=\"og:url\" content=\"https:\/\/www.top5credits.com\/dk\/billaan\/\" \/>\n<meta property=\"og:site_name\" content=\"Top5Credits.com Danmark\" \/>\n<meta property=\"article:publisher\" content=\"https:\/\/www.facebook.com\/Top5Credits-Danmark-672253646571131\" \/>\n<meta property=\"article:modified_time\" content=\"2024-09-24T12:48:14+00:00\" \/>\n<meta property=\"og:image\" content=\"https:\/\/cdn.top5credits.com\/dk\/wp-content\/uploads\/sites\/5\/2020\/04\/top5credits-com.jpg?cdn=1.1.3\" \/>\n\t<meta property=\"og:image:width\" content=\"2000\" \/>\n\t<meta property=\"og:image:height\" content=\"1000\" \/>\n\t<meta property=\"og:image:type\" content=\"image\/jpeg\" \/>\n<meta name=\"twitter:card\" content=\"summary_large_image\" \/>\n<meta name=\"twitter:label1\" content=\"Estimeret l\u00e6setid\" \/>\n\t<meta name=\"twitter:data1\" content=\"7 minutter\" \/>\n<script type=\"application\/ld+json\" class=\"yoast-schema-graph\">{\"@context\":\"https:\\\/\\\/schema.org\",\"@graph\":[{\"@type\":[\"WebPage\",\"FAQPage\"],\"@id\":\"https:\\\/\\\/www.top5credits.com\\\/dk\\\/billaan\\\/\",\"url\":\"https:\\\/\\\/www.top5credits.com\\\/dk\\\/billaan\\\/\",\"name\":\"Bill\u00e5n - Sammenlign og find de billigste bill\u00e5n - Top5Credits\",\"isPartOf\":{\"@id\":\"https:\\\/\\\/www.top5credits.com\\\/dk\\\/#website\"},\"primaryImageOfPage\":{\"@id\":\"https:\\\/\\\/www.top5credits.com\\\/dk\\\/billaan\\\/#primaryimage\"},\"image\":{\"@id\":\"https:\\\/\\\/www.top5credits.com\\\/dk\\\/billaan\\\/#primaryimage\"},\"thumbnailUrl\":\"https:\\\/\\\/www.top5credits.com\\\/dk\\\/wp-content\\\/uploads\\\/sites\\\/5\\\/2020\\\/04\\\/top5credits-com.jpg\",\"datePublished\":\"2020-04-17T11:55:31+00:00\",\"dateModified\":\"2024-09-24T12:48:14+00:00\",\"description\":\"F\u00e5 hj\u00e6lp til at finde det billigste bill\u00e5n, og bill\u00e5n uden udbetaling, med hj\u00e6lp fra Top5Credits. Find det bedste tilbud og v\u00e6lg det som matcher dig bedst.\",\"breadcrumb\":{\"@id\":\"https:\\\/\\\/www.top5credits.com\\\/dk\\\/billaan\\\/#breadcrumb\"},\"mainEntity\":[{\"@id\":\"https:\\\/\\\/www.top5credits.com\\\/dk\\\/billaan\\\/#faq-question-1610362541535\"},{\"@id\":\"https:\\\/\\\/www.top5credits.com\\\/dk\\\/billaan\\\/#faq-question-1610362575215\"},{\"@id\":\"https:\\\/\\\/www.top5credits.com\\\/dk\\\/billaan\\\/#faq-question-1610362575832\"}],\"inLanguage\":\"da-DK\",\"potentialAction\":[{\"@type\":\"ReadAction\",\"target\":[\"https:\\\/\\\/www.top5credits.com\\\/dk\\\/billaan\\\/\"]}]},{\"@type\":\"ImageObject\",\"inLanguage\":\"da-DK\",\"@id\":\"https:\\\/\\\/www.top5credits.com\\\/dk\\\/billaan\\\/#primaryimage\",\"url\":\"https:\\\/\\\/www.top5credits.com\\\/dk\\\/wp-content\\\/uploads\\\/sites\\\/5\\\/2020\\\/04\\\/top5credits-com.jpg\",\"contentUrl\":\"https:\\\/\\\/www.top5credits.com\\\/dk\\\/wp-content\\\/uploads\\\/sites\\\/5\\\/2020\\\/04\\\/top5credits-com.jpg\",\"width\":2000,\"height\":1000,\"caption\":\"Top5Credits\"},{\"@type\":\"BreadcrumbList\",\"@id\":\"https:\\\/\\\/www.top5credits.com\\\/dk\\\/billaan\\\/#breadcrumb\",\"itemListElement\":[{\"@type\":\"ListItem\",\"position\":1,\"name\":\"Top5Credits.com\",\"item\":\"https:\\\/\\\/www.top5credits.com\\\/dk\\\/\"},{\"@type\":\"ListItem\",\"position\":2,\"name\":\"Bill\u00e5n\"}]},{\"@type\":\"WebSite\",\"@id\":\"https:\\\/\\\/www.top5credits.com\\\/dk\\\/#website\",\"url\":\"https:\\\/\\\/www.top5credits.com\\\/dk\\\/\",\"name\":\"Top5Credits.com Danmark\",\"description\":\"\u00a0Sammenlign og find de bedste l\u00e5n\",\"publisher\":{\"@id\":\"https:\\\/\\\/www.top5credits.com\\\/dk\\\/#organization\"},\"potentialAction\":[{\"@type\":\"SearchAction\",\"target\":{\"@type\":\"EntryPoint\",\"urlTemplate\":\"https:\\\/\\\/www.top5credits.com\\\/dk\\\/?s={search_term_string}\"},\"query-input\":{\"@type\":\"PropertyValueSpecification\",\"valueRequired\":true,\"valueName\":\"search_term_string\"}}],\"inLanguage\":\"da-DK\"},{\"@type\":\"Organization\",\"@id\":\"https:\\\/\\\/www.top5credits.com\\\/dk\\\/#organization\",\"name\":\"Top5Credits.com\",\"url\":\"https:\\\/\\\/www.top5credits.com\\\/dk\\\/\",\"logo\":{\"@type\":\"ImageObject\",\"inLanguage\":\"da-DK\",\"@id\":\"https:\\\/\\\/www.top5credits.com\\\/dk\\\/#\\\/schema\\\/logo\\\/image\\\/\",\"url\":\"https:\\\/\\\/cdn.top5credits.com\\\/dk\\\/wp-content\\\/uploads\\\/sites\\\/5\\\/2023\\\/10\\\/t5c-favicon.png\",\"contentUrl\":\"https:\\\/\\\/cdn.top5credits.com\\\/dk\\\/wp-content\\\/uploads\\\/sites\\\/5\\\/2023\\\/10\\\/t5c-favicon.png\",\"width\":512,\"height\":512,\"caption\":\"Top5Credits.com\"},\"image\":{\"@id\":\"https:\\\/\\\/www.top5credits.com\\\/dk\\\/#\\\/schema\\\/logo\\\/image\\\/\"},\"sameAs\":[\"https:\\\/\\\/www.facebook.com\\\/Top5Credits-Danmark-672253646571131\"]},{\"@type\":\"Question\",\"@id\":\"https:\\\/\\\/www.top5credits.com\\\/dk\\\/billaan\\\/#faq-question-1610362541535\",\"position\":1,\"url\":\"https:\\\/\\\/www.top5credits.com\\\/dk\\\/billaan\\\/#faq-question-1610362541535\",\"name\":\"Kan jeg optage et bill\u00e5n trods RKI?\",\"answerCount\":1,\"acceptedAnswer\":{\"@type\":\"Answer\",\"text\":\"Nej, du kan ikke l\u00e5ne penge trods RKI, uanset om l\u00e5net skal bruges til k\u00f8b af bil, bolig, rejse eller forbrug. N\u00e5r l\u00e5neudbydere skal godkende en potentiel l\u00e5ntager, kigger de f\u00f8rst og fremmest p\u00e5, om du er registeret som d\u00e5rlig betaler i et g\u00e6ldsregister. St\u00e5r du i RKI, vil du med stor sandsynlighed blive afvist, da det indikerer, at du ikke kan betale dine regninger. Derfor vil en l\u00e5neudbyder ikke risikere at udl\u00e5ne penge til dig.\",\"inLanguage\":\"da-DK\"},\"inLanguage\":\"da-DK\"},{\"@type\":\"Question\",\"@id\":\"https:\\\/\\\/www.top5credits.com\\\/dk\\\/billaan\\\/#faq-question-1610362575215\",\"position\":2,\"url\":\"https:\\\/\\\/www.top5credits.com\\\/dk\\\/billaan\\\/#faq-question-1610362575215\",\"name\":\"Er det billigere at l\u00e5ne til en ny bil end en brugt bil?\",\"answerCount\":1,\"acceptedAnswer\":{\"@type\":\"Answer\",\"text\":\"Som udgangspunkt afh\u00e6nger prisen p\u00e5 et bill\u00e5n af din \u00f8konomi, l\u00e5nebel\u00f8bet, renten, \u00c5OP og l\u00f8betiden. Dog kan bilens \u00e5rgang godt have en betydning, da en brugt bil som regel kr\u00e6ver et mindre l\u00e5nebel\u00f8b. Derudover kan et bill\u00e5n i banken v\u00e6re med sikkerhedsstillelse. Det vil sige, at du skal stille bilen som sikkerhed for l\u00e5net. I tilf\u00e6ldet med en ny bil, vil l\u00e5net typisk blive billigere i rente, da en ny bil er mere v\u00e6rd end en brugt.\",\"inLanguage\":\"da-DK\"},\"inLanguage\":\"da-DK\"},{\"@type\":\"Question\",\"@id\":\"https:\\\/\\\/www.top5credits.com\\\/dk\\\/billaan\\\/#faq-question-1610362575832\",\"position\":3,\"url\":\"https:\\\/\\\/www.top5credits.com\\\/dk\\\/billaan\\\/#faq-question-1610362575832\",\"name\":\"Skal jeg v\u00e6lge en variabel eller fast rente p\u00e5 mit bill\u00e5n?\",\"answerCount\":1,\"acceptedAnswer\":{\"@type\":\"Answer\",\"text\":\"Hvorvidt du skal v\u00e6lge et bill\u00e5n med en variabel eller fast rente handler om din risikovillighed. En variabel rente er som regel lavere end en fast rente. Det skyldes, at den variable rente f\u00f8lger markedsrenten og derfor enten kan falde eller stige i l\u00f8bet af l\u00e5neperioden. Den faste rente forbliver dog den samme, hvorfor du ikke risikere, at l\u00e5net bliver dyrere med tiden.\",\"inLanguage\":\"da-DK\"},\"inLanguage\":\"da-DK\"}]}<\/script>\n<!-- \/ Yoast SEO plugin. -->","yoast_head_json":{"title":"Bill\u00e5n - Sammenlign og find de billigste bill\u00e5n - Top5Credits","description":"F\u00e5 hj\u00e6lp til at finde det billigste bill\u00e5n, og bill\u00e5n uden udbetaling, med hj\u00e6lp fra Top5Credits. Find det bedste tilbud og v\u00e6lg det som matcher dig bedst.","robots":{"index":"index","follow":"follow","max-snippet":"max-snippet:-1","max-image-preview":"max-image-preview:large","max-video-preview":"max-video-preview:-1"},"canonical":"https:\/\/www.top5credits.com\/dk\/billaan\/","og_locale":"da_DK","og_type":"article","og_title":"Bill\u00e5n - Sammenlign og find de billigste bill\u00e5n - Top5Credits","og_description":"F\u00e5 hj\u00e6lp til at finde det billigste bill\u00e5n, og bill\u00e5n uden udbetaling, med hj\u00e6lp fra Top5Credits. Find det bedste tilbud og v\u00e6lg det som matcher dig bedst.","og_url":"https:\/\/www.top5credits.com\/dk\/billaan\/","og_site_name":"Top5Credits.com Danmark","article_publisher":"https:\/\/www.facebook.com\/Top5Credits-Danmark-672253646571131","article_modified_time":"2024-09-24T12:48:14+00:00","og_image":[{"width":2000,"height":1000,"url":"https:\/\/cdn.top5credits.com\/dk\/wp-content\/uploads\/sites\/5\/2020\/04\/top5credits-com.jpg?cdn=1.1.3","type":"image\/jpeg"}],"twitter_card":"summary_large_image","twitter_misc":{"Estimeret l\u00e6setid":"7 minutter"},"schema":{"@context":"https:\/\/schema.org","@graph":[{"@type":["WebPage","FAQPage"],"@id":"https:\/\/www.top5credits.com\/dk\/billaan\/","url":"https:\/\/www.top5credits.com\/dk\/billaan\/","name":"Bill\u00e5n - Sammenlign og find de billigste bill\u00e5n - Top5Credits","isPartOf":{"@id":"https:\/\/www.top5credits.com\/dk\/#website"},"primaryImageOfPage":{"@id":"https:\/\/www.top5credits.com\/dk\/billaan\/#primaryimage"},"image":{"@id":"https:\/\/www.top5credits.com\/dk\/billaan\/#primaryimage"},"thumbnailUrl":"https:\/\/cdn.top5credits.com\/dk\/wp-content\/uploads\/sites\/5\/2020\/04\/top5credits-com.jpg?cdn=1.1.3","datePublished":"2020-04-17T11:55:31+00:00","dateModified":"2024-09-24T12:48:14+00:00","description":"F\u00e5 hj\u00e6lp til at finde det billigste bill\u00e5n, og bill\u00e5n uden udbetaling, med hj\u00e6lp fra Top5Credits. Find det bedste tilbud og v\u00e6lg det som matcher dig bedst.","breadcrumb":{"@id":"https:\/\/www.top5credits.com\/dk\/billaan\/#breadcrumb"},"mainEntity":[{"@id":"https:\/\/www.top5credits.com\/dk\/billaan\/#faq-question-1610362541535"},{"@id":"https:\/\/www.top5credits.com\/dk\/billaan\/#faq-question-1610362575215"},{"@id":"https:\/\/www.top5credits.com\/dk\/billaan\/#faq-question-1610362575832"}],"inLanguage":"da-DK","potentialAction":[{"@type":"ReadAction","target":["https:\/\/www.top5credits.com\/dk\/billaan\/"]}]},{"@type":"ImageObject","inLanguage":"da-DK","@id":"https:\/\/www.top5credits.com\/dk\/billaan\/#primaryimage","url":"https:\/\/cdn.top5credits.com\/dk\/wp-content\/uploads\/sites\/5\/2020\/04\/top5credits-com.jpg?cdn=1.1.3","contentUrl":"https:\/\/cdn.top5credits.com\/dk\/wp-content\/uploads\/sites\/5\/2020\/04\/top5credits-com.jpg?cdn=1.1.3","width":2000,"height":1000,"caption":"Top5Credits"},{"@type":"BreadcrumbList","@id":"https:\/\/www.top5credits.com\/dk\/billaan\/#breadcrumb","itemListElement":[{"@type":"ListItem","position":1,"name":"Top5Credits.com","item":"https:\/\/www.top5credits.com\/dk\/"},{"@type":"ListItem","position":2,"name":"Bill\u00e5n"}]},{"@type":"WebSite","@id":"https:\/\/www.top5credits.com\/dk\/#website","url":"https:\/\/www.top5credits.com\/dk\/","name":"Top5Credits.com Danmark","description":"\u00a0Sammenlign og find de bedste l\u00e5n","publisher":{"@id":"https:\/\/www.top5credits.com\/dk\/#organization"},"potentialAction":[{"@type":"SearchAction","target":{"@type":"EntryPoint","urlTemplate":"https:\/\/www.top5credits.com\/dk\/?s={search_term_string}"},"query-input":{"@type":"PropertyValueSpecification","valueRequired":true,"valueName":"search_term_string"}}],"inLanguage":"da-DK"},{"@type":"Organization","@id":"https:\/\/www.top5credits.com\/dk\/#organization","name":"Top5Credits.com","url":"https:\/\/www.top5credits.com\/dk\/","logo":{"@type":"ImageObject","inLanguage":"da-DK","@id":"https:\/\/www.top5credits.com\/dk\/#\/schema\/logo\/image\/","url":"https:\/\/cdn.top5credits.com\/dk\/wp-content\/uploads\/sites\/5\/2023\/10\/t5c-favicon.png","contentUrl":"https:\/\/cdn.top5credits.com\/dk\/wp-content\/uploads\/sites\/5\/2023\/10\/t5c-favicon.png","width":512,"height":512,"caption":"Top5Credits.com"},"image":{"@id":"https:\/\/www.top5credits.com\/dk\/#\/schema\/logo\/image\/"},"sameAs":["https:\/\/www.facebook.com\/Top5Credits-Danmark-672253646571131"]},{"@type":"Question","@id":"https:\/\/www.top5credits.com\/dk\/billaan\/#faq-question-1610362541535","position":1,"url":"https:\/\/www.top5credits.com\/dk\/billaan\/#faq-question-1610362541535","name":"Kan jeg optage et bill\u00e5n trods RKI?","answerCount":1,"acceptedAnswer":{"@type":"Answer","text":"Nej, du kan ikke l\u00e5ne penge trods RKI, uanset om l\u00e5net skal bruges til k\u00f8b af bil, bolig, rejse eller forbrug. N\u00e5r l\u00e5neudbydere skal godkende en potentiel l\u00e5ntager, kigger de f\u00f8rst og fremmest p\u00e5, om du er registeret som d\u00e5rlig betaler i et g\u00e6ldsregister. St\u00e5r du i RKI, vil du med stor sandsynlighed blive afvist, da det indikerer, at du ikke kan betale dine regninger. Derfor vil en l\u00e5neudbyder ikke risikere at udl\u00e5ne penge til dig.","inLanguage":"da-DK"},"inLanguage":"da-DK"},{"@type":"Question","@id":"https:\/\/www.top5credits.com\/dk\/billaan\/#faq-question-1610362575215","position":2,"url":"https:\/\/www.top5credits.com\/dk\/billaan\/#faq-question-1610362575215","name":"Er det billigere at l\u00e5ne til en ny bil end en brugt bil?","answerCount":1,"acceptedAnswer":{"@type":"Answer","text":"Som udgangspunkt afh\u00e6nger prisen p\u00e5 et bill\u00e5n af din \u00f8konomi, l\u00e5nebel\u00f8bet, renten, \u00c5OP og l\u00f8betiden. Dog kan bilens \u00e5rgang godt have en betydning, da en brugt bil som regel kr\u00e6ver et mindre l\u00e5nebel\u00f8b. Derudover kan et bill\u00e5n i banken v\u00e6re med sikkerhedsstillelse. Det vil sige, at du skal stille bilen som sikkerhed for l\u00e5net. I tilf\u00e6ldet med en ny bil, vil l\u00e5net typisk blive billigere i rente, da en ny bil er mere v\u00e6rd end en brugt.","inLanguage":"da-DK"},"inLanguage":"da-DK"},{"@type":"Question","@id":"https:\/\/www.top5credits.com\/dk\/billaan\/#faq-question-1610362575832","position":3,"url":"https:\/\/www.top5credits.com\/dk\/billaan\/#faq-question-1610362575832","name":"Skal jeg v\u00e6lge en variabel eller fast rente p\u00e5 mit bill\u00e5n?","answerCount":1,"acceptedAnswer":{"@type":"Answer","text":"Hvorvidt du skal v\u00e6lge et bill\u00e5n med en variabel eller fast rente handler om din risikovillighed. En variabel rente er som regel lavere end en fast rente. Det skyldes, at den variable rente f\u00f8lger markedsrenten og derfor enten kan falde eller stige i l\u00f8bet af l\u00e5neperioden. Den faste rente forbliver dog den samme, hvorfor du ikke risikere, at l\u00e5net bliver dyrere med tiden.","inLanguage":"da-DK"},"inLanguage":"da-DK"}]}},"_links":{"self":[{"href":"https:\/\/www.top5credits.com\/dk\/wp-json\/wp\/v2\/pages\/964","targetHints":{"allow":["GET"]}}],"collection":[{"href":"https:\/\/www.top5credits.com\/dk\/wp-json\/wp\/v2\/pages"}],"about":[{"href":"https:\/\/www.top5credits.com\/dk\/wp-json\/wp\/v2\/types\/page"}],"author":[{"embeddable":true,"href":"https:\/\/www.top5credits.com\/dk\/wp-json\/wp\/v2\/users\/2"}],"replies":[{"embeddable":true,"href":"https:\/\/www.top5credits.com\/dk\/wp-json\/wp\/v2\/comments?post=964"}],"version-history":[{"count":0,"href":"https:\/\/www.top5credits.com\/dk\/wp-json\/wp\/v2\/pages\/964\/revisions"}],"wp:featuredmedia":[{"embeddable":true,"href":"https:\/\/www.top5credits.com\/dk\/wp-json\/wp\/v2\/media\/955"}],"wp:attachment":[{"href":"https:\/\/www.top5credits.com\/dk\/wp-json\/wp\/v2\/media?parent=964"}],"curies":[{"name":"wp","href":"https:\/\/api.w.org\/{rel}","templated":true}]}}