{"id":985,"date":"2020-04-17T11:56:22","date_gmt":"2020-04-17T11:56:22","guid":{"rendered":"https:\/\/www.top5credits.com\/dk\/?page_id=985"},"modified":"2022-04-27T07:11:26","modified_gmt":"2022-04-27T07:11:26","slug":"shopping-laan","status":"publish","type":"page","link":"https:\/\/www.top5credits.com\/dk\/shopping-laan\/","title":{"rendered":"Shopping l\u00e5n"},"content":{"rendered":"\n<div class=\"wp-block-group first-section\"><div class=\"wp-block-group__inner-container is-layout-flow wp-block-group-is-layout-flow\">\n<h1 class=\"has-text-align-center compare-title wp-block-heading\">Sammenlign l\u00e5n til forbrug, og k\u00f8b p\u00e5 kredit<\/h1>\n\n\n\n<p class=\"compare-title\">Der findes vel sagtens kun to slags mennesker: Dem der dr\u00f8mmer om luksus, sp\u00e6ndende rejser og store biler, og s\u00e5 dem der n\u00e6gter, at de dr\u00f8mmer om det. <span class=\"luelisaanappi\">L\u00e6s&nbsp;mere..<\/span> <span class=\"luelisaateksti\">Ja, sp\u00f8g til side, men der er nu alligevel nok noget om snakken. For vi \u00f8nsker i sandhed alle sammen en masse luksuri\u00f8st. Problemet er, at det kr\u00e6ver penge. Og ofte rigtig mange penge. Desv\u00e6rre er det ikke altid s\u00e5dan, at kontoen lige sl\u00e5r til, der sidst p\u00e5 m\u00e5neden. Og hvad skal man mon s\u00e5 g\u00f8re? Jo, ser du, at optage et l\u00e5n til shopping kan for mange sagtens v\u00e6re en reel mulighed.<\/span><\/p>\n<p class=\"compare-title\"><span class=\"luelisaateksti\">Men hvad er egentlig en kredit for noget? Hvordan k\u00f8ber man p\u00e5 afbetaling? Og hvordan fungerer l\u00e5nesammenligneren her p\u00e5 Top5Credits.com? Alle disse sp\u00f8rgsm\u00e5l f\u00e5r du svar p\u00e5 i denne artikel. S\u00e5 nu er det bare om at l\u00e6se.<\/span><\/p>\n\n\n\n\n<\/div><\/div>\n\n\n\n\n\n\n<div class=\"top-results palkkio\">\n<span class=\"huomiomerkki\">!<\/span> Kommissionen, vi f\u00e5r, har indflydelse p\u00e5 rangeringen &#8211; l\u00e6s mere <span class=\"plus-trigger\">+<\/span>\n<p>Top5Credits.com er en 100% gratis hjemmeside med det form\u00e5l at give nyttige og v\u00e6rdifulde oplysninger til vores brugere. Vi sammenligner l\u00e5n og vurderer dem trov\u00e6rdigt. For at vores hjemmeside kan v\u00e6re gratis for vores brugere, f\u00e5r vi kompensation fra vores samarbejdende banker og l\u00e5ngivere for de brugere vi henviser til dem. Kommisionen har indflydelse p\u00e5 placeringen af de forskellige udbydere.<\/p>\n<\/div>\n\n\n\n<div style=\"height:40px\" aria-hidden=\"true\" class=\"wp-block-spacer\"><\/div>\n\n\n\n<h2 class=\"wp-block-heading\">Hvad er kredit?<\/h2>\n\n\n\n<p>N\u00e5r\nman taler om at &#8220;k\u00f8be p\u00e5 kredit&#8221;, s\u00e5 menes der basalt\nset, at man k\u00f8ber p\u00e5 afbetaling. Alts\u00e5 at man optager et l\u00e5n til\nshopping med henblik p\u00e5 forbrug. Det er ikke noget, vi anbefaler, du\ng\u00f8r ofte. Det er kun noget, du skal g\u00f8re velovervejet, og n\u00e5r du\nrigtig vil fork\u00e6le dig selv. For det at optage et l\u00e5n kan have\nstore \u00f8konomiske konsekvenser for dig mange \u00e5r frem i tiden. Nu\nskal du dog ikke blive skr\u00e6mt, for det kan sagtens v\u00e6re en god id\u00e9\nfor mange at optage en kredit eller et shopping-l\u00e5n. Du skal blot\nhuske at l\u00e6gge et realistisk budget for tilbagebetalingen. Der skal\naltid v\u00e6re rigeligt med penge sidst p\u00e5 m\u00e5neden s\u00e5 n\u00e6ste m\u00e5neds\nydelse kan betales.<\/p>\n\n\n\n<h2 class=\"wp-block-heading\">K\u00f8b p\u00e5 afbetaling<\/h2>\n\n\n\n<p>St\u00e5r\ndu og vil k\u00f8be en spritny computer? Eller hvad med den nye og super\nsmarte telefon? Jo da, det kan i den grad v\u00e6re fristende at l\u00e5ne\npenge til shopping. Og det kan du g\u00f8re ved at foretage et k\u00f8b p\u00e5\nafbetaling.<\/p>\n\n\n\n<p>Forestil\ndig f.eks., at du vil k\u00f8be en computer til 15.000 kroner. Du disker\nselv op med de f\u00f8rste 2.000 kroner, og mangler dermed 13.000 kroner.\nHvad g\u00f8r du s\u00e5? Jo, hvis du er smart, s\u00e5 benytter du vores\nl\u00e5nesammenligner her p\u00e5 Top5Credits.com. Angiv blot at du vil l\u00e5ne\n13.000 kroner, og s\u00e5 f\u00e5r du en r\u00e6kke valgmuligheder fra\nforskellige l\u00e5neudbydere. Du b\u00f8r v\u00e6lge tilbuddet med den laveste\nrente og \u00c5OP. G\u00e5 ogs\u00e5 gerne efter en kredit med en god\ntilbagebetalingsperiode.<\/p>\n\n\n\n<h2 class=\"wp-block-heading\">L\u00e5n til forbrug, og k\u00f8b p\u00e5\nkredit<\/h2>\n\n\n\n<p>Nogle mennesker begynder ogs\u00e5 at optage <a href=\"https:\/\/www.top5credits.com\/dk\/forbrugslaan\/\">forbrugsl\u00e5n<\/a> til det daglige forbrug. Det kan for nogle godt blive en d\u00e5rlig vane lige at tage et ekstra l\u00e5n til shopping sidst p\u00e5 m\u00e5neden, bare for at f\u00e5 tingene til at k\u00f8re rundt. Det anser vi som en d\u00e5rlig id\u00e9, og det anbefaler vi dig ikke at g\u00f8re.<\/p>\n\n\n\n<p>Vi anbefaler dig dog i den grad til tider at fork\u00e6le dig selv. S\u00e5 hvis du l\u00e6nge har g\u00e5et og dr\u00f8mt om en sp\u00e6ndende rejse, og blot mangler de sidste 20.000 kroner til form\u00e5let, og du samtidig har en plan klar for tilbagebetalingen, s\u00e5 optag dem gerne som et kredit l\u00e5n. Find det bedste her p\u00e5 siden, ved at benytte vores <a href=\"https:\/\/www.top5credits.com\/dk\/\">l\u00e5nesammenligner<\/a>.<\/p>\n\n\n\n<h2 class=\"wp-block-heading\">K\u00f8b nu og betal senere<\/h2>\n\n\n\n<p>N\u00e5r\ndu optager et shopping l\u00e5n f\u00e5r du mulighed for at k\u00f8be noget nu og\nbetale senere. P\u00e5 den m\u00e5de kan du alts\u00e5 f\u00e5 \u00f8jeblikkelig adgang\ntil det, du har g\u00e5et og dr\u00f8mt om l\u00e6nge. N\u00e5r du optager et\nshopping l\u00e5n her p\u00e5 siden, s\u00e5 f\u00e5r du typisk pengene udbetalt\nhurtigt. Nogle steder endda indenfor ganske f\u00e5 dage.<\/p>\n\n\n\n<p>Husk,\nat du altid skal kreditvurderes, inden du kan optage l\u00e5net. Det\nforeg\u00e5r blot ved at l\u00e5neudbyderen tjekker, at du ikke er\nregistreret i RKI, at du er over 18 \u00e5r, samt ikke mindst at du har\nen sund \u00f8konomi. Har du det, s\u00e5 kan du snildt tage et l\u00e5n til\nshopping.<\/p>\n\n\n\n<h2 class=\"wp-block-heading\">Benyt straks vores\nl\u00e5nesammenligner: Sammenlign over 40 forskellige l\u00e5n<\/h2>\n\n\n\n<p>Hos\nTop5Credits.com \u00f8nsker vi for alt i verden at g\u00f8re det let og\noverskueligt for dig at l\u00e5ne penge til shopping. Vi vil have, at du\nskal kunne g\u00f8re det p\u00e5 et oplyst grundlag. Det nytter ikke noget at\ntage et shopping l\u00e5n uden at have overblik over renter, \u00c5OP,\ntilbagebetalingsperioder og gebyrer. S\u00e5 alt det kan du let og\nelegant f\u00e5 overblik over her p\u00e5 siden.<\/p>\n\n\n\n<p>Vi\nhar derfor samlet en liste over shopping l\u00e5n fra mere end 40\nforskellige l\u00e5neudbydere. Angiv s\u00e5ledes blot hvor mange penge du\n\u00f8nsker at l\u00e5ne som et shopping l\u00e5n, og du f\u00e5r \u00f8jeblikkeligt en\nliste over tilbud frem p\u00e5 sk\u00e6rmen. Find det, der passer dig bedst,\nog husk nu at g\u00e5 efter den laveste rente og \u00c5OP. Udfyld s\u00e5 blot\nformularen, og inden l\u00e6nge f\u00e5r du dit shopping l\u00e5n udbetalt.<\/p>\n\n\n\n<p>Vi\n\u00f8nsker dig held og lykke med dit kommende shopping l\u00e5n, og byder\ndig velkommen her p\u00e5 siden igen i fremtiden.<\/p>\n\n\n\n<div style=\"height:20px\" aria-hidden=\"true\" class=\"wp-block-spacer\"><\/div>\n\n\n\n<div class=\"wp-block-buttons linkkinapit is-horizontal is-content-justification-center is-layout-flex wp-container-core-buttons-is-layout-499968f5 wp-block-buttons-is-layout-flex\">\n<div class=\"wp-block-button\"><a class=\"wp-block-button__link\" href=\"https:\/\/www.top5credits.com\/dk\/laansammenligning\/\">L\u00e5n penge<\/a><\/div>\n\n\n\n<div class=\"wp-block-button\"><a class=\"wp-block-button__link\" href=\"https:\/\/www.top5credits.com\/dk\/renoveringslaan\/\">Renoveringsl\u00e5n<\/a><\/div>\n\n\n\n<div class=\"wp-block-button\"><a class=\"wp-block-button__link\" href=\"https:\/\/www.top5credits.com\/dk\/ferielaan\/\">Feriel\u00e5n<\/a><\/div>\n<\/div>\n","protected":false},"excerpt":{"rendered":"<p>Sammenlign l\u00e5n til forbrug, og k\u00f8b p\u00e5 kredit Der findes vel sagtens kun to slags mennesker: Dem der dr\u00f8mmer om luksus, sp\u00e6ndende rejser og store<\/p>\n<p class=\"more-link\">L\u00e6s mere <span class=\"screen-reader-text\">Shopping l\u00e5n<\/span><\/p>\n","protected":false},"author":2,"featured_media":955,"parent":0,"menu_order":0,"comment_status":"closed","ping_status":"closed","template":"page-results.php","meta":{"footnotes":""},"class_list":["post-985","page","type-page","status-publish","has-post-thumbnail","hentry","entry"],"yoast_head":"<!-- This site is optimized with the Yoast SEO plugin v27.3 - https:\/\/yoast.com\/product\/yoast-seo-wordpress\/ -->\n<title>Sammenlign l\u00e5n til forbrug - Top5Credits.com Danmark<\/title>\n<meta name=\"description\" content=\"Er det tid til at fork\u00e6le dig selv med et shopping l\u00e5n? S\u00e5 l\u00e6s med her og se hvordan du optager en kredit p\u00e5 den mest fornuftige og billige facon.\" \/>\n<meta name=\"robots\" content=\"index, follow, max-snippet:-1, max-image-preview:large, max-video-preview:-1\" \/>\n<link rel=\"canonical\" href=\"https:\/\/www.top5credits.com\/dk\/shopping-laan\/\" \/>\n<meta property=\"og:locale\" content=\"da_DK\" \/>\n<meta property=\"og:type\" content=\"article\" \/>\n<meta property=\"og:title\" content=\"Sammenlign l\u00e5n til forbrug - Top5Credits.com Danmark\" \/>\n<meta property=\"og:description\" content=\"Er det tid til at fork\u00e6le dig selv med et shopping l\u00e5n? S\u00e5 l\u00e6s med her og se hvordan du optager en kredit p\u00e5 den mest fornuftige og billige facon.\" \/>\n<meta property=\"og:url\" content=\"https:\/\/www.top5credits.com\/dk\/shopping-laan\/\" \/>\n<meta property=\"og:site_name\" content=\"Top5Credits.com Danmark\" \/>\n<meta property=\"article:publisher\" content=\"https:\/\/www.facebook.com\/Top5Credits-Danmark-672253646571131\" \/>\n<meta property=\"article:modified_time\" content=\"2022-04-27T07:11:26+00:00\" \/>\n<meta property=\"og:image\" content=\"https:\/\/cdn.top5credits.com\/dk\/wp-content\/uploads\/sites\/5\/2020\/04\/top5credits-com.jpg?cdn=1.1.3\" \/>\n\t<meta property=\"og:image:width\" content=\"2000\" \/>\n\t<meta property=\"og:image:height\" content=\"1000\" \/>\n\t<meta property=\"og:image:type\" content=\"image\/jpeg\" \/>\n<meta name=\"twitter:card\" content=\"summary_large_image\" \/>\n<meta name=\"twitter:label1\" content=\"Estimeret l\u00e6setid\" \/>\n\t<meta name=\"twitter:data1\" content=\"5 minutter\" \/>\n<script type=\"application\/ld+json\" class=\"yoast-schema-graph\">{\"@context\":\"https:\\\/\\\/schema.org\",\"@graph\":[{\"@type\":\"WebPage\",\"@id\":\"https:\\\/\\\/www.top5credits.com\\\/dk\\\/shopping-laan\\\/\",\"url\":\"https:\\\/\\\/www.top5credits.com\\\/dk\\\/shopping-laan\\\/\",\"name\":\"Sammenlign l\u00e5n til forbrug - Top5Credits.com Danmark\",\"isPartOf\":{\"@id\":\"https:\\\/\\\/www.top5credits.com\\\/dk\\\/#website\"},\"primaryImageOfPage\":{\"@id\":\"https:\\\/\\\/www.top5credits.com\\\/dk\\\/shopping-laan\\\/#primaryimage\"},\"image\":{\"@id\":\"https:\\\/\\\/www.top5credits.com\\\/dk\\\/shopping-laan\\\/#primaryimage\"},\"thumbnailUrl\":\"https:\\\/\\\/www.top5credits.com\\\/dk\\\/wp-content\\\/uploads\\\/sites\\\/5\\\/2020\\\/04\\\/top5credits-com.jpg\",\"datePublished\":\"2020-04-17T11:56:22+00:00\",\"dateModified\":\"2022-04-27T07:11:26+00:00\",\"description\":\"Er det tid til at fork\u00e6le dig selv med et shopping l\u00e5n? S\u00e5 l\u00e6s med her og se hvordan du optager en kredit p\u00e5 den mest fornuftige og billige facon.\",\"breadcrumb\":{\"@id\":\"https:\\\/\\\/www.top5credits.com\\\/dk\\\/shopping-laan\\\/#breadcrumb\"},\"inLanguage\":\"da-DK\",\"potentialAction\":[{\"@type\":\"ReadAction\",\"target\":[\"https:\\\/\\\/www.top5credits.com\\\/dk\\\/shopping-laan\\\/\"]}]},{\"@type\":\"ImageObject\",\"inLanguage\":\"da-DK\",\"@id\":\"https:\\\/\\\/www.top5credits.com\\\/dk\\\/shopping-laan\\\/#primaryimage\",\"url\":\"https:\\\/\\\/www.top5credits.com\\\/dk\\\/wp-content\\\/uploads\\\/sites\\\/5\\\/2020\\\/04\\\/top5credits-com.jpg\",\"contentUrl\":\"https:\\\/\\\/www.top5credits.com\\\/dk\\\/wp-content\\\/uploads\\\/sites\\\/5\\\/2020\\\/04\\\/top5credits-com.jpg\",\"width\":2000,\"height\":1000,\"caption\":\"Top5Credits\"},{\"@type\":\"BreadcrumbList\",\"@id\":\"https:\\\/\\\/www.top5credits.com\\\/dk\\\/shopping-laan\\\/#breadcrumb\",\"itemListElement\":[{\"@type\":\"ListItem\",\"position\":1,\"name\":\"Top5Credits.com\",\"item\":\"https:\\\/\\\/www.top5credits.com\\\/dk\\\/\"},{\"@type\":\"ListItem\",\"position\":2,\"name\":\"Shopping l\u00e5n\"}]},{\"@type\":\"WebSite\",\"@id\":\"https:\\\/\\\/www.top5credits.com\\\/dk\\\/#website\",\"url\":\"https:\\\/\\\/www.top5credits.com\\\/dk\\\/\",\"name\":\"Top5Credits.com Danmark\",\"description\":\"\u00a0Sammenlign og find de bedste l\u00e5n\",\"publisher\":{\"@id\":\"https:\\\/\\\/www.top5credits.com\\\/dk\\\/#organization\"},\"potentialAction\":[{\"@type\":\"SearchAction\",\"target\":{\"@type\":\"EntryPoint\",\"urlTemplate\":\"https:\\\/\\\/www.top5credits.com\\\/dk\\\/?s={search_term_string}\"},\"query-input\":{\"@type\":\"PropertyValueSpecification\",\"valueRequired\":true,\"valueName\":\"search_term_string\"}}],\"inLanguage\":\"da-DK\"},{\"@type\":\"Organization\",\"@id\":\"https:\\\/\\\/www.top5credits.com\\\/dk\\\/#organization\",\"name\":\"Top5Credits.com\",\"url\":\"https:\\\/\\\/www.top5credits.com\\\/dk\\\/\",\"logo\":{\"@type\":\"ImageObject\",\"inLanguage\":\"da-DK\",\"@id\":\"https:\\\/\\\/www.top5credits.com\\\/dk\\\/#\\\/schema\\\/logo\\\/image\\\/\",\"url\":\"https:\\\/\\\/cdn.top5credits.com\\\/dk\\\/wp-content\\\/uploads\\\/sites\\\/5\\\/2023\\\/10\\\/t5c-favicon.png\",\"contentUrl\":\"https:\\\/\\\/cdn.top5credits.com\\\/dk\\\/wp-content\\\/uploads\\\/sites\\\/5\\\/2023\\\/10\\\/t5c-favicon.png\",\"width\":512,\"height\":512,\"caption\":\"Top5Credits.com\"},\"image\":{\"@id\":\"https:\\\/\\\/www.top5credits.com\\\/dk\\\/#\\\/schema\\\/logo\\\/image\\\/\"},\"sameAs\":[\"https:\\\/\\\/www.facebook.com\\\/Top5Credits-Danmark-672253646571131\"]}]}<\/script>\n<!-- \/ Yoast SEO plugin. -->","yoast_head_json":{"title":"Sammenlign l\u00e5n til forbrug - Top5Credits.com Danmark","description":"Er det tid til at fork\u00e6le dig selv med et shopping l\u00e5n? S\u00e5 l\u00e6s med her og se hvordan du optager en kredit p\u00e5 den mest fornuftige og billige facon.","robots":{"index":"index","follow":"follow","max-snippet":"max-snippet:-1","max-image-preview":"max-image-preview:large","max-video-preview":"max-video-preview:-1"},"canonical":"https:\/\/www.top5credits.com\/dk\/shopping-laan\/","og_locale":"da_DK","og_type":"article","og_title":"Sammenlign l\u00e5n til forbrug - Top5Credits.com Danmark","og_description":"Er det tid til at fork\u00e6le dig selv med et shopping l\u00e5n? S\u00e5 l\u00e6s med her og se hvordan du optager en kredit p\u00e5 den mest fornuftige og billige facon.","og_url":"https:\/\/www.top5credits.com\/dk\/shopping-laan\/","og_site_name":"Top5Credits.com Danmark","article_publisher":"https:\/\/www.facebook.com\/Top5Credits-Danmark-672253646571131","article_modified_time":"2022-04-27T07:11:26+00:00","og_image":[{"width":2000,"height":1000,"url":"https:\/\/cdn.top5credits.com\/dk\/wp-content\/uploads\/sites\/5\/2020\/04\/top5credits-com.jpg?cdn=1.1.3","type":"image\/jpeg"}],"twitter_card":"summary_large_image","twitter_misc":{"Estimeret l\u00e6setid":"5 minutter"},"schema":{"@context":"https:\/\/schema.org","@graph":[{"@type":"WebPage","@id":"https:\/\/www.top5credits.com\/dk\/shopping-laan\/","url":"https:\/\/www.top5credits.com\/dk\/shopping-laan\/","name":"Sammenlign l\u00e5n til forbrug - Top5Credits.com Danmark","isPartOf":{"@id":"https:\/\/www.top5credits.com\/dk\/#website"},"primaryImageOfPage":{"@id":"https:\/\/www.top5credits.com\/dk\/shopping-laan\/#primaryimage"},"image":{"@id":"https:\/\/www.top5credits.com\/dk\/shopping-laan\/#primaryimage"},"thumbnailUrl":"https:\/\/cdn.top5credits.com\/dk\/wp-content\/uploads\/sites\/5\/2020\/04\/top5credits-com.jpg?cdn=1.1.3","datePublished":"2020-04-17T11:56:22+00:00","dateModified":"2022-04-27T07:11:26+00:00","description":"Er det tid til at fork\u00e6le dig selv med et shopping l\u00e5n? S\u00e5 l\u00e6s med her og se hvordan du optager en kredit p\u00e5 den mest fornuftige og billige facon.","breadcrumb":{"@id":"https:\/\/www.top5credits.com\/dk\/shopping-laan\/#breadcrumb"},"inLanguage":"da-DK","potentialAction":[{"@type":"ReadAction","target":["https:\/\/www.top5credits.com\/dk\/shopping-laan\/"]}]},{"@type":"ImageObject","inLanguage":"da-DK","@id":"https:\/\/www.top5credits.com\/dk\/shopping-laan\/#primaryimage","url":"https:\/\/cdn.top5credits.com\/dk\/wp-content\/uploads\/sites\/5\/2020\/04\/top5credits-com.jpg?cdn=1.1.3","contentUrl":"https:\/\/cdn.top5credits.com\/dk\/wp-content\/uploads\/sites\/5\/2020\/04\/top5credits-com.jpg?cdn=1.1.3","width":2000,"height":1000,"caption":"Top5Credits"},{"@type":"BreadcrumbList","@id":"https:\/\/www.top5credits.com\/dk\/shopping-laan\/#breadcrumb","itemListElement":[{"@type":"ListItem","position":1,"name":"Top5Credits.com","item":"https:\/\/www.top5credits.com\/dk\/"},{"@type":"ListItem","position":2,"name":"Shopping l\u00e5n"}]},{"@type":"WebSite","@id":"https:\/\/www.top5credits.com\/dk\/#website","url":"https:\/\/www.top5credits.com\/dk\/","name":"Top5Credits.com Danmark","description":"\u00a0Sammenlign og find de bedste l\u00e5n","publisher":{"@id":"https:\/\/www.top5credits.com\/dk\/#organization"},"potentialAction":[{"@type":"SearchAction","target":{"@type":"EntryPoint","urlTemplate":"https:\/\/www.top5credits.com\/dk\/?s={search_term_string}"},"query-input":{"@type":"PropertyValueSpecification","valueRequired":true,"valueName":"search_term_string"}}],"inLanguage":"da-DK"},{"@type":"Organization","@id":"https:\/\/www.top5credits.com\/dk\/#organization","name":"Top5Credits.com","url":"https:\/\/www.top5credits.com\/dk\/","logo":{"@type":"ImageObject","inLanguage":"da-DK","@id":"https:\/\/www.top5credits.com\/dk\/#\/schema\/logo\/image\/","url":"https:\/\/cdn.top5credits.com\/dk\/wp-content\/uploads\/sites\/5\/2023\/10\/t5c-favicon.png","contentUrl":"https:\/\/cdn.top5credits.com\/dk\/wp-content\/uploads\/sites\/5\/2023\/10\/t5c-favicon.png","width":512,"height":512,"caption":"Top5Credits.com"},"image":{"@id":"https:\/\/www.top5credits.com\/dk\/#\/schema\/logo\/image\/"},"sameAs":["https:\/\/www.facebook.com\/Top5Credits-Danmark-672253646571131"]}]}},"_links":{"self":[{"href":"https:\/\/www.top5credits.com\/dk\/wp-json\/wp\/v2\/pages\/985","targetHints":{"allow":["GET"]}}],"collection":[{"href":"https:\/\/www.top5credits.com\/dk\/wp-json\/wp\/v2\/pages"}],"about":[{"href":"https:\/\/www.top5credits.com\/dk\/wp-json\/wp\/v2\/types\/page"}],"author":[{"embeddable":true,"href":"https:\/\/www.top5credits.com\/dk\/wp-json\/wp\/v2\/users\/2"}],"replies":[{"embeddable":true,"href":"https:\/\/www.top5credits.com\/dk\/wp-json\/wp\/v2\/comments?post=985"}],"version-history":[{"count":0,"href":"https:\/\/www.top5credits.com\/dk\/wp-json\/wp\/v2\/pages\/985\/revisions"}],"wp:featuredmedia":[{"embeddable":true,"href":"https:\/\/www.top5credits.com\/dk\/wp-json\/wp\/v2\/media\/955"}],"wp:attachment":[{"href":"https:\/\/www.top5credits.com\/dk\/wp-json\/wp\/v2\/media?parent=985"}],"curies":[{"name":"wp","href":"https:\/\/api.w.org\/{rel}","templated":true}]}}