{"id":2670,"date":"2020-03-03T12:54:53","date_gmt":"2020-03-03T12:54:53","guid":{"rendered":"https:\/\/www.top5credits.com\/es\/?page_id=2670"},"modified":"2025-03-21T09:36:43","modified_gmt":"2025-03-21T09:36:43","slug":"prestamo-2000-euros","status":"publish","type":"page","link":"https:\/\/www.top5credits.com\/es\/prestamos-personales\/prestamo-2000-euros\/","title":{"rendered":"Pr\u00e9stamo 2000 euros"},"content":{"rendered":"\n<div class=\"wp-block-group first-section\"><div class=\"wp-block-group__inner-container is-layout-flow wp-block-group-is-layout-flow\">\n<h1 class=\"wp-block-heading has-text-align-center compare-title\">Pr\u00e9stamo 2000 euros<\/h1>\n\n\n\n<p class=\"has-text-align-center compare-title\">Compara y elige el pr\u00e9stamo de 2000 euros que necesitas. <span class=\"luelisaanappi\">Leer&nbsp;m\u00e1s..<\/span> <span class=\"luelisaateksti\"> \u00bfNecesitas un pr\u00e9stamo de 2000 euros? En Top5Credits.com hemos analizado las principales financieras en Espa\u00f1a, as\u00ed que hemos seleccionado todos los prestamistas que ofrecen pr\u00e9stamos de 2000 euros. Compara las opciones y lee nuestras opiniones.\n<\/span><\/p>\n\n\n\n\n<\/div><\/div>\n\n\n\n\n\n\n<div class=\"top-results palkkio\">\n<span class=\"huomiomerkki\">!<\/span> La comisi\u00f3n que recibimos afecta directamente el listado &#8211; Leer m\u00e1s <span class=\"plus-trigger\">+<\/span>\n<p>Top5Credits.com es un website 100% gratuito con el prop\u00f3sito de suministrar informaci\u00f3n \u00fatil y de valor al usuario. Comparamos pr\u00e9stamos y los analizamos de manera objetiva. Para mantener nuestros servicios gratuitos, obtenemos comisiones de los bancos y prestamistas por cada usuario que les redirigimos. El ratio de compensaci\u00f3n afecta directamente el orden del listado de colaboradores.<\/p>\n<\/div>\n\n\n\n<div class=\"wp-block-group full-white\"><div class=\"wp-block-group__inner-container is-layout-flow wp-block-group-is-layout-flow\">\n<h2 class=\"wp-block-heading\">Pr\u00e9stamo de 2000 euros<\/h2>\n\n\n\n<p>Si necesitas <strong>pr\u00e9stamo de 2000 euros<\/strong> y no sabes por cu\u00e1l decantarte, usa nuestro <strong>comparador de pr\u00e9stamos<\/strong>. En \u00e9l podr\u00e1s cotejar los diferentes productos financieros que hemos analizado personalmente. Adem\u00e1s de datos importantes como TAE, mensualidades o sus puntos fuertes y d\u00e9biles, tambi\u00e9n tendr\u00e1s acceso a la <a href=\"https:\/\/www.top5credits.com\/es\/opiniones\/\">opini\u00f3n <\/a>redactada por nuestros analistas.<\/p>\n\n\n\n<p>En nuestros an\u00e1lisis <strong>pedimos personalmente el cr\u00e9dito<\/strong>. De esta manera, ofrecemos al usuario la experiencia, no s\u00f3lo para que pueda comprobar las ofertas de la financiera en cuesti\u00f3n, si no para que a la hora de pedirlo sepas <strong>exactamente <\/strong>qu\u00e9 esperar de la financiera.<\/p>\n\n\n\n<h2 class=\"wp-block-heading\">\u00bfPr\u00e9stamos de 2000 euros con ASNEF?<\/h2>\n\n\n\n<p>Puede que necesites ese pr\u00e9stamo de 2.000 euros pero por alg\u00fan motivo hayas acabado en las<strong> listas de morosos EQUIFAX o ASNEF<\/strong>. Aunque siempre recomendamos que antes de pedir otro pr\u00e9stamo consigamos <a href=\"https:\/\/www.top5credits.com\/es\/articulos\/como-salir-de-asnef\/\">salir de las listas ASNEF<\/a> y liquidar todas nuestras deudas, siempre tendremos la posibilidad de pedir un <a href=\"https:\/\/www.top5credits.com\/es\/prestamos-personales-con-asnef\/\">pr\u00e9stamo con ASNEF<\/a>.<\/p>\n\n\n\n<p>Eso s\u00ed, antes de pedir un pr\u00e9stamo de 2000 euros con ASNEF, tienes que tener en cuenta que siempre saldr\u00e1 m\u00e1s caro que pedir un pr\u00e9stamo sin dicho requerimiento. Piensa que cuando un prestamista te concede un cr\u00e9dito estando en una lista de morosos, est\u00e1 realizando una <strong>inversi\u00f3n de alto riesgo<\/strong>. Eso significa que intentar\u00e1 rentabilizarla de alguna manera, y esto ser\u00e1 a trav\u00e9s de los intereses que te cobrar\u00e1.<\/p>\n\n\n\n<h2 class=\"wp-block-heading\">C\u00f3mo y d\u00f3nde conseguir un pr\u00e9stamo de 2000 euros<\/h2>\n\n\n\n<p>Tienes varias opciones para pedir un cr\u00e9dito de 2000 euros. Si bien puedes acudir a tu <strong>banco habitual<\/strong> y pedir el pr\u00e9stamo, no siempre significa que tendr\u00e1s la mejor oferta. Aunque la banca tradicional puede ser \u00e1gil a la hora del ingreso (siempre y cuando tu historial con ellos sea bueno y dispongan de <strong>banca online<\/strong>), no siempre es la opci\u00f3n recomendable, a pesar de que por regla general la banca tradicional tenga mejores intereses.<\/p>\n\n\n\n<p>Antes de tomar cualquier decisi\u00f3n relacionada con prestamos, es fundamental que compares. Puedes usar nuestro comparador si prefieres hacerlo t\u00fa de manera manual. No obstante, te animamos a que rellenos nuestro <a href=\"https:\/\/www.top5credits.com\/es\/\">formulario<\/a> y dejes que nuestro algoritmo busque el mejor pr\u00e9stamo seg\u00fan tu perfil y necesidades. Recuerda que es un servicio<strong> totalmente gratuito y sin compromiso<\/strong>.<\/p>\n\n\n\n<h2 class=\"wp-block-heading\">\u00bfPedir un pr\u00e9stamo urgente?<\/h2>\n\n\n\n<p>Existen casos de necesidad en los que puedes necesitar dinero urgente. Si hablamos de micropr\u00e9stamos de 300 o hasta 1000 euros puede que no sea tan dif\u00edcil conseguirlos. No obstante, en el caso de superar los 1000 euros, conseguir un pr\u00e9stamo urgente puede ser <strong>m\u00e1s dif\u00edcil.<\/strong><\/p>\n\n\n\n<p>Eso s\u00ed, <strong>no es imposible<\/strong>. En estos casos, intenta acudir a tu banco tradicional o a una financiera con la que ya hayas contratado un producto. Si tu historial crediticio es bueno y pagaste tus deudas en hora, no deber\u00edas tener problemas. Adem\u00e1s, la mayor\u00eda del papeleo lo habr\u00e1s hecho previamente.<\/p>\n\n\n\n<p>No obstante, si tu banco habitual no te lo ofrece o no te interesan sus condiciones, siempre puedes usar nuestro comparador para encontrar otro. No obstante, normalmente este tipo de pr\u00e9stamos tomar\u00e1n <strong>de 24 a 48 horas<\/strong> hasta que tengas el dinero disponible en tu cuenta.<\/p>\n<\/div><\/div>\n\n\n\n<div class=\"page-faqs\">\n\n\n\n<h2 class=\"wp-block-heading has-text-align-center\">Preguntas Frecuentes<\/h2>\n\n\n\n<div class=\"schema-faq wp-block-yoast-faq-block\"><div class=\"schema-faq-section\" id=\"faq-question-1576829428004\"><strong class=\"schema-faq-question\">\u00bfC\u00f3mo conseguir un pr\u00e9stamo de 2000 euros?<\/strong> <p class=\"schema-faq-answer\">Puedes consultar nuestra lista de <a href=\"https:\/\/www.top5credits.com\/es\/prestamos-personales\/prestamo-2000-euros\/\">pr\u00e9stamos de 2000 euros<\/a>, en donde podr\u00e1s comparar intereses, plazos, l\u00edmites y acceder a una opini\u00f3n objetiva.<\/p> <\/div> <div class=\"schema-faq-section\" id=\"faq-question-1576829428794\"><strong class=\"schema-faq-question\">\u00bfPuedo pedir 2000 euros estando en ASNEF?<\/strong> <p class=\"schema-faq-answer\">Existen pr\u00e9stamos que pueden dar dicha cantidad estando en ASNEF, si bien son los que menos.<\/p> <\/div> <div class=\"schema-faq-section\" id=\"faq-question-1576829442126\"><strong class=\"schema-faq-question\">\u00bfCu\u00e1nto cuesta un pr\u00e9stamo de 2000 euros?<\/strong> <p class=\"schema-faq-answer\">Siempre depender\u00e1 de la TAE aplicada (Tipo de inter\u00e9s anual) y cu\u00e1nto tardes en pagarlo.<\/p> <\/div> <div class=\"schema-faq-section\" id=\"faq-question-1576829490092\"><strong class=\"schema-faq-question\">\u00bfC\u00f3mo me puede ayudar Top5Credits?<\/strong> <p class=\"schema-faq-answer\">Rellenando nuestro formulario o usando nuestro comparador, podr\u00e1s acceder a diferentes ofertas y an\u00e1lisis objetivos.<\/p> <\/div> <\/div>\n\n\n\n<\/div>\n","protected":false},"excerpt":{"rendered":"<p>Pr\u00e9stamo 2000 euros Compara y elige el pr\u00e9stamo de 2000 euros que necesitas. Leer&nbsp;m\u00e1s.. \u00bfNecesitas un pr\u00e9stamo de 2000 euros? En Top5Credits.com hemos analizado las<\/p>\n<p class=\"more-link\">Seguir leyendo <span class=\"screen-reader-text\">Pr\u00e9stamo 2000 euros<\/span><\/p>\n","protected":false},"author":2,"featured_media":0,"parent":49,"menu_order":0,"comment_status":"closed","ping_status":"closed","template":"page-results.php","meta":{"footnotes":""},"class_list":["post-2670","page","type-page","status-publish","hentry","entry"],"yoast_head":"<!-- This site is optimized with the Yoast SEO plugin v27.3 - https:\/\/yoast.com\/product\/yoast-seo-wordpress\/ -->\n<title>Pr\u00e9stamo 2000 euros - Top5Credits.com Espa\u00f1a<\/title>\n<meta name=\"description\" content=\"\u00bfNecesitas un pr\u00e9stamo de 2000 euros? Ya sea un pr\u00e9stamo urgente o un pr\u00e9stamo a plazo, con ASNEF o sin aval, en Top5Credits.com te mostramos tus opciones.\" \/>\n<meta name=\"robots\" content=\"index, follow, max-snippet:-1, max-image-preview:large, max-video-preview:-1\" \/>\n<link rel=\"canonical\" href=\"https:\/\/www.top5credits.com\/es\/prestamos-personales\/prestamo-2000-euros\/\" \/>\n<meta property=\"og:locale\" content=\"es_ES\" \/>\n<meta property=\"og:type\" content=\"article\" \/>\n<meta property=\"og:title\" content=\"Pr\u00e9stamo 2000 euros - Top5Credits.com Espa\u00f1a\" \/>\n<meta property=\"og:description\" content=\"\u00bfNecesitas un pr\u00e9stamo de 2000 euros? Ya sea un pr\u00e9stamo urgente o un pr\u00e9stamo a plazo, con ASNEF o sin aval, en Top5Credits.com te mostramos tus opciones.\" \/>\n<meta property=\"og:url\" content=\"https:\/\/www.top5credits.com\/es\/prestamos-personales\/prestamo-2000-euros\/\" \/>\n<meta property=\"og:site_name\" content=\"Top5Credits.com Espa\u00f1a\" \/>\n<meta property=\"article:publisher\" content=\"https:\/\/www.facebook.com\/Top5Creditscom-Espa%c3%b1a-109158667157057\" \/>\n<meta property=\"article:modified_time\" content=\"2025-03-21T09:36:43+00:00\" \/>\n<meta property=\"og:image\" content=\"https:\/\/cdn.top5credits.com\/es\/wp-content\/uploads\/sites\/8\/2019\/06\/top5-og.jpg?cdn=1.1.1\" \/>\n\t<meta property=\"og:image:width\" content=\"1200\" \/>\n\t<meta property=\"og:image:height\" content=\"630\" \/>\n\t<meta property=\"og:image:type\" content=\"image\/jpeg\" \/>\n<meta name=\"twitter:card\" content=\"summary_large_image\" \/>\n<meta name=\"twitter:label1\" content=\"Tiempo de lectura\" \/>\n\t<meta name=\"twitter:data1\" content=\"4 minutos\" \/>\n<script type=\"application\/ld+json\" class=\"yoast-schema-graph\">{\"@context\":\"https:\\\/\\\/schema.org\",\"@graph\":[{\"@type\":[\"WebPage\",\"FAQPage\"],\"@id\":\"https:\\\/\\\/www.top5credits.com\\\/es\\\/prestamos-personales\\\/prestamo-2000-euros\\\/\",\"url\":\"https:\\\/\\\/www.top5credits.com\\\/es\\\/prestamos-personales\\\/prestamo-2000-euros\\\/\",\"name\":\"Pr\u00e9stamo 2000 euros - Top5Credits.com Espa\u00f1a\",\"isPartOf\":{\"@id\":\"https:\\\/\\\/www.top5credits.com\\\/es\\\/#website\"},\"datePublished\":\"2020-03-03T12:54:53+00:00\",\"dateModified\":\"2025-03-21T09:36:43+00:00\",\"description\":\"\u00bfNecesitas un pr\u00e9stamo de 2000 euros? Ya sea un pr\u00e9stamo urgente o un pr\u00e9stamo a plazo, con ASNEF o sin aval, en Top5Credits.com te mostramos tus opciones.\",\"breadcrumb\":{\"@id\":\"https:\\\/\\\/www.top5credits.com\\\/es\\\/prestamos-personales\\\/prestamo-2000-euros\\\/#breadcrumb\"},\"mainEntity\":[{\"@id\":\"https:\\\/\\\/www.top5credits.com\\\/es\\\/prestamos-personales\\\/prestamo-2000-euros\\\/#faq-question-1576829428004\"},{\"@id\":\"https:\\\/\\\/www.top5credits.com\\\/es\\\/prestamos-personales\\\/prestamo-2000-euros\\\/#faq-question-1576829428794\"},{\"@id\":\"https:\\\/\\\/www.top5credits.com\\\/es\\\/prestamos-personales\\\/prestamo-2000-euros\\\/#faq-question-1576829442126\"},{\"@id\":\"https:\\\/\\\/www.top5credits.com\\\/es\\\/prestamos-personales\\\/prestamo-2000-euros\\\/#faq-question-1576829490092\"}],\"inLanguage\":\"es\",\"potentialAction\":[{\"@type\":\"ReadAction\",\"target\":[\"https:\\\/\\\/www.top5credits.com\\\/es\\\/prestamos-personales\\\/prestamo-2000-euros\\\/\"]}]},{\"@type\":\"BreadcrumbList\",\"@id\":\"https:\\\/\\\/www.top5credits.com\\\/es\\\/prestamos-personales\\\/prestamo-2000-euros\\\/#breadcrumb\",\"itemListElement\":[{\"@type\":\"ListItem\",\"position\":1,\"name\":\"Top5Credits.com\",\"item\":\"https:\\\/\\\/www.top5credits.com\\\/es\\\/\"},{\"@type\":\"ListItem\",\"position\":2,\"name\":\"Compara pr\u00e9stamos personales online\",\"item\":\"https:\\\/\\\/www.top5credits.com\\\/es\\\/prestamos-personales\\\/\"},{\"@type\":\"ListItem\",\"position\":3,\"name\":\"Pr\u00e9stamo 2000 euros\"}]},{\"@type\":\"WebSite\",\"@id\":\"https:\\\/\\\/www.top5credits.com\\\/es\\\/#website\",\"url\":\"https:\\\/\\\/www.top5credits.com\\\/es\\\/\",\"name\":\"Top5Credits.com Espa\u00f1a\",\"description\":\"\",\"publisher\":{\"@id\":\"https:\\\/\\\/www.top5credits.com\\\/es\\\/#organization\"},\"potentialAction\":[{\"@type\":\"SearchAction\",\"target\":{\"@type\":\"EntryPoint\",\"urlTemplate\":\"https:\\\/\\\/www.top5credits.com\\\/es\\\/?s={search_term_string}\"},\"query-input\":{\"@type\":\"PropertyValueSpecification\",\"valueRequired\":true,\"valueName\":\"search_term_string\"}}],\"inLanguage\":\"es\"},{\"@type\":\"Organization\",\"@id\":\"https:\\\/\\\/www.top5credits.com\\\/es\\\/#organization\",\"name\":\"Top5Credits.com\",\"url\":\"https:\\\/\\\/www.top5credits.com\\\/es\\\/\",\"logo\":{\"@type\":\"ImageObject\",\"inLanguage\":\"es\",\"@id\":\"https:\\\/\\\/www.top5credits.com\\\/es\\\/#\\\/schema\\\/logo\\\/image\\\/\",\"url\":\"https:\\\/\\\/cdn.top5credits.com\\\/es\\\/wp-content\\\/uploads\\\/sites\\\/8\\\/2023\\\/10\\\/t5c-favicon.png\",\"contentUrl\":\"https:\\\/\\\/cdn.top5credits.com\\\/es\\\/wp-content\\\/uploads\\\/sites\\\/8\\\/2023\\\/10\\\/t5c-favicon.png\",\"width\":512,\"height\":512,\"caption\":\"Top5Credits.com\"},\"image\":{\"@id\":\"https:\\\/\\\/www.top5credits.com\\\/es\\\/#\\\/schema\\\/logo\\\/image\\\/\"},\"sameAs\":[\"https:\\\/\\\/www.facebook.com\\\/Top5Creditscom-Espa\u00f1a-109158667157057\"]},{\"@type\":\"Question\",\"@id\":\"https:\\\/\\\/www.top5credits.com\\\/es\\\/prestamos-personales\\\/prestamo-2000-euros\\\/#faq-question-1576829428004\",\"position\":1,\"url\":\"https:\\\/\\\/www.top5credits.com\\\/es\\\/prestamos-personales\\\/prestamo-2000-euros\\\/#faq-question-1576829428004\",\"name\":\"\u00bfC\u00f3mo conseguir un pr\u00e9stamo de 2000 euros?\",\"answerCount\":1,\"acceptedAnswer\":{\"@type\":\"Answer\",\"text\":\"Puedes consultar nuestra lista de <a href=\\\"https:\\\/\\\/www.top5credits.com\\\/es\\\/prestamos-personales\\\/prestamo-2000-euros\\\/\\\">pr\u00e9stamos de 2000 euros<\\\/a>, en donde podr\u00e1s comparar intereses, plazos, l\u00edmites y acceder a una opini\u00f3n objetiva.\",\"inLanguage\":\"es\"},\"inLanguage\":\"es\"},{\"@type\":\"Question\",\"@id\":\"https:\\\/\\\/www.top5credits.com\\\/es\\\/prestamos-personales\\\/prestamo-2000-euros\\\/#faq-question-1576829428794\",\"position\":2,\"url\":\"https:\\\/\\\/www.top5credits.com\\\/es\\\/prestamos-personales\\\/prestamo-2000-euros\\\/#faq-question-1576829428794\",\"name\":\"\u00bfPuedo pedir 2000 euros estando en ASNEF?\",\"answerCount\":1,\"acceptedAnswer\":{\"@type\":\"Answer\",\"text\":\"Existen pr\u00e9stamos que pueden dar dicha cantidad estando en ASNEF, si bien son los que menos.\",\"inLanguage\":\"es\"},\"inLanguage\":\"es\"},{\"@type\":\"Question\",\"@id\":\"https:\\\/\\\/www.top5credits.com\\\/es\\\/prestamos-personales\\\/prestamo-2000-euros\\\/#faq-question-1576829442126\",\"position\":3,\"url\":\"https:\\\/\\\/www.top5credits.com\\\/es\\\/prestamos-personales\\\/prestamo-2000-euros\\\/#faq-question-1576829442126\",\"name\":\"\u00bfCu\u00e1nto cuesta un pr\u00e9stamo de 2000 euros?\",\"answerCount\":1,\"acceptedAnswer\":{\"@type\":\"Answer\",\"text\":\"Siempre depender\u00e1 de la TAE aplicada (Tipo de inter\u00e9s anual) y cu\u00e1nto tardes en pagarlo.\",\"inLanguage\":\"es\"},\"inLanguage\":\"es\"},{\"@type\":\"Question\",\"@id\":\"https:\\\/\\\/www.top5credits.com\\\/es\\\/prestamos-personales\\\/prestamo-2000-euros\\\/#faq-question-1576829490092\",\"position\":4,\"url\":\"https:\\\/\\\/www.top5credits.com\\\/es\\\/prestamos-personales\\\/prestamo-2000-euros\\\/#faq-question-1576829490092\",\"name\":\"\u00bfC\u00f3mo me puede ayudar Top5Credits?\",\"answerCount\":1,\"acceptedAnswer\":{\"@type\":\"Answer\",\"text\":\"Rellenando nuestro formulario o usando nuestro comparador, podr\u00e1s acceder a diferentes ofertas y an\u00e1lisis objetivos.\",\"inLanguage\":\"es\"},\"inLanguage\":\"es\"}]}<\/script>\n<!-- \/ Yoast SEO plugin. -->","yoast_head_json":{"title":"Pr\u00e9stamo 2000 euros - Top5Credits.com Espa\u00f1a","description":"\u00bfNecesitas un pr\u00e9stamo de 2000 euros? Ya sea un pr\u00e9stamo urgente o un pr\u00e9stamo a plazo, con ASNEF o sin aval, en Top5Credits.com te mostramos tus opciones.","robots":{"index":"index","follow":"follow","max-snippet":"max-snippet:-1","max-image-preview":"max-image-preview:large","max-video-preview":"max-video-preview:-1"},"canonical":"https:\/\/www.top5credits.com\/es\/prestamos-personales\/prestamo-2000-euros\/","og_locale":"es_ES","og_type":"article","og_title":"Pr\u00e9stamo 2000 euros - Top5Credits.com Espa\u00f1a","og_description":"\u00bfNecesitas un pr\u00e9stamo de 2000 euros? Ya sea un pr\u00e9stamo urgente o un pr\u00e9stamo a plazo, con ASNEF o sin aval, en Top5Credits.com te mostramos tus opciones.","og_url":"https:\/\/www.top5credits.com\/es\/prestamos-personales\/prestamo-2000-euros\/","og_site_name":"Top5Credits.com Espa\u00f1a","article_publisher":"https:\/\/www.facebook.com\/Top5Creditscom-Espa%c3%b1a-109158667157057","article_modified_time":"2025-03-21T09:36:43+00:00","og_image":[{"width":1200,"height":630,"url":"https:\/\/cdn.top5credits.com\/es\/wp-content\/uploads\/sites\/8\/2019\/06\/top5-og.jpg?cdn=1.1.1","type":"image\/jpeg"}],"twitter_card":"summary_large_image","twitter_misc":{"Tiempo de lectura":"4 minutos"},"schema":{"@context":"https:\/\/schema.org","@graph":[{"@type":["WebPage","FAQPage"],"@id":"https:\/\/www.top5credits.com\/es\/prestamos-personales\/prestamo-2000-euros\/","url":"https:\/\/www.top5credits.com\/es\/prestamos-personales\/prestamo-2000-euros\/","name":"Pr\u00e9stamo 2000 euros - Top5Credits.com Espa\u00f1a","isPartOf":{"@id":"https:\/\/www.top5credits.com\/es\/#website"},"datePublished":"2020-03-03T12:54:53+00:00","dateModified":"2025-03-21T09:36:43+00:00","description":"\u00bfNecesitas un pr\u00e9stamo de 2000 euros? Ya sea un pr\u00e9stamo urgente o un pr\u00e9stamo a plazo, con ASNEF o sin aval, en Top5Credits.com te mostramos tus opciones.","breadcrumb":{"@id":"https:\/\/www.top5credits.com\/es\/prestamos-personales\/prestamo-2000-euros\/#breadcrumb"},"mainEntity":[{"@id":"https:\/\/www.top5credits.com\/es\/prestamos-personales\/prestamo-2000-euros\/#faq-question-1576829428004"},{"@id":"https:\/\/www.top5credits.com\/es\/prestamos-personales\/prestamo-2000-euros\/#faq-question-1576829428794"},{"@id":"https:\/\/www.top5credits.com\/es\/prestamos-personales\/prestamo-2000-euros\/#faq-question-1576829442126"},{"@id":"https:\/\/www.top5credits.com\/es\/prestamos-personales\/prestamo-2000-euros\/#faq-question-1576829490092"}],"inLanguage":"es","potentialAction":[{"@type":"ReadAction","target":["https:\/\/www.top5credits.com\/es\/prestamos-personales\/prestamo-2000-euros\/"]}]},{"@type":"BreadcrumbList","@id":"https:\/\/www.top5credits.com\/es\/prestamos-personales\/prestamo-2000-euros\/#breadcrumb","itemListElement":[{"@type":"ListItem","position":1,"name":"Top5Credits.com","item":"https:\/\/www.top5credits.com\/es\/"},{"@type":"ListItem","position":2,"name":"Compara pr\u00e9stamos personales online","item":"https:\/\/www.top5credits.com\/es\/prestamos-personales\/"},{"@type":"ListItem","position":3,"name":"Pr\u00e9stamo 2000 euros"}]},{"@type":"WebSite","@id":"https:\/\/www.top5credits.com\/es\/#website","url":"https:\/\/www.top5credits.com\/es\/","name":"Top5Credits.com Espa\u00f1a","description":"","publisher":{"@id":"https:\/\/www.top5credits.com\/es\/#organization"},"potentialAction":[{"@type":"SearchAction","target":{"@type":"EntryPoint","urlTemplate":"https:\/\/www.top5credits.com\/es\/?s={search_term_string}"},"query-input":{"@type":"PropertyValueSpecification","valueRequired":true,"valueName":"search_term_string"}}],"inLanguage":"es"},{"@type":"Organization","@id":"https:\/\/www.top5credits.com\/es\/#organization","name":"Top5Credits.com","url":"https:\/\/www.top5credits.com\/es\/","logo":{"@type":"ImageObject","inLanguage":"es","@id":"https:\/\/www.top5credits.com\/es\/#\/schema\/logo\/image\/","url":"https:\/\/cdn.top5credits.com\/es\/wp-content\/uploads\/sites\/8\/2023\/10\/t5c-favicon.png","contentUrl":"https:\/\/cdn.top5credits.com\/es\/wp-content\/uploads\/sites\/8\/2023\/10\/t5c-favicon.png","width":512,"height":512,"caption":"Top5Credits.com"},"image":{"@id":"https:\/\/www.top5credits.com\/es\/#\/schema\/logo\/image\/"},"sameAs":["https:\/\/www.facebook.com\/Top5Creditscom-Espa\u00f1a-109158667157057"]},{"@type":"Question","@id":"https:\/\/www.top5credits.com\/es\/prestamos-personales\/prestamo-2000-euros\/#faq-question-1576829428004","position":1,"url":"https:\/\/www.top5credits.com\/es\/prestamos-personales\/prestamo-2000-euros\/#faq-question-1576829428004","name":"\u00bfC\u00f3mo conseguir un pr\u00e9stamo de 2000 euros?","answerCount":1,"acceptedAnswer":{"@type":"Answer","text":"Puedes consultar nuestra lista de <a href=\"https:\/\/www.top5credits.com\/es\/prestamos-personales\/prestamo-2000-euros\/\">pr\u00e9stamos de 2000 euros<\/a>, en donde podr\u00e1s comparar intereses, plazos, l\u00edmites y acceder a una opini\u00f3n objetiva.","inLanguage":"es"},"inLanguage":"es"},{"@type":"Question","@id":"https:\/\/www.top5credits.com\/es\/prestamos-personales\/prestamo-2000-euros\/#faq-question-1576829428794","position":2,"url":"https:\/\/www.top5credits.com\/es\/prestamos-personales\/prestamo-2000-euros\/#faq-question-1576829428794","name":"\u00bfPuedo pedir 2000 euros estando en ASNEF?","answerCount":1,"acceptedAnswer":{"@type":"Answer","text":"Existen pr\u00e9stamos que pueden dar dicha cantidad estando en ASNEF, si bien son los que menos.","inLanguage":"es"},"inLanguage":"es"},{"@type":"Question","@id":"https:\/\/www.top5credits.com\/es\/prestamos-personales\/prestamo-2000-euros\/#faq-question-1576829442126","position":3,"url":"https:\/\/www.top5credits.com\/es\/prestamos-personales\/prestamo-2000-euros\/#faq-question-1576829442126","name":"\u00bfCu\u00e1nto cuesta un pr\u00e9stamo de 2000 euros?","answerCount":1,"acceptedAnswer":{"@type":"Answer","text":"Siempre depender\u00e1 de la TAE aplicada (Tipo de inter\u00e9s anual) y cu\u00e1nto tardes en pagarlo.","inLanguage":"es"},"inLanguage":"es"},{"@type":"Question","@id":"https:\/\/www.top5credits.com\/es\/prestamos-personales\/prestamo-2000-euros\/#faq-question-1576829490092","position":4,"url":"https:\/\/www.top5credits.com\/es\/prestamos-personales\/prestamo-2000-euros\/#faq-question-1576829490092","name":"\u00bfC\u00f3mo me puede ayudar Top5Credits?","answerCount":1,"acceptedAnswer":{"@type":"Answer","text":"Rellenando nuestro formulario o usando nuestro comparador, podr\u00e1s acceder a diferentes ofertas y an\u00e1lisis objetivos.","inLanguage":"es"},"inLanguage":"es"}]}},"_links":{"self":[{"href":"https:\/\/www.top5credits.com\/es\/wp-json\/wp\/v2\/pages\/2670","targetHints":{"allow":["GET"]}}],"collection":[{"href":"https:\/\/www.top5credits.com\/es\/wp-json\/wp\/v2\/pages"}],"about":[{"href":"https:\/\/www.top5credits.com\/es\/wp-json\/wp\/v2\/types\/page"}],"author":[{"embeddable":true,"href":"https:\/\/www.top5credits.com\/es\/wp-json\/wp\/v2\/users\/2"}],"replies":[{"embeddable":true,"href":"https:\/\/www.top5credits.com\/es\/wp-json\/wp\/v2\/comments?post=2670"}],"version-history":[{"count":2,"href":"https:\/\/www.top5credits.com\/es\/wp-json\/wp\/v2\/pages\/2670\/revisions"}],"predecessor-version":[{"id":16530,"href":"https:\/\/www.top5credits.com\/es\/wp-json\/wp\/v2\/pages\/2670\/revisions\/16530"}],"up":[{"embeddable":true,"href":"https:\/\/www.top5credits.com\/es\/wp-json\/wp\/v2\/pages\/49"}],"wp:attachment":[{"href":"https:\/\/www.top5credits.com\/es\/wp-json\/wp\/v2\/media?parent=2670"}],"curies":[{"name":"wp","href":"https:\/\/api.w.org\/{rel}","templated":true}]}}