{"id":2676,"date":"2020-03-04T12:29:29","date_gmt":"2020-03-04T12:29:29","guid":{"rendered":"https:\/\/www.top5credits.com\/es\/?page_id=2676"},"modified":"2025-03-21T09:37:41","modified_gmt":"2025-03-21T09:37:41","slug":"prestamo-4000-euros","status":"publish","type":"page","link":"https:\/\/www.top5credits.com\/es\/prestamos-personales\/prestamo-4000-euros\/","title":{"rendered":"Pr\u00e9stamo 4000 euros"},"content":{"rendered":"\n<div class=\"wp-block-group first-section\"><div class=\"wp-block-group__inner-container is-layout-flow wp-block-group-is-layout-flow\">\n<h1 class=\"wp-block-heading has-text-align-center compare-title\">Pr\u00e9stamo 4000 euros<\/h1>\n\n\n\n<p class=\"compare-title\">Compara y elige el pr\u00e9stamo de 4000 euros que necesitas. \u00bfNecesitas un pr\u00e9stamo de 4000 euros? En Top5Credits.com hemos analizado las principales financieras en Espa\u00f1a, as\u00ed que hemos seleccionado todos los prestamistas que ofrecen pr\u00e9stamos de 4000 euros. Compara las opciones y lee nuestras opiniones.<\/p>\n\n\n\n\n<\/div><\/div>\n\n\n\n\n\n\n<div class=\"top-results palkkio\">\n<span class=\"huomiomerkki\">!<\/span> La comisi\u00f3n que recibimos afecta directamente el listado &#8211; Leer m\u00e1s <span class=\"plus-trigger\">+<\/span>\n<p>Top5Credits.com es un website 100% gratuito con el prop\u00f3sito de suministrar informaci\u00f3n \u00fatil y de valor al usuario. Comparamos pr\u00e9stamos y los analizamos de manera objetiva. Para mantener nuestros servicios gratuitos, obtenemos comisiones de los bancos y prestamistas por cada usuario que les redirigimos. El ratio de compensaci\u00f3n afecta directamente el orden del listado de colaboradores.<\/p>\n<\/div>\n\n\n\n<h2 class=\"wp-block-heading\">Pr\u00e9stamo de 4000 euros<\/h2>\n\n\n\n<p>Puedes necesitar un <strong>pr\u00e9stamo de 4000 euros<\/strong> por muchos motivos diferentes. Aunque no es un importe excesivamente elevado, no ser\u00e1 tan sencillo como conseguir 1000 euros. Por supuesto, esto no significa que no existan <strong>cr\u00e9ditos online de 4000 euros<\/strong>, o que no sean cr\u00e9ditos r\u00e1pidos.<\/p>\n\n\n\n<p>Gracias a internet y tecnolog\u00edas como <a href=\"https:\/\/www.top5credits.com\/es\/articulos\/que-es-instantor-como-funciona-es-seguro\/\">Instantor<\/a>, conseguir 4000 euros online y en cuesti\u00f3n de, como mucho, 48 horas, es posible. Muchas veces puede que incluso estos sean <a href=\"https:\/\/www.top5credits.com\/es\/prestamos-personales-con-asnef\/\">pr\u00e9stamos con ASNEF<\/a> o sin aval. No obstante, siempre tendr\u00e1s que comparar bien las diferentes financieras antes de tomar cualquier decisi\u00f3n.<\/p>\n\n\n\n<h2 class=\"wp-block-heading\">\u00bfC\u00f3mo y d\u00f3nde conseguir 4000 euros?<\/h2>\n\n\n\n<p>Si quieres conseguir tu cr\u00e9dito de 4000 euros, en <strong>Top5Credits<\/strong> te ofrecemos dos opciones.<\/p>\n\n\n\n<ul class=\"wp-block-list\">\n<li><strong>Usa nuestro comparador de pr\u00e9stamos<\/strong>. En esta misma p\u00e1gina podr\u00e1s ver el listado de todos los productos que hemos analizado y ofrecen hasta 4000 euros. Podr\u00e1s consultar su TAE, as\u00ed como ejemplos y consultar nuestro an\u00e1lisis con sus pros y contras.<\/li>\n\n\n\n<li><strong>Usa nuestro formulario. <\/strong>Puedes dejar que nosotros hagamos el trabajo por ti. Rellena nuestro <a href=\"https:\/\/www.top5credits.com\/es\/\">formulario<\/a> y te indicaremos los 5 mejores pr\u00e9stamos en funci\u00f3n a tu perfil y necesidades, de manera gratuita y sin compromiso.<\/li>\n<\/ul>\n\n\n\n<p>Cualquiera de las dos opciones que elijas, en <strong>Top5Credits <\/strong>procuraremos que quedes satisfecho. No obstante, tambi\u00e9n recomendamos que si tienes un buen historial crediticio y buena relaci\u00f3n con tu banco,<strong> consultes con tu gestor<\/strong>. En ocasiones, los bancos tradicionales son una buena opci\u00f3n si queremos negociar <strong>un pr\u00e9stamo personalizado<\/strong>.<\/p>\n\n\n\n<h2 class=\"wp-block-heading\">Pr\u00e9stamo personal de 4000 euros o minicr\u00e9dito<\/h2>\n\n\n\n<p>Puede que los 4000 euros que necesitas sean para <strong>una urgencia<\/strong>, y no quieras esperar mucho. Viendo que muchos pr\u00e9stamos r\u00e1pidos y <a href=\"https:\/\/www.top5credits.com\/es\/microprestamos\/\">micropr\u00e9stamos<\/a> prometen tu dinero <strong>en menos de 15 minutos<\/strong>, puede que en vez de buscar pr\u00e9stamos personales est\u00e9s buscando <strong>un minicr\u00e9dito de 4000 euros<\/strong>. Antes de tomar la decisi\u00f3n, ten en cuenta lo siguiente.<\/p>\n\n\n\n<p>Los pr\u00e9stamos r\u00e1pidos son normalmente m\u00e1s caros. <strong>Su TAE suele estar en torno al 25%<\/strong>. Por lo tanto, debes estar seguro de que necesitas el dinero con tal urgencia, ya que quiz\u00e1s, si hablamos de facturas atrasadas, quiz\u00e1 es mejor pagar posibles gastos por mora que intereses.<\/p>\n\n\n\n<p>En segundo lugar, muchos pr\u00e9stamos personales son tan r\u00e1pidos como los minicr\u00e9ditos. Recuerda que recibir el dinero siempre depende de tu banco y aunque pidas el pr\u00e9stamo m\u00e1s r\u00e1pido de internet, si tu banco no acepta la operaci\u00f3n tendr\u00e1s que esperar entre 24 a 48 horas igualmente.<\/p>\n\n\n\n<h2 class=\"wp-block-heading\">Ejemplo de pr\u00e9stamo<\/h2>\n\n\n\n<p>Para que veas <strong>cu\u00e1nto puede costarte un pr\u00e9stamo de 4000<\/strong> euros, hemos hecho la siguiente simulaci\u00f3n con el pr\u00e9stamo personal de <a href=\"https:\/\/www.top5credits.com\/es\/opiniones\/bbva-prestamo-personal\/\">BBVA<\/a>.<\/p>\n\n\n\n<p class=\"paras-tarjous has-background\" style=\"background-color:#c7e7fb\"><strong>Resumen de la oferta:<\/strong><br>Importe:  4.000\u20ac <br>Pago mensual: 101,69\u20ac<br>Plazos: 45 meses<br>Intereses: 9,17%<br>Total:  4.720,18 \u20ac   <\/p>\n\n\n\n<p>Ten en cuenta que este pr\u00e7\u00e9stamo es ofrecido exclusivamente a clientes habituales. Si deseas un pr\u00e9stamo de 4000 euros sin ser cliente de BBVA u otros bancos tradicionales, es posible que el TAE aumente.<\/p>\n\n\n\n<h2 class=\"wp-block-heading has-text-align-center\">Preguntas Frecuentes<\/h2>\n\n\n\n<div class=\"schema-faq wp-block-yoast-faq-block\"><div class=\"schema-faq-section\" id=\"faq-question-1576829404724\"><strong class=\"schema-faq-question\">\u00bfC\u00f3mo puedo conseguir un pr\u00e9stamo de 4000 euros?<\/strong> <p class=\"schema-faq-answer\">Podr\u00e1s consultar los diferentes <a href=\"https:\/\/www.top5credits.com\/es\/prestamos-personales\/prestamo-4000-euros\/\">pr\u00e9stamos de 4000 euros<\/a> del mercado para comparar sus intereses, plazos, pros y contras usando nuestra lista.<\/p> <\/div> <div class=\"schema-faq-section\" id=\"faq-question-1576829405679\"><strong class=\"schema-faq-question\">\u00bfD\u00f3nde pedir un pr\u00e9stamo de 4000 euros?<\/strong> <p class=\"schema-faq-answer\">Son varias las entidades que ofrecen hasta 4000 euros, pero normalmente ninguna entidad de cr\u00e9dito r\u00e1pido llega a tal cifra.<\/p> <\/div> <div class=\"schema-faq-section\" id=\"faq-question-1576829449527\"><strong class=\"schema-faq-question\">\u00bfCu\u00e1l es la TAE de un cr\u00e9dito de 4000 euros?<\/strong> <p class=\"schema-faq-answer\">La TAE de este tipo de cr\u00e9ditos no suele superar el 15%. Por ejemplo, BBVA lo ofrece a un 9,17%<\/p> <\/div> <div class=\"schema-faq-section\" id=\"faq-question-1576829462500\"><strong class=\"schema-faq-question\">\u00bfC\u00f3mo puede ayudarme Top5Credits?<\/strong> <p class=\"schema-faq-answer\">Puedes comparar los diferentes bancos y entidades as\u00ed como acceder a nuestras opiniones con pros y contras.<\/p> <\/div> <\/div>\n","protected":false},"excerpt":{"rendered":"<p>Pr\u00e9stamo 4000 euros Compara y elige el pr\u00e9stamo de 4000 euros que necesitas. \u00bfNecesitas un pr\u00e9stamo de 4000 euros? En Top5Credits.com hemos analizado las principales<\/p>\n<p class=\"more-link\">Seguir leyendo <span class=\"screen-reader-text\">Pr\u00e9stamo 4000 euros<\/span><\/p>\n","protected":false},"author":2,"featured_media":0,"parent":49,"menu_order":0,"comment_status":"closed","ping_status":"closed","template":"page-results.php","meta":{"footnotes":""},"class_list":["post-2676","page","type-page","status-publish","hentry","entry"],"yoast_head":"<!-- This site is optimized with the Yoast SEO plugin v27.3 - https:\/\/yoast.com\/product\/yoast-seo-wordpress\/ -->\n<title>Pr\u00e9stamo 4000 euros - Top5Credits.com Espa\u00f1a<\/title>\n<meta name=\"description\" content=\"\u00bfNecesitas un pr\u00e9stamo de 4000 euros? Ya sea un pr\u00e9stamo urgente o un pr\u00e9stamo a plazo, con ASNEF o sin aval, en Top5Credits.com te mostramos tus opciones.\" \/>\n<meta name=\"robots\" content=\"index, follow, max-snippet:-1, max-image-preview:large, max-video-preview:-1\" \/>\n<link rel=\"canonical\" href=\"https:\/\/www.top5credits.com\/es\/prestamos-personales\/prestamo-4000-euros\/\" \/>\n<meta property=\"og:locale\" content=\"es_ES\" \/>\n<meta property=\"og:type\" content=\"article\" \/>\n<meta property=\"og:title\" content=\"Pr\u00e9stamo 4000 euros - Top5Credits.com Espa\u00f1a\" \/>\n<meta property=\"og:description\" content=\"\u00bfNecesitas un pr\u00e9stamo de 4000 euros? Ya sea un pr\u00e9stamo urgente o un pr\u00e9stamo a plazo, con ASNEF o sin aval, en Top5Credits.com te mostramos tus opciones.\" \/>\n<meta property=\"og:url\" content=\"https:\/\/www.top5credits.com\/es\/prestamos-personales\/prestamo-4000-euros\/\" \/>\n<meta property=\"og:site_name\" content=\"Top5Credits.com Espa\u00f1a\" \/>\n<meta property=\"article:publisher\" content=\"https:\/\/www.facebook.com\/Top5Creditscom-Espa%c3%b1a-109158667157057\" \/>\n<meta property=\"article:modified_time\" content=\"2025-03-21T09:37:41+00:00\" \/>\n<meta property=\"og:image\" content=\"https:\/\/cdn.top5credits.com\/es\/wp-content\/uploads\/sites\/8\/2019\/06\/top5-og.jpg?cdn=1.1.1\" \/>\n\t<meta property=\"og:image:width\" content=\"1200\" \/>\n\t<meta property=\"og:image:height\" content=\"630\" \/>\n\t<meta property=\"og:image:type\" content=\"image\/jpeg\" \/>\n<meta name=\"twitter:card\" content=\"summary_large_image\" \/>\n<meta name=\"twitter:label1\" content=\"Tiempo de lectura\" \/>\n\t<meta name=\"twitter:data1\" content=\"4 minutos\" \/>\n<script type=\"application\/ld+json\" class=\"yoast-schema-graph\">{\"@context\":\"https:\\\/\\\/schema.org\",\"@graph\":[{\"@type\":[\"WebPage\",\"FAQPage\"],\"@id\":\"https:\\\/\\\/www.top5credits.com\\\/es\\\/prestamos-personales\\\/prestamo-4000-euros\\\/\",\"url\":\"https:\\\/\\\/www.top5credits.com\\\/es\\\/prestamos-personales\\\/prestamo-4000-euros\\\/\",\"name\":\"Pr\u00e9stamo 4000 euros - Top5Credits.com Espa\u00f1a\",\"isPartOf\":{\"@id\":\"https:\\\/\\\/www.top5credits.com\\\/es\\\/#website\"},\"datePublished\":\"2020-03-04T12:29:29+00:00\",\"dateModified\":\"2025-03-21T09:37:41+00:00\",\"description\":\"\u00bfNecesitas un pr\u00e9stamo de 4000 euros? Ya sea un pr\u00e9stamo urgente o un pr\u00e9stamo a plazo, con ASNEF o sin aval, en Top5Credits.com te mostramos tus opciones.\",\"breadcrumb\":{\"@id\":\"https:\\\/\\\/www.top5credits.com\\\/es\\\/prestamos-personales\\\/prestamo-4000-euros\\\/#breadcrumb\"},\"mainEntity\":[{\"@id\":\"https:\\\/\\\/www.top5credits.com\\\/es\\\/prestamos-personales\\\/prestamo-4000-euros\\\/#faq-question-1576829404724\"},{\"@id\":\"https:\\\/\\\/www.top5credits.com\\\/es\\\/prestamos-personales\\\/prestamo-4000-euros\\\/#faq-question-1576829405679\"},{\"@id\":\"https:\\\/\\\/www.top5credits.com\\\/es\\\/prestamos-personales\\\/prestamo-4000-euros\\\/#faq-question-1576829449527\"},{\"@id\":\"https:\\\/\\\/www.top5credits.com\\\/es\\\/prestamos-personales\\\/prestamo-4000-euros\\\/#faq-question-1576829462500\"}],\"inLanguage\":\"es\",\"potentialAction\":[{\"@type\":\"ReadAction\",\"target\":[\"https:\\\/\\\/www.top5credits.com\\\/es\\\/prestamos-personales\\\/prestamo-4000-euros\\\/\"]}]},{\"@type\":\"BreadcrumbList\",\"@id\":\"https:\\\/\\\/www.top5credits.com\\\/es\\\/prestamos-personales\\\/prestamo-4000-euros\\\/#breadcrumb\",\"itemListElement\":[{\"@type\":\"ListItem\",\"position\":1,\"name\":\"Top5Credits.com\",\"item\":\"https:\\\/\\\/www.top5credits.com\\\/es\\\/\"},{\"@type\":\"ListItem\",\"position\":2,\"name\":\"Compara pr\u00e9stamos personales online\",\"item\":\"https:\\\/\\\/www.top5credits.com\\\/es\\\/prestamos-personales\\\/\"},{\"@type\":\"ListItem\",\"position\":3,\"name\":\"Pr\u00e9stamo 4000 euros\"}]},{\"@type\":\"WebSite\",\"@id\":\"https:\\\/\\\/www.top5credits.com\\\/es\\\/#website\",\"url\":\"https:\\\/\\\/www.top5credits.com\\\/es\\\/\",\"name\":\"Top5Credits.com Espa\u00f1a\",\"description\":\"\",\"publisher\":{\"@id\":\"https:\\\/\\\/www.top5credits.com\\\/es\\\/#organization\"},\"potentialAction\":[{\"@type\":\"SearchAction\",\"target\":{\"@type\":\"EntryPoint\",\"urlTemplate\":\"https:\\\/\\\/www.top5credits.com\\\/es\\\/?s={search_term_string}\"},\"query-input\":{\"@type\":\"PropertyValueSpecification\",\"valueRequired\":true,\"valueName\":\"search_term_string\"}}],\"inLanguage\":\"es\"},{\"@type\":\"Organization\",\"@id\":\"https:\\\/\\\/www.top5credits.com\\\/es\\\/#organization\",\"name\":\"Top5Credits.com\",\"url\":\"https:\\\/\\\/www.top5credits.com\\\/es\\\/\",\"logo\":{\"@type\":\"ImageObject\",\"inLanguage\":\"es\",\"@id\":\"https:\\\/\\\/www.top5credits.com\\\/es\\\/#\\\/schema\\\/logo\\\/image\\\/\",\"url\":\"https:\\\/\\\/cdn.top5credits.com\\\/es\\\/wp-content\\\/uploads\\\/sites\\\/8\\\/2023\\\/10\\\/t5c-favicon.png\",\"contentUrl\":\"https:\\\/\\\/cdn.top5credits.com\\\/es\\\/wp-content\\\/uploads\\\/sites\\\/8\\\/2023\\\/10\\\/t5c-favicon.png\",\"width\":512,\"height\":512,\"caption\":\"Top5Credits.com\"},\"image\":{\"@id\":\"https:\\\/\\\/www.top5credits.com\\\/es\\\/#\\\/schema\\\/logo\\\/image\\\/\"},\"sameAs\":[\"https:\\\/\\\/www.facebook.com\\\/Top5Creditscom-Espa\u00f1a-109158667157057\"]},{\"@type\":\"Question\",\"@id\":\"https:\\\/\\\/www.top5credits.com\\\/es\\\/prestamos-personales\\\/prestamo-4000-euros\\\/#faq-question-1576829404724\",\"position\":1,\"url\":\"https:\\\/\\\/www.top5credits.com\\\/es\\\/prestamos-personales\\\/prestamo-4000-euros\\\/#faq-question-1576829404724\",\"name\":\"\u00bfC\u00f3mo puedo conseguir un pr\u00e9stamo de 4000 euros?\",\"answerCount\":1,\"acceptedAnswer\":{\"@type\":\"Answer\",\"text\":\"Podr\u00e1s consultar los diferentes <a href=\\\"https:\\\/\\\/www.top5credits.com\\\/es\\\/prestamos-personales\\\/prestamo-4000-euros\\\/\\\">pr\u00e9stamos de 4000 euros<\\\/a> del mercado para comparar sus intereses, plazos, pros y contras usando nuestra lista.\",\"inLanguage\":\"es\"},\"inLanguage\":\"es\"},{\"@type\":\"Question\",\"@id\":\"https:\\\/\\\/www.top5credits.com\\\/es\\\/prestamos-personales\\\/prestamo-4000-euros\\\/#faq-question-1576829405679\",\"position\":2,\"url\":\"https:\\\/\\\/www.top5credits.com\\\/es\\\/prestamos-personales\\\/prestamo-4000-euros\\\/#faq-question-1576829405679\",\"name\":\"\u00bfD\u00f3nde pedir un pr\u00e9stamo de 4000 euros?\",\"answerCount\":1,\"acceptedAnswer\":{\"@type\":\"Answer\",\"text\":\"Son varias las entidades que ofrecen hasta 4000 euros, pero normalmente ninguna entidad de cr\u00e9dito r\u00e1pido llega a tal cifra.\",\"inLanguage\":\"es\"},\"inLanguage\":\"es\"},{\"@type\":\"Question\",\"@id\":\"https:\\\/\\\/www.top5credits.com\\\/es\\\/prestamos-personales\\\/prestamo-4000-euros\\\/#faq-question-1576829449527\",\"position\":3,\"url\":\"https:\\\/\\\/www.top5credits.com\\\/es\\\/prestamos-personales\\\/prestamo-4000-euros\\\/#faq-question-1576829449527\",\"name\":\"\u00bfCu\u00e1l es la TAE de un cr\u00e9dito de 4000 euros?\",\"answerCount\":1,\"acceptedAnswer\":{\"@type\":\"Answer\",\"text\":\"La TAE de este tipo de cr\u00e9ditos no suele superar el 15%. Por ejemplo, BBVA lo ofrece a un 9,17%\",\"inLanguage\":\"es\"},\"inLanguage\":\"es\"},{\"@type\":\"Question\",\"@id\":\"https:\\\/\\\/www.top5credits.com\\\/es\\\/prestamos-personales\\\/prestamo-4000-euros\\\/#faq-question-1576829462500\",\"position\":4,\"url\":\"https:\\\/\\\/www.top5credits.com\\\/es\\\/prestamos-personales\\\/prestamo-4000-euros\\\/#faq-question-1576829462500\",\"name\":\"\u00bfC\u00f3mo puede ayudarme Top5Credits?\",\"answerCount\":1,\"acceptedAnswer\":{\"@type\":\"Answer\",\"text\":\"Puedes comparar los diferentes bancos y entidades as\u00ed como acceder a nuestras opiniones con pros y contras.\",\"inLanguage\":\"es\"},\"inLanguage\":\"es\"}]}<\/script>\n<!-- \/ Yoast SEO plugin. -->","yoast_head_json":{"title":"Pr\u00e9stamo 4000 euros - Top5Credits.com Espa\u00f1a","description":"\u00bfNecesitas un pr\u00e9stamo de 4000 euros? Ya sea un pr\u00e9stamo urgente o un pr\u00e9stamo a plazo, con ASNEF o sin aval, en Top5Credits.com te mostramos tus opciones.","robots":{"index":"index","follow":"follow","max-snippet":"max-snippet:-1","max-image-preview":"max-image-preview:large","max-video-preview":"max-video-preview:-1"},"canonical":"https:\/\/www.top5credits.com\/es\/prestamos-personales\/prestamo-4000-euros\/","og_locale":"es_ES","og_type":"article","og_title":"Pr\u00e9stamo 4000 euros - Top5Credits.com Espa\u00f1a","og_description":"\u00bfNecesitas un pr\u00e9stamo de 4000 euros? Ya sea un pr\u00e9stamo urgente o un pr\u00e9stamo a plazo, con ASNEF o sin aval, en Top5Credits.com te mostramos tus opciones.","og_url":"https:\/\/www.top5credits.com\/es\/prestamos-personales\/prestamo-4000-euros\/","og_site_name":"Top5Credits.com Espa\u00f1a","article_publisher":"https:\/\/www.facebook.com\/Top5Creditscom-Espa%c3%b1a-109158667157057","article_modified_time":"2025-03-21T09:37:41+00:00","og_image":[{"width":1200,"height":630,"url":"https:\/\/cdn.top5credits.com\/es\/wp-content\/uploads\/sites\/8\/2019\/06\/top5-og.jpg?cdn=1.1.1","type":"image\/jpeg"}],"twitter_card":"summary_large_image","twitter_misc":{"Tiempo de lectura":"4 minutos"},"schema":{"@context":"https:\/\/schema.org","@graph":[{"@type":["WebPage","FAQPage"],"@id":"https:\/\/www.top5credits.com\/es\/prestamos-personales\/prestamo-4000-euros\/","url":"https:\/\/www.top5credits.com\/es\/prestamos-personales\/prestamo-4000-euros\/","name":"Pr\u00e9stamo 4000 euros - Top5Credits.com Espa\u00f1a","isPartOf":{"@id":"https:\/\/www.top5credits.com\/es\/#website"},"datePublished":"2020-03-04T12:29:29+00:00","dateModified":"2025-03-21T09:37:41+00:00","description":"\u00bfNecesitas un pr\u00e9stamo de 4000 euros? Ya sea un pr\u00e9stamo urgente o un pr\u00e9stamo a plazo, con ASNEF o sin aval, en Top5Credits.com te mostramos tus opciones.","breadcrumb":{"@id":"https:\/\/www.top5credits.com\/es\/prestamos-personales\/prestamo-4000-euros\/#breadcrumb"},"mainEntity":[{"@id":"https:\/\/www.top5credits.com\/es\/prestamos-personales\/prestamo-4000-euros\/#faq-question-1576829404724"},{"@id":"https:\/\/www.top5credits.com\/es\/prestamos-personales\/prestamo-4000-euros\/#faq-question-1576829405679"},{"@id":"https:\/\/www.top5credits.com\/es\/prestamos-personales\/prestamo-4000-euros\/#faq-question-1576829449527"},{"@id":"https:\/\/www.top5credits.com\/es\/prestamos-personales\/prestamo-4000-euros\/#faq-question-1576829462500"}],"inLanguage":"es","potentialAction":[{"@type":"ReadAction","target":["https:\/\/www.top5credits.com\/es\/prestamos-personales\/prestamo-4000-euros\/"]}]},{"@type":"BreadcrumbList","@id":"https:\/\/www.top5credits.com\/es\/prestamos-personales\/prestamo-4000-euros\/#breadcrumb","itemListElement":[{"@type":"ListItem","position":1,"name":"Top5Credits.com","item":"https:\/\/www.top5credits.com\/es\/"},{"@type":"ListItem","position":2,"name":"Compara pr\u00e9stamos personales online","item":"https:\/\/www.top5credits.com\/es\/prestamos-personales\/"},{"@type":"ListItem","position":3,"name":"Pr\u00e9stamo 4000 euros"}]},{"@type":"WebSite","@id":"https:\/\/www.top5credits.com\/es\/#website","url":"https:\/\/www.top5credits.com\/es\/","name":"Top5Credits.com Espa\u00f1a","description":"","publisher":{"@id":"https:\/\/www.top5credits.com\/es\/#organization"},"potentialAction":[{"@type":"SearchAction","target":{"@type":"EntryPoint","urlTemplate":"https:\/\/www.top5credits.com\/es\/?s={search_term_string}"},"query-input":{"@type":"PropertyValueSpecification","valueRequired":true,"valueName":"search_term_string"}}],"inLanguage":"es"},{"@type":"Organization","@id":"https:\/\/www.top5credits.com\/es\/#organization","name":"Top5Credits.com","url":"https:\/\/www.top5credits.com\/es\/","logo":{"@type":"ImageObject","inLanguage":"es","@id":"https:\/\/www.top5credits.com\/es\/#\/schema\/logo\/image\/","url":"https:\/\/cdn.top5credits.com\/es\/wp-content\/uploads\/sites\/8\/2023\/10\/t5c-favicon.png","contentUrl":"https:\/\/cdn.top5credits.com\/es\/wp-content\/uploads\/sites\/8\/2023\/10\/t5c-favicon.png","width":512,"height":512,"caption":"Top5Credits.com"},"image":{"@id":"https:\/\/www.top5credits.com\/es\/#\/schema\/logo\/image\/"},"sameAs":["https:\/\/www.facebook.com\/Top5Creditscom-Espa\u00f1a-109158667157057"]},{"@type":"Question","@id":"https:\/\/www.top5credits.com\/es\/prestamos-personales\/prestamo-4000-euros\/#faq-question-1576829404724","position":1,"url":"https:\/\/www.top5credits.com\/es\/prestamos-personales\/prestamo-4000-euros\/#faq-question-1576829404724","name":"\u00bfC\u00f3mo puedo conseguir un pr\u00e9stamo de 4000 euros?","answerCount":1,"acceptedAnswer":{"@type":"Answer","text":"Podr\u00e1s consultar los diferentes <a href=\"https:\/\/www.top5credits.com\/es\/prestamos-personales\/prestamo-4000-euros\/\">pr\u00e9stamos de 4000 euros<\/a> del mercado para comparar sus intereses, plazos, pros y contras usando nuestra lista.","inLanguage":"es"},"inLanguage":"es"},{"@type":"Question","@id":"https:\/\/www.top5credits.com\/es\/prestamos-personales\/prestamo-4000-euros\/#faq-question-1576829405679","position":2,"url":"https:\/\/www.top5credits.com\/es\/prestamos-personales\/prestamo-4000-euros\/#faq-question-1576829405679","name":"\u00bfD\u00f3nde pedir un pr\u00e9stamo de 4000 euros?","answerCount":1,"acceptedAnswer":{"@type":"Answer","text":"Son varias las entidades que ofrecen hasta 4000 euros, pero normalmente ninguna entidad de cr\u00e9dito r\u00e1pido llega a tal cifra.","inLanguage":"es"},"inLanguage":"es"},{"@type":"Question","@id":"https:\/\/www.top5credits.com\/es\/prestamos-personales\/prestamo-4000-euros\/#faq-question-1576829449527","position":3,"url":"https:\/\/www.top5credits.com\/es\/prestamos-personales\/prestamo-4000-euros\/#faq-question-1576829449527","name":"\u00bfCu\u00e1l es la TAE de un cr\u00e9dito de 4000 euros?","answerCount":1,"acceptedAnswer":{"@type":"Answer","text":"La TAE de este tipo de cr\u00e9ditos no suele superar el 15%. Por ejemplo, BBVA lo ofrece a un 9,17%","inLanguage":"es"},"inLanguage":"es"},{"@type":"Question","@id":"https:\/\/www.top5credits.com\/es\/prestamos-personales\/prestamo-4000-euros\/#faq-question-1576829462500","position":4,"url":"https:\/\/www.top5credits.com\/es\/prestamos-personales\/prestamo-4000-euros\/#faq-question-1576829462500","name":"\u00bfC\u00f3mo puede ayudarme Top5Credits?","answerCount":1,"acceptedAnswer":{"@type":"Answer","text":"Puedes comparar los diferentes bancos y entidades as\u00ed como acceder a nuestras opiniones con pros y contras.","inLanguage":"es"},"inLanguage":"es"}]}},"_links":{"self":[{"href":"https:\/\/www.top5credits.com\/es\/wp-json\/wp\/v2\/pages\/2676","targetHints":{"allow":["GET"]}}],"collection":[{"href":"https:\/\/www.top5credits.com\/es\/wp-json\/wp\/v2\/pages"}],"about":[{"href":"https:\/\/www.top5credits.com\/es\/wp-json\/wp\/v2\/types\/page"}],"author":[{"embeddable":true,"href":"https:\/\/www.top5credits.com\/es\/wp-json\/wp\/v2\/users\/2"}],"replies":[{"embeddable":true,"href":"https:\/\/www.top5credits.com\/es\/wp-json\/wp\/v2\/comments?post=2676"}],"version-history":[{"count":1,"href":"https:\/\/www.top5credits.com\/es\/wp-json\/wp\/v2\/pages\/2676\/revisions"}],"predecessor-version":[{"id":16531,"href":"https:\/\/www.top5credits.com\/es\/wp-json\/wp\/v2\/pages\/2676\/revisions\/16531"}],"up":[{"embeddable":true,"href":"https:\/\/www.top5credits.com\/es\/wp-json\/wp\/v2\/pages\/49"}],"wp:attachment":[{"href":"https:\/\/www.top5credits.com\/es\/wp-json\/wp\/v2\/media?parent=2676"}],"curies":[{"name":"wp","href":"https:\/\/api.w.org\/{rel}","templated":true}]}}