{"id":2678,"date":"2020-03-04T14:07:13","date_gmt":"2020-03-04T14:07:13","guid":{"rendered":"https:\/\/www.top5credits.com\/es\/?page_id=2678"},"modified":"2025-03-21T09:39:07","modified_gmt":"2025-03-21T09:39:07","slug":"prestamo-5000-euros","status":"publish","type":"page","link":"https:\/\/www.top5credits.com\/es\/prestamos-personales\/prestamo-5000-euros\/","title":{"rendered":"Pr\u00e9stamo 5000 euros"},"content":{"rendered":"\n<div class=\"wp-block-group first-section\"><div class=\"wp-block-group__inner-container is-layout-flow wp-block-group-is-layout-flow\">\n<h1 class=\"wp-block-heading has-text-align-center compare-title\">Pr\u00e9stamo 5000 euros<\/h1>\n\n\n\n<p class=\"compare-title\">Compara y elige el pr\u00e9stamo de 5000 euros que necesitas. <span class=\"luelisaanappi\">Leer&nbsp;m\u00e1s..<\/span> <span class=\"luelisaateksti\"> \u00bfNecesitas un pr\u00e9stamo de 5000 euros? En Top5Credits.com hemos analizado las principales financieras en Espa\u00f1a, as\u00ed que hemos seleccionado todos los prestamistas que ofrecen pr\u00e9stamos de 5000 euros. Compara las opciones y lee nuestras opiniones.\n<\/span><\/p>\n\n\n\n\n<\/div><\/div>\n\n\n\n\n\n\n<div class=\"top-results palkkio\">\n<span class=\"huomiomerkki\">!<\/span> La comisi\u00f3n que recibimos afecta directamente el listado &#8211; Leer m\u00e1s <span class=\"plus-trigger\">+<\/span>\n<p>Top5Credits.com es un website 100% gratuito con el prop\u00f3sito de suministrar informaci\u00f3n \u00fatil y de valor al usuario. Comparamos pr\u00e9stamos y los analizamos de manera objetiva. Para mantener nuestros servicios gratuitos, obtenemos comisiones de los bancos y prestamistas por cada usuario que les redirigimos. El ratio de compensaci\u00f3n afecta directamente el orden del listado de colaboradores.<\/p>\n<\/div>\n\n\n\n<div class=\"wp-block-group full-white\"><div class=\"wp-block-group__inner-container is-layout-flow wp-block-group-is-layout-flow\">\n<h2 class=\"wp-block-heading\">Pr\u00e9stamo personal de 5000 euros<\/h2>\n\n\n\n<p>Puedes necesitar un <strong>pr\u00e9stamo de 5000 euros<\/strong> por muchos motivos diferentes. Quiz\u00e1 necesitas unas buenas vacaciones, o simplemente ese <a href=\"https:\/\/www.top5credits.com\/es\/prestamo-viajes\/\">viaje<\/a> so\u00f1ado a trav\u00e9s de Asia necesite un buen capital para realizarlo. Puede que necesites tapar alg\u00fan hueco, o reformar tu vivienda. Quiz\u00e1 simplemente amueblarla. \u00bfQui\u00e9n ha hablado de un ordenador nuevo?<\/p>\n\n\n\n<p>Sea por el motivo que sea, encontrar un cr\u00e9dito al consumo de 5000 euros es sencillo. Aunque hablamos un importe que descarta todos los <a href=\"https:\/\/www.top5credits.com\/es\/microprestamos\/\">micropr\u00e9stamos<\/a>, cualquier pr\u00e9stamo personal ser\u00e1 capaz de ofrecerte un pr\u00e9stamo de tal cantidad. Lo interesante es saber escoger cu\u00e1l.<\/p>\n\n\n\n<h2 class=\"wp-block-heading\">\u00bfD\u00f3nde conseguir 5000 euros?<\/h2>\n\n\n\n<p>Encontrar un pr\u00e9stamo que te ofrezca 5.000 euros es tarea f\u00e1cil. Lo dif\u00edcil es saber cu\u00e1l te conviene. \u00bfNecesitas un cr\u00e9dito que te ingrese el dinero cuanto antes, aunque haya que pagar un extra en comisiones? \u00bfO no te corre prisa y puedes permitirte apostar por el m\u00e1s barato? \u00bfTe sale a cuenta abrir una cuenta con un banco por un pr\u00e9stamo con una buena TAE?<\/p>\n\n\n\n<p>En <strong>Top5Credits <\/strong>te ofrecemos dos opciones para que te decidas:<\/p>\n\n\n\n<ul class=\"wp-block-list\">\n<li><strong>Usa nuestro comparador de pr\u00e9stamos.<\/strong> En esta p\u00e1gina podr\u00e1s ver los diferentes productos con sus intereses, plazos y puntos fuertes y d\u00e9biles. Tambi\u00e9n puedes obtener m\u00e1s informaci\u00f3n en nuestras opiniones si haces click en \u00abLeer m\u00e1s\u00bb.<\/li>\n\n\n\n<li><strong>Rellena nuestro formulario. <\/strong>Puedes rellenar nuestro <a href=\"https:\/\/www.top5credits.com\/es\/\">formulario <\/a>para que nuestro algoritmo te ofrezca las 5 mejores opciones en funci\u00f3n a tu perfil y necesidades, de manera gratuita y sin compromiso.<\/li>\n<\/ul>\n\n\n\n<h2 class=\"wp-block-heading\">Qu\u00e9 necesitas saber antes de pedir 5000 euros<\/h2>\n\n\n\n<p>Antes de pedir el cr\u00e9dito de 5000 euros que necesitas, debes de tener en cuenta los siguientes factores:<\/p>\n\n\n\n<ul class=\"wp-block-list\">\n<li><strong>Cuanto m\u00e1s r\u00e1pido y f\u00e1cil, m\u00e1s caro<\/strong>. Si quieres un cr\u00e9dito de 5000 euros al instante, con <a href=\"https:\/\/www.top5credits.com\/es\/prestamos-personales-con-asnef\/\">ASNEF<\/a>, sin n\u00f3mina ni aval, probablemente acabes pag\u00e1ndolo en comisiones extra. Valora lo que realmente necesitas.<\/li>\n\n\n\n<li><strong>Cuanto antes pagues, m\u00e1s barato.<\/strong> Los pr\u00e9stamos se encarecen cuanto m\u00e1s tardemos en pagarlos, ya que las cuotas son porcentajes que no cambian lo pagues en 5 o 10 meses. Intenta amortizarlo lo antes posible.<\/li>\n\n\n\n<li><strong>No siempre menor TAE son menos comisiones. <\/strong>Muchas veces, existen gastos u obligaciones extras cuando contratamos un pr\u00e9stamo. Por ejemplo, puede que un banco te ofrezca un TAE muy bajo pero en cambio te exija contratar un seguro y una cuenta o tarjeta cuyos costes sean superiores a un TAE ligeramente mayor de la competencia.<\/li>\n<\/ul>\n\n\n\n<h2 class=\"wp-block-heading\">Ejemplo: Pr\u00e9stamo personal de 5000 euros a 5 a\u00f1os<\/h2>\n\n\n\n<p>Para que te hagas a la idea de c\u00f3mo puede encarecerse un pr\u00e9stamo, te ponemos el ejemplo de <strong>un pr\u00e9stamo a 5 a\u00f1os de 5000 euros<\/strong>. La l\u00f3gica nos dir\u00eda que pagar\u00edamos unos 1.000 euros anuales, por lo que la cuota ser\u00eda de menos de 100 euros mensuales. \u00bfVerdad?.<strong> Est\u00e1s equivocado.<\/strong> Aqu\u00ed tienes un ejemplo de <a href=\"https:\/\/www.top5credits.com\/es\/opiniones\/cetelem\/\">Cetelem<\/a>.<\/p>\n\n\n\n<p class=\"paras-tarjous has-background\" style=\"background-color:#c7e7fb\"><strong>Resumen de la oferta:<\/strong><br>Importe:  5000\u20ac <br>Pago mensual: 105,99\u20ac <br>Plazos: 5 a\u00f1os<br>Intereses: 10,36% TAE<br>Total: 6.359,40\u20ac<\/p>\n\n\n\n<p>Aun siendo Cetelem una de las financieras online que preferimos, alargar tanto el cr\u00e9dito con un 10% de intereses lo encarecer\u00e1 bastante. As\u00ed pues, piensa si te conviene pagar un poco m\u00e1s mensualmente. Por ejemplo, <strong>si tard\u00e1semos la mitad <\/strong>(30 meses), <strong>la cuota no ser\u00e1 el doble<\/strong>, si no 188,82 euros, pagando <strong>664,60\u20ac de m\u00e1s en vez de 1.359,40\u20ac. <\/strong><\/p>\n<\/div><\/div>\n\n\n\n<div style=\"height:40px\" aria-hidden=\"true\" class=\"wp-block-spacer\"><\/div>\n\n\n\n<h2 class=\"wp-block-heading\">Preguntas Frecuentes<\/h2>\n\n\n\n<div class=\"schema-faq wp-block-yoast-faq-block\"><div class=\"schema-faq-section\" id=\"faq-question-1586350548144\"><strong class=\"schema-faq-question\">\u00bfC\u00f3mo conseguir un cr\u00e9dito de 5000 euros?<\/strong> <p class=\"schema-faq-answer\">Si necesitas un <a href=\"https:\/\/www.top5credits.com\/es\/prestamos-personales\/prestamo-5000-euros\/\">pr\u00e9stamo de 5000 euros<\/a>, puedes usar nuestro comparador y revisar pros y contras as\u00ed como condiciones de los diferentes productos. <\/p> <\/div> <div class=\"schema-faq-section\" id=\"faq-question-1586350717681\"><strong class=\"schema-faq-question\">\u00bfCu\u00e1l es la TAE de un cr\u00e9dito de 5000 euros?<\/strong> <p class=\"schema-faq-answer\">La TAE de este tipo de pr\u00e9stamos suele oscilar en torno al 10% TAE. Por ejemplo, Cetelem lo ofrece al 10,36% TAE.<\/p> <\/div> <div class=\"schema-faq-section\" id=\"faq-question-1586350719298\"><strong class=\"schema-faq-question\">\u00bfQu\u00e9 documentaci\u00f3n necesito para pedir 5000 euros?<\/strong> <p class=\"schema-faq-answer\">La documentaci\u00f3n depender\u00e1 de la entidad, pero normalmente basta con confirmar nuestra identidad, incluso de manera online.<\/p> <\/div> <div class=\"schema-faq-section\" id=\"faq-question-1586350720457\"><strong class=\"schema-faq-question\">\u00bfQui\u00e9n puede pedir un cr\u00e9dito de 5000 euros?<\/strong> <p class=\"schema-faq-answer\">Depender\u00e1 de la entidad, pero como m\u00ednimo, tendremos que ser mayores de 18 a\u00f1os y residir en Espa\u00f1a.<\/p> <\/div> <\/div>\n\n\n\n<div style=\"height:40px\" aria-hidden=\"true\" class=\"wp-block-spacer\"><\/div>\n","protected":false},"excerpt":{"rendered":"<p>Pr\u00e9stamo 5000 euros Compara y elige el pr\u00e9stamo de 5000 euros que necesitas. Leer&nbsp;m\u00e1s.. \u00bfNecesitas un pr\u00e9stamo de 5000 euros? En Top5Credits.com hemos analizado las<\/p>\n<p class=\"more-link\">Seguir leyendo <span class=\"screen-reader-text\">Pr\u00e9stamo 5000 euros<\/span><\/p>\n","protected":false},"author":2,"featured_media":0,"parent":49,"menu_order":0,"comment_status":"closed","ping_status":"closed","template":"page-results.php","meta":{"footnotes":""},"class_list":["post-2678","page","type-page","status-publish","hentry","entry"],"yoast_head":"<!-- This site is optimized with the Yoast SEO plugin v27.3 - https:\/\/yoast.com\/product\/yoast-seo-wordpress\/ -->\n<title>Pr\u00e9stamo 5000 euros - Top5Credits.com Espa\u00f1a<\/title>\n<meta name=\"description\" content=\"\u00bfNecesitas un pr\u00e9stamo de 5000 euros? Ya sea un pr\u00e9stamo urgente o un pr\u00e9stamo a plazo o sin aval, en Top5Credits.com te mostramos tus opciones.\" \/>\n<meta name=\"robots\" content=\"index, follow, max-snippet:-1, max-image-preview:large, max-video-preview:-1\" \/>\n<link rel=\"canonical\" href=\"https:\/\/www.top5credits.com\/es\/prestamos-personales\/prestamo-5000-euros\/\" \/>\n<meta property=\"og:locale\" content=\"es_ES\" \/>\n<meta property=\"og:type\" content=\"article\" \/>\n<meta property=\"og:title\" content=\"Pr\u00e9stamo 5000 euros - Top5Credits.com Espa\u00f1a\" \/>\n<meta property=\"og:description\" content=\"\u00bfNecesitas un pr\u00e9stamo de 5000 euros? Ya sea un pr\u00e9stamo urgente o un pr\u00e9stamo a plazo o sin aval, en Top5Credits.com te mostramos tus opciones.\" \/>\n<meta property=\"og:url\" content=\"https:\/\/www.top5credits.com\/es\/prestamos-personales\/prestamo-5000-euros\/\" \/>\n<meta property=\"og:site_name\" content=\"Top5Credits.com Espa\u00f1a\" \/>\n<meta property=\"article:publisher\" content=\"https:\/\/www.facebook.com\/Top5Creditscom-Espa%c3%b1a-109158667157057\" \/>\n<meta property=\"article:modified_time\" content=\"2025-03-21T09:39:07+00:00\" \/>\n<meta property=\"og:image\" content=\"https:\/\/cdn.top5credits.com\/es\/wp-content\/uploads\/sites\/8\/2019\/06\/top5-og.jpg?cdn=1.1.1\" \/>\n\t<meta property=\"og:image:width\" content=\"1200\" \/>\n\t<meta property=\"og:image:height\" content=\"630\" \/>\n\t<meta property=\"og:image:type\" content=\"image\/jpeg\" \/>\n<meta name=\"twitter:card\" content=\"summary_large_image\" \/>\n<meta name=\"twitter:label1\" content=\"Tiempo de lectura\" \/>\n\t<meta name=\"twitter:data1\" content=\"4 minutos\" \/>\n<script type=\"application\/ld+json\" class=\"yoast-schema-graph\">{\"@context\":\"https:\\\/\\\/schema.org\",\"@graph\":[{\"@type\":[\"WebPage\",\"FAQPage\"],\"@id\":\"https:\\\/\\\/www.top5credits.com\\\/es\\\/prestamos-personales\\\/prestamo-5000-euros\\\/\",\"url\":\"https:\\\/\\\/www.top5credits.com\\\/es\\\/prestamos-personales\\\/prestamo-5000-euros\\\/\",\"name\":\"Pr\u00e9stamo 5000 euros - Top5Credits.com Espa\u00f1a\",\"isPartOf\":{\"@id\":\"https:\\\/\\\/www.top5credits.com\\\/es\\\/#website\"},\"datePublished\":\"2020-03-04T14:07:13+00:00\",\"dateModified\":\"2025-03-21T09:39:07+00:00\",\"description\":\"\u00bfNecesitas un pr\u00e9stamo de 5000 euros? Ya sea un pr\u00e9stamo urgente o un pr\u00e9stamo a plazo o sin aval, en Top5Credits.com te mostramos tus opciones.\",\"breadcrumb\":{\"@id\":\"https:\\\/\\\/www.top5credits.com\\\/es\\\/prestamos-personales\\\/prestamo-5000-euros\\\/#breadcrumb\"},\"mainEntity\":[{\"@id\":\"https:\\\/\\\/www.top5credits.com\\\/es\\\/prestamos-personales\\\/prestamo-5000-euros\\\/#faq-question-1586350548144\"},{\"@id\":\"https:\\\/\\\/www.top5credits.com\\\/es\\\/prestamos-personales\\\/prestamo-5000-euros\\\/#faq-question-1586350717681\"},{\"@id\":\"https:\\\/\\\/www.top5credits.com\\\/es\\\/prestamos-personales\\\/prestamo-5000-euros\\\/#faq-question-1586350719298\"},{\"@id\":\"https:\\\/\\\/www.top5credits.com\\\/es\\\/prestamos-personales\\\/prestamo-5000-euros\\\/#faq-question-1586350720457\"}],\"inLanguage\":\"es\",\"potentialAction\":[{\"@type\":\"ReadAction\",\"target\":[\"https:\\\/\\\/www.top5credits.com\\\/es\\\/prestamos-personales\\\/prestamo-5000-euros\\\/\"]}]},{\"@type\":\"BreadcrumbList\",\"@id\":\"https:\\\/\\\/www.top5credits.com\\\/es\\\/prestamos-personales\\\/prestamo-5000-euros\\\/#breadcrumb\",\"itemListElement\":[{\"@type\":\"ListItem\",\"position\":1,\"name\":\"Top5Credits.com\",\"item\":\"https:\\\/\\\/www.top5credits.com\\\/es\\\/\"},{\"@type\":\"ListItem\",\"position\":2,\"name\":\"Compara pr\u00e9stamos personales online\",\"item\":\"https:\\\/\\\/www.top5credits.com\\\/es\\\/prestamos-personales\\\/\"},{\"@type\":\"ListItem\",\"position\":3,\"name\":\"Pr\u00e9stamo 5000 euros\"}]},{\"@type\":\"WebSite\",\"@id\":\"https:\\\/\\\/www.top5credits.com\\\/es\\\/#website\",\"url\":\"https:\\\/\\\/www.top5credits.com\\\/es\\\/\",\"name\":\"Top5Credits.com Espa\u00f1a\",\"description\":\"\",\"publisher\":{\"@id\":\"https:\\\/\\\/www.top5credits.com\\\/es\\\/#organization\"},\"potentialAction\":[{\"@type\":\"SearchAction\",\"target\":{\"@type\":\"EntryPoint\",\"urlTemplate\":\"https:\\\/\\\/www.top5credits.com\\\/es\\\/?s={search_term_string}\"},\"query-input\":{\"@type\":\"PropertyValueSpecification\",\"valueRequired\":true,\"valueName\":\"search_term_string\"}}],\"inLanguage\":\"es\"},{\"@type\":\"Organization\",\"@id\":\"https:\\\/\\\/www.top5credits.com\\\/es\\\/#organization\",\"name\":\"Top5Credits.com\",\"url\":\"https:\\\/\\\/www.top5credits.com\\\/es\\\/\",\"logo\":{\"@type\":\"ImageObject\",\"inLanguage\":\"es\",\"@id\":\"https:\\\/\\\/www.top5credits.com\\\/es\\\/#\\\/schema\\\/logo\\\/image\\\/\",\"url\":\"https:\\\/\\\/cdn.top5credits.com\\\/es\\\/wp-content\\\/uploads\\\/sites\\\/8\\\/2023\\\/10\\\/t5c-favicon.png\",\"contentUrl\":\"https:\\\/\\\/cdn.top5credits.com\\\/es\\\/wp-content\\\/uploads\\\/sites\\\/8\\\/2023\\\/10\\\/t5c-favicon.png\",\"width\":512,\"height\":512,\"caption\":\"Top5Credits.com\"},\"image\":{\"@id\":\"https:\\\/\\\/www.top5credits.com\\\/es\\\/#\\\/schema\\\/logo\\\/image\\\/\"},\"sameAs\":[\"https:\\\/\\\/www.facebook.com\\\/Top5Creditscom-Espa\u00f1a-109158667157057\"]},{\"@type\":\"Question\",\"@id\":\"https:\\\/\\\/www.top5credits.com\\\/es\\\/prestamos-personales\\\/prestamo-5000-euros\\\/#faq-question-1586350548144\",\"position\":1,\"url\":\"https:\\\/\\\/www.top5credits.com\\\/es\\\/prestamos-personales\\\/prestamo-5000-euros\\\/#faq-question-1586350548144\",\"name\":\"\u00bfC\u00f3mo conseguir un cr\u00e9dito de 5000 euros?\",\"answerCount\":1,\"acceptedAnswer\":{\"@type\":\"Answer\",\"text\":\"Si necesitas un <a href=\\\"https:\\\/\\\/www.top5credits.com\\\/es\\\/prestamos-personales\\\/prestamo-5000-euros\\\/\\\">pr\u00e9stamo de 5000 euros<\\\/a>, puedes usar nuestro comparador y revisar pros y contras as\u00ed como condiciones de los diferentes productos. \",\"inLanguage\":\"es\"},\"inLanguage\":\"es\"},{\"@type\":\"Question\",\"@id\":\"https:\\\/\\\/www.top5credits.com\\\/es\\\/prestamos-personales\\\/prestamo-5000-euros\\\/#faq-question-1586350717681\",\"position\":2,\"url\":\"https:\\\/\\\/www.top5credits.com\\\/es\\\/prestamos-personales\\\/prestamo-5000-euros\\\/#faq-question-1586350717681\",\"name\":\"\u00bfCu\u00e1l es la TAE de un cr\u00e9dito de 5000 euros?\",\"answerCount\":1,\"acceptedAnswer\":{\"@type\":\"Answer\",\"text\":\"La TAE de este tipo de pr\u00e9stamos suele oscilar en torno al 10% TAE. Por ejemplo, Cetelem lo ofrece al 10,36% TAE.\",\"inLanguage\":\"es\"},\"inLanguage\":\"es\"},{\"@type\":\"Question\",\"@id\":\"https:\\\/\\\/www.top5credits.com\\\/es\\\/prestamos-personales\\\/prestamo-5000-euros\\\/#faq-question-1586350719298\",\"position\":3,\"url\":\"https:\\\/\\\/www.top5credits.com\\\/es\\\/prestamos-personales\\\/prestamo-5000-euros\\\/#faq-question-1586350719298\",\"name\":\"\u00bfQu\u00e9 documentaci\u00f3n necesito para pedir 5000 euros?\",\"answerCount\":1,\"acceptedAnswer\":{\"@type\":\"Answer\",\"text\":\"La documentaci\u00f3n depender\u00e1 de la entidad, pero normalmente basta con confirmar nuestra identidad, incluso de manera online.\",\"inLanguage\":\"es\"},\"inLanguage\":\"es\"},{\"@type\":\"Question\",\"@id\":\"https:\\\/\\\/www.top5credits.com\\\/es\\\/prestamos-personales\\\/prestamo-5000-euros\\\/#faq-question-1586350720457\",\"position\":4,\"url\":\"https:\\\/\\\/www.top5credits.com\\\/es\\\/prestamos-personales\\\/prestamo-5000-euros\\\/#faq-question-1586350720457\",\"name\":\"\u00bfQui\u00e9n puede pedir un cr\u00e9dito de 5000 euros?\",\"answerCount\":1,\"acceptedAnswer\":{\"@type\":\"Answer\",\"text\":\"Depender\u00e1 de la entidad, pero como m\u00ednimo, tendremos que ser mayores de 18 a\u00f1os y residir en Espa\u00f1a.\",\"inLanguage\":\"es\"},\"inLanguage\":\"es\"}]}<\/script>\n<!-- \/ Yoast SEO plugin. -->","yoast_head_json":{"title":"Pr\u00e9stamo 5000 euros - Top5Credits.com Espa\u00f1a","description":"\u00bfNecesitas un pr\u00e9stamo de 5000 euros? Ya sea un pr\u00e9stamo urgente o un pr\u00e9stamo a plazo o sin aval, en Top5Credits.com te mostramos tus opciones.","robots":{"index":"index","follow":"follow","max-snippet":"max-snippet:-1","max-image-preview":"max-image-preview:large","max-video-preview":"max-video-preview:-1"},"canonical":"https:\/\/www.top5credits.com\/es\/prestamos-personales\/prestamo-5000-euros\/","og_locale":"es_ES","og_type":"article","og_title":"Pr\u00e9stamo 5000 euros - Top5Credits.com Espa\u00f1a","og_description":"\u00bfNecesitas un pr\u00e9stamo de 5000 euros? Ya sea un pr\u00e9stamo urgente o un pr\u00e9stamo a plazo o sin aval, en Top5Credits.com te mostramos tus opciones.","og_url":"https:\/\/www.top5credits.com\/es\/prestamos-personales\/prestamo-5000-euros\/","og_site_name":"Top5Credits.com Espa\u00f1a","article_publisher":"https:\/\/www.facebook.com\/Top5Creditscom-Espa%c3%b1a-109158667157057","article_modified_time":"2025-03-21T09:39:07+00:00","og_image":[{"width":1200,"height":630,"url":"https:\/\/cdn.top5credits.com\/es\/wp-content\/uploads\/sites\/8\/2019\/06\/top5-og.jpg?cdn=1.1.1","type":"image\/jpeg"}],"twitter_card":"summary_large_image","twitter_misc":{"Tiempo de lectura":"4 minutos"},"schema":{"@context":"https:\/\/schema.org","@graph":[{"@type":["WebPage","FAQPage"],"@id":"https:\/\/www.top5credits.com\/es\/prestamos-personales\/prestamo-5000-euros\/","url":"https:\/\/www.top5credits.com\/es\/prestamos-personales\/prestamo-5000-euros\/","name":"Pr\u00e9stamo 5000 euros - Top5Credits.com Espa\u00f1a","isPartOf":{"@id":"https:\/\/www.top5credits.com\/es\/#website"},"datePublished":"2020-03-04T14:07:13+00:00","dateModified":"2025-03-21T09:39:07+00:00","description":"\u00bfNecesitas un pr\u00e9stamo de 5000 euros? Ya sea un pr\u00e9stamo urgente o un pr\u00e9stamo a plazo o sin aval, en Top5Credits.com te mostramos tus opciones.","breadcrumb":{"@id":"https:\/\/www.top5credits.com\/es\/prestamos-personales\/prestamo-5000-euros\/#breadcrumb"},"mainEntity":[{"@id":"https:\/\/www.top5credits.com\/es\/prestamos-personales\/prestamo-5000-euros\/#faq-question-1586350548144"},{"@id":"https:\/\/www.top5credits.com\/es\/prestamos-personales\/prestamo-5000-euros\/#faq-question-1586350717681"},{"@id":"https:\/\/www.top5credits.com\/es\/prestamos-personales\/prestamo-5000-euros\/#faq-question-1586350719298"},{"@id":"https:\/\/www.top5credits.com\/es\/prestamos-personales\/prestamo-5000-euros\/#faq-question-1586350720457"}],"inLanguage":"es","potentialAction":[{"@type":"ReadAction","target":["https:\/\/www.top5credits.com\/es\/prestamos-personales\/prestamo-5000-euros\/"]}]},{"@type":"BreadcrumbList","@id":"https:\/\/www.top5credits.com\/es\/prestamos-personales\/prestamo-5000-euros\/#breadcrumb","itemListElement":[{"@type":"ListItem","position":1,"name":"Top5Credits.com","item":"https:\/\/www.top5credits.com\/es\/"},{"@type":"ListItem","position":2,"name":"Compara pr\u00e9stamos personales online","item":"https:\/\/www.top5credits.com\/es\/prestamos-personales\/"},{"@type":"ListItem","position":3,"name":"Pr\u00e9stamo 5000 euros"}]},{"@type":"WebSite","@id":"https:\/\/www.top5credits.com\/es\/#website","url":"https:\/\/www.top5credits.com\/es\/","name":"Top5Credits.com Espa\u00f1a","description":"","publisher":{"@id":"https:\/\/www.top5credits.com\/es\/#organization"},"potentialAction":[{"@type":"SearchAction","target":{"@type":"EntryPoint","urlTemplate":"https:\/\/www.top5credits.com\/es\/?s={search_term_string}"},"query-input":{"@type":"PropertyValueSpecification","valueRequired":true,"valueName":"search_term_string"}}],"inLanguage":"es"},{"@type":"Organization","@id":"https:\/\/www.top5credits.com\/es\/#organization","name":"Top5Credits.com","url":"https:\/\/www.top5credits.com\/es\/","logo":{"@type":"ImageObject","inLanguage":"es","@id":"https:\/\/www.top5credits.com\/es\/#\/schema\/logo\/image\/","url":"https:\/\/cdn.top5credits.com\/es\/wp-content\/uploads\/sites\/8\/2023\/10\/t5c-favicon.png","contentUrl":"https:\/\/cdn.top5credits.com\/es\/wp-content\/uploads\/sites\/8\/2023\/10\/t5c-favicon.png","width":512,"height":512,"caption":"Top5Credits.com"},"image":{"@id":"https:\/\/www.top5credits.com\/es\/#\/schema\/logo\/image\/"},"sameAs":["https:\/\/www.facebook.com\/Top5Creditscom-Espa\u00f1a-109158667157057"]},{"@type":"Question","@id":"https:\/\/www.top5credits.com\/es\/prestamos-personales\/prestamo-5000-euros\/#faq-question-1586350548144","position":1,"url":"https:\/\/www.top5credits.com\/es\/prestamos-personales\/prestamo-5000-euros\/#faq-question-1586350548144","name":"\u00bfC\u00f3mo conseguir un cr\u00e9dito de 5000 euros?","answerCount":1,"acceptedAnswer":{"@type":"Answer","text":"Si necesitas un <a href=\"https:\/\/www.top5credits.com\/es\/prestamos-personales\/prestamo-5000-euros\/\">pr\u00e9stamo de 5000 euros<\/a>, puedes usar nuestro comparador y revisar pros y contras as\u00ed como condiciones de los diferentes productos. ","inLanguage":"es"},"inLanguage":"es"},{"@type":"Question","@id":"https:\/\/www.top5credits.com\/es\/prestamos-personales\/prestamo-5000-euros\/#faq-question-1586350717681","position":2,"url":"https:\/\/www.top5credits.com\/es\/prestamos-personales\/prestamo-5000-euros\/#faq-question-1586350717681","name":"\u00bfCu\u00e1l es la TAE de un cr\u00e9dito de 5000 euros?","answerCount":1,"acceptedAnswer":{"@type":"Answer","text":"La TAE de este tipo de pr\u00e9stamos suele oscilar en torno al 10% TAE. Por ejemplo, Cetelem lo ofrece al 10,36% TAE.","inLanguage":"es"},"inLanguage":"es"},{"@type":"Question","@id":"https:\/\/www.top5credits.com\/es\/prestamos-personales\/prestamo-5000-euros\/#faq-question-1586350719298","position":3,"url":"https:\/\/www.top5credits.com\/es\/prestamos-personales\/prestamo-5000-euros\/#faq-question-1586350719298","name":"\u00bfQu\u00e9 documentaci\u00f3n necesito para pedir 5000 euros?","answerCount":1,"acceptedAnswer":{"@type":"Answer","text":"La documentaci\u00f3n depender\u00e1 de la entidad, pero normalmente basta con confirmar nuestra identidad, incluso de manera online.","inLanguage":"es"},"inLanguage":"es"},{"@type":"Question","@id":"https:\/\/www.top5credits.com\/es\/prestamos-personales\/prestamo-5000-euros\/#faq-question-1586350720457","position":4,"url":"https:\/\/www.top5credits.com\/es\/prestamos-personales\/prestamo-5000-euros\/#faq-question-1586350720457","name":"\u00bfQui\u00e9n puede pedir un cr\u00e9dito de 5000 euros?","answerCount":1,"acceptedAnswer":{"@type":"Answer","text":"Depender\u00e1 de la entidad, pero como m\u00ednimo, tendremos que ser mayores de 18 a\u00f1os y residir en Espa\u00f1a.","inLanguage":"es"},"inLanguage":"es"}]}},"_links":{"self":[{"href":"https:\/\/www.top5credits.com\/es\/wp-json\/wp\/v2\/pages\/2678","targetHints":{"allow":["GET"]}}],"collection":[{"href":"https:\/\/www.top5credits.com\/es\/wp-json\/wp\/v2\/pages"}],"about":[{"href":"https:\/\/www.top5credits.com\/es\/wp-json\/wp\/v2\/types\/page"}],"author":[{"embeddable":true,"href":"https:\/\/www.top5credits.com\/es\/wp-json\/wp\/v2\/users\/2"}],"replies":[{"embeddable":true,"href":"https:\/\/www.top5credits.com\/es\/wp-json\/wp\/v2\/comments?post=2678"}],"version-history":[{"count":1,"href":"https:\/\/www.top5credits.com\/es\/wp-json\/wp\/v2\/pages\/2678\/revisions"}],"predecessor-version":[{"id":16532,"href":"https:\/\/www.top5credits.com\/es\/wp-json\/wp\/v2\/pages\/2678\/revisions\/16532"}],"up":[{"embeddable":true,"href":"https:\/\/www.top5credits.com\/es\/wp-json\/wp\/v2\/pages\/49"}],"wp:attachment":[{"href":"https:\/\/www.top5credits.com\/es\/wp-json\/wp\/v2\/media?parent=2678"}],"curies":[{"name":"wp","href":"https:\/\/api.w.org\/{rel}","templated":true}]}}