{"id":2680,"date":"2020-03-03T11:09:12","date_gmt":"2020-03-03T11:09:12","guid":{"rendered":"https:\/\/www.top5credits.com\/es\/?page_id=2680"},"modified":"2025-03-21T09:39:44","modified_gmt":"2025-03-21T09:39:44","slug":"prestamo-10000-euros","status":"publish","type":"page","link":"https:\/\/www.top5credits.com\/es\/prestamos-personales\/prestamo-10000-euros\/","title":{"rendered":"Pr\u00e9stamo 10000 euros"},"content":{"rendered":"\n<div class=\"wp-block-group first-section\"><div class=\"wp-block-group__inner-container is-layout-flow wp-block-group-is-layout-flow\">\n<h1 class=\"wp-block-heading has-text-align-center compare-title\">Pr\u00e9stamo 10000 euros<\/h1>\n\n\n\n<p class=\"compare-title\">Compara y elige el pr\u00e9stamo de 10000 euros que necesitas. \u00bfNecesitas un pr\u00e9stamo de 10000 euros? En Top5Credits.com hemos analizado las principales financieras en Espa\u00f1a, as\u00ed que hemos seleccionado todos los prestamistas que ofrecen pr\u00e9stamos de 10000 euros. Compara las opciones y lee nuestras opiniones.<\/p>\n\n\n\n\n<\/div><\/div>\n\n\n\n\n\n\n<div class=\"top-results palkkio\">\n<span class=\"huomiomerkki\">!<\/span> La comisi\u00f3n que recibimos afecta directamente el listado &#8211; Leer m\u00e1s <span class=\"plus-trigger\">+<\/span>\n<p>Top5Credits.com es un website 100% gratuito con el prop\u00f3sito de suministrar informaci\u00f3n \u00fatil y de valor al usuario. Comparamos pr\u00e9stamos y los analizamos de manera objetiva. Para mantener nuestros servicios gratuitos, obtenemos comisiones de los bancos y prestamistas por cada usuario que les redirigimos. El ratio de compensaci\u00f3n afecta directamente el orden del listado de colaboradores.<\/p>\n<\/div>\n\n\n\n<h2 class=\"wp-block-heading\">Pr\u00e9stamo de 10000 euros<\/h2>\n\n\n\n<p>No siempre tendremos suficiente con un <a href=\"https:\/\/www.top5credits.com\/es\/microprestamos\/\">micropr\u00e9stamo<\/a> para suplir nuestras necesidades de cr\u00e9dito. Y a veces tampoco necesitamos financiar mediante hipotecas o la totalidad de alguna propiedad como un <a href=\"https:\/\/www.top5credits.com\/es\/prestamo-coche\/\">veh\u00edculo<\/a>. Ya sea para <a href=\"https:\/\/www.top5credits.com\/es\/prestamo-reforma\/\">reformar<\/a> nuestra vivienda, <a href=\"https:\/\/www.top5credits.com\/es\/reunificacion-de-deudas\/\">reunificar deudas<\/a> o bien terminar de pagar una propiedad, a veces nos conviene m\u00e1s pedir un pr\u00e9stamo de 10000 euros.<\/p>\n\n\n\n<p>Muchas veces es m\u00e1s ventajoso pedir un <strong>pr\u00e9stamo personal de 10.000\u20ac<\/strong> que financiar un producto o propiedad por ese importe o similar. Piensa que cuando adquieres un coche a trav\u00e9s de un concesionario y lo financias, ser\u00e1n ellos quienes elijan la financiera,  quiz\u00e1s no es la que tenga las mejores condiciones. Valora siempre, especialmente en cr\u00e9ditos tan elevados, la posibilidad de pedir el pr\u00e9stamo por tu parte.<\/p>\n\n\n\n<h2 class=\"wp-block-heading\">Pr\u00e9stamo de 10000 euros a 5 a\u00f1os, 2 a\u00f1os, 1 a\u00f1o&#8230;<\/h2>\n\n\n\n<p>Con importes tan elevados, siempre nos surge la duda. <strong>\u00bfPagar en menos plazos o en cuotas m\u00e1s baratas?<\/strong> Has de tener en cuenta que, en cualquier escenario, siempre es m\u00e1s barato liquidar el pr\u00e9stamo en las menos cuotas posibles. Pero si nos pasamos de ambiciosos, podemos acabar en una <strong>espiral de deuda<\/strong>.<\/p>\n\n\n\n<p>Por ejemplo, aunque u<strong>n pr\u00e9stamo de 10.000 euros en 12 meses al 7% acabar\u00edamos pagando s\u00f3lo 700 euros en intereses<\/strong>, hablar\u00edamos de unas<strong> cuotas de 833\u20ac<\/strong>, un importe inasumible si nuestra n\u00f3mina es el <a href=\"https:\/\/es.wikipedia.org\/wiki\/Anexo:Salario_m%C3%ADnimo_en_Espa%C3%B1a\">Salario M\u00ednimo Interprofesional Espa\u00f1o<\/a>l. Si no podemos pagar mensualmente la cuota, corremos el riesgo de no poder asumirla y acabar pagando gastos por mora. Esto significa que siempre tendr\u00e1s que ajustar el plazo a la cuota m\u00e1s alta que puedas permitirte pagar. Te recordamos que se recomienda no tener gastos mensuales de mas del 40% de tus ingresos.<\/p>\n\n\n\n<h2 class=\"wp-block-heading\">\u00bfCu\u00e1nto pagar\u00eda por un pr\u00e9stamo de 10000 euros?<\/h2>\n\n\n\n<p>Respecto a los pr\u00e9stamos de 10000 euros, hay una noticia buena y una mala.<\/p>\n\n\n\n<p>La buena es que este tipo de pr\u00e9stamos s\u00f3lo son otorgados por bancos tradicionales, por lo que su TAE suele ser bastante reducida. Por ejemplo, con el <a href=\"https:\/\/www.top5credits.com\/es\/opiniones\/ing-direct-prestamo-naranja\/\">pr\u00e9stamo de ING Direc<\/a>t podr\u00edamos tenerlo <strong>s\u00f3lo a un 6,11%,<\/strong> lo cual es un inter\u00e9s muy bajo y, si lo pag\u00e1semos en 1 a\u00f1o, s\u00f3lo asumir\u00edamos<strong> 611\u20ac euros en intereses<\/strong> (eso s\u00ed, con cuotas de m\u00e1s de 800 euros).<\/p>\n\n\n\n<p>La mala es que al ser cr\u00e9ditos de importes elevados, aunque la TAE sea baja, siempre ser\u00e1n pr\u00e9stamos con alto coste. Adem\u00e1s, lo habitual es financiar un p<strong>r\u00e9stamo de 10000 en 5 a\u00f1os<\/strong> o, como muy poco, 3 a\u00f1os.<\/p>\n\n\n\n<h2 class=\"wp-block-heading\">\u00bfPuedo conseguir un pr\u00e9stamo de 10000 euros urgente?<\/h2>\n\n\n\n<p>Seguramente has visto varios portales en internet que aseguran ofrecer <strong>pr\u00e9stamos de 10000 euros urgentes, sin aval, con ASNEF, sin papeleo<\/strong>&#8230; pr\u00e1cticamente un pr\u00e9stamo m\u00e1gico tan dif\u00edcil de encontrar como un unicornio. En <strong>Top5Credits <\/strong>somos honestos y te adelantamos que <strong>no existen cr\u00e9ditos urgentes de 10.000 euros<\/strong>. Hablamos de una cantidad considerable que los bancos no van a prestar sin hacer un m\u00ednimo de estudio.<\/p>\n\n\n\n<p>Esto no significa que tengas que esperar semanas. Internet ha agilizado los tr\u00e1mites, por lo que puedes tener un pr\u00e9stamo de 10000 euros<strong> entre 24 a 48 horas<\/strong> como m\u00ednimo y como norma general. En algunas ocasiones puede que lo consigas antes, pero siempre en caso de que acudas a tu banco habitual, donde sabr\u00e1n de antemano si tu perfil es candidato a dicho pr\u00e9stamo.<\/p>\n\n\n\n<h2 class=\"wp-block-heading has-text-align-center\"> Preguntas frecuentes <\/h2>\n\n\n\n<div class=\"schema-faq wp-block-yoast-faq-block\"><div class=\"schema-faq-section\" id=\"faq-question-1576829406604\"><strong class=\"schema-faq-question\">\u00bfC\u00f3mo conseguir un pr\u00e9stamo de 10000 euros?<\/strong> <p class=\"schema-faq-answer\">Puedes comprobar los intereses, l\u00edmites y acceder a un an\u00e1lisis objetivo de m\u00e1s de 50 financieras en nuestra lista de <a href=\"https:\/\/www.top5credits.com\/es\/prestamos-personales\/prestamo-10000-euros\/\">pr\u00e9stamos de 10000 euros<\/a>.<\/p> <\/div> <div class=\"schema-faq-section\" id=\"faq-question-1576829428004\"><strong class=\"schema-faq-question\">\u00bfQui\u00e9nes ofrecen pr\u00e9stamos de hasta 10000\u20ac?<\/strong> <p class=\"schema-faq-answer\">Generalmente, cuando se trata de cantidades tan elevadas, suelen ser ofrecidas por bancos tradicionales.<\/p> <\/div> <div class=\"schema-faq-section\" id=\"faq-question-1576829428794\"><strong class=\"schema-faq-question\">\u00bfEs seguro pedir tanto dinero?<\/strong> <p class=\"schema-faq-answer\">Sea 10000 o 100 euros, siempre tendr\u00e1s que pedir dinero s\u00f3lo cuando lo necesites y puedas pagarlo.<\/p> <\/div> <div class=\"schema-faq-section\" id=\"faq-question-1576829442126\"><strong class=\"schema-faq-question\">\u00bfCu\u00e1les son las condiciones de pago o intereses?<\/strong> <p class=\"schema-faq-answer\">Una vez encuentras la financiera que necesitas, tendr\u00e1s que comprobar sus condiciones, pues cada entidad aplica las suyas propias.<\/p> <\/div> <\/div>\n","protected":false},"excerpt":{"rendered":"<p>Pr\u00e9stamo 10000 euros Compara y elige el pr\u00e9stamo de 10000 euros que necesitas. \u00bfNecesitas un pr\u00e9stamo de 10000 euros? En Top5Credits.com hemos analizado las principales<\/p>\n<p class=\"more-link\">Seguir leyendo <span class=\"screen-reader-text\">Pr\u00e9stamo 10000 euros<\/span><\/p>\n","protected":false},"author":2,"featured_media":0,"parent":49,"menu_order":0,"comment_status":"closed","ping_status":"closed","template":"page-results.php","meta":{"footnotes":""},"class_list":["post-2680","page","type-page","status-publish","hentry","entry"],"yoast_head":"<!-- This site is optimized with the Yoast SEO plugin v27.3 - https:\/\/yoast.com\/product\/yoast-seo-wordpress\/ -->\n<title>Pr\u00e9stamo 10000 euros - Top5Credits.com Espa\u00f1a<\/title>\n<meta name=\"description\" content=\"\u00bfNecesitas un pr\u00e9stamo de 10000 euros? \u00bfLo buscas con con ASNEF, urgente o sin aval? En Top5Credits.com te mostramos tus opciones.\" \/>\n<meta name=\"robots\" content=\"index, follow, max-snippet:-1, max-image-preview:large, max-video-preview:-1\" \/>\n<link rel=\"canonical\" href=\"https:\/\/www.top5credits.com\/es\/prestamos-personales\/prestamo-10000-euros\/\" \/>\n<meta property=\"og:locale\" content=\"es_ES\" \/>\n<meta property=\"og:type\" content=\"article\" \/>\n<meta property=\"og:title\" content=\"Pr\u00e9stamo 10000 euros - Top5Credits.com Espa\u00f1a\" \/>\n<meta property=\"og:description\" content=\"\u00bfNecesitas un pr\u00e9stamo de 10000 euros? \u00bfLo buscas con con ASNEF, urgente o sin aval? En Top5Credits.com te mostramos tus opciones.\" \/>\n<meta property=\"og:url\" content=\"https:\/\/www.top5credits.com\/es\/prestamos-personales\/prestamo-10000-euros\/\" \/>\n<meta property=\"og:site_name\" content=\"Top5Credits.com Espa\u00f1a\" \/>\n<meta property=\"article:publisher\" content=\"https:\/\/www.facebook.com\/Top5Creditscom-Espa%c3%b1a-109158667157057\" \/>\n<meta property=\"article:modified_time\" content=\"2025-03-21T09:39:44+00:00\" \/>\n<meta property=\"og:image\" content=\"https:\/\/cdn.top5credits.com\/es\/wp-content\/uploads\/sites\/8\/2019\/06\/top5-og.jpg?cdn=1.1.1\" \/>\n\t<meta property=\"og:image:width\" content=\"1200\" \/>\n\t<meta property=\"og:image:height\" content=\"630\" \/>\n\t<meta property=\"og:image:type\" content=\"image\/jpeg\" \/>\n<meta name=\"twitter:card\" content=\"summary_large_image\" \/>\n<meta name=\"twitter:label1\" content=\"Tiempo de lectura\" \/>\n\t<meta name=\"twitter:data1\" content=\"4 minutos\" \/>\n<script type=\"application\/ld+json\" class=\"yoast-schema-graph\">{\"@context\":\"https:\\\/\\\/schema.org\",\"@graph\":[{\"@type\":[\"WebPage\",\"FAQPage\"],\"@id\":\"https:\\\/\\\/www.top5credits.com\\\/es\\\/prestamos-personales\\\/prestamo-10000-euros\\\/\",\"url\":\"https:\\\/\\\/www.top5credits.com\\\/es\\\/prestamos-personales\\\/prestamo-10000-euros\\\/\",\"name\":\"Pr\u00e9stamo 10000 euros - Top5Credits.com Espa\u00f1a\",\"isPartOf\":{\"@id\":\"https:\\\/\\\/www.top5credits.com\\\/es\\\/#website\"},\"datePublished\":\"2020-03-03T11:09:12+00:00\",\"dateModified\":\"2025-03-21T09:39:44+00:00\",\"description\":\"\u00bfNecesitas un pr\u00e9stamo de 10000 euros? \u00bfLo buscas con con ASNEF, urgente o sin aval? En Top5Credits.com te mostramos tus opciones.\",\"breadcrumb\":{\"@id\":\"https:\\\/\\\/www.top5credits.com\\\/es\\\/prestamos-personales\\\/prestamo-10000-euros\\\/#breadcrumb\"},\"mainEntity\":[{\"@id\":\"https:\\\/\\\/www.top5credits.com\\\/es\\\/prestamos-personales\\\/prestamo-10000-euros\\\/#faq-question-1576829406604\"},{\"@id\":\"https:\\\/\\\/www.top5credits.com\\\/es\\\/prestamos-personales\\\/prestamo-10000-euros\\\/#faq-question-1576829428004\"},{\"@id\":\"https:\\\/\\\/www.top5credits.com\\\/es\\\/prestamos-personales\\\/prestamo-10000-euros\\\/#faq-question-1576829428794\"},{\"@id\":\"https:\\\/\\\/www.top5credits.com\\\/es\\\/prestamos-personales\\\/prestamo-10000-euros\\\/#faq-question-1576829442126\"}],\"inLanguage\":\"es\",\"potentialAction\":[{\"@type\":\"ReadAction\",\"target\":[\"https:\\\/\\\/www.top5credits.com\\\/es\\\/prestamos-personales\\\/prestamo-10000-euros\\\/\"]}]},{\"@type\":\"BreadcrumbList\",\"@id\":\"https:\\\/\\\/www.top5credits.com\\\/es\\\/prestamos-personales\\\/prestamo-10000-euros\\\/#breadcrumb\",\"itemListElement\":[{\"@type\":\"ListItem\",\"position\":1,\"name\":\"Top5Credits.com\",\"item\":\"https:\\\/\\\/www.top5credits.com\\\/es\\\/\"},{\"@type\":\"ListItem\",\"position\":2,\"name\":\"Compara pr\u00e9stamos personales online\",\"item\":\"https:\\\/\\\/www.top5credits.com\\\/es\\\/prestamos-personales\\\/\"},{\"@type\":\"ListItem\",\"position\":3,\"name\":\"Pr\u00e9stamo 10000 euros\"}]},{\"@type\":\"WebSite\",\"@id\":\"https:\\\/\\\/www.top5credits.com\\\/es\\\/#website\",\"url\":\"https:\\\/\\\/www.top5credits.com\\\/es\\\/\",\"name\":\"Top5Credits.com Espa\u00f1a\",\"description\":\"\",\"publisher\":{\"@id\":\"https:\\\/\\\/www.top5credits.com\\\/es\\\/#organization\"},\"potentialAction\":[{\"@type\":\"SearchAction\",\"target\":{\"@type\":\"EntryPoint\",\"urlTemplate\":\"https:\\\/\\\/www.top5credits.com\\\/es\\\/?s={search_term_string}\"},\"query-input\":{\"@type\":\"PropertyValueSpecification\",\"valueRequired\":true,\"valueName\":\"search_term_string\"}}],\"inLanguage\":\"es\"},{\"@type\":\"Organization\",\"@id\":\"https:\\\/\\\/www.top5credits.com\\\/es\\\/#organization\",\"name\":\"Top5Credits.com\",\"url\":\"https:\\\/\\\/www.top5credits.com\\\/es\\\/\",\"logo\":{\"@type\":\"ImageObject\",\"inLanguage\":\"es\",\"@id\":\"https:\\\/\\\/www.top5credits.com\\\/es\\\/#\\\/schema\\\/logo\\\/image\\\/\",\"url\":\"https:\\\/\\\/cdn.top5credits.com\\\/es\\\/wp-content\\\/uploads\\\/sites\\\/8\\\/2023\\\/10\\\/t5c-favicon.png\",\"contentUrl\":\"https:\\\/\\\/cdn.top5credits.com\\\/es\\\/wp-content\\\/uploads\\\/sites\\\/8\\\/2023\\\/10\\\/t5c-favicon.png\",\"width\":512,\"height\":512,\"caption\":\"Top5Credits.com\"},\"image\":{\"@id\":\"https:\\\/\\\/www.top5credits.com\\\/es\\\/#\\\/schema\\\/logo\\\/image\\\/\"},\"sameAs\":[\"https:\\\/\\\/www.facebook.com\\\/Top5Creditscom-Espa\u00f1a-109158667157057\"]},{\"@type\":\"Question\",\"@id\":\"https:\\\/\\\/www.top5credits.com\\\/es\\\/prestamos-personales\\\/prestamo-10000-euros\\\/#faq-question-1576829406604\",\"position\":1,\"url\":\"https:\\\/\\\/www.top5credits.com\\\/es\\\/prestamos-personales\\\/prestamo-10000-euros\\\/#faq-question-1576829406604\",\"name\":\"\u00bfC\u00f3mo conseguir un pr\u00e9stamo de 10000 euros?\",\"answerCount\":1,\"acceptedAnswer\":{\"@type\":\"Answer\",\"text\":\"Puedes comprobar los intereses, l\u00edmites y acceder a un an\u00e1lisis objetivo de m\u00e1s de 50 financieras en nuestra lista de <a href=\\\"https:\\\/\\\/www.top5credits.com\\\/es\\\/prestamos-personales\\\/prestamo-10000-euros\\\/\\\">pr\u00e9stamos de 10000 euros<\\\/a>.\",\"inLanguage\":\"es\"},\"inLanguage\":\"es\"},{\"@type\":\"Question\",\"@id\":\"https:\\\/\\\/www.top5credits.com\\\/es\\\/prestamos-personales\\\/prestamo-10000-euros\\\/#faq-question-1576829428004\",\"position\":2,\"url\":\"https:\\\/\\\/www.top5credits.com\\\/es\\\/prestamos-personales\\\/prestamo-10000-euros\\\/#faq-question-1576829428004\",\"name\":\"\u00bfQui\u00e9nes ofrecen pr\u00e9stamos de hasta 10000\u20ac?\",\"answerCount\":1,\"acceptedAnswer\":{\"@type\":\"Answer\",\"text\":\"Generalmente, cuando se trata de cantidades tan elevadas, suelen ser ofrecidas por bancos tradicionales.\",\"inLanguage\":\"es\"},\"inLanguage\":\"es\"},{\"@type\":\"Question\",\"@id\":\"https:\\\/\\\/www.top5credits.com\\\/es\\\/prestamos-personales\\\/prestamo-10000-euros\\\/#faq-question-1576829428794\",\"position\":3,\"url\":\"https:\\\/\\\/www.top5credits.com\\\/es\\\/prestamos-personales\\\/prestamo-10000-euros\\\/#faq-question-1576829428794\",\"name\":\"\u00bfEs seguro pedir tanto dinero?\",\"answerCount\":1,\"acceptedAnswer\":{\"@type\":\"Answer\",\"text\":\"Sea 10000 o 100 euros, siempre tendr\u00e1s que pedir dinero s\u00f3lo cuando lo necesites y puedas pagarlo.\",\"inLanguage\":\"es\"},\"inLanguage\":\"es\"},{\"@type\":\"Question\",\"@id\":\"https:\\\/\\\/www.top5credits.com\\\/es\\\/prestamos-personales\\\/prestamo-10000-euros\\\/#faq-question-1576829442126\",\"position\":4,\"url\":\"https:\\\/\\\/www.top5credits.com\\\/es\\\/prestamos-personales\\\/prestamo-10000-euros\\\/#faq-question-1576829442126\",\"name\":\"\u00bfCu\u00e1les son las condiciones de pago o intereses?\",\"answerCount\":1,\"acceptedAnswer\":{\"@type\":\"Answer\",\"text\":\"Una vez encuentras la financiera que necesitas, tendr\u00e1s que comprobar sus condiciones, pues cada entidad aplica las suyas propias.\",\"inLanguage\":\"es\"},\"inLanguage\":\"es\"}]}<\/script>\n<!-- \/ Yoast SEO plugin. -->","yoast_head_json":{"title":"Pr\u00e9stamo 10000 euros - Top5Credits.com Espa\u00f1a","description":"\u00bfNecesitas un pr\u00e9stamo de 10000 euros? \u00bfLo buscas con con ASNEF, urgente o sin aval? En Top5Credits.com te mostramos tus opciones.","robots":{"index":"index","follow":"follow","max-snippet":"max-snippet:-1","max-image-preview":"max-image-preview:large","max-video-preview":"max-video-preview:-1"},"canonical":"https:\/\/www.top5credits.com\/es\/prestamos-personales\/prestamo-10000-euros\/","og_locale":"es_ES","og_type":"article","og_title":"Pr\u00e9stamo 10000 euros - Top5Credits.com Espa\u00f1a","og_description":"\u00bfNecesitas un pr\u00e9stamo de 10000 euros? \u00bfLo buscas con con ASNEF, urgente o sin aval? En Top5Credits.com te mostramos tus opciones.","og_url":"https:\/\/www.top5credits.com\/es\/prestamos-personales\/prestamo-10000-euros\/","og_site_name":"Top5Credits.com Espa\u00f1a","article_publisher":"https:\/\/www.facebook.com\/Top5Creditscom-Espa%c3%b1a-109158667157057","article_modified_time":"2025-03-21T09:39:44+00:00","og_image":[{"width":1200,"height":630,"url":"https:\/\/cdn.top5credits.com\/es\/wp-content\/uploads\/sites\/8\/2019\/06\/top5-og.jpg?cdn=1.1.1","type":"image\/jpeg"}],"twitter_card":"summary_large_image","twitter_misc":{"Tiempo de lectura":"4 minutos"},"schema":{"@context":"https:\/\/schema.org","@graph":[{"@type":["WebPage","FAQPage"],"@id":"https:\/\/www.top5credits.com\/es\/prestamos-personales\/prestamo-10000-euros\/","url":"https:\/\/www.top5credits.com\/es\/prestamos-personales\/prestamo-10000-euros\/","name":"Pr\u00e9stamo 10000 euros - Top5Credits.com Espa\u00f1a","isPartOf":{"@id":"https:\/\/www.top5credits.com\/es\/#website"},"datePublished":"2020-03-03T11:09:12+00:00","dateModified":"2025-03-21T09:39:44+00:00","description":"\u00bfNecesitas un pr\u00e9stamo de 10000 euros? \u00bfLo buscas con con ASNEF, urgente o sin aval? En Top5Credits.com te mostramos tus opciones.","breadcrumb":{"@id":"https:\/\/www.top5credits.com\/es\/prestamos-personales\/prestamo-10000-euros\/#breadcrumb"},"mainEntity":[{"@id":"https:\/\/www.top5credits.com\/es\/prestamos-personales\/prestamo-10000-euros\/#faq-question-1576829406604"},{"@id":"https:\/\/www.top5credits.com\/es\/prestamos-personales\/prestamo-10000-euros\/#faq-question-1576829428004"},{"@id":"https:\/\/www.top5credits.com\/es\/prestamos-personales\/prestamo-10000-euros\/#faq-question-1576829428794"},{"@id":"https:\/\/www.top5credits.com\/es\/prestamos-personales\/prestamo-10000-euros\/#faq-question-1576829442126"}],"inLanguage":"es","potentialAction":[{"@type":"ReadAction","target":["https:\/\/www.top5credits.com\/es\/prestamos-personales\/prestamo-10000-euros\/"]}]},{"@type":"BreadcrumbList","@id":"https:\/\/www.top5credits.com\/es\/prestamos-personales\/prestamo-10000-euros\/#breadcrumb","itemListElement":[{"@type":"ListItem","position":1,"name":"Top5Credits.com","item":"https:\/\/www.top5credits.com\/es\/"},{"@type":"ListItem","position":2,"name":"Compara pr\u00e9stamos personales online","item":"https:\/\/www.top5credits.com\/es\/prestamos-personales\/"},{"@type":"ListItem","position":3,"name":"Pr\u00e9stamo 10000 euros"}]},{"@type":"WebSite","@id":"https:\/\/www.top5credits.com\/es\/#website","url":"https:\/\/www.top5credits.com\/es\/","name":"Top5Credits.com Espa\u00f1a","description":"","publisher":{"@id":"https:\/\/www.top5credits.com\/es\/#organization"},"potentialAction":[{"@type":"SearchAction","target":{"@type":"EntryPoint","urlTemplate":"https:\/\/www.top5credits.com\/es\/?s={search_term_string}"},"query-input":{"@type":"PropertyValueSpecification","valueRequired":true,"valueName":"search_term_string"}}],"inLanguage":"es"},{"@type":"Organization","@id":"https:\/\/www.top5credits.com\/es\/#organization","name":"Top5Credits.com","url":"https:\/\/www.top5credits.com\/es\/","logo":{"@type":"ImageObject","inLanguage":"es","@id":"https:\/\/www.top5credits.com\/es\/#\/schema\/logo\/image\/","url":"https:\/\/cdn.top5credits.com\/es\/wp-content\/uploads\/sites\/8\/2023\/10\/t5c-favicon.png","contentUrl":"https:\/\/cdn.top5credits.com\/es\/wp-content\/uploads\/sites\/8\/2023\/10\/t5c-favicon.png","width":512,"height":512,"caption":"Top5Credits.com"},"image":{"@id":"https:\/\/www.top5credits.com\/es\/#\/schema\/logo\/image\/"},"sameAs":["https:\/\/www.facebook.com\/Top5Creditscom-Espa\u00f1a-109158667157057"]},{"@type":"Question","@id":"https:\/\/www.top5credits.com\/es\/prestamos-personales\/prestamo-10000-euros\/#faq-question-1576829406604","position":1,"url":"https:\/\/www.top5credits.com\/es\/prestamos-personales\/prestamo-10000-euros\/#faq-question-1576829406604","name":"\u00bfC\u00f3mo conseguir un pr\u00e9stamo de 10000 euros?","answerCount":1,"acceptedAnswer":{"@type":"Answer","text":"Puedes comprobar los intereses, l\u00edmites y acceder a un an\u00e1lisis objetivo de m\u00e1s de 50 financieras en nuestra lista de <a href=\"https:\/\/www.top5credits.com\/es\/prestamos-personales\/prestamo-10000-euros\/\">pr\u00e9stamos de 10000 euros<\/a>.","inLanguage":"es"},"inLanguage":"es"},{"@type":"Question","@id":"https:\/\/www.top5credits.com\/es\/prestamos-personales\/prestamo-10000-euros\/#faq-question-1576829428004","position":2,"url":"https:\/\/www.top5credits.com\/es\/prestamos-personales\/prestamo-10000-euros\/#faq-question-1576829428004","name":"\u00bfQui\u00e9nes ofrecen pr\u00e9stamos de hasta 10000\u20ac?","answerCount":1,"acceptedAnswer":{"@type":"Answer","text":"Generalmente, cuando se trata de cantidades tan elevadas, suelen ser ofrecidas por bancos tradicionales.","inLanguage":"es"},"inLanguage":"es"},{"@type":"Question","@id":"https:\/\/www.top5credits.com\/es\/prestamos-personales\/prestamo-10000-euros\/#faq-question-1576829428794","position":3,"url":"https:\/\/www.top5credits.com\/es\/prestamos-personales\/prestamo-10000-euros\/#faq-question-1576829428794","name":"\u00bfEs seguro pedir tanto dinero?","answerCount":1,"acceptedAnswer":{"@type":"Answer","text":"Sea 10000 o 100 euros, siempre tendr\u00e1s que pedir dinero s\u00f3lo cuando lo necesites y puedas pagarlo.","inLanguage":"es"},"inLanguage":"es"},{"@type":"Question","@id":"https:\/\/www.top5credits.com\/es\/prestamos-personales\/prestamo-10000-euros\/#faq-question-1576829442126","position":4,"url":"https:\/\/www.top5credits.com\/es\/prestamos-personales\/prestamo-10000-euros\/#faq-question-1576829442126","name":"\u00bfCu\u00e1les son las condiciones de pago o intereses?","answerCount":1,"acceptedAnswer":{"@type":"Answer","text":"Una vez encuentras la financiera que necesitas, tendr\u00e1s que comprobar sus condiciones, pues cada entidad aplica las suyas propias.","inLanguage":"es"},"inLanguage":"es"}]}},"_links":{"self":[{"href":"https:\/\/www.top5credits.com\/es\/wp-json\/wp\/v2\/pages\/2680","targetHints":{"allow":["GET"]}}],"collection":[{"href":"https:\/\/www.top5credits.com\/es\/wp-json\/wp\/v2\/pages"}],"about":[{"href":"https:\/\/www.top5credits.com\/es\/wp-json\/wp\/v2\/types\/page"}],"author":[{"embeddable":true,"href":"https:\/\/www.top5credits.com\/es\/wp-json\/wp\/v2\/users\/2"}],"replies":[{"embeddable":true,"href":"https:\/\/www.top5credits.com\/es\/wp-json\/wp\/v2\/comments?post=2680"}],"version-history":[{"count":1,"href":"https:\/\/www.top5credits.com\/es\/wp-json\/wp\/v2\/pages\/2680\/revisions"}],"predecessor-version":[{"id":16533,"href":"https:\/\/www.top5credits.com\/es\/wp-json\/wp\/v2\/pages\/2680\/revisions\/16533"}],"up":[{"embeddable":true,"href":"https:\/\/www.top5credits.com\/es\/wp-json\/wp\/v2\/pages\/49"}],"wp:attachment":[{"href":"https:\/\/www.top5credits.com\/es\/wp-json\/wp\/v2\/media?parent=2680"}],"curies":[{"name":"wp","href":"https:\/\/api.w.org\/{rel}","templated":true}]}}