{"id":2682,"date":"2020-03-03T12:17:02","date_gmt":"2020-03-03T12:17:02","guid":{"rendered":"https:\/\/www.top5credits.com\/es\/?page_id=2682"},"modified":"2025-03-21T09:41:13","modified_gmt":"2025-03-21T09:41:13","slug":"prestamo-15000-euros","status":"publish","type":"page","link":"https:\/\/www.top5credits.com\/es\/prestamos-personales\/prestamo-15000-euros\/","title":{"rendered":"Pr\u00e9stamo 15000 euros"},"content":{"rendered":"\n<div class=\"wp-block-group first-section\"><div class=\"wp-block-group__inner-container is-layout-flow wp-block-group-is-layout-flow\">\n<h1 class=\"wp-block-heading has-text-align-center compare-title\">Pr\u00e9stamo 15000 euros<\/h1>\n\n\n\n<p class=\"has-text-align-center compare-title\">Compara y elige el pr\u00e9stamo de 15000 euros que necesitas. <span class=\"luelisaanappi\">Leer&nbsp;m\u00e1s..<\/span> <span class=\"luelisaateksti\"> \u00bfNecesitas un pr\u00e9stamo de 15000 euros? En Top5Credits.com hemos analizado las principales financieras en Espa\u00f1a, as\u00ed que hemos seleccionado todos los prestamistas que ofrecen pr\u00e9stamos de 15000 euros. Compara las opciones y lee nuestras opiniones.\n<\/span><\/p>\n\n\n\n\n<\/div><\/div>\n\n\n\n\n\n\n<div class=\"top-results palkkio\">\n<span class=\"huomiomerkki\">!<\/span> La comisi\u00f3n que recibimos afecta directamente el listado &#8211; Leer m\u00e1s <span class=\"plus-trigger\">+<\/span>\n<p>Top5Credits.com es un website 100% gratuito con el prop\u00f3sito de suministrar informaci\u00f3n \u00fatil y de valor al usuario. Comparamos pr\u00e9stamos y los analizamos de manera objetiva. Para mantener nuestros servicios gratuitos, obtenemos comisiones de los bancos y prestamistas por cada usuario que les redirigimos. El ratio de compensaci\u00f3n afecta directamente el orden del listado de colaboradores.<\/p>\n<\/div><div class=\"full-white\">\n\n\n\n<div class=\"wp-block-group full-white\"><div class=\"wp-block-group__inner-container is-layout-flow wp-block-group-is-layout-flow\">\n<h2 class=\"wp-block-heading\">Pr\u00e9stamo personal de 15000 euros<\/h2>\n\n\n\n<p>Muchas circunstancias pueden llevarnos a solicitar un <strong>pr\u00e9stamo de 15000 euros<\/strong>. Puede que necesitemos cierto presupuesto para comenzar nuestra carrera como <a href=\"https:\/\/www.top5credits.com\/es\/articulos\/pasos-a-seguir-para-hacerse-freelance\/\">freelance<\/a>, nos quede una peque\u00f1a suma para comprar una propiedad o bien adquiramos un <a href=\"https:\/\/www.top5credits.com\/es\/prestamo-coche\/\">coche <\/a>que no queremos financiar v\u00eda concesionario. <strong>\u00bfSe puede conseguir un pr\u00e9stamo de 15.000 euros online?<\/strong> La respuesta es s\u00ed.<\/p>\n\n\n\n<p>No obstante, aunque los pr\u00e9stamos online no suelen pedir mucho papeleo, para un pr\u00e9stamo de 15.000 euros ten por seguro que tendr\u00e1s que tramitar un m\u00ednimo de burocracia. Los <strong>pr\u00e9stamos personales urgentes de 15000 euros<\/strong> son escasos, por no decir que no existen. No ser\u00eda una buena idea tampoco pedir una cantidad tan grande sin asegurarnos de que podemos asumir su coste.<\/p>\n\n\n\n<h2 class=\"wp-block-heading\">\u00bfD\u00f3nde y c\u00f3mo conseguir un pr\u00e9stamo de 15000 euros?<\/h2>\n\n\n\n<p>Tienes varias v\u00edas para conseguir un<strong> pr\u00e9stamo de 15000 euros<\/strong> de manera <strong>online<\/strong>, aunque todo depender\u00e1 de lo urgente que sea tu pr\u00e9stamo y de cu\u00e1nto quieras pagar por \u00e9l.<\/p>\n\n\n\n<p>Al hablar de un pr\u00e9stamo personal con un importe razonablemente alto, si dispones de banca online y buen historial crediticio, es muy probable que tu propio banco pueda ofrec\u00e9rtelo de manera r\u00e1pida y con pocos intereses. Por ejemplo, en <a href=\"https:\/\/www.top5credits.com\/es\/opiniones\/bbva-prestamo-personal\/\">BBVA<\/a> puedes conseguirlo a un muy buen<strong> 7,57% TAE<\/strong>.<\/p>\n\n\n\n<p>No obstante, si tu entidad no te lo concede, existen otras financieras que podr\u00e1n ofrec\u00e9rtelo. No obstante, <strong>tendr\u00e1s que sacrificar urgencia<\/strong>, ya que al ser un importe tan elevado, las financieras querr\u00e1n comprobar que puedes pagarlo.<\/p>\n\n\n\n<h2 class=\"wp-block-heading\">Pr\u00e9stamo de 15000 euros sin aval<\/h2>\n\n\n\n<p><strong>\u00bfPuedo obtener un pr\u00e9stamo de 15000 euros sin aval? <\/strong>La respuesta corta es un rotundo <strong>s\u00ed<\/strong>. <\/p>\n\n\n\n<p>No obstante, hablamos de un pr\u00e9stamo de un importe generoso. La financiera que vaya a ofrec\u00e9rtelo exigir\u00e1 <strong>garant\u00edas<\/strong>. Y aunque no sea un <strong>aval<\/strong>, pueden ser otros factores: un buen historial crediticio, un pr\u00e9stamo con garant\u00eda (ya sea tu veh\u00edculo como <a href=\"https:\/\/www.top5credits.com\/es\/opiniones\/gedescoche\/\">Gedescoche<\/a>o garant\u00eda hipotecaria como <a href=\"https:\/\/www.top5credits.com\/es\/opiniones\/suitaprest\/\">Suitaprest<\/a>)<\/p>\n\n\n\n<p>Sin embargo, aunque <strong>dif\u00edcil<\/strong>, puedes encontrar pr\u00e9stamos poco exigentes en su aprobaci\u00f3n que ofrezcan hasta 15.000 euros. No obstante, piensa siempre que cuando una financiera asume un riesgo, intentar\u00e1 paliarlo cobr\u00e1ndote <strong>comisiones m\u00e1s elevadas<\/strong>. As\u00ed que baraja si realmente tienes prisa por conseguir tu pr\u00e9stamo personal.<\/p>\n\n\n\n<h2 class=\"wp-block-heading\">Financiar 15000 euros a 5 a\u00f1os<\/h2>\n\n\n\n<p>Una vez encuentres el pr\u00e9stamo que necesites, tendr\u00e1s que pensar a cu\u00e1nto financiarlo. Al ser una cantidad grande, es bastante posible que quieras hacerlo a uno cuantos a\u00f1os. Por ejemplo, si financias un cr\u00e9dito de 15.000 euros a 5 a\u00f1os, con un TAE similar al de <strong><a href=\"https:\/\/www.top5credits.com\/es\/opiniones\/cetelem\/\">Cetelem<\/a> al 7.18%, acabar\u00e1s abonando 2.378,40\u20ac en comisiones. <\/strong><\/p>\n\n\n\n<p>Aqu\u00ed tendr\u00e1s que calcular cu\u00e1nto puedes abonar mensualmente. Recomendamos que ajustes la mensualidad, pero no demasiado para que evites caer en una <strong>espiral de deuda<\/strong>. Piensa que no acabar\u00e1s ahorrando si pides un pr\u00e9stamo con mensualidades excesivamente altas, ya que acabar\u00e1s asumiendo gastos por mora o incluso vi\u00e9ndote forzado a <strong>refinanciar tu deuda<\/strong>, con los gastos extra que supondr\u00eda.<\/p>\n<\/div><\/div>\n\n\n\n<div class=\"page-faqs\">\n\n\n\n<h2 class=\"wp-block-heading\">  Preguntas frecuentes  <\/h2>\n\n\n\n<div class=\"schema-faq wp-block-yoast-faq-block\"><div class=\"schema-faq-section\" id=\"faq-question-1576829462500\"><strong class=\"schema-faq-question\">\u00bfC\u00f3mo puedo conseguir un pr\u00e9stamo de 15000 euros?<\/strong> <p class=\"schema-faq-answer\">Puedes consultar nuestra lista de <a href=\"https:\/\/www.top5credits.com\/es\/prestamos-personales\/prestamo-15000-euros\/\">pr\u00e9stamos de 15000 euros<\/a>, donde podr\u00e1s comparar intereses, topes, plazos y acceder a una completa opini\u00f3n de nuestros expertos.<\/p> <\/div> <div class=\"schema-faq-section\" id=\"faq-question-1576829473322\"><strong class=\"schema-faq-question\">\u00bfNecesito un aval para un pr\u00e9stamo de 15000 euros?<\/strong> <p class=\"schema-faq-answer\">No necesariamente, pero seguramente las entidades evitar\u00e1n clientes con mal historial crediticio.<\/p> <\/div> <div class=\"schema-faq-section\" id=\"faq-question-1576829480392\"><strong class=\"schema-faq-question\">\u00bfQu\u00e9 bancos ofrecen pr\u00e9stamos de 15000 euros?<\/strong> <p class=\"schema-faq-answer\">Generalmente, este tipo de pr\u00e9stamos tan elevados son ofrecidos por entidades m\u00e1s consolidades<\/p> <\/div> <div class=\"schema-faq-section\" id=\"faq-question-1576829490092\"><strong class=\"schema-faq-question\">\u00bfC\u00e7omo puede ayudarme Top5Credits?<\/strong> <p class=\"schema-faq-answer\">Tanto rellenando nuestro formulario para que te ofrezcamos entidades, como compar\u00e1ndolas t\u00fa mismo a trav\u00e9s del comparador y leyendo nuestros an\u00e1lisis.<\/p> <\/div> <\/div>\n\n\n\n<\/div>\n","protected":false},"excerpt":{"rendered":"<p>Pr\u00e9stamo 15000 euros Compara y elige el pr\u00e9stamo de 15000 euros que necesitas. Leer&nbsp;m\u00e1s.. \u00bfNecesitas un pr\u00e9stamo de 15000 euros? En Top5Credits.com hemos analizado las<\/p>\n<p class=\"more-link\">Seguir leyendo <span class=\"screen-reader-text\">Pr\u00e9stamo 15000 euros<\/span><\/p>\n","protected":false},"author":2,"featured_media":0,"parent":49,"menu_order":0,"comment_status":"closed","ping_status":"closed","template":"page-results.php","meta":{"footnotes":""},"class_list":["post-2682","page","type-page","status-publish","hentry","entry"],"yoast_head":"<!-- This site is optimized with the Yoast SEO plugin v27.3 - https:\/\/yoast.com\/product\/yoast-seo-wordpress\/ -->\n<title>Pr\u00e9stamo 15000 euros - Top5Credits.com Espa\u00f1a<\/title>\n<meta name=\"description\" content=\"\u00bfNecesitas un pr\u00e9stamo de 15000 euros? Ya sea un pr\u00e9stamo urgente o un pr\u00e9stamo a plazo, con ASNEF o sin aval, en Top5Credits.com te mostramos tus opciones.\" \/>\n<meta name=\"robots\" content=\"index, follow, max-snippet:-1, max-image-preview:large, max-video-preview:-1\" \/>\n<link rel=\"canonical\" href=\"https:\/\/www.top5credits.com\/es\/prestamos-personales\/prestamo-15000-euros\/\" \/>\n<meta property=\"og:locale\" content=\"es_ES\" \/>\n<meta property=\"og:type\" content=\"article\" \/>\n<meta property=\"og:title\" content=\"Pr\u00e9stamo 15000 euros - Top5Credits.com Espa\u00f1a\" \/>\n<meta property=\"og:description\" content=\"\u00bfNecesitas un pr\u00e9stamo de 15000 euros? Ya sea un pr\u00e9stamo urgente o un pr\u00e9stamo a plazo, con ASNEF o sin aval, en Top5Credits.com te mostramos tus opciones.\" \/>\n<meta property=\"og:url\" content=\"https:\/\/www.top5credits.com\/es\/prestamos-personales\/prestamo-15000-euros\/\" \/>\n<meta property=\"og:site_name\" content=\"Top5Credits.com Espa\u00f1a\" \/>\n<meta property=\"article:publisher\" content=\"https:\/\/www.facebook.com\/Top5Creditscom-Espa%c3%b1a-109158667157057\" \/>\n<meta property=\"article:modified_time\" content=\"2025-03-21T09:41:13+00:00\" \/>\n<meta property=\"og:image\" content=\"https:\/\/cdn.top5credits.com\/es\/wp-content\/uploads\/sites\/8\/2019\/06\/top5-og.jpg?cdn=1.1.1\" \/>\n\t<meta property=\"og:image:width\" content=\"1200\" \/>\n\t<meta property=\"og:image:height\" content=\"630\" \/>\n\t<meta property=\"og:image:type\" content=\"image\/jpeg\" \/>\n<meta name=\"twitter:card\" content=\"summary_large_image\" \/>\n<meta name=\"twitter:label1\" content=\"Tiempo de lectura\" \/>\n\t<meta name=\"twitter:data1\" content=\"4 minutos\" \/>\n<script type=\"application\/ld+json\" class=\"yoast-schema-graph\">{\"@context\":\"https:\\\/\\\/schema.org\",\"@graph\":[{\"@type\":[\"WebPage\",\"FAQPage\"],\"@id\":\"https:\\\/\\\/www.top5credits.com\\\/es\\\/prestamos-personales\\\/prestamo-15000-euros\\\/\",\"url\":\"https:\\\/\\\/www.top5credits.com\\\/es\\\/prestamos-personales\\\/prestamo-15000-euros\\\/\",\"name\":\"Pr\u00e9stamo 15000 euros - Top5Credits.com Espa\u00f1a\",\"isPartOf\":{\"@id\":\"https:\\\/\\\/www.top5credits.com\\\/es\\\/#website\"},\"datePublished\":\"2020-03-03T12:17:02+00:00\",\"dateModified\":\"2025-03-21T09:41:13+00:00\",\"description\":\"\u00bfNecesitas un pr\u00e9stamo de 15000 euros? Ya sea un pr\u00e9stamo urgente o un pr\u00e9stamo a plazo, con ASNEF o sin aval, en Top5Credits.com te mostramos tus opciones.\",\"breadcrumb\":{\"@id\":\"https:\\\/\\\/www.top5credits.com\\\/es\\\/prestamos-personales\\\/prestamo-15000-euros\\\/#breadcrumb\"},\"mainEntity\":[{\"@id\":\"https:\\\/\\\/www.top5credits.com\\\/es\\\/prestamos-personales\\\/prestamo-15000-euros\\\/#faq-question-1576829462500\"},{\"@id\":\"https:\\\/\\\/www.top5credits.com\\\/es\\\/prestamos-personales\\\/prestamo-15000-euros\\\/#faq-question-1576829473322\"},{\"@id\":\"https:\\\/\\\/www.top5credits.com\\\/es\\\/prestamos-personales\\\/prestamo-15000-euros\\\/#faq-question-1576829480392\"},{\"@id\":\"https:\\\/\\\/www.top5credits.com\\\/es\\\/prestamos-personales\\\/prestamo-15000-euros\\\/#faq-question-1576829490092\"}],\"inLanguage\":\"es\",\"potentialAction\":[{\"@type\":\"ReadAction\",\"target\":[\"https:\\\/\\\/www.top5credits.com\\\/es\\\/prestamos-personales\\\/prestamo-15000-euros\\\/\"]}]},{\"@type\":\"BreadcrumbList\",\"@id\":\"https:\\\/\\\/www.top5credits.com\\\/es\\\/prestamos-personales\\\/prestamo-15000-euros\\\/#breadcrumb\",\"itemListElement\":[{\"@type\":\"ListItem\",\"position\":1,\"name\":\"Top5Credits.com\",\"item\":\"https:\\\/\\\/www.top5credits.com\\\/es\\\/\"},{\"@type\":\"ListItem\",\"position\":2,\"name\":\"Compara pr\u00e9stamos personales online\",\"item\":\"https:\\\/\\\/www.top5credits.com\\\/es\\\/prestamos-personales\\\/\"},{\"@type\":\"ListItem\",\"position\":3,\"name\":\"Pr\u00e9stamo 15000 euros\"}]},{\"@type\":\"WebSite\",\"@id\":\"https:\\\/\\\/www.top5credits.com\\\/es\\\/#website\",\"url\":\"https:\\\/\\\/www.top5credits.com\\\/es\\\/\",\"name\":\"Top5Credits.com Espa\u00f1a\",\"description\":\"\",\"publisher\":{\"@id\":\"https:\\\/\\\/www.top5credits.com\\\/es\\\/#organization\"},\"potentialAction\":[{\"@type\":\"SearchAction\",\"target\":{\"@type\":\"EntryPoint\",\"urlTemplate\":\"https:\\\/\\\/www.top5credits.com\\\/es\\\/?s={search_term_string}\"},\"query-input\":{\"@type\":\"PropertyValueSpecification\",\"valueRequired\":true,\"valueName\":\"search_term_string\"}}],\"inLanguage\":\"es\"},{\"@type\":\"Organization\",\"@id\":\"https:\\\/\\\/www.top5credits.com\\\/es\\\/#organization\",\"name\":\"Top5Credits.com\",\"url\":\"https:\\\/\\\/www.top5credits.com\\\/es\\\/\",\"logo\":{\"@type\":\"ImageObject\",\"inLanguage\":\"es\",\"@id\":\"https:\\\/\\\/www.top5credits.com\\\/es\\\/#\\\/schema\\\/logo\\\/image\\\/\",\"url\":\"https:\\\/\\\/cdn.top5credits.com\\\/es\\\/wp-content\\\/uploads\\\/sites\\\/8\\\/2023\\\/10\\\/t5c-favicon.png\",\"contentUrl\":\"https:\\\/\\\/cdn.top5credits.com\\\/es\\\/wp-content\\\/uploads\\\/sites\\\/8\\\/2023\\\/10\\\/t5c-favicon.png\",\"width\":512,\"height\":512,\"caption\":\"Top5Credits.com\"},\"image\":{\"@id\":\"https:\\\/\\\/www.top5credits.com\\\/es\\\/#\\\/schema\\\/logo\\\/image\\\/\"},\"sameAs\":[\"https:\\\/\\\/www.facebook.com\\\/Top5Creditscom-Espa\u00f1a-109158667157057\"]},{\"@type\":\"Question\",\"@id\":\"https:\\\/\\\/www.top5credits.com\\\/es\\\/prestamos-personales\\\/prestamo-15000-euros\\\/#faq-question-1576829462500\",\"position\":1,\"url\":\"https:\\\/\\\/www.top5credits.com\\\/es\\\/prestamos-personales\\\/prestamo-15000-euros\\\/#faq-question-1576829462500\",\"name\":\"\u00bfC\u00f3mo puedo conseguir un pr\u00e9stamo de 15000 euros?\",\"answerCount\":1,\"acceptedAnswer\":{\"@type\":\"Answer\",\"text\":\"Puedes consultar nuestra lista de <a href=\\\"https:\\\/\\\/www.top5credits.com\\\/es\\\/prestamos-personales\\\/prestamo-15000-euros\\\/\\\">pr\u00e9stamos de 15000 euros<\\\/a>, donde podr\u00e1s comparar intereses, topes, plazos y acceder a una completa opini\u00f3n de nuestros expertos.\",\"inLanguage\":\"es\"},\"inLanguage\":\"es\"},{\"@type\":\"Question\",\"@id\":\"https:\\\/\\\/www.top5credits.com\\\/es\\\/prestamos-personales\\\/prestamo-15000-euros\\\/#faq-question-1576829473322\",\"position\":2,\"url\":\"https:\\\/\\\/www.top5credits.com\\\/es\\\/prestamos-personales\\\/prestamo-15000-euros\\\/#faq-question-1576829473322\",\"name\":\"\u00bfNecesito un aval para un pr\u00e9stamo de 15000 euros?\",\"answerCount\":1,\"acceptedAnswer\":{\"@type\":\"Answer\",\"text\":\"No necesariamente, pero seguramente las entidades evitar\u00e1n clientes con mal historial crediticio.\",\"inLanguage\":\"es\"},\"inLanguage\":\"es\"},{\"@type\":\"Question\",\"@id\":\"https:\\\/\\\/www.top5credits.com\\\/es\\\/prestamos-personales\\\/prestamo-15000-euros\\\/#faq-question-1576829480392\",\"position\":3,\"url\":\"https:\\\/\\\/www.top5credits.com\\\/es\\\/prestamos-personales\\\/prestamo-15000-euros\\\/#faq-question-1576829480392\",\"name\":\"\u00bfQu\u00e9 bancos ofrecen pr\u00e9stamos de 15000 euros?\",\"answerCount\":1,\"acceptedAnswer\":{\"@type\":\"Answer\",\"text\":\"Generalmente, este tipo de pr\u00e9stamos tan elevados son ofrecidos por entidades m\u00e1s consolidades\",\"inLanguage\":\"es\"},\"inLanguage\":\"es\"},{\"@type\":\"Question\",\"@id\":\"https:\\\/\\\/www.top5credits.com\\\/es\\\/prestamos-personales\\\/prestamo-15000-euros\\\/#faq-question-1576829490092\",\"position\":4,\"url\":\"https:\\\/\\\/www.top5credits.com\\\/es\\\/prestamos-personales\\\/prestamo-15000-euros\\\/#faq-question-1576829490092\",\"name\":\"\u00bfC\u00e7omo puede ayudarme Top5Credits?\",\"answerCount\":1,\"acceptedAnswer\":{\"@type\":\"Answer\",\"text\":\"Tanto rellenando nuestro formulario para que te ofrezcamos entidades, como compar\u00e1ndolas t\u00fa mismo a trav\u00e9s del comparador y leyendo nuestros an\u00e1lisis.\",\"inLanguage\":\"es\"},\"inLanguage\":\"es\"}]}<\/script>\n<!-- \/ Yoast SEO plugin. -->","yoast_head_json":{"title":"Pr\u00e9stamo 15000 euros - Top5Credits.com Espa\u00f1a","description":"\u00bfNecesitas un pr\u00e9stamo de 15000 euros? Ya sea un pr\u00e9stamo urgente o un pr\u00e9stamo a plazo, con ASNEF o sin aval, en Top5Credits.com te mostramos tus opciones.","robots":{"index":"index","follow":"follow","max-snippet":"max-snippet:-1","max-image-preview":"max-image-preview:large","max-video-preview":"max-video-preview:-1"},"canonical":"https:\/\/www.top5credits.com\/es\/prestamos-personales\/prestamo-15000-euros\/","og_locale":"es_ES","og_type":"article","og_title":"Pr\u00e9stamo 15000 euros - Top5Credits.com Espa\u00f1a","og_description":"\u00bfNecesitas un pr\u00e9stamo de 15000 euros? Ya sea un pr\u00e9stamo urgente o un pr\u00e9stamo a plazo, con ASNEF o sin aval, en Top5Credits.com te mostramos tus opciones.","og_url":"https:\/\/www.top5credits.com\/es\/prestamos-personales\/prestamo-15000-euros\/","og_site_name":"Top5Credits.com Espa\u00f1a","article_publisher":"https:\/\/www.facebook.com\/Top5Creditscom-Espa%c3%b1a-109158667157057","article_modified_time":"2025-03-21T09:41:13+00:00","og_image":[{"width":1200,"height":630,"url":"https:\/\/cdn.top5credits.com\/es\/wp-content\/uploads\/sites\/8\/2019\/06\/top5-og.jpg?cdn=1.1.1","type":"image\/jpeg"}],"twitter_card":"summary_large_image","twitter_misc":{"Tiempo de lectura":"4 minutos"},"schema":{"@context":"https:\/\/schema.org","@graph":[{"@type":["WebPage","FAQPage"],"@id":"https:\/\/www.top5credits.com\/es\/prestamos-personales\/prestamo-15000-euros\/","url":"https:\/\/www.top5credits.com\/es\/prestamos-personales\/prestamo-15000-euros\/","name":"Pr\u00e9stamo 15000 euros - Top5Credits.com Espa\u00f1a","isPartOf":{"@id":"https:\/\/www.top5credits.com\/es\/#website"},"datePublished":"2020-03-03T12:17:02+00:00","dateModified":"2025-03-21T09:41:13+00:00","description":"\u00bfNecesitas un pr\u00e9stamo de 15000 euros? Ya sea un pr\u00e9stamo urgente o un pr\u00e9stamo a plazo, con ASNEF o sin aval, en Top5Credits.com te mostramos tus opciones.","breadcrumb":{"@id":"https:\/\/www.top5credits.com\/es\/prestamos-personales\/prestamo-15000-euros\/#breadcrumb"},"mainEntity":[{"@id":"https:\/\/www.top5credits.com\/es\/prestamos-personales\/prestamo-15000-euros\/#faq-question-1576829462500"},{"@id":"https:\/\/www.top5credits.com\/es\/prestamos-personales\/prestamo-15000-euros\/#faq-question-1576829473322"},{"@id":"https:\/\/www.top5credits.com\/es\/prestamos-personales\/prestamo-15000-euros\/#faq-question-1576829480392"},{"@id":"https:\/\/www.top5credits.com\/es\/prestamos-personales\/prestamo-15000-euros\/#faq-question-1576829490092"}],"inLanguage":"es","potentialAction":[{"@type":"ReadAction","target":["https:\/\/www.top5credits.com\/es\/prestamos-personales\/prestamo-15000-euros\/"]}]},{"@type":"BreadcrumbList","@id":"https:\/\/www.top5credits.com\/es\/prestamos-personales\/prestamo-15000-euros\/#breadcrumb","itemListElement":[{"@type":"ListItem","position":1,"name":"Top5Credits.com","item":"https:\/\/www.top5credits.com\/es\/"},{"@type":"ListItem","position":2,"name":"Compara pr\u00e9stamos personales online","item":"https:\/\/www.top5credits.com\/es\/prestamos-personales\/"},{"@type":"ListItem","position":3,"name":"Pr\u00e9stamo 15000 euros"}]},{"@type":"WebSite","@id":"https:\/\/www.top5credits.com\/es\/#website","url":"https:\/\/www.top5credits.com\/es\/","name":"Top5Credits.com Espa\u00f1a","description":"","publisher":{"@id":"https:\/\/www.top5credits.com\/es\/#organization"},"potentialAction":[{"@type":"SearchAction","target":{"@type":"EntryPoint","urlTemplate":"https:\/\/www.top5credits.com\/es\/?s={search_term_string}"},"query-input":{"@type":"PropertyValueSpecification","valueRequired":true,"valueName":"search_term_string"}}],"inLanguage":"es"},{"@type":"Organization","@id":"https:\/\/www.top5credits.com\/es\/#organization","name":"Top5Credits.com","url":"https:\/\/www.top5credits.com\/es\/","logo":{"@type":"ImageObject","inLanguage":"es","@id":"https:\/\/www.top5credits.com\/es\/#\/schema\/logo\/image\/","url":"https:\/\/cdn.top5credits.com\/es\/wp-content\/uploads\/sites\/8\/2023\/10\/t5c-favicon.png","contentUrl":"https:\/\/cdn.top5credits.com\/es\/wp-content\/uploads\/sites\/8\/2023\/10\/t5c-favicon.png","width":512,"height":512,"caption":"Top5Credits.com"},"image":{"@id":"https:\/\/www.top5credits.com\/es\/#\/schema\/logo\/image\/"},"sameAs":["https:\/\/www.facebook.com\/Top5Creditscom-Espa\u00f1a-109158667157057"]},{"@type":"Question","@id":"https:\/\/www.top5credits.com\/es\/prestamos-personales\/prestamo-15000-euros\/#faq-question-1576829462500","position":1,"url":"https:\/\/www.top5credits.com\/es\/prestamos-personales\/prestamo-15000-euros\/#faq-question-1576829462500","name":"\u00bfC\u00f3mo puedo conseguir un pr\u00e9stamo de 15000 euros?","answerCount":1,"acceptedAnswer":{"@type":"Answer","text":"Puedes consultar nuestra lista de <a href=\"https:\/\/www.top5credits.com\/es\/prestamos-personales\/prestamo-15000-euros\/\">pr\u00e9stamos de 15000 euros<\/a>, donde podr\u00e1s comparar intereses, topes, plazos y acceder a una completa opini\u00f3n de nuestros expertos.","inLanguage":"es"},"inLanguage":"es"},{"@type":"Question","@id":"https:\/\/www.top5credits.com\/es\/prestamos-personales\/prestamo-15000-euros\/#faq-question-1576829473322","position":2,"url":"https:\/\/www.top5credits.com\/es\/prestamos-personales\/prestamo-15000-euros\/#faq-question-1576829473322","name":"\u00bfNecesito un aval para un pr\u00e9stamo de 15000 euros?","answerCount":1,"acceptedAnswer":{"@type":"Answer","text":"No necesariamente, pero seguramente las entidades evitar\u00e1n clientes con mal historial crediticio.","inLanguage":"es"},"inLanguage":"es"},{"@type":"Question","@id":"https:\/\/www.top5credits.com\/es\/prestamos-personales\/prestamo-15000-euros\/#faq-question-1576829480392","position":3,"url":"https:\/\/www.top5credits.com\/es\/prestamos-personales\/prestamo-15000-euros\/#faq-question-1576829480392","name":"\u00bfQu\u00e9 bancos ofrecen pr\u00e9stamos de 15000 euros?","answerCount":1,"acceptedAnswer":{"@type":"Answer","text":"Generalmente, este tipo de pr\u00e9stamos tan elevados son ofrecidos por entidades m\u00e1s consolidades","inLanguage":"es"},"inLanguage":"es"},{"@type":"Question","@id":"https:\/\/www.top5credits.com\/es\/prestamos-personales\/prestamo-15000-euros\/#faq-question-1576829490092","position":4,"url":"https:\/\/www.top5credits.com\/es\/prestamos-personales\/prestamo-15000-euros\/#faq-question-1576829490092","name":"\u00bfC\u00e7omo puede ayudarme Top5Credits?","answerCount":1,"acceptedAnswer":{"@type":"Answer","text":"Tanto rellenando nuestro formulario para que te ofrezcamos entidades, como compar\u00e1ndolas t\u00fa mismo a trav\u00e9s del comparador y leyendo nuestros an\u00e1lisis.","inLanguage":"es"},"inLanguage":"es"}]}},"_links":{"self":[{"href":"https:\/\/www.top5credits.com\/es\/wp-json\/wp\/v2\/pages\/2682","targetHints":{"allow":["GET"]}}],"collection":[{"href":"https:\/\/www.top5credits.com\/es\/wp-json\/wp\/v2\/pages"}],"about":[{"href":"https:\/\/www.top5credits.com\/es\/wp-json\/wp\/v2\/types\/page"}],"author":[{"embeddable":true,"href":"https:\/\/www.top5credits.com\/es\/wp-json\/wp\/v2\/users\/2"}],"replies":[{"embeddable":true,"href":"https:\/\/www.top5credits.com\/es\/wp-json\/wp\/v2\/comments?post=2682"}],"version-history":[{"count":1,"href":"https:\/\/www.top5credits.com\/es\/wp-json\/wp\/v2\/pages\/2682\/revisions"}],"predecessor-version":[{"id":16535,"href":"https:\/\/www.top5credits.com\/es\/wp-json\/wp\/v2\/pages\/2682\/revisions\/16535"}],"up":[{"embeddable":true,"href":"https:\/\/www.top5credits.com\/es\/wp-json\/wp\/v2\/pages\/49"}],"wp:attachment":[{"href":"https:\/\/www.top5credits.com\/es\/wp-json\/wp\/v2\/media?parent=2682"}],"curies":[{"name":"wp","href":"https:\/\/api.w.org\/{rel}","templated":true}]}}