{"id":2684,"date":"2020-03-03T14:07:20","date_gmt":"2020-03-03T14:07:20","guid":{"rendered":"https:\/\/www.top5credits.com\/es\/?page_id=2684"},"modified":"2025-03-21T09:41:58","modified_gmt":"2025-03-21T09:41:58","slug":"prestamo-20000-euros","status":"publish","type":"page","link":"https:\/\/www.top5credits.com\/es\/prestamos-personales\/prestamo-20000-euros\/","title":{"rendered":"Pr\u00e9stamo 20000 euros"},"content":{"rendered":"\n<div class=\"wp-block-group first-section\"><div class=\"wp-block-group__inner-container is-layout-flow wp-block-group-is-layout-flow\">\n<h1 class=\"wp-block-heading has-text-align-center compare-title\">Pr\u00e9stamo 20000 euros<\/h1>\n\n\n\n<p class=\"has-text-align-center compare-title\">Compara y elige el pr\u00e9stamo de 20000 euros que necesitas. <span class=\"luelisaanappi\">Leer&nbsp;m\u00e1s..<\/span> <span class=\"luelisaateksti\"> \u00bfNecesitas un pr\u00e9stamo de 20000 euros? En Top5Credits.com hemos analizado las principales financieras en Espa\u00f1a, as\u00ed que hemos seleccionado todos los prestamistas que ofrecen pr\u00e9stamos de 20000 euros. Compara las opciones y lee nuestras opiniones.\n<\/span><\/p>\n\n\n\n\n<\/div><\/div>\n\n\n\n\n\n\n<div class=\"top-results palkkio\">\n<span class=\"huomiomerkki\">!<\/span> La comisi\u00f3n que recibimos afecta directamente el listado &#8211; Leer m\u00e1s <span class=\"plus-trigger\">+<\/span>\n<p>Top5Credits.com es un website 100% gratuito con el prop\u00f3sito de suministrar informaci\u00f3n \u00fatil y de valor al usuario. Comparamos pr\u00e9stamos y los analizamos de manera objetiva. Para mantener nuestros servicios gratuitos, obtenemos comisiones de los bancos y prestamistas por cada usuario que les redirigimos. El ratio de compensaci\u00f3n afecta directamente el orden del listado de colaboradores.<\/p>\n<\/div>\n\n\n\n<div class=\"wp-block-group full-white\"><div class=\"wp-block-group__inner-container is-layout-flow wp-block-group-is-layout-flow\">\n<h2 class=\"wp-block-heading\">Pr\u00e9stamo de 20000 euros<\/h2>\n\n\n\n<p>Hay inversiones que requieren poner mucho de nuestra parte. Ya sea para empezar un <strong>negocio<\/strong>, financiar un <a href=\"https:\/\/www.top5credits.com\/es\/prestamo-coche\/\">coche<\/a>, una <a href=\"https:\/\/www.top5credits.com\/es\/prestamo-reforma\/\">reforma <\/a>o cualquier otro proyecto, es muy posible que acabemos necesitando una buena cifra de dinero para depende qu\u00e9 destino, as\u00ed que podr\u00edamos acabar buscando un pr\u00e9stamo de 20000 euros.<\/p>\n\n\n\n<p>Un <strong>pr\u00e9stamo de 20.000 euros<\/strong> es una cifra importante, as\u00ed que debemos conocer de antemano que se tratar\u00e1 de un pr\u00e9stamo que no ser\u00e1 sencillo de conseguir de manera r\u00e1pida. Las financieras que ofrecen este tipo de productos suelen estudiar bien a sus potenciales clientes. Si necesitas<strong> 20.000 euros de manera urgente<\/strong>, de la noche a la ma\u00f1ana, es poco probable que los consigas, y no es un s\u00edntoma de una econom\u00eda saludable.<\/p>\n\n\n\n<h2 class=\"wp-block-heading\">\u00bfCu\u00e1nto pagar\u00eda por un pr\u00e9stamo de 20000 euros?<\/h2>\n\n\n\n<p>A la hora de saber cu\u00e1nto pagaremos por un pr\u00e9stamo de hasta 20.000 euros, has de tener varios factores en cuenta.<\/p>\n\n\n\n<ul class=\"wp-block-list\">\n<li><strong>Calcula la TAE.<\/strong> La TAE o <a href=\"https:\/\/www.top5credits.com\/es\/articulos\/que-es-la-tae\/\">Tasa Anual Equivalente<\/a> es, de manera resumida, el porcentaje de comisiones que pagar\u00e1s en un a\u00f1o. Si tienes claro el plazo que quieres usar para pagar el pr\u00e9stamo, simplemente gu\u00edate por la TAE m\u00e1s baja. Usa nuestro comparador de pr\u00e9stamos para descubrir cu\u00e1l tiene la TAE m\u00e1s baja.<\/li>\n\n\n\n<li><strong>Ten en cuenta el tiempo.<\/strong> Cuanto menos plazos cuente tu cr\u00e9dito, menos comisiones pagar\u00e1s en total. Aunque la TAE sea la misma, si tardamos dos a\u00f1os en liquidar un pr\u00e9stamo, realmente estaremos pagando el doble de impuestos.<\/li>\n\n\n\n<li><strong>Posibles gastos asociados. <\/strong>Si bien la TAE calcula todas las comisiones propias del pr\u00e9stamo, incluyendo comisiones de apertura o estudio, pueden haber gastos asociados. Estos pueden ser la obligaci\u00f3n de contratar un seguro o una tarjeta al tomar el cr\u00e9dito.<\/li>\n<\/ul>\n\n\n\n<p>Como norma general, los pr\u00e9stamos cuanto m\u00e1s elevados, menor deber\u00eda ser su TAE. Un pr\u00e9stamo de 100\u20ac al <strong>25% TAE<\/strong> es una buena oferta. Pero un <strong>pr\u00e9stamo de 20.000 euros <\/strong>a ese porcentaje significar\u00eda que pagar\u00edas<strong> 5.000 euros por cada a\u00f1o<\/strong>, la friolera de <strong>416\u20ac mensuales en comisiones.<\/strong><\/p>\n\n\n\n<h2 class=\"wp-block-heading\">\u00bfCu\u00e1nto tardar\u00eda en pagar un pr\u00e9stamo de 20000 euros?<\/h2>\n\n\n\n<p>Todo depender\u00e1 de la cuota que quieras asumir cada mes. <\/p>\n\n\n\n<ul class=\"wp-block-list\">\n<li>Por ejemplo, con una <strong>mensualidad de 500\u20ac<\/strong>, y sin contar intereses, tardar\u00edamos <strong>40 meses, m\u00e1s de 3 a\u00f1os<\/strong>. Si subi\u00e9semos<\/li>\n\n\n\n<li>Si dicha mensualidad fuese excesiva, y optamos por una cuota de<strong> 250\u20ac<\/strong>, tardar\u00edamos unos <strong>80 meses. Casi siete a\u00f1os.<\/strong> Y, recordamos, sin contar comisiones.<\/li>\n\n\n\n<li>Si nuestra econom\u00eda lo permite y pagamos<strong> mensualidades de 1.000\u20ac<\/strong>, tardar\u00edamos <strong>20 meses, poco m\u00e1s de a\u00f1o y medio<\/strong>, sin contar comisiones de nuevo.<\/li>\n<\/ul>\n\n\n\n<p>Como puedes ver, <strong>el tiempo siempre es proporcional a lo que paguemos mensualmente<\/strong>. Por ello, deber\u00edamos <strong>ajustarlos sin ir ahogados<\/strong>, para no correr el riesgo de caer en una <strong>espiral de deuda<\/strong>.<\/p>\n\n\n\n<h2 class=\"wp-block-heading\">20000 euros sin aval; \u00bfEs posible?<\/h2>\n\n\n\n<p>Como indicamos, 20.000 euros es una cifra considerable y las financieras suelen pedir alg\u00fan tipo de garant\u00eda. <\/p>\n\n\n\n<p>Esto no significa que necesariamente se trate de un <strong>aval bancario<\/strong>. Tu garant\u00eda puede ser simplemente tu buen historial crediticio y relaci\u00f3n con la entidad financiera, como ocurre con bancos tradicionales como <a href=\"https:\/\/www.top5credits.com\/es\/opiniones\/bbva-prestamo-personal\/\">BBVA <\/a>o <a href=\"https:\/\/www.top5credits.com\/es\/opiniones\/la-caixa\/\">La Caixa<\/a>.<\/p>\n\n\n\n<p>No obstante, tambi\u00e9n existen los llamados pr\u00e9stamos con garant\u00eda, como <a href=\"https:\/\/www.top5credits.com\/es\/opiniones\/suitaprest\/\">Suitaprest<\/a>, donde tu vivienda puede actuar como aval bancario.<\/p>\n<\/div><\/div>\n\n\n\n<div class=\"page-faqs\">\n\n\n\n<h2 class=\"wp-block-heading has-text-align-center\">Preguntas y Respuestas<\/h2>\n\n\n\n<div class=\"schema-faq wp-block-yoast-faq-block\"><div class=\"schema-faq-section\" id=\"faq-question-1576829404724\"><strong class=\"schema-faq-question\">\u00bfC\u00f3mo pido un pr\u00e9stamo de 20000 euros?<\/strong> <p class=\"schema-faq-answer\">En nuestra lista de <a href=\"https:\/\/www.top5credits.com\/es\/prestamos-personales\/prestamo-20000-euros\/\">pr\u00e9stamos de 20000 euros<\/a> encontrar\u00e1s diferentes financieras que ofrecen dicho cr\u00e9dito, y podr\u00e1s comparar plazos, intereses y acceder a un completo an\u00e1lisis.<\/p> <\/div> <div class=\"schema-faq-section\" id=\"faq-question-1576829442126\"><strong class=\"schema-faq-question\">\u00bfExisten pr\u00e9stamos de 20000 euros sin aval?<\/strong> <p class=\"schema-faq-answer\">Encontrar un pr\u00e9stamo de 20000 euros sin aval es dif\u00edcil, ya que las entidades querr\u00e1n una garant\u00eda al prestar tanto dinero.<\/p> <\/div> <div class=\"schema-faq-section\" id=\"faq-question-1576829442918\"><strong class=\"schema-faq-question\">\u00bfPedo pedir 20000 euros estando en ASNEF?<\/strong> <p class=\"schema-faq-answer\">Aunque extra\u00f1os, pueden existir pr\u00e9stamos de 20000 euros que acepten miembros de ASNEF.<\/p> <\/div> <div class=\"schema-faq-section\" id=\"faq-question-1576829449527\"><strong class=\"schema-faq-question\">\u00bfC\u00f3mo puede ayudarme Top5Credits?<\/strong> <p class=\"schema-faq-answer\">Gracias a nuestros an\u00e1lisis objetivos podr\u00e1s saber los pros y contras de cada producto para poder compararlos.<\/p> <\/div> <\/div>\n\n\n\n<\/div>\n","protected":false},"excerpt":{"rendered":"<p>Pr\u00e9stamo 20000 euros Compara y elige el pr\u00e9stamo de 20000 euros que necesitas. Leer&nbsp;m\u00e1s.. \u00bfNecesitas un pr\u00e9stamo de 20000 euros? En Top5Credits.com hemos analizado las<\/p>\n<p class=\"more-link\">Seguir leyendo <span class=\"screen-reader-text\">Pr\u00e9stamo 20000 euros<\/span><\/p>\n","protected":false},"author":2,"featured_media":0,"parent":49,"menu_order":0,"comment_status":"closed","ping_status":"closed","template":"page-results.php","meta":{"footnotes":""},"class_list":["post-2684","page","type-page","status-publish","hentry","entry"],"yoast_head":"<!-- This site is optimized with the Yoast SEO plugin v27.3 - https:\/\/yoast.com\/product\/yoast-seo-wordpress\/ -->\n<title>Pr\u00e9stamo 20000 euros - Top5Credits.com Espa\u00f1a<\/title>\n<meta name=\"description\" content=\"\u00bfNecesitas un pr\u00e9stamo de 20000 euros? En Top5Credits.com te mostramos tus opciones, tanto de banca tradicional como online e incluso sin aval.\" \/>\n<meta name=\"robots\" content=\"index, follow, max-snippet:-1, max-image-preview:large, max-video-preview:-1\" \/>\n<link rel=\"canonical\" href=\"https:\/\/www.top5credits.com\/es\/prestamos-personales\/prestamo-20000-euros\/\" \/>\n<meta property=\"og:locale\" content=\"es_ES\" \/>\n<meta property=\"og:type\" content=\"article\" \/>\n<meta property=\"og:title\" content=\"Pr\u00e9stamo 20000 euros - Top5Credits.com Espa\u00f1a\" \/>\n<meta property=\"og:description\" content=\"\u00bfNecesitas un pr\u00e9stamo de 20000 euros? En Top5Credits.com te mostramos tus opciones, tanto de banca tradicional como online e incluso sin aval.\" \/>\n<meta property=\"og:url\" content=\"https:\/\/www.top5credits.com\/es\/prestamos-personales\/prestamo-20000-euros\/\" \/>\n<meta property=\"og:site_name\" content=\"Top5Credits.com Espa\u00f1a\" \/>\n<meta property=\"article:publisher\" content=\"https:\/\/www.facebook.com\/Top5Creditscom-Espa%c3%b1a-109158667157057\" \/>\n<meta property=\"article:modified_time\" content=\"2025-03-21T09:41:58+00:00\" \/>\n<meta property=\"og:image\" content=\"https:\/\/cdn.top5credits.com\/es\/wp-content\/uploads\/sites\/8\/2019\/06\/top5-og.jpg?cdn=1.1.1\" \/>\n\t<meta property=\"og:image:width\" content=\"1200\" \/>\n\t<meta property=\"og:image:height\" content=\"630\" \/>\n\t<meta property=\"og:image:type\" content=\"image\/jpeg\" \/>\n<meta name=\"twitter:card\" content=\"summary_large_image\" \/>\n<meta name=\"twitter:label1\" content=\"Tiempo de lectura\" \/>\n\t<meta name=\"twitter:data1\" content=\"4 minutos\" \/>\n<script type=\"application\/ld+json\" class=\"yoast-schema-graph\">{\"@context\":\"https:\\\/\\\/schema.org\",\"@graph\":[{\"@type\":[\"WebPage\",\"FAQPage\"],\"@id\":\"https:\\\/\\\/www.top5credits.com\\\/es\\\/prestamos-personales\\\/prestamo-20000-euros\\\/\",\"url\":\"https:\\\/\\\/www.top5credits.com\\\/es\\\/prestamos-personales\\\/prestamo-20000-euros\\\/\",\"name\":\"Pr\u00e9stamo 20000 euros - Top5Credits.com Espa\u00f1a\",\"isPartOf\":{\"@id\":\"https:\\\/\\\/www.top5credits.com\\\/es\\\/#website\"},\"datePublished\":\"2020-03-03T14:07:20+00:00\",\"dateModified\":\"2025-03-21T09:41:58+00:00\",\"description\":\"\u00bfNecesitas un pr\u00e9stamo de 20000 euros? En Top5Credits.com te mostramos tus opciones, tanto de banca tradicional como online e incluso sin aval.\",\"breadcrumb\":{\"@id\":\"https:\\\/\\\/www.top5credits.com\\\/es\\\/prestamos-personales\\\/prestamo-20000-euros\\\/#breadcrumb\"},\"mainEntity\":[{\"@id\":\"https:\\\/\\\/www.top5credits.com\\\/es\\\/prestamos-personales\\\/prestamo-20000-euros\\\/#faq-question-1576829404724\"},{\"@id\":\"https:\\\/\\\/www.top5credits.com\\\/es\\\/prestamos-personales\\\/prestamo-20000-euros\\\/#faq-question-1576829442126\"},{\"@id\":\"https:\\\/\\\/www.top5credits.com\\\/es\\\/prestamos-personales\\\/prestamo-20000-euros\\\/#faq-question-1576829442918\"},{\"@id\":\"https:\\\/\\\/www.top5credits.com\\\/es\\\/prestamos-personales\\\/prestamo-20000-euros\\\/#faq-question-1576829449527\"}],\"inLanguage\":\"es\",\"potentialAction\":[{\"@type\":\"ReadAction\",\"target\":[\"https:\\\/\\\/www.top5credits.com\\\/es\\\/prestamos-personales\\\/prestamo-20000-euros\\\/\"]}]},{\"@type\":\"BreadcrumbList\",\"@id\":\"https:\\\/\\\/www.top5credits.com\\\/es\\\/prestamos-personales\\\/prestamo-20000-euros\\\/#breadcrumb\",\"itemListElement\":[{\"@type\":\"ListItem\",\"position\":1,\"name\":\"Top5Credits.com\",\"item\":\"https:\\\/\\\/www.top5credits.com\\\/es\\\/\"},{\"@type\":\"ListItem\",\"position\":2,\"name\":\"Compara pr\u00e9stamos personales online\",\"item\":\"https:\\\/\\\/www.top5credits.com\\\/es\\\/prestamos-personales\\\/\"},{\"@type\":\"ListItem\",\"position\":3,\"name\":\"Pr\u00e9stamo 20000 euros\"}]},{\"@type\":\"WebSite\",\"@id\":\"https:\\\/\\\/www.top5credits.com\\\/es\\\/#website\",\"url\":\"https:\\\/\\\/www.top5credits.com\\\/es\\\/\",\"name\":\"Top5Credits.com Espa\u00f1a\",\"description\":\"\",\"publisher\":{\"@id\":\"https:\\\/\\\/www.top5credits.com\\\/es\\\/#organization\"},\"potentialAction\":[{\"@type\":\"SearchAction\",\"target\":{\"@type\":\"EntryPoint\",\"urlTemplate\":\"https:\\\/\\\/www.top5credits.com\\\/es\\\/?s={search_term_string}\"},\"query-input\":{\"@type\":\"PropertyValueSpecification\",\"valueRequired\":true,\"valueName\":\"search_term_string\"}}],\"inLanguage\":\"es\"},{\"@type\":\"Organization\",\"@id\":\"https:\\\/\\\/www.top5credits.com\\\/es\\\/#organization\",\"name\":\"Top5Credits.com\",\"url\":\"https:\\\/\\\/www.top5credits.com\\\/es\\\/\",\"logo\":{\"@type\":\"ImageObject\",\"inLanguage\":\"es\",\"@id\":\"https:\\\/\\\/www.top5credits.com\\\/es\\\/#\\\/schema\\\/logo\\\/image\\\/\",\"url\":\"https:\\\/\\\/cdn.top5credits.com\\\/es\\\/wp-content\\\/uploads\\\/sites\\\/8\\\/2023\\\/10\\\/t5c-favicon.png\",\"contentUrl\":\"https:\\\/\\\/cdn.top5credits.com\\\/es\\\/wp-content\\\/uploads\\\/sites\\\/8\\\/2023\\\/10\\\/t5c-favicon.png\",\"width\":512,\"height\":512,\"caption\":\"Top5Credits.com\"},\"image\":{\"@id\":\"https:\\\/\\\/www.top5credits.com\\\/es\\\/#\\\/schema\\\/logo\\\/image\\\/\"},\"sameAs\":[\"https:\\\/\\\/www.facebook.com\\\/Top5Creditscom-Espa\u00f1a-109158667157057\"]},{\"@type\":\"Question\",\"@id\":\"https:\\\/\\\/www.top5credits.com\\\/es\\\/prestamos-personales\\\/prestamo-20000-euros\\\/#faq-question-1576829404724\",\"position\":1,\"url\":\"https:\\\/\\\/www.top5credits.com\\\/es\\\/prestamos-personales\\\/prestamo-20000-euros\\\/#faq-question-1576829404724\",\"name\":\"\u00bfC\u00f3mo pido un pr\u00e9stamo de 20000 euros?\",\"answerCount\":1,\"acceptedAnswer\":{\"@type\":\"Answer\",\"text\":\"En nuestra lista de <a href=\\\"https:\\\/\\\/www.top5credits.com\\\/es\\\/prestamos-personales\\\/prestamo-20000-euros\\\/\\\">pr\u00e9stamos de 20000 euros<\\\/a> encontrar\u00e1s diferentes financieras que ofrecen dicho cr\u00e9dito, y podr\u00e1s comparar plazos, intereses y acceder a un completo an\u00e1lisis.\",\"inLanguage\":\"es\"},\"inLanguage\":\"es\"},{\"@type\":\"Question\",\"@id\":\"https:\\\/\\\/www.top5credits.com\\\/es\\\/prestamos-personales\\\/prestamo-20000-euros\\\/#faq-question-1576829442126\",\"position\":2,\"url\":\"https:\\\/\\\/www.top5credits.com\\\/es\\\/prestamos-personales\\\/prestamo-20000-euros\\\/#faq-question-1576829442126\",\"name\":\"\u00bfExisten pr\u00e9stamos de 20000 euros sin aval?\",\"answerCount\":1,\"acceptedAnswer\":{\"@type\":\"Answer\",\"text\":\"Encontrar un pr\u00e9stamo de 20000 euros sin aval es dif\u00edcil, ya que las entidades querr\u00e1n una garant\u00eda al prestar tanto dinero.\",\"inLanguage\":\"es\"},\"inLanguage\":\"es\"},{\"@type\":\"Question\",\"@id\":\"https:\\\/\\\/www.top5credits.com\\\/es\\\/prestamos-personales\\\/prestamo-20000-euros\\\/#faq-question-1576829442918\",\"position\":3,\"url\":\"https:\\\/\\\/www.top5credits.com\\\/es\\\/prestamos-personales\\\/prestamo-20000-euros\\\/#faq-question-1576829442918\",\"name\":\"\u00bfPedo pedir 20000 euros estando en ASNEF?\",\"answerCount\":1,\"acceptedAnswer\":{\"@type\":\"Answer\",\"text\":\"Aunque extra\u00f1os, pueden existir pr\u00e9stamos de 20000 euros que acepten miembros de ASNEF.\",\"inLanguage\":\"es\"},\"inLanguage\":\"es\"},{\"@type\":\"Question\",\"@id\":\"https:\\\/\\\/www.top5credits.com\\\/es\\\/prestamos-personales\\\/prestamo-20000-euros\\\/#faq-question-1576829449527\",\"position\":4,\"url\":\"https:\\\/\\\/www.top5credits.com\\\/es\\\/prestamos-personales\\\/prestamo-20000-euros\\\/#faq-question-1576829449527\",\"name\":\"\u00bfC\u00f3mo puede ayudarme Top5Credits?\",\"answerCount\":1,\"acceptedAnswer\":{\"@type\":\"Answer\",\"text\":\"Gracias a nuestros an\u00e1lisis objetivos podr\u00e1s saber los pros y contras de cada producto para poder compararlos.\",\"inLanguage\":\"es\"},\"inLanguage\":\"es\"}]}<\/script>\n<!-- \/ Yoast SEO plugin. -->","yoast_head_json":{"title":"Pr\u00e9stamo 20000 euros - Top5Credits.com Espa\u00f1a","description":"\u00bfNecesitas un pr\u00e9stamo de 20000 euros? En Top5Credits.com te mostramos tus opciones, tanto de banca tradicional como online e incluso sin aval.","robots":{"index":"index","follow":"follow","max-snippet":"max-snippet:-1","max-image-preview":"max-image-preview:large","max-video-preview":"max-video-preview:-1"},"canonical":"https:\/\/www.top5credits.com\/es\/prestamos-personales\/prestamo-20000-euros\/","og_locale":"es_ES","og_type":"article","og_title":"Pr\u00e9stamo 20000 euros - Top5Credits.com Espa\u00f1a","og_description":"\u00bfNecesitas un pr\u00e9stamo de 20000 euros? En Top5Credits.com te mostramos tus opciones, tanto de banca tradicional como online e incluso sin aval.","og_url":"https:\/\/www.top5credits.com\/es\/prestamos-personales\/prestamo-20000-euros\/","og_site_name":"Top5Credits.com Espa\u00f1a","article_publisher":"https:\/\/www.facebook.com\/Top5Creditscom-Espa%c3%b1a-109158667157057","article_modified_time":"2025-03-21T09:41:58+00:00","og_image":[{"width":1200,"height":630,"url":"https:\/\/cdn.top5credits.com\/es\/wp-content\/uploads\/sites\/8\/2019\/06\/top5-og.jpg?cdn=1.1.1","type":"image\/jpeg"}],"twitter_card":"summary_large_image","twitter_misc":{"Tiempo de lectura":"4 minutos"},"schema":{"@context":"https:\/\/schema.org","@graph":[{"@type":["WebPage","FAQPage"],"@id":"https:\/\/www.top5credits.com\/es\/prestamos-personales\/prestamo-20000-euros\/","url":"https:\/\/www.top5credits.com\/es\/prestamos-personales\/prestamo-20000-euros\/","name":"Pr\u00e9stamo 20000 euros - Top5Credits.com Espa\u00f1a","isPartOf":{"@id":"https:\/\/www.top5credits.com\/es\/#website"},"datePublished":"2020-03-03T14:07:20+00:00","dateModified":"2025-03-21T09:41:58+00:00","description":"\u00bfNecesitas un pr\u00e9stamo de 20000 euros? En Top5Credits.com te mostramos tus opciones, tanto de banca tradicional como online e incluso sin aval.","breadcrumb":{"@id":"https:\/\/www.top5credits.com\/es\/prestamos-personales\/prestamo-20000-euros\/#breadcrumb"},"mainEntity":[{"@id":"https:\/\/www.top5credits.com\/es\/prestamos-personales\/prestamo-20000-euros\/#faq-question-1576829404724"},{"@id":"https:\/\/www.top5credits.com\/es\/prestamos-personales\/prestamo-20000-euros\/#faq-question-1576829442126"},{"@id":"https:\/\/www.top5credits.com\/es\/prestamos-personales\/prestamo-20000-euros\/#faq-question-1576829442918"},{"@id":"https:\/\/www.top5credits.com\/es\/prestamos-personales\/prestamo-20000-euros\/#faq-question-1576829449527"}],"inLanguage":"es","potentialAction":[{"@type":"ReadAction","target":["https:\/\/www.top5credits.com\/es\/prestamos-personales\/prestamo-20000-euros\/"]}]},{"@type":"BreadcrumbList","@id":"https:\/\/www.top5credits.com\/es\/prestamos-personales\/prestamo-20000-euros\/#breadcrumb","itemListElement":[{"@type":"ListItem","position":1,"name":"Top5Credits.com","item":"https:\/\/www.top5credits.com\/es\/"},{"@type":"ListItem","position":2,"name":"Compara pr\u00e9stamos personales online","item":"https:\/\/www.top5credits.com\/es\/prestamos-personales\/"},{"@type":"ListItem","position":3,"name":"Pr\u00e9stamo 20000 euros"}]},{"@type":"WebSite","@id":"https:\/\/www.top5credits.com\/es\/#website","url":"https:\/\/www.top5credits.com\/es\/","name":"Top5Credits.com Espa\u00f1a","description":"","publisher":{"@id":"https:\/\/www.top5credits.com\/es\/#organization"},"potentialAction":[{"@type":"SearchAction","target":{"@type":"EntryPoint","urlTemplate":"https:\/\/www.top5credits.com\/es\/?s={search_term_string}"},"query-input":{"@type":"PropertyValueSpecification","valueRequired":true,"valueName":"search_term_string"}}],"inLanguage":"es"},{"@type":"Organization","@id":"https:\/\/www.top5credits.com\/es\/#organization","name":"Top5Credits.com","url":"https:\/\/www.top5credits.com\/es\/","logo":{"@type":"ImageObject","inLanguage":"es","@id":"https:\/\/www.top5credits.com\/es\/#\/schema\/logo\/image\/","url":"https:\/\/cdn.top5credits.com\/es\/wp-content\/uploads\/sites\/8\/2023\/10\/t5c-favicon.png","contentUrl":"https:\/\/cdn.top5credits.com\/es\/wp-content\/uploads\/sites\/8\/2023\/10\/t5c-favicon.png","width":512,"height":512,"caption":"Top5Credits.com"},"image":{"@id":"https:\/\/www.top5credits.com\/es\/#\/schema\/logo\/image\/"},"sameAs":["https:\/\/www.facebook.com\/Top5Creditscom-Espa\u00f1a-109158667157057"]},{"@type":"Question","@id":"https:\/\/www.top5credits.com\/es\/prestamos-personales\/prestamo-20000-euros\/#faq-question-1576829404724","position":1,"url":"https:\/\/www.top5credits.com\/es\/prestamos-personales\/prestamo-20000-euros\/#faq-question-1576829404724","name":"\u00bfC\u00f3mo pido un pr\u00e9stamo de 20000 euros?","answerCount":1,"acceptedAnswer":{"@type":"Answer","text":"En nuestra lista de <a href=\"https:\/\/www.top5credits.com\/es\/prestamos-personales\/prestamo-20000-euros\/\">pr\u00e9stamos de 20000 euros<\/a> encontrar\u00e1s diferentes financieras que ofrecen dicho cr\u00e9dito, y podr\u00e1s comparar plazos, intereses y acceder a un completo an\u00e1lisis.","inLanguage":"es"},"inLanguage":"es"},{"@type":"Question","@id":"https:\/\/www.top5credits.com\/es\/prestamos-personales\/prestamo-20000-euros\/#faq-question-1576829442126","position":2,"url":"https:\/\/www.top5credits.com\/es\/prestamos-personales\/prestamo-20000-euros\/#faq-question-1576829442126","name":"\u00bfExisten pr\u00e9stamos de 20000 euros sin aval?","answerCount":1,"acceptedAnswer":{"@type":"Answer","text":"Encontrar un pr\u00e9stamo de 20000 euros sin aval es dif\u00edcil, ya que las entidades querr\u00e1n una garant\u00eda al prestar tanto dinero.","inLanguage":"es"},"inLanguage":"es"},{"@type":"Question","@id":"https:\/\/www.top5credits.com\/es\/prestamos-personales\/prestamo-20000-euros\/#faq-question-1576829442918","position":3,"url":"https:\/\/www.top5credits.com\/es\/prestamos-personales\/prestamo-20000-euros\/#faq-question-1576829442918","name":"\u00bfPedo pedir 20000 euros estando en ASNEF?","answerCount":1,"acceptedAnswer":{"@type":"Answer","text":"Aunque extra\u00f1os, pueden existir pr\u00e9stamos de 20000 euros que acepten miembros de ASNEF.","inLanguage":"es"},"inLanguage":"es"},{"@type":"Question","@id":"https:\/\/www.top5credits.com\/es\/prestamos-personales\/prestamo-20000-euros\/#faq-question-1576829449527","position":4,"url":"https:\/\/www.top5credits.com\/es\/prestamos-personales\/prestamo-20000-euros\/#faq-question-1576829449527","name":"\u00bfC\u00f3mo puede ayudarme Top5Credits?","answerCount":1,"acceptedAnswer":{"@type":"Answer","text":"Gracias a nuestros an\u00e1lisis objetivos podr\u00e1s saber los pros y contras de cada producto para poder compararlos.","inLanguage":"es"},"inLanguage":"es"}]}},"_links":{"self":[{"href":"https:\/\/www.top5credits.com\/es\/wp-json\/wp\/v2\/pages\/2684","targetHints":{"allow":["GET"]}}],"collection":[{"href":"https:\/\/www.top5credits.com\/es\/wp-json\/wp\/v2\/pages"}],"about":[{"href":"https:\/\/www.top5credits.com\/es\/wp-json\/wp\/v2\/types\/page"}],"author":[{"embeddable":true,"href":"https:\/\/www.top5credits.com\/es\/wp-json\/wp\/v2\/users\/2"}],"replies":[{"embeddable":true,"href":"https:\/\/www.top5credits.com\/es\/wp-json\/wp\/v2\/comments?post=2684"}],"version-history":[{"count":1,"href":"https:\/\/www.top5credits.com\/es\/wp-json\/wp\/v2\/pages\/2684\/revisions"}],"predecessor-version":[{"id":16536,"href":"https:\/\/www.top5credits.com\/es\/wp-json\/wp\/v2\/pages\/2684\/revisions\/16536"}],"up":[{"embeddable":true,"href":"https:\/\/www.top5credits.com\/es\/wp-json\/wp\/v2\/pages\/49"}],"wp:attachment":[{"href":"https:\/\/www.top5credits.com\/es\/wp-json\/wp\/v2\/media?parent=2684"}],"curies":[{"name":"wp","href":"https:\/\/api.w.org\/{rel}","templated":true}]}}