{"id":2686,"date":"2020-03-04T12:00:15","date_gmt":"2020-03-04T12:00:15","guid":{"rendered":"https:\/\/www.top5credits.com\/es\/?page_id=2686"},"modified":"2025-03-21T09:43:05","modified_gmt":"2025-03-21T09:43:05","slug":"prestamo-30000-euros","status":"publish","type":"page","link":"https:\/\/www.top5credits.com\/es\/prestamos-personales\/prestamo-30000-euros\/","title":{"rendered":"Pr\u00e9stamo 30000 euros"},"content":{"rendered":"\n<div class=\"wp-block-group first-section\"><div class=\"wp-block-group__inner-container is-layout-flow wp-block-group-is-layout-flow\">\n<h1 class=\"wp-block-heading has-text-align-center compare-title\">Pr\u00e9stamo 30000 euros<\/h1>\n\n\n\n<p class=\"has-text-align-center compare-title\">Compara y elige el pr\u00e9stamo de 30000 euros que necesitas. <span class=\"luelisaanappi\">Leer&nbsp;m\u00e1s..<\/span> <span class=\"luelisaateksti\"> \u00bfNecesitas un pr\u00e9stamo de 30000 euros? En Top5Credits.com hemos analizado las principales financieras en Espa\u00f1a, as\u00ed que hemos seleccionado todos los prestamistas que ofrecen pr\u00e9stamos de 30000 euros. Compara las opciones y lee nuestras opiniones.\n<\/span><\/p>\n\n\n\n\n<\/div><\/div>\n\n\n\n\n\n\n<div class=\"top-results palkkio\">\n<span class=\"huomiomerkki\">!<\/span> La comisi\u00f3n que recibimos afecta directamente el listado &#8211; Leer m\u00e1s <span class=\"plus-trigger\">+<\/span>\n<p>Top5Credits.com es un website 100% gratuito con el prop\u00f3sito de suministrar informaci\u00f3n \u00fatil y de valor al usuario. Comparamos pr\u00e9stamos y los analizamos de manera objetiva. Para mantener nuestros servicios gratuitos, obtenemos comisiones de los bancos y prestamistas por cada usuario que les redirigimos. El ratio de compensaci\u00f3n afecta directamente el orden del listado de colaboradores.<\/p>\n<\/div>\n\n\n\n<div class=\"wp-block-group full-white\"><div class=\"wp-block-group__inner-container is-layout-flow wp-block-group-is-layout-flow\">\n<h2 class=\"wp-block-heading\">Pr\u00e9stamo de 30000 euros<\/h2>\n\n\n\n<p>Si buscamos un <strong>pr\u00e9stamo de 30000 euros<\/strong>, es que buscamos financiar un gran proyecto o bien. Hablamos de un pr\u00e9stamo elevado, por lo que nunca m\u00e1s es muy importante comparar y estar seguros de qu\u00e9 producto vamos a contratar, ya que seguramente contraigamos una deuda por muchos a\u00f1os. No es raro que se financien los pr\u00e9stamos de <strong>30.000 euros a 10 a\u00f1os en adelante<\/strong>, ya que asumir el cr\u00e9dito en menos tiempo crear\u00eda una cuota muy elevada.<\/p>\n\n\n\n<p>Siempre que est\u00e9s seguro de que tu financiaci\u00f3n es importante y podr\u00e1s amortizarla, tendr\u00e1s que buscar una buena TAE que no multiplique demasiado tus intereses. Usa nuestro <strong>comparador de pr\u00e9stamos<\/strong>, donde adem\u00e1s podr\u00e1s acceder a nuestras <a href=\"https:\/\/www.top5credits.com\/es\/opiniones\/\">opiniones<\/a> con puntos fuertes y d\u00e9biles de cada producto.<\/p>\n\n\n\n<h2 class=\"wp-block-heading\">\u00bfConseguir 30000 euros sin aval?<\/h2>\n\n\n\n<p>Puede que necesitamos un pr\u00e9stamo de <strong>cantidad elevada<\/strong>, pero por alg\u00fan motivo no dispongamos de aval. La buena noticia es que no todos los pr\u00e9stamos piden avalistas a la hora de dar cr\u00e9ditos tan elevados. Pero la realidad es que, pidan lo que pidan, cualquier <strong>banco o financiera esperar\u00e1 una garant\u00eda<\/strong> a la hora de conceder el cr\u00e9dito.<\/p>\n\n\n\n<p>Si bien no ha de ser un aval, puede que la financiera precise bastante documentaci\u00f3n que acredite tu capacidad de pago. Olv\u00eddate de pr\u00e9stamos de <strong>30000 con ASNEF o sin n\u00f3mina<\/strong>, a no ser que seas un <a href=\"https:\/\/www.top5credits.com\/es\/articulos\/pasos-a-seguir-para-hacerse-freelance\/\">freelance<\/a> o empresario. Para un pr\u00e9stamo de 30.000 euros necesitar\u00e1s siempre demostrar que puedes pagarlo. Esto tambi\u00e9n requiere tiempo, as\u00ed que <strong>olv\u00eddate de pr\u00e9stamos r\u00e1pidos de 30000 euros<\/strong>.<\/p>\n\n\n\n<h2 class=\"wp-block-heading\">C\u00f3mo y d\u00f3nde conseguir un pr\u00e9stamo de 30000 euros<\/h2>\n\n\n\n<p>Cuando hablamos de un pr\u00e9stamo tan elevado, deber\u00e1s acudir a bancos o financieras bien establecidos y con reconocida trayectoria. Los bancos tradicionales como <a href=\"https:\/\/www.top5credits.com\/es\/opiniones\/bbva-prestamo-personal\/\">BBVA<\/a> o <a href=\"https:\/\/www.top5credits.com\/es\/opiniones\/santander\/\">Santander<\/a> son buenas opciones, claro que este tipo de ofertas suelen ser exclusivas de clientes, y tendr\u00e1s que valorar si cambiar de banco te conviene.<\/p>\n\n\n\n<p>Aunque podr\u00e1s tramitar la mayor parte del <strong>pr\u00e9stamo online<\/strong>, es posible que si no eres cliente recurrente, la financiera solicite alg\u00fan tipo de env\u00edo de documentaci\u00f3n a trav\u00e9s de medios tradicionales o incluso una reuni\u00f3n, aunque esto no es lo com\u00fan.<\/p>\n\n\n\n<h2 class=\"wp-block-heading\">Ejemplo: Pr\u00e9stamo de 30000 euros a 10 a\u00f1os<\/h2>\n\n\n\n<p>Por ejemplo, si pidi\u00e9semos un <strong>pr\u00e9stamo de 30000<\/strong> euros con <a href=\"https:\/\/www.top5credits.com\/es\/opiniones\/liberbank\/\">Liberbank<\/a> a 10 a\u00f1os, obtendr\u00edamos el siguiente resultado:<\/p>\n\n\n\n<p class=\"paras-tarjous has-background\" style=\"background-color:#c7e7fb\"><strong>Resumen de la oferta:<\/strong><br>Importe:  30.000\u20ac <br>Pago mensual: 347,55\u20ac <br>Plazos: 10 a\u00f1os<br>Intereses:  7,681% TAE +  86,25\u20ac anuales (Seguro obligatorio)<br>Total: 41.706\u20ac + 862,5\u20ac gastos seguro (Total absoluto: 42.568,5\u20ac)<\/p>\n\n\n\n<p> Como puedes ver, pedir un pr\u00e9stamo de 30000 euros es una decisi\u00f3n que ha  de meditarse. Ya no es solo por la cuita del pr\u00e9stamo, si no porque al  ser pagado en tanto tiempo, como sucede con Liberbank, p<strong>odemos llegar a  pagar casi el 50% del pr\u00e9stamo<\/strong> s\u00f3lo en intereses y gastos asociados. <\/p>\n\n\n\n<p>Por ello, antes de pedir el pr\u00e9stamo, por mucho que veas una TAE baja, recuerda la l\u00f3gica simple de que, cuanto m\u00e1s pidas, m\u00e1s pagar\u00e1s. Esto hace <strong>m\u00e1s importante que nunca comparar<\/strong> los diferentes productos financieros.<\/p>\n<\/div><\/div>\n\n\n\n<div class=\"page-faqs\">\n\n\n\n<h2 class=\"wp-block-heading has-text-align-center\">Preguntas Frecuentes<\/h2>\n\n\n\n<div class=\"schema-faq wp-block-yoast-faq-block\"><div class=\"schema-faq-section\" id=\"faq-question-1586348565259\"><strong class=\"schema-faq-question\">\u00bfC\u00f3mo puedo conseguir un pr\u00e9stamo de 30000 euros?<\/strong> <p class=\"schema-faq-answer\"> En nuestra lista podr\u00e1s comparar intereses, plazos, pros y contras de los diferentes <a href=\"https:\/\/www.top5credits.com\/es\/prestamos-personales\/prestamo-30000-euros\/\">pr\u00e9stamos de 30000 euros<\/a> del mercado, as\u00ed como consultar la opini\u00f3n de nuestros expertos.<\/p> <\/div> <div class=\"schema-faq-section\" id=\"faq-question-1586348566500\"><strong class=\"schema-faq-question\">\u00bfD\u00f3nde puedo pedir un pr\u00e9stamo de 30000 euros?<\/strong> <p class=\"schema-faq-answer\">Puedes usar nuestro comparador, o bien usar nuestro formulario para recibir una oferta personalizada.<\/p> <\/div> <div class=\"schema-faq-section\" id=\"faq-question-1586348567257\"><strong class=\"schema-faq-question\">\u00bfCu\u00e1nto pagar\u00e9 por un pr\u00e9stamo de 30000 euros?<\/strong> <p class=\"schema-faq-answer\">Depender\u00e1 siempre del TAE aplicado y cu\u00e1nto tardemos en pagarlo. Cuanto menos TAE y menos plazos, menos comisiones.<\/p> <\/div> <div class=\"schema-faq-section\" id=\"faq-question-1586348567864\"><strong class=\"schema-faq-question\">\u00bfQu\u00e9 bancos dan cr\u00e9ditos de 30000 euros?<\/strong> <p class=\"schema-faq-answer\">Generalmente, este tipo de cr\u00e9ditos son otorgados por entidades tradicionales.<\/p> <\/div> <\/div>\n\n\n\n<\/div>\n","protected":false},"excerpt":{"rendered":"<p>Pr\u00e9stamo 30000 euros Compara y elige el pr\u00e9stamo de 30000 euros que necesitas. Leer&nbsp;m\u00e1s.. \u00bfNecesitas un pr\u00e9stamo de 30000 euros? En Top5Credits.com hemos analizado las<\/p>\n<p class=\"more-link\">Seguir leyendo <span class=\"screen-reader-text\">Pr\u00e9stamo 30000 euros<\/span><\/p>\n","protected":false},"author":2,"featured_media":0,"parent":49,"menu_order":0,"comment_status":"closed","ping_status":"closed","template":"page-results.php","meta":{"footnotes":""},"class_list":["post-2686","page","type-page","status-publish","hentry","entry"],"yoast_head":"<!-- This site is optimized with the Yoast SEO plugin v27.3 - https:\/\/yoast.com\/product\/yoast-seo-wordpress\/ -->\n<title>Pr\u00e9stamo 30000 euros - Top5Credits.com Espa\u00f1a<\/title>\n<meta name=\"description\" content=\"\u00bfNecesitas un pr\u00e9stamo de 30000 euros? Puedes conseguirlo incluso sin aval. En Top5Credits te mostramos las claves antes de pedirlo.\" \/>\n<meta name=\"robots\" content=\"index, follow, max-snippet:-1, max-image-preview:large, max-video-preview:-1\" \/>\n<link rel=\"canonical\" href=\"https:\/\/www.top5credits.com\/es\/prestamos-personales\/prestamo-30000-euros\/\" \/>\n<meta property=\"og:locale\" content=\"es_ES\" \/>\n<meta property=\"og:type\" content=\"article\" \/>\n<meta property=\"og:title\" content=\"Pr\u00e9stamo 30000 euros - Top5Credits.com Espa\u00f1a\" \/>\n<meta property=\"og:description\" content=\"\u00bfNecesitas un pr\u00e9stamo de 30000 euros? Puedes conseguirlo incluso sin aval. En Top5Credits te mostramos las claves antes de pedirlo.\" \/>\n<meta property=\"og:url\" content=\"https:\/\/www.top5credits.com\/es\/prestamos-personales\/prestamo-30000-euros\/\" \/>\n<meta property=\"og:site_name\" content=\"Top5Credits.com Espa\u00f1a\" \/>\n<meta property=\"article:publisher\" content=\"https:\/\/www.facebook.com\/Top5Creditscom-Espa%c3%b1a-109158667157057\" \/>\n<meta property=\"article:modified_time\" content=\"2025-03-21T09:43:05+00:00\" \/>\n<meta property=\"og:image\" content=\"https:\/\/cdn.top5credits.com\/es\/wp-content\/uploads\/sites\/8\/2019\/06\/top5-og.jpg?cdn=1.1.1\" \/>\n\t<meta property=\"og:image:width\" content=\"1200\" \/>\n\t<meta property=\"og:image:height\" content=\"630\" \/>\n\t<meta property=\"og:image:type\" content=\"image\/jpeg\" \/>\n<meta name=\"twitter:card\" content=\"summary_large_image\" \/>\n<meta name=\"twitter:label1\" content=\"Tiempo de lectura\" \/>\n\t<meta name=\"twitter:data1\" content=\"4 minutos\" \/>\n<script type=\"application\/ld+json\" class=\"yoast-schema-graph\">{\"@context\":\"https:\\\/\\\/schema.org\",\"@graph\":[{\"@type\":[\"WebPage\",\"FAQPage\"],\"@id\":\"https:\\\/\\\/www.top5credits.com\\\/es\\\/prestamos-personales\\\/prestamo-30000-euros\\\/\",\"url\":\"https:\\\/\\\/www.top5credits.com\\\/es\\\/prestamos-personales\\\/prestamo-30000-euros\\\/\",\"name\":\"Pr\u00e9stamo 30000 euros - Top5Credits.com Espa\u00f1a\",\"isPartOf\":{\"@id\":\"https:\\\/\\\/www.top5credits.com\\\/es\\\/#website\"},\"datePublished\":\"2020-03-04T12:00:15+00:00\",\"dateModified\":\"2025-03-21T09:43:05+00:00\",\"description\":\"\u00bfNecesitas un pr\u00e9stamo de 30000 euros? Puedes conseguirlo incluso sin aval. En Top5Credits te mostramos las claves antes de pedirlo.\",\"breadcrumb\":{\"@id\":\"https:\\\/\\\/www.top5credits.com\\\/es\\\/prestamos-personales\\\/prestamo-30000-euros\\\/#breadcrumb\"},\"mainEntity\":[{\"@id\":\"https:\\\/\\\/www.top5credits.com\\\/es\\\/prestamos-personales\\\/prestamo-30000-euros\\\/#faq-question-1586348565259\"},{\"@id\":\"https:\\\/\\\/www.top5credits.com\\\/es\\\/prestamos-personales\\\/prestamo-30000-euros\\\/#faq-question-1586348566500\"},{\"@id\":\"https:\\\/\\\/www.top5credits.com\\\/es\\\/prestamos-personales\\\/prestamo-30000-euros\\\/#faq-question-1586348567257\"},{\"@id\":\"https:\\\/\\\/www.top5credits.com\\\/es\\\/prestamos-personales\\\/prestamo-30000-euros\\\/#faq-question-1586348567864\"}],\"inLanguage\":\"es\",\"potentialAction\":[{\"@type\":\"ReadAction\",\"target\":[\"https:\\\/\\\/www.top5credits.com\\\/es\\\/prestamos-personales\\\/prestamo-30000-euros\\\/\"]}]},{\"@type\":\"BreadcrumbList\",\"@id\":\"https:\\\/\\\/www.top5credits.com\\\/es\\\/prestamos-personales\\\/prestamo-30000-euros\\\/#breadcrumb\",\"itemListElement\":[{\"@type\":\"ListItem\",\"position\":1,\"name\":\"Top5Credits.com\",\"item\":\"https:\\\/\\\/www.top5credits.com\\\/es\\\/\"},{\"@type\":\"ListItem\",\"position\":2,\"name\":\"Compara pr\u00e9stamos personales online\",\"item\":\"https:\\\/\\\/www.top5credits.com\\\/es\\\/prestamos-personales\\\/\"},{\"@type\":\"ListItem\",\"position\":3,\"name\":\"Pr\u00e9stamo 30000 euros\"}]},{\"@type\":\"WebSite\",\"@id\":\"https:\\\/\\\/www.top5credits.com\\\/es\\\/#website\",\"url\":\"https:\\\/\\\/www.top5credits.com\\\/es\\\/\",\"name\":\"Top5Credits.com Espa\u00f1a\",\"description\":\"\",\"publisher\":{\"@id\":\"https:\\\/\\\/www.top5credits.com\\\/es\\\/#organization\"},\"potentialAction\":[{\"@type\":\"SearchAction\",\"target\":{\"@type\":\"EntryPoint\",\"urlTemplate\":\"https:\\\/\\\/www.top5credits.com\\\/es\\\/?s={search_term_string}\"},\"query-input\":{\"@type\":\"PropertyValueSpecification\",\"valueRequired\":true,\"valueName\":\"search_term_string\"}}],\"inLanguage\":\"es\"},{\"@type\":\"Organization\",\"@id\":\"https:\\\/\\\/www.top5credits.com\\\/es\\\/#organization\",\"name\":\"Top5Credits.com\",\"url\":\"https:\\\/\\\/www.top5credits.com\\\/es\\\/\",\"logo\":{\"@type\":\"ImageObject\",\"inLanguage\":\"es\",\"@id\":\"https:\\\/\\\/www.top5credits.com\\\/es\\\/#\\\/schema\\\/logo\\\/image\\\/\",\"url\":\"https:\\\/\\\/cdn.top5credits.com\\\/es\\\/wp-content\\\/uploads\\\/sites\\\/8\\\/2023\\\/10\\\/t5c-favicon.png\",\"contentUrl\":\"https:\\\/\\\/cdn.top5credits.com\\\/es\\\/wp-content\\\/uploads\\\/sites\\\/8\\\/2023\\\/10\\\/t5c-favicon.png\",\"width\":512,\"height\":512,\"caption\":\"Top5Credits.com\"},\"image\":{\"@id\":\"https:\\\/\\\/www.top5credits.com\\\/es\\\/#\\\/schema\\\/logo\\\/image\\\/\"},\"sameAs\":[\"https:\\\/\\\/www.facebook.com\\\/Top5Creditscom-Espa\u00f1a-109158667157057\"]},{\"@type\":\"Question\",\"@id\":\"https:\\\/\\\/www.top5credits.com\\\/es\\\/prestamos-personales\\\/prestamo-30000-euros\\\/#faq-question-1586348565259\",\"position\":1,\"url\":\"https:\\\/\\\/www.top5credits.com\\\/es\\\/prestamos-personales\\\/prestamo-30000-euros\\\/#faq-question-1586348565259\",\"name\":\"\u00bfC\u00f3mo puedo conseguir un pr\u00e9stamo de 30000 euros?\",\"answerCount\":1,\"acceptedAnswer\":{\"@type\":\"Answer\",\"text\":\" En nuestra lista podr\u00e1s comparar intereses, plazos, pros y contras de los diferentes <a href=\\\"https:\\\/\\\/www.top5credits.com\\\/es\\\/prestamos-personales\\\/prestamo-30000-euros\\\/\\\">pr\u00e9stamos de 30000 euros<\\\/a> del mercado, as\u00ed como consultar la opini\u00f3n de nuestros expertos.\",\"inLanguage\":\"es\"},\"inLanguage\":\"es\"},{\"@type\":\"Question\",\"@id\":\"https:\\\/\\\/www.top5credits.com\\\/es\\\/prestamos-personales\\\/prestamo-30000-euros\\\/#faq-question-1586348566500\",\"position\":2,\"url\":\"https:\\\/\\\/www.top5credits.com\\\/es\\\/prestamos-personales\\\/prestamo-30000-euros\\\/#faq-question-1586348566500\",\"name\":\"\u00bfD\u00f3nde puedo pedir un pr\u00e9stamo de 30000 euros?\",\"answerCount\":1,\"acceptedAnswer\":{\"@type\":\"Answer\",\"text\":\"Puedes usar nuestro comparador, o bien usar nuestro formulario para recibir una oferta personalizada.\",\"inLanguage\":\"es\"},\"inLanguage\":\"es\"},{\"@type\":\"Question\",\"@id\":\"https:\\\/\\\/www.top5credits.com\\\/es\\\/prestamos-personales\\\/prestamo-30000-euros\\\/#faq-question-1586348567257\",\"position\":3,\"url\":\"https:\\\/\\\/www.top5credits.com\\\/es\\\/prestamos-personales\\\/prestamo-30000-euros\\\/#faq-question-1586348567257\",\"name\":\"\u00bfCu\u00e1nto pagar\u00e9 por un pr\u00e9stamo de 30000 euros?\",\"answerCount\":1,\"acceptedAnswer\":{\"@type\":\"Answer\",\"text\":\"Depender\u00e1 siempre del TAE aplicado y cu\u00e1nto tardemos en pagarlo. Cuanto menos TAE y menos plazos, menos comisiones.\",\"inLanguage\":\"es\"},\"inLanguage\":\"es\"},{\"@type\":\"Question\",\"@id\":\"https:\\\/\\\/www.top5credits.com\\\/es\\\/prestamos-personales\\\/prestamo-30000-euros\\\/#faq-question-1586348567864\",\"position\":4,\"url\":\"https:\\\/\\\/www.top5credits.com\\\/es\\\/prestamos-personales\\\/prestamo-30000-euros\\\/#faq-question-1586348567864\",\"name\":\"\u00bfQu\u00e9 bancos dan cr\u00e9ditos de 30000 euros?\",\"answerCount\":1,\"acceptedAnswer\":{\"@type\":\"Answer\",\"text\":\"Generalmente, este tipo de cr\u00e9ditos son otorgados por entidades tradicionales.\",\"inLanguage\":\"es\"},\"inLanguage\":\"es\"}]}<\/script>\n<!-- \/ Yoast SEO plugin. -->","yoast_head_json":{"title":"Pr\u00e9stamo 30000 euros - Top5Credits.com Espa\u00f1a","description":"\u00bfNecesitas un pr\u00e9stamo de 30000 euros? Puedes conseguirlo incluso sin aval. En Top5Credits te mostramos las claves antes de pedirlo.","robots":{"index":"index","follow":"follow","max-snippet":"max-snippet:-1","max-image-preview":"max-image-preview:large","max-video-preview":"max-video-preview:-1"},"canonical":"https:\/\/www.top5credits.com\/es\/prestamos-personales\/prestamo-30000-euros\/","og_locale":"es_ES","og_type":"article","og_title":"Pr\u00e9stamo 30000 euros - Top5Credits.com Espa\u00f1a","og_description":"\u00bfNecesitas un pr\u00e9stamo de 30000 euros? Puedes conseguirlo incluso sin aval. En Top5Credits te mostramos las claves antes de pedirlo.","og_url":"https:\/\/www.top5credits.com\/es\/prestamos-personales\/prestamo-30000-euros\/","og_site_name":"Top5Credits.com Espa\u00f1a","article_publisher":"https:\/\/www.facebook.com\/Top5Creditscom-Espa%c3%b1a-109158667157057","article_modified_time":"2025-03-21T09:43:05+00:00","og_image":[{"width":1200,"height":630,"url":"https:\/\/cdn.top5credits.com\/es\/wp-content\/uploads\/sites\/8\/2019\/06\/top5-og.jpg?cdn=1.1.1","type":"image\/jpeg"}],"twitter_card":"summary_large_image","twitter_misc":{"Tiempo de lectura":"4 minutos"},"schema":{"@context":"https:\/\/schema.org","@graph":[{"@type":["WebPage","FAQPage"],"@id":"https:\/\/www.top5credits.com\/es\/prestamos-personales\/prestamo-30000-euros\/","url":"https:\/\/www.top5credits.com\/es\/prestamos-personales\/prestamo-30000-euros\/","name":"Pr\u00e9stamo 30000 euros - Top5Credits.com Espa\u00f1a","isPartOf":{"@id":"https:\/\/www.top5credits.com\/es\/#website"},"datePublished":"2020-03-04T12:00:15+00:00","dateModified":"2025-03-21T09:43:05+00:00","description":"\u00bfNecesitas un pr\u00e9stamo de 30000 euros? Puedes conseguirlo incluso sin aval. En Top5Credits te mostramos las claves antes de pedirlo.","breadcrumb":{"@id":"https:\/\/www.top5credits.com\/es\/prestamos-personales\/prestamo-30000-euros\/#breadcrumb"},"mainEntity":[{"@id":"https:\/\/www.top5credits.com\/es\/prestamos-personales\/prestamo-30000-euros\/#faq-question-1586348565259"},{"@id":"https:\/\/www.top5credits.com\/es\/prestamos-personales\/prestamo-30000-euros\/#faq-question-1586348566500"},{"@id":"https:\/\/www.top5credits.com\/es\/prestamos-personales\/prestamo-30000-euros\/#faq-question-1586348567257"},{"@id":"https:\/\/www.top5credits.com\/es\/prestamos-personales\/prestamo-30000-euros\/#faq-question-1586348567864"}],"inLanguage":"es","potentialAction":[{"@type":"ReadAction","target":["https:\/\/www.top5credits.com\/es\/prestamos-personales\/prestamo-30000-euros\/"]}]},{"@type":"BreadcrumbList","@id":"https:\/\/www.top5credits.com\/es\/prestamos-personales\/prestamo-30000-euros\/#breadcrumb","itemListElement":[{"@type":"ListItem","position":1,"name":"Top5Credits.com","item":"https:\/\/www.top5credits.com\/es\/"},{"@type":"ListItem","position":2,"name":"Compara pr\u00e9stamos personales online","item":"https:\/\/www.top5credits.com\/es\/prestamos-personales\/"},{"@type":"ListItem","position":3,"name":"Pr\u00e9stamo 30000 euros"}]},{"@type":"WebSite","@id":"https:\/\/www.top5credits.com\/es\/#website","url":"https:\/\/www.top5credits.com\/es\/","name":"Top5Credits.com Espa\u00f1a","description":"","publisher":{"@id":"https:\/\/www.top5credits.com\/es\/#organization"},"potentialAction":[{"@type":"SearchAction","target":{"@type":"EntryPoint","urlTemplate":"https:\/\/www.top5credits.com\/es\/?s={search_term_string}"},"query-input":{"@type":"PropertyValueSpecification","valueRequired":true,"valueName":"search_term_string"}}],"inLanguage":"es"},{"@type":"Organization","@id":"https:\/\/www.top5credits.com\/es\/#organization","name":"Top5Credits.com","url":"https:\/\/www.top5credits.com\/es\/","logo":{"@type":"ImageObject","inLanguage":"es","@id":"https:\/\/www.top5credits.com\/es\/#\/schema\/logo\/image\/","url":"https:\/\/cdn.top5credits.com\/es\/wp-content\/uploads\/sites\/8\/2023\/10\/t5c-favicon.png","contentUrl":"https:\/\/cdn.top5credits.com\/es\/wp-content\/uploads\/sites\/8\/2023\/10\/t5c-favicon.png","width":512,"height":512,"caption":"Top5Credits.com"},"image":{"@id":"https:\/\/www.top5credits.com\/es\/#\/schema\/logo\/image\/"},"sameAs":["https:\/\/www.facebook.com\/Top5Creditscom-Espa\u00f1a-109158667157057"]},{"@type":"Question","@id":"https:\/\/www.top5credits.com\/es\/prestamos-personales\/prestamo-30000-euros\/#faq-question-1586348565259","position":1,"url":"https:\/\/www.top5credits.com\/es\/prestamos-personales\/prestamo-30000-euros\/#faq-question-1586348565259","name":"\u00bfC\u00f3mo puedo conseguir un pr\u00e9stamo de 30000 euros?","answerCount":1,"acceptedAnswer":{"@type":"Answer","text":" En nuestra lista podr\u00e1s comparar intereses, plazos, pros y contras de los diferentes <a href=\"https:\/\/www.top5credits.com\/es\/prestamos-personales\/prestamo-30000-euros\/\">pr\u00e9stamos de 30000 euros<\/a> del mercado, as\u00ed como consultar la opini\u00f3n de nuestros expertos.","inLanguage":"es"},"inLanguage":"es"},{"@type":"Question","@id":"https:\/\/www.top5credits.com\/es\/prestamos-personales\/prestamo-30000-euros\/#faq-question-1586348566500","position":2,"url":"https:\/\/www.top5credits.com\/es\/prestamos-personales\/prestamo-30000-euros\/#faq-question-1586348566500","name":"\u00bfD\u00f3nde puedo pedir un pr\u00e9stamo de 30000 euros?","answerCount":1,"acceptedAnswer":{"@type":"Answer","text":"Puedes usar nuestro comparador, o bien usar nuestro formulario para recibir una oferta personalizada.","inLanguage":"es"},"inLanguage":"es"},{"@type":"Question","@id":"https:\/\/www.top5credits.com\/es\/prestamos-personales\/prestamo-30000-euros\/#faq-question-1586348567257","position":3,"url":"https:\/\/www.top5credits.com\/es\/prestamos-personales\/prestamo-30000-euros\/#faq-question-1586348567257","name":"\u00bfCu\u00e1nto pagar\u00e9 por un pr\u00e9stamo de 30000 euros?","answerCount":1,"acceptedAnswer":{"@type":"Answer","text":"Depender\u00e1 siempre del TAE aplicado y cu\u00e1nto tardemos en pagarlo. Cuanto menos TAE y menos plazos, menos comisiones.","inLanguage":"es"},"inLanguage":"es"},{"@type":"Question","@id":"https:\/\/www.top5credits.com\/es\/prestamos-personales\/prestamo-30000-euros\/#faq-question-1586348567864","position":4,"url":"https:\/\/www.top5credits.com\/es\/prestamos-personales\/prestamo-30000-euros\/#faq-question-1586348567864","name":"\u00bfQu\u00e9 bancos dan cr\u00e9ditos de 30000 euros?","answerCount":1,"acceptedAnswer":{"@type":"Answer","text":"Generalmente, este tipo de cr\u00e9ditos son otorgados por entidades tradicionales.","inLanguage":"es"},"inLanguage":"es"}]}},"_links":{"self":[{"href":"https:\/\/www.top5credits.com\/es\/wp-json\/wp\/v2\/pages\/2686","targetHints":{"allow":["GET"]}}],"collection":[{"href":"https:\/\/www.top5credits.com\/es\/wp-json\/wp\/v2\/pages"}],"about":[{"href":"https:\/\/www.top5credits.com\/es\/wp-json\/wp\/v2\/types\/page"}],"author":[{"embeddable":true,"href":"https:\/\/www.top5credits.com\/es\/wp-json\/wp\/v2\/users\/2"}],"replies":[{"embeddable":true,"href":"https:\/\/www.top5credits.com\/es\/wp-json\/wp\/v2\/comments?post=2686"}],"version-history":[{"count":1,"href":"https:\/\/www.top5credits.com\/es\/wp-json\/wp\/v2\/pages\/2686\/revisions"}],"predecessor-version":[{"id":16537,"href":"https:\/\/www.top5credits.com\/es\/wp-json\/wp\/v2\/pages\/2686\/revisions\/16537"}],"up":[{"embeddable":true,"href":"https:\/\/www.top5credits.com\/es\/wp-json\/wp\/v2\/pages\/49"}],"wp:attachment":[{"href":"https:\/\/www.top5credits.com\/es\/wp-json\/wp\/v2\/media?parent=2686"}],"curies":[{"name":"wp","href":"https:\/\/api.w.org\/{rel}","templated":true}]}}