{"id":2727,"date":"2020-03-05T11:33:21","date_gmt":"2020-03-05T11:33:21","guid":{"rendered":"https:\/\/www.top5credits.com\/es\/?page_id=2727"},"modified":"2024-09-20T08:56:13","modified_gmt":"2024-09-20T08:56:13","slug":"prestamo-6000-euros","status":"publish","type":"page","link":"https:\/\/www.top5credits.com\/es\/prestamos-personales\/prestamo-6000-euros\/","title":{"rendered":"Pr\u00e9stamo 6000 euros"},"content":{"rendered":"\n<div class=\"wp-block-group first-section\"><div class=\"wp-block-group__inner-container is-layout-flow wp-block-group-is-layout-flow\">\n<h1 class=\"wp-block-heading has-text-align-center compare-title\">Pr\u00e9stamo 6000 euros<\/h1>\n\n\n\n<p class=\"has-text-align-center compare-title\">Compara y elige el pr\u00e9stamo de 6000 euros que necesitas. <span class=\"luelisaanappi\">Leer&nbsp;m\u00e1s..<\/span> <span class=\"luelisaateksti\"> \u00bfNecesitas un pr\u00e9stamo de 6000 euros? En Top5Credits.com hemos analizado las principales financieras en Espa\u00f1a, as\u00ed que hemos seleccionado todos los prestamistas que ofrecen pr\u00e9stamos de 6000 euros. Compara las opciones y lee nuestras opiniones.\n<\/span><\/p>\n\n\n\n\n<\/div><\/div>\n\n\n\n\n\n\n<div class=\"top-results palkkio\">\n<span class=\"huomiomerkki\">!<\/span> La comisi\u00f3n que recibimos afecta directamente el listado &#8211; Leer m\u00e1s <span class=\"plus-trigger\">+<\/span>\n<p>Top5Credits.com es un website 100% gratuito con el prop\u00f3sito de suministrar informaci\u00f3n \u00fatil y de valor al usuario. Comparamos pr\u00e9stamos y los analizamos de manera objetiva. Para mantener nuestros servicios gratuitos, obtenemos comisiones de los bancos y prestamistas por cada usuario que les redirigimos. El ratio de compensaci\u00f3n afecta directamente el orden del listado de colaboradores.<\/p>\n<\/div>\n\n\n\n<div class=\"wp-block-group full-white\"><div class=\"wp-block-group__inner-container is-layout-flow wp-block-group-is-layout-flow\">\n<h2 class=\"wp-block-heading\">Pr\u00e9stamo personal de 6000 euros<\/h2>\n\n\n\n<p>En caso de necesitar un <strong>pr\u00e9stamo de 6000 euros<\/strong> tienes que tener varios factores en cuenta. Hablamos de una cantidad que empieza a ser considerable; un mill\u00f3n de las antiguas pesetas. No obstante, aunque siga siendo un pr\u00e9stamo personal y no un <a href=\"https:\/\/www.top5credits.com\/es\/microprestamos\/\">micropr\u00e9stamo<\/a>, las nuevas tecnolog\u00edas y la dura competencia en internet han conseguido que pedir este cr\u00e9dito de manera r\u00e1pida y c\u00f3moda no sea tan complicado.<\/p>\n\n\n\n<p>No obstante, has de procurar conseguir un cr\u00e9dito que combine rapidez y comodidad con precios econ\u00f3micos y fiabilidad. Aunque la oferta sea tan amplia que resulta f\u00e1cil perderse, en Top5Credits te damos las claves para que encuentres <strong>el pr\u00e9stamo que necesitas<\/strong>.<\/p>\n\n\n\n<h2 class=\"wp-block-heading\">C\u00f3mo conseguir un pr\u00e9stamo de 6000 euros<\/h2>\n\n\n\n<p>Para conseguir un pr\u00e9stamo de 6000 euros tienes dos opciones<\/p>\n\n\n\n<ul class=\"wp-block-list\">\n<li><strong>Usa nuestro comparador de pr\u00e9stamos<\/strong>. En esta p\u00e1gina podr\u00e1s ver todas las financieras y bancos que ofrecen pr\u00e9stamos de dicha cantidad. Puedes consultar su TAE, sus plazos y una <a href=\"https:\/\/www.top5credits.com\/es\/opiniones\/\">opini\u00f3n<\/a> realizada por nuestros expertos de manera objetiva.<\/li>\n\n\n\n<li><strong>Rellena nuestro formulario<\/strong>. Si prefieres que hagamos el trabajo por ti, s\u00f3lo tienes que rellenar nuestro <a href=\"https:\/\/www.top5credits.com\/es\/\">formulario<\/a>, completando una serie de datos. Con ellos, nuestro sistema buscar\u00e1 en nuestra base de datos los 5 cr\u00e9ditos que mejor se ajusten a tu perfil y necesidades. Es un servicio gratuito y sin compromiso, y tambi\u00e9n podr\u00e1s acceder a nuestras opiniones antes de decidirte.<\/li>\n<\/ul>\n\n\n\n<h2 class=\"wp-block-heading\">\u00bfPr\u00e9stamos de 6000 euros en 24 horas?<\/h2>\n\n\n\n<p>Como decimos, pedir un pr\u00e9stamo de 6000 euros de manera r\u00e1pida y sin papeleo no es tan dif\u00edcil hoy como anta\u00f1o. De hecho, en la mayor\u00eda de los casos ser\u00e1 posible disfrutar de un <strong>pr\u00e9stamo de 6000 euros en 24 horas<\/strong> o menos. No obstante, has de considerar lo siguiente.<\/p>\n\n\n\n<p>Al no ser un minicr\u00e9dito, <strong>un pr\u00e9stamo de 6000<\/strong> euros necesitar\u00e1 que la financiera se asegure de que puedas abonar la deuda. Esto puede ser mediante sistemas automatizados como Instantor, pero puede que otras entidades, cuya TAE o condiciones te interesen m\u00e1s, necesiten del env\u00edo de cierta documentaci\u00f3n,<\/p>\n\n\n\n<p>Adem\u00e1s, en todos los casos, ten en cuenta que el banco en el que vayas a recibir el dinero tambi\u00e9n afecta. Aunque consigas <a href=\"https:\/\/www.top5credits.com\/es\/articulos\/los-5-mejores-prestamos-online-rapidos\/\">la financiera m\u00e1s r\u00e1pida<\/a> del mundo, si tu banco est\u00e1 cerrado cuando pides el dinero, no llegar\u00e1. Por ello, el plazo m\u00e1s seguro en el que dispondr\u00e1s tu dinero va <strong>de 24 a 48 horas<\/strong>.<\/p>\n\n\n\n<h2 class=\"wp-block-heading\">Ejemplo: Pr\u00e9stamo de 6000 euros a 5 a\u00f1os<\/h2>\n\n\n\n<p>Hemos hecho el siguiente ejemplo de un pr\u00e9stamo personal de <a href=\"https:\/\/www.top5credits.com\/es\/opiniones\/bbva-prestamo-personal\/\">BBVA<\/a>. Recordamos que bancos tradicionales como BBVA o <a href=\"https:\/\/www.top5credits.com\/es\/opiniones\/la-caixa\/\">La Caixa<\/a>, <strong>siempre exigen que seas cliente de una cuenta corriente.<\/strong><\/p>\n\n\n\n<p class=\"paras-tarjous has-background\" style=\"background-color:#c7e7fb\"><strong>Resumen de la oferta:<\/strong><br>Importe:  6.000\u20ac <br>Pago mensual: 119,37\u20ac <br>Plazos: 5 a\u00f1os<br>Intereses: 8,72% TAE<br>Total:  7.372,06\u20ac <\/p>\n\n\n\n<p>Recordamos que en cualquier escenario, <strong>alargar los plazos implica pagar m\u00e1s<\/strong>. El m\u00e1ximo de intereses que acabaremos pagando depender\u00e1 tanto de la TAE como del tiempo que tardemos en pagarlo. No obstante, siempre es sabio asumir una cuota que realmente podamos pagar.<\/p>\n<\/div><\/div>\n\n\n\n<div class=\"page-faqs\">\n\n\n\n<h2 class=\"wp-block-heading has-text-align-center\">Preguntas Frecuentes<\/h2>\n\n\n\n<div class=\"schema-faq wp-block-yoast-faq-block\"><div class=\"schema-faq-section\" id=\"faq-question-1586350548144\"><strong class=\"schema-faq-question\">\u00bfC\u00f3mo conseguir un cr\u00e9dito de 6000 euros?<\/strong> <p class=\"schema-faq-answer\">Usando nuestro comparador de <a href=\"https:\/\/www.top5credits.com\/es\/prestamos-personales\/prestamo-6000-euros\/\">pr\u00e9stamos de 6000 euros<\/a>, podr\u00e1s consultar pros, contras as\u00ed como intereses y condiciones de cada cr\u00e9dito. Tambi\u00e9n podr\u00e1s leer la opini\u00f3n de nuestros expertos.<\/p> <\/div> <div class=\"schema-faq-section\" id=\"faq-question-1586350717681\"><strong class=\"schema-faq-question\">\u00bfCu\u00e1l es la TAE de un cr\u00e9dito de 6000 euros?<\/strong> <p class=\"schema-faq-answer\">La TAE de este tipo de pr\u00e9stamos suele oscilar en torno al 10% TAE. Por ejemplo, La Caixa lo ofrece al 8,72% TAE.<\/p> <\/div> <div class=\"schema-faq-section\" id=\"faq-question-1586350719298\"><strong class=\"schema-faq-question\">\u00bfQu\u00e9 documentaci\u00f3n necesito para pedir 6000 euros?<\/strong> <p class=\"schema-faq-answer\">La documentaci\u00f3n depender\u00e1 de la entidad, pero normalmente basta con confirmar nuestra identidad, incluso de manera online.<\/p> <\/div> <div class=\"schema-faq-section\" id=\"faq-question-1586350720457\"><strong class=\"schema-faq-question\">\u00bfQui\u00e9n puede pedir un cr\u00e9dito de 6000 euros?<\/strong> <p class=\"schema-faq-answer\">Depender\u00e1 de la entidad, pero como m\u00ednimo, tendremos que ser mayores de 18 a\u00f1os y residir en Espa\u00f1a.<\/p> <\/div> <\/div>\n\n\n\n<\/div>\n","protected":false},"excerpt":{"rendered":"<p>Pr\u00e9stamo 6000 euros Compara y elige el pr\u00e9stamo de 6000 euros que necesitas. Leer&nbsp;m\u00e1s.. \u00bfNecesitas un pr\u00e9stamo de 6000 euros? En Top5Credits.com hemos analizado las<\/p>\n<p class=\"more-link\">Seguir leyendo <span class=\"screen-reader-text\">Pr\u00e9stamo 6000 euros<\/span><\/p>\n","protected":false},"author":2,"featured_media":0,"parent":49,"menu_order":0,"comment_status":"closed","ping_status":"closed","template":"page-results.php","meta":{"footnotes":""},"class_list":["post-2727","page","type-page","status-publish","hentry","entry"],"yoast_head":"<!-- This site is optimized with the Yoast SEO plugin v27.3 - https:\/\/yoast.com\/product\/yoast-seo-wordpress\/ -->\n<title>Pr\u00e9stamo 6000 euros - Top5Credits.com<\/title>\n<meta name=\"description\" content=\"\u00bfNecesitas un pr\u00e9stamo de 6000 euros? En Top5Credits te ayudamos a encontrarlo, y te explicamos c\u00f3mo deber\u00edas pedirlo y cu\u00e1nto puede costarte.\" \/>\n<meta name=\"robots\" content=\"index, follow, max-snippet:-1, max-image-preview:large, max-video-preview:-1\" \/>\n<link rel=\"canonical\" href=\"https:\/\/www.top5credits.com\/es\/prestamos-personales\/prestamo-6000-euros\/\" \/>\n<meta property=\"og:locale\" content=\"es_ES\" \/>\n<meta property=\"og:type\" content=\"article\" \/>\n<meta property=\"og:title\" content=\"Pr\u00e9stamo 6000 euros - Top5Credits.com\" \/>\n<meta property=\"og:description\" content=\"\u00bfNecesitas un pr\u00e9stamo de 6000 euros? En Top5Credits te ayudamos a encontrarlo, y te explicamos c\u00f3mo deber\u00edas pedirlo y cu\u00e1nto puede costarte.\" \/>\n<meta property=\"og:url\" content=\"https:\/\/www.top5credits.com\/es\/prestamos-personales\/prestamo-6000-euros\/\" \/>\n<meta property=\"og:site_name\" content=\"Top5Credits.com Espa\u00f1a\" \/>\n<meta property=\"article:publisher\" content=\"https:\/\/www.facebook.com\/Top5Creditscom-Espa%c3%b1a-109158667157057\" \/>\n<meta property=\"article:modified_time\" content=\"2024-09-20T08:56:13+00:00\" \/>\n<meta property=\"og:image\" content=\"https:\/\/cdn.top5credits.com\/es\/wp-content\/uploads\/sites\/8\/2019\/06\/top5-og.jpg?cdn=1.1.1\" \/>\n\t<meta property=\"og:image:width\" content=\"1200\" \/>\n\t<meta property=\"og:image:height\" content=\"630\" \/>\n\t<meta property=\"og:image:type\" content=\"image\/jpeg\" \/>\n<meta name=\"twitter:card\" content=\"summary_large_image\" \/>\n<meta name=\"twitter:label1\" content=\"Tiempo de lectura\" \/>\n\t<meta name=\"twitter:data1\" content=\"4 minutos\" \/>\n<script type=\"application\/ld+json\" class=\"yoast-schema-graph\">{\"@context\":\"https:\\\/\\\/schema.org\",\"@graph\":[{\"@type\":[\"WebPage\",\"FAQPage\"],\"@id\":\"https:\\\/\\\/www.top5credits.com\\\/es\\\/prestamos-personales\\\/prestamo-6000-euros\\\/\",\"url\":\"https:\\\/\\\/www.top5credits.com\\\/es\\\/prestamos-personales\\\/prestamo-6000-euros\\\/\",\"name\":\"Pr\u00e9stamo 6000 euros - Top5Credits.com\",\"isPartOf\":{\"@id\":\"https:\\\/\\\/www.top5credits.com\\\/es\\\/#website\"},\"datePublished\":\"2020-03-05T11:33:21+00:00\",\"dateModified\":\"2024-09-20T08:56:13+00:00\",\"description\":\"\u00bfNecesitas un pr\u00e9stamo de 6000 euros? En Top5Credits te ayudamos a encontrarlo, y te explicamos c\u00f3mo deber\u00edas pedirlo y cu\u00e1nto puede costarte.\",\"breadcrumb\":{\"@id\":\"https:\\\/\\\/www.top5credits.com\\\/es\\\/prestamos-personales\\\/prestamo-6000-euros\\\/#breadcrumb\"},\"mainEntity\":[{\"@id\":\"https:\\\/\\\/www.top5credits.com\\\/es\\\/prestamos-personales\\\/prestamo-6000-euros\\\/#faq-question-1586350548144\"},{\"@id\":\"https:\\\/\\\/www.top5credits.com\\\/es\\\/prestamos-personales\\\/prestamo-6000-euros\\\/#faq-question-1586350717681\"},{\"@id\":\"https:\\\/\\\/www.top5credits.com\\\/es\\\/prestamos-personales\\\/prestamo-6000-euros\\\/#faq-question-1586350719298\"},{\"@id\":\"https:\\\/\\\/www.top5credits.com\\\/es\\\/prestamos-personales\\\/prestamo-6000-euros\\\/#faq-question-1586350720457\"}],\"inLanguage\":\"es\",\"potentialAction\":[{\"@type\":\"ReadAction\",\"target\":[\"https:\\\/\\\/www.top5credits.com\\\/es\\\/prestamos-personales\\\/prestamo-6000-euros\\\/\"]}]},{\"@type\":\"BreadcrumbList\",\"@id\":\"https:\\\/\\\/www.top5credits.com\\\/es\\\/prestamos-personales\\\/prestamo-6000-euros\\\/#breadcrumb\",\"itemListElement\":[{\"@type\":\"ListItem\",\"position\":1,\"name\":\"Top5Credits.com\",\"item\":\"https:\\\/\\\/www.top5credits.com\\\/es\\\/\"},{\"@type\":\"ListItem\",\"position\":2,\"name\":\"Compara pr\u00e9stamos personales online\",\"item\":\"https:\\\/\\\/www.top5credits.com\\\/es\\\/prestamos-personales\\\/\"},{\"@type\":\"ListItem\",\"position\":3,\"name\":\"Pr\u00e9stamo 6000 euros\"}]},{\"@type\":\"WebSite\",\"@id\":\"https:\\\/\\\/www.top5credits.com\\\/es\\\/#website\",\"url\":\"https:\\\/\\\/www.top5credits.com\\\/es\\\/\",\"name\":\"Top5Credits.com Espa\u00f1a\",\"description\":\"\",\"publisher\":{\"@id\":\"https:\\\/\\\/www.top5credits.com\\\/es\\\/#organization\"},\"potentialAction\":[{\"@type\":\"SearchAction\",\"target\":{\"@type\":\"EntryPoint\",\"urlTemplate\":\"https:\\\/\\\/www.top5credits.com\\\/es\\\/?s={search_term_string}\"},\"query-input\":{\"@type\":\"PropertyValueSpecification\",\"valueRequired\":true,\"valueName\":\"search_term_string\"}}],\"inLanguage\":\"es\"},{\"@type\":\"Organization\",\"@id\":\"https:\\\/\\\/www.top5credits.com\\\/es\\\/#organization\",\"name\":\"Top5Credits.com\",\"url\":\"https:\\\/\\\/www.top5credits.com\\\/es\\\/\",\"logo\":{\"@type\":\"ImageObject\",\"inLanguage\":\"es\",\"@id\":\"https:\\\/\\\/www.top5credits.com\\\/es\\\/#\\\/schema\\\/logo\\\/image\\\/\",\"url\":\"https:\\\/\\\/cdn.top5credits.com\\\/es\\\/wp-content\\\/uploads\\\/sites\\\/8\\\/2023\\\/10\\\/t5c-favicon.png\",\"contentUrl\":\"https:\\\/\\\/cdn.top5credits.com\\\/es\\\/wp-content\\\/uploads\\\/sites\\\/8\\\/2023\\\/10\\\/t5c-favicon.png\",\"width\":512,\"height\":512,\"caption\":\"Top5Credits.com\"},\"image\":{\"@id\":\"https:\\\/\\\/www.top5credits.com\\\/es\\\/#\\\/schema\\\/logo\\\/image\\\/\"},\"sameAs\":[\"https:\\\/\\\/www.facebook.com\\\/Top5Creditscom-Espa\u00f1a-109158667157057\"]},{\"@type\":\"Question\",\"@id\":\"https:\\\/\\\/www.top5credits.com\\\/es\\\/prestamos-personales\\\/prestamo-6000-euros\\\/#faq-question-1586350548144\",\"position\":1,\"url\":\"https:\\\/\\\/www.top5credits.com\\\/es\\\/prestamos-personales\\\/prestamo-6000-euros\\\/#faq-question-1586350548144\",\"name\":\"\u00bfC\u00f3mo conseguir un cr\u00e9dito de 6000 euros?\",\"answerCount\":1,\"acceptedAnswer\":{\"@type\":\"Answer\",\"text\":\"Usando nuestro comparador de <a href=\\\"https:\\\/\\\/www.top5credits.com\\\/es\\\/prestamos-personales\\\/prestamo-6000-euros\\\/\\\">pr\u00e9stamos de 6000 euros<\\\/a>, podr\u00e1s consultar pros, contras as\u00ed como intereses y condiciones de cada cr\u00e9dito. Tambi\u00e9n podr\u00e1s leer la opini\u00f3n de nuestros expertos.\",\"inLanguage\":\"es\"},\"inLanguage\":\"es\"},{\"@type\":\"Question\",\"@id\":\"https:\\\/\\\/www.top5credits.com\\\/es\\\/prestamos-personales\\\/prestamo-6000-euros\\\/#faq-question-1586350717681\",\"position\":2,\"url\":\"https:\\\/\\\/www.top5credits.com\\\/es\\\/prestamos-personales\\\/prestamo-6000-euros\\\/#faq-question-1586350717681\",\"name\":\"\u00bfCu\u00e1l es la TAE de un cr\u00e9dito de 6000 euros?\",\"answerCount\":1,\"acceptedAnswer\":{\"@type\":\"Answer\",\"text\":\"La TAE de este tipo de pr\u00e9stamos suele oscilar en torno al 10% TAE. Por ejemplo, La Caixa lo ofrece al 8,72% TAE.\",\"inLanguage\":\"es\"},\"inLanguage\":\"es\"},{\"@type\":\"Question\",\"@id\":\"https:\\\/\\\/www.top5credits.com\\\/es\\\/prestamos-personales\\\/prestamo-6000-euros\\\/#faq-question-1586350719298\",\"position\":3,\"url\":\"https:\\\/\\\/www.top5credits.com\\\/es\\\/prestamos-personales\\\/prestamo-6000-euros\\\/#faq-question-1586350719298\",\"name\":\"\u00bfQu\u00e9 documentaci\u00f3n necesito para pedir 6000 euros?\",\"answerCount\":1,\"acceptedAnswer\":{\"@type\":\"Answer\",\"text\":\"La documentaci\u00f3n depender\u00e1 de la entidad, pero normalmente basta con confirmar nuestra identidad, incluso de manera online.\",\"inLanguage\":\"es\"},\"inLanguage\":\"es\"},{\"@type\":\"Question\",\"@id\":\"https:\\\/\\\/www.top5credits.com\\\/es\\\/prestamos-personales\\\/prestamo-6000-euros\\\/#faq-question-1586350720457\",\"position\":4,\"url\":\"https:\\\/\\\/www.top5credits.com\\\/es\\\/prestamos-personales\\\/prestamo-6000-euros\\\/#faq-question-1586350720457\",\"name\":\"\u00bfQui\u00e9n puede pedir un cr\u00e9dito de 6000 euros?\",\"answerCount\":1,\"acceptedAnswer\":{\"@type\":\"Answer\",\"text\":\"Depender\u00e1 de la entidad, pero como m\u00ednimo, tendremos que ser mayores de 18 a\u00f1os y residir en Espa\u00f1a.\",\"inLanguage\":\"es\"},\"inLanguage\":\"es\"}]}<\/script>\n<!-- \/ Yoast SEO plugin. -->","yoast_head_json":{"title":"Pr\u00e9stamo 6000 euros - Top5Credits.com","description":"\u00bfNecesitas un pr\u00e9stamo de 6000 euros? En Top5Credits te ayudamos a encontrarlo, y te explicamos c\u00f3mo deber\u00edas pedirlo y cu\u00e1nto puede costarte.","robots":{"index":"index","follow":"follow","max-snippet":"max-snippet:-1","max-image-preview":"max-image-preview:large","max-video-preview":"max-video-preview:-1"},"canonical":"https:\/\/www.top5credits.com\/es\/prestamos-personales\/prestamo-6000-euros\/","og_locale":"es_ES","og_type":"article","og_title":"Pr\u00e9stamo 6000 euros - Top5Credits.com","og_description":"\u00bfNecesitas un pr\u00e9stamo de 6000 euros? En Top5Credits te ayudamos a encontrarlo, y te explicamos c\u00f3mo deber\u00edas pedirlo y cu\u00e1nto puede costarte.","og_url":"https:\/\/www.top5credits.com\/es\/prestamos-personales\/prestamo-6000-euros\/","og_site_name":"Top5Credits.com Espa\u00f1a","article_publisher":"https:\/\/www.facebook.com\/Top5Creditscom-Espa%c3%b1a-109158667157057","article_modified_time":"2024-09-20T08:56:13+00:00","og_image":[{"width":1200,"height":630,"url":"https:\/\/cdn.top5credits.com\/es\/wp-content\/uploads\/sites\/8\/2019\/06\/top5-og.jpg?cdn=1.1.1","type":"image\/jpeg"}],"twitter_card":"summary_large_image","twitter_misc":{"Tiempo de lectura":"4 minutos"},"schema":{"@context":"https:\/\/schema.org","@graph":[{"@type":["WebPage","FAQPage"],"@id":"https:\/\/www.top5credits.com\/es\/prestamos-personales\/prestamo-6000-euros\/","url":"https:\/\/www.top5credits.com\/es\/prestamos-personales\/prestamo-6000-euros\/","name":"Pr\u00e9stamo 6000 euros - Top5Credits.com","isPartOf":{"@id":"https:\/\/www.top5credits.com\/es\/#website"},"datePublished":"2020-03-05T11:33:21+00:00","dateModified":"2024-09-20T08:56:13+00:00","description":"\u00bfNecesitas un pr\u00e9stamo de 6000 euros? En Top5Credits te ayudamos a encontrarlo, y te explicamos c\u00f3mo deber\u00edas pedirlo y cu\u00e1nto puede costarte.","breadcrumb":{"@id":"https:\/\/www.top5credits.com\/es\/prestamos-personales\/prestamo-6000-euros\/#breadcrumb"},"mainEntity":[{"@id":"https:\/\/www.top5credits.com\/es\/prestamos-personales\/prestamo-6000-euros\/#faq-question-1586350548144"},{"@id":"https:\/\/www.top5credits.com\/es\/prestamos-personales\/prestamo-6000-euros\/#faq-question-1586350717681"},{"@id":"https:\/\/www.top5credits.com\/es\/prestamos-personales\/prestamo-6000-euros\/#faq-question-1586350719298"},{"@id":"https:\/\/www.top5credits.com\/es\/prestamos-personales\/prestamo-6000-euros\/#faq-question-1586350720457"}],"inLanguage":"es","potentialAction":[{"@type":"ReadAction","target":["https:\/\/www.top5credits.com\/es\/prestamos-personales\/prestamo-6000-euros\/"]}]},{"@type":"BreadcrumbList","@id":"https:\/\/www.top5credits.com\/es\/prestamos-personales\/prestamo-6000-euros\/#breadcrumb","itemListElement":[{"@type":"ListItem","position":1,"name":"Top5Credits.com","item":"https:\/\/www.top5credits.com\/es\/"},{"@type":"ListItem","position":2,"name":"Compara pr\u00e9stamos personales online","item":"https:\/\/www.top5credits.com\/es\/prestamos-personales\/"},{"@type":"ListItem","position":3,"name":"Pr\u00e9stamo 6000 euros"}]},{"@type":"WebSite","@id":"https:\/\/www.top5credits.com\/es\/#website","url":"https:\/\/www.top5credits.com\/es\/","name":"Top5Credits.com Espa\u00f1a","description":"","publisher":{"@id":"https:\/\/www.top5credits.com\/es\/#organization"},"potentialAction":[{"@type":"SearchAction","target":{"@type":"EntryPoint","urlTemplate":"https:\/\/www.top5credits.com\/es\/?s={search_term_string}"},"query-input":{"@type":"PropertyValueSpecification","valueRequired":true,"valueName":"search_term_string"}}],"inLanguage":"es"},{"@type":"Organization","@id":"https:\/\/www.top5credits.com\/es\/#organization","name":"Top5Credits.com","url":"https:\/\/www.top5credits.com\/es\/","logo":{"@type":"ImageObject","inLanguage":"es","@id":"https:\/\/www.top5credits.com\/es\/#\/schema\/logo\/image\/","url":"https:\/\/cdn.top5credits.com\/es\/wp-content\/uploads\/sites\/8\/2023\/10\/t5c-favicon.png","contentUrl":"https:\/\/cdn.top5credits.com\/es\/wp-content\/uploads\/sites\/8\/2023\/10\/t5c-favicon.png","width":512,"height":512,"caption":"Top5Credits.com"},"image":{"@id":"https:\/\/www.top5credits.com\/es\/#\/schema\/logo\/image\/"},"sameAs":["https:\/\/www.facebook.com\/Top5Creditscom-Espa\u00f1a-109158667157057"]},{"@type":"Question","@id":"https:\/\/www.top5credits.com\/es\/prestamos-personales\/prestamo-6000-euros\/#faq-question-1586350548144","position":1,"url":"https:\/\/www.top5credits.com\/es\/prestamos-personales\/prestamo-6000-euros\/#faq-question-1586350548144","name":"\u00bfC\u00f3mo conseguir un cr\u00e9dito de 6000 euros?","answerCount":1,"acceptedAnswer":{"@type":"Answer","text":"Usando nuestro comparador de <a href=\"https:\/\/www.top5credits.com\/es\/prestamos-personales\/prestamo-6000-euros\/\">pr\u00e9stamos de 6000 euros<\/a>, podr\u00e1s consultar pros, contras as\u00ed como intereses y condiciones de cada cr\u00e9dito. Tambi\u00e9n podr\u00e1s leer la opini\u00f3n de nuestros expertos.","inLanguage":"es"},"inLanguage":"es"},{"@type":"Question","@id":"https:\/\/www.top5credits.com\/es\/prestamos-personales\/prestamo-6000-euros\/#faq-question-1586350717681","position":2,"url":"https:\/\/www.top5credits.com\/es\/prestamos-personales\/prestamo-6000-euros\/#faq-question-1586350717681","name":"\u00bfCu\u00e1l es la TAE de un cr\u00e9dito de 6000 euros?","answerCount":1,"acceptedAnswer":{"@type":"Answer","text":"La TAE de este tipo de pr\u00e9stamos suele oscilar en torno al 10% TAE. Por ejemplo, La Caixa lo ofrece al 8,72% TAE.","inLanguage":"es"},"inLanguage":"es"},{"@type":"Question","@id":"https:\/\/www.top5credits.com\/es\/prestamos-personales\/prestamo-6000-euros\/#faq-question-1586350719298","position":3,"url":"https:\/\/www.top5credits.com\/es\/prestamos-personales\/prestamo-6000-euros\/#faq-question-1586350719298","name":"\u00bfQu\u00e9 documentaci\u00f3n necesito para pedir 6000 euros?","answerCount":1,"acceptedAnswer":{"@type":"Answer","text":"La documentaci\u00f3n depender\u00e1 de la entidad, pero normalmente basta con confirmar nuestra identidad, incluso de manera online.","inLanguage":"es"},"inLanguage":"es"},{"@type":"Question","@id":"https:\/\/www.top5credits.com\/es\/prestamos-personales\/prestamo-6000-euros\/#faq-question-1586350720457","position":4,"url":"https:\/\/www.top5credits.com\/es\/prestamos-personales\/prestamo-6000-euros\/#faq-question-1586350720457","name":"\u00bfQui\u00e9n puede pedir un cr\u00e9dito de 6000 euros?","answerCount":1,"acceptedAnswer":{"@type":"Answer","text":"Depender\u00e1 de la entidad, pero como m\u00ednimo, tendremos que ser mayores de 18 a\u00f1os y residir en Espa\u00f1a.","inLanguage":"es"},"inLanguage":"es"}]}},"_links":{"self":[{"href":"https:\/\/www.top5credits.com\/es\/wp-json\/wp\/v2\/pages\/2727","targetHints":{"allow":["GET"]}}],"collection":[{"href":"https:\/\/www.top5credits.com\/es\/wp-json\/wp\/v2\/pages"}],"about":[{"href":"https:\/\/www.top5credits.com\/es\/wp-json\/wp\/v2\/types\/page"}],"author":[{"embeddable":true,"href":"https:\/\/www.top5credits.com\/es\/wp-json\/wp\/v2\/users\/2"}],"replies":[{"embeddable":true,"href":"https:\/\/www.top5credits.com\/es\/wp-json\/wp\/v2\/comments?post=2727"}],"version-history":[{"count":0,"href":"https:\/\/www.top5credits.com\/es\/wp-json\/wp\/v2\/pages\/2727\/revisions"}],"up":[{"embeddable":true,"href":"https:\/\/www.top5credits.com\/es\/wp-json\/wp\/v2\/pages\/49"}],"wp:attachment":[{"href":"https:\/\/www.top5credits.com\/es\/wp-json\/wp\/v2\/media?parent=2727"}],"curies":[{"name":"wp","href":"https:\/\/api.w.org\/{rel}","templated":true}]}}