{"id":3375,"date":"2020-05-19T12:29:39","date_gmt":"2020-05-19T12:29:39","guid":{"rendered":"https:\/\/www.top5credits.com\/es\/?page_id=3375"},"modified":"2024-09-20T08:54:35","modified_gmt":"2024-09-20T08:54:35","slug":"prestamo-100-euros","status":"publish","type":"page","link":"https:\/\/www.top5credits.com\/es\/prestamos-personales\/prestamo-100-euros\/","title":{"rendered":"Pr\u00e9stamo 100 euros"},"content":{"rendered":"\n<div class=\"wp-block-group first-section\"><div class=\"wp-block-group__inner-container is-layout-flow wp-block-group-is-layout-flow\">\n<h1 class=\"wp-block-heading has-text-align-center compare-title\">Pr\u00e9stamo 100 euros<\/h1>\n\n\n\n<p class=\"has-text-align-center compare-title\">Compara y elige el pr\u00e9stamo de 100 euros que necesitas. <span class=\"luelisaanappi\">Leer&nbsp;m\u00e1s..<\/span> <span class=\"luelisaateksti\"> \u00bfNecesitas un pr\u00e9stamo de 100 euros? En Top5Credits.com hemos analizado las principales financieras en Espa\u00f1a, as\u00ed que hemos seleccionado todos los prestamistas que ofrecen pr\u00e9stamos de 100 euros. Compara las opciones y lee nuestras opiniones.\n<\/span><\/p>\n\n\n\n\n<\/div><\/div>\n\n\n\n\n\n\n<div class=\"top-results palkkio\">\n<span class=\"huomiomerkki\">!<\/span> La comisi\u00f3n que recibimos afecta directamente el listado &#8211; Leer m\u00e1s <span class=\"plus-trigger\">+<\/span>\n<p>Top5Credits.com es un website 100% gratuito con el prop\u00f3sito de suministrar informaci\u00f3n \u00fatil y de valor al usuario. Comparamos pr\u00e9stamos y los analizamos de manera objetiva. Para mantener nuestros servicios gratuitos, obtenemos comisiones de los bancos y prestamistas por cada usuario que les redirigimos. El ratio de compensaci\u00f3n afecta directamente el orden del listado de colaboradores.<\/p>\n<\/div>\n\n\n\n<div class=\"wp-block-group full-white\"><div class=\"wp-block-group__inner-container is-layout-flow wp-block-group-is-layout-flow\">\n<h2 class=\"wp-block-heading\">Pr\u00e9stamo de 100 euros<\/h2>\n\n\n\n<p>Aunque para unos sea poco dinero, en ocasiones, un <strong>pr\u00e9stamo de 100 euros<\/strong> puede significar para nosotros la diferencia entre pasar un mal rato o no. Puede que nuestro hijo necesite ese \u00faltimo libro para empezar el curso. O puede que tengamos que pagar cuanto antes esa \u00faltima cuota atrasada de alg\u00fan servicio antes de su interrupci\u00f3n.<\/p>\n\n\n\n<p><strong>\u00bfSe puede pedir tan solo 100 euros?<\/strong> Esa es una pregunta recurrente, ya que normalmente cuando queremos un pr\u00e9stamo, se suele asumir que necesitamos una gran cantidad de dinero. Pero, \u00bfQu\u00e9 pasa cuando no necesitamos tanto?<\/p>\n\n\n\n<p>Aunque s\u00ed que existen <a href=\"https:\/\/www.top5credits.com\/es\/microprestamos\/\">micropr\u00e9stamos<\/a> que ofrecen cr\u00e9ditos a partir de<strong> 50 euros<\/strong> o menos, otra opci\u00f3n siempre es pedir el m\u00ednimo posible y amortizar lo antes posible. Si tienes autocontrol, ser\u00e1 una buena opci\u00f3n.<\/p>\n\n\n\n<h2 class=\"wp-block-heading\">Pr\u00e9stamo de 100 euros con ASNEF<\/h2>\n\n\n\n<p>Cuando necesitamos pr\u00e9stamos tan bajos, posiblemente se deba a que nuestra situaci\u00f3n econ\u00f3mica no es precisamente la mejor. Y cuando esto sucede, es muy posible que hayamos acumulado deuda. Y por ello, es tambi\u00e9n bastante probable que hayamos acabado en las listas de morosos.<\/p>\n\n\n\n<p><strong>Pedir un cr\u00e9dito de 100 euros estando en ASNEF es bastante posible<\/strong>. De hecho, muchas financieras ofrecen cr\u00e9ditos tan bajos sin verificar que formemos parte de dichas listas. Adem\u00e1s, existen los <a href=\"https:\/\/www.top5credits.com\/es\/prestamos-personales-con-asnef\/\">pr\u00e9stamos con ASNEF<\/a>.<\/p>\n\n\n\n<p>Eso s\u00ed, la mejor soluci\u00f3n si estamos en ASNEF, simplemente es <a href=\"https:\/\/www.top5credits.com\/es\/articulos\/como-salir-de-asnef\/\">salir de ASNEF<\/a>. Te animamos a que si perteneces a dichas listas, intentes salir lo antes posible. As\u00ed, podr\u00e1s evitar caer en una peligrosa espiral de deuda.<\/p>\n\n\n\n<h2 class=\"wp-block-heading\">Pr\u00e9stamos online<\/h2>\n\n\n\n<p>A la hora de pedir un pr\u00e9stamo de 100 euros, sin duda, <strong>tu banco no ser\u00e1 la mejor opci\u00f3n<\/strong>. Las entidades bancarias tradicionales, con sus grandes pr\u00e9stamos y sus bajos intereses, son una muy buena opci\u00f3n si necesitamos un gran cr\u00e9dito para pagar nuestro coche o financiar un viaje. Pero si necesitamos s\u00f3lo 100 euros, <strong>no son la mejor opci\u00f3n<\/strong>.<\/p>\n\n\n\n<p>Por ello, para este tipo de cr\u00e9ditos, lo mejor siempre es apostar por pr\u00e9stamos online. Este tipo de cr\u00e9ditos son los mas <strong>flexibles <\/strong>y los que nos facilitar\u00e1n las menores cantidades posibles. La mayor\u00eda de los cr\u00e9ditos r\u00e1pidos de internet se especializan en este tipo de productos.<\/p>\n\n\n\n<p>Por supuesto, este tipo de cr\u00e9ditos tienen una cara oculta. Y es que los pr\u00e9stamos r\u00e1pidos de internet suelen tener una TAE mayor que los normales. No obstante, eso no significa que sean tan caros como parecen, ya que <strong>la TAE es anual, y estos cr\u00e9ditos se suelen pagar en d\u00edas.<\/strong><\/p>\n\n\n\n<h2 class=\"wp-block-heading\">Pr\u00e9stamo de 100 euros en 15 minutos<\/h2>\n\n\n\n<p>Como decimos, necesitar 100 euros suele ser motivo de urgencia. Y es que normalmente es el motivo por el que necesitaremos una cantidad tan baja. Llegados a este punto, por supuesto, lo que priorizaremos ser\u00e1 que e<strong>l pr\u00e9stamo sea r\u00e1pido<\/strong>.<\/p>\n\n\n\n<p>Por suerte, s\u00ed que es posible tener un <a href=\"https:\/\/www.top5credits.com\/es\/microcreditos\/\">microcr\u00e9dito<\/a> de 100 euros en<strong> 15 minutos<\/strong>. Sin trampa ni cart\u00f3n. Eso s\u00ed, tendr\u00e1s que cumplir los siguientes requisitos:<\/p>\n\n\n\n<ul class=\"wp-block-list\">\n<li><strong>Disponer de Banca Online<\/strong>. Si tu entidad bancaria no es online, ser\u00e1 imposible que recibas el dinero al instante. Aseg\u00farate de que tu entidad opera 24 horas de manera online.<\/li>\n\n\n\n<li><strong>Solicitarlo en horario laboral.<\/strong> Si bien existen algunos productos en los que no har\u00e1 falta y estar\u00e1n operativos autom\u00e1ticamente las 24 horas, no es lo com\u00fan, ya que normalmente se requiere identificar al solicitante con alguna documentaci\u00f3n que se env\u00ede online, como una foto del DNI a trav\u00e9s de WhatsApp.<\/li>\n<\/ul>\n<\/div><\/div>\n\n\n\n<div class=\"page-faqs\">\n\n\n\n<h2 class=\"wp-block-heading has-text-align-center\">Preguntas y respuestas<\/h2>\n\n\n\n<div class=\"schema-faq wp-block-yoast-faq-block\"><div class=\"schema-faq-section\" id=\"faq-question-1576829372988\"><strong class=\"schema-faq-question\">\u00bfC\u00f3mo puedo conseguir un pr\u00e9stamo de 100 euros?<\/strong> <p class=\"schema-faq-answer\">Puedes buscar en nuestro comparador de pr\u00e9stamos directamente, o rellenar nuestro formulario.<\/p> <\/div> <div class=\"schema-faq-section\" id=\"faq-question-1576829473322\"><strong class=\"schema-faq-question\">\u00bfPuedo pedir 100 euros estando en ASNEF?<\/strong> <p class=\"schema-faq-answer\">S\u00ed. Existen muchos cr\u00e9ditos que ofrecen <a href=\"https:\/\/www.top5credits.com\/es\/prestamos-personales\/prestamo-100-euros\/\">100 euros<\/a> sin verificar nuestra pertenencia a ASNEF, o que aceptan a clientes en dicha lista.<\/p> <\/div> <div class=\"schema-faq-section\" id=\"faq-question-1576829480392\"><strong class=\"schema-faq-question\">\u00bfCu\u00e1ntos intereses tiene un cr\u00e9dito de 100 euros?<\/strong> <p class=\"schema-faq-answer\">Depender\u00e1 del producto, pero los intereses pueden superar el 100%. No obstante, al ser pagados en d\u00edas, no es tanta cantidad.<\/p> <\/div> <div class=\"schema-faq-section\" id=\"faq-question-1576829490092\"><strong class=\"schema-faq-question\">\u00bfC\u00f3mo puede ayudarme Top5Credits?<\/strong> <p class=\"schema-faq-answer\">En Top5Credits puedes comparar los pr\u00e9stamos con otros productos, as\u00ed como dejar que te recomendemos los 5 que m\u00e1s se te asemejan.<\/p> <\/div> <\/div>\n\n\n\n<\/div>\n","protected":false},"excerpt":{"rendered":"<p>Pr\u00e9stamo 100 euros Compara y elige el pr\u00e9stamo de 100 euros que necesitas. Leer&nbsp;m\u00e1s.. \u00bfNecesitas un pr\u00e9stamo de 100 euros? En Top5Credits.com hemos analizado las<\/p>\n<p class=\"more-link\">Seguir leyendo <span class=\"screen-reader-text\">Pr\u00e9stamo 100 euros<\/span><\/p>\n","protected":false},"author":13,"featured_media":0,"parent":49,"menu_order":0,"comment_status":"closed","ping_status":"closed","template":"page-results.php","meta":{"footnotes":""},"class_list":["post-3375","page","type-page","status-publish","hentry","entry"],"yoast_head":"<!-- This site is optimized with the Yoast SEO plugin v27.3 - https:\/\/yoast.com\/product\/yoast-seo-wordpress\/ -->\n<title>Pr\u00e9stamo 100 euros - Top5Credits.com<\/title>\n<meta name=\"description\" content=\"\u00bfTienes la urgencia de pedir un pr\u00e9stamo de 100 euros pero no encuentras ninguno por menos de 300 euros? En Top5Credits te ayudamos.\" \/>\n<meta name=\"robots\" content=\"index, follow, max-snippet:-1, max-image-preview:large, max-video-preview:-1\" \/>\n<link rel=\"canonical\" href=\"https:\/\/www.top5credits.com\/es\/prestamos-personales\/prestamo-100-euros\/\" \/>\n<meta property=\"og:locale\" content=\"es_ES\" \/>\n<meta property=\"og:type\" content=\"article\" \/>\n<meta property=\"og:title\" content=\"Pr\u00e9stamo 100 euros - Top5Credits.com\" \/>\n<meta property=\"og:description\" content=\"\u00bfTienes la urgencia de pedir un pr\u00e9stamo de 100 euros pero no encuentras ninguno por menos de 300 euros? En Top5Credits te ayudamos.\" \/>\n<meta property=\"og:url\" content=\"https:\/\/www.top5credits.com\/es\/prestamos-personales\/prestamo-100-euros\/\" \/>\n<meta property=\"og:site_name\" content=\"Top5Credits.com Espa\u00f1a\" \/>\n<meta property=\"article:publisher\" content=\"https:\/\/www.facebook.com\/Top5Creditscom-Espa%c3%b1a-109158667157057\" \/>\n<meta property=\"article:modified_time\" content=\"2024-09-20T08:54:35+00:00\" \/>\n<meta property=\"og:image\" content=\"https:\/\/cdn.top5credits.com\/es\/wp-content\/uploads\/sites\/8\/2023\/11\/top5credits-com-ogimage.png?cdn=1.1.1\" \/>\n\t<meta property=\"og:image:width\" content=\"1200\" \/>\n\t<meta property=\"og:image:height\" content=\"630\" \/>\n\t<meta property=\"og:image:type\" content=\"image\/png\" \/>\n<meta name=\"twitter:card\" content=\"summary_large_image\" \/>\n<meta name=\"twitter:label1\" content=\"Tiempo de lectura\" \/>\n\t<meta name=\"twitter:data1\" content=\"4 minutos\" \/>\n<script type=\"application\/ld+json\" class=\"yoast-schema-graph\">{\"@context\":\"https:\\\/\\\/schema.org\",\"@graph\":[{\"@type\":[\"WebPage\",\"FAQPage\"],\"@id\":\"https:\\\/\\\/www.top5credits.com\\\/es\\\/prestamos-personales\\\/prestamo-100-euros\\\/\",\"url\":\"https:\\\/\\\/www.top5credits.com\\\/es\\\/prestamos-personales\\\/prestamo-100-euros\\\/\",\"name\":\"Pr\u00e9stamo 100 euros - Top5Credits.com\",\"isPartOf\":{\"@id\":\"https:\\\/\\\/www.top5credits.com\\\/es\\\/#website\"},\"datePublished\":\"2020-05-19T12:29:39+00:00\",\"dateModified\":\"2024-09-20T08:54:35+00:00\",\"description\":\"\u00bfTienes la urgencia de pedir un pr\u00e9stamo de 100 euros pero no encuentras ninguno por menos de 300 euros? En Top5Credits te ayudamos.\",\"breadcrumb\":{\"@id\":\"https:\\\/\\\/www.top5credits.com\\\/es\\\/prestamos-personales\\\/prestamo-100-euros\\\/#breadcrumb\"},\"mainEntity\":[{\"@id\":\"https:\\\/\\\/www.top5credits.com\\\/es\\\/prestamos-personales\\\/prestamo-100-euros\\\/#faq-question-1576829372988\"},{\"@id\":\"https:\\\/\\\/www.top5credits.com\\\/es\\\/prestamos-personales\\\/prestamo-100-euros\\\/#faq-question-1576829473322\"},{\"@id\":\"https:\\\/\\\/www.top5credits.com\\\/es\\\/prestamos-personales\\\/prestamo-100-euros\\\/#faq-question-1576829480392\"},{\"@id\":\"https:\\\/\\\/www.top5credits.com\\\/es\\\/prestamos-personales\\\/prestamo-100-euros\\\/#faq-question-1576829490092\"}],\"inLanguage\":\"es\",\"potentialAction\":[{\"@type\":\"ReadAction\",\"target\":[\"https:\\\/\\\/www.top5credits.com\\\/es\\\/prestamos-personales\\\/prestamo-100-euros\\\/\"]}]},{\"@type\":\"BreadcrumbList\",\"@id\":\"https:\\\/\\\/www.top5credits.com\\\/es\\\/prestamos-personales\\\/prestamo-100-euros\\\/#breadcrumb\",\"itemListElement\":[{\"@type\":\"ListItem\",\"position\":1,\"name\":\"Top5Credits.com\",\"item\":\"https:\\\/\\\/www.top5credits.com\\\/es\\\/\"},{\"@type\":\"ListItem\",\"position\":2,\"name\":\"Compara pr\u00e9stamos personales online\",\"item\":\"https:\\\/\\\/www.top5credits.com\\\/es\\\/prestamos-personales\\\/\"},{\"@type\":\"ListItem\",\"position\":3,\"name\":\"Pr\u00e9stamo 100 euros\"}]},{\"@type\":\"WebSite\",\"@id\":\"https:\\\/\\\/www.top5credits.com\\\/es\\\/#website\",\"url\":\"https:\\\/\\\/www.top5credits.com\\\/es\\\/\",\"name\":\"Top5Credits.com Espa\u00f1a\",\"description\":\"\",\"publisher\":{\"@id\":\"https:\\\/\\\/www.top5credits.com\\\/es\\\/#organization\"},\"potentialAction\":[{\"@type\":\"SearchAction\",\"target\":{\"@type\":\"EntryPoint\",\"urlTemplate\":\"https:\\\/\\\/www.top5credits.com\\\/es\\\/?s={search_term_string}\"},\"query-input\":{\"@type\":\"PropertyValueSpecification\",\"valueRequired\":true,\"valueName\":\"search_term_string\"}}],\"inLanguage\":\"es\"},{\"@type\":\"Organization\",\"@id\":\"https:\\\/\\\/www.top5credits.com\\\/es\\\/#organization\",\"name\":\"Top5Credits.com\",\"url\":\"https:\\\/\\\/www.top5credits.com\\\/es\\\/\",\"logo\":{\"@type\":\"ImageObject\",\"inLanguage\":\"es\",\"@id\":\"https:\\\/\\\/www.top5credits.com\\\/es\\\/#\\\/schema\\\/logo\\\/image\\\/\",\"url\":\"https:\\\/\\\/cdn.top5credits.com\\\/es\\\/wp-content\\\/uploads\\\/sites\\\/8\\\/2023\\\/10\\\/t5c-favicon.png\",\"contentUrl\":\"https:\\\/\\\/cdn.top5credits.com\\\/es\\\/wp-content\\\/uploads\\\/sites\\\/8\\\/2023\\\/10\\\/t5c-favicon.png\",\"width\":512,\"height\":512,\"caption\":\"Top5Credits.com\"},\"image\":{\"@id\":\"https:\\\/\\\/www.top5credits.com\\\/es\\\/#\\\/schema\\\/logo\\\/image\\\/\"},\"sameAs\":[\"https:\\\/\\\/www.facebook.com\\\/Top5Creditscom-Espa\u00f1a-109158667157057\"]},{\"@type\":\"Question\",\"@id\":\"https:\\\/\\\/www.top5credits.com\\\/es\\\/prestamos-personales\\\/prestamo-100-euros\\\/#faq-question-1576829372988\",\"position\":1,\"url\":\"https:\\\/\\\/www.top5credits.com\\\/es\\\/prestamos-personales\\\/prestamo-100-euros\\\/#faq-question-1576829372988\",\"name\":\"\u00bfC\u00f3mo puedo conseguir un pr\u00e9stamo de 100 euros?\",\"answerCount\":1,\"acceptedAnswer\":{\"@type\":\"Answer\",\"text\":\"Puedes buscar en nuestro comparador de pr\u00e9stamos directamente, o rellenar nuestro formulario.\",\"inLanguage\":\"es\"},\"inLanguage\":\"es\"},{\"@type\":\"Question\",\"@id\":\"https:\\\/\\\/www.top5credits.com\\\/es\\\/prestamos-personales\\\/prestamo-100-euros\\\/#faq-question-1576829473322\",\"position\":2,\"url\":\"https:\\\/\\\/www.top5credits.com\\\/es\\\/prestamos-personales\\\/prestamo-100-euros\\\/#faq-question-1576829473322\",\"name\":\"\u00bfPuedo pedir 100 euros estando en ASNEF?\",\"answerCount\":1,\"acceptedAnswer\":{\"@type\":\"Answer\",\"text\":\"S\u00ed. Existen muchos cr\u00e9ditos que ofrecen <a href=\\\"https:\\\/\\\/www.top5credits.com\\\/es\\\/prestamos-personales\\\/prestamo-100-euros\\\/\\\">100 euros<\\\/a> sin verificar nuestra pertenencia a ASNEF, o que aceptan a clientes en dicha lista.\",\"inLanguage\":\"es\"},\"inLanguage\":\"es\"},{\"@type\":\"Question\",\"@id\":\"https:\\\/\\\/www.top5credits.com\\\/es\\\/prestamos-personales\\\/prestamo-100-euros\\\/#faq-question-1576829480392\",\"position\":3,\"url\":\"https:\\\/\\\/www.top5credits.com\\\/es\\\/prestamos-personales\\\/prestamo-100-euros\\\/#faq-question-1576829480392\",\"name\":\"\u00bfCu\u00e1ntos intereses tiene un cr\u00e9dito de 100 euros?\",\"answerCount\":1,\"acceptedAnswer\":{\"@type\":\"Answer\",\"text\":\"Depender\u00e1 del producto, pero los intereses pueden superar el 100%. No obstante, al ser pagados en d\u00edas, no es tanta cantidad.\",\"inLanguage\":\"es\"},\"inLanguage\":\"es\"},{\"@type\":\"Question\",\"@id\":\"https:\\\/\\\/www.top5credits.com\\\/es\\\/prestamos-personales\\\/prestamo-100-euros\\\/#faq-question-1576829490092\",\"position\":4,\"url\":\"https:\\\/\\\/www.top5credits.com\\\/es\\\/prestamos-personales\\\/prestamo-100-euros\\\/#faq-question-1576829490092\",\"name\":\"\u00bfC\u00f3mo puede ayudarme Top5Credits?\",\"answerCount\":1,\"acceptedAnswer\":{\"@type\":\"Answer\",\"text\":\"En Top5Credits puedes comparar los pr\u00e9stamos con otros productos, as\u00ed como dejar que te recomendemos los 5 que m\u00e1s se te asemejan.\",\"inLanguage\":\"es\"},\"inLanguage\":\"es\"}]}<\/script>\n<!-- \/ Yoast SEO plugin. -->","yoast_head_json":{"title":"Pr\u00e9stamo 100 euros - Top5Credits.com","description":"\u00bfTienes la urgencia de pedir un pr\u00e9stamo de 100 euros pero no encuentras ninguno por menos de 300 euros? En Top5Credits te ayudamos.","robots":{"index":"index","follow":"follow","max-snippet":"max-snippet:-1","max-image-preview":"max-image-preview:large","max-video-preview":"max-video-preview:-1"},"canonical":"https:\/\/www.top5credits.com\/es\/prestamos-personales\/prestamo-100-euros\/","og_locale":"es_ES","og_type":"article","og_title":"Pr\u00e9stamo 100 euros - Top5Credits.com","og_description":"\u00bfTienes la urgencia de pedir un pr\u00e9stamo de 100 euros pero no encuentras ninguno por menos de 300 euros? En Top5Credits te ayudamos.","og_url":"https:\/\/www.top5credits.com\/es\/prestamos-personales\/prestamo-100-euros\/","og_site_name":"Top5Credits.com Espa\u00f1a","article_publisher":"https:\/\/www.facebook.com\/Top5Creditscom-Espa%c3%b1a-109158667157057","article_modified_time":"2024-09-20T08:54:35+00:00","og_image":[{"width":1200,"height":630,"url":"https:\/\/cdn.top5credits.com\/es\/wp-content\/uploads\/sites\/8\/2023\/11\/top5credits-com-ogimage.png?cdn=1.1.1","type":"image\/png"}],"twitter_card":"summary_large_image","twitter_misc":{"Tiempo de lectura":"4 minutos"},"schema":{"@context":"https:\/\/schema.org","@graph":[{"@type":["WebPage","FAQPage"],"@id":"https:\/\/www.top5credits.com\/es\/prestamos-personales\/prestamo-100-euros\/","url":"https:\/\/www.top5credits.com\/es\/prestamos-personales\/prestamo-100-euros\/","name":"Pr\u00e9stamo 100 euros - Top5Credits.com","isPartOf":{"@id":"https:\/\/www.top5credits.com\/es\/#website"},"datePublished":"2020-05-19T12:29:39+00:00","dateModified":"2024-09-20T08:54:35+00:00","description":"\u00bfTienes la urgencia de pedir un pr\u00e9stamo de 100 euros pero no encuentras ninguno por menos de 300 euros? En Top5Credits te ayudamos.","breadcrumb":{"@id":"https:\/\/www.top5credits.com\/es\/prestamos-personales\/prestamo-100-euros\/#breadcrumb"},"mainEntity":[{"@id":"https:\/\/www.top5credits.com\/es\/prestamos-personales\/prestamo-100-euros\/#faq-question-1576829372988"},{"@id":"https:\/\/www.top5credits.com\/es\/prestamos-personales\/prestamo-100-euros\/#faq-question-1576829473322"},{"@id":"https:\/\/www.top5credits.com\/es\/prestamos-personales\/prestamo-100-euros\/#faq-question-1576829480392"},{"@id":"https:\/\/www.top5credits.com\/es\/prestamos-personales\/prestamo-100-euros\/#faq-question-1576829490092"}],"inLanguage":"es","potentialAction":[{"@type":"ReadAction","target":["https:\/\/www.top5credits.com\/es\/prestamos-personales\/prestamo-100-euros\/"]}]},{"@type":"BreadcrumbList","@id":"https:\/\/www.top5credits.com\/es\/prestamos-personales\/prestamo-100-euros\/#breadcrumb","itemListElement":[{"@type":"ListItem","position":1,"name":"Top5Credits.com","item":"https:\/\/www.top5credits.com\/es\/"},{"@type":"ListItem","position":2,"name":"Compara pr\u00e9stamos personales online","item":"https:\/\/www.top5credits.com\/es\/prestamos-personales\/"},{"@type":"ListItem","position":3,"name":"Pr\u00e9stamo 100 euros"}]},{"@type":"WebSite","@id":"https:\/\/www.top5credits.com\/es\/#website","url":"https:\/\/www.top5credits.com\/es\/","name":"Top5Credits.com Espa\u00f1a","description":"","publisher":{"@id":"https:\/\/www.top5credits.com\/es\/#organization"},"potentialAction":[{"@type":"SearchAction","target":{"@type":"EntryPoint","urlTemplate":"https:\/\/www.top5credits.com\/es\/?s={search_term_string}"},"query-input":{"@type":"PropertyValueSpecification","valueRequired":true,"valueName":"search_term_string"}}],"inLanguage":"es"},{"@type":"Organization","@id":"https:\/\/www.top5credits.com\/es\/#organization","name":"Top5Credits.com","url":"https:\/\/www.top5credits.com\/es\/","logo":{"@type":"ImageObject","inLanguage":"es","@id":"https:\/\/www.top5credits.com\/es\/#\/schema\/logo\/image\/","url":"https:\/\/cdn.top5credits.com\/es\/wp-content\/uploads\/sites\/8\/2023\/10\/t5c-favicon.png","contentUrl":"https:\/\/cdn.top5credits.com\/es\/wp-content\/uploads\/sites\/8\/2023\/10\/t5c-favicon.png","width":512,"height":512,"caption":"Top5Credits.com"},"image":{"@id":"https:\/\/www.top5credits.com\/es\/#\/schema\/logo\/image\/"},"sameAs":["https:\/\/www.facebook.com\/Top5Creditscom-Espa\u00f1a-109158667157057"]},{"@type":"Question","@id":"https:\/\/www.top5credits.com\/es\/prestamos-personales\/prestamo-100-euros\/#faq-question-1576829372988","position":1,"url":"https:\/\/www.top5credits.com\/es\/prestamos-personales\/prestamo-100-euros\/#faq-question-1576829372988","name":"\u00bfC\u00f3mo puedo conseguir un pr\u00e9stamo de 100 euros?","answerCount":1,"acceptedAnswer":{"@type":"Answer","text":"Puedes buscar en nuestro comparador de pr\u00e9stamos directamente, o rellenar nuestro formulario.","inLanguage":"es"},"inLanguage":"es"},{"@type":"Question","@id":"https:\/\/www.top5credits.com\/es\/prestamos-personales\/prestamo-100-euros\/#faq-question-1576829473322","position":2,"url":"https:\/\/www.top5credits.com\/es\/prestamos-personales\/prestamo-100-euros\/#faq-question-1576829473322","name":"\u00bfPuedo pedir 100 euros estando en ASNEF?","answerCount":1,"acceptedAnswer":{"@type":"Answer","text":"S\u00ed. Existen muchos cr\u00e9ditos que ofrecen <a href=\"https:\/\/www.top5credits.com\/es\/prestamos-personales\/prestamo-100-euros\/\">100 euros<\/a> sin verificar nuestra pertenencia a ASNEF, o que aceptan a clientes en dicha lista.","inLanguage":"es"},"inLanguage":"es"},{"@type":"Question","@id":"https:\/\/www.top5credits.com\/es\/prestamos-personales\/prestamo-100-euros\/#faq-question-1576829480392","position":3,"url":"https:\/\/www.top5credits.com\/es\/prestamos-personales\/prestamo-100-euros\/#faq-question-1576829480392","name":"\u00bfCu\u00e1ntos intereses tiene un cr\u00e9dito de 100 euros?","answerCount":1,"acceptedAnswer":{"@type":"Answer","text":"Depender\u00e1 del producto, pero los intereses pueden superar el 100%. No obstante, al ser pagados en d\u00edas, no es tanta cantidad.","inLanguage":"es"},"inLanguage":"es"},{"@type":"Question","@id":"https:\/\/www.top5credits.com\/es\/prestamos-personales\/prestamo-100-euros\/#faq-question-1576829490092","position":4,"url":"https:\/\/www.top5credits.com\/es\/prestamos-personales\/prestamo-100-euros\/#faq-question-1576829490092","name":"\u00bfC\u00f3mo puede ayudarme Top5Credits?","answerCount":1,"acceptedAnswer":{"@type":"Answer","text":"En Top5Credits puedes comparar los pr\u00e9stamos con otros productos, as\u00ed como dejar que te recomendemos los 5 que m\u00e1s se te asemejan.","inLanguage":"es"},"inLanguage":"es"}]}},"_links":{"self":[{"href":"https:\/\/www.top5credits.com\/es\/wp-json\/wp\/v2\/pages\/3375","targetHints":{"allow":["GET"]}}],"collection":[{"href":"https:\/\/www.top5credits.com\/es\/wp-json\/wp\/v2\/pages"}],"about":[{"href":"https:\/\/www.top5credits.com\/es\/wp-json\/wp\/v2\/types\/page"}],"author":[{"embeddable":true,"href":"https:\/\/www.top5credits.com\/es\/wp-json\/wp\/v2\/users\/13"}],"replies":[{"embeddable":true,"href":"https:\/\/www.top5credits.com\/es\/wp-json\/wp\/v2\/comments?post=3375"}],"version-history":[{"count":0,"href":"https:\/\/www.top5credits.com\/es\/wp-json\/wp\/v2\/pages\/3375\/revisions"}],"up":[{"embeddable":true,"href":"https:\/\/www.top5credits.com\/es\/wp-json\/wp\/v2\/pages\/49"}],"wp:attachment":[{"href":"https:\/\/www.top5credits.com\/es\/wp-json\/wp\/v2\/media?parent=3375"}],"curies":[{"name":"wp","href":"https:\/\/api.w.org\/{rel}","templated":true}]}}