{"id":3378,"date":"2020-05-19T13:22:55","date_gmt":"2020-05-19T13:22:55","guid":{"rendered":"https:\/\/www.top5credits.com\/es\/?page_id=3378"},"modified":"2024-09-20T08:56:11","modified_gmt":"2024-09-20T08:56:11","slug":"prestamo-600-euros","status":"publish","type":"page","link":"https:\/\/www.top5credits.com\/es\/prestamos-personales\/prestamo-600-euros\/","title":{"rendered":"Pr\u00e9stamo 600 euros"},"content":{"rendered":"\n<div class=\"wp-block-group first-section\"><div class=\"wp-block-group__inner-container is-layout-flow wp-block-group-is-layout-flow\">\n<h1 class=\"has-text-align-center compare-title wp-block-heading\">Pr\u00e9stamo 600 euros<\/h1>\n\n\n\n<p class=\"has-text-align-center compare-title\">Compara y elige el pr\u00e9stamo de 600 euros que necesitas. <span class=\"luelisaanappi\">Leer&nbsp;m\u00e1s..<\/span> <span class=\"luelisaateksti\"> \u00bfNecesitas un pr\u00e9stamo de 600 euros? En Top5Credits.com hemos analizado las principales financieras en Espa\u00f1a, as\u00ed que hemos seleccionado todos los prestamistas que ofrecen pr\u00e9stamos de 600 euros. Compara las opciones y lee nuestras opiniones.\n<\/span><\/p>\n\n\n\n\n<\/div><\/div>\n\n\n\n\n\n\n<div class=\"top-results palkkio\">\n<span class=\"huomiomerkki\">!<\/span> La comisi\u00f3n que recibimos afecta directamente el listado &#8211; Leer m\u00e1s <span class=\"plus-trigger\">+<\/span>\n<p>Top5Credits.com es un website 100% gratuito con el prop\u00f3sito de suministrar informaci\u00f3n \u00fatil y de valor al usuario. Comparamos pr\u00e9stamos y los analizamos de manera objetiva. Para mantener nuestros servicios gratuitos, obtenemos comisiones de los bancos y prestamistas por cada usuario que les redirigimos. El ratio de compensaci\u00f3n afecta directamente el orden del listado de colaboradores.<\/p>\n<\/div>\n\n\n\n<div class=\"wp-block-group full-white\"><div class=\"wp-block-group__inner-container is-layout-flow wp-block-group-is-layout-flow\">\n<h2 class=\"wp-block-heading\">Pr\u00e9stamo de 600 euros<\/h2>\n\n\n\n<p>Muchas veces, los topes de los pr\u00e9stamos personales son demasiado r\u00edgidos, y nos olvidamos de que las cosas que consumimos o las deudas que contraemos, no son n\u00fameros enteros. Puede que necesites un <strong>pr\u00e9stamo de 600 euros<\/strong>, pero tu banco de ofrezca s\u00f3lo 500\u20ac o 1000\u20ac<\/p>\n\n\n\n<p>En estos casos, muchos nos lanzamos a pedir esos 500\u20ac y luego intentar sacar el resto de donde sea. O, tambi\u00e9n, puede que pidamos esos 1000\u20ac y amorticemos los 400\u20ac restantes, pero esta pr\u00e1ctica puede ser un poco peligrosa, por eso de que a veces nos tienta gastar ese dinero \u00abextra\u00bb<\/p>\n\n\n\n<p>Por suerte, s\u00ed que existen productos que ofrecen 600 euros, lo que vienen a ser cerca de <strong>10.000 de las antiguas pesetas<\/strong>. Y es que usar m\u00faltiplos de 6 con los euros en Espa\u00f1a es a\u00fan costumbre, ya que muchos precios y salarios se pasaron a euros en m\u00faltiplos de 6. <\/p>\n\n\n\n<h2 class=\"wp-block-heading\">\u00bf600 euros sin intereses?<\/h2>\n\n\n\n<p>Si queremos pedir 600\u20ac, lo m\u00e1s seguro es que acudamos a los <a href=\"https:\/\/www.top5credits.com\/es\/microprestamos\/\">micropr\u00e9stamos<\/a>. Estos productos suelen ser menos de 1000\u20ac, por lo que es el tipo de producto que nos interesar\u00e1 para \u00e9sta cantidad.<\/p>\n\n\n\n<p>Por ello, puede que est\u00e9s pensando que al ser una cantidad relativamente baja, podr\u00e1s pedir 600\u20ac sin intereses, ya que muchas financieras que ofrecen dicho importe tienen una oferta del <a href=\"https:\/\/www.top5credits.com\/es\/prestamos-personales\/primer-prestamo-gratis\/\">primer pr\u00e9stamo gratis<\/a>, \u00bfVerdad?<\/p>\n\n\n\n<p>Pues <strong>la verdad es que no<\/strong>. Incluso si la financiera ofrece el primero pr\u00e9stamo gratis, a d\u00eda de hoy, ninguna financiera ofrece m\u00e1s de 300\u20ac al 0% TAE. No descartamos que puedas haber encontrado una, pero deber\u00e1s examinar la oferta detenidamente.<\/p>\n\n\n\n<h2 class=\"wp-block-heading\">Pr\u00e9stamo de 600 euros a plazos<\/h2>\n\n\n\n<p>Por otro lado, puede que quieras el pr\u00e9stamo de 600 euros, pero prefieras un producto con las facilidades del <a href=\"https:\/\/www.top5credits.com\/es\/prestamos-personales\/\">pr\u00e9stamo personal<\/a>, que puedas devolver a plazos.<\/p>\n\n\n\n<p>Nuestra experiencia nos dice que <strong>no es aconsejable aplazar<\/strong> m\u00e1s de un mes un cr\u00e9dito de 600 euros. Piensa que los minicr\u00e9ditos tienen unos TAE&#8217;s muy altos, pero que no tienen por qu\u00e9 traducirse en intereses excesivamente altos ya que se suelen pagar en d\u00edas.<\/p>\n\n\n\n<p>No obstante, si te es imposible pagar el cr\u00e9dito en 30 o 60 d\u00edas, <strong>no lo aplaces m\u00e1s de 3 meses<\/strong>. Las financieras por defecto no suelen permitirlo, ya que aplazar mucho una cantidad peque\u00f1a es perjudicial para ambas partes, a no ser que la financiera quiera enriquecerse con nuestra deuda.<\/p>\n\n\n\n<h2 class=\"wp-block-heading\">Ejemplo de pr\u00e9stamo de 600 euros<\/h2>\n\n\n\n<p>A continuaci\u00f3n, te adjuntamos un ejemplo de un pr\u00e9stamo de 600\u20ac pedido a <a href=\"https:\/\/www.top5credits.com\/es\/opiniones\/cofidis\/\">Viaconto<\/a>.<\/p>\n\n\n\n<p class=\"paras-tarjous has-background\" style=\"background-color:#c7e7fb\"><strong>Resumen de la oferta:<\/strong><br>Importe:  600\u20ac <br>Cuota: 705\u20ac <br>Plazos:  15 d\u00edas<br>Intereses: 4961% <br>Total: 705\u20ac  <\/p>\n<\/div><\/div>\n\n\n\n<div class=\"page-faqs\">\n\n\n\n<h2 class=\"has-text-align-center wp-block-heading\">Preguntas y respuestas<\/h2>\n\n\n\n<div class=\"schema-faq wp-block-yoast-faq-block\"><div class=\"schema-faq-section\" id=\"faq-question-1576829372988\"><strong class=\"schema-faq-question\">\u00bfPuedo pedir 600 euros a mi banco?<\/strong> <p class=\"schema-faq-answer\">Normalmente, los bancos tradicionales no dan pr\u00e9stamos tan peque\u00f1os, y tendr\u00e1s que acudir a micropr\u00e9stamos.<\/p> <\/div> <div class=\"schema-faq-section\" id=\"faq-question-1576829473322\"><strong class=\"schema-faq-question\">\u00bfEs posible pedir 600 euros estando en ASNEF?<\/strong> <p class=\"schema-faq-answer\">S\u00ed. Muchas entidades ofrecen pr\u00e9stamos con ASNEF, especialmente para cifras tan bajas.<\/p> <\/div> <div class=\"schema-faq-section\" id=\"faq-question-1576829480392\"><strong class=\"schema-faq-question\">\u00bfCu\u00e1ntos intereses tiene un cr\u00e9dito de 600 euros?<\/strong> <p class=\"schema-faq-answer\">Con Viaconto, por ejemplo, los intereses totales son 105\u20ac al devolverlo en 15 d\u00edas.<\/p> <\/div> <div class=\"schema-faq-section\" id=\"faq-question-1576829490092\"><strong class=\"schema-faq-question\">\u00bfC\u00f3mo puede ayudarme Top5Credits?<\/strong> <p class=\"schema-faq-answer\">En Top5Credits puedes comparar los pr\u00e9stamos con otros productos, as\u00ed como dejar que te recomendemos los 5 que m\u00e1s se te asemejan.<\/p> <\/div> <\/div>\n\n\n\n<\/div>\n","protected":false},"excerpt":{"rendered":"<p>Pr\u00e9stamo 600 euros Compara y elige el pr\u00e9stamo de 600 euros que necesitas. Leer&nbsp;m\u00e1s.. \u00bfNecesitas un pr\u00e9stamo de 600 euros? En Top5Credits.com hemos analizado las<\/p>\n<p class=\"more-link\">Seguir leyendo <span class=\"screen-reader-text\">Pr\u00e9stamo 600 euros<\/span><\/p>\n","protected":false},"author":13,"featured_media":0,"parent":49,"menu_order":0,"comment_status":"closed","ping_status":"closed","template":"page-results.php","meta":{"footnotes":""},"class_list":["post-3378","page","type-page","status-publish","hentry","entry"],"yoast_head":"<!-- This site is optimized with the Yoast SEO plugin v27.3 - https:\/\/yoast.com\/product\/yoast-seo-wordpress\/ -->\n<title>Pr\u00e9stamo 600 euros - Top5Credits.com<\/title>\n<meta name=\"description\" content=\"\u00bfNecesitas 600 euros? SI te hacen falta 10.000 de las antiguas pesetas, en Top5Credits te ayudamos a encontrar un pr\u00e9stamo de 600 euros.\" \/>\n<meta name=\"robots\" content=\"index, follow, max-snippet:-1, max-image-preview:large, max-video-preview:-1\" \/>\n<link rel=\"canonical\" href=\"https:\/\/www.top5credits.com\/es\/prestamos-personales\/prestamo-600-euros\/\" \/>\n<meta property=\"og:locale\" content=\"es_ES\" \/>\n<meta property=\"og:type\" content=\"article\" \/>\n<meta property=\"og:title\" content=\"Pr\u00e9stamo 600 euros - Top5Credits.com\" \/>\n<meta property=\"og:description\" content=\"\u00bfNecesitas 600 euros? SI te hacen falta 10.000 de las antiguas pesetas, en Top5Credits te ayudamos a encontrar un pr\u00e9stamo de 600 euros.\" \/>\n<meta property=\"og:url\" content=\"https:\/\/www.top5credits.com\/es\/prestamos-personales\/prestamo-600-euros\/\" \/>\n<meta property=\"og:site_name\" content=\"Top5Credits.com Espa\u00f1a\" \/>\n<meta property=\"article:publisher\" content=\"https:\/\/www.facebook.com\/Top5Creditscom-Espa%c3%b1a-109158667157057\" \/>\n<meta property=\"article:modified_time\" content=\"2024-09-20T08:56:11+00:00\" \/>\n<meta property=\"og:image\" content=\"https:\/\/cdn.top5credits.com\/es\/wp-content\/uploads\/sites\/8\/2023\/11\/top5credits-com-ogimage.png?cdn=1.1.1\" \/>\n\t<meta property=\"og:image:width\" content=\"1200\" \/>\n\t<meta property=\"og:image:height\" content=\"630\" \/>\n\t<meta property=\"og:image:type\" content=\"image\/png\" \/>\n<meta name=\"twitter:card\" content=\"summary_large_image\" \/>\n<meta name=\"twitter:label1\" content=\"Tiempo de lectura\" \/>\n\t<meta name=\"twitter:data1\" content=\"4 minutos\" \/>\n<script type=\"application\/ld+json\" class=\"yoast-schema-graph\">{\"@context\":\"https:\\\/\\\/schema.org\",\"@graph\":[{\"@type\":[\"WebPage\",\"FAQPage\"],\"@id\":\"https:\\\/\\\/www.top5credits.com\\\/es\\\/prestamos-personales\\\/prestamo-600-euros\\\/\",\"url\":\"https:\\\/\\\/www.top5credits.com\\\/es\\\/prestamos-personales\\\/prestamo-600-euros\\\/\",\"name\":\"Pr\u00e9stamo 600 euros - Top5Credits.com\",\"isPartOf\":{\"@id\":\"https:\\\/\\\/www.top5credits.com\\\/es\\\/#website\"},\"datePublished\":\"2020-05-19T13:22:55+00:00\",\"dateModified\":\"2024-09-20T08:56:11+00:00\",\"description\":\"\u00bfNecesitas 600 euros? SI te hacen falta 10.000 de las antiguas pesetas, en Top5Credits te ayudamos a encontrar un pr\u00e9stamo de 600 euros.\",\"breadcrumb\":{\"@id\":\"https:\\\/\\\/www.top5credits.com\\\/es\\\/prestamos-personales\\\/prestamo-600-euros\\\/#breadcrumb\"},\"mainEntity\":[{\"@id\":\"https:\\\/\\\/www.top5credits.com\\\/es\\\/prestamos-personales\\\/prestamo-600-euros\\\/#faq-question-1576829372988\"},{\"@id\":\"https:\\\/\\\/www.top5credits.com\\\/es\\\/prestamos-personales\\\/prestamo-600-euros\\\/#faq-question-1576829473322\"},{\"@id\":\"https:\\\/\\\/www.top5credits.com\\\/es\\\/prestamos-personales\\\/prestamo-600-euros\\\/#faq-question-1576829480392\"},{\"@id\":\"https:\\\/\\\/www.top5credits.com\\\/es\\\/prestamos-personales\\\/prestamo-600-euros\\\/#faq-question-1576829490092\"}],\"inLanguage\":\"es\",\"potentialAction\":[{\"@type\":\"ReadAction\",\"target\":[\"https:\\\/\\\/www.top5credits.com\\\/es\\\/prestamos-personales\\\/prestamo-600-euros\\\/\"]}]},{\"@type\":\"BreadcrumbList\",\"@id\":\"https:\\\/\\\/www.top5credits.com\\\/es\\\/prestamos-personales\\\/prestamo-600-euros\\\/#breadcrumb\",\"itemListElement\":[{\"@type\":\"ListItem\",\"position\":1,\"name\":\"Top5Credits.com\",\"item\":\"https:\\\/\\\/www.top5credits.com\\\/es\\\/\"},{\"@type\":\"ListItem\",\"position\":2,\"name\":\"Compara pr\u00e9stamos personales online\",\"item\":\"https:\\\/\\\/www.top5credits.com\\\/es\\\/prestamos-personales\\\/\"},{\"@type\":\"ListItem\",\"position\":3,\"name\":\"Pr\u00e9stamo 600 euros\"}]},{\"@type\":\"WebSite\",\"@id\":\"https:\\\/\\\/www.top5credits.com\\\/es\\\/#website\",\"url\":\"https:\\\/\\\/www.top5credits.com\\\/es\\\/\",\"name\":\"Top5Credits.com Espa\u00f1a\",\"description\":\"\",\"publisher\":{\"@id\":\"https:\\\/\\\/www.top5credits.com\\\/es\\\/#organization\"},\"potentialAction\":[{\"@type\":\"SearchAction\",\"target\":{\"@type\":\"EntryPoint\",\"urlTemplate\":\"https:\\\/\\\/www.top5credits.com\\\/es\\\/?s={search_term_string}\"},\"query-input\":{\"@type\":\"PropertyValueSpecification\",\"valueRequired\":true,\"valueName\":\"search_term_string\"}}],\"inLanguage\":\"es\"},{\"@type\":\"Organization\",\"@id\":\"https:\\\/\\\/www.top5credits.com\\\/es\\\/#organization\",\"name\":\"Top5Credits.com\",\"url\":\"https:\\\/\\\/www.top5credits.com\\\/es\\\/\",\"logo\":{\"@type\":\"ImageObject\",\"inLanguage\":\"es\",\"@id\":\"https:\\\/\\\/www.top5credits.com\\\/es\\\/#\\\/schema\\\/logo\\\/image\\\/\",\"url\":\"https:\\\/\\\/cdn.top5credits.com\\\/es\\\/wp-content\\\/uploads\\\/sites\\\/8\\\/2023\\\/10\\\/t5c-favicon.png\",\"contentUrl\":\"https:\\\/\\\/cdn.top5credits.com\\\/es\\\/wp-content\\\/uploads\\\/sites\\\/8\\\/2023\\\/10\\\/t5c-favicon.png\",\"width\":512,\"height\":512,\"caption\":\"Top5Credits.com\"},\"image\":{\"@id\":\"https:\\\/\\\/www.top5credits.com\\\/es\\\/#\\\/schema\\\/logo\\\/image\\\/\"},\"sameAs\":[\"https:\\\/\\\/www.facebook.com\\\/Top5Creditscom-Espa\u00f1a-109158667157057\"]},{\"@type\":\"Question\",\"@id\":\"https:\\\/\\\/www.top5credits.com\\\/es\\\/prestamos-personales\\\/prestamo-600-euros\\\/#faq-question-1576829372988\",\"position\":1,\"url\":\"https:\\\/\\\/www.top5credits.com\\\/es\\\/prestamos-personales\\\/prestamo-600-euros\\\/#faq-question-1576829372988\",\"name\":\"\u00bfPuedo pedir 600 euros a mi banco?\",\"answerCount\":1,\"acceptedAnswer\":{\"@type\":\"Answer\",\"text\":\"Normalmente, los bancos tradicionales no dan pr\u00e9stamos tan peque\u00f1os, y tendr\u00e1s que acudir a micropr\u00e9stamos.\",\"inLanguage\":\"es\"},\"inLanguage\":\"es\"},{\"@type\":\"Question\",\"@id\":\"https:\\\/\\\/www.top5credits.com\\\/es\\\/prestamos-personales\\\/prestamo-600-euros\\\/#faq-question-1576829473322\",\"position\":2,\"url\":\"https:\\\/\\\/www.top5credits.com\\\/es\\\/prestamos-personales\\\/prestamo-600-euros\\\/#faq-question-1576829473322\",\"name\":\"\u00bfEs posible pedir 600 euros estando en ASNEF?\",\"answerCount\":1,\"acceptedAnswer\":{\"@type\":\"Answer\",\"text\":\"S\u00ed. Muchas entidades ofrecen pr\u00e9stamos con ASNEF, especialmente para cifras tan bajas.\",\"inLanguage\":\"es\"},\"inLanguage\":\"es\"},{\"@type\":\"Question\",\"@id\":\"https:\\\/\\\/www.top5credits.com\\\/es\\\/prestamos-personales\\\/prestamo-600-euros\\\/#faq-question-1576829480392\",\"position\":3,\"url\":\"https:\\\/\\\/www.top5credits.com\\\/es\\\/prestamos-personales\\\/prestamo-600-euros\\\/#faq-question-1576829480392\",\"name\":\"\u00bfCu\u00e1ntos intereses tiene un cr\u00e9dito de 600 euros?\",\"answerCount\":1,\"acceptedAnswer\":{\"@type\":\"Answer\",\"text\":\"Con Viaconto, por ejemplo, los intereses totales son 105\u20ac al devolverlo en 15 d\u00edas.\",\"inLanguage\":\"es\"},\"inLanguage\":\"es\"},{\"@type\":\"Question\",\"@id\":\"https:\\\/\\\/www.top5credits.com\\\/es\\\/prestamos-personales\\\/prestamo-600-euros\\\/#faq-question-1576829490092\",\"position\":4,\"url\":\"https:\\\/\\\/www.top5credits.com\\\/es\\\/prestamos-personales\\\/prestamo-600-euros\\\/#faq-question-1576829490092\",\"name\":\"\u00bfC\u00f3mo puede ayudarme Top5Credits?\",\"answerCount\":1,\"acceptedAnswer\":{\"@type\":\"Answer\",\"text\":\"En Top5Credits puedes comparar los pr\u00e9stamos con otros productos, as\u00ed como dejar que te recomendemos los 5 que m\u00e1s se te asemejan.\",\"inLanguage\":\"es\"},\"inLanguage\":\"es\"}]}<\/script>\n<!-- \/ Yoast SEO plugin. -->","yoast_head_json":{"title":"Pr\u00e9stamo 600 euros - Top5Credits.com","description":"\u00bfNecesitas 600 euros? SI te hacen falta 10.000 de las antiguas pesetas, en Top5Credits te ayudamos a encontrar un pr\u00e9stamo de 600 euros.","robots":{"index":"index","follow":"follow","max-snippet":"max-snippet:-1","max-image-preview":"max-image-preview:large","max-video-preview":"max-video-preview:-1"},"canonical":"https:\/\/www.top5credits.com\/es\/prestamos-personales\/prestamo-600-euros\/","og_locale":"es_ES","og_type":"article","og_title":"Pr\u00e9stamo 600 euros - Top5Credits.com","og_description":"\u00bfNecesitas 600 euros? SI te hacen falta 10.000 de las antiguas pesetas, en Top5Credits te ayudamos a encontrar un pr\u00e9stamo de 600 euros.","og_url":"https:\/\/www.top5credits.com\/es\/prestamos-personales\/prestamo-600-euros\/","og_site_name":"Top5Credits.com Espa\u00f1a","article_publisher":"https:\/\/www.facebook.com\/Top5Creditscom-Espa%c3%b1a-109158667157057","article_modified_time":"2024-09-20T08:56:11+00:00","og_image":[{"width":1200,"height":630,"url":"https:\/\/cdn.top5credits.com\/es\/wp-content\/uploads\/sites\/8\/2023\/11\/top5credits-com-ogimage.png?cdn=1.1.1","type":"image\/png"}],"twitter_card":"summary_large_image","twitter_misc":{"Tiempo de lectura":"4 minutos"},"schema":{"@context":"https:\/\/schema.org","@graph":[{"@type":["WebPage","FAQPage"],"@id":"https:\/\/www.top5credits.com\/es\/prestamos-personales\/prestamo-600-euros\/","url":"https:\/\/www.top5credits.com\/es\/prestamos-personales\/prestamo-600-euros\/","name":"Pr\u00e9stamo 600 euros - Top5Credits.com","isPartOf":{"@id":"https:\/\/www.top5credits.com\/es\/#website"},"datePublished":"2020-05-19T13:22:55+00:00","dateModified":"2024-09-20T08:56:11+00:00","description":"\u00bfNecesitas 600 euros? SI te hacen falta 10.000 de las antiguas pesetas, en Top5Credits te ayudamos a encontrar un pr\u00e9stamo de 600 euros.","breadcrumb":{"@id":"https:\/\/www.top5credits.com\/es\/prestamos-personales\/prestamo-600-euros\/#breadcrumb"},"mainEntity":[{"@id":"https:\/\/www.top5credits.com\/es\/prestamos-personales\/prestamo-600-euros\/#faq-question-1576829372988"},{"@id":"https:\/\/www.top5credits.com\/es\/prestamos-personales\/prestamo-600-euros\/#faq-question-1576829473322"},{"@id":"https:\/\/www.top5credits.com\/es\/prestamos-personales\/prestamo-600-euros\/#faq-question-1576829480392"},{"@id":"https:\/\/www.top5credits.com\/es\/prestamos-personales\/prestamo-600-euros\/#faq-question-1576829490092"}],"inLanguage":"es","potentialAction":[{"@type":"ReadAction","target":["https:\/\/www.top5credits.com\/es\/prestamos-personales\/prestamo-600-euros\/"]}]},{"@type":"BreadcrumbList","@id":"https:\/\/www.top5credits.com\/es\/prestamos-personales\/prestamo-600-euros\/#breadcrumb","itemListElement":[{"@type":"ListItem","position":1,"name":"Top5Credits.com","item":"https:\/\/www.top5credits.com\/es\/"},{"@type":"ListItem","position":2,"name":"Compara pr\u00e9stamos personales online","item":"https:\/\/www.top5credits.com\/es\/prestamos-personales\/"},{"@type":"ListItem","position":3,"name":"Pr\u00e9stamo 600 euros"}]},{"@type":"WebSite","@id":"https:\/\/www.top5credits.com\/es\/#website","url":"https:\/\/www.top5credits.com\/es\/","name":"Top5Credits.com Espa\u00f1a","description":"","publisher":{"@id":"https:\/\/www.top5credits.com\/es\/#organization"},"potentialAction":[{"@type":"SearchAction","target":{"@type":"EntryPoint","urlTemplate":"https:\/\/www.top5credits.com\/es\/?s={search_term_string}"},"query-input":{"@type":"PropertyValueSpecification","valueRequired":true,"valueName":"search_term_string"}}],"inLanguage":"es"},{"@type":"Organization","@id":"https:\/\/www.top5credits.com\/es\/#organization","name":"Top5Credits.com","url":"https:\/\/www.top5credits.com\/es\/","logo":{"@type":"ImageObject","inLanguage":"es","@id":"https:\/\/www.top5credits.com\/es\/#\/schema\/logo\/image\/","url":"https:\/\/cdn.top5credits.com\/es\/wp-content\/uploads\/sites\/8\/2023\/10\/t5c-favicon.png","contentUrl":"https:\/\/cdn.top5credits.com\/es\/wp-content\/uploads\/sites\/8\/2023\/10\/t5c-favicon.png","width":512,"height":512,"caption":"Top5Credits.com"},"image":{"@id":"https:\/\/www.top5credits.com\/es\/#\/schema\/logo\/image\/"},"sameAs":["https:\/\/www.facebook.com\/Top5Creditscom-Espa\u00f1a-109158667157057"]},{"@type":"Question","@id":"https:\/\/www.top5credits.com\/es\/prestamos-personales\/prestamo-600-euros\/#faq-question-1576829372988","position":1,"url":"https:\/\/www.top5credits.com\/es\/prestamos-personales\/prestamo-600-euros\/#faq-question-1576829372988","name":"\u00bfPuedo pedir 600 euros a mi banco?","answerCount":1,"acceptedAnswer":{"@type":"Answer","text":"Normalmente, los bancos tradicionales no dan pr\u00e9stamos tan peque\u00f1os, y tendr\u00e1s que acudir a micropr\u00e9stamos.","inLanguage":"es"},"inLanguage":"es"},{"@type":"Question","@id":"https:\/\/www.top5credits.com\/es\/prestamos-personales\/prestamo-600-euros\/#faq-question-1576829473322","position":2,"url":"https:\/\/www.top5credits.com\/es\/prestamos-personales\/prestamo-600-euros\/#faq-question-1576829473322","name":"\u00bfEs posible pedir 600 euros estando en ASNEF?","answerCount":1,"acceptedAnswer":{"@type":"Answer","text":"S\u00ed. Muchas entidades ofrecen pr\u00e9stamos con ASNEF, especialmente para cifras tan bajas.","inLanguage":"es"},"inLanguage":"es"},{"@type":"Question","@id":"https:\/\/www.top5credits.com\/es\/prestamos-personales\/prestamo-600-euros\/#faq-question-1576829480392","position":3,"url":"https:\/\/www.top5credits.com\/es\/prestamos-personales\/prestamo-600-euros\/#faq-question-1576829480392","name":"\u00bfCu\u00e1ntos intereses tiene un cr\u00e9dito de 600 euros?","answerCount":1,"acceptedAnswer":{"@type":"Answer","text":"Con Viaconto, por ejemplo, los intereses totales son 105\u20ac al devolverlo en 15 d\u00edas.","inLanguage":"es"},"inLanguage":"es"},{"@type":"Question","@id":"https:\/\/www.top5credits.com\/es\/prestamos-personales\/prestamo-600-euros\/#faq-question-1576829490092","position":4,"url":"https:\/\/www.top5credits.com\/es\/prestamos-personales\/prestamo-600-euros\/#faq-question-1576829490092","name":"\u00bfC\u00f3mo puede ayudarme Top5Credits?","answerCount":1,"acceptedAnswer":{"@type":"Answer","text":"En Top5Credits puedes comparar los pr\u00e9stamos con otros productos, as\u00ed como dejar que te recomendemos los 5 que m\u00e1s se te asemejan.","inLanguage":"es"},"inLanguage":"es"}]}},"_links":{"self":[{"href":"https:\/\/www.top5credits.com\/es\/wp-json\/wp\/v2\/pages\/3378","targetHints":{"allow":["GET"]}}],"collection":[{"href":"https:\/\/www.top5credits.com\/es\/wp-json\/wp\/v2\/pages"}],"about":[{"href":"https:\/\/www.top5credits.com\/es\/wp-json\/wp\/v2\/types\/page"}],"author":[{"embeddable":true,"href":"https:\/\/www.top5credits.com\/es\/wp-json\/wp\/v2\/users\/13"}],"replies":[{"embeddable":true,"href":"https:\/\/www.top5credits.com\/es\/wp-json\/wp\/v2\/comments?post=3378"}],"version-history":[{"count":0,"href":"https:\/\/www.top5credits.com\/es\/wp-json\/wp\/v2\/pages\/3378\/revisions"}],"up":[{"embeddable":true,"href":"https:\/\/www.top5credits.com\/es\/wp-json\/wp\/v2\/pages\/49"}],"wp:attachment":[{"href":"https:\/\/www.top5credits.com\/es\/wp-json\/wp\/v2\/media?parent=3378"}],"curies":[{"name":"wp","href":"https:\/\/api.w.org\/{rel}","templated":true}]}}