{"id":3382,"date":"2020-05-20T10:59:26","date_gmt":"2020-05-20T10:59:26","guid":{"rendered":"https:\/\/www.top5credits.com\/es\/?page_id=3382"},"modified":"2024-09-20T08:56:20","modified_gmt":"2024-09-20T08:56:20","slug":"prestamo-8000-euros","status":"publish","type":"page","link":"https:\/\/www.top5credits.com\/es\/prestamos-personales\/prestamo-8000-euros\/","title":{"rendered":"Pr\u00e9stamo 8000 euros"},"content":{"rendered":"\n<div class=\"wp-block-group first-section\"><div class=\"wp-block-group__inner-container is-layout-flow wp-block-group-is-layout-flow\">\n<h1 class=\"has-text-align-center compare-title wp-block-heading\">Pr\u00e9stamo 8000 euros<\/h1>\n\n\n\n<p class=\"has-text-align-center compare-title\">Compara y elige el pr\u00e9stamo de 8000 euros que necesitas. \u00bfNecesitas un pr\u00e9stamo de 8000 euros? En Top5Credits.com hemos analizado las principales financieras en Espa\u00f1a, as\u00ed que hemos seleccionado todos los prestamistas que ofrecen pr\u00e9stamos de 8000 euros. Compara las opciones y lee nuestras opiniones.<\/p>\n\n\n\n\n<\/div><\/div>\n\n\n\n\n\n\n<div class=\"top-results palkkio\">\n<span class=\"huomiomerkki\">!<\/span> La comisi\u00f3n que recibimos afecta directamente el listado &#8211; Leer m\u00e1s <span class=\"plus-trigger\">+<\/span>\n<p>Top5Credits.com es un website 100% gratuito con el prop\u00f3sito de suministrar informaci\u00f3n \u00fatil y de valor al usuario. Comparamos pr\u00e9stamos y los analizamos de manera objetiva. Para mantener nuestros servicios gratuitos, obtenemos comisiones de los bancos y prestamistas por cada usuario que les redirigimos. El ratio de compensaci\u00f3n afecta directamente el orden del listado de colaboradores.<\/p>\n<\/div>\n\n\n\n<div class=\"wp-block-group full-white\"><div class=\"wp-block-group__inner-container is-layout-flow wp-block-group-is-layout-flow\">\n<h2 class=\"wp-block-heading\">Pr\u00e9stamo de 8000 euros<\/h2>\n\n\n\n<p>\u00bfNecesitas <strong>8000 euros<\/strong> y tu banco no te los concede? No te preocupes. No creas que la entidad bancaria donde tienes la n\u00f3mina es la \u00fanica financiera que puede ofrecerte un pr\u00e9stamo. Existen muchas plataformas que te prestar\u00e1n dicha cantidad. Conseguir un pr\u00e9stamo de 8000 euros no es tan dif\u00edcil como pueda parecer.<\/p>\n\n\n\n<p>No obstante, no te lances a la primera oferta que encuentres. Aunque los cr\u00e9ditos online m\u00e1s comunes son los <a href=\"https:\/\/www.top5credits.com\/es\/microprestamos\/\">micropr\u00e9stamos<\/a>, conseguir  un cr\u00e9dito online de dicha cantidad a buen precio puede ser un quebradero de cabeza, ya que la mayor\u00eda de los intereses bajos son los ofrecidos por los bancos tradicionales.<\/p>\n\n\n\n<h2 class=\"wp-block-heading\">Pr\u00e9stamos de 8000 euros con ASNEF, \u00bfEs posible?<\/h2>\n\n\n\n<p>Puede que est\u00e9s buscado un <strong>cr\u00e9dito online<\/strong> precisamente porque tu banco te deniega el pr\u00e9stamo al estar en una lista de morosos. Y es que un pr\u00e9stamo de 8000 euros empieza a ser una cantidad razonable, y es normal que las financieras se quieran asegurar de que puedas pagar el pr\u00e9stamo.<\/p>\n\n\n\n<p>No obstante, <strong>s\u00ed que es posible pedir 8000 euros estando en ASNEF<\/strong>. Eso s\u00ed, has de tener en cuenta que este tipo de pr\u00e9stamos tienen un alto inter\u00e9s, adem\u00e1s de que muchos tendr\u00e1n en cuenta el importe de tu deuda en la lista de morosos, ya que <strong>no es lo mismo deber 500\u20ac que 5000\u20ac.<\/strong><\/p>\n\n\n\n<h2 class=\"wp-block-heading\">\u00bfEs f\u00e1cil conseguir 8000 euros?<\/h2>\n\n\n\n<p>La facilidad con la que podremos aspirar un pr\u00e9stamo o no, depende tanto del importe que pidamos como de nosotros mismos. No es lo mismo pedir este cr\u00e9dito al banco de toda la vida con el que nunca hemos tenido una deuda sin pagar, que pedirlo <strong>si tenemos un mal historial crediticio.<\/strong><\/p>\n\n\n\n<p>Obviamente, un pr\u00e9stamo de 8000 euros no es tan f\u00e1cil de conseguir como un <a href=\"https:\/\/www.top5credits.com\/es\/prestamos-personales\/prestamo-300-euros\/\">pr\u00e9stamo de 300 euros<\/a>. Eso s\u00ed, no es necesariamente mucho m\u00e1s dif\u00edcil si nuestra situaci\u00f3n crediticia es buena. Claro que, de no serlo, no deber\u00edamos pedir un pr\u00e9stamo tan elevado.<\/p>\n\n\n\n<p>Igualmente, lo mejor que puedes hacer siempre es<strong> pedir tantas ofertas diferentes como puedas<\/strong>. Hasta que no firmes un contrato, no contratar\u00e1s nada, por lo que te puedes asegurar de que puedes optar al pr\u00e9stamo antes de pedirlo.<\/p>\n\n\n\n<h2 class=\"wp-block-heading\">\u00bfCu\u00e1l es el mejor pr\u00e9stamo de 8000 euros?<\/h2>\n\n\n\n<p>Tanto en los pr\u00e9stamos como en todo en la vida, lo que es mejor y peor depender\u00e1 de la persona. Piensa que incluso si lo que buscas es algo tan tangible como <strong>el pr\u00e9stamo m\u00e1s barato, <\/strong>puede que el que tenga el n\u00famero de inter\u00e9s m\u00e1s bajo absoluto puede que no est\u00e9 a tu alcance.<\/p>\n\n\n\n<p>Y no deber\u00edas sentirte mal. Normalmente los pr\u00e9stamos de bancos tradicionales son los que tienen el inter\u00e9s m\u00e1s bajo. Pero claro, para acceder a ellos, quiz\u00e1s tengas que contratar un producto que no necesitas, o cuyos costes excedan al final lo que ahorras en intereses,<\/p>\n\n\n\n<p>Por ello, valora tus necesidades y expectativas. Puedes usar nuestro <a href=\"https:\/\/www.top5credits.com\/es\/\">formulario<\/a>, el cual te ofrecer\u00e1 las 5 mejores opciones en funci\u00f3n a tu perfil, o puedes buscarlo t\u00fa mismo en nuestro<a href=\"https:\/\/www.top5credits.com\/es\/prestamos-personales\/\"> comparador de pr\u00e9stamos<\/a>.<\/p>\n<\/div><\/div>\n\n\n\n<h2 class=\"has-text-align-center wp-block-heading\">Preguntas Frecuentes<\/h2>\n\n\n\n<div class=\"schema-faq wp-block-yoast-faq-block\"><div class=\"schema-faq-section\" id=\"faq-question-1576829428004\"><strong class=\"schema-faq-question\">\u00bfC\u00f3mo conseguir un pr\u00e9stamo de 8000 euros?<\/strong> <p class=\"schema-faq-answer\">Puedes comparar diferentes entidades online, as\u00ed como consultar con tu banco.<\/p> <\/div> <div class=\"schema-faq-section\" id=\"faq-question-1576829428794\"><strong class=\"schema-faq-question\">\u00bfPuedo pedir 8000 euros estando en ASNEF?<\/strong> <p class=\"schema-faq-answer\">S\u00ed, aunque probablemente se requiera que tu deuda no sea muy alta.<\/p> <\/div> <div class=\"schema-faq-section\" id=\"faq-question-1576829442126\"><strong class=\"schema-faq-question\">\u00bfCu\u00e1nta es la TAE de 8000 euros?<\/strong> <p class=\"schema-faq-answer\">Depender\u00e1 del tiempo al que lo pidas y la entidad. Puede variar desde un 3% hasta m\u00e1s del 25%.<\/p> <\/div> <div class=\"schema-faq-section\" id=\"faq-question-1576829490092\"><strong class=\"schema-faq-question\">\u00bfC\u00f3mo me puede ayudar Top5Credits?<\/strong> <p class=\"schema-faq-answer\">Rellenando nuestro formulario o usando nuestro comparador, podr\u00e1s acceder a diferentes ofertas y an\u00e1lisis objetivos.<\/p> <\/div> <\/div>\n","protected":false},"excerpt":{"rendered":"<p>Pr\u00e9stamo 8000 euros Compara y elige el pr\u00e9stamo de 8000 euros que necesitas. \u00bfNecesitas un pr\u00e9stamo de 8000 euros? En Top5Credits.com hemos analizado las principales<\/p>\n<p class=\"more-link\">Seguir leyendo <span class=\"screen-reader-text\">Pr\u00e9stamo 8000 euros<\/span><\/p>\n","protected":false},"author":13,"featured_media":0,"parent":49,"menu_order":0,"comment_status":"closed","ping_status":"closed","template":"page-results.php","meta":{"footnotes":""},"class_list":["post-3382","page","type-page","status-publish","hentry","entry"],"yoast_head":"<!-- This site is optimized with the Yoast SEO plugin v27.3 - https:\/\/yoast.com\/product\/yoast-seo-wordpress\/ -->\n<title>Pr\u00e9stamo 8000 euros - Top5Credits.com<\/title>\n<meta name=\"description\" content=\"Si necesitas un pr\u00e9stamo de 8000 euros y no encuentras ninguna financiera, en Top5Credits te mostramos qui\u00e9nes son las que lo ofrecen.\" \/>\n<meta name=\"robots\" content=\"index, follow, max-snippet:-1, max-image-preview:large, max-video-preview:-1\" \/>\n<link rel=\"canonical\" href=\"https:\/\/www.top5credits.com\/es\/prestamos-personales\/prestamo-8000-euros\/\" \/>\n<meta property=\"og:locale\" content=\"es_ES\" \/>\n<meta property=\"og:type\" content=\"article\" \/>\n<meta property=\"og:title\" content=\"Pr\u00e9stamo 8000 euros - Top5Credits.com\" \/>\n<meta property=\"og:description\" content=\"Si necesitas un pr\u00e9stamo de 8000 euros y no encuentras ninguna financiera, en Top5Credits te mostramos qui\u00e9nes son las que lo ofrecen.\" \/>\n<meta property=\"og:url\" content=\"https:\/\/www.top5credits.com\/es\/prestamos-personales\/prestamo-8000-euros\/\" \/>\n<meta property=\"og:site_name\" content=\"Top5Credits.com Espa\u00f1a\" \/>\n<meta property=\"article:publisher\" content=\"https:\/\/www.facebook.com\/Top5Creditscom-Espa%c3%b1a-109158667157057\" \/>\n<meta property=\"article:modified_time\" content=\"2024-09-20T08:56:20+00:00\" \/>\n<meta property=\"og:image\" content=\"https:\/\/cdn.top5credits.com\/es\/wp-content\/uploads\/sites\/8\/2023\/11\/top5credits-com-ogimage.png?cdn=1.1.1\" \/>\n\t<meta property=\"og:image:width\" content=\"1200\" \/>\n\t<meta property=\"og:image:height\" content=\"630\" \/>\n\t<meta property=\"og:image:type\" content=\"image\/png\" \/>\n<meta name=\"twitter:card\" content=\"summary_large_image\" \/>\n<meta name=\"twitter:label1\" content=\"Tiempo de lectura\" \/>\n\t<meta name=\"twitter:data1\" content=\"4 minutos\" \/>\n<script type=\"application\/ld+json\" class=\"yoast-schema-graph\">{\"@context\":\"https:\\\/\\\/schema.org\",\"@graph\":[{\"@type\":[\"WebPage\",\"FAQPage\"],\"@id\":\"https:\\\/\\\/www.top5credits.com\\\/es\\\/prestamos-personales\\\/prestamo-8000-euros\\\/\",\"url\":\"https:\\\/\\\/www.top5credits.com\\\/es\\\/prestamos-personales\\\/prestamo-8000-euros\\\/\",\"name\":\"Pr\u00e9stamo 8000 euros - Top5Credits.com\",\"isPartOf\":{\"@id\":\"https:\\\/\\\/www.top5credits.com\\\/es\\\/#website\"},\"datePublished\":\"2020-05-20T10:59:26+00:00\",\"dateModified\":\"2024-09-20T08:56:20+00:00\",\"description\":\"Si necesitas un pr\u00e9stamo de 8000 euros y no encuentras ninguna financiera, en Top5Credits te mostramos qui\u00e9nes son las que lo ofrecen.\",\"breadcrumb\":{\"@id\":\"https:\\\/\\\/www.top5credits.com\\\/es\\\/prestamos-personales\\\/prestamo-8000-euros\\\/#breadcrumb\"},\"mainEntity\":[{\"@id\":\"https:\\\/\\\/www.top5credits.com\\\/es\\\/prestamos-personales\\\/prestamo-8000-euros\\\/#faq-question-1576829428004\"},{\"@id\":\"https:\\\/\\\/www.top5credits.com\\\/es\\\/prestamos-personales\\\/prestamo-8000-euros\\\/#faq-question-1576829428794\"},{\"@id\":\"https:\\\/\\\/www.top5credits.com\\\/es\\\/prestamos-personales\\\/prestamo-8000-euros\\\/#faq-question-1576829442126\"},{\"@id\":\"https:\\\/\\\/www.top5credits.com\\\/es\\\/prestamos-personales\\\/prestamo-8000-euros\\\/#faq-question-1576829490092\"}],\"inLanguage\":\"es\",\"potentialAction\":[{\"@type\":\"ReadAction\",\"target\":[\"https:\\\/\\\/www.top5credits.com\\\/es\\\/prestamos-personales\\\/prestamo-8000-euros\\\/\"]}]},{\"@type\":\"BreadcrumbList\",\"@id\":\"https:\\\/\\\/www.top5credits.com\\\/es\\\/prestamos-personales\\\/prestamo-8000-euros\\\/#breadcrumb\",\"itemListElement\":[{\"@type\":\"ListItem\",\"position\":1,\"name\":\"Top5Credits.com\",\"item\":\"https:\\\/\\\/www.top5credits.com\\\/es\\\/\"},{\"@type\":\"ListItem\",\"position\":2,\"name\":\"Compara pr\u00e9stamos personales online\",\"item\":\"https:\\\/\\\/www.top5credits.com\\\/es\\\/prestamos-personales\\\/\"},{\"@type\":\"ListItem\",\"position\":3,\"name\":\"Pr\u00e9stamo 8000 euros\"}]},{\"@type\":\"WebSite\",\"@id\":\"https:\\\/\\\/www.top5credits.com\\\/es\\\/#website\",\"url\":\"https:\\\/\\\/www.top5credits.com\\\/es\\\/\",\"name\":\"Top5Credits.com Espa\u00f1a\",\"description\":\"\",\"publisher\":{\"@id\":\"https:\\\/\\\/www.top5credits.com\\\/es\\\/#organization\"},\"potentialAction\":[{\"@type\":\"SearchAction\",\"target\":{\"@type\":\"EntryPoint\",\"urlTemplate\":\"https:\\\/\\\/www.top5credits.com\\\/es\\\/?s={search_term_string}\"},\"query-input\":{\"@type\":\"PropertyValueSpecification\",\"valueRequired\":true,\"valueName\":\"search_term_string\"}}],\"inLanguage\":\"es\"},{\"@type\":\"Organization\",\"@id\":\"https:\\\/\\\/www.top5credits.com\\\/es\\\/#organization\",\"name\":\"Top5Credits.com\",\"url\":\"https:\\\/\\\/www.top5credits.com\\\/es\\\/\",\"logo\":{\"@type\":\"ImageObject\",\"inLanguage\":\"es\",\"@id\":\"https:\\\/\\\/www.top5credits.com\\\/es\\\/#\\\/schema\\\/logo\\\/image\\\/\",\"url\":\"https:\\\/\\\/cdn.top5credits.com\\\/es\\\/wp-content\\\/uploads\\\/sites\\\/8\\\/2023\\\/10\\\/t5c-favicon.png\",\"contentUrl\":\"https:\\\/\\\/cdn.top5credits.com\\\/es\\\/wp-content\\\/uploads\\\/sites\\\/8\\\/2023\\\/10\\\/t5c-favicon.png\",\"width\":512,\"height\":512,\"caption\":\"Top5Credits.com\"},\"image\":{\"@id\":\"https:\\\/\\\/www.top5credits.com\\\/es\\\/#\\\/schema\\\/logo\\\/image\\\/\"},\"sameAs\":[\"https:\\\/\\\/www.facebook.com\\\/Top5Creditscom-Espa\u00f1a-109158667157057\"]},{\"@type\":\"Question\",\"@id\":\"https:\\\/\\\/www.top5credits.com\\\/es\\\/prestamos-personales\\\/prestamo-8000-euros\\\/#faq-question-1576829428004\",\"position\":1,\"url\":\"https:\\\/\\\/www.top5credits.com\\\/es\\\/prestamos-personales\\\/prestamo-8000-euros\\\/#faq-question-1576829428004\",\"name\":\"\u00bfC\u00f3mo conseguir un pr\u00e9stamo de 8000 euros?\",\"answerCount\":1,\"acceptedAnswer\":{\"@type\":\"Answer\",\"text\":\"Puedes comparar diferentes entidades online, as\u00ed como consultar con tu banco.\",\"inLanguage\":\"es\"},\"inLanguage\":\"es\"},{\"@type\":\"Question\",\"@id\":\"https:\\\/\\\/www.top5credits.com\\\/es\\\/prestamos-personales\\\/prestamo-8000-euros\\\/#faq-question-1576829428794\",\"position\":2,\"url\":\"https:\\\/\\\/www.top5credits.com\\\/es\\\/prestamos-personales\\\/prestamo-8000-euros\\\/#faq-question-1576829428794\",\"name\":\"\u00bfPuedo pedir 8000 euros estando en ASNEF?\",\"answerCount\":1,\"acceptedAnswer\":{\"@type\":\"Answer\",\"text\":\"S\u00ed, aunque probablemente se requiera que tu deuda no sea muy alta.\",\"inLanguage\":\"es\"},\"inLanguage\":\"es\"},{\"@type\":\"Question\",\"@id\":\"https:\\\/\\\/www.top5credits.com\\\/es\\\/prestamos-personales\\\/prestamo-8000-euros\\\/#faq-question-1576829442126\",\"position\":3,\"url\":\"https:\\\/\\\/www.top5credits.com\\\/es\\\/prestamos-personales\\\/prestamo-8000-euros\\\/#faq-question-1576829442126\",\"name\":\"\u00bfCu\u00e1nta es la TAE de 8000 euros?\",\"answerCount\":1,\"acceptedAnswer\":{\"@type\":\"Answer\",\"text\":\"Depender\u00e1 del tiempo al que lo pidas y la entidad. Puede variar desde un 3% hasta m\u00e1s del 25%.\",\"inLanguage\":\"es\"},\"inLanguage\":\"es\"},{\"@type\":\"Question\",\"@id\":\"https:\\\/\\\/www.top5credits.com\\\/es\\\/prestamos-personales\\\/prestamo-8000-euros\\\/#faq-question-1576829490092\",\"position\":4,\"url\":\"https:\\\/\\\/www.top5credits.com\\\/es\\\/prestamos-personales\\\/prestamo-8000-euros\\\/#faq-question-1576829490092\",\"name\":\"\u00bfC\u00f3mo me puede ayudar Top5Credits?\",\"answerCount\":1,\"acceptedAnswer\":{\"@type\":\"Answer\",\"text\":\"Rellenando nuestro formulario o usando nuestro comparador, podr\u00e1s acceder a diferentes ofertas y an\u00e1lisis objetivos.\",\"inLanguage\":\"es\"},\"inLanguage\":\"es\"}]}<\/script>\n<!-- \/ Yoast SEO plugin. -->","yoast_head_json":{"title":"Pr\u00e9stamo 8000 euros - Top5Credits.com","description":"Si necesitas un pr\u00e9stamo de 8000 euros y no encuentras ninguna financiera, en Top5Credits te mostramos qui\u00e9nes son las que lo ofrecen.","robots":{"index":"index","follow":"follow","max-snippet":"max-snippet:-1","max-image-preview":"max-image-preview:large","max-video-preview":"max-video-preview:-1"},"canonical":"https:\/\/www.top5credits.com\/es\/prestamos-personales\/prestamo-8000-euros\/","og_locale":"es_ES","og_type":"article","og_title":"Pr\u00e9stamo 8000 euros - Top5Credits.com","og_description":"Si necesitas un pr\u00e9stamo de 8000 euros y no encuentras ninguna financiera, en Top5Credits te mostramos qui\u00e9nes son las que lo ofrecen.","og_url":"https:\/\/www.top5credits.com\/es\/prestamos-personales\/prestamo-8000-euros\/","og_site_name":"Top5Credits.com Espa\u00f1a","article_publisher":"https:\/\/www.facebook.com\/Top5Creditscom-Espa%c3%b1a-109158667157057","article_modified_time":"2024-09-20T08:56:20+00:00","og_image":[{"width":1200,"height":630,"url":"https:\/\/cdn.top5credits.com\/es\/wp-content\/uploads\/sites\/8\/2023\/11\/top5credits-com-ogimage.png?cdn=1.1.1","type":"image\/png"}],"twitter_card":"summary_large_image","twitter_misc":{"Tiempo de lectura":"4 minutos"},"schema":{"@context":"https:\/\/schema.org","@graph":[{"@type":["WebPage","FAQPage"],"@id":"https:\/\/www.top5credits.com\/es\/prestamos-personales\/prestamo-8000-euros\/","url":"https:\/\/www.top5credits.com\/es\/prestamos-personales\/prestamo-8000-euros\/","name":"Pr\u00e9stamo 8000 euros - Top5Credits.com","isPartOf":{"@id":"https:\/\/www.top5credits.com\/es\/#website"},"datePublished":"2020-05-20T10:59:26+00:00","dateModified":"2024-09-20T08:56:20+00:00","description":"Si necesitas un pr\u00e9stamo de 8000 euros y no encuentras ninguna financiera, en Top5Credits te mostramos qui\u00e9nes son las que lo ofrecen.","breadcrumb":{"@id":"https:\/\/www.top5credits.com\/es\/prestamos-personales\/prestamo-8000-euros\/#breadcrumb"},"mainEntity":[{"@id":"https:\/\/www.top5credits.com\/es\/prestamos-personales\/prestamo-8000-euros\/#faq-question-1576829428004"},{"@id":"https:\/\/www.top5credits.com\/es\/prestamos-personales\/prestamo-8000-euros\/#faq-question-1576829428794"},{"@id":"https:\/\/www.top5credits.com\/es\/prestamos-personales\/prestamo-8000-euros\/#faq-question-1576829442126"},{"@id":"https:\/\/www.top5credits.com\/es\/prestamos-personales\/prestamo-8000-euros\/#faq-question-1576829490092"}],"inLanguage":"es","potentialAction":[{"@type":"ReadAction","target":["https:\/\/www.top5credits.com\/es\/prestamos-personales\/prestamo-8000-euros\/"]}]},{"@type":"BreadcrumbList","@id":"https:\/\/www.top5credits.com\/es\/prestamos-personales\/prestamo-8000-euros\/#breadcrumb","itemListElement":[{"@type":"ListItem","position":1,"name":"Top5Credits.com","item":"https:\/\/www.top5credits.com\/es\/"},{"@type":"ListItem","position":2,"name":"Compara pr\u00e9stamos personales online","item":"https:\/\/www.top5credits.com\/es\/prestamos-personales\/"},{"@type":"ListItem","position":3,"name":"Pr\u00e9stamo 8000 euros"}]},{"@type":"WebSite","@id":"https:\/\/www.top5credits.com\/es\/#website","url":"https:\/\/www.top5credits.com\/es\/","name":"Top5Credits.com Espa\u00f1a","description":"","publisher":{"@id":"https:\/\/www.top5credits.com\/es\/#organization"},"potentialAction":[{"@type":"SearchAction","target":{"@type":"EntryPoint","urlTemplate":"https:\/\/www.top5credits.com\/es\/?s={search_term_string}"},"query-input":{"@type":"PropertyValueSpecification","valueRequired":true,"valueName":"search_term_string"}}],"inLanguage":"es"},{"@type":"Organization","@id":"https:\/\/www.top5credits.com\/es\/#organization","name":"Top5Credits.com","url":"https:\/\/www.top5credits.com\/es\/","logo":{"@type":"ImageObject","inLanguage":"es","@id":"https:\/\/www.top5credits.com\/es\/#\/schema\/logo\/image\/","url":"https:\/\/cdn.top5credits.com\/es\/wp-content\/uploads\/sites\/8\/2023\/10\/t5c-favicon.png","contentUrl":"https:\/\/cdn.top5credits.com\/es\/wp-content\/uploads\/sites\/8\/2023\/10\/t5c-favicon.png","width":512,"height":512,"caption":"Top5Credits.com"},"image":{"@id":"https:\/\/www.top5credits.com\/es\/#\/schema\/logo\/image\/"},"sameAs":["https:\/\/www.facebook.com\/Top5Creditscom-Espa\u00f1a-109158667157057"]},{"@type":"Question","@id":"https:\/\/www.top5credits.com\/es\/prestamos-personales\/prestamo-8000-euros\/#faq-question-1576829428004","position":1,"url":"https:\/\/www.top5credits.com\/es\/prestamos-personales\/prestamo-8000-euros\/#faq-question-1576829428004","name":"\u00bfC\u00f3mo conseguir un pr\u00e9stamo de 8000 euros?","answerCount":1,"acceptedAnswer":{"@type":"Answer","text":"Puedes comparar diferentes entidades online, as\u00ed como consultar con tu banco.","inLanguage":"es"},"inLanguage":"es"},{"@type":"Question","@id":"https:\/\/www.top5credits.com\/es\/prestamos-personales\/prestamo-8000-euros\/#faq-question-1576829428794","position":2,"url":"https:\/\/www.top5credits.com\/es\/prestamos-personales\/prestamo-8000-euros\/#faq-question-1576829428794","name":"\u00bfPuedo pedir 8000 euros estando en ASNEF?","answerCount":1,"acceptedAnswer":{"@type":"Answer","text":"S\u00ed, aunque probablemente se requiera que tu deuda no sea muy alta.","inLanguage":"es"},"inLanguage":"es"},{"@type":"Question","@id":"https:\/\/www.top5credits.com\/es\/prestamos-personales\/prestamo-8000-euros\/#faq-question-1576829442126","position":3,"url":"https:\/\/www.top5credits.com\/es\/prestamos-personales\/prestamo-8000-euros\/#faq-question-1576829442126","name":"\u00bfCu\u00e1nta es la TAE de 8000 euros?","answerCount":1,"acceptedAnswer":{"@type":"Answer","text":"Depender\u00e1 del tiempo al que lo pidas y la entidad. Puede variar desde un 3% hasta m\u00e1s del 25%.","inLanguage":"es"},"inLanguage":"es"},{"@type":"Question","@id":"https:\/\/www.top5credits.com\/es\/prestamos-personales\/prestamo-8000-euros\/#faq-question-1576829490092","position":4,"url":"https:\/\/www.top5credits.com\/es\/prestamos-personales\/prestamo-8000-euros\/#faq-question-1576829490092","name":"\u00bfC\u00f3mo me puede ayudar Top5Credits?","answerCount":1,"acceptedAnswer":{"@type":"Answer","text":"Rellenando nuestro formulario o usando nuestro comparador, podr\u00e1s acceder a diferentes ofertas y an\u00e1lisis objetivos.","inLanguage":"es"},"inLanguage":"es"}]}},"_links":{"self":[{"href":"https:\/\/www.top5credits.com\/es\/wp-json\/wp\/v2\/pages\/3382","targetHints":{"allow":["GET"]}}],"collection":[{"href":"https:\/\/www.top5credits.com\/es\/wp-json\/wp\/v2\/pages"}],"about":[{"href":"https:\/\/www.top5credits.com\/es\/wp-json\/wp\/v2\/types\/page"}],"author":[{"embeddable":true,"href":"https:\/\/www.top5credits.com\/es\/wp-json\/wp\/v2\/users\/13"}],"replies":[{"embeddable":true,"href":"https:\/\/www.top5credits.com\/es\/wp-json\/wp\/v2\/comments?post=3382"}],"version-history":[{"count":0,"href":"https:\/\/www.top5credits.com\/es\/wp-json\/wp\/v2\/pages\/3382\/revisions"}],"up":[{"embeddable":true,"href":"https:\/\/www.top5credits.com\/es\/wp-json\/wp\/v2\/pages\/49"}],"wp:attachment":[{"href":"https:\/\/www.top5credits.com\/es\/wp-json\/wp\/v2\/media?parent=3382"}],"curies":[{"name":"wp","href":"https:\/\/api.w.org\/{rel}","templated":true}]}}