{"id":3386,"date":"2020-05-20T12:41:50","date_gmt":"2020-05-20T12:41:50","guid":{"rendered":"https:\/\/www.top5credits.com\/es\/?page_id=3386"},"modified":"2024-09-20T08:54:46","modified_gmt":"2024-09-20T08:54:46","slug":"prestamo-12000-euros","status":"publish","type":"page","link":"https:\/\/www.top5credits.com\/es\/prestamos-personales\/prestamo-12000-euros\/","title":{"rendered":"Pr\u00e9stamo 12000 euros"},"content":{"rendered":"\n<div class=\"wp-block-group first-section\"><div class=\"wp-block-group__inner-container is-layout-flow wp-block-group-is-layout-flow\">\n<h1 class=\"has-text-align-center compare-title wp-block-heading\">Pr\u00e9stamo 12000 euros<\/h1>\n\n\n\n<p class=\"has-text-align-center compare-title\">Compara y elige el pr\u00e9stamo de 12000 euros que necesitas. \u00bfNecesitas un pr\u00e9stamo de 12000 euros? En Top5Credits.com hemos analizado las principales financieras en Espa\u00f1a, as\u00ed que hemos seleccionado todos los prestamistas que ofrecen pr\u00e9stamos de 12000 euros. Compara las opciones y lee nuestras opiniones.<\/p>\n\n\n\n\n<\/div><\/div>\n\n\n\n\n\n\n<div class=\"top-results palkkio\">\n<span class=\"huomiomerkki\">!<\/span> La comisi\u00f3n que recibimos afecta directamente el listado &#8211; Leer m\u00e1s <span class=\"plus-trigger\">+<\/span>\n<p>Top5Credits.com es un website 100% gratuito con el prop\u00f3sito de suministrar informaci\u00f3n \u00fatil y de valor al usuario. Comparamos pr\u00e9stamos y los analizamos de manera objetiva. Para mantener nuestros servicios gratuitos, obtenemos comisiones de los bancos y prestamistas por cada usuario que les redirigimos. El ratio de compensaci\u00f3n afecta directamente el orden del listado de colaboradores.<\/p>\n<\/div>\n\n\n\n<div class=\"wp-block-group full-white\"><div class=\"wp-block-group__inner-container is-layout-flow wp-block-group-is-layout-flow\">\n<h2 class=\"wp-block-heading\">Pr\u00e9stamo de 12000 euros<\/h2>\n\n\n\n<p>Hay proyectos que necesitan bastante inversi\u00f3n. Proyectos para los que tendremos que poner bastantes ganas e ilusi\u00f3n&#8230; pero tambi\u00e9n un buen refuerzo econ\u00f3mico. Una boda, un <a href=\"https:\/\/www.top5credits.com\/es\/prestamo-coche\/\">coche<\/a> nuevo, <a href=\"https:\/\/www.top5credits.com\/es\/prestamo-reforma\/\">reformas<\/a>&#8230; hay tantos proyectos tan importantes, y caros, que necesitar un pr\u00e9stamo de 12000 euros no es nada extra\u00f1o en estos d\u00edas.<\/p>\n\n\n\n<p>Hablamos de un cr\u00e9dito de una cantidad que ya podemos empezar a considerar bastante abundante. Este tipo de cr\u00e9dito no es precisamente el m\u00e1s f\u00e1cil de encontrar o conseguir, pero no significa en absoluto que sea imposible. Contratar un pr\u00e9stamo de 12000 euros, incluso online, <strong>es m\u00e1s f\u00e1cil de lo que piensas<\/strong>.<\/p>\n\n\n\n<h2 class=\"wp-block-heading\">C\u00f3mo conseguir un pr\u00e9stamo de 12000 euros<\/h2>\n\n\n\n<p>Lo primero es ser realistas; <strong>s\u00f3lo podr\u00e1s contratar 12000 euros si realmente puedes permit\u00edrtelo<\/strong>. Esto significa que, a diferencia de los <a href=\"https:\/\/www.top5credits.com\/es\/microprestamos\/\">micropr\u00e9stamos<\/a>, que ofrecen pr\u00e9stamos pr\u00e1cticamente al momento y con pocas garant\u00edas, pero con importes bajos, una financiera no se la va a jugar a la hora de suministrarte un cr\u00e9dito de un importe tan alto. La financiera siempre querr\u00e1 el pr\u00e9stamo pagado.<\/p>\n\n\n\n<p>No te frustres; eso no significa que sea imposible. Si puedes asumirlo, podr\u00e1s controlarlo. Por ello, tendr\u00e1s que dar garant\u00edas extras que en un cr\u00e9dito r\u00e1pido quiz\u00e1s no. Por ejemplo, puede que no puedas tener ese cr\u00e9dito en 15 minutos, si no que tengas que adjuntar m\u00e1s documentaci\u00f3n de la normal, y <strong>tenerlo en unas 24 horas<\/strong>.<\/p>\n\n\n\n<h2 class=\"wp-block-heading\">12000 con ASNEF, sin aval, sin n\u00f3mina&#8230;<\/h2>\n\n\n\n<p>Pedir 12000 euros con pocas garant\u00edas es altamente improbable. Pero, siempre, depender\u00e1 del caso:<\/p>\n\n\n\n<ul class=\"wp-block-list\"><li><strong>12000 euros sin aval:<\/strong> Es totalmente posible, y rara ser\u00e1 la vez que necesites un avalista para pedir esta cantidad.<\/li><li><strong>12000 euros con ASNEF: <\/strong>Es posible, pero no sencillo. Depender\u00e1 siempre de la deuda que tengas con ASNEF, pero muchas financieras ofrecen <a href=\"https:\/\/www.top5credits.com\/es\/prestamos-personales-con-asnef\/\">pr\u00e9stamos con ASNEF<\/a>.<\/li><li><strong>12000 euros sin n\u00f3mina:<\/strong> Es posible siempre que tengas ingresos. As\u00ed, si eres <a href=\"https:\/\/www.top5credits.com\/es\/prestamos-autonomos\/\">aut\u00f3nomo<\/a> y no tienes n\u00f3mina, no deber\u00eda haber problema; claro que si no tienes ingresos, ser\u00e1 imposible.<\/li><\/ul>\n\n\n\n<h2 class=\"wp-block-heading\">Ejemplo de pr\u00e9stamo de 12000 euros<\/h2>\n\n\n\n<p>A continuaci\u00f3n os presentamos un ejemplo de un pr\u00e9stamo de 12000 euros con <a href=\"https:\/\/www.top5credits.com\/es\/opiniones\/cofidis\/\">Cofidis<\/a><\/p>\n\n\n\n<p class=\"paras-tarjous has-background\" style=\"background-color:#c7e7fb\"><strong>Resumen de la oferta:<\/strong><br>Importe:  12000\u20ac <br>Pago mensual: 281,55\u20ac <br>Plazos: 48 meses<br>Intereses: 6,11% TAE<br>Total: 13.539,90\u20ac  <\/p>\n<\/div><\/div>\n\n\n\n<div class=\"page-faqs\">\n\n\n\n<h2 class=\"has-text-align-center wp-block-heading\">Preguntas Frecuentes<\/h2>\n\n\n\n<div class=\"schema-faq wp-block-yoast-faq-block\"><div class=\"schema-faq-section\" id=\"faq-question-1576829428004\"><strong class=\"schema-faq-question\">\u00bfC\u00f3mo conseguir un pr\u00e9stamo de 12000 euros?<\/strong> <p class=\"schema-faq-answer\">Si tu banco no te lo concediese, podr\u00edas pedir un pr\u00e9stamo personal online cuyo tope supere dicho importe.<\/p> <\/div> <div class=\"schema-faq-section\" id=\"faq-question-1576829428794\"><strong class=\"schema-faq-question\">\u00bfPuedo tener 12000 euros al instante?<\/strong> <p class=\"schema-faq-answer\">Es raro que puedas tener los <a href=\"https:\/\/www.top5credits.com\/es\/prestamos-personales\/prestamo-12000-euros\/\">12000 euros al instante<\/a>, a no ser que seas cliente habitual. Normalmente el plazo es de hasta 48 horas.<\/p> <\/div> <div class=\"schema-faq-section\" id=\"faq-question-1576829442126\"><strong class=\"schema-faq-question\">\u00bfSon caros los pr\u00e9stamos de 12000 euros?<\/strong> <p class=\"schema-faq-answer\">Depender\u00e1 de los plazos, ya que aunque las TAE&#8217;s son bajas, cuanto m\u00e1s a\u00f1os pasen, m\u00e1s pagaremos.<\/p> <\/div> <div class=\"schema-faq-section\" id=\"faq-question-1576829490092\"><strong class=\"schema-faq-question\">\u00bfC\u00f3mo me puede ayudar Top5Credits?<\/strong> <p class=\"schema-faq-answer\">Rellenando nuestro formulario o usando nuestro comparador, podr\u00e1s acceder a diferentes ofertas y an\u00e1lisis objetivos.<\/p> <\/div> <\/div>\n\n\n\n<\/div>\n","protected":false},"excerpt":{"rendered":"<p>Pr\u00e9stamo 12000 euros Compara y elige el pr\u00e9stamo de 12000 euros que necesitas. \u00bfNecesitas un pr\u00e9stamo de 12000 euros? En Top5Credits.com hemos analizado las principales<\/p>\n<p class=\"more-link\">Seguir leyendo <span class=\"screen-reader-text\">Pr\u00e9stamo 12000 euros<\/span><\/p>\n","protected":false},"author":13,"featured_media":0,"parent":49,"menu_order":0,"comment_status":"closed","ping_status":"closed","template":"page-results.php","meta":{"footnotes":""},"class_list":["post-3386","page","type-page","status-publish","hentry","entry"],"yoast_head":"<!-- This site is optimized with the Yoast SEO plugin v27.3 - https:\/\/yoast.com\/product\/yoast-seo-wordpress\/ -->\n<title>Pr\u00e9stamo 12000 euros - Top5Credits.com<\/title>\n<meta name=\"description\" content=\"\u00bfNecesitas un pr\u00e9stamo de 12000 euros y no sabes a qu\u00e9 entidad acudir? En Top5Credits hemos analizado todas las entidades que ofrecen 12000 euros y m\u00e1s.\" \/>\n<meta name=\"robots\" content=\"index, follow, max-snippet:-1, max-image-preview:large, max-video-preview:-1\" \/>\n<link rel=\"canonical\" href=\"https:\/\/www.top5credits.com\/es\/prestamos-personales\/prestamo-12000-euros\/\" \/>\n<meta property=\"og:locale\" content=\"es_ES\" \/>\n<meta property=\"og:type\" content=\"article\" \/>\n<meta property=\"og:title\" content=\"Pr\u00e9stamo 12000 euros - Top5Credits.com\" \/>\n<meta property=\"og:description\" content=\"\u00bfNecesitas un pr\u00e9stamo de 12000 euros y no sabes a qu\u00e9 entidad acudir? En Top5Credits hemos analizado todas las entidades que ofrecen 12000 euros y m\u00e1s.\" \/>\n<meta property=\"og:url\" content=\"https:\/\/www.top5credits.com\/es\/prestamos-personales\/prestamo-12000-euros\/\" \/>\n<meta property=\"og:site_name\" content=\"Top5Credits.com Espa\u00f1a\" \/>\n<meta property=\"article:publisher\" content=\"https:\/\/www.facebook.com\/Top5Creditscom-Espa%c3%b1a-109158667157057\" \/>\n<meta property=\"article:modified_time\" content=\"2024-09-20T08:54:46+00:00\" \/>\n<meta property=\"og:image\" content=\"https:\/\/cdn.top5credits.com\/es\/wp-content\/uploads\/sites\/8\/2023\/11\/top5credits-com-ogimage.png?cdn=1.1.1\" \/>\n\t<meta property=\"og:image:width\" content=\"1200\" \/>\n\t<meta property=\"og:image:height\" content=\"630\" \/>\n\t<meta property=\"og:image:type\" content=\"image\/png\" \/>\n<meta name=\"twitter:card\" content=\"summary_large_image\" \/>\n<meta name=\"twitter:label1\" content=\"Tiempo de lectura\" \/>\n\t<meta name=\"twitter:data1\" content=\"3 minutos\" \/>\n<script type=\"application\/ld+json\" class=\"yoast-schema-graph\">{\"@context\":\"https:\\\/\\\/schema.org\",\"@graph\":[{\"@type\":[\"WebPage\",\"FAQPage\"],\"@id\":\"https:\\\/\\\/www.top5credits.com\\\/es\\\/prestamos-personales\\\/prestamo-12000-euros\\\/\",\"url\":\"https:\\\/\\\/www.top5credits.com\\\/es\\\/prestamos-personales\\\/prestamo-12000-euros\\\/\",\"name\":\"Pr\u00e9stamo 12000 euros - Top5Credits.com\",\"isPartOf\":{\"@id\":\"https:\\\/\\\/www.top5credits.com\\\/es\\\/#website\"},\"datePublished\":\"2020-05-20T12:41:50+00:00\",\"dateModified\":\"2024-09-20T08:54:46+00:00\",\"description\":\"\u00bfNecesitas un pr\u00e9stamo de 12000 euros y no sabes a qu\u00e9 entidad acudir? En Top5Credits hemos analizado todas las entidades que ofrecen 12000 euros y m\u00e1s.\",\"breadcrumb\":{\"@id\":\"https:\\\/\\\/www.top5credits.com\\\/es\\\/prestamos-personales\\\/prestamo-12000-euros\\\/#breadcrumb\"},\"mainEntity\":[{\"@id\":\"https:\\\/\\\/www.top5credits.com\\\/es\\\/prestamos-personales\\\/prestamo-12000-euros\\\/#faq-question-1576829428004\"},{\"@id\":\"https:\\\/\\\/www.top5credits.com\\\/es\\\/prestamos-personales\\\/prestamo-12000-euros\\\/#faq-question-1576829428794\"},{\"@id\":\"https:\\\/\\\/www.top5credits.com\\\/es\\\/prestamos-personales\\\/prestamo-12000-euros\\\/#faq-question-1576829442126\"},{\"@id\":\"https:\\\/\\\/www.top5credits.com\\\/es\\\/prestamos-personales\\\/prestamo-12000-euros\\\/#faq-question-1576829490092\"}],\"inLanguage\":\"es\",\"potentialAction\":[{\"@type\":\"ReadAction\",\"target\":[\"https:\\\/\\\/www.top5credits.com\\\/es\\\/prestamos-personales\\\/prestamo-12000-euros\\\/\"]}]},{\"@type\":\"BreadcrumbList\",\"@id\":\"https:\\\/\\\/www.top5credits.com\\\/es\\\/prestamos-personales\\\/prestamo-12000-euros\\\/#breadcrumb\",\"itemListElement\":[{\"@type\":\"ListItem\",\"position\":1,\"name\":\"Top5Credits.com\",\"item\":\"https:\\\/\\\/www.top5credits.com\\\/es\\\/\"},{\"@type\":\"ListItem\",\"position\":2,\"name\":\"Compara pr\u00e9stamos personales online\",\"item\":\"https:\\\/\\\/www.top5credits.com\\\/es\\\/prestamos-personales\\\/\"},{\"@type\":\"ListItem\",\"position\":3,\"name\":\"Pr\u00e9stamo 12000 euros\"}]},{\"@type\":\"WebSite\",\"@id\":\"https:\\\/\\\/www.top5credits.com\\\/es\\\/#website\",\"url\":\"https:\\\/\\\/www.top5credits.com\\\/es\\\/\",\"name\":\"Top5Credits.com Espa\u00f1a\",\"description\":\"\",\"publisher\":{\"@id\":\"https:\\\/\\\/www.top5credits.com\\\/es\\\/#organization\"},\"potentialAction\":[{\"@type\":\"SearchAction\",\"target\":{\"@type\":\"EntryPoint\",\"urlTemplate\":\"https:\\\/\\\/www.top5credits.com\\\/es\\\/?s={search_term_string}\"},\"query-input\":{\"@type\":\"PropertyValueSpecification\",\"valueRequired\":true,\"valueName\":\"search_term_string\"}}],\"inLanguage\":\"es\"},{\"@type\":\"Organization\",\"@id\":\"https:\\\/\\\/www.top5credits.com\\\/es\\\/#organization\",\"name\":\"Top5Credits.com\",\"url\":\"https:\\\/\\\/www.top5credits.com\\\/es\\\/\",\"logo\":{\"@type\":\"ImageObject\",\"inLanguage\":\"es\",\"@id\":\"https:\\\/\\\/www.top5credits.com\\\/es\\\/#\\\/schema\\\/logo\\\/image\\\/\",\"url\":\"https:\\\/\\\/cdn.top5credits.com\\\/es\\\/wp-content\\\/uploads\\\/sites\\\/8\\\/2023\\\/10\\\/t5c-favicon.png\",\"contentUrl\":\"https:\\\/\\\/cdn.top5credits.com\\\/es\\\/wp-content\\\/uploads\\\/sites\\\/8\\\/2023\\\/10\\\/t5c-favicon.png\",\"width\":512,\"height\":512,\"caption\":\"Top5Credits.com\"},\"image\":{\"@id\":\"https:\\\/\\\/www.top5credits.com\\\/es\\\/#\\\/schema\\\/logo\\\/image\\\/\"},\"sameAs\":[\"https:\\\/\\\/www.facebook.com\\\/Top5Creditscom-Espa\u00f1a-109158667157057\"]},{\"@type\":\"Question\",\"@id\":\"https:\\\/\\\/www.top5credits.com\\\/es\\\/prestamos-personales\\\/prestamo-12000-euros\\\/#faq-question-1576829428004\",\"position\":1,\"url\":\"https:\\\/\\\/www.top5credits.com\\\/es\\\/prestamos-personales\\\/prestamo-12000-euros\\\/#faq-question-1576829428004\",\"name\":\"\u00bfC\u00f3mo conseguir un pr\u00e9stamo de 12000 euros?\",\"answerCount\":1,\"acceptedAnswer\":{\"@type\":\"Answer\",\"text\":\"Si tu banco no te lo concediese, podr\u00edas pedir un pr\u00e9stamo personal online cuyo tope supere dicho importe.\",\"inLanguage\":\"es\"},\"inLanguage\":\"es\"},{\"@type\":\"Question\",\"@id\":\"https:\\\/\\\/www.top5credits.com\\\/es\\\/prestamos-personales\\\/prestamo-12000-euros\\\/#faq-question-1576829428794\",\"position\":2,\"url\":\"https:\\\/\\\/www.top5credits.com\\\/es\\\/prestamos-personales\\\/prestamo-12000-euros\\\/#faq-question-1576829428794\",\"name\":\"\u00bfPuedo tener 12000 euros al instante?\",\"answerCount\":1,\"acceptedAnswer\":{\"@type\":\"Answer\",\"text\":\"Es raro que puedas tener los <a href=\\\"https:\\\/\\\/www.top5credits.com\\\/es\\\/prestamos-personales\\\/prestamo-12000-euros\\\/\\\">12000 euros al instante<\\\/a>, a no ser que seas cliente habitual. Normalmente el plazo es de hasta 48 horas.\",\"inLanguage\":\"es\"},\"inLanguage\":\"es\"},{\"@type\":\"Question\",\"@id\":\"https:\\\/\\\/www.top5credits.com\\\/es\\\/prestamos-personales\\\/prestamo-12000-euros\\\/#faq-question-1576829442126\",\"position\":3,\"url\":\"https:\\\/\\\/www.top5credits.com\\\/es\\\/prestamos-personales\\\/prestamo-12000-euros\\\/#faq-question-1576829442126\",\"name\":\"\u00bfSon caros los pr\u00e9stamos de 12000 euros?\",\"answerCount\":1,\"acceptedAnswer\":{\"@type\":\"Answer\",\"text\":\"Depender\u00e1 de los plazos, ya que aunque las TAE's son bajas, cuanto m\u00e1s a\u00f1os pasen, m\u00e1s pagaremos.\",\"inLanguage\":\"es\"},\"inLanguage\":\"es\"},{\"@type\":\"Question\",\"@id\":\"https:\\\/\\\/www.top5credits.com\\\/es\\\/prestamos-personales\\\/prestamo-12000-euros\\\/#faq-question-1576829490092\",\"position\":4,\"url\":\"https:\\\/\\\/www.top5credits.com\\\/es\\\/prestamos-personales\\\/prestamo-12000-euros\\\/#faq-question-1576829490092\",\"name\":\"\u00bfC\u00f3mo me puede ayudar Top5Credits?\",\"answerCount\":1,\"acceptedAnswer\":{\"@type\":\"Answer\",\"text\":\"Rellenando nuestro formulario o usando nuestro comparador, podr\u00e1s acceder a diferentes ofertas y an\u00e1lisis objetivos.\",\"inLanguage\":\"es\"},\"inLanguage\":\"es\"}]}<\/script>\n<!-- \/ Yoast SEO plugin. -->","yoast_head_json":{"title":"Pr\u00e9stamo 12000 euros - Top5Credits.com","description":"\u00bfNecesitas un pr\u00e9stamo de 12000 euros y no sabes a qu\u00e9 entidad acudir? En Top5Credits hemos analizado todas las entidades que ofrecen 12000 euros y m\u00e1s.","robots":{"index":"index","follow":"follow","max-snippet":"max-snippet:-1","max-image-preview":"max-image-preview:large","max-video-preview":"max-video-preview:-1"},"canonical":"https:\/\/www.top5credits.com\/es\/prestamos-personales\/prestamo-12000-euros\/","og_locale":"es_ES","og_type":"article","og_title":"Pr\u00e9stamo 12000 euros - Top5Credits.com","og_description":"\u00bfNecesitas un pr\u00e9stamo de 12000 euros y no sabes a qu\u00e9 entidad acudir? En Top5Credits hemos analizado todas las entidades que ofrecen 12000 euros y m\u00e1s.","og_url":"https:\/\/www.top5credits.com\/es\/prestamos-personales\/prestamo-12000-euros\/","og_site_name":"Top5Credits.com Espa\u00f1a","article_publisher":"https:\/\/www.facebook.com\/Top5Creditscom-Espa%c3%b1a-109158667157057","article_modified_time":"2024-09-20T08:54:46+00:00","og_image":[{"width":1200,"height":630,"url":"https:\/\/cdn.top5credits.com\/es\/wp-content\/uploads\/sites\/8\/2023\/11\/top5credits-com-ogimage.png?cdn=1.1.1","type":"image\/png"}],"twitter_card":"summary_large_image","twitter_misc":{"Tiempo de lectura":"3 minutos"},"schema":{"@context":"https:\/\/schema.org","@graph":[{"@type":["WebPage","FAQPage"],"@id":"https:\/\/www.top5credits.com\/es\/prestamos-personales\/prestamo-12000-euros\/","url":"https:\/\/www.top5credits.com\/es\/prestamos-personales\/prestamo-12000-euros\/","name":"Pr\u00e9stamo 12000 euros - Top5Credits.com","isPartOf":{"@id":"https:\/\/www.top5credits.com\/es\/#website"},"datePublished":"2020-05-20T12:41:50+00:00","dateModified":"2024-09-20T08:54:46+00:00","description":"\u00bfNecesitas un pr\u00e9stamo de 12000 euros y no sabes a qu\u00e9 entidad acudir? En Top5Credits hemos analizado todas las entidades que ofrecen 12000 euros y m\u00e1s.","breadcrumb":{"@id":"https:\/\/www.top5credits.com\/es\/prestamos-personales\/prestamo-12000-euros\/#breadcrumb"},"mainEntity":[{"@id":"https:\/\/www.top5credits.com\/es\/prestamos-personales\/prestamo-12000-euros\/#faq-question-1576829428004"},{"@id":"https:\/\/www.top5credits.com\/es\/prestamos-personales\/prestamo-12000-euros\/#faq-question-1576829428794"},{"@id":"https:\/\/www.top5credits.com\/es\/prestamos-personales\/prestamo-12000-euros\/#faq-question-1576829442126"},{"@id":"https:\/\/www.top5credits.com\/es\/prestamos-personales\/prestamo-12000-euros\/#faq-question-1576829490092"}],"inLanguage":"es","potentialAction":[{"@type":"ReadAction","target":["https:\/\/www.top5credits.com\/es\/prestamos-personales\/prestamo-12000-euros\/"]}]},{"@type":"BreadcrumbList","@id":"https:\/\/www.top5credits.com\/es\/prestamos-personales\/prestamo-12000-euros\/#breadcrumb","itemListElement":[{"@type":"ListItem","position":1,"name":"Top5Credits.com","item":"https:\/\/www.top5credits.com\/es\/"},{"@type":"ListItem","position":2,"name":"Compara pr\u00e9stamos personales online","item":"https:\/\/www.top5credits.com\/es\/prestamos-personales\/"},{"@type":"ListItem","position":3,"name":"Pr\u00e9stamo 12000 euros"}]},{"@type":"WebSite","@id":"https:\/\/www.top5credits.com\/es\/#website","url":"https:\/\/www.top5credits.com\/es\/","name":"Top5Credits.com Espa\u00f1a","description":"","publisher":{"@id":"https:\/\/www.top5credits.com\/es\/#organization"},"potentialAction":[{"@type":"SearchAction","target":{"@type":"EntryPoint","urlTemplate":"https:\/\/www.top5credits.com\/es\/?s={search_term_string}"},"query-input":{"@type":"PropertyValueSpecification","valueRequired":true,"valueName":"search_term_string"}}],"inLanguage":"es"},{"@type":"Organization","@id":"https:\/\/www.top5credits.com\/es\/#organization","name":"Top5Credits.com","url":"https:\/\/www.top5credits.com\/es\/","logo":{"@type":"ImageObject","inLanguage":"es","@id":"https:\/\/www.top5credits.com\/es\/#\/schema\/logo\/image\/","url":"https:\/\/cdn.top5credits.com\/es\/wp-content\/uploads\/sites\/8\/2023\/10\/t5c-favicon.png","contentUrl":"https:\/\/cdn.top5credits.com\/es\/wp-content\/uploads\/sites\/8\/2023\/10\/t5c-favicon.png","width":512,"height":512,"caption":"Top5Credits.com"},"image":{"@id":"https:\/\/www.top5credits.com\/es\/#\/schema\/logo\/image\/"},"sameAs":["https:\/\/www.facebook.com\/Top5Creditscom-Espa\u00f1a-109158667157057"]},{"@type":"Question","@id":"https:\/\/www.top5credits.com\/es\/prestamos-personales\/prestamo-12000-euros\/#faq-question-1576829428004","position":1,"url":"https:\/\/www.top5credits.com\/es\/prestamos-personales\/prestamo-12000-euros\/#faq-question-1576829428004","name":"\u00bfC\u00f3mo conseguir un pr\u00e9stamo de 12000 euros?","answerCount":1,"acceptedAnswer":{"@type":"Answer","text":"Si tu banco no te lo concediese, podr\u00edas pedir un pr\u00e9stamo personal online cuyo tope supere dicho importe.","inLanguage":"es"},"inLanguage":"es"},{"@type":"Question","@id":"https:\/\/www.top5credits.com\/es\/prestamos-personales\/prestamo-12000-euros\/#faq-question-1576829428794","position":2,"url":"https:\/\/www.top5credits.com\/es\/prestamos-personales\/prestamo-12000-euros\/#faq-question-1576829428794","name":"\u00bfPuedo tener 12000 euros al instante?","answerCount":1,"acceptedAnswer":{"@type":"Answer","text":"Es raro que puedas tener los <a href=\"https:\/\/www.top5credits.com\/es\/prestamos-personales\/prestamo-12000-euros\/\">12000 euros al instante<\/a>, a no ser que seas cliente habitual. Normalmente el plazo es de hasta 48 horas.","inLanguage":"es"},"inLanguage":"es"},{"@type":"Question","@id":"https:\/\/www.top5credits.com\/es\/prestamos-personales\/prestamo-12000-euros\/#faq-question-1576829442126","position":3,"url":"https:\/\/www.top5credits.com\/es\/prestamos-personales\/prestamo-12000-euros\/#faq-question-1576829442126","name":"\u00bfSon caros los pr\u00e9stamos de 12000 euros?","answerCount":1,"acceptedAnswer":{"@type":"Answer","text":"Depender\u00e1 de los plazos, ya que aunque las TAE's son bajas, cuanto m\u00e1s a\u00f1os pasen, m\u00e1s pagaremos.","inLanguage":"es"},"inLanguage":"es"},{"@type":"Question","@id":"https:\/\/www.top5credits.com\/es\/prestamos-personales\/prestamo-12000-euros\/#faq-question-1576829490092","position":4,"url":"https:\/\/www.top5credits.com\/es\/prestamos-personales\/prestamo-12000-euros\/#faq-question-1576829490092","name":"\u00bfC\u00f3mo me puede ayudar Top5Credits?","answerCount":1,"acceptedAnswer":{"@type":"Answer","text":"Rellenando nuestro formulario o usando nuestro comparador, podr\u00e1s acceder a diferentes ofertas y an\u00e1lisis objetivos.","inLanguage":"es"},"inLanguage":"es"}]}},"_links":{"self":[{"href":"https:\/\/www.top5credits.com\/es\/wp-json\/wp\/v2\/pages\/3386","targetHints":{"allow":["GET"]}}],"collection":[{"href":"https:\/\/www.top5credits.com\/es\/wp-json\/wp\/v2\/pages"}],"about":[{"href":"https:\/\/www.top5credits.com\/es\/wp-json\/wp\/v2\/types\/page"}],"author":[{"embeddable":true,"href":"https:\/\/www.top5credits.com\/es\/wp-json\/wp\/v2\/users\/13"}],"replies":[{"embeddable":true,"href":"https:\/\/www.top5credits.com\/es\/wp-json\/wp\/v2\/comments?post=3386"}],"version-history":[{"count":0,"href":"https:\/\/www.top5credits.com\/es\/wp-json\/wp\/v2\/pages\/3386\/revisions"}],"up":[{"embeddable":true,"href":"https:\/\/www.top5credits.com\/es\/wp-json\/wp\/v2\/pages\/49"}],"wp:attachment":[{"href":"https:\/\/www.top5credits.com\/es\/wp-json\/wp\/v2\/media?parent=3386"}],"curies":[{"name":"wp","href":"https:\/\/api.w.org\/{rel}","templated":true}]}}