{"id":3390,"date":"2020-05-22T10:05:12","date_gmt":"2020-05-22T10:05:12","guid":{"rendered":"https:\/\/www.top5credits.com\/es\/?page_id=3390"},"modified":"2024-09-20T08:55:33","modified_gmt":"2024-09-20T08:55:33","slug":"prestamo-25000-euros","status":"publish","type":"page","link":"https:\/\/www.top5credits.com\/es\/prestamos-personales\/prestamo-25000-euros\/","title":{"rendered":"Pr\u00e9stamo 25000 euros"},"content":{"rendered":"\n<div class=\"wp-block-group first-section\"><div class=\"wp-block-group__inner-container is-layout-flow wp-block-group-is-layout-flow\">\n<h1 class=\"has-text-align-center compare-title wp-block-heading\">Pr\u00e9stamo 25000 euros<\/h1>\n\n\n\n<p class=\"has-text-align-center compare-title\">Compara y elige el pr\u00e9stamo de 25000 euros que necesitas. <span class=\"luelisaanappi\">Leer&nbsp;m\u00e1s..<\/span> <span class=\"luelisaateksti\"> \u00bfNecesitas un pr\u00e9stamo de 25000 euros? En Top5Credits.com hemos analizado las principales financieras en Espa\u00f1a, as\u00ed que hemos seleccionado todos los prestamistas que ofrecen pr\u00e9stamos de 25000 euros. Compara las opciones y lee nuestras opiniones.\n<\/span><\/p>\n\n\n\n\n<\/div><\/div>\n\n\n\n\n\n\n<div class=\"top-results palkkio\">\n<span class=\"huomiomerkki\">!<\/span> La comisi\u00f3n que recibimos afecta directamente el listado &#8211; Leer m\u00e1s <span class=\"plus-trigger\">+<\/span>\n<p>Top5Credits.com es un website 100% gratuito con el prop\u00f3sito de suministrar informaci\u00f3n \u00fatil y de valor al usuario. Comparamos pr\u00e9stamos y los analizamos de manera objetiva. Para mantener nuestros servicios gratuitos, obtenemos comisiones de los bancos y prestamistas por cada usuario que les redirigimos. El ratio de compensaci\u00f3n afecta directamente el orden del listado de colaboradores.<\/p>\n<\/div>\n\n\n\n<div class=\"wp-block-group full-white\"><div class=\"wp-block-group__inner-container is-layout-flow wp-block-group-is-layout-flow\">\n<h2 class=\"wp-block-heading\">Pr\u00e9stamo de 25000 euros<\/h2>\n\n\n\n<p>\u00bfNecesitas comprar ese <a href=\"https:\/\/www.top5credits.com\/es\/prestamo-coche\/\">coche<\/a> nuevo y crees que el pago a plazos del concesionario es abusivo? \u00bfPiensas celebrar tu boda a lo grande sin escatimar en gastos? \u00bfTe falta un peque\u00f1o empuj\u00f3n para esa reforma o local en tu negocio? Hay muchas razones para necesitar un <strong>pr\u00e9stamo de 25000 euros.<\/strong><\/p>\n\n\n\n<p>Por supuesto, este tipo de cr\u00e9ditos son de cantidades considerables, por lo que su abundancia no es la misma que la de los <a href=\"https:\/\/www.top5credits.com\/es\/microprestamos\/\">micropr\u00e9stamos<\/a> o incluso <a href=\"https:\/\/www.top5credits.com\/es\/prestamos-personales\/prestamo-1000-euros\/\">pr\u00e9stamos personales de 1000 euros<\/a>. Al ser una cantidad elevada, son m\u00e1s un producto visto en bancos tradicionales o grandes financieras.<\/p>\n\n\n\n<h2 class=\"wp-block-heading\">\u00bfPr\u00e9stamos de 25000 online?<\/h2>\n\n\n\n<p>Que la mayor\u00eda de los pr\u00e9stamos de 25000 euros sean otorgados por los bancos tradicionales, no significa que no se puedan pedir online.<\/p>\n\n\n\n<p>En primer lugar, la banca tradicional cada vez es m\u00e1s online que nunca. Por ello, <strong>podr\u00e1s pedir un cr\u00e9dito incluso a trav\u00e9s de internet en un banco tradicional<\/strong>. No obstante, es bastante posible que dicho cr\u00e9dito no sea exactamente el m\u00e1s r\u00e1pido de gestionarse, y que muchas veces incluya <strong>abrirnos una cuenta con el banco.<\/strong><\/p>\n\n\n\n<p>Si tienes prisas, no obstante, existen bastantes pr\u00e9stamos online que ofrecer\u00e1n l\u00edmites de hasta 40.000 o 60.000 euros, aunque son los que menos. En Top5Credits podr\u00e1s comprobar<\/p>\n\n\n\n<h2 class=\"wp-block-heading\">25000 euros sin aval, \u00bfEs posible?<\/h2>\n\n\n\n<p>25000 euros, como indicamos, es una cifra bastante seria. Por ello, los <strong>requisitos <\/strong>a la hora de pedir un pr\u00e9stamo de dicha cuant\u00eda, se entiende que ser\u00e1n bastantes <strong>estrictos<\/strong>. No obstante, con esta cantidad, es perfectamente posible disponer de un cr\u00e9dito sin aval.<\/p>\n\n\n\n<p>Por supuesto, eso no significa que vayas a tener el pr\u00e9stamo en menos de 24 horas y sin papeleo. La financiera querr\u00e1 asegurarse de que puedes devolver esos 25000 euros, por lo que tendr\u00e1s que presentar todas las garant\u00edas posibles de que<strong> podr\u00e1s devolverlo<\/strong>.<\/p>\n\n\n\n<p>Eso s\u00ed, si no las tienes, en ese escenario s\u00ed que es posible que se necesite un aval. Pero, como siempre decimos, si no crees que puedas devolverlo, entonces no deber\u00edas pedirlo.<\/p>\n\n\n\n<h2 class=\"wp-block-heading\">Ejemplo de pr\u00e9stamo de 25000 euros<\/h2>\n\n\n\n<p>A continuaci\u00f3n os presentamos un ejemplo de un pr\u00e9stamo de 25000 euros con <a href=\"https:\/\/www.top5credits.com\/es\/opiniones\/cofidis\/\">Cetelem<\/a><\/p>\n\n\n\n<p class=\"paras-tarjous has-background\" style=\"background-color:#c7e7fb\"><strong>Resumen de la oferta:<\/strong><br>Importe:  25000\u20ac <br>Pago mensual: 365,61\u20ac <br>Plazos: 96 meses<br>Intereses: 9,33% TAE<br>Total: 35.098,56\u20ac  <\/p>\n<\/div><\/div>\n\n\n\n<div class=\"page-faqs\">\n\n\n\n<h2 class=\"has-text-align-center wp-block-heading\">Preguntas Frecuentes<\/h2>\n\n\n\n<div class=\"schema-faq wp-block-yoast-faq-block\"><div class=\"schema-faq-section\" id=\"faq-question-1576829428004\"><strong class=\"schema-faq-question\">\u00bfC\u00f3mo conseguir un pr\u00e9stamo de 25000 euros?<\/strong> <p class=\"schema-faq-answer\">Puedes pedir un <a href=\"https:\/\/www.top5credits.com\/es\/prestamos-personales\/prestamo-25000-euros\/\">pr\u00e9stamo online<\/a> en diferentes entidades financieras o en tu banco de confianza.<\/p> <\/div> <div class=\"schema-faq-section\" id=\"faq-question-1576829428794\"><strong class=\"schema-faq-question\">\u00bfPuedo tener 25000 euros en menos de 24 horas?<\/strong> <p class=\"schema-faq-answer\">La respuesta es s\u00ed, pero depender\u00e1 de si lo pides a un banco que ya tiene tus datos, o si dispones de la documentaci\u00f3n requerida.<\/p> <\/div> <div class=\"schema-faq-section\" id=\"faq-question-1576829442126\"><strong class=\"schema-faq-question\">\u00bfCu\u00e1ntos plazos para un cr\u00e9dito de 25000 euros?<\/strong> <p class=\"schema-faq-answer\">Depender\u00e1 de cu\u00e1nto puedas asumir, pero mientras menos plazos, mejor para tu bolsillo.<\/p> <\/div> <div class=\"schema-faq-section\" id=\"faq-question-1576829490092\"><strong class=\"schema-faq-question\">\u00bfC\u00f3mo me puede ayudar Top5Credits?<\/strong> <p class=\"schema-faq-answer\">Rellenando nuestro formulario o usando nuestro comparador, podr\u00e1s acceder a diferentes ofertas y an\u00e1lisis objetivos.<\/p> <\/div> <\/div>\n\n\n\n<\/div>\n","protected":false},"excerpt":{"rendered":"<p>Pr\u00e9stamo 25000 euros Compara y elige el pr\u00e9stamo de 25000 euros que necesitas. Leer&nbsp;m\u00e1s.. \u00bfNecesitas un pr\u00e9stamo de 25000 euros? En Top5Credits.com hemos analizado las<\/p>\n<p class=\"more-link\">Seguir leyendo <span class=\"screen-reader-text\">Pr\u00e9stamo 25000 euros<\/span><\/p>\n","protected":false},"author":13,"featured_media":0,"parent":49,"menu_order":0,"comment_status":"closed","ping_status":"closed","template":"page-results.php","meta":{"footnotes":""},"class_list":["post-3390","page","type-page","status-publish","hentry","entry"],"yoast_head":"<!-- This site is optimized with the Yoast SEO plugin v27.3 - https:\/\/yoast.com\/product\/yoast-seo-wordpress\/ -->\n<title>Pr\u00e9stamo 25000 euros - Top5Credits.com<\/title>\n<meta name=\"description\" content=\"Pedir 25000 euros es bastante dif\u00edcil de conseguir. Pero no te preocupes; en Top5Credits te ayudaremos a encontrar ese pr\u00e9stamo de 25000 euros que necesitas\" \/>\n<meta name=\"robots\" content=\"index, follow, max-snippet:-1, max-image-preview:large, max-video-preview:-1\" \/>\n<link rel=\"canonical\" href=\"https:\/\/www.top5credits.com\/es\/prestamos-personales\/prestamo-25000-euros\/\" \/>\n<meta property=\"og:locale\" content=\"es_ES\" \/>\n<meta property=\"og:type\" content=\"article\" \/>\n<meta property=\"og:title\" content=\"Pr\u00e9stamo 25000 euros - Top5Credits.com\" \/>\n<meta property=\"og:description\" content=\"Pedir 25000 euros es bastante dif\u00edcil de conseguir. Pero no te preocupes; en Top5Credits te ayudaremos a encontrar ese pr\u00e9stamo de 25000 euros que necesitas\" \/>\n<meta property=\"og:url\" content=\"https:\/\/www.top5credits.com\/es\/prestamos-personales\/prestamo-25000-euros\/\" \/>\n<meta property=\"og:site_name\" content=\"Top5Credits.com Espa\u00f1a\" \/>\n<meta property=\"article:publisher\" content=\"https:\/\/www.facebook.com\/Top5Creditscom-Espa%c3%b1a-109158667157057\" \/>\n<meta property=\"article:modified_time\" content=\"2024-09-20T08:55:33+00:00\" \/>\n<meta property=\"og:image\" content=\"https:\/\/cdn.top5credits.com\/es\/wp-content\/uploads\/sites\/8\/2023\/11\/top5credits-com-ogimage.png?cdn=1.1.1\" \/>\n\t<meta property=\"og:image:width\" content=\"1200\" \/>\n\t<meta property=\"og:image:height\" content=\"630\" \/>\n\t<meta property=\"og:image:type\" content=\"image\/png\" \/>\n<meta name=\"twitter:card\" content=\"summary_large_image\" \/>\n<meta name=\"twitter:label1\" content=\"Tiempo de lectura\" \/>\n\t<meta name=\"twitter:data1\" content=\"3 minutos\" \/>\n<script type=\"application\/ld+json\" class=\"yoast-schema-graph\">{\"@context\":\"https:\\\/\\\/schema.org\",\"@graph\":[{\"@type\":[\"WebPage\",\"FAQPage\"],\"@id\":\"https:\\\/\\\/www.top5credits.com\\\/es\\\/prestamos-personales\\\/prestamo-25000-euros\\\/\",\"url\":\"https:\\\/\\\/www.top5credits.com\\\/es\\\/prestamos-personales\\\/prestamo-25000-euros\\\/\",\"name\":\"Pr\u00e9stamo 25000 euros - Top5Credits.com\",\"isPartOf\":{\"@id\":\"https:\\\/\\\/www.top5credits.com\\\/es\\\/#website\"},\"datePublished\":\"2020-05-22T10:05:12+00:00\",\"dateModified\":\"2024-09-20T08:55:33+00:00\",\"description\":\"Pedir 25000 euros es bastante dif\u00edcil de conseguir. Pero no te preocupes; en Top5Credits te ayudaremos a encontrar ese pr\u00e9stamo de 25000 euros que necesitas\",\"breadcrumb\":{\"@id\":\"https:\\\/\\\/www.top5credits.com\\\/es\\\/prestamos-personales\\\/prestamo-25000-euros\\\/#breadcrumb\"},\"mainEntity\":[{\"@id\":\"https:\\\/\\\/www.top5credits.com\\\/es\\\/prestamos-personales\\\/prestamo-25000-euros\\\/#faq-question-1576829428004\"},{\"@id\":\"https:\\\/\\\/www.top5credits.com\\\/es\\\/prestamos-personales\\\/prestamo-25000-euros\\\/#faq-question-1576829428794\"},{\"@id\":\"https:\\\/\\\/www.top5credits.com\\\/es\\\/prestamos-personales\\\/prestamo-25000-euros\\\/#faq-question-1576829442126\"},{\"@id\":\"https:\\\/\\\/www.top5credits.com\\\/es\\\/prestamos-personales\\\/prestamo-25000-euros\\\/#faq-question-1576829490092\"}],\"inLanguage\":\"es\",\"potentialAction\":[{\"@type\":\"ReadAction\",\"target\":[\"https:\\\/\\\/www.top5credits.com\\\/es\\\/prestamos-personales\\\/prestamo-25000-euros\\\/\"]}]},{\"@type\":\"BreadcrumbList\",\"@id\":\"https:\\\/\\\/www.top5credits.com\\\/es\\\/prestamos-personales\\\/prestamo-25000-euros\\\/#breadcrumb\",\"itemListElement\":[{\"@type\":\"ListItem\",\"position\":1,\"name\":\"Top5Credits.com\",\"item\":\"https:\\\/\\\/www.top5credits.com\\\/es\\\/\"},{\"@type\":\"ListItem\",\"position\":2,\"name\":\"Compara pr\u00e9stamos personales online\",\"item\":\"https:\\\/\\\/www.top5credits.com\\\/es\\\/prestamos-personales\\\/\"},{\"@type\":\"ListItem\",\"position\":3,\"name\":\"Pr\u00e9stamo 25000 euros\"}]},{\"@type\":\"WebSite\",\"@id\":\"https:\\\/\\\/www.top5credits.com\\\/es\\\/#website\",\"url\":\"https:\\\/\\\/www.top5credits.com\\\/es\\\/\",\"name\":\"Top5Credits.com Espa\u00f1a\",\"description\":\"\",\"publisher\":{\"@id\":\"https:\\\/\\\/www.top5credits.com\\\/es\\\/#organization\"},\"potentialAction\":[{\"@type\":\"SearchAction\",\"target\":{\"@type\":\"EntryPoint\",\"urlTemplate\":\"https:\\\/\\\/www.top5credits.com\\\/es\\\/?s={search_term_string}\"},\"query-input\":{\"@type\":\"PropertyValueSpecification\",\"valueRequired\":true,\"valueName\":\"search_term_string\"}}],\"inLanguage\":\"es\"},{\"@type\":\"Organization\",\"@id\":\"https:\\\/\\\/www.top5credits.com\\\/es\\\/#organization\",\"name\":\"Top5Credits.com\",\"url\":\"https:\\\/\\\/www.top5credits.com\\\/es\\\/\",\"logo\":{\"@type\":\"ImageObject\",\"inLanguage\":\"es\",\"@id\":\"https:\\\/\\\/www.top5credits.com\\\/es\\\/#\\\/schema\\\/logo\\\/image\\\/\",\"url\":\"https:\\\/\\\/cdn.top5credits.com\\\/es\\\/wp-content\\\/uploads\\\/sites\\\/8\\\/2023\\\/10\\\/t5c-favicon.png\",\"contentUrl\":\"https:\\\/\\\/cdn.top5credits.com\\\/es\\\/wp-content\\\/uploads\\\/sites\\\/8\\\/2023\\\/10\\\/t5c-favicon.png\",\"width\":512,\"height\":512,\"caption\":\"Top5Credits.com\"},\"image\":{\"@id\":\"https:\\\/\\\/www.top5credits.com\\\/es\\\/#\\\/schema\\\/logo\\\/image\\\/\"},\"sameAs\":[\"https:\\\/\\\/www.facebook.com\\\/Top5Creditscom-Espa\u00f1a-109158667157057\"]},{\"@type\":\"Question\",\"@id\":\"https:\\\/\\\/www.top5credits.com\\\/es\\\/prestamos-personales\\\/prestamo-25000-euros\\\/#faq-question-1576829428004\",\"position\":1,\"url\":\"https:\\\/\\\/www.top5credits.com\\\/es\\\/prestamos-personales\\\/prestamo-25000-euros\\\/#faq-question-1576829428004\",\"name\":\"\u00bfC\u00f3mo conseguir un pr\u00e9stamo de 25000 euros?\",\"answerCount\":1,\"acceptedAnswer\":{\"@type\":\"Answer\",\"text\":\"Puedes pedir un <a href=\\\"https:\\\/\\\/www.top5credits.com\\\/es\\\/prestamos-personales\\\/prestamo-25000-euros\\\/\\\">pr\u00e9stamo online<\\\/a> en diferentes entidades financieras o en tu banco de confianza.\",\"inLanguage\":\"es\"},\"inLanguage\":\"es\"},{\"@type\":\"Question\",\"@id\":\"https:\\\/\\\/www.top5credits.com\\\/es\\\/prestamos-personales\\\/prestamo-25000-euros\\\/#faq-question-1576829428794\",\"position\":2,\"url\":\"https:\\\/\\\/www.top5credits.com\\\/es\\\/prestamos-personales\\\/prestamo-25000-euros\\\/#faq-question-1576829428794\",\"name\":\"\u00bfPuedo tener 25000 euros en menos de 24 horas?\",\"answerCount\":1,\"acceptedAnswer\":{\"@type\":\"Answer\",\"text\":\"La respuesta es s\u00ed, pero depender\u00e1 de si lo pides a un banco que ya tiene tus datos, o si dispones de la documentaci\u00f3n requerida.\",\"inLanguage\":\"es\"},\"inLanguage\":\"es\"},{\"@type\":\"Question\",\"@id\":\"https:\\\/\\\/www.top5credits.com\\\/es\\\/prestamos-personales\\\/prestamo-25000-euros\\\/#faq-question-1576829442126\",\"position\":3,\"url\":\"https:\\\/\\\/www.top5credits.com\\\/es\\\/prestamos-personales\\\/prestamo-25000-euros\\\/#faq-question-1576829442126\",\"name\":\"\u00bfCu\u00e1ntos plazos para un cr\u00e9dito de 25000 euros?\",\"answerCount\":1,\"acceptedAnswer\":{\"@type\":\"Answer\",\"text\":\"Depender\u00e1 de cu\u00e1nto puedas asumir, pero mientras menos plazos, mejor para tu bolsillo.\",\"inLanguage\":\"es\"},\"inLanguage\":\"es\"},{\"@type\":\"Question\",\"@id\":\"https:\\\/\\\/www.top5credits.com\\\/es\\\/prestamos-personales\\\/prestamo-25000-euros\\\/#faq-question-1576829490092\",\"position\":4,\"url\":\"https:\\\/\\\/www.top5credits.com\\\/es\\\/prestamos-personales\\\/prestamo-25000-euros\\\/#faq-question-1576829490092\",\"name\":\"\u00bfC\u00f3mo me puede ayudar Top5Credits?\",\"answerCount\":1,\"acceptedAnswer\":{\"@type\":\"Answer\",\"text\":\"Rellenando nuestro formulario o usando nuestro comparador, podr\u00e1s acceder a diferentes ofertas y an\u00e1lisis objetivos.\",\"inLanguage\":\"es\"},\"inLanguage\":\"es\"}]}<\/script>\n<!-- \/ Yoast SEO plugin. -->","yoast_head_json":{"title":"Pr\u00e9stamo 25000 euros - Top5Credits.com","description":"Pedir 25000 euros es bastante dif\u00edcil de conseguir. Pero no te preocupes; en Top5Credits te ayudaremos a encontrar ese pr\u00e9stamo de 25000 euros que necesitas","robots":{"index":"index","follow":"follow","max-snippet":"max-snippet:-1","max-image-preview":"max-image-preview:large","max-video-preview":"max-video-preview:-1"},"canonical":"https:\/\/www.top5credits.com\/es\/prestamos-personales\/prestamo-25000-euros\/","og_locale":"es_ES","og_type":"article","og_title":"Pr\u00e9stamo 25000 euros - Top5Credits.com","og_description":"Pedir 25000 euros es bastante dif\u00edcil de conseguir. Pero no te preocupes; en Top5Credits te ayudaremos a encontrar ese pr\u00e9stamo de 25000 euros que necesitas","og_url":"https:\/\/www.top5credits.com\/es\/prestamos-personales\/prestamo-25000-euros\/","og_site_name":"Top5Credits.com Espa\u00f1a","article_publisher":"https:\/\/www.facebook.com\/Top5Creditscom-Espa%c3%b1a-109158667157057","article_modified_time":"2024-09-20T08:55:33+00:00","og_image":[{"width":1200,"height":630,"url":"https:\/\/cdn.top5credits.com\/es\/wp-content\/uploads\/sites\/8\/2023\/11\/top5credits-com-ogimage.png?cdn=1.1.1","type":"image\/png"}],"twitter_card":"summary_large_image","twitter_misc":{"Tiempo de lectura":"3 minutos"},"schema":{"@context":"https:\/\/schema.org","@graph":[{"@type":["WebPage","FAQPage"],"@id":"https:\/\/www.top5credits.com\/es\/prestamos-personales\/prestamo-25000-euros\/","url":"https:\/\/www.top5credits.com\/es\/prestamos-personales\/prestamo-25000-euros\/","name":"Pr\u00e9stamo 25000 euros - Top5Credits.com","isPartOf":{"@id":"https:\/\/www.top5credits.com\/es\/#website"},"datePublished":"2020-05-22T10:05:12+00:00","dateModified":"2024-09-20T08:55:33+00:00","description":"Pedir 25000 euros es bastante dif\u00edcil de conseguir. Pero no te preocupes; en Top5Credits te ayudaremos a encontrar ese pr\u00e9stamo de 25000 euros que necesitas","breadcrumb":{"@id":"https:\/\/www.top5credits.com\/es\/prestamos-personales\/prestamo-25000-euros\/#breadcrumb"},"mainEntity":[{"@id":"https:\/\/www.top5credits.com\/es\/prestamos-personales\/prestamo-25000-euros\/#faq-question-1576829428004"},{"@id":"https:\/\/www.top5credits.com\/es\/prestamos-personales\/prestamo-25000-euros\/#faq-question-1576829428794"},{"@id":"https:\/\/www.top5credits.com\/es\/prestamos-personales\/prestamo-25000-euros\/#faq-question-1576829442126"},{"@id":"https:\/\/www.top5credits.com\/es\/prestamos-personales\/prestamo-25000-euros\/#faq-question-1576829490092"}],"inLanguage":"es","potentialAction":[{"@type":"ReadAction","target":["https:\/\/www.top5credits.com\/es\/prestamos-personales\/prestamo-25000-euros\/"]}]},{"@type":"BreadcrumbList","@id":"https:\/\/www.top5credits.com\/es\/prestamos-personales\/prestamo-25000-euros\/#breadcrumb","itemListElement":[{"@type":"ListItem","position":1,"name":"Top5Credits.com","item":"https:\/\/www.top5credits.com\/es\/"},{"@type":"ListItem","position":2,"name":"Compara pr\u00e9stamos personales online","item":"https:\/\/www.top5credits.com\/es\/prestamos-personales\/"},{"@type":"ListItem","position":3,"name":"Pr\u00e9stamo 25000 euros"}]},{"@type":"WebSite","@id":"https:\/\/www.top5credits.com\/es\/#website","url":"https:\/\/www.top5credits.com\/es\/","name":"Top5Credits.com Espa\u00f1a","description":"","publisher":{"@id":"https:\/\/www.top5credits.com\/es\/#organization"},"potentialAction":[{"@type":"SearchAction","target":{"@type":"EntryPoint","urlTemplate":"https:\/\/www.top5credits.com\/es\/?s={search_term_string}"},"query-input":{"@type":"PropertyValueSpecification","valueRequired":true,"valueName":"search_term_string"}}],"inLanguage":"es"},{"@type":"Organization","@id":"https:\/\/www.top5credits.com\/es\/#organization","name":"Top5Credits.com","url":"https:\/\/www.top5credits.com\/es\/","logo":{"@type":"ImageObject","inLanguage":"es","@id":"https:\/\/www.top5credits.com\/es\/#\/schema\/logo\/image\/","url":"https:\/\/cdn.top5credits.com\/es\/wp-content\/uploads\/sites\/8\/2023\/10\/t5c-favicon.png","contentUrl":"https:\/\/cdn.top5credits.com\/es\/wp-content\/uploads\/sites\/8\/2023\/10\/t5c-favicon.png","width":512,"height":512,"caption":"Top5Credits.com"},"image":{"@id":"https:\/\/www.top5credits.com\/es\/#\/schema\/logo\/image\/"},"sameAs":["https:\/\/www.facebook.com\/Top5Creditscom-Espa\u00f1a-109158667157057"]},{"@type":"Question","@id":"https:\/\/www.top5credits.com\/es\/prestamos-personales\/prestamo-25000-euros\/#faq-question-1576829428004","position":1,"url":"https:\/\/www.top5credits.com\/es\/prestamos-personales\/prestamo-25000-euros\/#faq-question-1576829428004","name":"\u00bfC\u00f3mo conseguir un pr\u00e9stamo de 25000 euros?","answerCount":1,"acceptedAnswer":{"@type":"Answer","text":"Puedes pedir un <a href=\"https:\/\/www.top5credits.com\/es\/prestamos-personales\/prestamo-25000-euros\/\">pr\u00e9stamo online<\/a> en diferentes entidades financieras o en tu banco de confianza.","inLanguage":"es"},"inLanguage":"es"},{"@type":"Question","@id":"https:\/\/www.top5credits.com\/es\/prestamos-personales\/prestamo-25000-euros\/#faq-question-1576829428794","position":2,"url":"https:\/\/www.top5credits.com\/es\/prestamos-personales\/prestamo-25000-euros\/#faq-question-1576829428794","name":"\u00bfPuedo tener 25000 euros en menos de 24 horas?","answerCount":1,"acceptedAnswer":{"@type":"Answer","text":"La respuesta es s\u00ed, pero depender\u00e1 de si lo pides a un banco que ya tiene tus datos, o si dispones de la documentaci\u00f3n requerida.","inLanguage":"es"},"inLanguage":"es"},{"@type":"Question","@id":"https:\/\/www.top5credits.com\/es\/prestamos-personales\/prestamo-25000-euros\/#faq-question-1576829442126","position":3,"url":"https:\/\/www.top5credits.com\/es\/prestamos-personales\/prestamo-25000-euros\/#faq-question-1576829442126","name":"\u00bfCu\u00e1ntos plazos para un cr\u00e9dito de 25000 euros?","answerCount":1,"acceptedAnswer":{"@type":"Answer","text":"Depender\u00e1 de cu\u00e1nto puedas asumir, pero mientras menos plazos, mejor para tu bolsillo.","inLanguage":"es"},"inLanguage":"es"},{"@type":"Question","@id":"https:\/\/www.top5credits.com\/es\/prestamos-personales\/prestamo-25000-euros\/#faq-question-1576829490092","position":4,"url":"https:\/\/www.top5credits.com\/es\/prestamos-personales\/prestamo-25000-euros\/#faq-question-1576829490092","name":"\u00bfC\u00f3mo me puede ayudar Top5Credits?","answerCount":1,"acceptedAnswer":{"@type":"Answer","text":"Rellenando nuestro formulario o usando nuestro comparador, podr\u00e1s acceder a diferentes ofertas y an\u00e1lisis objetivos.","inLanguage":"es"},"inLanguage":"es"}]}},"_links":{"self":[{"href":"https:\/\/www.top5credits.com\/es\/wp-json\/wp\/v2\/pages\/3390","targetHints":{"allow":["GET"]}}],"collection":[{"href":"https:\/\/www.top5credits.com\/es\/wp-json\/wp\/v2\/pages"}],"about":[{"href":"https:\/\/www.top5credits.com\/es\/wp-json\/wp\/v2\/types\/page"}],"author":[{"embeddable":true,"href":"https:\/\/www.top5credits.com\/es\/wp-json\/wp\/v2\/users\/13"}],"replies":[{"embeddable":true,"href":"https:\/\/www.top5credits.com\/es\/wp-json\/wp\/v2\/comments?post=3390"}],"version-history":[{"count":0,"href":"https:\/\/www.top5credits.com\/es\/wp-json\/wp\/v2\/pages\/3390\/revisions"}],"up":[{"embeddable":true,"href":"https:\/\/www.top5credits.com\/es\/wp-json\/wp\/v2\/pages\/49"}],"wp:attachment":[{"href":"https:\/\/www.top5credits.com\/es\/wp-json\/wp\/v2\/media?parent=3390"}],"curies":[{"name":"wp","href":"https:\/\/api.w.org\/{rel}","templated":true}]}}