{"id":3395,"date":"2020-05-22T10:43:23","date_gmt":"2020-05-22T10:43:23","guid":{"rendered":"https:\/\/www.top5credits.com\/es\/?page_id=3395"},"modified":"2024-09-20T08:55:55","modified_gmt":"2024-09-20T08:55:55","slug":"prestamo-40000-euros","status":"publish","type":"page","link":"https:\/\/www.top5credits.com\/es\/prestamos-personales\/prestamo-40000-euros\/","title":{"rendered":"Pr\u00e9stamo 40000 euros"},"content":{"rendered":"\n<div class=\"wp-block-group first-section\"><div class=\"wp-block-group__inner-container is-layout-flow wp-block-group-is-layout-flow\">\n<h1 class=\"has-text-align-center compare-title wp-block-heading\">Pr\u00e9stamo 40000 euros<\/h1>\n\n\n\n<p class=\"has-text-align-center compare-title\">Compara y elige el pr\u00e9stamo de 40000 euros que necesitas. <span class=\"luelisaanappi\">Leer&nbsp;m\u00e1s..<\/span> <span class=\"luelisaateksti\"> \u00bfNecesitas un pr\u00e9stamo de 40000 euros? En Top5Credits.com hemos analizado las principales financieras en Espa\u00f1a, as\u00ed que hemos seleccionado todos los prestamistas que ofrecen pr\u00e9stamos de 40000 euros. Compara las opciones y lee nuestras opiniones.\n<\/span><\/p>\n\n\n\n\n<\/div><\/div>\n\n\n\n\n\n\n<div class=\"top-results palkkio\">\n<span class=\"huomiomerkki\">!<\/span> La comisi\u00f3n que recibimos afecta directamente el listado &#8211; Leer m\u00e1s <span class=\"plus-trigger\">+<\/span>\n<p>Top5Credits.com es un website 100% gratuito con el prop\u00f3sito de suministrar informaci\u00f3n \u00fatil y de valor al usuario. Comparamos pr\u00e9stamos y los analizamos de manera objetiva. Para mantener nuestros servicios gratuitos, obtenemos comisiones de los bancos y prestamistas por cada usuario que les redirigimos. El ratio de compensaci\u00f3n afecta directamente el orden del listado de colaboradores.<\/p>\n<\/div>\n\n\n\n<div class=\"wp-block-group full-white\"><div class=\"wp-block-group__inner-container is-layout-flow wp-block-group-is-layout-flow\">\n<h2 class=\"wp-block-heading\">Pr\u00e9stamo de 40000 euros<\/h2>\n\n\n\n<p>Grandes proyectos requieren grandes inversiones. La casa de tus sue\u00f1os puede que est\u00e9 cerca, pero necesite un peque\u00f1o pero gran empuj\u00f3n. Puede que tu boda se merezca la mejor de las celebraciones. O quiz\u00e1 puede que por trabajo necesites el mejor <a href=\"https:\/\/www.top5credits.com\/es\/prestamo-coche\/\">veh\u00edculo <\/a>todoterreno. En cualquiera de los casos, pedir un<strong> pr\u00e9stamo de 40000 online <\/strong>cada vez est\u00e1 m\u00e1s extendido.<\/p>\n\n\n\n<p>Cuando necesitamos un pr\u00e9stamo tan elevado, lo m\u00e1s normal es pensar en nuestro banco tradicional, ya que hablamos de una cantidad considerable. No obstante, cada vez m\u00e1s son los <strong>bancos o financieras online <\/strong>que ofrecen este tipo de cr\u00e9ditos de manera <strong>online<\/strong>.<\/p>\n\n\n\n<h2 class=\"wp-block-heading\">\u00bfPr\u00e9stamos de 40000 sin aval?<\/h2>\n\n\n\n<p>Cuando pidamos 40000 euros, ya sea a nuestro banco o a trav\u00e9s de internet, la financiera siempre querr\u00e1 asegurarse de que puedas abonar el cr\u00e9dito de vuelta. Hablamos de una <strong>gran inversi\u00f3n<\/strong>, que la entidad no querr\u00e1 perder.<\/p>\n\n\n\n<p>Por ello, es comprensible que los pr\u00e9stamos de 40000 euros nos exijan <strong>bastante m\u00e1s documentaci\u00f3n<\/strong> que un pr\u00e9stamo de 400 euros. Por ello, si vas a pedir esta suma de dinero, prepara tus documentos.<\/p>\n\n\n\n<p>No obstante, <strong>no siempre el requisito ser\u00e1 el aval<\/strong>. Recuerda que la figura del aval, a fin de cuentas, es la figura de otra persona que se har\u00e1 cargo del cr\u00e9dito en caso de que t\u00fa no puedas. Por ello, si puedes pagarlo y demostrarlo, <strong>no necesitar\u00e1s aval<\/strong>.<\/p>\n\n\n\n<h2 class=\"wp-block-heading\">Pr\u00e9stamos personales o pr\u00e9stamos online<\/h2>\n\n\n\n<p>Como decimos, a la hora de pedir 40000 euros, lo m\u00e1s normal es que se nos pase por la cabeza <strong>acudir a nuestro banco tradicional<\/strong>. Y muchas veces es una buena opci\u00f3n, ya que muchas veces son estos bancos los que tienen los intereses m\u00e1s competitivos.<\/p>\n\n\n\n<p>No obstante, no siempre podremos o querremos pedirlo a nuestro banco. <strong>Puede que directamente no nos lo faciliten<\/strong>, cosa que es posible si hemos tenido un mal pasado como deudor con esta entidad. O, simplemente, te interesa m\u00e1s otra oferta.<\/p>\n\n\n\n<p>Siempre puedes pedir un <a href=\"https:\/\/www.top5credits.com\/es\/prestamos-personales\/\">pr\u00e9stamo personal<\/a> a otro banco tradicional si ves que a la larga te beneficiar\u00e1, ya que normalmente tendr\u00e1s que contratar otro producto, como una cuenta corriente. No obstante, tambi\u00e9n existen ciertas financieras online que ofrecen esta cantidad o m\u00e1s; eso s\u00ed, sus precios suelen ser menos competitivos.<\/p>\n\n\n\n<h2 class=\"wp-block-heading\">Ejemplo de pr\u00e9stamo de 40000 euros<\/h2>\n\n\n\n<p>A continuaci\u00f3n, os ponemos un ejemplo de un pr\u00e9stamo de 40000 euros con <a href=\"https:\/\/www.top5credits.com\/es\/opiniones\/cetelem\/\">Cetelem<\/a>.<\/p>\n\n\n\n<p class=\"paras-tarjous has-background\" style=\"background-color:#c7e7fb\"><strong>Resumen de la oferta:<\/strong><br>Importe:  40000\u20ac <br>Pago mensual: 584,97\u20ac <br>Plazos: 96 meses<br>Intereses: 9,33% TAE<br>Total: 56.157,12\u20ac  <\/p>\n<\/div><\/div>\n\n\n\n<div class=\"page-faqs\">\n\n\n\n<h2 class=\"has-text-align-center wp-block-heading\">Preguntas Frecuentes<\/h2>\n\n\n\n<div class=\"schema-faq wp-block-yoast-faq-block\"><div class=\"schema-faq-section\" id=\"faq-question-1576829428004\"><strong class=\"schema-faq-question\">\u00bfC\u00f3mo conseguir un pr\u00e9stamo de 40000 euros?<\/strong> <p class=\"schema-faq-answer\">Puedes pedir un pr\u00e9stamo de 40000 euros en bancos tradicionales, pero tambi\u00e9n a trav\u00e9s de cr\u00e9ditos online.<\/p> <\/div> <div class=\"schema-faq-section\" id=\"faq-question-1576829428794\"><strong class=\"schema-faq-question\">\u00bfPuedo tener 40000 euros en menos de 24 horas?<\/strong> <p class=\"schema-faq-answer\">Si bien es posible, tendr\u00e1s que adjuntar un m\u00ednimo de documentaci\u00f3n para esta cantidad.<\/p> <\/div> <div class=\"schema-faq-section\" id=\"faq-question-1576829442126\"><strong class=\"schema-faq-question\">\u00bfCu\u00e1ntos a\u00f1os puedo tardar en pagar un cr\u00e9dito de 40000 euros?<\/strong> <p class=\"schema-faq-answer\">Todo depender\u00e1 de tu situaci\u00f3n, pero recuerda que cuanto menos a\u00f1os, menos intereses pagar\u00e1s.<\/p> <\/div> <div class=\"schema-faq-section\" id=\"faq-question-1576829490092\"><strong class=\"schema-faq-question\">\u00bfCu\u00e1l es la TAE de un pr\u00e9stamo de 40000 euros?<\/strong> <p class=\"schema-faq-answer\">LA TAE puede ser de hasta un 3% hasta un 20%; m\u00e1s que esto ser\u00eda usurario.<\/p> <\/div> <\/div>\n\n\n\n<\/div>\n","protected":false},"excerpt":{"rendered":"<p>Pr\u00e9stamo 40000 euros Compara y elige el pr\u00e9stamo de 40000 euros que necesitas. Leer&nbsp;m\u00e1s.. \u00bfNecesitas un pr\u00e9stamo de 40000 euros? En Top5Credits.com hemos analizado las<\/p>\n<p class=\"more-link\">Seguir leyendo <span class=\"screen-reader-text\">Pr\u00e9stamo 40000 euros<\/span><\/p>\n","protected":false},"author":13,"featured_media":0,"parent":49,"menu_order":0,"comment_status":"closed","ping_status":"closed","template":"page-results.php","meta":{"footnotes":""},"class_list":["post-3395","page","type-page","status-publish","hentry","entry"],"yoast_head":"<!-- This site is optimized with the Yoast SEO plugin v27.3 - https:\/\/yoast.com\/product\/yoast-seo-wordpress\/ -->\n<title>Pr\u00e9stamo 40000 euros - Top5Credits.com<\/title>\n<meta name=\"description\" content=\"40000 euros es una cantidad importante. As\u00ed que antes de precipitarte, compara y encuentra el mejore pr\u00e9stamo de 4000 euros del mercado\" \/>\n<meta name=\"robots\" content=\"index, follow, max-snippet:-1, max-image-preview:large, max-video-preview:-1\" \/>\n<link rel=\"canonical\" href=\"https:\/\/www.top5credits.com\/es\/prestamos-personales\/prestamo-40000-euros\/\" \/>\n<meta property=\"og:locale\" content=\"es_ES\" \/>\n<meta property=\"og:type\" content=\"article\" \/>\n<meta property=\"og:title\" content=\"Pr\u00e9stamo 40000 euros - Top5Credits.com\" \/>\n<meta property=\"og:description\" content=\"40000 euros es una cantidad importante. As\u00ed que antes de precipitarte, compara y encuentra el mejore pr\u00e9stamo de 4000 euros del mercado\" \/>\n<meta property=\"og:url\" content=\"https:\/\/www.top5credits.com\/es\/prestamos-personales\/prestamo-40000-euros\/\" \/>\n<meta property=\"og:site_name\" content=\"Top5Credits.com Espa\u00f1a\" \/>\n<meta property=\"article:publisher\" content=\"https:\/\/www.facebook.com\/Top5Creditscom-Espa%c3%b1a-109158667157057\" \/>\n<meta property=\"article:modified_time\" content=\"2024-09-20T08:55:55+00:00\" \/>\n<meta property=\"og:image\" content=\"https:\/\/cdn.top5credits.com\/es\/wp-content\/uploads\/sites\/8\/2023\/11\/top5credits-com-ogimage.png?cdn=1.1.1\" \/>\n\t<meta property=\"og:image:width\" content=\"1200\" \/>\n\t<meta property=\"og:image:height\" content=\"630\" \/>\n\t<meta property=\"og:image:type\" content=\"image\/png\" \/>\n<meta name=\"twitter:card\" content=\"summary_large_image\" \/>\n<meta name=\"twitter:label1\" content=\"Tiempo de lectura\" \/>\n\t<meta name=\"twitter:data1\" content=\"4 minutos\" \/>\n<script type=\"application\/ld+json\" class=\"yoast-schema-graph\">{\"@context\":\"https:\\\/\\\/schema.org\",\"@graph\":[{\"@type\":[\"WebPage\",\"FAQPage\"],\"@id\":\"https:\\\/\\\/www.top5credits.com\\\/es\\\/prestamos-personales\\\/prestamo-40000-euros\\\/\",\"url\":\"https:\\\/\\\/www.top5credits.com\\\/es\\\/prestamos-personales\\\/prestamo-40000-euros\\\/\",\"name\":\"Pr\u00e9stamo 40000 euros - Top5Credits.com\",\"isPartOf\":{\"@id\":\"https:\\\/\\\/www.top5credits.com\\\/es\\\/#website\"},\"datePublished\":\"2020-05-22T10:43:23+00:00\",\"dateModified\":\"2024-09-20T08:55:55+00:00\",\"description\":\"40000 euros es una cantidad importante. As\u00ed que antes de precipitarte, compara y encuentra el mejore pr\u00e9stamo de 4000 euros del mercado\",\"breadcrumb\":{\"@id\":\"https:\\\/\\\/www.top5credits.com\\\/es\\\/prestamos-personales\\\/prestamo-40000-euros\\\/#breadcrumb\"},\"mainEntity\":[{\"@id\":\"https:\\\/\\\/www.top5credits.com\\\/es\\\/prestamos-personales\\\/prestamo-40000-euros\\\/#faq-question-1576829428004\"},{\"@id\":\"https:\\\/\\\/www.top5credits.com\\\/es\\\/prestamos-personales\\\/prestamo-40000-euros\\\/#faq-question-1576829428794\"},{\"@id\":\"https:\\\/\\\/www.top5credits.com\\\/es\\\/prestamos-personales\\\/prestamo-40000-euros\\\/#faq-question-1576829442126\"},{\"@id\":\"https:\\\/\\\/www.top5credits.com\\\/es\\\/prestamos-personales\\\/prestamo-40000-euros\\\/#faq-question-1576829490092\"}],\"inLanguage\":\"es\",\"potentialAction\":[{\"@type\":\"ReadAction\",\"target\":[\"https:\\\/\\\/www.top5credits.com\\\/es\\\/prestamos-personales\\\/prestamo-40000-euros\\\/\"]}]},{\"@type\":\"BreadcrumbList\",\"@id\":\"https:\\\/\\\/www.top5credits.com\\\/es\\\/prestamos-personales\\\/prestamo-40000-euros\\\/#breadcrumb\",\"itemListElement\":[{\"@type\":\"ListItem\",\"position\":1,\"name\":\"Top5Credits.com\",\"item\":\"https:\\\/\\\/www.top5credits.com\\\/es\\\/\"},{\"@type\":\"ListItem\",\"position\":2,\"name\":\"Compara pr\u00e9stamos personales online\",\"item\":\"https:\\\/\\\/www.top5credits.com\\\/es\\\/prestamos-personales\\\/\"},{\"@type\":\"ListItem\",\"position\":3,\"name\":\"Pr\u00e9stamo 40000 euros\"}]},{\"@type\":\"WebSite\",\"@id\":\"https:\\\/\\\/www.top5credits.com\\\/es\\\/#website\",\"url\":\"https:\\\/\\\/www.top5credits.com\\\/es\\\/\",\"name\":\"Top5Credits.com Espa\u00f1a\",\"description\":\"\",\"publisher\":{\"@id\":\"https:\\\/\\\/www.top5credits.com\\\/es\\\/#organization\"},\"potentialAction\":[{\"@type\":\"SearchAction\",\"target\":{\"@type\":\"EntryPoint\",\"urlTemplate\":\"https:\\\/\\\/www.top5credits.com\\\/es\\\/?s={search_term_string}\"},\"query-input\":{\"@type\":\"PropertyValueSpecification\",\"valueRequired\":true,\"valueName\":\"search_term_string\"}}],\"inLanguage\":\"es\"},{\"@type\":\"Organization\",\"@id\":\"https:\\\/\\\/www.top5credits.com\\\/es\\\/#organization\",\"name\":\"Top5Credits.com\",\"url\":\"https:\\\/\\\/www.top5credits.com\\\/es\\\/\",\"logo\":{\"@type\":\"ImageObject\",\"inLanguage\":\"es\",\"@id\":\"https:\\\/\\\/www.top5credits.com\\\/es\\\/#\\\/schema\\\/logo\\\/image\\\/\",\"url\":\"https:\\\/\\\/cdn.top5credits.com\\\/es\\\/wp-content\\\/uploads\\\/sites\\\/8\\\/2023\\\/10\\\/t5c-favicon.png\",\"contentUrl\":\"https:\\\/\\\/cdn.top5credits.com\\\/es\\\/wp-content\\\/uploads\\\/sites\\\/8\\\/2023\\\/10\\\/t5c-favicon.png\",\"width\":512,\"height\":512,\"caption\":\"Top5Credits.com\"},\"image\":{\"@id\":\"https:\\\/\\\/www.top5credits.com\\\/es\\\/#\\\/schema\\\/logo\\\/image\\\/\"},\"sameAs\":[\"https:\\\/\\\/www.facebook.com\\\/Top5Creditscom-Espa\u00f1a-109158667157057\"]},{\"@type\":\"Question\",\"@id\":\"https:\\\/\\\/www.top5credits.com\\\/es\\\/prestamos-personales\\\/prestamo-40000-euros\\\/#faq-question-1576829428004\",\"position\":1,\"url\":\"https:\\\/\\\/www.top5credits.com\\\/es\\\/prestamos-personales\\\/prestamo-40000-euros\\\/#faq-question-1576829428004\",\"name\":\"\u00bfC\u00f3mo conseguir un pr\u00e9stamo de 40000 euros?\",\"answerCount\":1,\"acceptedAnswer\":{\"@type\":\"Answer\",\"text\":\"Puedes pedir un pr\u00e9stamo de 40000 euros en bancos tradicionales, pero tambi\u00e9n a trav\u00e9s de cr\u00e9ditos online.\",\"inLanguage\":\"es\"},\"inLanguage\":\"es\"},{\"@type\":\"Question\",\"@id\":\"https:\\\/\\\/www.top5credits.com\\\/es\\\/prestamos-personales\\\/prestamo-40000-euros\\\/#faq-question-1576829428794\",\"position\":2,\"url\":\"https:\\\/\\\/www.top5credits.com\\\/es\\\/prestamos-personales\\\/prestamo-40000-euros\\\/#faq-question-1576829428794\",\"name\":\"\u00bfPuedo tener 40000 euros en menos de 24 horas?\",\"answerCount\":1,\"acceptedAnswer\":{\"@type\":\"Answer\",\"text\":\"Si bien es posible, tendr\u00e1s que adjuntar un m\u00ednimo de documentaci\u00f3n para esta cantidad.\",\"inLanguage\":\"es\"},\"inLanguage\":\"es\"},{\"@type\":\"Question\",\"@id\":\"https:\\\/\\\/www.top5credits.com\\\/es\\\/prestamos-personales\\\/prestamo-40000-euros\\\/#faq-question-1576829442126\",\"position\":3,\"url\":\"https:\\\/\\\/www.top5credits.com\\\/es\\\/prestamos-personales\\\/prestamo-40000-euros\\\/#faq-question-1576829442126\",\"name\":\"\u00bfCu\u00e1ntos a\u00f1os puedo tardar en pagar un cr\u00e9dito de 40000 euros?\",\"answerCount\":1,\"acceptedAnswer\":{\"@type\":\"Answer\",\"text\":\"Todo depender\u00e1 de tu situaci\u00f3n, pero recuerda que cuanto menos a\u00f1os, menos intereses pagar\u00e1s.\",\"inLanguage\":\"es\"},\"inLanguage\":\"es\"},{\"@type\":\"Question\",\"@id\":\"https:\\\/\\\/www.top5credits.com\\\/es\\\/prestamos-personales\\\/prestamo-40000-euros\\\/#faq-question-1576829490092\",\"position\":4,\"url\":\"https:\\\/\\\/www.top5credits.com\\\/es\\\/prestamos-personales\\\/prestamo-40000-euros\\\/#faq-question-1576829490092\",\"name\":\"\u00bfCu\u00e1l es la TAE de un pr\u00e9stamo de 40000 euros?\",\"answerCount\":1,\"acceptedAnswer\":{\"@type\":\"Answer\",\"text\":\"LA TAE puede ser de hasta un 3% hasta un 20%; m\u00e1s que esto ser\u00eda usurario.\",\"inLanguage\":\"es\"},\"inLanguage\":\"es\"}]}<\/script>\n<!-- \/ Yoast SEO plugin. -->","yoast_head_json":{"title":"Pr\u00e9stamo 40000 euros - Top5Credits.com","description":"40000 euros es una cantidad importante. As\u00ed que antes de precipitarte, compara y encuentra el mejore pr\u00e9stamo de 4000 euros del mercado","robots":{"index":"index","follow":"follow","max-snippet":"max-snippet:-1","max-image-preview":"max-image-preview:large","max-video-preview":"max-video-preview:-1"},"canonical":"https:\/\/www.top5credits.com\/es\/prestamos-personales\/prestamo-40000-euros\/","og_locale":"es_ES","og_type":"article","og_title":"Pr\u00e9stamo 40000 euros - Top5Credits.com","og_description":"40000 euros es una cantidad importante. As\u00ed que antes de precipitarte, compara y encuentra el mejore pr\u00e9stamo de 4000 euros del mercado","og_url":"https:\/\/www.top5credits.com\/es\/prestamos-personales\/prestamo-40000-euros\/","og_site_name":"Top5Credits.com Espa\u00f1a","article_publisher":"https:\/\/www.facebook.com\/Top5Creditscom-Espa%c3%b1a-109158667157057","article_modified_time":"2024-09-20T08:55:55+00:00","og_image":[{"width":1200,"height":630,"url":"https:\/\/cdn.top5credits.com\/es\/wp-content\/uploads\/sites\/8\/2023\/11\/top5credits-com-ogimage.png?cdn=1.1.1","type":"image\/png"}],"twitter_card":"summary_large_image","twitter_misc":{"Tiempo de lectura":"4 minutos"},"schema":{"@context":"https:\/\/schema.org","@graph":[{"@type":["WebPage","FAQPage"],"@id":"https:\/\/www.top5credits.com\/es\/prestamos-personales\/prestamo-40000-euros\/","url":"https:\/\/www.top5credits.com\/es\/prestamos-personales\/prestamo-40000-euros\/","name":"Pr\u00e9stamo 40000 euros - Top5Credits.com","isPartOf":{"@id":"https:\/\/www.top5credits.com\/es\/#website"},"datePublished":"2020-05-22T10:43:23+00:00","dateModified":"2024-09-20T08:55:55+00:00","description":"40000 euros es una cantidad importante. As\u00ed que antes de precipitarte, compara y encuentra el mejore pr\u00e9stamo de 4000 euros del mercado","breadcrumb":{"@id":"https:\/\/www.top5credits.com\/es\/prestamos-personales\/prestamo-40000-euros\/#breadcrumb"},"mainEntity":[{"@id":"https:\/\/www.top5credits.com\/es\/prestamos-personales\/prestamo-40000-euros\/#faq-question-1576829428004"},{"@id":"https:\/\/www.top5credits.com\/es\/prestamos-personales\/prestamo-40000-euros\/#faq-question-1576829428794"},{"@id":"https:\/\/www.top5credits.com\/es\/prestamos-personales\/prestamo-40000-euros\/#faq-question-1576829442126"},{"@id":"https:\/\/www.top5credits.com\/es\/prestamos-personales\/prestamo-40000-euros\/#faq-question-1576829490092"}],"inLanguage":"es","potentialAction":[{"@type":"ReadAction","target":["https:\/\/www.top5credits.com\/es\/prestamos-personales\/prestamo-40000-euros\/"]}]},{"@type":"BreadcrumbList","@id":"https:\/\/www.top5credits.com\/es\/prestamos-personales\/prestamo-40000-euros\/#breadcrumb","itemListElement":[{"@type":"ListItem","position":1,"name":"Top5Credits.com","item":"https:\/\/www.top5credits.com\/es\/"},{"@type":"ListItem","position":2,"name":"Compara pr\u00e9stamos personales online","item":"https:\/\/www.top5credits.com\/es\/prestamos-personales\/"},{"@type":"ListItem","position":3,"name":"Pr\u00e9stamo 40000 euros"}]},{"@type":"WebSite","@id":"https:\/\/www.top5credits.com\/es\/#website","url":"https:\/\/www.top5credits.com\/es\/","name":"Top5Credits.com Espa\u00f1a","description":"","publisher":{"@id":"https:\/\/www.top5credits.com\/es\/#organization"},"potentialAction":[{"@type":"SearchAction","target":{"@type":"EntryPoint","urlTemplate":"https:\/\/www.top5credits.com\/es\/?s={search_term_string}"},"query-input":{"@type":"PropertyValueSpecification","valueRequired":true,"valueName":"search_term_string"}}],"inLanguage":"es"},{"@type":"Organization","@id":"https:\/\/www.top5credits.com\/es\/#organization","name":"Top5Credits.com","url":"https:\/\/www.top5credits.com\/es\/","logo":{"@type":"ImageObject","inLanguage":"es","@id":"https:\/\/www.top5credits.com\/es\/#\/schema\/logo\/image\/","url":"https:\/\/cdn.top5credits.com\/es\/wp-content\/uploads\/sites\/8\/2023\/10\/t5c-favicon.png","contentUrl":"https:\/\/cdn.top5credits.com\/es\/wp-content\/uploads\/sites\/8\/2023\/10\/t5c-favicon.png","width":512,"height":512,"caption":"Top5Credits.com"},"image":{"@id":"https:\/\/www.top5credits.com\/es\/#\/schema\/logo\/image\/"},"sameAs":["https:\/\/www.facebook.com\/Top5Creditscom-Espa\u00f1a-109158667157057"]},{"@type":"Question","@id":"https:\/\/www.top5credits.com\/es\/prestamos-personales\/prestamo-40000-euros\/#faq-question-1576829428004","position":1,"url":"https:\/\/www.top5credits.com\/es\/prestamos-personales\/prestamo-40000-euros\/#faq-question-1576829428004","name":"\u00bfC\u00f3mo conseguir un pr\u00e9stamo de 40000 euros?","answerCount":1,"acceptedAnswer":{"@type":"Answer","text":"Puedes pedir un pr\u00e9stamo de 40000 euros en bancos tradicionales, pero tambi\u00e9n a trav\u00e9s de cr\u00e9ditos online.","inLanguage":"es"},"inLanguage":"es"},{"@type":"Question","@id":"https:\/\/www.top5credits.com\/es\/prestamos-personales\/prestamo-40000-euros\/#faq-question-1576829428794","position":2,"url":"https:\/\/www.top5credits.com\/es\/prestamos-personales\/prestamo-40000-euros\/#faq-question-1576829428794","name":"\u00bfPuedo tener 40000 euros en menos de 24 horas?","answerCount":1,"acceptedAnswer":{"@type":"Answer","text":"Si bien es posible, tendr\u00e1s que adjuntar un m\u00ednimo de documentaci\u00f3n para esta cantidad.","inLanguage":"es"},"inLanguage":"es"},{"@type":"Question","@id":"https:\/\/www.top5credits.com\/es\/prestamos-personales\/prestamo-40000-euros\/#faq-question-1576829442126","position":3,"url":"https:\/\/www.top5credits.com\/es\/prestamos-personales\/prestamo-40000-euros\/#faq-question-1576829442126","name":"\u00bfCu\u00e1ntos a\u00f1os puedo tardar en pagar un cr\u00e9dito de 40000 euros?","answerCount":1,"acceptedAnswer":{"@type":"Answer","text":"Todo depender\u00e1 de tu situaci\u00f3n, pero recuerda que cuanto menos a\u00f1os, menos intereses pagar\u00e1s.","inLanguage":"es"},"inLanguage":"es"},{"@type":"Question","@id":"https:\/\/www.top5credits.com\/es\/prestamos-personales\/prestamo-40000-euros\/#faq-question-1576829490092","position":4,"url":"https:\/\/www.top5credits.com\/es\/prestamos-personales\/prestamo-40000-euros\/#faq-question-1576829490092","name":"\u00bfCu\u00e1l es la TAE de un pr\u00e9stamo de 40000 euros?","answerCount":1,"acceptedAnswer":{"@type":"Answer","text":"LA TAE puede ser de hasta un 3% hasta un 20%; m\u00e1s que esto ser\u00eda usurario.","inLanguage":"es"},"inLanguage":"es"}]}},"_links":{"self":[{"href":"https:\/\/www.top5credits.com\/es\/wp-json\/wp\/v2\/pages\/3395","targetHints":{"allow":["GET"]}}],"collection":[{"href":"https:\/\/www.top5credits.com\/es\/wp-json\/wp\/v2\/pages"}],"about":[{"href":"https:\/\/www.top5credits.com\/es\/wp-json\/wp\/v2\/types\/page"}],"author":[{"embeddable":true,"href":"https:\/\/www.top5credits.com\/es\/wp-json\/wp\/v2\/users\/13"}],"replies":[{"embeddable":true,"href":"https:\/\/www.top5credits.com\/es\/wp-json\/wp\/v2\/comments?post=3395"}],"version-history":[{"count":0,"href":"https:\/\/www.top5credits.com\/es\/wp-json\/wp\/v2\/pages\/3395\/revisions"}],"up":[{"embeddable":true,"href":"https:\/\/www.top5credits.com\/es\/wp-json\/wp\/v2\/pages\/49"}],"wp:attachment":[{"href":"https:\/\/www.top5credits.com\/es\/wp-json\/wp\/v2\/media?parent=3395"}],"curies":[{"name":"wp","href":"https:\/\/api.w.org\/{rel}","templated":true}]}}