{"id":3397,"date":"2020-05-22T11:23:21","date_gmt":"2020-05-22T11:23:21","guid":{"rendered":"https:\/\/www.top5credits.com\/es\/?page_id=3397"},"modified":"2024-09-20T08:56:08","modified_gmt":"2024-09-20T08:56:08","slug":"prestamo-50000-euros","status":"publish","type":"page","link":"https:\/\/www.top5credits.com\/es\/prestamos-personales\/prestamo-50000-euros\/","title":{"rendered":"Pr\u00e9stamo 50000 euros"},"content":{"rendered":"\n<div class=\"wp-block-group first-section\"><div class=\"wp-block-group__inner-container is-layout-flow wp-block-group-is-layout-flow\">\n<h1 class=\"has-text-align-center compare-title wp-block-heading\">Pr\u00e9stamo 50000 euros<\/h1>\n\n\n\n<p class=\"has-text-align-center compare-title\">Compara y elige el pr\u00e9stamo de 50000 euros que necesitas. <span class=\"luelisaanappi\">Leer&nbsp;m\u00e1s..<\/span> <span class=\"luelisaateksti\"> \u00bfNecesitas un pr\u00e9stamo de 50000 euros? En Top5Credits.com hemos analizado las principales financieras en Espa\u00f1a, as\u00ed que hemos seleccionado todos los prestamistas que ofrecen pr\u00e9stamos de 50000 euros. Compara las opciones y lee nuestras opiniones.\n<\/span><\/p>\n\n\n\n\n<\/div><\/div>\n\n\n\n\n\n\n<div class=\"top-results palkkio\">\n<span class=\"huomiomerkki\">!<\/span> La comisi\u00f3n que recibimos afecta directamente el listado &#8211; Leer m\u00e1s <span class=\"plus-trigger\">+<\/span>\n<p>Top5Credits.com es un website 100% gratuito con el prop\u00f3sito de suministrar informaci\u00f3n \u00fatil y de valor al usuario. Comparamos pr\u00e9stamos y los analizamos de manera objetiva. Para mantener nuestros servicios gratuitos, obtenemos comisiones de los bancos y prestamistas por cada usuario que les redirigimos. El ratio de compensaci\u00f3n afecta directamente el orden del listado de colaboradores.<\/p>\n<\/div><div class=\"full-white\">\n\n\n\n<h2 class=\"wp-block-heading\">Pr\u00e9stamo de 50000 euros<\/h2>\n\n\n\n<p>Muchas situaciones nos pueden llevar a necesitar <strong>pedir 50000 euros<\/strong>. Puede que necesitemos <a href=\"https:\/\/www.top5credits.com\/es\/reunificacion-de-deudas\/\">reunificar nuestra deuda<\/a>, quiz\u00e1s queremos comprar una peque\u00f1a propiedad, o puede que seamos un <a href=\"https:\/\/www.top5credits.com\/es\/prestamos-autonomos\/\">aut\u00f3nomo<\/a> y busquemos invertir en nuestro negocio. <\/p>\n\n\n\n<p>A la hora de pedir un pr\u00e9stamo de este calibre, es normal que lo primero que se nos venga a la cabeza sea acudir a nuestro<strong> banco tradicional<\/strong>. Hablamos de una cantidad elevada, por lo que no nos servir\u00e1n financieras de <a href=\"https:\/\/www.top5credits.com\/es\/microprestamos\/\">micropr\u00e9stamos <\/a>r\u00e1pido.<\/p>\n\n\n\n<p>No obstante, los bancos tradicionales no son la \u00fanica opci\u00f3n, ya que pueden deneg\u00e1rnoslo o pedirnos contratar productos adicionales. Existen m\u00e1s <strong>cr\u00e9ditos online<\/strong> que ofrecen importes de esta cuant\u00eda.<\/p>\n\n\n\n<h2 class=\"wp-block-heading\">Pr\u00e9stamo de 50000 euros; \u00bfA cu\u00e1ntos a\u00f1os?<\/h2>\n\n\n\n<p>En <strong>Top5Credits <\/strong>siempre decimos lo mismo: cuanto menos tardes en pagar, menos intereses pagar\u00e1s. Piensa que la TAE es un \u00edndice anual, por lo que cuando contratas un pr\u00e9stamo, lo har\u00e1s calculando cu\u00e1nto pagar\u00e1s en un a\u00f1o. Por ello, <strong>si decides pagarlo en dos a\u00f1os en vez de uno, doblar\u00e1s los intereses que pagar\u00e1s, a<\/strong>unque la TAE sea la misma.<\/p>\n\n\n\n<p>No obstante, tampoco es sabio apurar demasiado. Si eliges <strong>una cuota demasiado exigente<\/strong>, puedes enfrentarte a la <strong>morosidad<\/strong>, lo cual en absoluto te beneficiar\u00e1, ya que si no puedes pagar tu cr\u00e9dito, ser\u00e1 mucho peor que intentar ahorrar.<\/p>\n\n\n\n<p>Por ello, deber\u00e1s tener en cuenta tu poder adquisitivo as\u00ed como tu estabilidad. Elige <strong>una cuota que puedas asumir,<\/strong> pero con algo de maniobra por si alg\u00fan mes algo sale mal.<\/p>\n\n\n\n<h2 class=\"wp-block-heading\">\u00bfCu\u00e1nto pagar\u00eda por un pr\u00e9stamo de 50000 euros?<\/h2>\n\n\n\n<p>Como hemos dicho en el apartado anterior, a la hora de pagar intereses, hay dos puntos a tener en cuenta:<\/p>\n\n\n\n<ul class=\"wp-block-list\"><li><strong>TAE<\/strong>: La TAE es el porcentaje de intereses que pagaremos por a\u00f1o. Cuanto m\u00e1s baja, mejor para nosotros. Hay que tener cuidado de no confundirla con la TIN, ya que \u00e9ste \u00edndice no incluye otras comisiones que la TAE si. <\/li><li><strong>Plazos<\/strong>: Algo que no tanta gente sabe, es que cuanto m\u00e1s tardemos en pagarlo, m\u00e1s intereses pagaremos. Una TAE al 6% no significa que paguemos un 6%; pagaremos menos si lo aplazamos antes, o m\u00e1s si lo pagamos en m\u00e1s de un a\u00f1o.<\/li><\/ul>\n\n\n\n<p>Por ello, es dif\u00edcil dar un precio \u00abnormal\u00bb para un cr\u00e9dito de esta cantidad. Depender\u00e1 siempre de c\u00f3mo personalicemos nuestro propio pr\u00e9stamo. No obstante, la regla suele ser que, cuanto m\u00e1s pedimos, menos TAE se aplica. Un cr\u00e9dito de este calibre <strong>por m\u00e1s del 10% TAE, por ejemplo, no suele ser una buena idea.<\/strong><\/p>\n\n\n\n<h2 class=\"wp-block-heading\">Ejemplo de pr\u00e9stamo de 5000 euros<\/h2>\n\n\n\n<p>A continuaci\u00f3n, adjuntamos el ejemplo de un pr\u00e9stamo de 50000 euros solicitado a trav\u00e9s de <a href=\"https:\/\/www.top5credits.com\/es\/opiniones\/bbva-prestamo-personal\/\">BBVA<\/a> siendo clientes.<\/p>\n\n\n\n<p class=\"paras-tarjous has-background\" style=\"background-color:#c7e7fb\"><strong>Resumen de la oferta:<\/strong><br>Importe:  50000\u20ac <br>Pago mensual: 686,67\u20ac <br>Plazos: 96 meses<br>Intereses: 8,15 % (apertura al 2,5%)<br>Total: 67.232,28\u20ac  <\/p>\n\n\n\n<div class=\"page-faqs\">\n\n\n\n<h2 class=\"has-text-align-center wp-block-heading\"> Preguntas frecuentes <\/h2>\n\n\n\n<div class=\"schema-faq wp-block-yoast-faq-block\"><div class=\"schema-faq-section\" id=\"faq-question-1576829406604\"><strong class=\"schema-faq-question\">\u00bfC\u00f3mo conseguir un pr\u00e9stamo de 50000 euros?<\/strong> <p class=\"schema-faq-answer\">Para conseguir un pr\u00e9stamo de <a href=\"https:\/\/www.top5credits.com\/es\/prestamos-personales\/prestamo-50000-euros\/\">50000 euros<\/a>, puedes probar con tu banco tradicional, o bien pedir un pr\u00e9stamo online.<\/p> <\/div> <div class=\"schema-faq-section\" id=\"faq-question-1576829428004\"><strong class=\"schema-faq-question\">\u00bfQui\u00e9nes ofrecen pr\u00e9stamos de hasta 50000\u20ac?<\/strong> <p class=\"schema-faq-answer\">Tanto bancos tradicionales, como financieras online, ofrecen hasta 50000 euros.<\/p> <\/div> <div class=\"schema-faq-section\" id=\"faq-question-1576829428794\"><strong class=\"schema-faq-question\">\u00bfEs seguro pedir tanto dinero?<\/strong> <p class=\"schema-faq-answer\">Siempre que puedas pagarlo, pedir 50000 euros es posible. Pero se trata de un compromiso a tomar.<\/p> <\/div> <div class=\"schema-faq-section\" id=\"faq-question-1576829442126\"><strong class=\"schema-faq-question\">\u00bfCu\u00e1les son las condiciones de pago o intereses por 50000 euros?<\/strong> <p class=\"schema-faq-answer\">Depender\u00e1 de la entidad que contrates, pero normalmente su TAE deber\u00eda ser menor al 10%.<\/p> <\/div> <\/div>\n\n\n\n<\/div>\n","protected":false},"excerpt":{"rendered":"<p>Pr\u00e9stamo 50000 euros Compara y elige el pr\u00e9stamo de 50000 euros que necesitas. Leer&nbsp;m\u00e1s.. \u00bfNecesitas un pr\u00e9stamo de 50000 euros? En Top5Credits.com hemos analizado las<\/p>\n<p class=\"more-link\">Seguir leyendo <span class=\"screen-reader-text\">Pr\u00e9stamo 50000 euros<\/span><\/p>\n","protected":false},"author":13,"featured_media":0,"parent":49,"menu_order":0,"comment_status":"closed","ping_status":"closed","template":"page-results.php","meta":{"footnotes":""},"class_list":["post-3397","page","type-page","status-publish","hentry","entry"],"yoast_head":"<!-- This site is optimized with the Yoast SEO plugin v27.3 - https:\/\/yoast.com\/product\/yoast-seo-wordpress\/ -->\n<title>Pr\u00e9stamo 50000 euros - Top5Credits.com<\/title>\n<meta name=\"description\" content=\"Sabemos que encontrar un pr\u00e9stamo de 50000 euros puede estar complicado. Pero en Top5Credits te ayudamos para que puedas encontrarlo.\" \/>\n<meta name=\"robots\" content=\"index, follow, max-snippet:-1, max-image-preview:large, max-video-preview:-1\" \/>\n<link rel=\"canonical\" href=\"https:\/\/www.top5credits.com\/es\/prestamos-personales\/prestamo-50000-euros\/\" \/>\n<meta property=\"og:locale\" content=\"es_ES\" \/>\n<meta property=\"og:type\" content=\"article\" \/>\n<meta property=\"og:title\" content=\"Pr\u00e9stamo 50000 euros - Top5Credits.com\" \/>\n<meta property=\"og:description\" content=\"Sabemos que encontrar un pr\u00e9stamo de 50000 euros puede estar complicado. Pero en Top5Credits te ayudamos para que puedas encontrarlo.\" \/>\n<meta property=\"og:url\" content=\"https:\/\/www.top5credits.com\/es\/prestamos-personales\/prestamo-50000-euros\/\" \/>\n<meta property=\"og:site_name\" content=\"Top5Credits.com Espa\u00f1a\" \/>\n<meta property=\"article:publisher\" content=\"https:\/\/www.facebook.com\/Top5Creditscom-Espa%c3%b1a-109158667157057\" \/>\n<meta property=\"article:modified_time\" content=\"2024-09-20T08:56:08+00:00\" \/>\n<meta property=\"og:image\" content=\"https:\/\/cdn.top5credits.com\/es\/wp-content\/uploads\/sites\/8\/2023\/11\/top5credits-com-ogimage.png?cdn=1.1.1\" \/>\n\t<meta property=\"og:image:width\" content=\"1200\" \/>\n\t<meta property=\"og:image:height\" content=\"630\" \/>\n\t<meta property=\"og:image:type\" content=\"image\/png\" \/>\n<meta name=\"twitter:card\" content=\"summary_large_image\" \/>\n<meta name=\"twitter:label1\" content=\"Tiempo de lectura\" \/>\n\t<meta name=\"twitter:data1\" content=\"4 minutos\" \/>\n<script type=\"application\/ld+json\" class=\"yoast-schema-graph\">{\"@context\":\"https:\\\/\\\/schema.org\",\"@graph\":[{\"@type\":[\"WebPage\",\"FAQPage\"],\"@id\":\"https:\\\/\\\/www.top5credits.com\\\/es\\\/prestamos-personales\\\/prestamo-50000-euros\\\/\",\"url\":\"https:\\\/\\\/www.top5credits.com\\\/es\\\/prestamos-personales\\\/prestamo-50000-euros\\\/\",\"name\":\"Pr\u00e9stamo 50000 euros - Top5Credits.com\",\"isPartOf\":{\"@id\":\"https:\\\/\\\/www.top5credits.com\\\/es\\\/#website\"},\"datePublished\":\"2020-05-22T11:23:21+00:00\",\"dateModified\":\"2024-09-20T08:56:08+00:00\",\"description\":\"Sabemos que encontrar un pr\u00e9stamo de 50000 euros puede estar complicado. Pero en Top5Credits te ayudamos para que puedas encontrarlo.\",\"breadcrumb\":{\"@id\":\"https:\\\/\\\/www.top5credits.com\\\/es\\\/prestamos-personales\\\/prestamo-50000-euros\\\/#breadcrumb\"},\"mainEntity\":[{\"@id\":\"https:\\\/\\\/www.top5credits.com\\\/es\\\/prestamos-personales\\\/prestamo-50000-euros\\\/#faq-question-1576829406604\"},{\"@id\":\"https:\\\/\\\/www.top5credits.com\\\/es\\\/prestamos-personales\\\/prestamo-50000-euros\\\/#faq-question-1576829428004\"},{\"@id\":\"https:\\\/\\\/www.top5credits.com\\\/es\\\/prestamos-personales\\\/prestamo-50000-euros\\\/#faq-question-1576829428794\"},{\"@id\":\"https:\\\/\\\/www.top5credits.com\\\/es\\\/prestamos-personales\\\/prestamo-50000-euros\\\/#faq-question-1576829442126\"}],\"inLanguage\":\"es\",\"potentialAction\":[{\"@type\":\"ReadAction\",\"target\":[\"https:\\\/\\\/www.top5credits.com\\\/es\\\/prestamos-personales\\\/prestamo-50000-euros\\\/\"]}]},{\"@type\":\"BreadcrumbList\",\"@id\":\"https:\\\/\\\/www.top5credits.com\\\/es\\\/prestamos-personales\\\/prestamo-50000-euros\\\/#breadcrumb\",\"itemListElement\":[{\"@type\":\"ListItem\",\"position\":1,\"name\":\"Top5Credits.com\",\"item\":\"https:\\\/\\\/www.top5credits.com\\\/es\\\/\"},{\"@type\":\"ListItem\",\"position\":2,\"name\":\"Compara pr\u00e9stamos personales online\",\"item\":\"https:\\\/\\\/www.top5credits.com\\\/es\\\/prestamos-personales\\\/\"},{\"@type\":\"ListItem\",\"position\":3,\"name\":\"Pr\u00e9stamo 50000 euros\"}]},{\"@type\":\"WebSite\",\"@id\":\"https:\\\/\\\/www.top5credits.com\\\/es\\\/#website\",\"url\":\"https:\\\/\\\/www.top5credits.com\\\/es\\\/\",\"name\":\"Top5Credits.com Espa\u00f1a\",\"description\":\"\",\"publisher\":{\"@id\":\"https:\\\/\\\/www.top5credits.com\\\/es\\\/#organization\"},\"potentialAction\":[{\"@type\":\"SearchAction\",\"target\":{\"@type\":\"EntryPoint\",\"urlTemplate\":\"https:\\\/\\\/www.top5credits.com\\\/es\\\/?s={search_term_string}\"},\"query-input\":{\"@type\":\"PropertyValueSpecification\",\"valueRequired\":true,\"valueName\":\"search_term_string\"}}],\"inLanguage\":\"es\"},{\"@type\":\"Organization\",\"@id\":\"https:\\\/\\\/www.top5credits.com\\\/es\\\/#organization\",\"name\":\"Top5Credits.com\",\"url\":\"https:\\\/\\\/www.top5credits.com\\\/es\\\/\",\"logo\":{\"@type\":\"ImageObject\",\"inLanguage\":\"es\",\"@id\":\"https:\\\/\\\/www.top5credits.com\\\/es\\\/#\\\/schema\\\/logo\\\/image\\\/\",\"url\":\"https:\\\/\\\/cdn.top5credits.com\\\/es\\\/wp-content\\\/uploads\\\/sites\\\/8\\\/2023\\\/10\\\/t5c-favicon.png\",\"contentUrl\":\"https:\\\/\\\/cdn.top5credits.com\\\/es\\\/wp-content\\\/uploads\\\/sites\\\/8\\\/2023\\\/10\\\/t5c-favicon.png\",\"width\":512,\"height\":512,\"caption\":\"Top5Credits.com\"},\"image\":{\"@id\":\"https:\\\/\\\/www.top5credits.com\\\/es\\\/#\\\/schema\\\/logo\\\/image\\\/\"},\"sameAs\":[\"https:\\\/\\\/www.facebook.com\\\/Top5Creditscom-Espa\u00f1a-109158667157057\"]},{\"@type\":\"Question\",\"@id\":\"https:\\\/\\\/www.top5credits.com\\\/es\\\/prestamos-personales\\\/prestamo-50000-euros\\\/#faq-question-1576829406604\",\"position\":1,\"url\":\"https:\\\/\\\/www.top5credits.com\\\/es\\\/prestamos-personales\\\/prestamo-50000-euros\\\/#faq-question-1576829406604\",\"name\":\"\u00bfC\u00f3mo conseguir un pr\u00e9stamo de 50000 euros?\",\"answerCount\":1,\"acceptedAnswer\":{\"@type\":\"Answer\",\"text\":\"Para conseguir un pr\u00e9stamo de <a href=\\\"https:\\\/\\\/www.top5credits.com\\\/es\\\/prestamos-personales\\\/prestamo-50000-euros\\\/\\\">50000 euros<\\\/a>, puedes probar con tu banco tradicional, o bien pedir un pr\u00e9stamo online.\",\"inLanguage\":\"es\"},\"inLanguage\":\"es\"},{\"@type\":\"Question\",\"@id\":\"https:\\\/\\\/www.top5credits.com\\\/es\\\/prestamos-personales\\\/prestamo-50000-euros\\\/#faq-question-1576829428004\",\"position\":2,\"url\":\"https:\\\/\\\/www.top5credits.com\\\/es\\\/prestamos-personales\\\/prestamo-50000-euros\\\/#faq-question-1576829428004\",\"name\":\"\u00bfQui\u00e9nes ofrecen pr\u00e9stamos de hasta 50000\u20ac?\",\"answerCount\":1,\"acceptedAnswer\":{\"@type\":\"Answer\",\"text\":\"Tanto bancos tradicionales, como financieras online, ofrecen hasta 50000 euros.\",\"inLanguage\":\"es\"},\"inLanguage\":\"es\"},{\"@type\":\"Question\",\"@id\":\"https:\\\/\\\/www.top5credits.com\\\/es\\\/prestamos-personales\\\/prestamo-50000-euros\\\/#faq-question-1576829428794\",\"position\":3,\"url\":\"https:\\\/\\\/www.top5credits.com\\\/es\\\/prestamos-personales\\\/prestamo-50000-euros\\\/#faq-question-1576829428794\",\"name\":\"\u00bfEs seguro pedir tanto dinero?\",\"answerCount\":1,\"acceptedAnswer\":{\"@type\":\"Answer\",\"text\":\"Siempre que puedas pagarlo, pedir 50000 euros es posible. Pero se trata de un compromiso a tomar.\",\"inLanguage\":\"es\"},\"inLanguage\":\"es\"},{\"@type\":\"Question\",\"@id\":\"https:\\\/\\\/www.top5credits.com\\\/es\\\/prestamos-personales\\\/prestamo-50000-euros\\\/#faq-question-1576829442126\",\"position\":4,\"url\":\"https:\\\/\\\/www.top5credits.com\\\/es\\\/prestamos-personales\\\/prestamo-50000-euros\\\/#faq-question-1576829442126\",\"name\":\"\u00bfCu\u00e1les son las condiciones de pago o intereses por 50000 euros?\",\"answerCount\":1,\"acceptedAnswer\":{\"@type\":\"Answer\",\"text\":\"Depender\u00e1 de la entidad que contrates, pero normalmente su TAE deber\u00eda ser menor al 10%.\",\"inLanguage\":\"es\"},\"inLanguage\":\"es\"}]}<\/script>\n<!-- \/ Yoast SEO plugin. -->","yoast_head_json":{"title":"Pr\u00e9stamo 50000 euros - Top5Credits.com","description":"Sabemos que encontrar un pr\u00e9stamo de 50000 euros puede estar complicado. Pero en Top5Credits te ayudamos para que puedas encontrarlo.","robots":{"index":"index","follow":"follow","max-snippet":"max-snippet:-1","max-image-preview":"max-image-preview:large","max-video-preview":"max-video-preview:-1"},"canonical":"https:\/\/www.top5credits.com\/es\/prestamos-personales\/prestamo-50000-euros\/","og_locale":"es_ES","og_type":"article","og_title":"Pr\u00e9stamo 50000 euros - Top5Credits.com","og_description":"Sabemos que encontrar un pr\u00e9stamo de 50000 euros puede estar complicado. Pero en Top5Credits te ayudamos para que puedas encontrarlo.","og_url":"https:\/\/www.top5credits.com\/es\/prestamos-personales\/prestamo-50000-euros\/","og_site_name":"Top5Credits.com Espa\u00f1a","article_publisher":"https:\/\/www.facebook.com\/Top5Creditscom-Espa%c3%b1a-109158667157057","article_modified_time":"2024-09-20T08:56:08+00:00","og_image":[{"width":1200,"height":630,"url":"https:\/\/cdn.top5credits.com\/es\/wp-content\/uploads\/sites\/8\/2023\/11\/top5credits-com-ogimage.png?cdn=1.1.1","type":"image\/png"}],"twitter_card":"summary_large_image","twitter_misc":{"Tiempo de lectura":"4 minutos"},"schema":{"@context":"https:\/\/schema.org","@graph":[{"@type":["WebPage","FAQPage"],"@id":"https:\/\/www.top5credits.com\/es\/prestamos-personales\/prestamo-50000-euros\/","url":"https:\/\/www.top5credits.com\/es\/prestamos-personales\/prestamo-50000-euros\/","name":"Pr\u00e9stamo 50000 euros - Top5Credits.com","isPartOf":{"@id":"https:\/\/www.top5credits.com\/es\/#website"},"datePublished":"2020-05-22T11:23:21+00:00","dateModified":"2024-09-20T08:56:08+00:00","description":"Sabemos que encontrar un pr\u00e9stamo de 50000 euros puede estar complicado. Pero en Top5Credits te ayudamos para que puedas encontrarlo.","breadcrumb":{"@id":"https:\/\/www.top5credits.com\/es\/prestamos-personales\/prestamo-50000-euros\/#breadcrumb"},"mainEntity":[{"@id":"https:\/\/www.top5credits.com\/es\/prestamos-personales\/prestamo-50000-euros\/#faq-question-1576829406604"},{"@id":"https:\/\/www.top5credits.com\/es\/prestamos-personales\/prestamo-50000-euros\/#faq-question-1576829428004"},{"@id":"https:\/\/www.top5credits.com\/es\/prestamos-personales\/prestamo-50000-euros\/#faq-question-1576829428794"},{"@id":"https:\/\/www.top5credits.com\/es\/prestamos-personales\/prestamo-50000-euros\/#faq-question-1576829442126"}],"inLanguage":"es","potentialAction":[{"@type":"ReadAction","target":["https:\/\/www.top5credits.com\/es\/prestamos-personales\/prestamo-50000-euros\/"]}]},{"@type":"BreadcrumbList","@id":"https:\/\/www.top5credits.com\/es\/prestamos-personales\/prestamo-50000-euros\/#breadcrumb","itemListElement":[{"@type":"ListItem","position":1,"name":"Top5Credits.com","item":"https:\/\/www.top5credits.com\/es\/"},{"@type":"ListItem","position":2,"name":"Compara pr\u00e9stamos personales online","item":"https:\/\/www.top5credits.com\/es\/prestamos-personales\/"},{"@type":"ListItem","position":3,"name":"Pr\u00e9stamo 50000 euros"}]},{"@type":"WebSite","@id":"https:\/\/www.top5credits.com\/es\/#website","url":"https:\/\/www.top5credits.com\/es\/","name":"Top5Credits.com Espa\u00f1a","description":"","publisher":{"@id":"https:\/\/www.top5credits.com\/es\/#organization"},"potentialAction":[{"@type":"SearchAction","target":{"@type":"EntryPoint","urlTemplate":"https:\/\/www.top5credits.com\/es\/?s={search_term_string}"},"query-input":{"@type":"PropertyValueSpecification","valueRequired":true,"valueName":"search_term_string"}}],"inLanguage":"es"},{"@type":"Organization","@id":"https:\/\/www.top5credits.com\/es\/#organization","name":"Top5Credits.com","url":"https:\/\/www.top5credits.com\/es\/","logo":{"@type":"ImageObject","inLanguage":"es","@id":"https:\/\/www.top5credits.com\/es\/#\/schema\/logo\/image\/","url":"https:\/\/cdn.top5credits.com\/es\/wp-content\/uploads\/sites\/8\/2023\/10\/t5c-favicon.png","contentUrl":"https:\/\/cdn.top5credits.com\/es\/wp-content\/uploads\/sites\/8\/2023\/10\/t5c-favicon.png","width":512,"height":512,"caption":"Top5Credits.com"},"image":{"@id":"https:\/\/www.top5credits.com\/es\/#\/schema\/logo\/image\/"},"sameAs":["https:\/\/www.facebook.com\/Top5Creditscom-Espa\u00f1a-109158667157057"]},{"@type":"Question","@id":"https:\/\/www.top5credits.com\/es\/prestamos-personales\/prestamo-50000-euros\/#faq-question-1576829406604","position":1,"url":"https:\/\/www.top5credits.com\/es\/prestamos-personales\/prestamo-50000-euros\/#faq-question-1576829406604","name":"\u00bfC\u00f3mo conseguir un pr\u00e9stamo de 50000 euros?","answerCount":1,"acceptedAnswer":{"@type":"Answer","text":"Para conseguir un pr\u00e9stamo de <a href=\"https:\/\/www.top5credits.com\/es\/prestamos-personales\/prestamo-50000-euros\/\">50000 euros<\/a>, puedes probar con tu banco tradicional, o bien pedir un pr\u00e9stamo online.","inLanguage":"es"},"inLanguage":"es"},{"@type":"Question","@id":"https:\/\/www.top5credits.com\/es\/prestamos-personales\/prestamo-50000-euros\/#faq-question-1576829428004","position":2,"url":"https:\/\/www.top5credits.com\/es\/prestamos-personales\/prestamo-50000-euros\/#faq-question-1576829428004","name":"\u00bfQui\u00e9nes ofrecen pr\u00e9stamos de hasta 50000\u20ac?","answerCount":1,"acceptedAnswer":{"@type":"Answer","text":"Tanto bancos tradicionales, como financieras online, ofrecen hasta 50000 euros.","inLanguage":"es"},"inLanguage":"es"},{"@type":"Question","@id":"https:\/\/www.top5credits.com\/es\/prestamos-personales\/prestamo-50000-euros\/#faq-question-1576829428794","position":3,"url":"https:\/\/www.top5credits.com\/es\/prestamos-personales\/prestamo-50000-euros\/#faq-question-1576829428794","name":"\u00bfEs seguro pedir tanto dinero?","answerCount":1,"acceptedAnswer":{"@type":"Answer","text":"Siempre que puedas pagarlo, pedir 50000 euros es posible. Pero se trata de un compromiso a tomar.","inLanguage":"es"},"inLanguage":"es"},{"@type":"Question","@id":"https:\/\/www.top5credits.com\/es\/prestamos-personales\/prestamo-50000-euros\/#faq-question-1576829442126","position":4,"url":"https:\/\/www.top5credits.com\/es\/prestamos-personales\/prestamo-50000-euros\/#faq-question-1576829442126","name":"\u00bfCu\u00e1les son las condiciones de pago o intereses por 50000 euros?","answerCount":1,"acceptedAnswer":{"@type":"Answer","text":"Depender\u00e1 de la entidad que contrates, pero normalmente su TAE deber\u00eda ser menor al 10%.","inLanguage":"es"},"inLanguage":"es"}]}},"_links":{"self":[{"href":"https:\/\/www.top5credits.com\/es\/wp-json\/wp\/v2\/pages\/3397","targetHints":{"allow":["GET"]}}],"collection":[{"href":"https:\/\/www.top5credits.com\/es\/wp-json\/wp\/v2\/pages"}],"about":[{"href":"https:\/\/www.top5credits.com\/es\/wp-json\/wp\/v2\/types\/page"}],"author":[{"embeddable":true,"href":"https:\/\/www.top5credits.com\/es\/wp-json\/wp\/v2\/users\/13"}],"replies":[{"embeddable":true,"href":"https:\/\/www.top5credits.com\/es\/wp-json\/wp\/v2\/comments?post=3397"}],"version-history":[{"count":0,"href":"https:\/\/www.top5credits.com\/es\/wp-json\/wp\/v2\/pages\/3397\/revisions"}],"up":[{"embeddable":true,"href":"https:\/\/www.top5credits.com\/es\/wp-json\/wp\/v2\/pages\/49"}],"wp:attachment":[{"href":"https:\/\/www.top5credits.com\/es\/wp-json\/wp\/v2\/media?parent=3397"}],"curies":[{"name":"wp","href":"https:\/\/api.w.org\/{rel}","templated":true}]}}