{"id":3399,"date":"2020-05-22T13:00:14","date_gmt":"2020-05-22T13:00:14","guid":{"rendered":"https:\/\/www.top5credits.com\/es\/?page_id=3399"},"modified":"2024-09-20T08:56:14","modified_gmt":"2024-09-20T08:56:14","slug":"prestamo-60000-euros","status":"publish","type":"page","link":"https:\/\/www.top5credits.com\/es\/prestamos-personales\/prestamo-60000-euros\/","title":{"rendered":"Pr\u00e9stamo 60000 euros"},"content":{"rendered":"\n<div class=\"wp-block-group first-section\"><div class=\"wp-block-group__inner-container is-layout-flow wp-block-group-is-layout-flow\">\n<h1 class=\"has-text-align-center compare-title wp-block-heading\">Pr\u00e9stamo 60000 euros<\/h1>\n\n\n\n<p class=\"has-text-align-center compare-title\">Compara y elige el pr\u00e9stamo de 60000 euros que necesitas. <span class=\"luelisaanappi\">Leer&nbsp;m\u00e1s..<\/span> <span class=\"luelisaateksti\"> \u00bfNecesitas un pr\u00e9stamo de 60000 euros? En Top5Credits.com hemos analizado las principales financieras en Espa\u00f1a, as\u00ed que hemos seleccionado todos los prestamistas que ofrecen pr\u00e9stamos de 60000 euros. Compara las opciones y lee nuestras opiniones.\n<\/span><\/p>\n\n\n\n\n<\/div><\/div>\n\n\n\n\n\n\n<div class=\"top-results palkkio\">\n<span class=\"huomiomerkki\">!<\/span> La comisi\u00f3n que recibimos afecta directamente el listado &#8211; Leer m\u00e1s <span class=\"plus-trigger\">+<\/span>\n<p>Top5Credits.com es un website 100% gratuito con el prop\u00f3sito de suministrar informaci\u00f3n \u00fatil y de valor al usuario. Comparamos pr\u00e9stamos y los analizamos de manera objetiva. Para mantener nuestros servicios gratuitos, obtenemos comisiones de los bancos y prestamistas por cada usuario que les redirigimos. El ratio de compensaci\u00f3n afecta directamente el orden del listado de colaboradores.<\/p>\n<\/div>\n\n\n\n<div class=\"wp-block-group full-white\"><div class=\"wp-block-group__inner-container is-layout-flow wp-block-group-is-layout-flow\">\n<h2 class=\"wp-block-heading\">Pr\u00e9stamo de 60000 euros<\/h2>\n\n\n\n<p>Sabemos que <strong>60000 euros es mucho dinero<\/strong>. Hablamos de casi 10 millones de las antiguas pesetas, lo cual es una cantidad bastante considerable. Si necesitamos un pr\u00e9stamo de 60000 euros, probablemente nos dispongamos a realizar una gran inversi\u00f3n: un coche de alta gama, una propiedad o invertir en nuestro negocio.<\/p>\n\n\n\n<p>Por ello, es muy com\u00fan que recurramos a bancos e incluso a hipotecas si necesitamos esta cantidad. No obstante, aunque no sea la mayor\u00eda y definitivamente sea imposible para <a href=\"https:\/\/www.top5credits.com\/es\/microprestamos\/\">microcr\u00e9ditos<\/a>, pedir 60000 euros online es totalmente posible.<\/p>\n\n\n\n<h2 class=\"wp-block-heading\">\u00bfCu\u00e1nto pagar\u00eda por un pr\u00e9stamo de 60000 euros?<\/h2>\n\n\n\n<p>Lo que tendr\u00e1s que pagar por un pr\u00e9stamo no depende tanto de la cantidad que solicites, si no de otros factores, como son la TAE, los plazos o las posibles comisiones extra.<\/p>\n\n\n\n<ul class=\"wp-block-list\"><li><strong>La TAE: <\/strong>La TAE o Tasa Anual Equivalente es un \u00edndice porcentual que representa los intereses que pagaremos respecto a la cantidad solicitada a lo largo de un a\u00f1o. Es importante destacar que es un \u00edndice anual, ya que si tardamos m\u00e1s de un a\u00f1o, evidentemente pagaremos m\u00e1s que el porcentaje que aparezca.<\/li><li><strong>Plazos:<\/strong> Cuanto m\u00e1s plazos, m\u00e1s pagaremos. Eso s\u00ed, tendremos que procurar tener un plazo realista que podamos pagar, ya que si ajustamos demasiado, podemos caer en una espiral de deuda. <\/li><li><strong>Comisiones adicionales: <\/strong>Aunque la TAE suele observar todas las comisiones adicionales, pueden haber gastos ocultos como contrataci\u00f3n de seguro de impagos. Aseg\u00farate de leerte el contrato de arriba a abajo.<\/li><\/ul>\n\n\n\n<p>Como ves, el precio siempre depender\u00e1 de muchos factores diferentes. Por ello, deber\u00edas comparar todo lo que puedas antes de tomar una elecci\u00f3n.<\/p>\n\n\n\n<h2 class=\"wp-block-heading\">\u00bfPuedo tener 60000 euros al instante?<\/h2>\n\n\n\n<p>La respuesta r\u00e1pida a esta pregunta es: s\u00ed. <strong>S\u00ed que puedes tener 60000 euros al instante<\/strong>. La posibilidad existe.<\/p>\n\n\n\n<p>No obstante, <strong>no va a ser lo com\u00fan<\/strong>. Este tipo de pr\u00e9stamos, con importes tan elevados, requerir\u00e1n que avales tu capacidad de pago. Esto no significa tener estrictamente un aval, pero s\u00ed presentar documentaci\u00f3n suficiente que acredite que puedas pagarlo, y esto tendr\u00e1 que ser procesado por alguien.<\/p>\n\n\n\n<p>No obstante, si todo va bien, puede que tengas el cr\u00e9dito el mismo d\u00eda, aunque siempre es sabio dejar una <strong>ventana de 24 a 48 horas.<\/strong><\/p>\n\n\n\n<h2 class=\"wp-block-heading\">Ejemplo de pr\u00e9stamo de 60000 euros<\/h2>\n\n\n\n<p>A continuaci\u00f3n adjuntamos un ejemplo de pr\u00e9stamo de <a href=\"https:\/\/www.top5credits.com\/es\/opiniones\/cetelem\/\">Cetelem<\/a><\/p>\n\n\n\n<p class=\"paras-tarjous has-background\" style=\"background-color:#c7e7fb\"><strong>Resumen de la oferta:<\/strong><br>Importe:  60000\u20ac <br>Pago mensual: 877,46\u20ac <br>Plazos: 96 meses<br>Intereses: 9,33%<br>Total: 84.236,16\u20ac  <\/p>\n<\/div><\/div>\n\n\n\n<div class=\"page-faqs\">\n\n\n\n<h2 class=\"has-text-align-center wp-block-heading\">Preguntas y Respuestas<\/h2>\n\n\n\n<div class=\"schema-faq wp-block-yoast-faq-block\"><div class=\"schema-faq-section\" id=\"faq-question-1576829404724\"><strong class=\"schema-faq-question\">\u00bfC\u00f3mo pido un pr\u00e9stamo de 60000 euros?<\/strong> <p class=\"schema-faq-answer\">Si tu banco no te da una soluci\u00f3n, puedes pedirlo online, siempre antes usando un buen comparador de pr\u00e9stamos.<\/p> <\/div> <div class=\"schema-faq-section\" id=\"faq-question-1576829442126\"><strong class=\"schema-faq-question\">\u00bfExisten pr\u00e9stamos de 60000 euros sin aval?<\/strong> <p class=\"schema-faq-answer\">S\u00ed. Eso s\u00ed, si no solicitan aval, es porque t\u00fa puedes demostrar que tienes capacidad crediticia para asumir el cr\u00e9dito.<\/p> <\/div> <div class=\"schema-faq-section\" id=\"faq-question-1576829442918\"><strong class=\"schema-faq-question\">\u00bfPedo pedir 60000 euros estando en ASNEF?<\/strong> <p class=\"schema-faq-answer\">Aunque existen productos que ofrecen <a href=\"https:\/\/www.top5credits.com\/es\/prestamos-personales\/prestamo-60000-euros\/\">60000 euros<\/a> con ASNEF, como Gedescoche, no es lo com\u00fan y necesitar\u00e1s alguna garant\u00eda.<\/p> <\/div> <div class=\"schema-faq-section\" id=\"faq-question-1576829449527\"><strong class=\"schema-faq-question\">\u00bfC\u00f3mo puede ayudarme Top5Credits?<\/strong> <p class=\"schema-faq-answer\">Podr\u00e1s comparar los diferentes productos del mercado, as\u00ed como acceder a nuestras opiniones objetivas.<\/p> <\/div> <\/div>\n\n\n\n<\/div>\n","protected":false},"excerpt":{"rendered":"<p>Pr\u00e9stamo 60000 euros Compara y elige el pr\u00e9stamo de 60000 euros que necesitas. Leer&nbsp;m\u00e1s.. \u00bfNecesitas un pr\u00e9stamo de 60000 euros? En Top5Credits.com hemos analizado las<\/p>\n<p class=\"more-link\">Seguir leyendo <span class=\"screen-reader-text\">Pr\u00e9stamo 60000 euros<\/span><\/p>\n","protected":false},"author":13,"featured_media":0,"parent":49,"menu_order":0,"comment_status":"closed","ping_status":"closed","template":"page-results.php","meta":{"footnotes":""},"class_list":["post-3399","page","type-page","status-publish","hentry","entry"],"yoast_head":"<!-- This site is optimized with the Yoast SEO plugin v27.3 - https:\/\/yoast.com\/product\/yoast-seo-wordpress\/ -->\n<title>Pr\u00e9stamo 60000 euros - Top5Credits.com<\/title>\n<meta name=\"description\" content=\"En Top5Credits sabemos que pedir 60000 euros es toda una odisea. Por ello, hemos analizado y recopilado los mejores pr\u00e9stamos de hasta 60000 euros.\" \/>\n<meta name=\"robots\" content=\"index, follow, max-snippet:-1, max-image-preview:large, max-video-preview:-1\" \/>\n<link rel=\"canonical\" href=\"https:\/\/www.top5credits.com\/es\/prestamos-personales\/prestamo-60000-euros\/\" \/>\n<meta property=\"og:locale\" content=\"es_ES\" \/>\n<meta property=\"og:type\" content=\"article\" \/>\n<meta property=\"og:title\" content=\"Pr\u00e9stamo 60000 euros - Top5Credits.com\" \/>\n<meta property=\"og:description\" content=\"En Top5Credits sabemos que pedir 60000 euros es toda una odisea. Por ello, hemos analizado y recopilado los mejores pr\u00e9stamos de hasta 60000 euros.\" \/>\n<meta property=\"og:url\" content=\"https:\/\/www.top5credits.com\/es\/prestamos-personales\/prestamo-60000-euros\/\" \/>\n<meta property=\"og:site_name\" content=\"Top5Credits.com Espa\u00f1a\" \/>\n<meta property=\"article:publisher\" content=\"https:\/\/www.facebook.com\/Top5Creditscom-Espa%c3%b1a-109158667157057\" \/>\n<meta property=\"article:modified_time\" content=\"2024-09-20T08:56:14+00:00\" \/>\n<meta property=\"og:image\" content=\"https:\/\/cdn.top5credits.com\/es\/wp-content\/uploads\/sites\/8\/2023\/11\/top5credits-com-ogimage.png?cdn=1.1.1\" \/>\n\t<meta property=\"og:image:width\" content=\"1200\" \/>\n\t<meta property=\"og:image:height\" content=\"630\" \/>\n\t<meta property=\"og:image:type\" content=\"image\/png\" \/>\n<meta name=\"twitter:card\" content=\"summary_large_image\" \/>\n<meta name=\"twitter:label1\" content=\"Tiempo de lectura\" \/>\n\t<meta name=\"twitter:data1\" content=\"4 minutos\" \/>\n<script type=\"application\/ld+json\" class=\"yoast-schema-graph\">{\"@context\":\"https:\\\/\\\/schema.org\",\"@graph\":[{\"@type\":[\"WebPage\",\"FAQPage\"],\"@id\":\"https:\\\/\\\/www.top5credits.com\\\/es\\\/prestamos-personales\\\/prestamo-60000-euros\\\/\",\"url\":\"https:\\\/\\\/www.top5credits.com\\\/es\\\/prestamos-personales\\\/prestamo-60000-euros\\\/\",\"name\":\"Pr\u00e9stamo 60000 euros - Top5Credits.com\",\"isPartOf\":{\"@id\":\"https:\\\/\\\/www.top5credits.com\\\/es\\\/#website\"},\"datePublished\":\"2020-05-22T13:00:14+00:00\",\"dateModified\":\"2024-09-20T08:56:14+00:00\",\"description\":\"En Top5Credits sabemos que pedir 60000 euros es toda una odisea. Por ello, hemos analizado y recopilado los mejores pr\u00e9stamos de hasta 60000 euros.\",\"breadcrumb\":{\"@id\":\"https:\\\/\\\/www.top5credits.com\\\/es\\\/prestamos-personales\\\/prestamo-60000-euros\\\/#breadcrumb\"},\"mainEntity\":[{\"@id\":\"https:\\\/\\\/www.top5credits.com\\\/es\\\/prestamos-personales\\\/prestamo-60000-euros\\\/#faq-question-1576829404724\"},{\"@id\":\"https:\\\/\\\/www.top5credits.com\\\/es\\\/prestamos-personales\\\/prestamo-60000-euros\\\/#faq-question-1576829442126\"},{\"@id\":\"https:\\\/\\\/www.top5credits.com\\\/es\\\/prestamos-personales\\\/prestamo-60000-euros\\\/#faq-question-1576829442918\"},{\"@id\":\"https:\\\/\\\/www.top5credits.com\\\/es\\\/prestamos-personales\\\/prestamo-60000-euros\\\/#faq-question-1576829449527\"}],\"inLanguage\":\"es\",\"potentialAction\":[{\"@type\":\"ReadAction\",\"target\":[\"https:\\\/\\\/www.top5credits.com\\\/es\\\/prestamos-personales\\\/prestamo-60000-euros\\\/\"]}]},{\"@type\":\"BreadcrumbList\",\"@id\":\"https:\\\/\\\/www.top5credits.com\\\/es\\\/prestamos-personales\\\/prestamo-60000-euros\\\/#breadcrumb\",\"itemListElement\":[{\"@type\":\"ListItem\",\"position\":1,\"name\":\"Top5Credits.com\",\"item\":\"https:\\\/\\\/www.top5credits.com\\\/es\\\/\"},{\"@type\":\"ListItem\",\"position\":2,\"name\":\"Compara pr\u00e9stamos personales online\",\"item\":\"https:\\\/\\\/www.top5credits.com\\\/es\\\/prestamos-personales\\\/\"},{\"@type\":\"ListItem\",\"position\":3,\"name\":\"Pr\u00e9stamo 60000 euros\"}]},{\"@type\":\"WebSite\",\"@id\":\"https:\\\/\\\/www.top5credits.com\\\/es\\\/#website\",\"url\":\"https:\\\/\\\/www.top5credits.com\\\/es\\\/\",\"name\":\"Top5Credits.com Espa\u00f1a\",\"description\":\"\",\"publisher\":{\"@id\":\"https:\\\/\\\/www.top5credits.com\\\/es\\\/#organization\"},\"potentialAction\":[{\"@type\":\"SearchAction\",\"target\":{\"@type\":\"EntryPoint\",\"urlTemplate\":\"https:\\\/\\\/www.top5credits.com\\\/es\\\/?s={search_term_string}\"},\"query-input\":{\"@type\":\"PropertyValueSpecification\",\"valueRequired\":true,\"valueName\":\"search_term_string\"}}],\"inLanguage\":\"es\"},{\"@type\":\"Organization\",\"@id\":\"https:\\\/\\\/www.top5credits.com\\\/es\\\/#organization\",\"name\":\"Top5Credits.com\",\"url\":\"https:\\\/\\\/www.top5credits.com\\\/es\\\/\",\"logo\":{\"@type\":\"ImageObject\",\"inLanguage\":\"es\",\"@id\":\"https:\\\/\\\/www.top5credits.com\\\/es\\\/#\\\/schema\\\/logo\\\/image\\\/\",\"url\":\"https:\\\/\\\/cdn.top5credits.com\\\/es\\\/wp-content\\\/uploads\\\/sites\\\/8\\\/2023\\\/10\\\/t5c-favicon.png\",\"contentUrl\":\"https:\\\/\\\/cdn.top5credits.com\\\/es\\\/wp-content\\\/uploads\\\/sites\\\/8\\\/2023\\\/10\\\/t5c-favicon.png\",\"width\":512,\"height\":512,\"caption\":\"Top5Credits.com\"},\"image\":{\"@id\":\"https:\\\/\\\/www.top5credits.com\\\/es\\\/#\\\/schema\\\/logo\\\/image\\\/\"},\"sameAs\":[\"https:\\\/\\\/www.facebook.com\\\/Top5Creditscom-Espa\u00f1a-109158667157057\"]},{\"@type\":\"Question\",\"@id\":\"https:\\\/\\\/www.top5credits.com\\\/es\\\/prestamos-personales\\\/prestamo-60000-euros\\\/#faq-question-1576829404724\",\"position\":1,\"url\":\"https:\\\/\\\/www.top5credits.com\\\/es\\\/prestamos-personales\\\/prestamo-60000-euros\\\/#faq-question-1576829404724\",\"name\":\"\u00bfC\u00f3mo pido un pr\u00e9stamo de 60000 euros?\",\"answerCount\":1,\"acceptedAnswer\":{\"@type\":\"Answer\",\"text\":\"Si tu banco no te da una soluci\u00f3n, puedes pedirlo online, siempre antes usando un buen comparador de pr\u00e9stamos.\",\"inLanguage\":\"es\"},\"inLanguage\":\"es\"},{\"@type\":\"Question\",\"@id\":\"https:\\\/\\\/www.top5credits.com\\\/es\\\/prestamos-personales\\\/prestamo-60000-euros\\\/#faq-question-1576829442126\",\"position\":2,\"url\":\"https:\\\/\\\/www.top5credits.com\\\/es\\\/prestamos-personales\\\/prestamo-60000-euros\\\/#faq-question-1576829442126\",\"name\":\"\u00bfExisten pr\u00e9stamos de 60000 euros sin aval?\",\"answerCount\":1,\"acceptedAnswer\":{\"@type\":\"Answer\",\"text\":\"S\u00ed. Eso s\u00ed, si no solicitan aval, es porque t\u00fa puedes demostrar que tienes capacidad crediticia para asumir el cr\u00e9dito.\",\"inLanguage\":\"es\"},\"inLanguage\":\"es\"},{\"@type\":\"Question\",\"@id\":\"https:\\\/\\\/www.top5credits.com\\\/es\\\/prestamos-personales\\\/prestamo-60000-euros\\\/#faq-question-1576829442918\",\"position\":3,\"url\":\"https:\\\/\\\/www.top5credits.com\\\/es\\\/prestamos-personales\\\/prestamo-60000-euros\\\/#faq-question-1576829442918\",\"name\":\"\u00bfPedo pedir 60000 euros estando en ASNEF?\",\"answerCount\":1,\"acceptedAnswer\":{\"@type\":\"Answer\",\"text\":\"Aunque existen productos que ofrecen <a href=\\\"https:\\\/\\\/www.top5credits.com\\\/es\\\/prestamos-personales\\\/prestamo-60000-euros\\\/\\\">60000 euros<\\\/a> con ASNEF, como Gedescoche, no es lo com\u00fan y necesitar\u00e1s alguna garant\u00eda.\",\"inLanguage\":\"es\"},\"inLanguage\":\"es\"},{\"@type\":\"Question\",\"@id\":\"https:\\\/\\\/www.top5credits.com\\\/es\\\/prestamos-personales\\\/prestamo-60000-euros\\\/#faq-question-1576829449527\",\"position\":4,\"url\":\"https:\\\/\\\/www.top5credits.com\\\/es\\\/prestamos-personales\\\/prestamo-60000-euros\\\/#faq-question-1576829449527\",\"name\":\"\u00bfC\u00f3mo puede ayudarme Top5Credits?\",\"answerCount\":1,\"acceptedAnswer\":{\"@type\":\"Answer\",\"text\":\"Podr\u00e1s comparar los diferentes productos del mercado, as\u00ed como acceder a nuestras opiniones objetivas.\",\"inLanguage\":\"es\"},\"inLanguage\":\"es\"}]}<\/script>\n<!-- \/ Yoast SEO plugin. -->","yoast_head_json":{"title":"Pr\u00e9stamo 60000 euros - Top5Credits.com","description":"En Top5Credits sabemos que pedir 60000 euros es toda una odisea. Por ello, hemos analizado y recopilado los mejores pr\u00e9stamos de hasta 60000 euros.","robots":{"index":"index","follow":"follow","max-snippet":"max-snippet:-1","max-image-preview":"max-image-preview:large","max-video-preview":"max-video-preview:-1"},"canonical":"https:\/\/www.top5credits.com\/es\/prestamos-personales\/prestamo-60000-euros\/","og_locale":"es_ES","og_type":"article","og_title":"Pr\u00e9stamo 60000 euros - Top5Credits.com","og_description":"En Top5Credits sabemos que pedir 60000 euros es toda una odisea. Por ello, hemos analizado y recopilado los mejores pr\u00e9stamos de hasta 60000 euros.","og_url":"https:\/\/www.top5credits.com\/es\/prestamos-personales\/prestamo-60000-euros\/","og_site_name":"Top5Credits.com Espa\u00f1a","article_publisher":"https:\/\/www.facebook.com\/Top5Creditscom-Espa%c3%b1a-109158667157057","article_modified_time":"2024-09-20T08:56:14+00:00","og_image":[{"width":1200,"height":630,"url":"https:\/\/cdn.top5credits.com\/es\/wp-content\/uploads\/sites\/8\/2023\/11\/top5credits-com-ogimage.png?cdn=1.1.1","type":"image\/png"}],"twitter_card":"summary_large_image","twitter_misc":{"Tiempo de lectura":"4 minutos"},"schema":{"@context":"https:\/\/schema.org","@graph":[{"@type":["WebPage","FAQPage"],"@id":"https:\/\/www.top5credits.com\/es\/prestamos-personales\/prestamo-60000-euros\/","url":"https:\/\/www.top5credits.com\/es\/prestamos-personales\/prestamo-60000-euros\/","name":"Pr\u00e9stamo 60000 euros - Top5Credits.com","isPartOf":{"@id":"https:\/\/www.top5credits.com\/es\/#website"},"datePublished":"2020-05-22T13:00:14+00:00","dateModified":"2024-09-20T08:56:14+00:00","description":"En Top5Credits sabemos que pedir 60000 euros es toda una odisea. Por ello, hemos analizado y recopilado los mejores pr\u00e9stamos de hasta 60000 euros.","breadcrumb":{"@id":"https:\/\/www.top5credits.com\/es\/prestamos-personales\/prestamo-60000-euros\/#breadcrumb"},"mainEntity":[{"@id":"https:\/\/www.top5credits.com\/es\/prestamos-personales\/prestamo-60000-euros\/#faq-question-1576829404724"},{"@id":"https:\/\/www.top5credits.com\/es\/prestamos-personales\/prestamo-60000-euros\/#faq-question-1576829442126"},{"@id":"https:\/\/www.top5credits.com\/es\/prestamos-personales\/prestamo-60000-euros\/#faq-question-1576829442918"},{"@id":"https:\/\/www.top5credits.com\/es\/prestamos-personales\/prestamo-60000-euros\/#faq-question-1576829449527"}],"inLanguage":"es","potentialAction":[{"@type":"ReadAction","target":["https:\/\/www.top5credits.com\/es\/prestamos-personales\/prestamo-60000-euros\/"]}]},{"@type":"BreadcrumbList","@id":"https:\/\/www.top5credits.com\/es\/prestamos-personales\/prestamo-60000-euros\/#breadcrumb","itemListElement":[{"@type":"ListItem","position":1,"name":"Top5Credits.com","item":"https:\/\/www.top5credits.com\/es\/"},{"@type":"ListItem","position":2,"name":"Compara pr\u00e9stamos personales online","item":"https:\/\/www.top5credits.com\/es\/prestamos-personales\/"},{"@type":"ListItem","position":3,"name":"Pr\u00e9stamo 60000 euros"}]},{"@type":"WebSite","@id":"https:\/\/www.top5credits.com\/es\/#website","url":"https:\/\/www.top5credits.com\/es\/","name":"Top5Credits.com Espa\u00f1a","description":"","publisher":{"@id":"https:\/\/www.top5credits.com\/es\/#organization"},"potentialAction":[{"@type":"SearchAction","target":{"@type":"EntryPoint","urlTemplate":"https:\/\/www.top5credits.com\/es\/?s={search_term_string}"},"query-input":{"@type":"PropertyValueSpecification","valueRequired":true,"valueName":"search_term_string"}}],"inLanguage":"es"},{"@type":"Organization","@id":"https:\/\/www.top5credits.com\/es\/#organization","name":"Top5Credits.com","url":"https:\/\/www.top5credits.com\/es\/","logo":{"@type":"ImageObject","inLanguage":"es","@id":"https:\/\/www.top5credits.com\/es\/#\/schema\/logo\/image\/","url":"https:\/\/cdn.top5credits.com\/es\/wp-content\/uploads\/sites\/8\/2023\/10\/t5c-favicon.png","contentUrl":"https:\/\/cdn.top5credits.com\/es\/wp-content\/uploads\/sites\/8\/2023\/10\/t5c-favicon.png","width":512,"height":512,"caption":"Top5Credits.com"},"image":{"@id":"https:\/\/www.top5credits.com\/es\/#\/schema\/logo\/image\/"},"sameAs":["https:\/\/www.facebook.com\/Top5Creditscom-Espa\u00f1a-109158667157057"]},{"@type":"Question","@id":"https:\/\/www.top5credits.com\/es\/prestamos-personales\/prestamo-60000-euros\/#faq-question-1576829404724","position":1,"url":"https:\/\/www.top5credits.com\/es\/prestamos-personales\/prestamo-60000-euros\/#faq-question-1576829404724","name":"\u00bfC\u00f3mo pido un pr\u00e9stamo de 60000 euros?","answerCount":1,"acceptedAnswer":{"@type":"Answer","text":"Si tu banco no te da una soluci\u00f3n, puedes pedirlo online, siempre antes usando un buen comparador de pr\u00e9stamos.","inLanguage":"es"},"inLanguage":"es"},{"@type":"Question","@id":"https:\/\/www.top5credits.com\/es\/prestamos-personales\/prestamo-60000-euros\/#faq-question-1576829442126","position":2,"url":"https:\/\/www.top5credits.com\/es\/prestamos-personales\/prestamo-60000-euros\/#faq-question-1576829442126","name":"\u00bfExisten pr\u00e9stamos de 60000 euros sin aval?","answerCount":1,"acceptedAnswer":{"@type":"Answer","text":"S\u00ed. Eso s\u00ed, si no solicitan aval, es porque t\u00fa puedes demostrar que tienes capacidad crediticia para asumir el cr\u00e9dito.","inLanguage":"es"},"inLanguage":"es"},{"@type":"Question","@id":"https:\/\/www.top5credits.com\/es\/prestamos-personales\/prestamo-60000-euros\/#faq-question-1576829442918","position":3,"url":"https:\/\/www.top5credits.com\/es\/prestamos-personales\/prestamo-60000-euros\/#faq-question-1576829442918","name":"\u00bfPedo pedir 60000 euros estando en ASNEF?","answerCount":1,"acceptedAnswer":{"@type":"Answer","text":"Aunque existen productos que ofrecen <a href=\"https:\/\/www.top5credits.com\/es\/prestamos-personales\/prestamo-60000-euros\/\">60000 euros<\/a> con ASNEF, como Gedescoche, no es lo com\u00fan y necesitar\u00e1s alguna garant\u00eda.","inLanguage":"es"},"inLanguage":"es"},{"@type":"Question","@id":"https:\/\/www.top5credits.com\/es\/prestamos-personales\/prestamo-60000-euros\/#faq-question-1576829449527","position":4,"url":"https:\/\/www.top5credits.com\/es\/prestamos-personales\/prestamo-60000-euros\/#faq-question-1576829449527","name":"\u00bfC\u00f3mo puede ayudarme Top5Credits?","answerCount":1,"acceptedAnswer":{"@type":"Answer","text":"Podr\u00e1s comparar los diferentes productos del mercado, as\u00ed como acceder a nuestras opiniones objetivas.","inLanguage":"es"},"inLanguage":"es"}]}},"_links":{"self":[{"href":"https:\/\/www.top5credits.com\/es\/wp-json\/wp\/v2\/pages\/3399","targetHints":{"allow":["GET"]}}],"collection":[{"href":"https:\/\/www.top5credits.com\/es\/wp-json\/wp\/v2\/pages"}],"about":[{"href":"https:\/\/www.top5credits.com\/es\/wp-json\/wp\/v2\/types\/page"}],"author":[{"embeddable":true,"href":"https:\/\/www.top5credits.com\/es\/wp-json\/wp\/v2\/users\/13"}],"replies":[{"embeddable":true,"href":"https:\/\/www.top5credits.com\/es\/wp-json\/wp\/v2\/comments?post=3399"}],"version-history":[{"count":0,"href":"https:\/\/www.top5credits.com\/es\/wp-json\/wp\/v2\/pages\/3399\/revisions"}],"up":[{"embeddable":true,"href":"https:\/\/www.top5credits.com\/es\/wp-json\/wp\/v2\/pages\/49"}],"wp:attachment":[{"href":"https:\/\/www.top5credits.com\/es\/wp-json\/wp\/v2\/media?parent=3399"}],"curies":[{"name":"wp","href":"https:\/\/api.w.org\/{rel}","templated":true}]}}