{"id":3705,"date":"2020-08-05T13:31:39","date_gmt":"2020-08-05T13:31:39","guid":{"rendered":"https:\/\/www.top5credits.com\/es\/?page_id=3705"},"modified":"2024-09-20T08:57:01","modified_gmt":"2024-09-20T08:57:01","slug":"creditos-online","status":"publish","type":"page","link":"https:\/\/www.top5credits.com\/es\/creditos-online\/","title":{"rendered":"Cr\u00e9ditos online"},"content":{"rendered":"\n<div class=\"wp-block-group first-section\"><div class=\"wp-block-group__inner-container is-layout-flow wp-block-group-is-layout-flow\">\n<h1 class=\"wp-block-heading has-text-align-center compare-title\">Cr\u00e9ditos online<\/h1>\n\n\n\n<p class=\"compare-title\">Top5Credits ha buscado los mejores pr\u00e9stamos personales online de Espa\u00f1a. SI necesitas un cr\u00e9dito online r\u00e1pido que puedas pedir desde casa y recibir en minutos, comprueba nuestras ofertas en el comparador de cr\u00e9ditos online.<\/p>\n\n\n\n\n<\/div><\/div>\n\n\n\n\n\n\n<div class=\"top-results palkkio\">\n<span class=\"huomiomerkki\">!<\/span> La comisi\u00f3n que recibimos afecta directamente el listado &#8211; Leer m\u00e1s <span class=\"plus-trigger\">+<\/span>\n<p>Top5Credits.com es un website 100% gratuito con el prop\u00f3sito de suministrar informaci\u00f3n \u00fatil y de valor al usuario. Comparamos pr\u00e9stamos y los analizamos de manera objetiva. Para mantener nuestros servicios gratuitos, obtenemos comisiones de los bancos y prestamistas por cada usuario que les redirigimos. El ratio de compensaci\u00f3n afecta directamente el orden del listado de colaboradores.<\/p>\n<\/div>\n<div class=\"full-white\">\n\n\n\n<h2 class=\"wp-block-heading\">Nosotros hacemos el trabajo por ti<\/h2>\n\n\n\n<p>Nuestro<strong> comparador de pr\u00e9stamos<\/strong> online te mostrar\u00e1 las caracter\u00edsticas del pr\u00e9stamo as\u00ed como una opini\u00f3n objetiva y honesta por nuestros expertos, quienes han comprobado los servicios personalmente. Despu\u00e9s de encontrar el pr\u00e9stamo que m\u00e1s se te ajuste, <strong>la solicitud est\u00e1 a un s\u00f3lo click.<\/strong><\/p>\n\n\n\n<p>Para el comparador de pr\u00e9stamos hemos recopilado informaci\u00f3n como los <strong>porcentajes de intereses, condiciones y los posibles usos del servicio<\/strong>. Nuestros analistas han solicitado previamente los pr\u00e9stamos que mostramos, as\u00ed que dispondr\u00e1s de toda la informaci\u00f3n acerca del mismo sin tener que correr el riesgo de pedirlo tu. Tambi\u00e9n hemos recogido la informaci\u00f3n m\u00e1s importante y las impresiones que nos da el servicio en nuestras <strong>opiniones<\/strong>, as\u00ed como la resoluci\u00f3n del pr\u00e9stamo.<\/p>\n\n\n\n<p>Escoger el pr\u00e9stamo o el servicio que necesitas, as\u00ed como solicitarlo, es sencillo con la ayuda de <strong>Top5Credits<\/strong>. Te ayudaremos a encontrar el cr\u00e9dito ideal. Prueba nuestro <a href=\"https:\/\/www.top5credits.com\/es\/prestamos-personales\/\">comparador de pr\u00e9stamos<\/a> y escoge el mejor cr\u00e9dito para ti.<\/p>\n\n\n\n<h2 class=\"wp-block-heading\">Pr\u00e9stamos online<\/h2>\n\n\n\n<p>La sociedad ha sufrido un importante cambio con la introducci\u00f3n de <strong>internet <\/strong>en nuestras vidas. La red de redes ha supuesto una <strong>revoluci\u00f3n <\/strong>en todos los aspectos de nuestra vida. Conocemos a nuestras parejas a trav\u00e9s de <strong>Tinder<\/strong>, buscamos piso en portales online, vemos m\u00e1s <strong>series en streaming<\/strong> que televisi\u00f3n&#8230; no es de extra\u00f1ar que esta revoluci\u00f3n haya llegado tambi\u00e9n al <strong>mundo financiero<\/strong>.<\/p>\n\n\n\n<p>Por ello, desde hace unos a\u00f1os, las denominadas <strong>Fintech <\/strong>(conjunci\u00f3n de las palabras \u00ab<strong>Financial Technology<\/strong>\u00ab, o Tecnolog\u00eda Financiera) han empezado a revolucionar el panorama. En un mundo donde ya no son necesarias oficinas o una gran plantilla, el abaratamiento de los costes y las nuevas tecnolog\u00edas han llamado a revolucionar el mundo de las finanzas.<\/p>\n\n\n\n<p>Aunque una <strong>Fintech <\/strong>puede ser cualquier compa\u00f1\u00eda tecnol\u00f3gica relacionada con el mundo de las finanzas (como apps de gesti\u00f3n de finanzas, inversi\u00f3n o programas para Recursos Humanos), sin duda el mundo de los pr\u00e9stamos personales es uno de los que m\u00e1s ha cambiado gracias a la irrupci\u00f3n de \u00e9ste nuevo modelo de negocio.<\/p>\n\n\n\n<h2 class=\"wp-block-heading\">Diferencias con los pr\u00e9stamos tradicionales<\/h2>\n\n\n\n<p>Lo que define a una Fintech es que ponen el foco en la tecnolog\u00eda. Por ello, este tipo de productos se caracterizan por poner la tecnolog\u00eda m\u00e1s puntera al servicio del usuario. Pedir un <strong>cr\u00e9dito online <\/strong>significa que tendr\u00e1s el pr\u00e9stamo al instante. \u00c9sta es la diferencia principal respecto a un pr\u00e9stamo tradicional: la posibilidad de <strong>pedir el cr\u00e9dito desde casa<\/strong> y recibirlo en <strong>minutos<\/strong>.<\/p>\n\n\n\n<p>Por otro lado, pedir un <strong>cr\u00e9dito online<\/strong> no suele exigir ninguna condici\u00f3n m\u00e1s. Al no ser bancos, si no financieras, no te pedir\u00e1n ser cliente ni suelen pedir que contrates otro servicio adicional, como un seguro. Aunque existen algunas financieras que no son consideradas Fintech, como <a href=\"https:\/\/www.top5credits.com\/es\/opiniones\/cofidis\/\">Cofidis<\/a> o <a href=\"https:\/\/www.top5credits.com\/es\/opiniones\/cetelem\/\">Cetelem<\/a>, \u00e9stas suelen requerir m\u00e1s burocracia y documentaci\u00f3n, o est\u00e1n m\u00e1s centradas en <strong>financiar productos<\/strong> que en la tecnolog\u00eda.<\/p>\n\n\n\n<p>Tambi\u00e9n una de las principales diferencias es que las Fintech suelen ofrecer <strong>mini cr\u00e9ditos online<\/strong> de poca cuant\u00eda. Esto es debido a que su foco es la inmediatez, por lo que para pedir menos garant\u00edas al usuario, no pueden arriesgar ofreciendo un <a href=\"https:\/\/www.top5credits.com\/es\/prestamos-personales\/prestamo-60000-euros\/\">pr\u00e9stamo de 60.000\u20ac sin<\/a> pedir ninguna garant\u00eda adicional como la n\u00f3mina o justificante de ingresos.<\/p>\n\n\n\n<h2 class=\"wp-block-heading\">Cr\u00e9ditos online: con ASNEF, inmediatos pero caros<\/h2>\n\n\n\n<p>Hoy por hoy, los <strong>cr\u00e9ditos online<\/strong> no compiten al mismo nivel que los pr\u00e9stamos tradicionales. Esto es debido a que los bancos son entidades centenarias, por lo que su posici\u00f3n en el mercado es muy fuerte. El hecho de que necesitemos una cuenta corriente para recibir ingresos hace que se trate de un sector necesario. Adem\u00e1s, hoy en d\u00eda es casi imposible adquirir una vivienda sin <strong>hipoteca<\/strong>. Esto crea la necesidad de usar un banco s\u00ed o s\u00ed, por lo que la amplia cartera de clientes de los bancos tradicionales tambi\u00e9n les permite aplicar intereses mucho m\u00e1s bajos, por norma general, que los <strong>pr\u00e9stamos online<\/strong>.<\/p>\n\n\n\n<p>Por ello, los pr\u00e9stamos online se especializan en productos que la banca tradicional no puede o no quiere ofrecer. Esto significa que si estamos en las listas de <strong>ASNEF <\/strong>o <strong>Equifax<\/strong>, es muy probable que consigamos<a href=\"https:\/\/www.top5credits.com\/es\/prestamos-personales-con-asnef\/\"> pr\u00e9stamos online con ASNEF<\/a>, o <a href=\"https:\/\/www.top5credits.com\/es\/microprestamos\/\">mini pr\u00e9stamos<\/a> de cuant\u00edas bajas. Tambi\u00e9n existen pr\u00e9stamos con garant\u00eda, en los cuales podemos usar nuestro coche para ello, como <a href=\"https:\/\/www.top5credits.com\/es\/opiniones\/ibancar\/\">Ibancar<\/a>, o incluso nuestra vivienda.<\/p>\n\n\n\n<p>Esto no significa que los pr\u00e9stamos online siempre sean de baja cantidad, ya que existen prestamistas que s\u00ed ofrecen m\u00e1s dinero, pero no es lo habitual. Por contra, los <strong>pr\u00e9stamos online suelen tener intereses m\u00e1s altos<\/strong>, ya que la agilidad e inmediatez tiene un precio. No obstante, al ser cantidades menores, aunque porcentualmente tengan una <a href=\"https:\/\/www.top5credits.com\/es\/glosario\/tae\/\">TAE<\/a> mayor, al ser devueltos en d\u00edas, tampoco los encarece demasiado.<\/p>\n\n\n\n<h2 class=\"wp-block-heading\">C\u00f3mo funcionan los cr\u00e9ditos online<\/h2>\n\n\n\n<p>\u00bfC\u00f3mo es posible que alguien decida prestarte dinero sin tener que firmar un s\u00f3lo documento? Las nuevas tecnolog\u00edas han avanzado exponencialmente los \u00faltimos a\u00f1os. De esta manera, las financieras que ofrecen pr\u00e9stamos online son capaces de<strong> verificar nuestra identidad, ingresos e informaci\u00f3n bancaria <\/strong>de manera f\u00e1cil y sencilla.<\/p>\n\n\n\n<p>Por un lado, la m\u00e1xima documentaci\u00f3n que tendr\u00e1s que enviar ser\u00e1 <strong>una copia de tu DNI, <\/strong>pero gracias a <strong>WhatsApp <\/strong>y los diferentes proveedores de correo electr\u00f3nico, enviar una foto por internet suele ser m\u00e1s que suficiente.<\/p>\n\n\n\n<p>Si el banco donde deseas el dinero dispone de <strong>Banca Online<\/strong>, la entidad puede usar sistemas de cifrado totalmente seguros como <a href=\"https:\/\/www.top5credits.com\/es\/articulos\/que-es-instantor-como-funciona-es-seguro\/\">Instantor<\/a>, que acceder\u00e1 a tu cuenta respetando tu privacidad s\u00f3lo para verificar que es una cuenta bancaria real. Adem\u00e1s, de esta manera verificar\u00e1n si dispones de los ingresos declarados.<\/p>\n\n\n\n<p>Una vez verificado, en caso de que tu banco disponga de servicio 24 horas, la financiera podr\u00e1 ordenar el ingreso de manera autom\u00e1tica y<strong> lo recibir\u00e1s en cuesti\u00f3n de minutos<\/strong>. Aunque hay que aclarar que todo depender\u00e1 del horario de tu banco; por muy r\u00e1pido que sea el pr\u00e9stamo online, si tu banco est\u00e1 cerrado a la hora de la solicitud, no llegar\u00e1. Por ello, <strong>el ingreso puede demorarse hasta 48 horas<\/strong>.<\/p>\n\n\n\n<div class=\"page-faqs\">\n\n\n\n<h2 class=\"wp-block-heading\"> Preguntas frecuentes <\/h2>\n\n\n\n<div class=\"schema-faq wp-block-yoast-faq-block\"><div class=\"schema-faq-section\" id=\"faq-question-1596619289054\"><strong class=\"schema-faq-question\">\u00bfC\u00f3mo funcionan los cr\u00e9ditos online?<\/strong> <p class=\"schema-faq-answer\">Una vez obtenida la oferta, tras verificar tu identidad y datos bancarios a trav\u00e9s de mensajer\u00eda instant\u00e1nea y Banca Online, la entidad realiza el ingreso.<\/p> <\/div> <div class=\"schema-faq-section\" id=\"faq-question-1596634172371\"><strong class=\"schema-faq-question\">\u00bfExisten cr\u00e9ditos online con ASNEF?<\/strong> <p class=\"schema-faq-answer\">S\u00ed, existen muchos <a href=\"https:\/\/www.top5credits.com\/es\/creditos-online\/\">cr\u00e9ditos online<\/a> que aceptan clientes en ASNEF.<\/p> <\/div> <div class=\"schema-faq-section\" id=\"faq-question-1596634185827\"><strong class=\"schema-faq-question\"><strong>\u00bfEs seguro pedir un pr\u00e9stamo por internet?<\/strong><\/strong> <p class=\"schema-faq-answer\">Pedir cr\u00e9ditos por internet es seguro, siempre que acudas a proveedores de confianza y evites el phishing<\/p> <\/div> <div class=\"schema-faq-section\" id=\"faq-question-1596634221753\"><strong class=\"schema-faq-question\">\u00bfPor qu\u00e9 usar Top5Credits?<\/strong> <p class=\"schema-faq-answer\">Top5Credits analiza uno por uno cada pr\u00e9stamo, as\u00ed como el proceso de solicitud, para que sepas a qu\u00e9 atenerte.<\/p> <\/div> <\/div>\n\n\n\n<\/div><\/div>\n","protected":false},"excerpt":{"rendered":"<p>Cr\u00e9ditos online Top5Credits ha buscado los mejores pr\u00e9stamos personales online de Espa\u00f1a. SI necesitas un cr\u00e9dito online r\u00e1pido que puedas pedir desde casa y recibir<\/p>\n<p class=\"more-link\">Seguir leyendo <span class=\"screen-reader-text\">Cr\u00e9ditos online<\/span><\/p>\n","protected":false},"author":2,"featured_media":0,"parent":0,"menu_order":0,"comment_status":"closed","ping_status":"closed","template":"page-results.php","meta":{"footnotes":""},"class_list":["post-3705","page","type-page","status-publish","hentry","entry"],"yoast_head":"<!-- This site is optimized with the Yoast SEO plugin v27.3 - https:\/\/yoast.com\/product\/yoast-seo-wordpress\/ -->\n<title>Cr\u00e9ditos online - Hasta 60.000\u20ac en el acto - T5C - 06\/04\/2026<\/title>\n<meta name=\"description\" content=\"En Top5Credits hemos analizado y recopilado los mejores cr\u00e9ditos online para que puedas escoger el que m\u00e1s se ajuste a tus necesidades.\" \/>\n<meta name=\"robots\" content=\"index, follow, max-snippet:-1, max-image-preview:large, max-video-preview:-1\" \/>\n<link rel=\"canonical\" href=\"https:\/\/www.top5credits.com\/es\/creditos-online\/\" \/>\n<meta property=\"og:locale\" content=\"es_ES\" \/>\n<meta property=\"og:type\" content=\"article\" \/>\n<meta property=\"og:title\" content=\"Cr\u00e9ditos online - Hasta 60.000\u20ac en el acto - T5C - 06\/04\/2026\" \/>\n<meta property=\"og:description\" content=\"En Top5Credits hemos analizado y recopilado los mejores cr\u00e9ditos online para que puedas escoger el que m\u00e1s se ajuste a tus necesidades.\" \/>\n<meta property=\"og:url\" content=\"https:\/\/www.top5credits.com\/es\/creditos-online\/\" \/>\n<meta property=\"og:site_name\" content=\"Top5Credits.com Espa\u00f1a\" \/>\n<meta property=\"article:publisher\" content=\"https:\/\/www.facebook.com\/Top5Creditscom-Espa%c3%b1a-109158667157057\" \/>\n<meta property=\"article:modified_time\" content=\"2024-09-20T08:57:01+00:00\" \/>\n<meta property=\"og:image\" content=\"https:\/\/cdn.top5credits.com\/es\/wp-content\/uploads\/sites\/8\/2023\/11\/top5credits-com-ogimage.png?cdn=1.1.1\" \/>\n\t<meta property=\"og:image:width\" content=\"1200\" \/>\n\t<meta property=\"og:image:height\" content=\"630\" \/>\n\t<meta property=\"og:image:type\" content=\"image\/png\" \/>\n<meta name=\"twitter:card\" content=\"summary_large_image\" \/>\n<meta name=\"twitter:label1\" content=\"Tiempo de lectura\" \/>\n\t<meta name=\"twitter:data1\" content=\"6 minutos\" \/>\n<script type=\"application\/ld+json\" class=\"yoast-schema-graph\">{\"@context\":\"https:\\\/\\\/schema.org\",\"@graph\":[{\"@type\":[\"WebPage\",\"FAQPage\"],\"@id\":\"https:\\\/\\\/www.top5credits.com\\\/es\\\/creditos-online\\\/\",\"url\":\"https:\\\/\\\/www.top5credits.com\\\/es\\\/creditos-online\\\/\",\"name\":\"Cr\u00e9ditos online - Hasta 60.000\u20ac en el acto - T5C - 06\\\/04\\\/2026\",\"isPartOf\":{\"@id\":\"https:\\\/\\\/www.top5credits.com\\\/es\\\/#website\"},\"datePublished\":\"2020-08-05T13:31:39+00:00\",\"dateModified\":\"2024-09-20T08:57:01+00:00\",\"description\":\"En Top5Credits hemos analizado y recopilado los mejores cr\u00e9ditos online para que puedas escoger el que m\u00e1s se ajuste a tus necesidades.\",\"breadcrumb\":{\"@id\":\"https:\\\/\\\/www.top5credits.com\\\/es\\\/creditos-online\\\/#breadcrumb\"},\"mainEntity\":[{\"@id\":\"https:\\\/\\\/www.top5credits.com\\\/es\\\/creditos-online\\\/#faq-question-1596619289054\"},{\"@id\":\"https:\\\/\\\/www.top5credits.com\\\/es\\\/creditos-online\\\/#faq-question-1596634172371\"},{\"@id\":\"https:\\\/\\\/www.top5credits.com\\\/es\\\/creditos-online\\\/#faq-question-1596634185827\"},{\"@id\":\"https:\\\/\\\/www.top5credits.com\\\/es\\\/creditos-online\\\/#faq-question-1596634221753\"}],\"inLanguage\":\"es\",\"potentialAction\":[{\"@type\":\"ReadAction\",\"target\":[\"https:\\\/\\\/www.top5credits.com\\\/es\\\/creditos-online\\\/\"]}]},{\"@type\":\"BreadcrumbList\",\"@id\":\"https:\\\/\\\/www.top5credits.com\\\/es\\\/creditos-online\\\/#breadcrumb\",\"itemListElement\":[{\"@type\":\"ListItem\",\"position\":1,\"name\":\"Top5Credits.com\",\"item\":\"https:\\\/\\\/www.top5credits.com\\\/es\\\/\"},{\"@type\":\"ListItem\",\"position\":2,\"name\":\"Cr\u00e9ditos online\"}]},{\"@type\":\"WebSite\",\"@id\":\"https:\\\/\\\/www.top5credits.com\\\/es\\\/#website\",\"url\":\"https:\\\/\\\/www.top5credits.com\\\/es\\\/\",\"name\":\"Top5Credits.com Espa\u00f1a\",\"description\":\"\",\"publisher\":{\"@id\":\"https:\\\/\\\/www.top5credits.com\\\/es\\\/#organization\"},\"potentialAction\":[{\"@type\":\"SearchAction\",\"target\":{\"@type\":\"EntryPoint\",\"urlTemplate\":\"https:\\\/\\\/www.top5credits.com\\\/es\\\/?s={search_term_string}\"},\"query-input\":{\"@type\":\"PropertyValueSpecification\",\"valueRequired\":true,\"valueName\":\"search_term_string\"}}],\"inLanguage\":\"es\"},{\"@type\":\"Organization\",\"@id\":\"https:\\\/\\\/www.top5credits.com\\\/es\\\/#organization\",\"name\":\"Top5Credits.com\",\"url\":\"https:\\\/\\\/www.top5credits.com\\\/es\\\/\",\"logo\":{\"@type\":\"ImageObject\",\"inLanguage\":\"es\",\"@id\":\"https:\\\/\\\/www.top5credits.com\\\/es\\\/#\\\/schema\\\/logo\\\/image\\\/\",\"url\":\"https:\\\/\\\/cdn.top5credits.com\\\/es\\\/wp-content\\\/uploads\\\/sites\\\/8\\\/2023\\\/10\\\/t5c-favicon.png\",\"contentUrl\":\"https:\\\/\\\/cdn.top5credits.com\\\/es\\\/wp-content\\\/uploads\\\/sites\\\/8\\\/2023\\\/10\\\/t5c-favicon.png\",\"width\":512,\"height\":512,\"caption\":\"Top5Credits.com\"},\"image\":{\"@id\":\"https:\\\/\\\/www.top5credits.com\\\/es\\\/#\\\/schema\\\/logo\\\/image\\\/\"},\"sameAs\":[\"https:\\\/\\\/www.facebook.com\\\/Top5Creditscom-Espa\u00f1a-109158667157057\"]},{\"@type\":\"Question\",\"@id\":\"https:\\\/\\\/www.top5credits.com\\\/es\\\/creditos-online\\\/#faq-question-1596619289054\",\"position\":1,\"url\":\"https:\\\/\\\/www.top5credits.com\\\/es\\\/creditos-online\\\/#faq-question-1596619289054\",\"name\":\"\u00bfC\u00f3mo funcionan los cr\u00e9ditos online?\",\"answerCount\":1,\"acceptedAnswer\":{\"@type\":\"Answer\",\"text\":\"Una vez obtenida la oferta, tras verificar tu identidad y datos bancarios a trav\u00e9s de mensajer\u00eda instant\u00e1nea y Banca Online, la entidad realiza el ingreso.\",\"inLanguage\":\"es\"},\"inLanguage\":\"es\"},{\"@type\":\"Question\",\"@id\":\"https:\\\/\\\/www.top5credits.com\\\/es\\\/creditos-online\\\/#faq-question-1596634172371\",\"position\":2,\"url\":\"https:\\\/\\\/www.top5credits.com\\\/es\\\/creditos-online\\\/#faq-question-1596634172371\",\"name\":\"\u00bfExisten cr\u00e9ditos online con ASNEF?\",\"answerCount\":1,\"acceptedAnswer\":{\"@type\":\"Answer\",\"text\":\"S\u00ed, existen muchos <a href=\\\"https:\\\/\\\/www.top5credits.com\\\/es\\\/creditos-online\\\/\\\">cr\u00e9ditos online<\\\/a> que aceptan clientes en ASNEF.\",\"inLanguage\":\"es\"},\"inLanguage\":\"es\"},{\"@type\":\"Question\",\"@id\":\"https:\\\/\\\/www.top5credits.com\\\/es\\\/creditos-online\\\/#faq-question-1596634185827\",\"position\":3,\"url\":\"https:\\\/\\\/www.top5credits.com\\\/es\\\/creditos-online\\\/#faq-question-1596634185827\",\"name\":\"\u00bfEs seguro pedir un pr\u00e9stamo por internet?\",\"answerCount\":1,\"acceptedAnswer\":{\"@type\":\"Answer\",\"text\":\"Pedir cr\u00e9ditos por internet es seguro, siempre que acudas a proveedores de confianza y evites el phishing\",\"inLanguage\":\"es\"},\"inLanguage\":\"es\"},{\"@type\":\"Question\",\"@id\":\"https:\\\/\\\/www.top5credits.com\\\/es\\\/creditos-online\\\/#faq-question-1596634221753\",\"position\":4,\"url\":\"https:\\\/\\\/www.top5credits.com\\\/es\\\/creditos-online\\\/#faq-question-1596634221753\",\"name\":\"\u00bfPor qu\u00e9 usar Top5Credits?\",\"answerCount\":1,\"acceptedAnswer\":{\"@type\":\"Answer\",\"text\":\"Top5Credits analiza uno por uno cada pr\u00e9stamo, as\u00ed como el proceso de solicitud, para que sepas a qu\u00e9 atenerte.\",\"inLanguage\":\"es\"},\"inLanguage\":\"es\"}]}<\/script>\n<!-- \/ Yoast SEO plugin. -->","yoast_head_json":{"title":"Cr\u00e9ditos online - Hasta 60.000\u20ac en el acto - T5C - 06\/04\/2026","description":"En Top5Credits hemos analizado y recopilado los mejores cr\u00e9ditos online para que puedas escoger el que m\u00e1s se ajuste a tus necesidades.","robots":{"index":"index","follow":"follow","max-snippet":"max-snippet:-1","max-image-preview":"max-image-preview:large","max-video-preview":"max-video-preview:-1"},"canonical":"https:\/\/www.top5credits.com\/es\/creditos-online\/","og_locale":"es_ES","og_type":"article","og_title":"Cr\u00e9ditos online - Hasta 60.000\u20ac en el acto - T5C - 06\/04\/2026","og_description":"En Top5Credits hemos analizado y recopilado los mejores cr\u00e9ditos online para que puedas escoger el que m\u00e1s se ajuste a tus necesidades.","og_url":"https:\/\/www.top5credits.com\/es\/creditos-online\/","og_site_name":"Top5Credits.com Espa\u00f1a","article_publisher":"https:\/\/www.facebook.com\/Top5Creditscom-Espa%c3%b1a-109158667157057","article_modified_time":"2024-09-20T08:57:01+00:00","og_image":[{"width":1200,"height":630,"url":"https:\/\/cdn.top5credits.com\/es\/wp-content\/uploads\/sites\/8\/2023\/11\/top5credits-com-ogimage.png?cdn=1.1.1","type":"image\/png"}],"twitter_card":"summary_large_image","twitter_misc":{"Tiempo de lectura":"6 minutos"},"schema":{"@context":"https:\/\/schema.org","@graph":[{"@type":["WebPage","FAQPage"],"@id":"https:\/\/www.top5credits.com\/es\/creditos-online\/","url":"https:\/\/www.top5credits.com\/es\/creditos-online\/","name":"Cr\u00e9ditos online - Hasta 60.000\u20ac en el acto - T5C - 06\/04\/2026","isPartOf":{"@id":"https:\/\/www.top5credits.com\/es\/#website"},"datePublished":"2020-08-05T13:31:39+00:00","dateModified":"2024-09-20T08:57:01+00:00","description":"En Top5Credits hemos analizado y recopilado los mejores cr\u00e9ditos online para que puedas escoger el que m\u00e1s se ajuste a tus necesidades.","breadcrumb":{"@id":"https:\/\/www.top5credits.com\/es\/creditos-online\/#breadcrumb"},"mainEntity":[{"@id":"https:\/\/www.top5credits.com\/es\/creditos-online\/#faq-question-1596619289054"},{"@id":"https:\/\/www.top5credits.com\/es\/creditos-online\/#faq-question-1596634172371"},{"@id":"https:\/\/www.top5credits.com\/es\/creditos-online\/#faq-question-1596634185827"},{"@id":"https:\/\/www.top5credits.com\/es\/creditos-online\/#faq-question-1596634221753"}],"inLanguage":"es","potentialAction":[{"@type":"ReadAction","target":["https:\/\/www.top5credits.com\/es\/creditos-online\/"]}]},{"@type":"BreadcrumbList","@id":"https:\/\/www.top5credits.com\/es\/creditos-online\/#breadcrumb","itemListElement":[{"@type":"ListItem","position":1,"name":"Top5Credits.com","item":"https:\/\/www.top5credits.com\/es\/"},{"@type":"ListItem","position":2,"name":"Cr\u00e9ditos online"}]},{"@type":"WebSite","@id":"https:\/\/www.top5credits.com\/es\/#website","url":"https:\/\/www.top5credits.com\/es\/","name":"Top5Credits.com Espa\u00f1a","description":"","publisher":{"@id":"https:\/\/www.top5credits.com\/es\/#organization"},"potentialAction":[{"@type":"SearchAction","target":{"@type":"EntryPoint","urlTemplate":"https:\/\/www.top5credits.com\/es\/?s={search_term_string}"},"query-input":{"@type":"PropertyValueSpecification","valueRequired":true,"valueName":"search_term_string"}}],"inLanguage":"es"},{"@type":"Organization","@id":"https:\/\/www.top5credits.com\/es\/#organization","name":"Top5Credits.com","url":"https:\/\/www.top5credits.com\/es\/","logo":{"@type":"ImageObject","inLanguage":"es","@id":"https:\/\/www.top5credits.com\/es\/#\/schema\/logo\/image\/","url":"https:\/\/cdn.top5credits.com\/es\/wp-content\/uploads\/sites\/8\/2023\/10\/t5c-favicon.png","contentUrl":"https:\/\/cdn.top5credits.com\/es\/wp-content\/uploads\/sites\/8\/2023\/10\/t5c-favicon.png","width":512,"height":512,"caption":"Top5Credits.com"},"image":{"@id":"https:\/\/www.top5credits.com\/es\/#\/schema\/logo\/image\/"},"sameAs":["https:\/\/www.facebook.com\/Top5Creditscom-Espa\u00f1a-109158667157057"]},{"@type":"Question","@id":"https:\/\/www.top5credits.com\/es\/creditos-online\/#faq-question-1596619289054","position":1,"url":"https:\/\/www.top5credits.com\/es\/creditos-online\/#faq-question-1596619289054","name":"\u00bfC\u00f3mo funcionan los cr\u00e9ditos online?","answerCount":1,"acceptedAnswer":{"@type":"Answer","text":"Una vez obtenida la oferta, tras verificar tu identidad y datos bancarios a trav\u00e9s de mensajer\u00eda instant\u00e1nea y Banca Online, la entidad realiza el ingreso.","inLanguage":"es"},"inLanguage":"es"},{"@type":"Question","@id":"https:\/\/www.top5credits.com\/es\/creditos-online\/#faq-question-1596634172371","position":2,"url":"https:\/\/www.top5credits.com\/es\/creditos-online\/#faq-question-1596634172371","name":"\u00bfExisten cr\u00e9ditos online con ASNEF?","answerCount":1,"acceptedAnswer":{"@type":"Answer","text":"S\u00ed, existen muchos <a href=\"https:\/\/www.top5credits.com\/es\/creditos-online\/\">cr\u00e9ditos online<\/a> que aceptan clientes en ASNEF.","inLanguage":"es"},"inLanguage":"es"},{"@type":"Question","@id":"https:\/\/www.top5credits.com\/es\/creditos-online\/#faq-question-1596634185827","position":3,"url":"https:\/\/www.top5credits.com\/es\/creditos-online\/#faq-question-1596634185827","name":"\u00bfEs seguro pedir un pr\u00e9stamo por internet?","answerCount":1,"acceptedAnswer":{"@type":"Answer","text":"Pedir cr\u00e9ditos por internet es seguro, siempre que acudas a proveedores de confianza y evites el phishing","inLanguage":"es"},"inLanguage":"es"},{"@type":"Question","@id":"https:\/\/www.top5credits.com\/es\/creditos-online\/#faq-question-1596634221753","position":4,"url":"https:\/\/www.top5credits.com\/es\/creditos-online\/#faq-question-1596634221753","name":"\u00bfPor qu\u00e9 usar Top5Credits?","answerCount":1,"acceptedAnswer":{"@type":"Answer","text":"Top5Credits analiza uno por uno cada pr\u00e9stamo, as\u00ed como el proceso de solicitud, para que sepas a qu\u00e9 atenerte.","inLanguage":"es"},"inLanguage":"es"}]}},"_links":{"self":[{"href":"https:\/\/www.top5credits.com\/es\/wp-json\/wp\/v2\/pages\/3705","targetHints":{"allow":["GET"]}}],"collection":[{"href":"https:\/\/www.top5credits.com\/es\/wp-json\/wp\/v2\/pages"}],"about":[{"href":"https:\/\/www.top5credits.com\/es\/wp-json\/wp\/v2\/types\/page"}],"author":[{"embeddable":true,"href":"https:\/\/www.top5credits.com\/es\/wp-json\/wp\/v2\/users\/2"}],"replies":[{"embeddable":true,"href":"https:\/\/www.top5credits.com\/es\/wp-json\/wp\/v2\/comments?post=3705"}],"version-history":[{"count":0,"href":"https:\/\/www.top5credits.com\/es\/wp-json\/wp\/v2\/pages\/3705\/revisions"}],"wp:attachment":[{"href":"https:\/\/www.top5credits.com\/es\/wp-json\/wp\/v2\/media?parent=3705"}],"curies":[{"name":"wp","href":"https:\/\/api.w.org\/{rel}","templated":true}]}}