{"id":6914,"date":"2021-11-11T10:53:45","date_gmt":"2021-11-11T10:53:45","guid":{"rendered":"https:\/\/www.top5credits.com\/es\/?page_id=6914"},"modified":"2023-10-10T06:04:05","modified_gmt":"2023-10-10T06:04:05","slug":"beca-top5credits-2022","status":"publish","type":"page","link":"https:\/\/www.top5credits.com\/es\/beca-top5credits-2022\/","title":{"rendered":"Beca Top5Credits 2022"},"content":{"rendered":"\n<div class=\"full-white\">\n\n\n\n<div class=\"wp-block-cover\"><span aria-hidden=\"true\" class=\"wp-block-cover__background has-vivid-cyan-blue-background-color has-background-dim-70 has-background-dim\"><\/span><img loading=\"lazy\" decoding=\"async\" width=\"1024\" height=\"576\" class=\"wp-block-cover__image-background wp-image-6932\" alt=\"\" src=\"https:\/\/cdn.top5credits.com\/es\/wp-content\/uploads\/sites\/8\/2021\/11\/beca-top5credits-1-1024x576.jpg?cdn=1.1.1\" data-object-fit=\"cover\" srcset=\"https:\/\/cdn.top5credits.com\/es\/wp-content\/uploads\/sites\/8\/2021\/11\/beca-top5credits-1-1024x576.jpg?cdn=1.1.1 1024w, https:\/\/cdn.top5credits.com\/es\/wp-content\/uploads\/sites\/8\/2021\/11\/beca-top5credits-1-300x169.jpg?cdn=1.1.1 300w, https:\/\/cdn.top5credits.com\/es\/wp-content\/uploads\/sites\/8\/2021\/11\/beca-top5credits-1-768x432.jpg?cdn=1.1.1 768w, https:\/\/cdn.top5credits.com\/es\/wp-content\/uploads\/sites\/8\/2021\/11\/beca-top5credits-1.jpg?cdn=1.1.1 1366w\" sizes=\"auto, (max-width: 1024px) 100vw, 1024px\" \/><div class=\"wp-block-cover__inner-container is-layout-flow wp-block-cover-is-layout-flow\">\n<p class=\"has-text-align-center has-large-font-size\">Becas y ayudas para estudiantes<\/p>\n<\/div><\/div>\n\n\n\n<h2 class=\"wp-block-heading\">Beca a la innovaci\u00f3n Top5Credits 2022<\/h2>\n\n\n\n<p> \u00bfEres un estudiante de la rama <strong>empresarial\/econ\u00f3mica<\/strong> y te apasiona el mundo <strong>Fintech<\/strong>? \u00bfTienes una idea que est\u00e1s seguro\/a de que supondr\u00e1 un impacto en el mundo financiero? En <strong>Top5Credits <\/strong>creemos que las nuevas tecnolog\u00edas est\u00e1n destinadas a hacer nuestra vida m\u00e1s sencilla, sostenible y accesible para todo el mundo.<\/p>\n\n\n\n<p>Por ello, si est\u00e1s preparando una tesis relacionada con las nuevas tecnolog\u00edas aplicadas al mundo financiero, puedes optar a nuestra<strong> Beca Innovaci\u00f3n Top5Credits de 2022<\/strong>. Como parte del ecosistema Fintech, el grupo <strong>Draivi Media Oy<\/strong> al que pertenece <strong>Top5Credits<\/strong> ha decidido conceder una <strong>Beca a la Tesis m\u00e1s innovadora<\/strong>. <\/p>\n\n\n\n<p>Hacemos esto porque creemos que internet debe ser una herramienta de accesibilidad, donde<strong> consumidores<\/strong> como <strong>emprendedores <\/strong>puedan obtener acceso a las mismas condiciones.<\/p>\n\n\n\n<div class=\"wp-block-cover is-light\"><span aria-hidden=\"true\" class=\"wp-block-cover__background has-vivid-cyan-blue-background-color has-background-dim\"><\/span><img loading=\"lazy\" decoding=\"async\" width=\"1024\" height=\"683\" class=\"wp-block-cover__image-background wp-image-6943\" alt=\"\" src=\"https:\/\/cdn.top5credits.com\/es\/wp-content\/uploads\/sites\/8\/2021\/11\/beca-empresariales-1024x683.jpg?cdn=1.1.1\" data-object-fit=\"cover\" srcset=\"https:\/\/cdn.top5credits.com\/es\/wp-content\/uploads\/sites\/8\/2021\/11\/beca-empresariales-1024x683.jpg?cdn=1.1.1 1024w, https:\/\/cdn.top5credits.com\/es\/wp-content\/uploads\/sites\/8\/2021\/11\/beca-empresariales-300x200.jpg?cdn=1.1.1 300w, https:\/\/cdn.top5credits.com\/es\/wp-content\/uploads\/sites\/8\/2021\/11\/beca-empresariales-768x512.jpg?cdn=1.1.1 768w, https:\/\/cdn.top5credits.com\/es\/wp-content\/uploads\/sites\/8\/2021\/11\/beca-empresariales.jpg?cdn=1.1.1 1254w\" sizes=\"auto, (max-width: 1024px) 100vw, 1024px\" \/><div class=\"wp-block-cover__inner-container is-layout-flow wp-block-cover-is-layout-flow\">\n<p class=\"has-large-font-size\">\u00bfEn qu\u00e9 consiste la Beca?<\/p>\n<\/div><\/div>\n\n\n\n<p>La Beca a la Innovaci\u00f3n de Top5Credits premiar\u00e1 al <strong>Abstracto de la Tesis<\/strong> que nuestro equipo determine que cumpla los siguientes criterios:<\/p>\n\n\n\n<div style=\"height:40px\" aria-hidden=\"true\" class=\"wp-block-spacer\"><\/div>\n\n\n\n<p><strong>Innovadora. <\/strong>Internet da juego a emprendedores y financieras para cambiar el tablero de juego por completo. Valoraremos el car\u00e1cter innovador y original del abstracto, considerando su autenticidad como un punto a favor.<\/p>\n\n\n\n<p><strong>Sostenible.<\/strong> Las nuevas tecnolog\u00edas y su facilidad de propagaci\u00f3n tienen consecuencias dif\u00edciles de advertir, por lo que debemos ser previsores con nuestras ideas. Valoraremos que el Abstracto refleje un modelo financiero sostenible, tanto social como econ\u00f3micamente, enfrentando los desaf\u00edos de la revoluci\u00f3n digital.<\/p>\n\n\n\n<p><strong>Accesible.<\/strong> Si algo nos ha dado internet es accesibilidad. El Abstracto ganador tendr\u00e1 que enfocarse en promover la accesibilidad del proyecto a diferentes capas sociales y colectivos.<\/p>\n\n\n\n<p><strong>Viable<\/strong>. Por \u00faltimo, ha de tratarse de un proyecto realista y capaz de ser realizado, ya que las buenas ideas no son suficientes para emprender proyectos exitosos.<\/p>\n\n\n\n<div style=\"height:40px\" aria-hidden=\"true\" class=\"wp-block-spacer\"><\/div>\n\n\n\n<p>El valor de la Beca es de<strong> 500\u20ac<\/strong>, que se abonar\u00e1n al autor o autores del Abstracto ganador. Este importe, seg\u00fan la Ley vigente, no ha de ser declarado a Hacienda al no superar la cuant\u00eda m\u00ednima de 40.000\u20ac. <\/p>\n\n\n\n<p>El cometido de esta Beca es<strong> financiar la finalizaci\u00f3n de la Tesis Doctoral por parte del estudiante ganador.<\/strong> No podemos exigir accesibilidad si no es parte de nuestra misi\u00f3n asegurarnos de que las buenas ideas se llevan a cabo, independientemente de la situaci\u00f3n financiera de sus creadores.<\/p>\n\n\n\n<div class=\"wp-block-cover is-light\"><span aria-hidden=\"true\" class=\"wp-block-cover__background has-vivid-cyan-blue-background-color has-background-dim\"><\/span><img loading=\"lazy\" decoding=\"async\" width=\"1024\" height=\"683\" class=\"wp-block-cover__image-background wp-image-6948\" alt=\"\" src=\"https:\/\/cdn.top5credits.com\/es\/wp-content\/uploads\/sites\/8\/2021\/11\/estudiantes-beca-1024x683.jpg?cdn=1.1.1\" data-object-fit=\"cover\" srcset=\"https:\/\/cdn.top5credits.com\/es\/wp-content\/uploads\/sites\/8\/2021\/11\/estudiantes-beca-1024x683.jpg?cdn=1.1.1 1024w, https:\/\/cdn.top5credits.com\/es\/wp-content\/uploads\/sites\/8\/2021\/11\/estudiantes-beca-300x200.jpg?cdn=1.1.1 300w, https:\/\/cdn.top5credits.com\/es\/wp-content\/uploads\/sites\/8\/2021\/11\/estudiantes-beca-768x512.jpg?cdn=1.1.1 768w, https:\/\/cdn.top5credits.com\/es\/wp-content\/uploads\/sites\/8\/2021\/11\/estudiantes-beca.jpg?cdn=1.1.1 1254w\" sizes=\"auto, (max-width: 1024px) 100vw, 1024px\" \/><div class=\"wp-block-cover__inner-container is-layout-flow wp-block-cover-is-layout-flow\">\n<p class=\"has-large-font-size\">\u00bfQui\u00e9n y c\u00f3mo se puede optar a la Beca?<\/p>\n<\/div><\/div>\n\n\n\n<p>Optar a la Beca de Top5Credits es sencillo, y esperamos poder brindar la oportunidad a cualquier ayudante que necesite financiaci\u00f3n para culminar su Tesis Doctoral. <\/p>\n\n\n\n<p>Los requisitos para optar a la <strong>Beca Innovaci\u00f3n Top5Credits 2022<\/strong> son los siguientes:<\/p>\n\n\n\n<div style=\"height:40px\" aria-hidden=\"true\" class=\"wp-block-spacer\"><\/div>\n\n\n<div class=\"wp-block-image\">\n<figure class=\"alignleft is-resized\"><img loading=\"lazy\" decoding=\"async\" src=\"https:\/\/www.top5credits.com\/es\/wp-content\/uploads\/sites\/8\/2021\/11\/puntos.jpg\" alt=\"\" class=\"wp-image-6953\" style=\"width:20px;height:20px\" width=\"20\" height=\"20\" \/><\/figure>\n<\/div>\n\n\n<p>Cursar un<strong> Doctorado o M\u00e1ster<\/strong> en una carrera relacionada con el ecosistema financiero (Econom\u00eda, Finanzas, Marketing, ADE&#8230;)<\/p>\n\n\n<div class=\"wp-block-image\">\n<figure class=\"alignleft is-resized\"><img loading=\"lazy\" decoding=\"async\" src=\"https:\/\/www.top5credits.com\/es\/wp-content\/uploads\/sites\/8\/2021\/11\/puntos.jpg\" alt=\"\" class=\"wp-image-6953\" style=\"width:20px;height:20px\" width=\"20\" height=\"20\" \/><\/figure>\n<\/div>\n\n\n<p>Ser<strong> residente en Espa\u00f1a<\/strong> y cursar sus estudios en el territorio Espa\u00f1ol.<\/p>\n\n\n<div class=\"wp-block-image\">\n<figure class=\"alignleft is-resized\"><img loading=\"lazy\" decoding=\"async\" src=\"https:\/\/www.top5credits.com\/es\/wp-content\/uploads\/sites\/8\/2021\/11\/puntos.jpg\" alt=\"\" class=\"wp-image-6953\" style=\"width:20px;height:20px\" width=\"20\" height=\"20\" \/><\/figure>\n<\/div>\n\n\n<p>Disponer de un <strong>Abstracto de la Tesis<\/strong>, de no m\u00e1s de <strong>500 palabras<\/strong>.<\/p>\n\n\n\n<div style=\"height:40px\" aria-hidden=\"true\" class=\"wp-block-spacer\"><\/div>\n\n\n\n<p>Los pasos para solicitar la<strong> Beca Innovaci\u00f3n Top5Credits 2022<\/strong> ser\u00e1n los siguientes:<\/p>\n\n\n<div class=\"wp-block-image\">\n<figure class=\"alignleft is-resized\"><img loading=\"lazy\" decoding=\"async\" src=\"https:\/\/www.top5credits.com\/es\/wp-content\/uploads\/sites\/8\/2021\/11\/puntos.jpg\" alt=\"\" class=\"wp-image-6953\" style=\"width:20px;height:20px\" width=\"20\" height=\"20\" \/><\/figure>\n<\/div>\n\n\n<p>Enviar el Abstracto por <strong>correo electr\u00f3nico<\/strong> <strong>a beca@top5credits.com<\/strong><\/p>\n\n\n<div class=\"wp-block-image\">\n<figure class=\"alignleft is-resized\"><img loading=\"lazy\" decoding=\"async\" src=\"https:\/\/www.top5credits.com\/es\/wp-content\/uploads\/sites\/8\/2021\/11\/puntos.jpg\" alt=\"\" class=\"wp-image-6953\" style=\"width:20px;height:20px\" width=\"20\" height=\"20\" \/><\/figure>\n<\/div>\n\n\n<p>Indicar en el <strong>asunto <\/strong>\u00abBeca Top5Credits 2022 &#8211; Nombre\u00bb<\/p>\n\n\n<div class=\"wp-block-image\">\n<figure class=\"alignleft is-resized\"><img loading=\"lazy\" decoding=\"async\" src=\"https:\/\/www.top5credits.com\/es\/wp-content\/uploads\/sites\/8\/2021\/11\/puntos.jpg\" alt=\"\" class=\"wp-image-6953\" style=\"width:20px;height:20px\" width=\"20\" height=\"20\" \/><\/figure>\n<\/div>\n\n\n<p>A\u00f1adir una <strong>breve introducci\u00f3n<\/strong> en el correo, con el archivo del <strong>abstracto adjunto en PDF<\/strong><\/p>\n\n\n<div class=\"wp-block-image\">\n<figure class=\"alignleft is-resized\"><img loading=\"lazy\" decoding=\"async\" src=\"https:\/\/www.top5credits.com\/es\/wp-content\/uploads\/sites\/8\/2021\/11\/puntos.jpg\" alt=\"\" class=\"wp-image-6953\" style=\"width:20px;height:20px\" width=\"20\" height=\"20\" \/><\/figure>\n<\/div>\n\n\n<p>Presentar el abstracto <strong>antes del 1 de Enero de 2023.<\/strong><\/p>\n\n\n\n<p>El Abstracto ganador ser\u00e1 seleccionado por el equipo de redactores y analistas de Top5Credits, y dar\u00e1n a conocer al ganador la decisi\u00f3n dentro del mes de Enero.<\/p>\n\n\n\n<p>La <strong>Beca de Innovaci\u00f3n de Top5Credits<\/strong> es una iniciativa de car\u00e1cter privado, por lo que no se podr\u00e1 reclamar la decisi\u00f3n, ni intervienen factores externos como situaci\u00f3n econ\u00f3mica o media de notas acad\u00e9micas, ya que se premia a la idea detr\u00e1s del abstracto, no al autor.<\/p>\n\n\n\n<p>La organizaci\u00f3n se reserva el derecho de declarar la convocatoria de la Beca desierta en caso de no disponer del n\u00famero suficiente de solicitudes que cumplan los criterios mencionados.<\/p>\n\n\n\n<h5 class=\"wp-block-heading has-text-align-left\">Organizado por:<\/h5>\n\n\n<div class=\"wp-block-image\">\n<figure class=\"alignleft size-full is-resized\"><img loading=\"lazy\" decoding=\"async\" src=\"https:\/\/www.top5credits.com\/es\/wp-content\/uploads\/sites\/8\/2023\/10\/top5credits-logo-t5c.png\" alt=\"top5credits\" class=\"wp-image-13749\" style=\"width:300px;height:60px\" width=\"300\" height=\"60\" \/><\/figure>\n<\/div>\n\n\n<div style=\"height:15px\" aria-hidden=\"true\" class=\"wp-block-spacer\"><\/div>\n\n\n\n<\/div>\n","protected":false},"excerpt":{"rendered":"<p>Beca a la innovaci\u00f3n Top5Credits 2022 \u00bfEres un estudiante de la rama empresarial\/econ\u00f3mica y te apasiona el mundo Fintech? \u00bfTienes una idea que est\u00e1s seguro\/a<\/p>\n<p class=\"more-link\">Seguir leyendo <span class=\"screen-reader-text\">Beca Top5Credits 2022<\/span><\/p>\n","protected":false},"author":13,"featured_media":6915,"parent":0,"menu_order":0,"comment_status":"closed","ping_status":"closed","template":"","meta":{"footnotes":""},"class_list":["post-6914","page","type-page","status-publish","has-post-thumbnail","hentry","entry"],"yoast_head":"<!-- This site is optimized with the Yoast SEO plugin v27.3 - https:\/\/yoast.com\/product\/yoast-seo-wordpress\/ -->\n<title>Beca Top5Credits 2022 - Top5Credits.com<\/title>\n<meta name=\"description\" content=\"En Top5Credits ofrecemos una beca para premiar a los estudiantes m\u00e1s concienciados con la digitalizaci\u00f3n del sistema financiero.\" \/>\n<meta name=\"robots\" content=\"noindex, follow\" \/>\n<meta property=\"og:locale\" content=\"es_ES\" \/>\n<meta property=\"og:type\" content=\"article\" \/>\n<meta property=\"og:title\" content=\"Beca Top5Credits 2022 - Top5Credits.com\" \/>\n<meta property=\"og:description\" content=\"En Top5Credits ofrecemos una beca para premiar a los estudiantes m\u00e1s concienciados con la digitalizaci\u00f3n del sistema financiero.\" \/>\n<meta property=\"og:url\" content=\"https:\/\/www.top5credits.com\/es\/beca-top5credits-2022\/\" \/>\n<meta property=\"og:site_name\" content=\"Top5Credits.com Espa\u00f1a\" \/>\n<meta property=\"article:publisher\" content=\"https:\/\/www.facebook.com\/Top5Creditscom-Espa%c3%b1a-109158667157057\" \/>\n<meta property=\"article:modified_time\" content=\"2023-10-10T06:04:05+00:00\" \/>\n<meta property=\"og:image\" content=\"https:\/\/cdn.top5credits.com\/es\/wp-content\/uploads\/sites\/8\/2021\/11\/beca-top5credits.jpg?cdn=1.1.1\" \/>\n\t<meta property=\"og:image:width\" content=\"1366\" \/>\n\t<meta property=\"og:image:height\" content=\"768\" \/>\n\t<meta property=\"og:image:type\" content=\"image\/jpeg\" \/>\n<meta name=\"twitter:card\" content=\"summary_large_image\" \/>\n<meta name=\"twitter:label1\" content=\"Tiempo de lectura\" \/>\n\t<meta name=\"twitter:data1\" content=\"6 minutos\" \/>\n<script type=\"application\/ld+json\" class=\"yoast-schema-graph\">{\"@context\":\"https:\\\/\\\/schema.org\",\"@graph\":[{\"@type\":\"WebPage\",\"@id\":\"https:\\\/\\\/www.top5credits.com\\\/es\\\/beca-top5credits-2022\\\/\",\"url\":\"https:\\\/\\\/www.top5credits.com\\\/es\\\/beca-top5credits-2022\\\/\",\"name\":\"Beca Top5Credits 2022 - Top5Credits.com\",\"isPartOf\":{\"@id\":\"https:\\\/\\\/www.top5credits.com\\\/es\\\/#website\"},\"primaryImageOfPage\":{\"@id\":\"https:\\\/\\\/www.top5credits.com\\\/es\\\/beca-top5credits-2022\\\/#primaryimage\"},\"image\":{\"@id\":\"https:\\\/\\\/www.top5credits.com\\\/es\\\/beca-top5credits-2022\\\/#primaryimage\"},\"thumbnailUrl\":\"https:\\\/\\\/www.top5credits.com\\\/es\\\/wp-content\\\/uploads\\\/sites\\\/8\\\/2021\\\/11\\\/beca-top5credits.jpg\",\"datePublished\":\"2021-11-11T10:53:45+00:00\",\"dateModified\":\"2023-10-10T06:04:05+00:00\",\"description\":\"En Top5Credits ofrecemos una beca para premiar a los estudiantes m\u00e1s concienciados con la digitalizaci\u00f3n del sistema financiero.\",\"breadcrumb\":{\"@id\":\"https:\\\/\\\/www.top5credits.com\\\/es\\\/beca-top5credits-2022\\\/#breadcrumb\"},\"inLanguage\":\"es\",\"potentialAction\":[{\"@type\":\"ReadAction\",\"target\":[\"https:\\\/\\\/www.top5credits.com\\\/es\\\/beca-top5credits-2022\\\/\"]}]},{\"@type\":\"ImageObject\",\"inLanguage\":\"es\",\"@id\":\"https:\\\/\\\/www.top5credits.com\\\/es\\\/beca-top5credits-2022\\\/#primaryimage\",\"url\":\"https:\\\/\\\/www.top5credits.com\\\/es\\\/wp-content\\\/uploads\\\/sites\\\/8\\\/2021\\\/11\\\/beca-top5credits.jpg\",\"contentUrl\":\"https:\\\/\\\/www.top5credits.com\\\/es\\\/wp-content\\\/uploads\\\/sites\\\/8\\\/2021\\\/11\\\/beca-top5credits.jpg\",\"width\":1366,\"height\":768,\"caption\":\"beca fintech\"},{\"@type\":\"BreadcrumbList\",\"@id\":\"https:\\\/\\\/www.top5credits.com\\\/es\\\/beca-top5credits-2022\\\/#breadcrumb\",\"itemListElement\":[{\"@type\":\"ListItem\",\"position\":1,\"name\":\"Top5Credits.com\",\"item\":\"https:\\\/\\\/www.top5credits.com\\\/es\\\/\"},{\"@type\":\"ListItem\",\"position\":2,\"name\":\"Beca Top5Credits 2022\"}]},{\"@type\":\"WebSite\",\"@id\":\"https:\\\/\\\/www.top5credits.com\\\/es\\\/#website\",\"url\":\"https:\\\/\\\/www.top5credits.com\\\/es\\\/\",\"name\":\"Top5Credits.com Espa\u00f1a\",\"description\":\"\",\"publisher\":{\"@id\":\"https:\\\/\\\/www.top5credits.com\\\/es\\\/#organization\"},\"potentialAction\":[{\"@type\":\"SearchAction\",\"target\":{\"@type\":\"EntryPoint\",\"urlTemplate\":\"https:\\\/\\\/www.top5credits.com\\\/es\\\/?s={search_term_string}\"},\"query-input\":{\"@type\":\"PropertyValueSpecification\",\"valueRequired\":true,\"valueName\":\"search_term_string\"}}],\"inLanguage\":\"es\"},{\"@type\":\"Organization\",\"@id\":\"https:\\\/\\\/www.top5credits.com\\\/es\\\/#organization\",\"name\":\"Top5Credits.com\",\"url\":\"https:\\\/\\\/www.top5credits.com\\\/es\\\/\",\"logo\":{\"@type\":\"ImageObject\",\"inLanguage\":\"es\",\"@id\":\"https:\\\/\\\/www.top5credits.com\\\/es\\\/#\\\/schema\\\/logo\\\/image\\\/\",\"url\":\"https:\\\/\\\/cdn.top5credits.com\\\/es\\\/wp-content\\\/uploads\\\/sites\\\/8\\\/2023\\\/10\\\/t5c-favicon.png\",\"contentUrl\":\"https:\\\/\\\/cdn.top5credits.com\\\/es\\\/wp-content\\\/uploads\\\/sites\\\/8\\\/2023\\\/10\\\/t5c-favicon.png\",\"width\":512,\"height\":512,\"caption\":\"Top5Credits.com\"},\"image\":{\"@id\":\"https:\\\/\\\/www.top5credits.com\\\/es\\\/#\\\/schema\\\/logo\\\/image\\\/\"},\"sameAs\":[\"https:\\\/\\\/www.facebook.com\\\/Top5Creditscom-Espa\u00f1a-109158667157057\"]}]}<\/script>\n<!-- \/ Yoast SEO plugin. -->","yoast_head_json":{"title":"Beca Top5Credits 2022 - Top5Credits.com","description":"En Top5Credits ofrecemos una beca para premiar a los estudiantes m\u00e1s concienciados con la digitalizaci\u00f3n del sistema financiero.","robots":{"index":"noindex","follow":"follow"},"og_locale":"es_ES","og_type":"article","og_title":"Beca Top5Credits 2022 - Top5Credits.com","og_description":"En Top5Credits ofrecemos una beca para premiar a los estudiantes m\u00e1s concienciados con la digitalizaci\u00f3n del sistema financiero.","og_url":"https:\/\/www.top5credits.com\/es\/beca-top5credits-2022\/","og_site_name":"Top5Credits.com Espa\u00f1a","article_publisher":"https:\/\/www.facebook.com\/Top5Creditscom-Espa%c3%b1a-109158667157057","article_modified_time":"2023-10-10T06:04:05+00:00","og_image":[{"width":1366,"height":768,"url":"https:\/\/cdn.top5credits.com\/es\/wp-content\/uploads\/sites\/8\/2021\/11\/beca-top5credits.jpg?cdn=1.1.1","type":"image\/jpeg"}],"twitter_card":"summary_large_image","twitter_misc":{"Tiempo de lectura":"6 minutos"},"schema":{"@context":"https:\/\/schema.org","@graph":[{"@type":"WebPage","@id":"https:\/\/www.top5credits.com\/es\/beca-top5credits-2022\/","url":"https:\/\/www.top5credits.com\/es\/beca-top5credits-2022\/","name":"Beca Top5Credits 2022 - Top5Credits.com","isPartOf":{"@id":"https:\/\/www.top5credits.com\/es\/#website"},"primaryImageOfPage":{"@id":"https:\/\/www.top5credits.com\/es\/beca-top5credits-2022\/#primaryimage"},"image":{"@id":"https:\/\/www.top5credits.com\/es\/beca-top5credits-2022\/#primaryimage"},"thumbnailUrl":"https:\/\/cdn.top5credits.com\/es\/wp-content\/uploads\/sites\/8\/2021\/11\/beca-top5credits.jpg?cdn=1.1.1","datePublished":"2021-11-11T10:53:45+00:00","dateModified":"2023-10-10T06:04:05+00:00","description":"En Top5Credits ofrecemos una beca para premiar a los estudiantes m\u00e1s concienciados con la digitalizaci\u00f3n del sistema financiero.","breadcrumb":{"@id":"https:\/\/www.top5credits.com\/es\/beca-top5credits-2022\/#breadcrumb"},"inLanguage":"es","potentialAction":[{"@type":"ReadAction","target":["https:\/\/www.top5credits.com\/es\/beca-top5credits-2022\/"]}]},{"@type":"ImageObject","inLanguage":"es","@id":"https:\/\/www.top5credits.com\/es\/beca-top5credits-2022\/#primaryimage","url":"https:\/\/cdn.top5credits.com\/es\/wp-content\/uploads\/sites\/8\/2021\/11\/beca-top5credits.jpg?cdn=1.1.1","contentUrl":"https:\/\/cdn.top5credits.com\/es\/wp-content\/uploads\/sites\/8\/2021\/11\/beca-top5credits.jpg?cdn=1.1.1","width":1366,"height":768,"caption":"beca fintech"},{"@type":"BreadcrumbList","@id":"https:\/\/www.top5credits.com\/es\/beca-top5credits-2022\/#breadcrumb","itemListElement":[{"@type":"ListItem","position":1,"name":"Top5Credits.com","item":"https:\/\/www.top5credits.com\/es\/"},{"@type":"ListItem","position":2,"name":"Beca Top5Credits 2022"}]},{"@type":"WebSite","@id":"https:\/\/www.top5credits.com\/es\/#website","url":"https:\/\/www.top5credits.com\/es\/","name":"Top5Credits.com Espa\u00f1a","description":"","publisher":{"@id":"https:\/\/www.top5credits.com\/es\/#organization"},"potentialAction":[{"@type":"SearchAction","target":{"@type":"EntryPoint","urlTemplate":"https:\/\/www.top5credits.com\/es\/?s={search_term_string}"},"query-input":{"@type":"PropertyValueSpecification","valueRequired":true,"valueName":"search_term_string"}}],"inLanguage":"es"},{"@type":"Organization","@id":"https:\/\/www.top5credits.com\/es\/#organization","name":"Top5Credits.com","url":"https:\/\/www.top5credits.com\/es\/","logo":{"@type":"ImageObject","inLanguage":"es","@id":"https:\/\/www.top5credits.com\/es\/#\/schema\/logo\/image\/","url":"https:\/\/cdn.top5credits.com\/es\/wp-content\/uploads\/sites\/8\/2023\/10\/t5c-favicon.png","contentUrl":"https:\/\/cdn.top5credits.com\/es\/wp-content\/uploads\/sites\/8\/2023\/10\/t5c-favicon.png","width":512,"height":512,"caption":"Top5Credits.com"},"image":{"@id":"https:\/\/www.top5credits.com\/es\/#\/schema\/logo\/image\/"},"sameAs":["https:\/\/www.facebook.com\/Top5Creditscom-Espa\u00f1a-109158667157057"]}]}},"_links":{"self":[{"href":"https:\/\/www.top5credits.com\/es\/wp-json\/wp\/v2\/pages\/6914","targetHints":{"allow":["GET"]}}],"collection":[{"href":"https:\/\/www.top5credits.com\/es\/wp-json\/wp\/v2\/pages"}],"about":[{"href":"https:\/\/www.top5credits.com\/es\/wp-json\/wp\/v2\/types\/page"}],"author":[{"embeddable":true,"href":"https:\/\/www.top5credits.com\/es\/wp-json\/wp\/v2\/users\/13"}],"replies":[{"embeddable":true,"href":"https:\/\/www.top5credits.com\/es\/wp-json\/wp\/v2\/comments?post=6914"}],"version-history":[{"count":0,"href":"https:\/\/www.top5credits.com\/es\/wp-json\/wp\/v2\/pages\/6914\/revisions"}],"wp:featuredmedia":[{"embeddable":true,"href":"https:\/\/www.top5credits.com\/es\/wp-json\/wp\/v2\/media\/6915"}],"wp:attachment":[{"href":"https:\/\/www.top5credits.com\/es\/wp-json\/wp\/v2\/media?parent=6914"}],"curies":[{"name":"wp","href":"https:\/\/api.w.org\/{rel}","templated":true}]}}