{"id":8080,"date":"2022-04-28T08:24:45","date_gmt":"2022-04-28T08:24:45","guid":{"rendered":"https:\/\/www.top5credits.com\/es\/?page_id=8080"},"modified":"2024-02-22T09:07:25","modified_gmt":"2024-02-22T09:07:25","slug":"cookies","status":"publish","type":"page","link":"https:\/\/www.top5credits.com\/es\/cookies\/","title":{"rendered":"Cookies"},"content":{"rendered":"\n<h2>Las cookies<\/h2>\n<div class=\"wp-block-buttons is-layout-flex wp-block-buttons-is-layout-flex\">\n  <div class=\"wp-block-button cta-nappi\">\n    <a class=\"wp-block-button__link wp-element-button\" id=\"settings-page-button\">Configuraci\u00f3n<\/a>\n  <\/div>\n<\/div>\n<p>Top5Credits.com utiliza cookies, pero no registra ning\u00fan dato sobre ti o datos con los que se te pudiera relacionar. As\u00ed que, de ning\u00fan modo nos es posible mediante estas cookies recoger ajustes adicionales a los que t\u00fa ya hayas escogido.<\/p><h2>\u00bfQu\u00e9 son las cookies?<\/h2><p>Las cookies son un peque\u00f1o archivo de texto que se guarda en el ordenador y contiene datos. Las cookies se utilizan para el funcionamiento de la p\u00e1gina web por razones puramente t\u00e9cnicas, como por ejemplo para la navegaci\u00f3n y tratamiento de formularios.<\/p><h2>Dos tipos de cookies<\/h2><p>Existen dos tipos de cookies: persistentes y temporales (llamadas de sesi\u00f3n). La cookie persistente se guarda en el ordenador del usuario por un tiempo determinado, mientras la temporal se conserva solo hasta el cierre del navegador.<\/p><h2>Cookies persistentes<\/h2><p>Las cookies persistentes se utilizan por ejemplo para personalizar la p\u00e1gina de acuerdo a tus preferencias. As\u00ed, no necesitas hacerlo t\u00fa cada vez que visitas la p\u00e1gina.<\/p><h2>Cookies temporales (de sesi\u00f3n)<\/h2><p>Las cookies temporales se utilizan por ejemplo para tratar datos de registro, para moverte por la p\u00e1gina, para el carrito de la compra, etc.<\/p><h2>Ajustes<\/h2><p>Puedes modificar los ajustes de modo que se te pregunte siempre si deseas autorizar el uso de las cookies en el momento en que accedas a la p\u00e1gina web.<\/p><p>Internet Explorer: Herramientas \u2013> Ajustes de Internet \u2013> Protecci\u00f3n de datos \u2013> Informaci\u00f3n adicional<\/p><p>Chrome: Ajustes\u2013> Muestra ajustes adicionales\u2013> Ajustes de contenido<\/p><p>Mozilla Firefox: Herramientas\u2013> Ajustes \u2013> [Protecci\u00f3n de datos]<\/p>\n","protected":false},"excerpt":{"rendered":"<p>Las cookies Configuraci\u00f3n Top5Credits.com utiliza cookies, pero no registra ning\u00fan dato sobre ti o datos con los que se te pudiera relacionar. As\u00ed que, de<\/p>\n<p class=\"more-link\">Seguir leyendo <span class=\"screen-reader-text\">Cookies<\/span><\/p>\n","protected":false},"author":2,"featured_media":0,"parent":0,"menu_order":0,"comment_status":"closed","ping_status":"closed","template":"","meta":{"footnotes":""},"class_list":["post-8080","page","type-page","status-publish","hentry","entry"],"yoast_head":"<!-- This site is optimized with the Yoast SEO plugin v27.3 - https:\/\/yoast.com\/product\/yoast-seo-wordpress\/ -->\n<title>Cookies - Top5Credits.com<\/title>\n<meta name=\"robots\" content=\"noindex, follow\" \/>\n<meta property=\"og:locale\" content=\"es_ES\" \/>\n<meta property=\"og:type\" content=\"article\" \/>\n<meta property=\"og:title\" content=\"Cookies - Top5Credits.com\" \/>\n<meta property=\"og:description\" content=\"Las cookies Configuraci\u00f3n Top5Credits.com utiliza cookies, pero no registra ning\u00fan dato sobre ti o datos con los que se te pudiera relacionar. As\u00ed que, deSeguir leyendo Cookies\" \/>\n<meta property=\"og:url\" content=\"https:\/\/www.top5credits.com\/es\/cookies\/\" \/>\n<meta property=\"og:site_name\" content=\"Top5Credits.com Espa\u00f1a\" \/>\n<meta property=\"article:publisher\" content=\"https:\/\/www.facebook.com\/Top5Creditscom-Espa%c3%b1a-109158667157057\" \/>\n<meta property=\"article:modified_time\" content=\"2024-02-22T09:07:25+00:00\" \/>\n<meta property=\"og:image\" content=\"https:\/\/cdn.top5credits.com\/es\/wp-content\/uploads\/sites\/8\/2023\/11\/top5credits-com-ogimage.png?cdn=1.1.1\" \/>\n\t<meta property=\"og:image:width\" content=\"1200\" \/>\n\t<meta property=\"og:image:height\" content=\"630\" \/>\n\t<meta property=\"og:image:type\" content=\"image\/png\" \/>\n<meta name=\"twitter:card\" content=\"summary_large_image\" \/>\n<meta name=\"twitter:label1\" content=\"Tiempo de lectura\" \/>\n\t<meta name=\"twitter:data1\" content=\"2 minutos\" \/>\n<script type=\"application\/ld+json\" class=\"yoast-schema-graph\">{\"@context\":\"https:\\\/\\\/schema.org\",\"@graph\":[{\"@type\":\"WebPage\",\"@id\":\"https:\\\/\\\/www.top5credits.com\\\/es\\\/cookies\\\/\",\"url\":\"https:\\\/\\\/www.top5credits.com\\\/es\\\/cookies\\\/\",\"name\":\"Cookies - Top5Credits.com\",\"isPartOf\":{\"@id\":\"https:\\\/\\\/www.top5credits.com\\\/es\\\/#website\"},\"datePublished\":\"2022-04-28T08:24:45+00:00\",\"dateModified\":\"2024-02-22T09:07:25+00:00\",\"breadcrumb\":{\"@id\":\"https:\\\/\\\/www.top5credits.com\\\/es\\\/cookies\\\/#breadcrumb\"},\"inLanguage\":\"es\",\"potentialAction\":[{\"@type\":\"ReadAction\",\"target\":[\"https:\\\/\\\/www.top5credits.com\\\/es\\\/cookies\\\/\"]}]},{\"@type\":\"BreadcrumbList\",\"@id\":\"https:\\\/\\\/www.top5credits.com\\\/es\\\/cookies\\\/#breadcrumb\",\"itemListElement\":[{\"@type\":\"ListItem\",\"position\":1,\"name\":\"Top5Credits.com\",\"item\":\"https:\\\/\\\/www.top5credits.com\\\/es\\\/\"},{\"@type\":\"ListItem\",\"position\":2,\"name\":\"Cookies\"}]},{\"@type\":\"WebSite\",\"@id\":\"https:\\\/\\\/www.top5credits.com\\\/es\\\/#website\",\"url\":\"https:\\\/\\\/www.top5credits.com\\\/es\\\/\",\"name\":\"Top5Credits.com Espa\u00f1a\",\"description\":\"\",\"publisher\":{\"@id\":\"https:\\\/\\\/www.top5credits.com\\\/es\\\/#organization\"},\"potentialAction\":[{\"@type\":\"SearchAction\",\"target\":{\"@type\":\"EntryPoint\",\"urlTemplate\":\"https:\\\/\\\/www.top5credits.com\\\/es\\\/?s={search_term_string}\"},\"query-input\":{\"@type\":\"PropertyValueSpecification\",\"valueRequired\":true,\"valueName\":\"search_term_string\"}}],\"inLanguage\":\"es\"},{\"@type\":\"Organization\",\"@id\":\"https:\\\/\\\/www.top5credits.com\\\/es\\\/#organization\",\"name\":\"Top5Credits.com\",\"url\":\"https:\\\/\\\/www.top5credits.com\\\/es\\\/\",\"logo\":{\"@type\":\"ImageObject\",\"inLanguage\":\"es\",\"@id\":\"https:\\\/\\\/www.top5credits.com\\\/es\\\/#\\\/schema\\\/logo\\\/image\\\/\",\"url\":\"https:\\\/\\\/cdn.top5credits.com\\\/es\\\/wp-content\\\/uploads\\\/sites\\\/8\\\/2023\\\/10\\\/t5c-favicon.png\",\"contentUrl\":\"https:\\\/\\\/cdn.top5credits.com\\\/es\\\/wp-content\\\/uploads\\\/sites\\\/8\\\/2023\\\/10\\\/t5c-favicon.png\",\"width\":512,\"height\":512,\"caption\":\"Top5Credits.com\"},\"image\":{\"@id\":\"https:\\\/\\\/www.top5credits.com\\\/es\\\/#\\\/schema\\\/logo\\\/image\\\/\"},\"sameAs\":[\"https:\\\/\\\/www.facebook.com\\\/Top5Creditscom-Espa\u00f1a-109158667157057\"]}]}<\/script>\n<!-- \/ Yoast SEO plugin. -->","yoast_head_json":{"title":"Cookies - Top5Credits.com","robots":{"index":"noindex","follow":"follow"},"og_locale":"es_ES","og_type":"article","og_title":"Cookies - Top5Credits.com","og_description":"Las cookies Configuraci\u00f3n Top5Credits.com utiliza cookies, pero no registra ning\u00fan dato sobre ti o datos con los que se te pudiera relacionar. As\u00ed que, deSeguir leyendo Cookies","og_url":"https:\/\/www.top5credits.com\/es\/cookies\/","og_site_name":"Top5Credits.com Espa\u00f1a","article_publisher":"https:\/\/www.facebook.com\/Top5Creditscom-Espa%c3%b1a-109158667157057","article_modified_time":"2024-02-22T09:07:25+00:00","og_image":[{"width":1200,"height":630,"url":"https:\/\/cdn.top5credits.com\/es\/wp-content\/uploads\/sites\/8\/2023\/11\/top5credits-com-ogimage.png?cdn=1.1.1","type":"image\/png"}],"twitter_card":"summary_large_image","twitter_misc":{"Tiempo de lectura":"2 minutos"},"schema":{"@context":"https:\/\/schema.org","@graph":[{"@type":"WebPage","@id":"https:\/\/www.top5credits.com\/es\/cookies\/","url":"https:\/\/www.top5credits.com\/es\/cookies\/","name":"Cookies - Top5Credits.com","isPartOf":{"@id":"https:\/\/www.top5credits.com\/es\/#website"},"datePublished":"2022-04-28T08:24:45+00:00","dateModified":"2024-02-22T09:07:25+00:00","breadcrumb":{"@id":"https:\/\/www.top5credits.com\/es\/cookies\/#breadcrumb"},"inLanguage":"es","potentialAction":[{"@type":"ReadAction","target":["https:\/\/www.top5credits.com\/es\/cookies\/"]}]},{"@type":"BreadcrumbList","@id":"https:\/\/www.top5credits.com\/es\/cookies\/#breadcrumb","itemListElement":[{"@type":"ListItem","position":1,"name":"Top5Credits.com","item":"https:\/\/www.top5credits.com\/es\/"},{"@type":"ListItem","position":2,"name":"Cookies"}]},{"@type":"WebSite","@id":"https:\/\/www.top5credits.com\/es\/#website","url":"https:\/\/www.top5credits.com\/es\/","name":"Top5Credits.com Espa\u00f1a","description":"","publisher":{"@id":"https:\/\/www.top5credits.com\/es\/#organization"},"potentialAction":[{"@type":"SearchAction","target":{"@type":"EntryPoint","urlTemplate":"https:\/\/www.top5credits.com\/es\/?s={search_term_string}"},"query-input":{"@type":"PropertyValueSpecification","valueRequired":true,"valueName":"search_term_string"}}],"inLanguage":"es"},{"@type":"Organization","@id":"https:\/\/www.top5credits.com\/es\/#organization","name":"Top5Credits.com","url":"https:\/\/www.top5credits.com\/es\/","logo":{"@type":"ImageObject","inLanguage":"es","@id":"https:\/\/www.top5credits.com\/es\/#\/schema\/logo\/image\/","url":"https:\/\/cdn.top5credits.com\/es\/wp-content\/uploads\/sites\/8\/2023\/10\/t5c-favicon.png","contentUrl":"https:\/\/cdn.top5credits.com\/es\/wp-content\/uploads\/sites\/8\/2023\/10\/t5c-favicon.png","width":512,"height":512,"caption":"Top5Credits.com"},"image":{"@id":"https:\/\/www.top5credits.com\/es\/#\/schema\/logo\/image\/"},"sameAs":["https:\/\/www.facebook.com\/Top5Creditscom-Espa\u00f1a-109158667157057"]}]}},"_links":{"self":[{"href":"https:\/\/www.top5credits.com\/es\/wp-json\/wp\/v2\/pages\/8080","targetHints":{"allow":["GET"]}}],"collection":[{"href":"https:\/\/www.top5credits.com\/es\/wp-json\/wp\/v2\/pages"}],"about":[{"href":"https:\/\/www.top5credits.com\/es\/wp-json\/wp\/v2\/types\/page"}],"author":[{"embeddable":true,"href":"https:\/\/www.top5credits.com\/es\/wp-json\/wp\/v2\/users\/2"}],"replies":[{"embeddable":true,"href":"https:\/\/www.top5credits.com\/es\/wp-json\/wp\/v2\/comments?post=8080"}],"version-history":[{"count":0,"href":"https:\/\/www.top5credits.com\/es\/wp-json\/wp\/v2\/pages\/8080\/revisions"}],"wp:attachment":[{"href":"https:\/\/www.top5credits.com\/es\/wp-json\/wp\/v2\/media?parent=8080"}],"curies":[{"name":"wp","href":"https:\/\/api.w.org\/{rel}","templated":true}]}}