{"id":13230,"date":"2023-03-22T10:07:06","date_gmt":"2023-03-22T08:07:06","guid":{"rendered":"https:\/\/www.top5credits.com\/fi\/?page_id=13230"},"modified":"2023-03-22T10:24:21","modified_gmt":"2023-03-22T08:24:21","slug":"korkolaskuri","status":"publish","type":"page","link":"https:\/\/www.top5credits.com\/fi\/lainalaskuri\/korkolaskuri\/","title":{"rendered":"Korkolaskuri"},"content":{"rendered":"\n<div class=\"wp-block-group first-section\"><div class=\"wp-block-group__inner-container is-layout-constrained wp-block-group-is-layout-constrained\">\n<h1 class=\"has-text-align-center compare-title wp-block-heading\">Korkolaskuri &#8211; laske lainan kustannukset<\/h1>\n\n\n\n<p class=\"compare-title\">Korkolaskurin avulla selvit\u00e4t nopeasti lainan kokonaiskustannukset valitsemallasi takaisinmaksuajalla. Voit laskea, miten esimerkiksi koron nousu tai laina-ajan pident\u00e4minen vaikuttavat lainan hintaan ja kuukausier\u00e4n suuruuteen.<\/p>\n<\/div><\/div>\n\n\n\n\n\n\n<h2 class=\"wp-block-heading\" id=\"miten-korkolaskuri-toimii\">Miten korkolaskuri toimii?<\/h2>\n\n\n\n<p>Korkolaskurin tarkoituksena on auttaa laskemaan lainasta koituvia kustannuksia. Sy\u00f6tt\u00e4m\u00e4ll\u00e4 laskuriin tarvittavat tiedot, kuten lainam\u00e4\u00e4r\u00e4n, takaisinmaksuajan ja <a href=\"https:\/\/www.top5credits.com\/fi\/lainasanasto\/nimelliskorko\/\">nimelliskoron<\/a>, saat vastauksena lainan kokonaiskustannukset ja mist\u00e4 ne muodostuvat.<\/p>\n\n\n\n<p>Edell\u00e4 mainituilla tiedoilla voit selvitt\u00e4\u00e4, esimerkiksi lainan arvioidun kuukausier\u00e4n, paljonko laina tulee kokonaisuudessaan maksamaan ja mik\u00e4 on <a href=\"https:\/\/www.top5credits.com\/fi\/lainasanasto\/todellinen-vuosikorko\/\">todellinen vuosikorko<\/a>. Tiet\u00e4m\u00e4ll\u00e4 lainan kokonaiskustannukset, tied\u00e4t paljonko laina sinulle maksaa. T\u00e4m\u00e4n tiedon avulla voit helposti <a href=\"https:\/\/www.top5credits.com\/fi\/lainavertailu\/\">vertailla lainatarjouksia<\/a> ja valita niist\u00e4 edullisimman.<\/p>\n\n\n\n<p><strong>Esimerkki: <\/strong>Saat lainatarjouksen 20 000 euron lainasta 10 vuoden takaisinmaksuajalla. Lainan nimelliskoroksi on ilmoitettu 8 %, mutta tilinhoitokuluja perit\u00e4\u00e4n 4 euroa kuukaudessa ja lainatilin avaus maksaa 50 euroa, joka on kertaveloitus.<\/p>\n\n\n\n<p>Korkolaskurin avulla pystymme selvitt\u00e4m\u00e4\u00e4n, ett\u00e4 lainan kokonaiskustannukset ovat 29 671,42 euroa, joista korkojen osuus on 9 141,42 euroa ja lainanhoitokulut 530 euroa. Lainan todellinen vuosikorko on 8,76 % ja sinun tulee maksaa 247,26 euroa kuukaudessa.<\/p>\n\n\n\n<h3 class=\"wp-block-heading\">Korkolaskurin k\u00e4ytt\u00f6:<\/h3>\n\n\n\n<ol class=\"wp-block-list\">\n<li>Sy\u00f6t\u00e4 tarvittavat tiedot. N\u00e4it\u00e4 ovat yleens\u00e4 lainasumma, laina-aika ja nimelliskorko sek\u00e4 muut kulut.<\/li>\n\n\n\n<li>Tulokset. Korkolaskuri laskee automaattisesti antamiesi tietojen perusteella esimerkiksi, lainan kuukausier\u00e4n, lainan kokonaishinnan ja maksettavan koron m\u00e4\u00e4r\u00e4n. <\/li>\n<\/ol>\n\n\n\n<p><strong>Korkolaskuria voi k\u00e4ytt\u00e4\u00e4 my\u00f6s:<\/strong><\/p>\n\n\n\n<ol class=\"wp-block-list\">\n<li>Tarkista lainatarjouksen sopivuus. Korkolaskurin avulla voit suunnitella lainanottoa. Muuttamalla laina-aikaa ja\/tai korkoa n\u00e4et sen vaikutuksen kuukausier\u00e4\u00e4n ja kokonaiskustannuksiin.<\/li>\n\n\n\n<li>Koron vaikutus. Jos korko nousee, voit helposti selvitt\u00e4\u00e4 nousun vaikutuksen lainaasi. Saat vastauksena paljonko uusi kuukausier\u00e4 ja lainan kokonaiskustannukset ovat koron nousun my\u00f6t\u00e4.<\/li>\n\n\n\n<li>Vertaile todellista vuosikorkoa. Moni haluaa nimelliskoron sijaan vertailla lainojen todellista vuosikorkoa, jossa on huomioitu lainan muut peritt\u00e4v\u00e4t kulut. Todellinen vuosikorko on nimelliskorkoa parempi tapa mitata eri lainatarjousten todellisia kustannuksia.<\/li>\n\n\n\n<li>Lyhennyssuunnitelman laatiminen. Laskurin avulla voit laatia my\u00f6s omasta lainasta lyhennyssuunnitelman, josta k\u00e4y ilmi lyhennyksen m\u00e4\u00e4r\u00e4, koron m\u00e4\u00e4r\u00e4 ja paljonko velkaa j\u00e4\u00e4 aina j\u00e4ljelle.<\/li>\n<\/ol>\n\n\n\n<div class=\"wp-block-group dm-roundbox\"><div class=\"wp-block-group__inner-container is-layout-flow wp-block-group-is-layout-flow\">\n<h2 class=\"wp-block-heading\">Miten korko lasketaan?<\/h2>\n\n\n\n<p><a href=\"https:\/\/www.top5credits.com\/fi\/lainasanasto\/lainan-korko\/\">Korko on lainan hinta<\/a>, jonka lainanantaja veloittaa lainaajalta my\u00f6nt\u00e4m\u00e4st\u00e4\u00e4n lainasta. Korko lasketaan yleens\u00e4 prosentteina lainan m\u00e4\u00e4r\u00e4st\u00e4. Korko-osuus maksetaan yleens\u00e4 takaisin lainan takaisinmaksun yhteydess\u00e4.<\/p>\n\n\n\n<p>Esimerkiksi: olet saanut pankista 1 000 euron lainan, jonka korko on 5 % vuodessa. Jos maksat lainan kerralla takaisin vuoden kuluttua, sinun tulee maksaa takaisin 1 000 euroa + 5 % korko, joka tekee yhteens\u00e4 1050 euroa.<\/p>\n\n\n\n<p>Korko voidaan laskea my\u00f6s p\u00e4iv\u00e4tasolla. T\u00e4ll\u00f6in korko lasketaan p\u00e4ivitt\u00e4in k\u00e4ytt\u00e4en korkoprosenttia sek\u00e4 p\u00e4ivien m\u00e4\u00e4r\u00e4\u00e4. Esimerkiksi, jos olet ottanut 1 000 euron lainan ja korkoprosentti on 10 %, tekee se 0,0274 euroa p\u00e4iv\u00e4ss\u00e4 (eli 1000 * 0,1 \/ 365). Jos laina on ollut voimassa 30 p\u00e4iv\u00e4\u00e4, ovat korkokulut yhteens\u00e4 noin 0,82 euroa (eli 0,0274 * 30).<\/p>\n\n\n\n<p>Korko on kuitenkin harvoin ainut kustannus, joka liittyy lainan ottamiseen. Yleens\u00e4 pankit periv\u00e4t my\u00f6s muita kuluja, kuten avausmaksun tai tilinhoitomaksun, jotka on huomioitava lainan kokonaiskustannuksia laskettaessa. Todellinen vuosikorko sis\u00e4lt\u00e4\u00e4 lainan nimelliskoron ja muut peritt\u00e4v\u00e4t maksut.<\/p>\n<\/div><\/div>\n\n\n\n<h2 class=\"wp-block-heading\">Korkolaskurin edut<\/h2>\n\n\n\n<p><strong>Tarkka ja nopea<br><\/strong>Korkolaskurin avulla voi laskea koron vaikutuksen esimerkiksi lainaan tai s\u00e4\u00e4st\u00f6ihin. Laskuria on helppo k\u00e4ytt\u00e4\u00e4 ja laskelmat ovat tarkkoja.<\/p>\n\n\n\n<p><strong>Auttaa talouden suunnittelussa<br><\/strong>Korkolaskurin avulla voit suunnitella talouttasi paremmin. Esimerkiksi korkolaskurin avulla voit selvitt\u00e4\u00e4, kuinka paljon lainaa on maksettava takaisin kuukausittain ja kuinka kauan lainan takaisinmaksu kest\u00e4\u00e4. T\u00e4m\u00e4 auttaa budjetin suunnittelussa ja talouden hallinnassa.<\/p>\n\n\n\n<h2 class=\"wp-block-heading\">Erilaiset korkolaskurit<\/h2>\n\n\n\n<p>Korkolaskureita on erilaisia riippuen siit\u00e4, millaista korkoa lasketaan ja mihin tarkoitukseen laskuria k\u00e4ytet\u00e4\u00e4n.<\/p>\n\n\n\n<h3 class=\"wp-block-heading\">Viiv\u00e4styskorkolaskuri<\/h3>\n\n\n\n<p>Viiv\u00e4styskorko on lis\u00e4maksu, joka lis\u00e4t\u00e4\u00e4n laskuun, jota ei ole maksettu er\u00e4p\u00e4iv\u00e4\u00e4n menness\u00e4. Viiv\u00e4styskorkolaskurin avulla voit laskea, kuinka paljon joudut laskullesi maksamaan viiv\u00e4styskorkoa, ja mik\u00e4 on uusi laskun loppusumma.<\/p>\n\n\n\n<h3 class=\"wp-block-heading\">Lainalaskuri<\/h3>\n\n\n\n<p><a href=\"https:\/\/www.top5credits.com\/fi\/lainalaskuri\/\">Lainalaskuria<\/a> voi k\u00e4ytt\u00e4\u00e4 korkolaskurin tapaan, selvitt\u00e4m\u00e4\u00e4n lainan todellisen vuosikoron tai paljonko lainan kokonaiskustannukset tai kuukausier\u00e4 ovat. Lainalaskurin avulla voit helposti vertailla lainatarjouksia ja l\u00f6yt\u00e4\u00e4 halvimman lainan.<\/p>\n\n\n\n<h3 class=\"wp-block-heading\">Tasalyhennyslainalaskuri<\/h3>\n\n\n\n<p>Tasalyhennyksell\u00e4 tarkoitetaan, ett\u00e4 lainan lyhennyksen osuus pysyy koko ajan samankokoisena, mutta koron osuus vaihtelee. Aluksi koron osuus on suurempi, mutta pienenee ajan my\u00f6t\u00e4, jolloin my\u00f6s kuukausier\u00e4n m\u00e4\u00e4r\u00e4 pienenee. Tasalyhennyslainalaskurin avulla selvit\u00e4t, miten paljon lainaa on maksettava takaisin kuukausittain ja mik\u00e4 on koron osuus maksusta.<\/p>\n\n\n\n<h3 class=\"wp-block-heading\">Annuiteettilainalaskuri<\/h3>\n\n\n\n<p>Annuiteettilainassa jokainen takaisinmaksuer\u00e4 on suuruudeltaan samankokoinen koko laina-ajan, mutta koron osuus pienenee ajan my\u00f6t\u00e4, jolloin vastaavasti lainan lyhennyksen osuus kasvaa.<br>Annuiteettilainalaskurin avulla voit laskea, miten kuukausittaiset lyhennyser\u00e4t muodostuvat. Ensin lyhennyksen osuus on pienempi, mutta kasvaa v\u00e4hitellen, korko osuuden pienentyess\u00e4.<\/p>\n\n\n\n<h2 class=\"wp-block-heading\">Miksi korko nousee ja milloin korot laskevat?<\/h2>\n\n\n\n<p>Korko m\u00e4\u00e4r\u00e4ytyy lainamarkkinoiden tarjonnan ja kysynn\u00e4n perusteella. Jos lainan kysynt\u00e4 ylitt\u00e4\u00e4 tarjonnan, korko nousee ja jos tarjonta ylitt\u00e4\u00e4 kysynn\u00e4n, korko laskee. Korkojen nousuun ja laskuun vaikuttavat my\u00f6s monet muut tekij\u00e4t, joiden mukaan keskuspankit s\u00e4\u00e4telev\u00e4t ohjauskorkoa.<\/p>\n\n\n\n<p>Lainan korko riippuu siit\u00e4, mill\u00e4 korolla laina on my\u00f6nnetty. Jos korot nousevat, vaikuttaa se my\u00f6s jo otettuihin lainoihin, ellei kyse ole kiinte\u00e4st\u00e4 korosta. T\u00e4m\u00e4 tarkoittaa, ett\u00e4 lainan korko voi nousta ja lainan kuukausier\u00e4 kasvaa. Jos korot sen sijaan laskevat, lainan korko voi my\u00f6s laskea, jolloin lainan kuukausier\u00e4 pienenee.<\/p>\n\n\n\n<p>Korkojen nousu tai lasku vaikuttaa my\u00f6s lainanoton houkuttelevuuteen. Jos korot nousevat, lainanottajat voivat olla haluttomia ottamaan lainaa, koska laina tulee kalliimmaksi. Jos korot laskevat, lainanotto voi olla houkuttelevampaa, koska lainan takaisinmaksu on halvempaa.<\/p>\n\n\n\n<h2 class=\"wp-block-heading\">Usein kysytyt kysymykset<\/h2>\n\n\n\n<div class=\"schema-faq wp-block-yoast-faq-block\"><div class=\"schema-faq-section\" id=\"faq-question-1679471066656\"><strong class=\"schema-faq-question\">Mit\u00e4 tietoja tarvitsen k\u00e4ytt\u00e4\u00e4kseni korkolaskuria?<\/strong> <p class=\"schema-faq-answer\"><a href=\"#miten-korkolaskuri-toimii\">Korkolaskurin k\u00e4ytt\u00f6\u00f6n<\/a> tarvitset yleens\u00e4 seuraavat tiedot:<br \/>Lainan m\u00e4\u00e4r\u00e4<br \/>\u2022 Lainan nimelliskorko<br \/>\u2022 Lainan takaisinmaksuaika<br \/>\u2022 Lainan takaisinmaksusuunnitelma (esimerkiksi tasalyhennys tai annuiteetti)<\/p> <\/div> <div class=\"schema-faq-section\" id=\"faq-question-1679471133149\"><strong class=\"schema-faq-question\">Miten korkolaskuri auttaa minua taloudenhallinnassa?<\/strong> <p class=\"schema-faq-answer\">Korkolaskuri auttaa sinua laskemaan koron tarkasti, jolloin voit suunnitella talouttasi paremmin ja hallita velkojasi oikealla tavalla. Korkolaskurin avulla voit laskea kuukausier\u00e4n suuruuden, takaisinmaksuajan ja kokonaiskustannukset.<\/p> <\/div> <\/div>\n","protected":false},"excerpt":{"rendered":"<p>Korkolaskuri &#8211; laske lainan kustannukset Korkolaskurin avulla selvit\u00e4t nopeasti lainan kokonaiskustannukset valitsemallasi takaisinmaksuajalla. Voit laskea, miten esimerkiksi koron nousu tai laina-ajan pident\u00e4minen vaikuttavat lainan hintaan<\/p>\n<p class=\"more-link\">Jatka lukemista <span class=\"screen-reader-text\">Korkolaskuri<\/span><\/p>\n","protected":false},"author":21,"featured_media":0,"parent":1994,"menu_order":0,"comment_status":"closed","ping_status":"closed","template":"","meta":{"footnotes":""},"class_list":["post-13230","page","type-page","status-publish","hentry","entry"],"yoast_head":"<!-- This site is optimized with the Yoast SEO plugin v27.3 - https:\/\/yoast.com\/product\/yoast-seo-wordpress\/ -->\n<title>Korkolaskuri - laske koron vaikutus lainaan - Top5Credits.com<\/title>\n<meta name=\"description\" content=\"Korkolaskurin avulla selvit\u00e4t koron vaikutuksen lainan kokonaiskustannuksiin ja kuukausier\u00e4\u00e4n valitsemallasi takaisinmaksuajalla.\" \/>\n<meta name=\"robots\" content=\"index, follow, max-snippet:-1, max-image-preview:large, max-video-preview:-1\" \/>\n<link rel=\"canonical\" href=\"https:\/\/www.top5credits.com\/fi\/lainalaskuri\/korkolaskuri\/\" \/>\n<meta property=\"og:locale\" content=\"fi_FI\" \/>\n<meta property=\"og:type\" content=\"article\" \/>\n<meta property=\"og:title\" content=\"Korkolaskuri - laske koron vaikutus lainaan - Top5Credits.com\" \/>\n<meta property=\"og:description\" content=\"Korkolaskurin avulla selvit\u00e4t koron vaikutuksen lainan kokonaiskustannuksiin ja kuukausier\u00e4\u00e4n valitsemallasi takaisinmaksuajalla.\" \/>\n<meta property=\"og:url\" content=\"https:\/\/www.top5credits.com\/fi\/lainalaskuri\/korkolaskuri\/\" \/>\n<meta property=\"og:site_name\" content=\"Top5Credits.com Suomi\" \/>\n<meta property=\"article:publisher\" content=\"https:\/\/www.facebook.com\/Top5Creditscom-Suomi-878136912537066\" \/>\n<meta property=\"article:modified_time\" content=\"2023-03-22T08:24:21+00:00\" \/>\n<meta property=\"og:image\" content=\"https:\/\/cdn.top5credits.com\/fi\/wp-content\/uploads\/sites\/2\/2023\/11\/top5credits-com-ogimage.png?cdn=1.1.2\" \/>\n\t<meta property=\"og:image:width\" content=\"1200\" \/>\n\t<meta property=\"og:image:height\" content=\"630\" \/>\n\t<meta property=\"og:image:type\" content=\"image\/png\" \/>\n<meta name=\"twitter:card\" content=\"summary_large_image\" \/>\n<meta name=\"twitter:label1\" content=\"Arvioitu lukuaika\" \/>\n\t<meta name=\"twitter:data1\" content=\"6 minuuttia\" \/>\n<script type=\"application\/ld+json\" class=\"yoast-schema-graph\">{\"@context\":\"https:\\\/\\\/schema.org\",\"@graph\":[{\"@type\":[\"WebPage\",\"FAQPage\"],\"@id\":\"https:\\\/\\\/www.top5credits.com\\\/fi\\\/lainalaskuri\\\/korkolaskuri\\\/\",\"url\":\"https:\\\/\\\/www.top5credits.com\\\/fi\\\/lainalaskuri\\\/korkolaskuri\\\/\",\"name\":\"Korkolaskuri - laske koron vaikutus lainaan - Top5Credits.com\",\"isPartOf\":{\"@id\":\"https:\\\/\\\/www.top5credits.com\\\/fi\\\/#website\"},\"datePublished\":\"2023-03-22T08:07:06+00:00\",\"dateModified\":\"2023-03-22T08:24:21+00:00\",\"description\":\"Korkolaskurin avulla selvit\u00e4t koron vaikutuksen lainan kokonaiskustannuksiin ja kuukausier\u00e4\u00e4n valitsemallasi takaisinmaksuajalla.\",\"breadcrumb\":{\"@id\":\"https:\\\/\\\/www.top5credits.com\\\/fi\\\/lainalaskuri\\\/korkolaskuri\\\/#breadcrumb\"},\"mainEntity\":[{\"@id\":\"https:\\\/\\\/www.top5credits.com\\\/fi\\\/lainalaskuri\\\/korkolaskuri\\\/#faq-question-1679471066656\"},{\"@id\":\"https:\\\/\\\/www.top5credits.com\\\/fi\\\/lainalaskuri\\\/korkolaskuri\\\/#faq-question-1679471133149\"}],\"inLanguage\":\"fi\",\"potentialAction\":[{\"@type\":\"ReadAction\",\"target\":[\"https:\\\/\\\/www.top5credits.com\\\/fi\\\/lainalaskuri\\\/korkolaskuri\\\/\"]}]},{\"@type\":\"BreadcrumbList\",\"@id\":\"https:\\\/\\\/www.top5credits.com\\\/fi\\\/lainalaskuri\\\/korkolaskuri\\\/#breadcrumb\",\"itemListElement\":[{\"@type\":\"ListItem\",\"position\":1,\"name\":\"Top5Credits.com\",\"item\":\"https:\\\/\\\/www.top5credits.com\\\/fi\\\/\"},{\"@type\":\"ListItem\",\"position\":2,\"name\":\"Lainalaskuri\",\"item\":\"https:\\\/\\\/www.top5credits.com\\\/fi\\\/lainalaskuri\\\/\"},{\"@type\":\"ListItem\",\"position\":3,\"name\":\"Korkolaskuri\"}]},{\"@type\":\"WebSite\",\"@id\":\"https:\\\/\\\/www.top5credits.com\\\/fi\\\/#website\",\"url\":\"https:\\\/\\\/www.top5credits.com\\\/fi\\\/\",\"name\":\"Top5Credits.com Suomi\",\"description\":\"Laittaa lainat j\u00e4rjestykseen\",\"publisher\":{\"@id\":\"https:\\\/\\\/www.top5credits.com\\\/fi\\\/#organization\"},\"potentialAction\":[{\"@type\":\"SearchAction\",\"target\":{\"@type\":\"EntryPoint\",\"urlTemplate\":\"https:\\\/\\\/www.top5credits.com\\\/fi\\\/?s={search_term_string}\"},\"query-input\":{\"@type\":\"PropertyValueSpecification\",\"valueRequired\":true,\"valueName\":\"search_term_string\"}}],\"inLanguage\":\"fi\"},{\"@type\":\"Organization\",\"@id\":\"https:\\\/\\\/www.top5credits.com\\\/fi\\\/#organization\",\"name\":\"Top5Credits.com\",\"url\":\"https:\\\/\\\/www.top5credits.com\\\/fi\\\/\",\"logo\":{\"@type\":\"ImageObject\",\"inLanguage\":\"fi\",\"@id\":\"https:\\\/\\\/www.top5credits.com\\\/fi\\\/#\\\/schema\\\/logo\\\/image\\\/\",\"url\":\"https:\\\/\\\/cdn.top5credits.com\\\/fi\\\/wp-content\\\/uploads\\\/sites\\\/2\\\/2023\\\/10\\\/t5c-favicon.png\",\"contentUrl\":\"https:\\\/\\\/cdn.top5credits.com\\\/fi\\\/wp-content\\\/uploads\\\/sites\\\/2\\\/2023\\\/10\\\/t5c-favicon.png\",\"width\":512,\"height\":512,\"caption\":\"Top5Credits.com\"},\"image\":{\"@id\":\"https:\\\/\\\/www.top5credits.com\\\/fi\\\/#\\\/schema\\\/logo\\\/image\\\/\"},\"sameAs\":[\"https:\\\/\\\/www.facebook.com\\\/Top5Creditscom-Suomi-878136912537066\"]},{\"@type\":\"Question\",\"@id\":\"https:\\\/\\\/www.top5credits.com\\\/fi\\\/lainalaskuri\\\/korkolaskuri\\\/#faq-question-1679471066656\",\"position\":1,\"url\":\"https:\\\/\\\/www.top5credits.com\\\/fi\\\/lainalaskuri\\\/korkolaskuri\\\/#faq-question-1679471066656\",\"name\":\"Mit\u00e4 tietoja tarvitsen k\u00e4ytt\u00e4\u00e4kseni korkolaskuria?\",\"answerCount\":1,\"acceptedAnswer\":{\"@type\":\"Answer\",\"text\":\"<a href=\\\"#miten-korkolaskuri-toimii\\\">Korkolaskurin k\u00e4ytt\u00f6\u00f6n<\\\/a> tarvitset yleens\u00e4 seuraavat tiedot:<br \\\/>Lainan m\u00e4\u00e4r\u00e4<br \\\/>\u2022 Lainan nimelliskorko<br \\\/>\u2022 Lainan takaisinmaksuaika<br \\\/>\u2022 Lainan takaisinmaksusuunnitelma (esimerkiksi tasalyhennys tai annuiteetti)\",\"inLanguage\":\"fi\"},\"inLanguage\":\"fi\"},{\"@type\":\"Question\",\"@id\":\"https:\\\/\\\/www.top5credits.com\\\/fi\\\/lainalaskuri\\\/korkolaskuri\\\/#faq-question-1679471133149\",\"position\":2,\"url\":\"https:\\\/\\\/www.top5credits.com\\\/fi\\\/lainalaskuri\\\/korkolaskuri\\\/#faq-question-1679471133149\",\"name\":\"Miten korkolaskuri auttaa minua taloudenhallinnassa?\",\"answerCount\":1,\"acceptedAnswer\":{\"@type\":\"Answer\",\"text\":\"Korkolaskuri auttaa sinua laskemaan koron tarkasti, jolloin voit suunnitella talouttasi paremmin ja hallita velkojasi oikealla tavalla. Korkolaskurin avulla voit laskea kuukausier\u00e4n suuruuden, takaisinmaksuajan ja kokonaiskustannukset.\",\"inLanguage\":\"fi\"},\"inLanguage\":\"fi\"}]}<\/script>\n<!-- \/ Yoast SEO plugin. -->","yoast_head_json":{"title":"Korkolaskuri - laske koron vaikutus lainaan - Top5Credits.com","description":"Korkolaskurin avulla selvit\u00e4t koron vaikutuksen lainan kokonaiskustannuksiin ja kuukausier\u00e4\u00e4n valitsemallasi takaisinmaksuajalla.","robots":{"index":"index","follow":"follow","max-snippet":"max-snippet:-1","max-image-preview":"max-image-preview:large","max-video-preview":"max-video-preview:-1"},"canonical":"https:\/\/www.top5credits.com\/fi\/lainalaskuri\/korkolaskuri\/","og_locale":"fi_FI","og_type":"article","og_title":"Korkolaskuri - laske koron vaikutus lainaan - Top5Credits.com","og_description":"Korkolaskurin avulla selvit\u00e4t koron vaikutuksen lainan kokonaiskustannuksiin ja kuukausier\u00e4\u00e4n valitsemallasi takaisinmaksuajalla.","og_url":"https:\/\/www.top5credits.com\/fi\/lainalaskuri\/korkolaskuri\/","og_site_name":"Top5Credits.com Suomi","article_publisher":"https:\/\/www.facebook.com\/Top5Creditscom-Suomi-878136912537066","article_modified_time":"2023-03-22T08:24:21+00:00","og_image":[{"width":1200,"height":630,"url":"https:\/\/cdn.top5credits.com\/fi\/wp-content\/uploads\/sites\/2\/2023\/11\/top5credits-com-ogimage.png?cdn=1.1.2","type":"image\/png"}],"twitter_card":"summary_large_image","twitter_misc":{"Arvioitu lukuaika":"6 minuuttia"},"schema":{"@context":"https:\/\/schema.org","@graph":[{"@type":["WebPage","FAQPage"],"@id":"https:\/\/www.top5credits.com\/fi\/lainalaskuri\/korkolaskuri\/","url":"https:\/\/www.top5credits.com\/fi\/lainalaskuri\/korkolaskuri\/","name":"Korkolaskuri - laske koron vaikutus lainaan - Top5Credits.com","isPartOf":{"@id":"https:\/\/www.top5credits.com\/fi\/#website"},"datePublished":"2023-03-22T08:07:06+00:00","dateModified":"2023-03-22T08:24:21+00:00","description":"Korkolaskurin avulla selvit\u00e4t koron vaikutuksen lainan kokonaiskustannuksiin ja kuukausier\u00e4\u00e4n valitsemallasi takaisinmaksuajalla.","breadcrumb":{"@id":"https:\/\/www.top5credits.com\/fi\/lainalaskuri\/korkolaskuri\/#breadcrumb"},"mainEntity":[{"@id":"https:\/\/www.top5credits.com\/fi\/lainalaskuri\/korkolaskuri\/#faq-question-1679471066656"},{"@id":"https:\/\/www.top5credits.com\/fi\/lainalaskuri\/korkolaskuri\/#faq-question-1679471133149"}],"inLanguage":"fi","potentialAction":[{"@type":"ReadAction","target":["https:\/\/www.top5credits.com\/fi\/lainalaskuri\/korkolaskuri\/"]}]},{"@type":"BreadcrumbList","@id":"https:\/\/www.top5credits.com\/fi\/lainalaskuri\/korkolaskuri\/#breadcrumb","itemListElement":[{"@type":"ListItem","position":1,"name":"Top5Credits.com","item":"https:\/\/www.top5credits.com\/fi\/"},{"@type":"ListItem","position":2,"name":"Lainalaskuri","item":"https:\/\/www.top5credits.com\/fi\/lainalaskuri\/"},{"@type":"ListItem","position":3,"name":"Korkolaskuri"}]},{"@type":"WebSite","@id":"https:\/\/www.top5credits.com\/fi\/#website","url":"https:\/\/www.top5credits.com\/fi\/","name":"Top5Credits.com Suomi","description":"Laittaa lainat j\u00e4rjestykseen","publisher":{"@id":"https:\/\/www.top5credits.com\/fi\/#organization"},"potentialAction":[{"@type":"SearchAction","target":{"@type":"EntryPoint","urlTemplate":"https:\/\/www.top5credits.com\/fi\/?s={search_term_string}"},"query-input":{"@type":"PropertyValueSpecification","valueRequired":true,"valueName":"search_term_string"}}],"inLanguage":"fi"},{"@type":"Organization","@id":"https:\/\/www.top5credits.com\/fi\/#organization","name":"Top5Credits.com","url":"https:\/\/www.top5credits.com\/fi\/","logo":{"@type":"ImageObject","inLanguage":"fi","@id":"https:\/\/www.top5credits.com\/fi\/#\/schema\/logo\/image\/","url":"https:\/\/cdn.top5credits.com\/fi\/wp-content\/uploads\/sites\/2\/2023\/10\/t5c-favicon.png","contentUrl":"https:\/\/cdn.top5credits.com\/fi\/wp-content\/uploads\/sites\/2\/2023\/10\/t5c-favicon.png","width":512,"height":512,"caption":"Top5Credits.com"},"image":{"@id":"https:\/\/www.top5credits.com\/fi\/#\/schema\/logo\/image\/"},"sameAs":["https:\/\/www.facebook.com\/Top5Creditscom-Suomi-878136912537066"]},{"@type":"Question","@id":"https:\/\/www.top5credits.com\/fi\/lainalaskuri\/korkolaskuri\/#faq-question-1679471066656","position":1,"url":"https:\/\/www.top5credits.com\/fi\/lainalaskuri\/korkolaskuri\/#faq-question-1679471066656","name":"Mit\u00e4 tietoja tarvitsen k\u00e4ytt\u00e4\u00e4kseni korkolaskuria?","answerCount":1,"acceptedAnswer":{"@type":"Answer","text":"<a href=\"#miten-korkolaskuri-toimii\">Korkolaskurin k\u00e4ytt\u00f6\u00f6n<\/a> tarvitset yleens\u00e4 seuraavat tiedot:<br \/>Lainan m\u00e4\u00e4r\u00e4<br \/>\u2022 Lainan nimelliskorko<br \/>\u2022 Lainan takaisinmaksuaika<br \/>\u2022 Lainan takaisinmaksusuunnitelma (esimerkiksi tasalyhennys tai annuiteetti)","inLanguage":"fi"},"inLanguage":"fi"},{"@type":"Question","@id":"https:\/\/www.top5credits.com\/fi\/lainalaskuri\/korkolaskuri\/#faq-question-1679471133149","position":2,"url":"https:\/\/www.top5credits.com\/fi\/lainalaskuri\/korkolaskuri\/#faq-question-1679471133149","name":"Miten korkolaskuri auttaa minua taloudenhallinnassa?","answerCount":1,"acceptedAnswer":{"@type":"Answer","text":"Korkolaskuri auttaa sinua laskemaan koron tarkasti, jolloin voit suunnitella talouttasi paremmin ja hallita velkojasi oikealla tavalla. Korkolaskurin avulla voit laskea kuukausier\u00e4n suuruuden, takaisinmaksuajan ja kokonaiskustannukset.","inLanguage":"fi"},"inLanguage":"fi"}]}},"_links":{"self":[{"href":"https:\/\/www.top5credits.com\/fi\/wp-json\/wp\/v2\/pages\/13230","targetHints":{"allow":["GET"]}}],"collection":[{"href":"https:\/\/www.top5credits.com\/fi\/wp-json\/wp\/v2\/pages"}],"about":[{"href":"https:\/\/www.top5credits.com\/fi\/wp-json\/wp\/v2\/types\/page"}],"author":[{"embeddable":true,"href":"https:\/\/www.top5credits.com\/fi\/wp-json\/wp\/v2\/users\/21"}],"replies":[{"embeddable":true,"href":"https:\/\/www.top5credits.com\/fi\/wp-json\/wp\/v2\/comments?post=13230"}],"version-history":[{"count":0,"href":"https:\/\/www.top5credits.com\/fi\/wp-json\/wp\/v2\/pages\/13230\/revisions"}],"up":[{"embeddable":true,"href":"https:\/\/www.top5credits.com\/fi\/wp-json\/wp\/v2\/pages\/1994"}],"wp:attachment":[{"href":"https:\/\/www.top5credits.com\/fi\/wp-json\/wp\/v2\/media?parent=13230"}],"curies":[{"name":"wp","href":"https:\/\/api.w.org\/{rel}","templated":true}]}}