{"id":13237,"date":"2023-03-23T15:21:41","date_gmt":"2023-03-23T13:21:41","guid":{"rendered":"https:\/\/www.top5credits.com\/fi\/?page_id=13237"},"modified":"2023-03-23T15:21:42","modified_gmt":"2023-03-23T13:21:42","slug":"annuiteettilainalaskuri","status":"publish","type":"page","link":"https:\/\/www.top5credits.com\/fi\/lainalaskuri\/annuiteettilainalaskuri\/","title":{"rendered":"Annuiteettilainalaskuri"},"content":{"rendered":"\n<div class=\"wp-block-group first-section\"><div class=\"wp-block-group__inner-container is-layout-constrained wp-block-group-is-layout-constrained\">\n<h1 class=\"has-text-align-center compare-title wp-block-heading\">Annuiteettilainalaskuri &#8211; laske lainan kustannukset<\/h1>\n\n\n\n<p class=\"compare-title\">Annuiteettilainalaskurin avulla n\u00e4et, miten lyhennyksen ja koron osuus muodostuu jokaiselle kuukaudelle. Vaikka kuukausier\u00e4 pysyisi muuttumattomana er\u00e4st\u00e4 toiseen, muuttuu lyhennyksen ja koron osuus maksujen my\u00f6t\u00e4. My\u00f6s koron osuus voi muuttua, jos korkotaso nousee tai laskee.<\/p>\n<\/div><\/div>\n\n\n\n\n\n\n<p><a href=\"https:\/\/www.top5credits.com\/fi\/lainasanasto\/annuiteettilaina\/\">Annuiteettilaina<\/a> on yksi suosituimmista lainatuotteista, joita eri pankit ja rahoituslaitokset tarjoavat. Etenkin asuntolainat ovat tyypillisesti Suomessa annuiteettilainoja. Lainan suosiota selitt\u00e4v\u00e4t aikaisemmin miinuksella olleet <a href=\"https:\/\/www.top5credits.com\/fi\/lainasanasto\/viitekorko\/\">viitekorot<\/a> ja lainan ennakoitavuus.<\/p>\n\n\n\n<p>Annuiteettilainassa takaisinmaksuer\u00e4t pysyv\u00e4t samoina kuukaudesta toiseen, jos korkomuutoksia ei ilmene. Muuttuvassa annuiteettilainassa koron nousu esimerkiksi nostaa kuukausittaista maksuer\u00e4\u00e4 ja vastaavasti laskee korkojen laskiessa. Korkomuutokset eiv\u00e4t kuitenkaan vaikuta laina-aikaan.<\/p>\n\n\n\n<p>Annuiteettilaskuri auttaa ymm\u00e4rt\u00e4m\u00e4\u00e4n, miten kuukausittainen maksuer\u00e4 todella lyhent\u00e4\u00e4 lainaa. Aluksi koron osuus lyhennyksest\u00e4 on suhteellisen suuri, mutta pienenee, mit\u00e4 enemm\u00e4n lainaa lyhennet\u00e4\u00e4n. Vastaavasti p\u00e4\u00e4oman osuus kuukausier\u00e4st\u00e4 on aluksi pieni, mutta kasvaa loppua kohden.<\/p>\n\n\n\n<div class=\"wp-block-group dm-roundbox\"><div class=\"wp-block-group__inner-container is-layout-flow wp-block-group-is-layout-flow\">\n<h2 class=\"wp-block-heading\" id=\"mika-on-annuiteettilaina\">Mik\u00e4 on annuiteettilaina?<\/h2>\n\n\n\n<p>Annuiteettilainan kuukausittainen maksu koostuu kahdesta osasta: <a href=\"https:\/\/www.top5credits.com\/fi\/lainasanasto\/lainan-korko\/\">lainan korosta<\/a> sek\u00e4 p\u00e4\u00e4oman lyhennyksest\u00e4, jotka l\u00e4ht\u00f6tilanteessa ovat yht\u00e4 suuria. Kuukausittainen maksu voi kuitenkin muuttua, jos korko muuttuu. Koron laskiessa kuukausier\u00e4 pienenenee ja koron noustessa kasvaa. Jos korkotaso ei muutu, pysyy lainanlyhennys samana. Annuiteettilainassa p\u00e4\u00e4oman lyhennys on aluksia pieni, mutta kasvaa lainan lyhentyess\u00e4 ja korko-osuuden pienentyess\u00e4.<\/p>\n\n\n\n<p>Vaikka koron muutokset vaikuttavat lyhennyser\u00e4n suuruuteen, ei se muuta laina-aikaa mill\u00e4\u00e4n tavalla. T\u00e4m\u00e4 onkin yksi annuiteettilainan eduista, sill\u00e4 lainanottaja tiet\u00e4\u00e4 tarkasti, milloin laina on maksettu. Lainanottajan on kuitenkin syyt\u00e4 varautua lainaer\u00e4n muutoksiin. Korkojen nousu voi tuoda tuntuvan lis\u00e4n annuiteettilainan kuukausier\u00e4\u00e4n.<\/p>\n<\/div><\/div>\n\n\n\n<h2 class=\"wp-block-heading\" id=\"Annuiteettilainalaskurin-hyodyt\">Annuiteettilainalaskurin hy\u00f6dyt<\/h2>\n\n\n\n<p><a href=\"https:\/\/www.top5credits.com\/fi\/\">Top5Creditsin<\/a> ilmaisen annuiteettilainalaskurin avulla pystyt laskemaan lainan todelliset kustannukset. Useimmissa lainoissa on ilmoitettu vain <a href=\"https:\/\/www.top5credits.com\/fi\/lainasanasto\/nimelliskorko\/\">nimelliskorko<\/a>, joka ei ota huomioon lainan muita kustannuksia, kuten avausmaksua tai tilihoitolukuja. Annuiteettilainalaskurimme avulla voit laskea esimerkiksi lainan <a href=\"https:\/\/www.top5credits.com\/fi\/lainasanasto\/todellinen-vuosikorko\/\">todellisen vuosikoron<\/a>, joka antaa realistisen kuvan lainan hinnasta. Todellinen vuosikorko on hyv\u00e4 l\u00e4ht\u00f6kohta lainojen vertailuun.<\/p>\n\n\n\n<h2 class=\"wp-block-heading\">Annuiteettilainojen edut ja haitat<\/h2>\n\n\n\n<p>Annuiteettilainalla on useita etuja verrattuna muihin lainatyyppeihin, mutta my\u00f6s haitat on hyv\u00e4 tiedostaa ennen lainan ottamista.<\/p>\n\n\n\n<p><strong>Edut:<\/strong><\/p>\n\n\n\n<ul class=\"wp-block-list\">\n<li>Laina-aika tiedossa. Annuiteettilainan suurin etu on se, ett\u00e4 tied\u00e4t tasan tarkkaan, milloin laina on maksettu takaisin. Etenkin isoissa lainoissa, kuten asuntolainoissa, tieto auttaa suunnittelemaan taloutta ja tulevaisuutta.<\/li>\n\n\n\n<li>Matala viitekorko: Ennen viimeaikaista kehityst\u00e4 annuiteettilainojen korot olivat miinuksella, mik\u00e4 on tarkoittanut, ett\u00e4 lainan korko on muodostunut l\u00e4hes yksinomaan <a href=\"https:\/\/www.top5credits.com\/fi\/lainasanasto\/marginaali\/\">pankin marginaalista<\/a>.<\/li>\n<\/ul>\n\n\n\n<p><strong>Haittapuolet:<\/strong><\/p>\n\n\n\n<ul class=\"wp-block-list\">\n<li>Korkojen nousu. Annuiteettilainojen korko voi nousta, kuten nyt inflaation my\u00f6t\u00e4 on k\u00e4ynyt, ja sill\u00e4 on vaikutusta maksuer\u00e4n m\u00e4\u00e4r\u00e4\u00e4n. Lyhennyksen m\u00e4\u00e4r\u00e4 voi nousta tuntuvasti, mihin lainanottajan on syyt\u00e4 varautua. Vastaavasti korkojen laskiessa my\u00f6s lyhennyser\u00e4 v\u00e4henee.<\/li>\n<\/ul>\n\n\n\n<p>Yhteenvetona voidaan sanoa, ett\u00e4 annuiteettilaina on hyv\u00e4 vaihtoehto, jos haluaa tiet\u00e4\u00e4 tarkan laina-ajan etuk\u00e4teen ja talous kest\u00e4\u00e4 mahdollisen korkojen nousun, mik\u00e4 tarkoittaa suurempaa lyhennyser\u00e4\u00e4.<\/p>\n\n\n\n<h2 class=\"wp-block-heading\">Muuttuva annuiteetti ja kiinte\u00e4 tasaer\u00e4<\/h2>\n\n\n\n<p>Annuiteettilaina sekoitetaan usein <a href=\"https:\/\/www.top5credits.com\/fi\/lainasanasto\/kiintea-tasaeralaina\/\">kiinte\u00e4\u00e4n tasaer\u00e4lainaan<\/a>, mutta kuten edell\u00e4 on k\u00e4ynyt selv\u00e4ksi, annuiteettilainan lyhennysm\u00e4\u00e4r\u00e4 voi muuttua, jos korko muuttuu. Kiinte\u00e4ss\u00e4 tasaer\u00e4lainassa maksuer\u00e4n suuruus on kuukaudesta toiseen sama ja mahdolliset koron muutokset n\u00e4kyv\u00e4t laina-ajan pidentymisen\u00e4. Eli siin\u00e4 miss\u00e4 vaihtuvassa annuiteettilainassa takaisinmaksuaika on tarkkaan tiedossa, ei kiinte\u00e4ss\u00e4 tasaer\u00e4ss\u00e4 voida sanoa tarkkaa laina-aikaa, koska siihen vaikuttavat korkojen nousut ja laskut.<\/p>\n\n\n\n<h2 class=\"wp-block-heading\">Annuiteettilainan ylim\u00e4\u00e4r\u00e4inen lyhennys &#8211; miten k\u00e4y loppulainan?<\/h2>\n\n\n\n<p>Annuiteettilainan ylim\u00e4\u00e4r\u00e4inen lyhennys tarkoittaa, ett\u00e4 lainanottaja maksaa takaisin enemm\u00e4n kuin kuukausittaisen minimilyhennyksen m\u00e4\u00e4r\u00e4n. T\u00e4m\u00e4 ylim\u00e4\u00e4r\u00e4inen maksu v\u00e4hent\u00e4\u00e4 lainan p\u00e4\u00e4omaa ja pienent\u00e4\u00e4 kokonaiskustannuksia.<\/p>\n\n\n\n<p>Annuiteettilainan ylim\u00e4\u00e4r\u00e4isen lyhennyksen vaikutukset voivat olla merkitt\u00e4vi\u00e4. Jos lainanottaja lyhent\u00e4\u00e4 lainaa ylim\u00e4\u00e4r\u00e4isell\u00e4 summalla, lainan takaisinmaksuaika lyhenee ja korkokustannukset pienenev\u00e4t. Esimerkiksi, jos asuntolainan takaisinmaksuaikaa lyhennet\u00e4\u00e4n 20 vuodesta 15 vuoteen ylim\u00e4\u00e4r\u00e4isell\u00e4 maksulla, lainanottaja s\u00e4\u00e4st\u00e4\u00e4 huomattavan m\u00e4\u00e4r\u00e4n korkokustannuksia ja maksaa takaisin lainan nopeammin.<\/p>\n\n\n\n<p>On kuitenkin t\u00e4rke\u00e4\u00e4 muistaa, ett\u00e4 annuiteettilainassa ylim\u00e4\u00e4r\u00e4inen lyhennys voi johtaa maksu- tai korkosakkoihin, jos sopimusehtoja ei noudateta. Lainanantajan kanssa on hyv\u00e4 neuvotella ennen ylim\u00e4\u00e4r\u00e4isen maksun tekemist\u00e4, jotta voidaan varmistaa, ett\u00e4 ylim\u00e4\u00e4r\u00e4inenmaksu on mahdollinen ja ett\u00e4 se hy\u00f6dytt\u00e4\u00e4 lainanottajaa kokonaiskustannusten kannalta.<\/p>\n\n\n\n<h2 class=\"wp-block-heading\">Vinkkej\u00e4 annuiteettilainojen ottamiseen<\/h2>\n\n\n\n<p>Ennen kuin otat annuiteettilainaa, on hyv\u00e4 ymm\u00e4rt\u00e4\u00e4, mit\u00e4 muita lainavaihtoehtoja on tarjolla ja vertailla, mik\u00e4 olisi edullisin vaihtoehto. Vertaile, mik\u00e4 olisi, taloudellisen tilanteesi huomioon ottaen, paras mahdollinen lainatyyppi.<\/p>\n\n\n\n<h3 class=\"wp-block-heading\">Miten valita oikea laina-aika ja korko?<\/h3>\n\n\n\n<ul class=\"wp-block-list\">\n<li>Laina-aika: Annuiteettilainoissa laina-aika on tarkkaan tiedossa. Maksat aluksi suhteessa enemm\u00e4n korkoa kuin lyhenn\u00e4t lainaa, mutta ajan mittaan t\u00e4m\u00e4 k\u00e4\u00e4ntyy toisin p\u00e4in. Yleisesti voidaan sanoa, ett\u00e4 lyhyemm\u00e4t laina-ajat tarkoittavat suurempia kuukausittaisia maksuja, mutta v\u00e4hemm\u00e4n korkokustannuksia. Pidemm\u00e4t laina-ajat taas tarkoittavat pienempi\u00e4 kuukausittaisia maksuja, mutta suurempia korkokustannuksia. Siksi on hyv\u00e4 mietti\u00e4 omaa taloudellista tilannetta ja valita laina-aika, joka sopii talousarvioosi.<\/li>\n\n\n\n<li>Korko: Annuiteettilainojen korko voi olla joko kiinte\u00e4 (tasaer\u00e4laina) tai vaihteleva. Kiinte\u00e4 korko on vakio koko laina-ajan, kun taas vaihtuva korko muuttuu markkinakorkojen mukaan. Kiinte\u00e4 korko on ennustettavampi, kun taas vaihtuva korko voi olla edullisempi, jos markkinakorot laskevat. Harkitse kumpi sopii paremmin omaan tilanteeseesi.<br><\/li>\n<\/ul>\n\n\n\n<h3 class=\"wp-block-heading\">Lainanantajaa valittaessa huomioon otettavat tekij\u00e4t<\/h3>\n\n\n\n<ul class=\"wp-block-list\">\n<li>Korko: on t\u00e4rke\u00e4\u00e4 <a href=\"https:\/\/www.top5credits.com\/fi\/lainavertailu\/\">vertailla eri lainanantajien tarjoamia korkoja<\/a> ja valita edullisin vaihtoehto.<\/li>\n\n\n\n<li>Maksuehdot: selvit\u00e4, miten kuukausittaiset maksut muodostuvat ja mit\u00e4 ehtoja lainalle on.<\/li>\n\n\n\n<li>Lainan takaisinmaksu: miten ja milloin laina maksetaan takaisin.<\/li>\n\n\n\n<li>Lainanantajan maine: valitse luotettava lainanantaja, jolla on hyv\u00e4 maine ja joka noudattaa vastuullista lainanantotapaa.<\/li>\n<\/ul>\n\n\n\n<p>Ennen lainan ottamista on pit\u00e4\u00e4 hyv\u00e4 tehd\u00e4 realistinen talousarvio ja varmistaa, ett\u00e4 maksut voidaan suorittaa ajallaan. Annuiteettilainan ottamisessa on t\u00e4rke\u00e4\u00e4 olla huolellinen ja harkitsevainen, jotta voidaan varmistua, ett\u00e4 lainan takaisinmaksu sujuu suunnitellusti ja taloudellinen tilanne pysyy hallinnassa.<\/p>\n\n\n\n<h2 class=\"wp-block-heading\">Usein kysytyt kysymykset<\/h2>\n\n\n\n<div class=\"schema-faq wp-block-yoast-faq-block\"><div class=\"schema-faq-section\" id=\"faq-question-1679576932935\"><strong class=\"schema-faq-question\">Mik\u00e4 on annuiteettilaina?<\/strong> <p class=\"schema-faq-answer\">Annuiteettilaina on laina, jossa tied\u00e4t tarkan laina-ajan. Kuukausier\u00e4 koostuu p\u00e4\u00e4omalyhennyksest\u00e4 ja korko-osuudesta. Aluksi maksat suhteessa enemm\u00e4n korkoa kuin lyhenn\u00e4t p\u00e4\u00e4omaa, mutta t\u00e4m\u00e4 muuttuu lainaa maksettaessa. Lainan kuukausier\u00e4 voi muuttua, jos korkotaso muuttuu, mihin lainanottajan on syyt\u00e4 varautua, etenkin jos korot nousevat. Tarkemmat tiedot annuiteettilainasta voit lukea <a href=\"#mika-on-annuiteettilaina\">t\u00e4\u00e4lt\u00e4<\/a>.<\/p> <\/div> <div class=\"schema-faq-section\" id=\"faq-question-1679577005444\"><strong class=\"schema-faq-question\">Mit\u00e4 annuiteettilainalaskurilla voi laskea?<\/strong> <p class=\"schema-faq-answer\"><a href=\"#Annuiteettilainalaskurin-hyodyt\">Annuiteettilainalaskurin avulla<\/a> n\u00e4et, miten lainan lyhennys ja korko-osuus vaihtuvat jokaiselle maksuer\u00e4lle. Lis\u00e4ksi voit laskea muita lainan kustannuksia, kuten kokonaishinnan ja todellisen vuosikoron.<\/p> <\/div> <\/div>\n","protected":false},"excerpt":{"rendered":"<p>Annuiteettilainalaskuri &#8211; laske lainan kustannukset Annuiteettilainalaskurin avulla n\u00e4et, miten lyhennyksen ja koron osuus muodostuu jokaiselle kuukaudelle. Vaikka kuukausier\u00e4 pysyisi muuttumattomana er\u00e4st\u00e4 toiseen, muuttuu lyhennyksen ja<\/p>\n<p class=\"more-link\">Jatka lukemista <span class=\"screen-reader-text\">Annuiteettilainalaskuri<\/span><\/p>\n","protected":false},"author":21,"featured_media":0,"parent":1994,"menu_order":0,"comment_status":"closed","ping_status":"closed","template":"","meta":{"footnotes":""},"class_list":["post-13237","page","type-page","status-publish","hentry","entry"],"yoast_head":"<!-- This site is optimized with the Yoast SEO plugin v27.3 - https:\/\/yoast.com\/product\/yoast-seo-wordpress\/ -->\n<title>Annuiteettilainalaskurilla maksusuunnitelma - Top5Credits.com<\/title>\n<meta name=\"description\" content=\"Annuiteettilainalaskurin auttaa hahmottamaan lyhennyksen ja koron osuutta. Lis\u00e4ksi voit korkojen noustessa laskea uuden kuukausier\u00e4n.\" \/>\n<meta name=\"robots\" content=\"index, follow, max-snippet:-1, max-image-preview:large, max-video-preview:-1\" \/>\n<link rel=\"canonical\" href=\"https:\/\/www.top5credits.com\/fi\/lainalaskuri\/annuiteettilainalaskuri\/\" \/>\n<meta property=\"og:locale\" content=\"fi_FI\" \/>\n<meta property=\"og:type\" content=\"article\" \/>\n<meta property=\"og:title\" content=\"Annuiteettilainalaskurilla maksusuunnitelma - Top5Credits.com\" \/>\n<meta property=\"og:description\" content=\"Annuiteettilainalaskurin auttaa hahmottamaan lyhennyksen ja koron osuutta. Lis\u00e4ksi voit korkojen noustessa laskea uuden kuukausier\u00e4n.\" \/>\n<meta property=\"og:url\" content=\"https:\/\/www.top5credits.com\/fi\/lainalaskuri\/annuiteettilainalaskuri\/\" \/>\n<meta property=\"og:site_name\" content=\"Top5Credits.com Suomi\" \/>\n<meta property=\"article:publisher\" content=\"https:\/\/www.facebook.com\/Top5Creditscom-Suomi-878136912537066\" \/>\n<meta property=\"article:modified_time\" content=\"2023-03-23T13:21:42+00:00\" \/>\n<meta property=\"og:image\" content=\"https:\/\/cdn.top5credits.com\/fi\/wp-content\/uploads\/sites\/2\/2023\/11\/top5credits-com-ogimage.png?cdn=1.1.2\" \/>\n\t<meta property=\"og:image:width\" content=\"1200\" \/>\n\t<meta property=\"og:image:height\" content=\"630\" \/>\n\t<meta property=\"og:image:type\" content=\"image\/png\" \/>\n<meta name=\"twitter:card\" content=\"summary_large_image\" \/>\n<meta name=\"twitter:label1\" content=\"Arvioitu lukuaika\" \/>\n\t<meta name=\"twitter:data1\" content=\"6 minuuttia\" \/>\n<script type=\"application\/ld+json\" class=\"yoast-schema-graph\">{\"@context\":\"https:\\\/\\\/schema.org\",\"@graph\":[{\"@type\":[\"WebPage\",\"FAQPage\"],\"@id\":\"https:\\\/\\\/www.top5credits.com\\\/fi\\\/lainalaskuri\\\/annuiteettilainalaskuri\\\/\",\"url\":\"https:\\\/\\\/www.top5credits.com\\\/fi\\\/lainalaskuri\\\/annuiteettilainalaskuri\\\/\",\"name\":\"Annuiteettilainalaskurilla maksusuunnitelma - Top5Credits.com\",\"isPartOf\":{\"@id\":\"https:\\\/\\\/www.top5credits.com\\\/fi\\\/#website\"},\"datePublished\":\"2023-03-23T13:21:41+00:00\",\"dateModified\":\"2023-03-23T13:21:42+00:00\",\"description\":\"Annuiteettilainalaskurin auttaa hahmottamaan lyhennyksen ja koron osuutta. Lis\u00e4ksi voit korkojen noustessa laskea uuden kuukausier\u00e4n.\",\"breadcrumb\":{\"@id\":\"https:\\\/\\\/www.top5credits.com\\\/fi\\\/lainalaskuri\\\/annuiteettilainalaskuri\\\/#breadcrumb\"},\"mainEntity\":[{\"@id\":\"https:\\\/\\\/www.top5credits.com\\\/fi\\\/lainalaskuri\\\/annuiteettilainalaskuri\\\/#faq-question-1679576932935\"},{\"@id\":\"https:\\\/\\\/www.top5credits.com\\\/fi\\\/lainalaskuri\\\/annuiteettilainalaskuri\\\/#faq-question-1679577005444\"}],\"inLanguage\":\"fi\",\"potentialAction\":[{\"@type\":\"ReadAction\",\"target\":[\"https:\\\/\\\/www.top5credits.com\\\/fi\\\/lainalaskuri\\\/annuiteettilainalaskuri\\\/\"]}]},{\"@type\":\"BreadcrumbList\",\"@id\":\"https:\\\/\\\/www.top5credits.com\\\/fi\\\/lainalaskuri\\\/annuiteettilainalaskuri\\\/#breadcrumb\",\"itemListElement\":[{\"@type\":\"ListItem\",\"position\":1,\"name\":\"Top5Credits.com\",\"item\":\"https:\\\/\\\/www.top5credits.com\\\/fi\\\/\"},{\"@type\":\"ListItem\",\"position\":2,\"name\":\"Lainalaskuri\",\"item\":\"https:\\\/\\\/www.top5credits.com\\\/fi\\\/lainalaskuri\\\/\"},{\"@type\":\"ListItem\",\"position\":3,\"name\":\"Annuiteettilainalaskuri\"}]},{\"@type\":\"WebSite\",\"@id\":\"https:\\\/\\\/www.top5credits.com\\\/fi\\\/#website\",\"url\":\"https:\\\/\\\/www.top5credits.com\\\/fi\\\/\",\"name\":\"Top5Credits.com Suomi\",\"description\":\"Laittaa lainat j\u00e4rjestykseen\",\"publisher\":{\"@id\":\"https:\\\/\\\/www.top5credits.com\\\/fi\\\/#organization\"},\"potentialAction\":[{\"@type\":\"SearchAction\",\"target\":{\"@type\":\"EntryPoint\",\"urlTemplate\":\"https:\\\/\\\/www.top5credits.com\\\/fi\\\/?s={search_term_string}\"},\"query-input\":{\"@type\":\"PropertyValueSpecification\",\"valueRequired\":true,\"valueName\":\"search_term_string\"}}],\"inLanguage\":\"fi\"},{\"@type\":\"Organization\",\"@id\":\"https:\\\/\\\/www.top5credits.com\\\/fi\\\/#organization\",\"name\":\"Top5Credits.com\",\"url\":\"https:\\\/\\\/www.top5credits.com\\\/fi\\\/\",\"logo\":{\"@type\":\"ImageObject\",\"inLanguage\":\"fi\",\"@id\":\"https:\\\/\\\/www.top5credits.com\\\/fi\\\/#\\\/schema\\\/logo\\\/image\\\/\",\"url\":\"https:\\\/\\\/cdn.top5credits.com\\\/fi\\\/wp-content\\\/uploads\\\/sites\\\/2\\\/2023\\\/10\\\/t5c-favicon.png\",\"contentUrl\":\"https:\\\/\\\/cdn.top5credits.com\\\/fi\\\/wp-content\\\/uploads\\\/sites\\\/2\\\/2023\\\/10\\\/t5c-favicon.png\",\"width\":512,\"height\":512,\"caption\":\"Top5Credits.com\"},\"image\":{\"@id\":\"https:\\\/\\\/www.top5credits.com\\\/fi\\\/#\\\/schema\\\/logo\\\/image\\\/\"},\"sameAs\":[\"https:\\\/\\\/www.facebook.com\\\/Top5Creditscom-Suomi-878136912537066\"]},{\"@type\":\"Question\",\"@id\":\"https:\\\/\\\/www.top5credits.com\\\/fi\\\/lainalaskuri\\\/annuiteettilainalaskuri\\\/#faq-question-1679576932935\",\"position\":1,\"url\":\"https:\\\/\\\/www.top5credits.com\\\/fi\\\/lainalaskuri\\\/annuiteettilainalaskuri\\\/#faq-question-1679576932935\",\"name\":\"Mik\u00e4 on annuiteettilaina?\",\"answerCount\":1,\"acceptedAnswer\":{\"@type\":\"Answer\",\"text\":\"Annuiteettilaina on laina, jossa tied\u00e4t tarkan laina-ajan. Kuukausier\u00e4 koostuu p\u00e4\u00e4omalyhennyksest\u00e4 ja korko-osuudesta. Aluksi maksat suhteessa enemm\u00e4n korkoa kuin lyhenn\u00e4t p\u00e4\u00e4omaa, mutta t\u00e4m\u00e4 muuttuu lainaa maksettaessa. Lainan kuukausier\u00e4 voi muuttua, jos korkotaso muuttuu, mihin lainanottajan on syyt\u00e4 varautua, etenkin jos korot nousevat. Tarkemmat tiedot annuiteettilainasta voit lukea <a href=\\\"#mika-on-annuiteettilaina\\\">t\u00e4\u00e4lt\u00e4<\\\/a>.\",\"inLanguage\":\"fi\"},\"inLanguage\":\"fi\"},{\"@type\":\"Question\",\"@id\":\"https:\\\/\\\/www.top5credits.com\\\/fi\\\/lainalaskuri\\\/annuiteettilainalaskuri\\\/#faq-question-1679577005444\",\"position\":2,\"url\":\"https:\\\/\\\/www.top5credits.com\\\/fi\\\/lainalaskuri\\\/annuiteettilainalaskuri\\\/#faq-question-1679577005444\",\"name\":\"Mit\u00e4 annuiteettilainalaskurilla voi laskea?\",\"answerCount\":1,\"acceptedAnswer\":{\"@type\":\"Answer\",\"text\":\"<a href=\\\"#Annuiteettilainalaskurin-hyodyt\\\">Annuiteettilainalaskurin avulla<\\\/a> n\u00e4et, miten lainan lyhennys ja korko-osuus vaihtuvat jokaiselle maksuer\u00e4lle. Lis\u00e4ksi voit laskea muita lainan kustannuksia, kuten kokonaishinnan ja todellisen vuosikoron.\",\"inLanguage\":\"fi\"},\"inLanguage\":\"fi\"}]}<\/script>\n<!-- \/ Yoast SEO plugin. -->","yoast_head_json":{"title":"Annuiteettilainalaskurilla maksusuunnitelma - Top5Credits.com","description":"Annuiteettilainalaskurin auttaa hahmottamaan lyhennyksen ja koron osuutta. Lis\u00e4ksi voit korkojen noustessa laskea uuden kuukausier\u00e4n.","robots":{"index":"index","follow":"follow","max-snippet":"max-snippet:-1","max-image-preview":"max-image-preview:large","max-video-preview":"max-video-preview:-1"},"canonical":"https:\/\/www.top5credits.com\/fi\/lainalaskuri\/annuiteettilainalaskuri\/","og_locale":"fi_FI","og_type":"article","og_title":"Annuiteettilainalaskurilla maksusuunnitelma - Top5Credits.com","og_description":"Annuiteettilainalaskurin auttaa hahmottamaan lyhennyksen ja koron osuutta. Lis\u00e4ksi voit korkojen noustessa laskea uuden kuukausier\u00e4n.","og_url":"https:\/\/www.top5credits.com\/fi\/lainalaskuri\/annuiteettilainalaskuri\/","og_site_name":"Top5Credits.com Suomi","article_publisher":"https:\/\/www.facebook.com\/Top5Creditscom-Suomi-878136912537066","article_modified_time":"2023-03-23T13:21:42+00:00","og_image":[{"width":1200,"height":630,"url":"https:\/\/cdn.top5credits.com\/fi\/wp-content\/uploads\/sites\/2\/2023\/11\/top5credits-com-ogimage.png?cdn=1.1.2","type":"image\/png"}],"twitter_card":"summary_large_image","twitter_misc":{"Arvioitu lukuaika":"6 minuuttia"},"schema":{"@context":"https:\/\/schema.org","@graph":[{"@type":["WebPage","FAQPage"],"@id":"https:\/\/www.top5credits.com\/fi\/lainalaskuri\/annuiteettilainalaskuri\/","url":"https:\/\/www.top5credits.com\/fi\/lainalaskuri\/annuiteettilainalaskuri\/","name":"Annuiteettilainalaskurilla maksusuunnitelma - Top5Credits.com","isPartOf":{"@id":"https:\/\/www.top5credits.com\/fi\/#website"},"datePublished":"2023-03-23T13:21:41+00:00","dateModified":"2023-03-23T13:21:42+00:00","description":"Annuiteettilainalaskurin auttaa hahmottamaan lyhennyksen ja koron osuutta. Lis\u00e4ksi voit korkojen noustessa laskea uuden kuukausier\u00e4n.","breadcrumb":{"@id":"https:\/\/www.top5credits.com\/fi\/lainalaskuri\/annuiteettilainalaskuri\/#breadcrumb"},"mainEntity":[{"@id":"https:\/\/www.top5credits.com\/fi\/lainalaskuri\/annuiteettilainalaskuri\/#faq-question-1679576932935"},{"@id":"https:\/\/www.top5credits.com\/fi\/lainalaskuri\/annuiteettilainalaskuri\/#faq-question-1679577005444"}],"inLanguage":"fi","potentialAction":[{"@type":"ReadAction","target":["https:\/\/www.top5credits.com\/fi\/lainalaskuri\/annuiteettilainalaskuri\/"]}]},{"@type":"BreadcrumbList","@id":"https:\/\/www.top5credits.com\/fi\/lainalaskuri\/annuiteettilainalaskuri\/#breadcrumb","itemListElement":[{"@type":"ListItem","position":1,"name":"Top5Credits.com","item":"https:\/\/www.top5credits.com\/fi\/"},{"@type":"ListItem","position":2,"name":"Lainalaskuri","item":"https:\/\/www.top5credits.com\/fi\/lainalaskuri\/"},{"@type":"ListItem","position":3,"name":"Annuiteettilainalaskuri"}]},{"@type":"WebSite","@id":"https:\/\/www.top5credits.com\/fi\/#website","url":"https:\/\/www.top5credits.com\/fi\/","name":"Top5Credits.com Suomi","description":"Laittaa lainat j\u00e4rjestykseen","publisher":{"@id":"https:\/\/www.top5credits.com\/fi\/#organization"},"potentialAction":[{"@type":"SearchAction","target":{"@type":"EntryPoint","urlTemplate":"https:\/\/www.top5credits.com\/fi\/?s={search_term_string}"},"query-input":{"@type":"PropertyValueSpecification","valueRequired":true,"valueName":"search_term_string"}}],"inLanguage":"fi"},{"@type":"Organization","@id":"https:\/\/www.top5credits.com\/fi\/#organization","name":"Top5Credits.com","url":"https:\/\/www.top5credits.com\/fi\/","logo":{"@type":"ImageObject","inLanguage":"fi","@id":"https:\/\/www.top5credits.com\/fi\/#\/schema\/logo\/image\/","url":"https:\/\/cdn.top5credits.com\/fi\/wp-content\/uploads\/sites\/2\/2023\/10\/t5c-favicon.png","contentUrl":"https:\/\/cdn.top5credits.com\/fi\/wp-content\/uploads\/sites\/2\/2023\/10\/t5c-favicon.png","width":512,"height":512,"caption":"Top5Credits.com"},"image":{"@id":"https:\/\/www.top5credits.com\/fi\/#\/schema\/logo\/image\/"},"sameAs":["https:\/\/www.facebook.com\/Top5Creditscom-Suomi-878136912537066"]},{"@type":"Question","@id":"https:\/\/www.top5credits.com\/fi\/lainalaskuri\/annuiteettilainalaskuri\/#faq-question-1679576932935","position":1,"url":"https:\/\/www.top5credits.com\/fi\/lainalaskuri\/annuiteettilainalaskuri\/#faq-question-1679576932935","name":"Mik\u00e4 on annuiteettilaina?","answerCount":1,"acceptedAnswer":{"@type":"Answer","text":"Annuiteettilaina on laina, jossa tied\u00e4t tarkan laina-ajan. Kuukausier\u00e4 koostuu p\u00e4\u00e4omalyhennyksest\u00e4 ja korko-osuudesta. Aluksi maksat suhteessa enemm\u00e4n korkoa kuin lyhenn\u00e4t p\u00e4\u00e4omaa, mutta t\u00e4m\u00e4 muuttuu lainaa maksettaessa. Lainan kuukausier\u00e4 voi muuttua, jos korkotaso muuttuu, mihin lainanottajan on syyt\u00e4 varautua, etenkin jos korot nousevat. Tarkemmat tiedot annuiteettilainasta voit lukea <a href=\"#mika-on-annuiteettilaina\">t\u00e4\u00e4lt\u00e4<\/a>.","inLanguage":"fi"},"inLanguage":"fi"},{"@type":"Question","@id":"https:\/\/www.top5credits.com\/fi\/lainalaskuri\/annuiteettilainalaskuri\/#faq-question-1679577005444","position":2,"url":"https:\/\/www.top5credits.com\/fi\/lainalaskuri\/annuiteettilainalaskuri\/#faq-question-1679577005444","name":"Mit\u00e4 annuiteettilainalaskurilla voi laskea?","answerCount":1,"acceptedAnswer":{"@type":"Answer","text":"<a href=\"#Annuiteettilainalaskurin-hyodyt\">Annuiteettilainalaskurin avulla<\/a> n\u00e4et, miten lainan lyhennys ja korko-osuus vaihtuvat jokaiselle maksuer\u00e4lle. Lis\u00e4ksi voit laskea muita lainan kustannuksia, kuten kokonaishinnan ja todellisen vuosikoron.","inLanguage":"fi"},"inLanguage":"fi"}]}},"_links":{"self":[{"href":"https:\/\/www.top5credits.com\/fi\/wp-json\/wp\/v2\/pages\/13237","targetHints":{"allow":["GET"]}}],"collection":[{"href":"https:\/\/www.top5credits.com\/fi\/wp-json\/wp\/v2\/pages"}],"about":[{"href":"https:\/\/www.top5credits.com\/fi\/wp-json\/wp\/v2\/types\/page"}],"author":[{"embeddable":true,"href":"https:\/\/www.top5credits.com\/fi\/wp-json\/wp\/v2\/users\/21"}],"replies":[{"embeddable":true,"href":"https:\/\/www.top5credits.com\/fi\/wp-json\/wp\/v2\/comments?post=13237"}],"version-history":[{"count":0,"href":"https:\/\/www.top5credits.com\/fi\/wp-json\/wp\/v2\/pages\/13237\/revisions"}],"up":[{"embeddable":true,"href":"https:\/\/www.top5credits.com\/fi\/wp-json\/wp\/v2\/pages\/1994"}],"wp:attachment":[{"href":"https:\/\/www.top5credits.com\/fi\/wp-json\/wp\/v2\/media?parent=13237"}],"curies":[{"name":"wp","href":"https:\/\/api.w.org\/{rel}","templated":true}]}}