{"id":13270,"date":"2023-03-28T09:05:51","date_gmt":"2023-03-28T06:05:51","guid":{"rendered":"https:\/\/www.top5credits.com\/fi\/?page_id=13270"},"modified":"2023-09-25T11:56:41","modified_gmt":"2023-09-25T08:56:41","slug":"yrityslainalaskuri","status":"publish","type":"page","link":"https:\/\/www.top5credits.com\/fi\/lainalaskuri\/yrityslainalaskuri\/","title":{"rendered":"Yrityslainalaskuri"},"content":{"rendered":"\n<div class=\"wp-block-group first-section\"><div class=\"wp-block-group__inner-container is-layout-constrained wp-block-group-is-layout-constrained\">\n<h1 class=\"wp-block-heading has-text-align-center compare-title\">Yrityslainalaskuri &#8211; laske lainan kustannukset<\/h1>\n\n\n\n<p class=\"compare-title\">Yrityslainalaskuri on k\u00e4tev\u00e4 apuv\u00e4line yrityksille, jotka tarvitsevat rahoitusta. Se auttaa laskemaan eri lainavaihtoehtojen kustannuksia ja valitsemaan sinun yrityksellesi sopivan lainan.<\/p>\n<\/div><\/div>\n\n\n\n<p>Yrityslainalaskurin avulla selvit\u00e4t nopeasti ja helposti yrityksellesi sopivan lainan. Se laskee yrityksesi talouteen sopivan kuukausier\u00e4n ja takaisinmaksuajan. Jos tiedossasi on vain <a href=\"https:\/\/www.top5credits.com\/fi\/lainasanasto\/nimelliskorko\/\">nimelliskorko<\/a>, voit muiden kulujen avulla laskea <a href=\"https:\/\/www.top5credits.com\/fi\/lainasanasto\/todellinen-vuosikorko\/\">lainan todellisen vuosikoron<\/a>, joka on paras mittari lainojen vertailuun.<\/p>\n\n\n\n<p>Yrityslainalaskuria voi k\u00e4ytt\u00e4\u00e4 my\u00f6s <a href=\"https:\/\/www.top5credits.com\/fi\/lainalaskuri\/korkolaskuri\/\">korkolaskurina<\/a>, jonka avulla lasket korkotason vaihtelujen vaikutukset <a href=\"https:\/\/www.top5credits.com\/fi\/yrityslaina\/\">yrityslainaasi<\/a>. Kannattaa kuitenkin huomioida, ett\u00e4 laskurin antamat tiedot ovat suuntaa antavia.<\/p>\n\n\n\n<h2 class=\"wp-block-heading\" id=\"yrityslainalaskurin-kaytto-kannattaa\">Yrityslainalaskurin k\u00e4ytt\u00f6 kannattaa<\/h2>\n\n\n\n<p>Yrityslainalaskurin k\u00e4ytt\u00f6\u00f6n liittyy monia etuja, jotka helpottavat yrityksen rahoitusp\u00e4\u00e4t\u00f6sten tekemist\u00e4.<\/p>\n\n\n\n<ol class=\"wp-block-list\">\n<li>Tietoon perustuvat p\u00e4\u00e4t\u00f6kset: eri lainavaihtoehtojen kustannuksia ja ehtoja vertailemalla, yritys voi tehd\u00e4 tietoon perustuvia p\u00e4\u00e4t\u00f6ksi\u00e4 rahan lainaamisesta.<\/li>\n\n\n\n<li>Ajan ja rahan s\u00e4\u00e4st\u00e4minen: yrityslainalaskurin k\u00e4ytt\u00f6 s\u00e4\u00e4st\u00e4\u00e4 aikaa ja rahaa, koska se auttaa l\u00f6yt\u00e4m\u00e4\u00e4n parhaimmat lainatarjoukset nopeasti ja helposti.<\/li>\n\n\n\n<li>Lainaehtojen ymm\u00e4rt\u00e4minen: laskurin avulla yrityksen voi olla helpompi hahmottaa eri lainaehtojen, kuten korkojen tai takaisinmaksuajan vaikutusta lainan kustannuksiin.<\/li>\n\n\n\n<li>Helppo k\u00e4ytt\u00e4\u00e4: yrityslainalaskurin k\u00e4ytt\u00f6 ei vaadi erityist\u00e4 teknist\u00e4 osaamista.<\/li>\n\n\n\n<li>Mahdollisuus simuloida eri skenaarioita: laskurin avulla yritys voi simuloida ja vertailla eri lainam\u00e4\u00e4rien ja laina-aikojen vaikutusta lainan kokonaiskustannuksiin.<\/li>\n\n\n\n<li>Lainatarjousten vertailu: laskurin avulla yritys voi vertailla helposti eri lainatarjouksia ja l\u00f6yt\u00e4\u00e4 kustannuksiltaan sek\u00e4 ehdoiltaan parhaimman lainan yrityksen tarpeisiin.<\/li>\n\n\n\n<li>Ei sido mihink\u00e4\u00e4n: laskurin k\u00e4ytt\u00f6 on ilmaista, eik\u00e4 sido yrityst\u00e4 mihink\u00e4\u00e4n. Voit lopuksi pyyt\u00e4\u00e4 lainatarjousta ilman, ett\u00e4 sitoudut ottamaan lainaa.<\/li>\n<\/ol>\n\n\n\n<div class=\"wp-block-group dm-roundbox\"><div class=\"wp-block-group__inner-container is-layout-flow wp-block-group-is-layout-flow\">\n<h2 class=\"wp-block-heading\">Miten yrityslainalaskuria k\u00e4ytet\u00e4\u00e4n?<\/h2>\n\n\n\n<p>Yrityslainalaskurin k\u00e4ytt\u00f6 on helppoa. Sy\u00f6t\u00e4t vain tarvittavat tiedot ja lainalaskuri antaa vastaukset. Voit kokeilla vaihtaa, esimerkiksi laina-aikaa tai korkoa, jolloin n\u00e4et niiden vaikutuksen lainan kokonaishintaan ja kuukausier\u00e4\u00e4n:<\/p>\n\n\n\n<ol class=\"wp-block-list\">\n<li>Sy\u00f6t\u00e4 lainalaskuriin haluamasi lainam\u00e4\u00e4r\u00e4 ja laina-aika.<\/li>\n\n\n\n<li>Anna lainatarjouksessa oleva korko ja muut kulut.<\/li>\n\n\n\n<li>Yrityslainalaskuri laskee kuukausier\u00e4n suuruuden, lainan kokonaishinnan ja todellisen vuosikoron.<\/li>\n\n\n\n<li>Muuttamalla tietoja n\u00e4et vaikutuksen lainasummaan.<\/li>\n\n\n\n<li>Voit hakea lainatarjouksia ja vertailla.<\/li>\n<\/ol>\n<\/div><\/div>\n\n\n\n<h3 class=\"wp-block-heading\">Yrityslainalaskurin avulla on mahdollista:<\/h3>\n\n\n\n<ul class=\"wp-block-list\">\n<li>Vertailla lainatarjouksia.<\/li>\n\n\n\n<li>Saada selke\u00e4 ja ymm\u00e4rrett\u00e4v\u00e4 laskelma yrityslainan kustannuksista.<\/li>\n\n\n\n<li>Vertailla lainam\u00e4\u00e4r\u00e4n, laina-ajan tai korkomuutoksien vaikutusta lainan kustannuksiin.<\/li>\n\n\n\n<li>Pyyt\u00e4\u00e4 lainatarjouksia suoraan laskurista.<\/li>\n<\/ul>\n\n\n\n<p>N\u00e4m\u00e4 ominaisuudet auttavat yrityksi\u00e4 l\u00f6yt\u00e4m\u00e4\u00e4n ehdoiltaan ja kustannuksiltaan parhaan lainavaihtoehdon, ja helpottavat lainanhakuprosessia kokonaisuudessaan.<\/p>\n\n\n\n<h3 class=\"wp-block-heading\">Yrityslainalaskuria k\u00e4ytett\u00e4ess\u00e4 huomioon otettavat asiat:<\/h3>\n\n\n\n<ul class=\"wp-block-list\">\n<li>Oikeat tiedot: Lainalaskurin tarkkuus perustuu siihen, ett\u00e4 siihen sy\u00f6tet\u00e4\u00e4n oikeat ja tarkat tiedot lainan m\u00e4\u00e4r\u00e4st\u00e4, laina-ajasta, korosta ja muista lainaan liittyvist\u00e4 kuluista.<\/li>\n\n\n\n<li>Lainan kokonaiskustannukset: Yrityslainalaskuri auttaa arvioimaan lainan kokonaiskustannuksia. T\u00e4t\u00e4 varten tarvitset nimelliskoron ja lainan muiden kustannusten kulut.<\/li>\n\n\n\n<li>Lainan takaisinmaksuaika: Lainan takaisinmaksuaika vaikuttaa lainan korkokuluihin ja kokonaiskustannuksiin. On kuitenkin t\u00e4rke\u00e4\u00e4 valita sellainen laina-aika, joka on realistinen ja sopii yrityksen taloudelliseen tilanteeseen.<\/li>\n\n\n\n<li>Lainan tarkoitus: Eri k\u00e4ytt\u00f6tarkoituksiin tarkoitetuilla lainoilla voi olla toisistaan poikkeavat ehdot ja kustannukset. On t\u00e4rke\u00e4\u00e4 pohtia k\u00e4ytt\u00f6tarkoitusta etuk\u00e4teen ja valita lainamuoto, joka sopii yrityksen tarpeisiin.<\/li>\n<\/ul>\n\n\n\n\n\n\n<h2 class=\"wp-block-heading\" id=\"miten-ja-mist\u00e4-hakea-yrityslainaa\">Miten ja mist\u00e4 hakea yrityslainaa?<\/h2>\n\n\n\n<p>Yrityslainan hakeminen voi olla ty\u00f6l\u00e4st\u00e4, mutta on olemassa useita tapoja l\u00f6yt\u00e4\u00e4 sopiva laina omalle yritykselle. T\u00e4ss\u00e4 muutama vinkki yrityslainan hakemiseen:<\/p>\n\n\n\n<ul class=\"wp-block-list\">\n<li>Vertaile lainoja: Kannattaa vertailla lainatarjouksia, sill\u00e4 niiss\u00e4 voi olla erilaisia ehtoja ja kustannuksia. Voit k\u00e4ytt\u00e4\u00e4 apuna yrityslainojen vertailusivustoja, jotka auttavat l\u00f6yt\u00e4m\u00e4\u00e4n parhaat mahdolliset tarjoukset.<\/li>\n\n\n\n<li>Tutki lainanantajia: Selvit\u00e4 lainanantajan maine ja luotettavuus ennen lainan hakemista. Lue muiden yritysten kokemuksia ja arvosteluja lainanmy\u00f6nt\u00e4j\u00e4st\u00e4 ja tarkista yrityksen taustatiedot.<\/li>\n\n\n\n<li>Valmistaudu hakemuksen t\u00e4ytt\u00e4miseen: Lainan hakeminen vaatii yleens\u00e4 tarkkoja tietoja yrityksen taloudellisesta tilanteesta ja liiketoiminnasta. Valmistaudu hakemuksen laatimiseen huolellisesti ja varmistaa, ett\u00e4 kaikki tarvittavat tiedot ovat saatavilla.<\/li>\n<\/ul>\n\n\n\n<h2 class=\"wp-block-heading\">Yrityslainan korko<\/h2>\n\n\n\n<p>Yleens\u00e4 yrityslainojen korot vaihtelevat 10-30 % v\u00e4lill\u00e4, mutta korko on yrityskohtainen. Yrityksen luotonmaksukyky\u00e4 analysoidaan samalla tavalla kuin henkil\u00f6lainoissa. Korkoon vaikuttavia asioita ovat muun muassa:<\/p>\n\n\n\n<ul class=\"wp-block-list\">\n<li>yrityksen maksukyky<\/li>\n\n\n\n<li>yrityksen ik\u00e4<\/li>\n\n\n\n<li>yrityksen tuotto ja tulevaisuuden ennuste<\/li>\n\n\n\n<li>yrityksen maksuh\u00e4iri\u00f6t<\/li>\n<\/ul>\n\n\n\n<div class=\"wp-block-group dm-notice\"><div class=\"wp-block-group__inner-container is-layout-flow wp-block-group-is-layout-flow\">\n<p>Yrityslainalaskuria voi k\u00e4ytt\u00e4\u00e4 my\u00f6s korkolaskurina, jos korkotaso muuttuu. Saat helposti laskettua muutoksen vaikutuksen kuukausier\u00e4\u00e4n.<\/p>\n<\/div><\/div>\n\n\n\n<h2 class=\"wp-block-heading\">Kilpailuta yrityslaina<\/h2>\n\n\n\n<p>Yrityslaina kannattaa kilpailuttaa, niin kuin muutkin lainat, sill\u00e4 se on ainoa keino l\u00f6yt\u00e4\u00e4 edullisin ja yrityksesi tarpeisiin sopiva laina. Yrityslainalaskurin avulla voit helposti ja nopeasti vertailla eri lainatarjousten todellisia kuluja ja kokonaishintaa. N\u00e4in v\u00e4ltyt ottamasta kallista lainaa.<br>Yrityslaina on helppo kilpailuttaa siihen tarkoitetuilla sivustoilla. Yhdell\u00e4 hakemuksella saat sopivat rahoittajat ja voit pyyt\u00e4\u00e4 lainatarjouksia sitoutumatta kuitenkaan lainan ottoon.<\/p>\n\n\n\n<h2 class=\"wp-block-heading\">Usein kysytyt kysymykset<\/h2>\n\n\n\n<div class=\"schema-faq wp-block-yoast-faq-block\"><div class=\"schema-faq-section\" id=\"faq-question-1679982294412\"><strong class=\"schema-faq-question\">Miten voin parhaiten valmistautua yrityslainan hakemiseen?<\/strong> <p class=\"schema-faq-answer\"><a href=\"#miten-ja-mist\u00e4-hakea-yrityslainaa\">Yrityslainan hakeminen<\/a> vaatii huolellista suunnittelua ja tiedon ker\u00e4\u00e4mist\u00e4. Ennen hakemuksen tekemist\u00e4 on t\u00e4rke\u00e4\u00e4 selvitt\u00e4\u00e4 yrityksen taloudellinen tilanne, rahoituksen todellinen tarve ja k\u00e4ytt\u00f6tarkoitus. Lis\u00e4ksi on hyv\u00e4 tutkia eri lainanantajia ja vertailla heid\u00e4n tarjoamiaan lainaehtoja ja korkoja. Hakemukseen tarvitaan my\u00f6s yrityksen keskeisimm\u00e4t taloudelliset tunnusluvut ja selvitys yrityksen liiketoiminnasta.<\/p> <\/div> <div class=\"schema-faq-section\" id=\"faq-question-1679982330194\"><strong class=\"schema-faq-question\">Mitk\u00e4 ovat t\u00e4rkeimm\u00e4t tekij\u00e4t, jotka on otettava huomioon yrityslainaa haettaessa?<\/strong> <p class=\"schema-faq-answer\">Yrityslainaa hakiessa on t\u00e4rke\u00e4\u00e4 ottaa huomioon tarvittava lainan m\u00e4\u00e4r\u00e4, yritykselle sopiva takaisinmaksuaika, lainan kokonaiskustannukset ja lainanantajan luotettavuus. Lis\u00e4ksi on t\u00e4rke\u00e4\u00e4 mietti\u00e4, mihin tarkoitukseen laina tarvitaan ja millaisia riskej\u00e4 lainan ottamiseen liittyy.<\/p> <\/div> <div class=\"schema-faq-section\" id=\"faq-question-1679982350124\"><strong class=\"schema-faq-question\">Mihin yrityksen lainalaskuria voi k\u00e4ytt\u00e4\u00e4?<\/strong> <p class=\"schema-faq-answer\">Yrityksen lainalaskurin avulla voit laskea lainatarjouksen todelliset kulut ja kustannukset sek\u00e4 suunnitella lainan takaisinmaksua. Tarvittaessa laskuria voi k\u00e4ytt\u00e4\u00e4 my\u00f6s korkolaskurina. Sivuiltamme l\u00f6yd\u00e4t lis\u00e4\u00e4 syit\u00e4, <a href=\"#yrityslainalaskurin-kaytto-kannattaa\">miksi yrityksen kannattaa k\u00e4ytt\u00e4\u00e4 lainalaskuria<\/a> apuna.<\/p> <\/div> <\/div>\n","protected":false},"excerpt":{"rendered":"<p>Yrityslainalaskuri &#8211; laske lainan kustannukset Yrityslainalaskuri on k\u00e4tev\u00e4 apuv\u00e4line yrityksille, jotka tarvitsevat rahoitusta. Se auttaa laskemaan eri lainavaihtoehtojen kustannuksia ja valitsemaan sinun yrityksellesi sopivan lainan.<\/p>\n<p class=\"more-link\">Jatka lukemista <span class=\"screen-reader-text\">Yrityslainalaskuri<\/span><\/p>\n","protected":false},"author":21,"featured_media":0,"parent":1994,"menu_order":0,"comment_status":"closed","ping_status":"closed","template":"","meta":{"footnotes":""},"class_list":["post-13270","page","type-page","status-publish","hentry","entry"],"yoast_head":"<!-- This site is optimized with the Yoast SEO plugin v27.3 - https:\/\/yoast.com\/product\/yoast-seo-wordpress\/ -->\n<title>L\u00f6yd\u00e4 sopivin yrityslaina helposti - Yrityslainalaskuri n avulla<\/title>\n<meta name=\"description\" content=\"Tarvitsetko rahoitusta yrityksellesi? Yrityslainalaskuri auttaa vertailemaan eri lainatarjouksia ja l\u00f6yt\u00e4m\u00e4\u00e4n parhaan lainavaihtoehdon.\" \/>\n<meta name=\"robots\" content=\"index, follow, max-snippet:-1, max-image-preview:large, max-video-preview:-1\" \/>\n<link rel=\"canonical\" href=\"https:\/\/www.top5credits.com\/fi\/lainalaskuri\/yrityslainalaskuri\/\" \/>\n<meta property=\"og:locale\" content=\"fi_FI\" \/>\n<meta property=\"og:type\" content=\"article\" \/>\n<meta property=\"og:title\" content=\"L\u00f6yd\u00e4 sopivin yrityslaina helposti - Yrityslainalaskuri n avulla\" \/>\n<meta property=\"og:description\" content=\"Tarvitsetko rahoitusta yrityksellesi? Yrityslainalaskuri auttaa vertailemaan eri lainatarjouksia ja l\u00f6yt\u00e4m\u00e4\u00e4n parhaan lainavaihtoehdon.\" \/>\n<meta property=\"og:url\" content=\"https:\/\/www.top5credits.com\/fi\/lainalaskuri\/yrityslainalaskuri\/\" \/>\n<meta property=\"og:site_name\" content=\"Top5Credits.com Suomi\" \/>\n<meta property=\"article:publisher\" content=\"https:\/\/www.facebook.com\/Top5Creditscom-Suomi-878136912537066\" \/>\n<meta property=\"article:modified_time\" content=\"2023-09-25T08:56:41+00:00\" \/>\n<meta property=\"og:image\" content=\"https:\/\/cdn.top5credits.com\/fi\/wp-content\/uploads\/sites\/2\/2023\/11\/top5credits-com-ogimage.png?cdn=1.1.2\" \/>\n\t<meta property=\"og:image:width\" content=\"1200\" \/>\n\t<meta property=\"og:image:height\" content=\"630\" \/>\n\t<meta property=\"og:image:type\" content=\"image\/png\" \/>\n<meta name=\"twitter:card\" content=\"summary_large_image\" \/>\n<meta name=\"twitter:label1\" content=\"Arvioitu lukuaika\" \/>\n\t<meta name=\"twitter:data1\" content=\"5 minuuttia\" \/>\n<script type=\"application\/ld+json\" class=\"yoast-schema-graph\">{\"@context\":\"https:\\\/\\\/schema.org\",\"@graph\":[{\"@type\":[\"WebPage\",\"FAQPage\"],\"@id\":\"https:\\\/\\\/www.top5credits.com\\\/fi\\\/lainalaskuri\\\/yrityslainalaskuri\\\/\",\"url\":\"https:\\\/\\\/www.top5credits.com\\\/fi\\\/lainalaskuri\\\/yrityslainalaskuri\\\/\",\"name\":\"L\u00f6yd\u00e4 sopivin yrityslaina helposti - Yrityslainalaskuri n avulla\",\"isPartOf\":{\"@id\":\"https:\\\/\\\/www.top5credits.com\\\/fi\\\/#website\"},\"datePublished\":\"2023-03-28T06:05:51+00:00\",\"dateModified\":\"2023-09-25T08:56:41+00:00\",\"description\":\"Tarvitsetko rahoitusta yrityksellesi? Yrityslainalaskuri auttaa vertailemaan eri lainatarjouksia ja l\u00f6yt\u00e4m\u00e4\u00e4n parhaan lainavaihtoehdon.\",\"breadcrumb\":{\"@id\":\"https:\\\/\\\/www.top5credits.com\\\/fi\\\/lainalaskuri\\\/yrityslainalaskuri\\\/#breadcrumb\"},\"mainEntity\":[{\"@id\":\"https:\\\/\\\/www.top5credits.com\\\/fi\\\/lainalaskuri\\\/yrityslainalaskuri\\\/#faq-question-1679982294412\"},{\"@id\":\"https:\\\/\\\/www.top5credits.com\\\/fi\\\/lainalaskuri\\\/yrityslainalaskuri\\\/#faq-question-1679982330194\"},{\"@id\":\"https:\\\/\\\/www.top5credits.com\\\/fi\\\/lainalaskuri\\\/yrityslainalaskuri\\\/#faq-question-1679982350124\"}],\"inLanguage\":\"fi\",\"potentialAction\":[{\"@type\":\"ReadAction\",\"target\":[\"https:\\\/\\\/www.top5credits.com\\\/fi\\\/lainalaskuri\\\/yrityslainalaskuri\\\/\"]}]},{\"@type\":\"BreadcrumbList\",\"@id\":\"https:\\\/\\\/www.top5credits.com\\\/fi\\\/lainalaskuri\\\/yrityslainalaskuri\\\/#breadcrumb\",\"itemListElement\":[{\"@type\":\"ListItem\",\"position\":1,\"name\":\"Top5Credits.com\",\"item\":\"https:\\\/\\\/www.top5credits.com\\\/fi\\\/\"},{\"@type\":\"ListItem\",\"position\":2,\"name\":\"Lainalaskuri\",\"item\":\"https:\\\/\\\/www.top5credits.com\\\/fi\\\/lainalaskuri\\\/\"},{\"@type\":\"ListItem\",\"position\":3,\"name\":\"Yrityslainalaskuri\"}]},{\"@type\":\"WebSite\",\"@id\":\"https:\\\/\\\/www.top5credits.com\\\/fi\\\/#website\",\"url\":\"https:\\\/\\\/www.top5credits.com\\\/fi\\\/\",\"name\":\"Top5Credits.com Suomi\",\"description\":\"Laittaa lainat j\u00e4rjestykseen\",\"publisher\":{\"@id\":\"https:\\\/\\\/www.top5credits.com\\\/fi\\\/#organization\"},\"potentialAction\":[{\"@type\":\"SearchAction\",\"target\":{\"@type\":\"EntryPoint\",\"urlTemplate\":\"https:\\\/\\\/www.top5credits.com\\\/fi\\\/?s={search_term_string}\"},\"query-input\":{\"@type\":\"PropertyValueSpecification\",\"valueRequired\":true,\"valueName\":\"search_term_string\"}}],\"inLanguage\":\"fi\"},{\"@type\":\"Organization\",\"@id\":\"https:\\\/\\\/www.top5credits.com\\\/fi\\\/#organization\",\"name\":\"Top5Credits.com\",\"url\":\"https:\\\/\\\/www.top5credits.com\\\/fi\\\/\",\"logo\":{\"@type\":\"ImageObject\",\"inLanguage\":\"fi\",\"@id\":\"https:\\\/\\\/www.top5credits.com\\\/fi\\\/#\\\/schema\\\/logo\\\/image\\\/\",\"url\":\"https:\\\/\\\/cdn.top5credits.com\\\/fi\\\/wp-content\\\/uploads\\\/sites\\\/2\\\/2023\\\/10\\\/t5c-favicon.png\",\"contentUrl\":\"https:\\\/\\\/cdn.top5credits.com\\\/fi\\\/wp-content\\\/uploads\\\/sites\\\/2\\\/2023\\\/10\\\/t5c-favicon.png\",\"width\":512,\"height\":512,\"caption\":\"Top5Credits.com\"},\"image\":{\"@id\":\"https:\\\/\\\/www.top5credits.com\\\/fi\\\/#\\\/schema\\\/logo\\\/image\\\/\"},\"sameAs\":[\"https:\\\/\\\/www.facebook.com\\\/Top5Creditscom-Suomi-878136912537066\"]},{\"@type\":\"Question\",\"@id\":\"https:\\\/\\\/www.top5credits.com\\\/fi\\\/lainalaskuri\\\/yrityslainalaskuri\\\/#faq-question-1679982294412\",\"position\":1,\"url\":\"https:\\\/\\\/www.top5credits.com\\\/fi\\\/lainalaskuri\\\/yrityslainalaskuri\\\/#faq-question-1679982294412\",\"name\":\"Miten voin parhaiten valmistautua yrityslainan hakemiseen?\",\"answerCount\":1,\"acceptedAnswer\":{\"@type\":\"Answer\",\"text\":\"<a href=\\\"#miten-ja-mist\u00e4-hakea-yrityslainaa\\\">Yrityslainan hakeminen<\\\/a> vaatii huolellista suunnittelua ja tiedon ker\u00e4\u00e4mist\u00e4. Ennen hakemuksen tekemist\u00e4 on t\u00e4rke\u00e4\u00e4 selvitt\u00e4\u00e4 yrityksen taloudellinen tilanne, rahoituksen todellinen tarve ja k\u00e4ytt\u00f6tarkoitus. Lis\u00e4ksi on hyv\u00e4 tutkia eri lainanantajia ja vertailla heid\u00e4n tarjoamiaan lainaehtoja ja korkoja. Hakemukseen tarvitaan my\u00f6s yrityksen keskeisimm\u00e4t taloudelliset tunnusluvut ja selvitys yrityksen liiketoiminnasta.\",\"inLanguage\":\"fi\"},\"inLanguage\":\"fi\"},{\"@type\":\"Question\",\"@id\":\"https:\\\/\\\/www.top5credits.com\\\/fi\\\/lainalaskuri\\\/yrityslainalaskuri\\\/#faq-question-1679982330194\",\"position\":2,\"url\":\"https:\\\/\\\/www.top5credits.com\\\/fi\\\/lainalaskuri\\\/yrityslainalaskuri\\\/#faq-question-1679982330194\",\"name\":\"Mitk\u00e4 ovat t\u00e4rkeimm\u00e4t tekij\u00e4t, jotka on otettava huomioon yrityslainaa haettaessa?\",\"answerCount\":1,\"acceptedAnswer\":{\"@type\":\"Answer\",\"text\":\"Yrityslainaa hakiessa on t\u00e4rke\u00e4\u00e4 ottaa huomioon tarvittava lainan m\u00e4\u00e4r\u00e4, yritykselle sopiva takaisinmaksuaika, lainan kokonaiskustannukset ja lainanantajan luotettavuus. Lis\u00e4ksi on t\u00e4rke\u00e4\u00e4 mietti\u00e4, mihin tarkoitukseen laina tarvitaan ja millaisia riskej\u00e4 lainan ottamiseen liittyy.\",\"inLanguage\":\"fi\"},\"inLanguage\":\"fi\"},{\"@type\":\"Question\",\"@id\":\"https:\\\/\\\/www.top5credits.com\\\/fi\\\/lainalaskuri\\\/yrityslainalaskuri\\\/#faq-question-1679982350124\",\"position\":3,\"url\":\"https:\\\/\\\/www.top5credits.com\\\/fi\\\/lainalaskuri\\\/yrityslainalaskuri\\\/#faq-question-1679982350124\",\"name\":\"Mihin yrityksen lainalaskuria voi k\u00e4ytt\u00e4\u00e4?\",\"answerCount\":1,\"acceptedAnswer\":{\"@type\":\"Answer\",\"text\":\"Yrityksen lainalaskurin avulla voit laskea lainatarjouksen todelliset kulut ja kustannukset sek\u00e4 suunnitella lainan takaisinmaksua. Tarvittaessa laskuria voi k\u00e4ytt\u00e4\u00e4 my\u00f6s korkolaskurina. Sivuiltamme l\u00f6yd\u00e4t lis\u00e4\u00e4 syit\u00e4, <a href=\\\"#yrityslainalaskurin-kaytto-kannattaa\\\">miksi yrityksen kannattaa k\u00e4ytt\u00e4\u00e4 lainalaskuria<\\\/a> apuna.\",\"inLanguage\":\"fi\"},\"inLanguage\":\"fi\"}]}<\/script>\n<!-- \/ Yoast SEO plugin. -->","yoast_head_json":{"title":"L\u00f6yd\u00e4 sopivin yrityslaina helposti - Yrityslainalaskuri n avulla","description":"Tarvitsetko rahoitusta yrityksellesi? Yrityslainalaskuri auttaa vertailemaan eri lainatarjouksia ja l\u00f6yt\u00e4m\u00e4\u00e4n parhaan lainavaihtoehdon.","robots":{"index":"index","follow":"follow","max-snippet":"max-snippet:-1","max-image-preview":"max-image-preview:large","max-video-preview":"max-video-preview:-1"},"canonical":"https:\/\/www.top5credits.com\/fi\/lainalaskuri\/yrityslainalaskuri\/","og_locale":"fi_FI","og_type":"article","og_title":"L\u00f6yd\u00e4 sopivin yrityslaina helposti - Yrityslainalaskuri n avulla","og_description":"Tarvitsetko rahoitusta yrityksellesi? Yrityslainalaskuri auttaa vertailemaan eri lainatarjouksia ja l\u00f6yt\u00e4m\u00e4\u00e4n parhaan lainavaihtoehdon.","og_url":"https:\/\/www.top5credits.com\/fi\/lainalaskuri\/yrityslainalaskuri\/","og_site_name":"Top5Credits.com Suomi","article_publisher":"https:\/\/www.facebook.com\/Top5Creditscom-Suomi-878136912537066","article_modified_time":"2023-09-25T08:56:41+00:00","og_image":[{"width":1200,"height":630,"url":"https:\/\/cdn.top5credits.com\/fi\/wp-content\/uploads\/sites\/2\/2023\/11\/top5credits-com-ogimage.png?cdn=1.1.2","type":"image\/png"}],"twitter_card":"summary_large_image","twitter_misc":{"Arvioitu lukuaika":"5 minuuttia"},"schema":{"@context":"https:\/\/schema.org","@graph":[{"@type":["WebPage","FAQPage"],"@id":"https:\/\/www.top5credits.com\/fi\/lainalaskuri\/yrityslainalaskuri\/","url":"https:\/\/www.top5credits.com\/fi\/lainalaskuri\/yrityslainalaskuri\/","name":"L\u00f6yd\u00e4 sopivin yrityslaina helposti - Yrityslainalaskuri n avulla","isPartOf":{"@id":"https:\/\/www.top5credits.com\/fi\/#website"},"datePublished":"2023-03-28T06:05:51+00:00","dateModified":"2023-09-25T08:56:41+00:00","description":"Tarvitsetko rahoitusta yrityksellesi? Yrityslainalaskuri auttaa vertailemaan eri lainatarjouksia ja l\u00f6yt\u00e4m\u00e4\u00e4n parhaan lainavaihtoehdon.","breadcrumb":{"@id":"https:\/\/www.top5credits.com\/fi\/lainalaskuri\/yrityslainalaskuri\/#breadcrumb"},"mainEntity":[{"@id":"https:\/\/www.top5credits.com\/fi\/lainalaskuri\/yrityslainalaskuri\/#faq-question-1679982294412"},{"@id":"https:\/\/www.top5credits.com\/fi\/lainalaskuri\/yrityslainalaskuri\/#faq-question-1679982330194"},{"@id":"https:\/\/www.top5credits.com\/fi\/lainalaskuri\/yrityslainalaskuri\/#faq-question-1679982350124"}],"inLanguage":"fi","potentialAction":[{"@type":"ReadAction","target":["https:\/\/www.top5credits.com\/fi\/lainalaskuri\/yrityslainalaskuri\/"]}]},{"@type":"BreadcrumbList","@id":"https:\/\/www.top5credits.com\/fi\/lainalaskuri\/yrityslainalaskuri\/#breadcrumb","itemListElement":[{"@type":"ListItem","position":1,"name":"Top5Credits.com","item":"https:\/\/www.top5credits.com\/fi\/"},{"@type":"ListItem","position":2,"name":"Lainalaskuri","item":"https:\/\/www.top5credits.com\/fi\/lainalaskuri\/"},{"@type":"ListItem","position":3,"name":"Yrityslainalaskuri"}]},{"@type":"WebSite","@id":"https:\/\/www.top5credits.com\/fi\/#website","url":"https:\/\/www.top5credits.com\/fi\/","name":"Top5Credits.com Suomi","description":"Laittaa lainat j\u00e4rjestykseen","publisher":{"@id":"https:\/\/www.top5credits.com\/fi\/#organization"},"potentialAction":[{"@type":"SearchAction","target":{"@type":"EntryPoint","urlTemplate":"https:\/\/www.top5credits.com\/fi\/?s={search_term_string}"},"query-input":{"@type":"PropertyValueSpecification","valueRequired":true,"valueName":"search_term_string"}}],"inLanguage":"fi"},{"@type":"Organization","@id":"https:\/\/www.top5credits.com\/fi\/#organization","name":"Top5Credits.com","url":"https:\/\/www.top5credits.com\/fi\/","logo":{"@type":"ImageObject","inLanguage":"fi","@id":"https:\/\/www.top5credits.com\/fi\/#\/schema\/logo\/image\/","url":"https:\/\/cdn.top5credits.com\/fi\/wp-content\/uploads\/sites\/2\/2023\/10\/t5c-favicon.png","contentUrl":"https:\/\/cdn.top5credits.com\/fi\/wp-content\/uploads\/sites\/2\/2023\/10\/t5c-favicon.png","width":512,"height":512,"caption":"Top5Credits.com"},"image":{"@id":"https:\/\/www.top5credits.com\/fi\/#\/schema\/logo\/image\/"},"sameAs":["https:\/\/www.facebook.com\/Top5Creditscom-Suomi-878136912537066"]},{"@type":"Question","@id":"https:\/\/www.top5credits.com\/fi\/lainalaskuri\/yrityslainalaskuri\/#faq-question-1679982294412","position":1,"url":"https:\/\/www.top5credits.com\/fi\/lainalaskuri\/yrityslainalaskuri\/#faq-question-1679982294412","name":"Miten voin parhaiten valmistautua yrityslainan hakemiseen?","answerCount":1,"acceptedAnswer":{"@type":"Answer","text":"<a href=\"#miten-ja-mist\u00e4-hakea-yrityslainaa\">Yrityslainan hakeminen<\/a> vaatii huolellista suunnittelua ja tiedon ker\u00e4\u00e4mist\u00e4. Ennen hakemuksen tekemist\u00e4 on t\u00e4rke\u00e4\u00e4 selvitt\u00e4\u00e4 yrityksen taloudellinen tilanne, rahoituksen todellinen tarve ja k\u00e4ytt\u00f6tarkoitus. Lis\u00e4ksi on hyv\u00e4 tutkia eri lainanantajia ja vertailla heid\u00e4n tarjoamiaan lainaehtoja ja korkoja. Hakemukseen tarvitaan my\u00f6s yrityksen keskeisimm\u00e4t taloudelliset tunnusluvut ja selvitys yrityksen liiketoiminnasta.","inLanguage":"fi"},"inLanguage":"fi"},{"@type":"Question","@id":"https:\/\/www.top5credits.com\/fi\/lainalaskuri\/yrityslainalaskuri\/#faq-question-1679982330194","position":2,"url":"https:\/\/www.top5credits.com\/fi\/lainalaskuri\/yrityslainalaskuri\/#faq-question-1679982330194","name":"Mitk\u00e4 ovat t\u00e4rkeimm\u00e4t tekij\u00e4t, jotka on otettava huomioon yrityslainaa haettaessa?","answerCount":1,"acceptedAnswer":{"@type":"Answer","text":"Yrityslainaa hakiessa on t\u00e4rke\u00e4\u00e4 ottaa huomioon tarvittava lainan m\u00e4\u00e4r\u00e4, yritykselle sopiva takaisinmaksuaika, lainan kokonaiskustannukset ja lainanantajan luotettavuus. Lis\u00e4ksi on t\u00e4rke\u00e4\u00e4 mietti\u00e4, mihin tarkoitukseen laina tarvitaan ja millaisia riskej\u00e4 lainan ottamiseen liittyy.","inLanguage":"fi"},"inLanguage":"fi"},{"@type":"Question","@id":"https:\/\/www.top5credits.com\/fi\/lainalaskuri\/yrityslainalaskuri\/#faq-question-1679982350124","position":3,"url":"https:\/\/www.top5credits.com\/fi\/lainalaskuri\/yrityslainalaskuri\/#faq-question-1679982350124","name":"Mihin yrityksen lainalaskuria voi k\u00e4ytt\u00e4\u00e4?","answerCount":1,"acceptedAnswer":{"@type":"Answer","text":"Yrityksen lainalaskurin avulla voit laskea lainatarjouksen todelliset kulut ja kustannukset sek\u00e4 suunnitella lainan takaisinmaksua. Tarvittaessa laskuria voi k\u00e4ytt\u00e4\u00e4 my\u00f6s korkolaskurina. Sivuiltamme l\u00f6yd\u00e4t lis\u00e4\u00e4 syit\u00e4, <a href=\"#yrityslainalaskurin-kaytto-kannattaa\">miksi yrityksen kannattaa k\u00e4ytt\u00e4\u00e4 lainalaskuria<\/a> apuna.","inLanguage":"fi"},"inLanguage":"fi"}]}},"_links":{"self":[{"href":"https:\/\/www.top5credits.com\/fi\/wp-json\/wp\/v2\/pages\/13270","targetHints":{"allow":["GET"]}}],"collection":[{"href":"https:\/\/www.top5credits.com\/fi\/wp-json\/wp\/v2\/pages"}],"about":[{"href":"https:\/\/www.top5credits.com\/fi\/wp-json\/wp\/v2\/types\/page"}],"author":[{"embeddable":true,"href":"https:\/\/www.top5credits.com\/fi\/wp-json\/wp\/v2\/users\/21"}],"replies":[{"embeddable":true,"href":"https:\/\/www.top5credits.com\/fi\/wp-json\/wp\/v2\/comments?post=13270"}],"version-history":[{"count":0,"href":"https:\/\/www.top5credits.com\/fi\/wp-json\/wp\/v2\/pages\/13270\/revisions"}],"up":[{"embeddable":true,"href":"https:\/\/www.top5credits.com\/fi\/wp-json\/wp\/v2\/pages\/1994"}],"wp:attachment":[{"href":"https:\/\/www.top5credits.com\/fi\/wp-json\/wp\/v2\/media?parent=13270"}],"curies":[{"name":"wp","href":"https:\/\/api.w.org\/{rel}","templated":true}]}}