{"id":223,"date":"2019-04-12T09:36:05","date_gmt":"2019-04-12T06:36:05","guid":{"rendered":"https:\/\/www.top5credits.com\/fi\/?page_id=223"},"modified":"2023-10-06T15:06:54","modified_gmt":"2023-10-06T12:06:54","slug":"tietoa","status":"publish","type":"page","link":"https:\/\/www.top5credits.com\/fi\/tietoa\/","title":{"rendered":"Tietoa"},"content":{"rendered":"\n<h1 class=\"wp-block-heading\">Tietoa meist\u00e4<\/h1>\n\n\n\n<figure class=\"wp-block-image size-full is-resized\"><img decoding=\"async\" src=\"https:\/\/www.top5credits.com\/fi\/wp-content\/uploads\/sites\/2\/2023\/10\/top5credits-com-logo.png\" alt=\"top5credits\" class=\"wp-image-14016\" style=\"width:200px\" width=\"200\"\/><\/figure>\n\n\n\n<p>Top5Credits.com auttaa kuluttajia l\u00f6yt\u00e4m\u00e4\u00e4n sopivan lainan. Etsimme teknologiamme avulla 5 sopivinta vaihtoehtoa eri pankkien ja lainapalveluiden joukosta perustuen kuluttajan profiiliin ja dataamme. T\u00e4m\u00e4n lis\u00e4ksi olemme my\u00f6s henkil\u00f6kohtaisesti testanneet ja arvostelleet lainat. <\/p>\n\n\n\n<p>Top5Credits.comin omistaa <a href=\"https:\/\/draivi.com\/\">Draivi<\/a>, joka on vuodesta 2012 <strong>auttanut yli miljoonaa kuluttajaa<\/strong> pankkien ja lainapalveluiden vertailussa Suomessa, Ruotsissa, Norjassa, Tanskassa, Espanjassa, Saksassa ja Puolassa. Hy\u00f6dynn\u00e4mme dataa, analytiikka ja markkinointiteknologioita tehokkaasti ratkaisuissamme. <\/p>\n\n\n\n<p>Jaamme mielell\u00e4mme tietoa ja dataa toimittajille ja muille kulutusluottomarkkinoista kiinnostuneille tahoille esimerkiksi:<\/p>\n\n\n\n<ul class=\"wp-block-list\">\n<li>Asiantuntemusta kulutusluotoista<\/li>\n\n\n\n<li>Anonymisoitu data tyypillisist\u00e4 kuluttajaprofiileista eri lainatuotteille<\/li>\n\n\n\n<li>Dataa markkinoiden v\u00e4lisist\u00e4 eroista Pohjoismaissa (Suomi, Ruotsi, Norja, Tanska)<\/li>\n\n\n\n<li>Dataa kausivaihteluista eri kuukausien ja vuodenaikojen v\u00e4lill\u00e4<\/li>\n\n\n\n<li>Dataa ja kommentteja kulutusluottomarkkinoiden kehityksest\u00e4<\/li>\n<\/ul>\n\n\n\n<p>Kiinnostunut tekem\u00e4\u00e4n yhteisty\u00f6t\u00e4? Teemme mielell\u00e4mme yhteisty\u00f6t\u00e4 eri medioiden, julkaisijoiden, affiliate verkostojen, rahoitusyhti\u00f6iden ja lainanv\u00e4litt\u00e4jien kanssa. <\/p>\n\n\n\n<p><strong>Yhteyshenkil\u00f6:<\/strong><\/p>\n\n\n\n<figure class=\"wp-block-image is-resized kuvateksti-oikea\"><img loading=\"lazy\" decoding=\"async\" src=\"https:\/\/cdn.top5credits.com\/fi\/wp-content\/uploads\/sites\/2\/2019\/08\/oula.jpg?cdn=1.1.2\" alt=\"Henkil\u00f6kuva\" class=\"wp-image-1121\" style=\"width:197px;height:295px\" width=\"197\" height=\"295\" srcset=\"https:\/\/cdn.top5credits.com\/fi\/wp-content\/uploads\/sites\/2\/2019\/08\/oula.jpg?cdn=1.1.2 262w, https:\/\/cdn.top5credits.com\/fi\/wp-content\/uploads\/sites\/2\/2019\/08\/oula-200x300.jpg?cdn=1.1.2 200w\" sizes=\"auto, (max-width: 197px) 100vw, 197px\" \/><figcaption class=\"wp-element-caption\">Oula Lehtinen<br>Perustaja<br>oula@draivimedia.fi<\/figcaption><\/figure>\n","protected":false},"excerpt":{"rendered":"<p>Tietoa meist\u00e4 Top5Credits.com auttaa kuluttajia l\u00f6yt\u00e4m\u00e4\u00e4n sopivan lainan. Etsimme teknologiamme avulla 5 sopivinta vaihtoehtoa eri pankkien ja lainapalveluiden joukosta perustuen kuluttajan profiiliin ja dataamme. T\u00e4m\u00e4n<\/p>\n<p class=\"more-link\">Jatka lukemista <span class=\"screen-reader-text\">Tietoa<\/span><\/p>\n","protected":false},"author":2,"featured_media":67,"parent":0,"menu_order":0,"comment_status":"closed","ping_status":"closed","template":"","meta":{"footnotes":""},"class_list":["post-223","page","type-page","status-publish","has-post-thumbnail","hentry","entry"],"yoast_head":"<!-- This site is optimized with the Yoast SEO plugin v27.3 - https:\/\/yoast.com\/product\/yoast-seo-wordpress\/ -->\n<title>Tietoa meist\u00e4 - Top5Credits.com Suomi<\/title>\n<meta name=\"description\" content=\"Top5Credits.com auttaa kuluttajia l\u00f6yt\u00e4m\u00e4\u00e4n sopivimman lainan eri pankkien ja lainapalveluiden joukosta.\" \/>\n<meta name=\"robots\" content=\"index, follow, max-snippet:-1, max-image-preview:large, max-video-preview:-1\" \/>\n<link rel=\"canonical\" href=\"https:\/\/www.top5credits.com\/fi\/tietoa\/\" \/>\n<meta property=\"og:locale\" content=\"fi_FI\" \/>\n<meta property=\"og:type\" content=\"article\" \/>\n<meta property=\"og:title\" content=\"Tietoa meist\u00e4 - Top5Credits.com Suomi\" \/>\n<meta property=\"og:description\" content=\"Top5Credits.com auttaa kuluttajia l\u00f6yt\u00e4m\u00e4\u00e4n sopivimman lainan eri pankkien ja lainapalveluiden joukosta.\" \/>\n<meta property=\"og:url\" content=\"https:\/\/www.top5credits.com\/fi\/tietoa\/\" \/>\n<meta property=\"og:site_name\" content=\"Top5Credits.com Suomi\" \/>\n<meta property=\"article:publisher\" content=\"https:\/\/www.facebook.com\/Top5Creditscom-Suomi-878136912537066\" \/>\n<meta property=\"article:modified_time\" content=\"2023-10-06T12:06:54+00:00\" \/>\n<meta property=\"og:image\" content=\"https:\/\/cdn.top5credits.com\/fi\/wp-content\/uploads\/sites\/2\/2019\/06\/top5-og.jpg?cdn=1.1.2\" \/>\n\t<meta property=\"og:image:width\" content=\"1200\" \/>\n\t<meta property=\"og:image:height\" content=\"630\" \/>\n\t<meta property=\"og:image:type\" content=\"image\/jpeg\" \/>\n<meta name=\"twitter:card\" content=\"summary_large_image\" \/>\n<meta name=\"twitter:label1\" content=\"Arvioitu lukuaika\" \/>\n\t<meta name=\"twitter:data1\" content=\"2 minuuttia\" \/>\n<script type=\"application\/ld+json\" class=\"yoast-schema-graph\">{\"@context\":\"https:\\\/\\\/schema.org\",\"@graph\":[{\"@type\":\"Article\",\"@id\":\"https:\\\/\\\/www.top5credits.com\\\/fi\\\/tietoa\\\/#article\",\"isPartOf\":{\"@id\":\"https:\\\/\\\/www.top5credits.com\\\/fi\\\/tietoa\\\/\"},\"author\":{\"name\":\"kalle\",\"@id\":\"https:\\\/\\\/www.top5credits.com\\\/fi\\\/#\\\/schema\\\/person\\\/e43112587142502acf4712d6f5428ba7\"},\"headline\":\"Tietoa\",\"datePublished\":\"2019-04-12T06:36:05+00:00\",\"dateModified\":\"2023-10-06T12:06:54+00:00\",\"mainEntityOfPage\":{\"@id\":\"https:\\\/\\\/www.top5credits.com\\\/fi\\\/tietoa\\\/\"},\"wordCount\":147,\"publisher\":{\"@id\":\"https:\\\/\\\/www.top5credits.com\\\/fi\\\/#organization\"},\"image\":{\"@id\":\"https:\\\/\\\/www.top5credits.com\\\/fi\\\/tietoa\\\/#primaryimage\"},\"thumbnailUrl\":\"https:\\\/\\\/www.top5credits.com\\\/fi\\\/wp-content\\\/uploads\\\/sites\\\/2\\\/2019\\\/03\\\/varjoreuna-5.png\",\"inLanguage\":\"fi\"},{\"@type\":[\"WebPage\",\"AboutPage\"],\"@id\":\"https:\\\/\\\/www.top5credits.com\\\/fi\\\/tietoa\\\/\",\"url\":\"https:\\\/\\\/www.top5credits.com\\\/fi\\\/tietoa\\\/\",\"name\":\"Tietoa meist\u00e4 - Top5Credits.com Suomi\",\"isPartOf\":{\"@id\":\"https:\\\/\\\/www.top5credits.com\\\/fi\\\/#website\"},\"primaryImageOfPage\":{\"@id\":\"https:\\\/\\\/www.top5credits.com\\\/fi\\\/tietoa\\\/#primaryimage\"},\"image\":{\"@id\":\"https:\\\/\\\/www.top5credits.com\\\/fi\\\/tietoa\\\/#primaryimage\"},\"thumbnailUrl\":\"https:\\\/\\\/www.top5credits.com\\\/fi\\\/wp-content\\\/uploads\\\/sites\\\/2\\\/2019\\\/03\\\/varjoreuna-5.png\",\"datePublished\":\"2019-04-12T06:36:05+00:00\",\"dateModified\":\"2023-10-06T12:06:54+00:00\",\"description\":\"Top5Credits.com auttaa kuluttajia l\u00f6yt\u00e4m\u00e4\u00e4n sopivimman lainan eri pankkien ja lainapalveluiden joukosta.\",\"breadcrumb\":{\"@id\":\"https:\\\/\\\/www.top5credits.com\\\/fi\\\/tietoa\\\/#breadcrumb\"},\"inLanguage\":\"fi\",\"potentialAction\":[{\"@type\":\"ReadAction\",\"target\":[\"https:\\\/\\\/www.top5credits.com\\\/fi\\\/tietoa\\\/\"]}]},{\"@type\":\"ImageObject\",\"inLanguage\":\"fi\",\"@id\":\"https:\\\/\\\/www.top5credits.com\\\/fi\\\/tietoa\\\/#primaryimage\",\"url\":\"https:\\\/\\\/www.top5credits.com\\\/fi\\\/wp-content\\\/uploads\\\/sites\\\/2\\\/2019\\\/03\\\/varjoreuna-5.png\",\"contentUrl\":\"https:\\\/\\\/www.top5credits.com\\\/fi\\\/wp-content\\\/uploads\\\/sites\\\/2\\\/2019\\\/03\\\/varjoreuna-5.png\",\"width\":2000,\"height\":756,\"caption\":\"tausta top5credits\"},{\"@type\":\"BreadcrumbList\",\"@id\":\"https:\\\/\\\/www.top5credits.com\\\/fi\\\/tietoa\\\/#breadcrumb\",\"itemListElement\":[{\"@type\":\"ListItem\",\"position\":1,\"name\":\"Top5Credits.com\",\"item\":\"https:\\\/\\\/www.top5credits.com\\\/fi\\\/\"},{\"@type\":\"ListItem\",\"position\":2,\"name\":\"Tietoa\"}]},{\"@type\":\"WebSite\",\"@id\":\"https:\\\/\\\/www.top5credits.com\\\/fi\\\/#website\",\"url\":\"https:\\\/\\\/www.top5credits.com\\\/fi\\\/\",\"name\":\"Top5Credits.com Suomi\",\"description\":\"Laittaa lainat j\u00e4rjestykseen\",\"publisher\":{\"@id\":\"https:\\\/\\\/www.top5credits.com\\\/fi\\\/#organization\"},\"potentialAction\":[{\"@type\":\"SearchAction\",\"target\":{\"@type\":\"EntryPoint\",\"urlTemplate\":\"https:\\\/\\\/www.top5credits.com\\\/fi\\\/?s={search_term_string}\"},\"query-input\":{\"@type\":\"PropertyValueSpecification\",\"valueRequired\":true,\"valueName\":\"search_term_string\"}}],\"inLanguage\":\"fi\"},{\"@type\":\"Organization\",\"@id\":\"https:\\\/\\\/www.top5credits.com\\\/fi\\\/#organization\",\"name\":\"Top5Credits.com\",\"url\":\"https:\\\/\\\/www.top5credits.com\\\/fi\\\/\",\"logo\":{\"@type\":\"ImageObject\",\"inLanguage\":\"fi\",\"@id\":\"https:\\\/\\\/www.top5credits.com\\\/fi\\\/#\\\/schema\\\/logo\\\/image\\\/\",\"url\":\"https:\\\/\\\/cdn.top5credits.com\\\/fi\\\/wp-content\\\/uploads\\\/sites\\\/2\\\/2023\\\/10\\\/t5c-favicon.png\",\"contentUrl\":\"https:\\\/\\\/cdn.top5credits.com\\\/fi\\\/wp-content\\\/uploads\\\/sites\\\/2\\\/2023\\\/10\\\/t5c-favicon.png\",\"width\":512,\"height\":512,\"caption\":\"Top5Credits.com\"},\"image\":{\"@id\":\"https:\\\/\\\/www.top5credits.com\\\/fi\\\/#\\\/schema\\\/logo\\\/image\\\/\"},\"sameAs\":[\"https:\\\/\\\/www.facebook.com\\\/Top5Creditscom-Suomi-878136912537066\"]},{\"@type\":\"Person\",\"@id\":\"https:\\\/\\\/www.top5credits.com\\\/fi\\\/#\\\/schema\\\/person\\\/e43112587142502acf4712d6f5428ba7\",\"name\":\"kalle\",\"url\":\"https:\\\/\\\/www.top5credits.com\\\/fi\\\/author\\\/kalle\\\/\"}]}<\/script>\n<!-- \/ Yoast SEO plugin. -->","yoast_head_json":{"title":"Tietoa meist\u00e4 - Top5Credits.com Suomi","description":"Top5Credits.com auttaa kuluttajia l\u00f6yt\u00e4m\u00e4\u00e4n sopivimman lainan eri pankkien ja lainapalveluiden joukosta.","robots":{"index":"index","follow":"follow","max-snippet":"max-snippet:-1","max-image-preview":"max-image-preview:large","max-video-preview":"max-video-preview:-1"},"canonical":"https:\/\/www.top5credits.com\/fi\/tietoa\/","og_locale":"fi_FI","og_type":"article","og_title":"Tietoa meist\u00e4 - Top5Credits.com Suomi","og_description":"Top5Credits.com auttaa kuluttajia l\u00f6yt\u00e4m\u00e4\u00e4n sopivimman lainan eri pankkien ja lainapalveluiden joukosta.","og_url":"https:\/\/www.top5credits.com\/fi\/tietoa\/","og_site_name":"Top5Credits.com Suomi","article_publisher":"https:\/\/www.facebook.com\/Top5Creditscom-Suomi-878136912537066","article_modified_time":"2023-10-06T12:06:54+00:00","og_image":[{"width":1200,"height":630,"url":"https:\/\/cdn.top5credits.com\/fi\/wp-content\/uploads\/sites\/2\/2019\/06\/top5-og.jpg?cdn=1.1.2","type":"image\/jpeg"}],"twitter_card":"summary_large_image","twitter_misc":{"Arvioitu lukuaika":"2 minuuttia"},"schema":{"@context":"https:\/\/schema.org","@graph":[{"@type":"Article","@id":"https:\/\/www.top5credits.com\/fi\/tietoa\/#article","isPartOf":{"@id":"https:\/\/www.top5credits.com\/fi\/tietoa\/"},"author":{"name":"kalle","@id":"https:\/\/www.top5credits.com\/fi\/#\/schema\/person\/e43112587142502acf4712d6f5428ba7"},"headline":"Tietoa","datePublished":"2019-04-12T06:36:05+00:00","dateModified":"2023-10-06T12:06:54+00:00","mainEntityOfPage":{"@id":"https:\/\/www.top5credits.com\/fi\/tietoa\/"},"wordCount":147,"publisher":{"@id":"https:\/\/www.top5credits.com\/fi\/#organization"},"image":{"@id":"https:\/\/www.top5credits.com\/fi\/tietoa\/#primaryimage"},"thumbnailUrl":"https:\/\/cdn.top5credits.com\/fi\/wp-content\/uploads\/sites\/2\/2019\/03\/varjoreuna-5.png?cdn=1.1.2","inLanguage":"fi"},{"@type":["WebPage","AboutPage"],"@id":"https:\/\/www.top5credits.com\/fi\/tietoa\/","url":"https:\/\/www.top5credits.com\/fi\/tietoa\/","name":"Tietoa meist\u00e4 - Top5Credits.com Suomi","isPartOf":{"@id":"https:\/\/www.top5credits.com\/fi\/#website"},"primaryImageOfPage":{"@id":"https:\/\/www.top5credits.com\/fi\/tietoa\/#primaryimage"},"image":{"@id":"https:\/\/www.top5credits.com\/fi\/tietoa\/#primaryimage"},"thumbnailUrl":"https:\/\/cdn.top5credits.com\/fi\/wp-content\/uploads\/sites\/2\/2019\/03\/varjoreuna-5.png?cdn=1.1.2","datePublished":"2019-04-12T06:36:05+00:00","dateModified":"2023-10-06T12:06:54+00:00","description":"Top5Credits.com auttaa kuluttajia l\u00f6yt\u00e4m\u00e4\u00e4n sopivimman lainan eri pankkien ja lainapalveluiden joukosta.","breadcrumb":{"@id":"https:\/\/www.top5credits.com\/fi\/tietoa\/#breadcrumb"},"inLanguage":"fi","potentialAction":[{"@type":"ReadAction","target":["https:\/\/www.top5credits.com\/fi\/tietoa\/"]}]},{"@type":"ImageObject","inLanguage":"fi","@id":"https:\/\/www.top5credits.com\/fi\/tietoa\/#primaryimage","url":"https:\/\/cdn.top5credits.com\/fi\/wp-content\/uploads\/sites\/2\/2019\/03\/varjoreuna-5.png?cdn=1.1.2","contentUrl":"https:\/\/cdn.top5credits.com\/fi\/wp-content\/uploads\/sites\/2\/2019\/03\/varjoreuna-5.png?cdn=1.1.2","width":2000,"height":756,"caption":"tausta top5credits"},{"@type":"BreadcrumbList","@id":"https:\/\/www.top5credits.com\/fi\/tietoa\/#breadcrumb","itemListElement":[{"@type":"ListItem","position":1,"name":"Top5Credits.com","item":"https:\/\/www.top5credits.com\/fi\/"},{"@type":"ListItem","position":2,"name":"Tietoa"}]},{"@type":"WebSite","@id":"https:\/\/www.top5credits.com\/fi\/#website","url":"https:\/\/www.top5credits.com\/fi\/","name":"Top5Credits.com Suomi","description":"Laittaa lainat j\u00e4rjestykseen","publisher":{"@id":"https:\/\/www.top5credits.com\/fi\/#organization"},"potentialAction":[{"@type":"SearchAction","target":{"@type":"EntryPoint","urlTemplate":"https:\/\/www.top5credits.com\/fi\/?s={search_term_string}"},"query-input":{"@type":"PropertyValueSpecification","valueRequired":true,"valueName":"search_term_string"}}],"inLanguage":"fi"},{"@type":"Organization","@id":"https:\/\/www.top5credits.com\/fi\/#organization","name":"Top5Credits.com","url":"https:\/\/www.top5credits.com\/fi\/","logo":{"@type":"ImageObject","inLanguage":"fi","@id":"https:\/\/www.top5credits.com\/fi\/#\/schema\/logo\/image\/","url":"https:\/\/cdn.top5credits.com\/fi\/wp-content\/uploads\/sites\/2\/2023\/10\/t5c-favicon.png","contentUrl":"https:\/\/cdn.top5credits.com\/fi\/wp-content\/uploads\/sites\/2\/2023\/10\/t5c-favicon.png","width":512,"height":512,"caption":"Top5Credits.com"},"image":{"@id":"https:\/\/www.top5credits.com\/fi\/#\/schema\/logo\/image\/"},"sameAs":["https:\/\/www.facebook.com\/Top5Creditscom-Suomi-878136912537066"]},{"@type":"Person","@id":"https:\/\/www.top5credits.com\/fi\/#\/schema\/person\/e43112587142502acf4712d6f5428ba7","name":"kalle","url":"https:\/\/www.top5credits.com\/fi\/author\/kalle\/"}]}},"_links":{"self":[{"href":"https:\/\/www.top5credits.com\/fi\/wp-json\/wp\/v2\/pages\/223","targetHints":{"allow":["GET"]}}],"collection":[{"href":"https:\/\/www.top5credits.com\/fi\/wp-json\/wp\/v2\/pages"}],"about":[{"href":"https:\/\/www.top5credits.com\/fi\/wp-json\/wp\/v2\/types\/page"}],"author":[{"embeddable":true,"href":"https:\/\/www.top5credits.com\/fi\/wp-json\/wp\/v2\/users\/2"}],"replies":[{"embeddable":true,"href":"https:\/\/www.top5credits.com\/fi\/wp-json\/wp\/v2\/comments?post=223"}],"version-history":[{"count":0,"href":"https:\/\/www.top5credits.com\/fi\/wp-json\/wp\/v2\/pages\/223\/revisions"}],"wp:featuredmedia":[{"embeddable":true,"href":"https:\/\/www.top5credits.com\/fi\/wp-json\/wp\/v2\/media\/67"}],"wp:attachment":[{"href":"https:\/\/www.top5credits.com\/fi\/wp-json\/wp\/v2\/media?parent=223"}],"curies":[{"name":"wp","href":"https:\/\/api.w.org\/{rel}","templated":true}]}}