{"id":255,"date":"2019-04-24T15:04:22","date_gmt":"2019-04-24T12:04:22","guid":{"rendered":"https:\/\/www.top5credits.com\/fi\/?page_id=255"},"modified":"2020-11-04T11:03:13","modified_gmt":"2020-11-04T09:03:13","slug":"rekisteriseloste","status":"publish","type":"page","link":"https:\/\/www.top5credits.com\/fi\/rekisteriseloste\/","title":{"rendered":"Rekisteriseloste"},"content":{"rendered":"\n<h1 class=\"wp-block-heading\">Rekisteriseloste<\/h1>\n\n\n\n<p>Henkil\u00f6rekisteriseloste<br>Top5Credits asiakas- ja markkinointirekisteri<br>Henkil\u00f6tietolaki (523\/99) 10 \u00a7:n mukainen rekisteriseloste. Laatimispvm 25.04.2019. Viimeksi p\u00e4ivitetty 25.04.2019.<\/p>\n\n\n\n<h3 class=\"wp-block-heading\"><strong>1. Rekisterinpit\u00e4j\u00e4<\/strong><\/h3>\n\n\n\n<p>Draivi Media Oy, Y-tunnus 2464551-6, PL 215, 00101 Helsinki<\/p>\n\n\n\n<h3 class=\"wp-block-heading\"><strong>2. Rekisteriasioista vastaava henkil\u00f6<\/strong><\/h3>\n\n\n\n<p>Oula Lehtinen<br>S\u00e4hk\u00f6posti: fi@top5credits.com<br>Osoite: PL 215, 00101 Helsinki<\/p>\n\n\n\n<h3 class=\"wp-block-heading\"><strong>3. Rekisterin nimi<\/strong><\/h3>\n\n\n\n<p>Top5Credits asiakas- ja markkinointirekisteri.<\/p>\n\n\n\n<h3 class=\"wp-block-heading\"><strong>4. Henkil\u00f6tietojen k\u00e4sittelyn tarkoitus (rekisterin k\u00e4ytt\u00f6tarkoitus)<\/strong><\/h3>\n\n\n\n<p>Rekisteri\u00e4 k\u00e4ytet\u00e4\u00e4n asiakkaan suostumuksella ja asiakkaan antaman palvelupyynn\u00f6n vuoksi asiakkaan yksil\u00f6intiin ja tunnistamiseen Top5Credits verkkopalvelussa, jossa asiakas voi j\u00e4tt\u00e4\u00e4 hakemuksen ja vastaanottaa laina- ja muita rahoitusalan tuotteita koskevia tarjouksia Top5Credits yhteisty\u00f6kumppaneilta. Rekisteri\u00e4 k\u00e4ytet\u00e4\u00e4n my\u00f6s lakiin perustuvien ja viranomaisten m\u00e4\u00e4r\u00e4ysten ja ohjeiden mukaisten s\u00e4ilytys-, raportointi- ja kyselyvelvoitteiden hoitamiseen.<br>Rekisterin henkil\u00f6tietoja voidaan k\u00e4ytt\u00e4\u00e4 my\u00f6s rekisterinpit\u00e4j\u00e4n palveluiden suoramarkkinointitarkoitukseen lain sallimissa rajoissa.<\/p>\n\n\n\n<p>Rekisterin henkil\u00f6tietoja k\u00e4ytet\u00e4\u00e4n my\u00f6s Top5Credits asiakaspalvelun hoitamiseen ja asiakassuhteen hoitamiseen sek\u00e4 mahdollisten reklamointien hallinnointiin ja hoitamiseen sek\u00e4 sis\u00e4isiin markkinointi- ja asiakasanalyyseihin ja markkinointitutkimuksiin.<br>Rekisterin henkil\u00f6tietoja voidaan k\u00e4ytt\u00e4\u00e4 my\u00f6s s\u00e4hk\u00f6isten palveluidemme muokkaamiseen k\u00e4ytt\u00e4j\u00e4lle yksil\u00f6idyiksi eri sivustoillamme (kuten www.top5credits.com\/fi ).<br>Rekisterin henkil\u00f6tietoja voidaan k\u00e4ytt\u00e4\u00e4 my\u00f6s Draivi Media Oy:n oman liiketoiminnan edelleen kehitt\u00e4miseen. Jos et anna tietoja, jotka on merkitty pakollisiksi tietoja pyydett\u00e4ess\u00e4, Top5Credits ei voi v\u00e4ltt\u00e4m\u00e4tt\u00e4 toimittaa sinulle palveluita.<br>Jotkin Top5Credits palvelut voivat edellytt\u00e4\u00e4 erityisi\u00e4 ehtoja henkil\u00f6tietojen k\u00e4sittelyyn. Niist\u00e4 tiedotetaan k\u00e4ytt\u00e4j\u00e4\u00e4 ja hyv\u00e4ksynt\u00e4\u00e4 niihin pyydet\u00e4\u00e4n k\u00e4ytt\u00e4j\u00e4lt\u00e4 sen yhteydess\u00e4, kun k\u00e4ytt\u00e4j\u00e4 k\u00e4ytt\u00e4\u00e4 palveluita.<\/p>\n\n\n\n<h3 class=\"wp-block-heading\"><strong>5. Rekisterin tietosis\u00e4lt\u00f6<\/strong><\/h3>\n\n\n\n<p>Rekisteri sis\u00e4lt\u00e4\u00e4 seuraavan ryhmittelyn mukaiset tiedot tuotteiden hakijoista ja asiakkaista ja markkinoinnin kohteista:<\/p>\n\n\n\n<h4 class=\"wp-block-heading\"><strong>5.1 Hakijan henkil\u00f6\u00f6n liittyv\u00e4t tiedot<\/strong><\/h4>\n\n\n\n<ul class=\"wp-block-list\"><li>Etu- ja sukunimet<\/li><li>Osoitetiedot<\/li><li>Puhelinnumero(t)<\/li><li>S\u00e4hk\u00f6postiosoite<\/li><li>Kansalaisuus<\/li><li>Siviilis\u00e4\u00e4ty<\/li><li>Asumistiedot<\/li><li>Tulo- ja menotiedot<\/li><li>Ty\u00f6suhdetiedot<\/li><li>Suoramarkkinointikiellot ja \u2013suostumukset<\/li><li>Asiakkaan antama palaute ja reklamaatiot<\/li><li>Asiakkaan k\u00e4ytt\u00e4m\u00e4n p\u00e4\u00e4telaitteen IP-osoite sek\u00e4 ev\u00e4steet<\/li><li>Asiakkaan itsens\u00e4 antamat lis\u00e4tiedot koskien rekisterinpit\u00e4j\u00e4n palvelujen kannalta olennaisia seikkoja <\/li><\/ul>\n\n\n\n<h4 class=\"wp-block-heading\"><strong>5.2 Suoramarkkinoinnin ja muun markkinoinnin kohteena olevaa henkil\u00f6\u00e4 koskevat tiedot<\/strong><\/h4>\n\n\n\n<ul class=\"wp-block-list\"><li>Etu- ja sukunimet<\/li><li>Osoitetiedot<\/li><li>Puhelinnumero(t)<\/li><li>S\u00e4hk\u00f6postiosoite<\/li><li>Suoramarkkinointikiellot ja \u2013suostumukset<\/li><\/ul>\n\n\n\n<h3 class=\"wp-block-heading\"><strong>6. Rekisterin s\u00e4\u00e4nn\u00f6nmukaiset tietol\u00e4hteet<\/strong><\/h3>\n\n\n\n<p>Rekisteriin ker\u00e4t\u00e4\u00e4n tietoja k\u00e4ytt\u00e4j\u00e4lt\u00e4 asiakassuhteen syntymisen yhteydess\u00e4 sek\u00e4 asiakassuhteen kest\u00e4ess\u00e4. Henkil\u00f6tietoja ker\u00e4t\u00e4\u00e4n:<br>\u2013 Rekister\u00f6idylt\u00e4 itselt\u00e4\u00e4n tiedustelemalla ja rekister\u00f6idyn k\u00e4ytt\u00e4ess\u00e4 Draivi Media Oy:n eri web-sivuja.<\/p>\n\n\n\n<h3 class=\"wp-block-heading\"><strong>7. Tietojen luovutus<\/strong><\/h3>\n\n\n\n<p>Draivi Media Oy voi luovuttaa tietoja vain lains\u00e4\u00e4d\u00e4nn\u00f6n s\u00e4\u00e4ntelemiss\u00e4 rajoissa. Luovutettavia tietoja ovat enint\u00e4\u00e4n seuraavat henkil\u00f6tiedot:<br>Viranomaisen tiedustelussa luovutetaan kaikki viranomaisen m\u00e4\u00e4r\u00e4\u00e4m\u00e4t tiedot.<br>Selvyyden vuoksi todetaan, ett\u00e4 Draivi Media Oy:n henkil\u00f6st\u00f6ll\u00e4 ja sen lukuun toimivilla ulkopuolisilla henkil\u00f6ill\u00e4 on vaitiolovelvollisuus liittyen kaikkiin asiakastietoihin.<\/p>\n\n\n\n<h3 class=\"wp-block-heading\"><strong>8. Tietojen siirt\u00e4minen ETA:n ulkopuolelle<\/strong><\/h3>\n\n\n\n<p>Draivi Media Oy ei siirr\u00e4 henkil\u00f6tietoja Euroopan talousalueen ulkopuolelle edes s\u00e4hk\u00f6isess\u00e4 muodossa.<\/p>\n\n\n\n<h3 class=\"wp-block-heading\"><strong>9. Rekisterin suojaus<\/strong><\/h3>\n\n\n\n<p>Henkil\u00f6rekisterin k\u00e4ytt\u00f6 on rekisterinpit\u00e4j\u00e4n organisaatiossa ohjeistettu ja henkil\u00f6rekisteriin p\u00e4\u00e4sy on rajattu siten, ett\u00e4 sek\u00e4 manuaalisesti tallennettuihin ett\u00e4 IT-j\u00e4rjestelmiin tallennettuihin henkil\u00f6rekisterin sis\u00e4lt\u00e4miin tietoihin p\u00e4\u00e4sev\u00e4t ja niit\u00e4 k\u00e4ytt\u00e4v\u00e4t vain ne rekister\u00f6idyn ty\u00f6ntekij\u00e4t, joilla ty\u00f6ns\u00e4 puolesta on siihen oikeus. Rekisterinpit\u00e4j\u00e4 on j\u00e4rjest\u00e4nyt toimitiloihinsa kulunvalvonnan, lukitukset ja murtoh\u00e4lytinj\u00e4rjestelm\u00e4t. IT-j\u00e4rjestelm\u00e4t on suojattu haittaohjelmien torjuntaohjelmistolla, palomuuriohjelmistolla, k\u00e4ytt\u00e4j\u00e4hallinnalla sek\u00e4 muilla nykyaikaisilla keinoilla. Rekisterinpit\u00e4j\u00e4n henkil\u00f6st\u00f6\u00e4 koulutetaan k\u00e4sittelem\u00e4\u00e4n henkil\u00f6tietoja oikein. Rekisterinpit\u00e4j\u00e4ll\u00e4 on voimassa olevat sis\u00e4iset politiikat ja m\u00e4\u00e4r\u00e4ykset koskien henkil\u00f6tietojen oikeaa k\u00e4sittely\u00e4.<br>Toimeksiantosopimuksilla velvoitetaan rekisterinpit\u00e4j\u00e4n toimeksiannosta henkil\u00f6tietoja k\u00e4sittelevi\u00e4 tahoja suojaamaan henkil\u00f6tietoja vastaavalla tavalla.<br>Verkkosivustossa tietoja suojataan salakirjoitetulla SSL-yhteydell\u00e4, sek\u00e4 salauksella tietojen siirtojen yhteydess\u00e4.<\/p>\n\n\n\n<h3 class=\"wp-block-heading\"><strong>10. Rekister\u00f6idyn kielto-oikeus<\/strong><\/h3>\n\n\n\n<p>Rekister\u00f6idyll\u00e4 on oikeus kielt\u00e4\u00e4 rekisterinpit\u00e4j\u00e4\u00e4 k\u00e4sittelem\u00e4st\u00e4 h\u00e4nt\u00e4 itse\u00e4\u00e4n koskevia tietoja suoramainontaa, et\u00e4myynti\u00e4 ja muuta suoramarkkinointia sek\u00e4 markkina- ja mielipidetutkimusta varten.<\/p>\n\n\n\n<h3 class=\"wp-block-heading\"><strong>11. Rekister\u00f6idyn tarkastusoikeus, tietojen korjaaminen ja tietojen s\u00e4ilytysaika<\/strong><\/h3>\n\n\n\n<p>Rekister\u00f6idyll\u00e4 on oikeus tarkastaa henkil\u00f6rekisteriin tallennetut, itse\u00e4\u00e4n koskevat tiedot ja saada niist\u00e4 kopiot lain tarkoittamalla tavalla.<br>Asiakassuhteen p\u00e4\u00e4ttyess\u00e4 asiakkaan tiedot poistetaan rekisterist\u00e4 heti, kun niiden k\u00e4sittely ei ole en\u00e4\u00e4 tarpeen, mutta viimeist\u00e4\u00e4n lain edellytt\u00e4m\u00e4n m\u00e4\u00e4r\u00e4ajan p\u00e4\u00e4tytty\u00e4. Rekisterinpit\u00e4j\u00e4 oikaisee, poistaa tai t\u00e4ydent\u00e4\u00e4 rekisteriss\u00e4 olevan, k\u00e4sittelyn tarkoituksen kannalta virheellisen, tarpeettoman, puutteellisen tai vanhentuneen henkil\u00f6tiedon oma-aloitteisesti tai rekister\u00f6idyn vaatimuksesta lain tarkoittamalla tavalla.<br>Rekister\u00f6idyn kielto- ja tarkastusoikeuden toteuttamiseksi sek\u00e4 tiedon korjaamiseksi rekister\u00f6idyn tulee ottaa yhteytt\u00e4 rekisteriasioista vastaavaan henkil\u00f6\u00f6n.<\/p>\n","protected":false},"excerpt":{"rendered":"<p>Rekisteriseloste Henkil\u00f6rekisteriselosteTop5Credits asiakas- ja markkinointirekisteriHenkil\u00f6tietolaki (523\/99) 10 \u00a7:n mukainen rekisteriseloste. Laatimispvm 25.04.2019. Viimeksi p\u00e4ivitetty 25.04.2019. 1. Rekisterinpit\u00e4j\u00e4 Draivi Media Oy, Y-tunnus 2464551-6, PL 215, 00101<\/p>\n<p class=\"more-link\">Jatka lukemista <span class=\"screen-reader-text\">Rekisteriseloste<\/span><\/p>\n","protected":false},"author":2,"featured_media":0,"parent":0,"menu_order":0,"comment_status":"closed","ping_status":"closed","template":"","meta":{"footnotes":""},"class_list":["post-255","page","type-page","status-publish","hentry","entry"],"yoast_head":"<!-- This site is optimized with the Yoast SEO plugin v27.3 - https:\/\/yoast.com\/product\/yoast-seo-wordpress\/ -->\n<title>Rekisteriseloste - Top5Credits.com<\/title>\n<meta name=\"description\" content=\"Top5Credits.com sivuston henkil\u00f6tietolaki (523\/99) 10 \u00a7:n mukainen rekisteriseloste.\" \/>\n<meta name=\"robots\" content=\"index, follow, max-snippet:-1, max-image-preview:large, max-video-preview:-1\" \/>\n<link rel=\"canonical\" href=\"https:\/\/www.top5credits.com\/fi\/rekisteriseloste\/\" \/>\n<meta property=\"og:locale\" content=\"fi_FI\" \/>\n<meta property=\"og:type\" content=\"article\" \/>\n<meta property=\"og:title\" content=\"Rekisteriseloste - Top5Credits.com\" \/>\n<meta property=\"og:description\" content=\"Top5Credits.com sivuston henkil\u00f6tietolaki (523\/99) 10 \u00a7:n mukainen rekisteriseloste.\" \/>\n<meta property=\"og:url\" content=\"https:\/\/www.top5credits.com\/fi\/rekisteriseloste\/\" \/>\n<meta property=\"og:site_name\" content=\"Top5Credits.com Suomi\" \/>\n<meta property=\"article:publisher\" content=\"https:\/\/www.facebook.com\/Top5Creditscom-Suomi-878136912537066\" \/>\n<meta property=\"article:modified_time\" content=\"2020-11-04T09:03:13+00:00\" \/>\n<meta property=\"og:image\" content=\"https:\/\/cdn.top5credits.com\/fi\/wp-content\/uploads\/sites\/2\/2023\/11\/top5credits-com-ogimage.png?cdn=1.1.2\" \/>\n\t<meta property=\"og:image:width\" content=\"1200\" \/>\n\t<meta property=\"og:image:height\" content=\"630\" \/>\n\t<meta property=\"og:image:type\" content=\"image\/png\" \/>\n<meta name=\"twitter:card\" content=\"summary_large_image\" \/>\n<meta name=\"twitter:label1\" content=\"Arvioitu lukuaika\" \/>\n\t<meta name=\"twitter:data1\" content=\"4 minuuttia\" \/>\n<script type=\"application\/ld+json\" class=\"yoast-schema-graph\">{\"@context\":\"https:\\\/\\\/schema.org\",\"@graph\":[{\"@type\":\"WebPage\",\"@id\":\"https:\\\/\\\/www.top5credits.com\\\/fi\\\/rekisteriseloste\\\/\",\"url\":\"https:\\\/\\\/www.top5credits.com\\\/fi\\\/rekisteriseloste\\\/\",\"name\":\"Rekisteriseloste - Top5Credits.com\",\"isPartOf\":{\"@id\":\"https:\\\/\\\/www.top5credits.com\\\/fi\\\/#website\"},\"datePublished\":\"2019-04-24T12:04:22+00:00\",\"dateModified\":\"2020-11-04T09:03:13+00:00\",\"description\":\"Top5Credits.com sivuston henkil\u00f6tietolaki (523\\\/99) 10 \u00a7:n mukainen rekisteriseloste.\",\"breadcrumb\":{\"@id\":\"https:\\\/\\\/www.top5credits.com\\\/fi\\\/rekisteriseloste\\\/#breadcrumb\"},\"inLanguage\":\"fi\",\"potentialAction\":[{\"@type\":\"ReadAction\",\"target\":[\"https:\\\/\\\/www.top5credits.com\\\/fi\\\/rekisteriseloste\\\/\"]}]},{\"@type\":\"BreadcrumbList\",\"@id\":\"https:\\\/\\\/www.top5credits.com\\\/fi\\\/rekisteriseloste\\\/#breadcrumb\",\"itemListElement\":[{\"@type\":\"ListItem\",\"position\":1,\"name\":\"Top5Credits.com\",\"item\":\"https:\\\/\\\/www.top5credits.com\\\/fi\\\/\"},{\"@type\":\"ListItem\",\"position\":2,\"name\":\"Rekisteriseloste\"}]},{\"@type\":\"WebSite\",\"@id\":\"https:\\\/\\\/www.top5credits.com\\\/fi\\\/#website\",\"url\":\"https:\\\/\\\/www.top5credits.com\\\/fi\\\/\",\"name\":\"Top5Credits.com Suomi\",\"description\":\"Laittaa lainat j\u00e4rjestykseen\",\"publisher\":{\"@id\":\"https:\\\/\\\/www.top5credits.com\\\/fi\\\/#organization\"},\"potentialAction\":[{\"@type\":\"SearchAction\",\"target\":{\"@type\":\"EntryPoint\",\"urlTemplate\":\"https:\\\/\\\/www.top5credits.com\\\/fi\\\/?s={search_term_string}\"},\"query-input\":{\"@type\":\"PropertyValueSpecification\",\"valueRequired\":true,\"valueName\":\"search_term_string\"}}],\"inLanguage\":\"fi\"},{\"@type\":\"Organization\",\"@id\":\"https:\\\/\\\/www.top5credits.com\\\/fi\\\/#organization\",\"name\":\"Top5Credits.com\",\"url\":\"https:\\\/\\\/www.top5credits.com\\\/fi\\\/\",\"logo\":{\"@type\":\"ImageObject\",\"inLanguage\":\"fi\",\"@id\":\"https:\\\/\\\/www.top5credits.com\\\/fi\\\/#\\\/schema\\\/logo\\\/image\\\/\",\"url\":\"https:\\\/\\\/cdn.top5credits.com\\\/fi\\\/wp-content\\\/uploads\\\/sites\\\/2\\\/2023\\\/10\\\/t5c-favicon.png\",\"contentUrl\":\"https:\\\/\\\/cdn.top5credits.com\\\/fi\\\/wp-content\\\/uploads\\\/sites\\\/2\\\/2023\\\/10\\\/t5c-favicon.png\",\"width\":512,\"height\":512,\"caption\":\"Top5Credits.com\"},\"image\":{\"@id\":\"https:\\\/\\\/www.top5credits.com\\\/fi\\\/#\\\/schema\\\/logo\\\/image\\\/\"},\"sameAs\":[\"https:\\\/\\\/www.facebook.com\\\/Top5Creditscom-Suomi-878136912537066\"]}]}<\/script>\n<!-- \/ Yoast SEO plugin. -->","yoast_head_json":{"title":"Rekisteriseloste - Top5Credits.com","description":"Top5Credits.com sivuston henkil\u00f6tietolaki (523\/99) 10 \u00a7:n mukainen rekisteriseloste.","robots":{"index":"index","follow":"follow","max-snippet":"max-snippet:-1","max-image-preview":"max-image-preview:large","max-video-preview":"max-video-preview:-1"},"canonical":"https:\/\/www.top5credits.com\/fi\/rekisteriseloste\/","og_locale":"fi_FI","og_type":"article","og_title":"Rekisteriseloste - Top5Credits.com","og_description":"Top5Credits.com sivuston henkil\u00f6tietolaki (523\/99) 10 \u00a7:n mukainen rekisteriseloste.","og_url":"https:\/\/www.top5credits.com\/fi\/rekisteriseloste\/","og_site_name":"Top5Credits.com Suomi","article_publisher":"https:\/\/www.facebook.com\/Top5Creditscom-Suomi-878136912537066","article_modified_time":"2020-11-04T09:03:13+00:00","og_image":[{"width":1200,"height":630,"url":"https:\/\/cdn.top5credits.com\/fi\/wp-content\/uploads\/sites\/2\/2023\/11\/top5credits-com-ogimage.png?cdn=1.1.2","type":"image\/png"}],"twitter_card":"summary_large_image","twitter_misc":{"Arvioitu lukuaika":"4 minuuttia"},"schema":{"@context":"https:\/\/schema.org","@graph":[{"@type":"WebPage","@id":"https:\/\/www.top5credits.com\/fi\/rekisteriseloste\/","url":"https:\/\/www.top5credits.com\/fi\/rekisteriseloste\/","name":"Rekisteriseloste - Top5Credits.com","isPartOf":{"@id":"https:\/\/www.top5credits.com\/fi\/#website"},"datePublished":"2019-04-24T12:04:22+00:00","dateModified":"2020-11-04T09:03:13+00:00","description":"Top5Credits.com sivuston henkil\u00f6tietolaki (523\/99) 10 \u00a7:n mukainen rekisteriseloste.","breadcrumb":{"@id":"https:\/\/www.top5credits.com\/fi\/rekisteriseloste\/#breadcrumb"},"inLanguage":"fi","potentialAction":[{"@type":"ReadAction","target":["https:\/\/www.top5credits.com\/fi\/rekisteriseloste\/"]}]},{"@type":"BreadcrumbList","@id":"https:\/\/www.top5credits.com\/fi\/rekisteriseloste\/#breadcrumb","itemListElement":[{"@type":"ListItem","position":1,"name":"Top5Credits.com","item":"https:\/\/www.top5credits.com\/fi\/"},{"@type":"ListItem","position":2,"name":"Rekisteriseloste"}]},{"@type":"WebSite","@id":"https:\/\/www.top5credits.com\/fi\/#website","url":"https:\/\/www.top5credits.com\/fi\/","name":"Top5Credits.com Suomi","description":"Laittaa lainat j\u00e4rjestykseen","publisher":{"@id":"https:\/\/www.top5credits.com\/fi\/#organization"},"potentialAction":[{"@type":"SearchAction","target":{"@type":"EntryPoint","urlTemplate":"https:\/\/www.top5credits.com\/fi\/?s={search_term_string}"},"query-input":{"@type":"PropertyValueSpecification","valueRequired":true,"valueName":"search_term_string"}}],"inLanguage":"fi"},{"@type":"Organization","@id":"https:\/\/www.top5credits.com\/fi\/#organization","name":"Top5Credits.com","url":"https:\/\/www.top5credits.com\/fi\/","logo":{"@type":"ImageObject","inLanguage":"fi","@id":"https:\/\/www.top5credits.com\/fi\/#\/schema\/logo\/image\/","url":"https:\/\/cdn.top5credits.com\/fi\/wp-content\/uploads\/sites\/2\/2023\/10\/t5c-favicon.png","contentUrl":"https:\/\/cdn.top5credits.com\/fi\/wp-content\/uploads\/sites\/2\/2023\/10\/t5c-favicon.png","width":512,"height":512,"caption":"Top5Credits.com"},"image":{"@id":"https:\/\/www.top5credits.com\/fi\/#\/schema\/logo\/image\/"},"sameAs":["https:\/\/www.facebook.com\/Top5Creditscom-Suomi-878136912537066"]}]}},"_links":{"self":[{"href":"https:\/\/www.top5credits.com\/fi\/wp-json\/wp\/v2\/pages\/255","targetHints":{"allow":["GET"]}}],"collection":[{"href":"https:\/\/www.top5credits.com\/fi\/wp-json\/wp\/v2\/pages"}],"about":[{"href":"https:\/\/www.top5credits.com\/fi\/wp-json\/wp\/v2\/types\/page"}],"author":[{"embeddable":true,"href":"https:\/\/www.top5credits.com\/fi\/wp-json\/wp\/v2\/users\/2"}],"replies":[{"embeddable":true,"href":"https:\/\/www.top5credits.com\/fi\/wp-json\/wp\/v2\/comments?post=255"}],"version-history":[{"count":0,"href":"https:\/\/www.top5credits.com\/fi\/wp-json\/wp\/v2\/pages\/255\/revisions"}],"wp:attachment":[{"href":"https:\/\/www.top5credits.com\/fi\/wp-json\/wp\/v2\/media?parent=255"}],"curies":[{"name":"wp","href":"https:\/\/api.w.org\/{rel}","templated":true}]}}