{"id":2765,"date":"2020-02-04T14:02:58","date_gmt":"2020-02-04T12:02:58","guid":{"rendered":"https:\/\/www.top5credits.com\/fi\/?page_id=2765"},"modified":"2024-03-25T16:15:26","modified_gmt":"2024-03-25T14:15:26","slug":"lainaa-500","status":"publish","type":"page","link":"https:\/\/www.top5credits.com\/fi\/lainavertailu\/lainaa-500\/","title":{"rendered":"Lainaa 500"},"content":{"rendered":"\n<h1 class=\"wp-block-heading compare-title\">Lainaa 500 \u20ac heti tilille<\/h1>\n\n\n\n<p>Vertaa 500 euron lainat k\u00e4tev\u00e4sti Top5Credits.comin avulla. Voit vertailla 500\u20ac lainoja koron, laina-ajan ja muiden hakijoiden kokemusten perusteella. Vertaile ja hae 500e lainaa heti.<\/p>\n\n\n        <div class=\"dm-page-metadata\">\r\n\t\t\t\t<p>Kirjoittaja: Anne<br\/><span>Kirjoittaja, Top5Credits.com<\/span>                <\/p>\r\n                <p>P\u00e4ivitetty<br\/>25\/03\/2024                <\/p>\r\n\t\t    <\/div>\r\n    \n\n\n\n<div class=\"wp-block-group top5-eat\"><div class=\"wp-block-group__inner-container is-layout-constrained wp-block-group-is-layout-constrained\">\n<details class=\"wp-block-details is-layout-flow wp-block-details-is-layout-flow\"><summary>Miksi luottaa Top5Creditsiin?<\/summary>\n<div class=\"wp-block-columns is-layout-flex wp-container-core-columns-is-layout-9d6595d7 wp-block-columns-is-layout-flex\">\n<div class=\"wp-block-column is-layout-flow wp-block-column-is-layout-flow\" style=\"flex-basis:60%\">\n<p><strong>Top5Credits <\/strong>ammattitaitoiset yhteisty\u00f6kumppanit arvioivat ja analysoivat jokaisen sivuiltamme l\u00f6ytyv\u00e4n lainatuotteen aina lainanhakuprosessista lainap\u00e4\u00e4t\u00f6kseen saakka. Tiimimme on perill\u00e4 kaikista lainatyypeist\u00e4 ja alan vahva kokemus auttaa heit\u00e4 vertailemaan markkinoiden parhaimmat ja huonoimmat vaihtoehdot. Sivuiltamme l\u00f6yt\u00e4m\u00e4si arviot perustuvat aina Top5Creditsin omiin laatu standardeihin, eiv\u00e4tk\u00e4 yhteisty\u00f6sopimukseen lainantarjoajien kanssa. Tiimimme arvioi lainatuotteet itsen\u00e4isesti, eik\u00e4 heill\u00e4 ole tietoa mahdollisista yhteisty\u00f6sopimuksista.<\/p>\n<\/div>\n\n\n\n<div class=\"wp-block-column is-layout-flow wp-block-column-is-layout-flow\" style=\"flex-basis:40%\">\n<ul class=\"dm-list-check wp-block-list\">\n<li>Laajamittainen alan kokemus<\/li>\n\n\n\n<li>Lainanhakuprosessit ovat oikeiden ihmisten testaamia<\/li>\n\n\n\n<li>Rehelliset arviot<\/li>\n<\/ul>\n<\/div>\n<\/div>\n<\/details>\n<\/div><\/div>\n\n\n\n\n\n\n<div class=\"top-results palkkio\">\n<span class=\"huomiomerkki\">!<\/span> Saamamme palkkio vaikuttaa listauksen j\u00e4rjestykseen &#8211; lue lis\u00e4\u00e4 <span class=\"plus-trigger\">+<\/span>\n<p>Top5Credits.com on t\u00e4ysin ilmainen palvelu, jonka tarkoitus on antaa k\u00e4ytt\u00e4jilleen hy\u00f6dyllist\u00e4 tietoa ja sis\u00e4lt\u00f6\u00e4. Vertailemme lainoja ja arvostelemme lainapalveluita rehellisesti. Jotta voimme pit\u00e4\u00e4 palvelun ilmaisena, saamme yhteisty\u00f6kumppaneiltamme palkkion heille ohjatuista asiakkaista ja palkkion suuruus vaikuttaa listauksen j\u00e4rjestykseen.<\/p>\n<\/div>\n\n\n\n<h2 class=\"wp-block-heading\">Lainaa 500 \u20ac monen vuoden takaisinmaksuajalla<\/h2>\n\n\n\n<p><a href=\"https:\/\/www.top5credits.com\/fi\/lainavertailu\/\">Top5Credits.comin lainavertailun<\/a> ansiosta selvit\u00e4t helposti, kuinka pitki\u00e4 maksuaikoja pankit ja rahoituslaitokset my\u00f6nt\u00e4v\u00e4t eri suuruisille lainoille. Esimerkiksi, 500e lainalle on mahdollista saada useiden vuosien maksuaika, mutta pitk\u00e4n laina-ajan mielekkyytt\u00e4 on syyt\u00e4 pohtia n\u00e4in pienen lainan kohdalla. <\/p>\n\n\n\n<p>Aika on rahaa ja erityisen hyvin t\u00e4m\u00e4 pit\u00e4\u00e4 paikkansa laina-asioissa. Pitk\u00e4 laina-aika nostaa lainan hintaa aina, sill\u00e4 joudut maksamaan korkoa ja muita kuluja jokaiselta lainakuukaudelta. Siksi laina kannattaa maksaa nopeasti pois, jos mahdollista. Esimerkiksi, 500\u20ac laina vuoden maksuajalla voi olla jopa kolme kertaa halvempi, kuin 500 euron laina kolmen vuoden maksuajalla. <a href=\"https:\/\/www.top5credits.com\/fi\/lainalaskuri\/\">Lainalaskurimme<\/a> auttaa sinua hahmottamaan lainan kustannuksia paremmin.<\/p>\n\n\n\n<h2 class=\"wp-block-heading\">Mist\u00e4 edullisesti 500e lainaa?<\/h2>\n\n\n\n<p>Top5Credits on kehitt\u00e4nyt eritt\u00e4in nopean ja helppok\u00e4ytt\u00f6isen lainojen vertailuun keskittyv\u00e4n palvelun. Ker\u00e4\u00e4mme yli 50 pankkia, rahoituslaitosta ja lainanv\u00e4litt\u00e4j\u00e4\u00e4 yhteen paikkaan, jotta sin\u00e4 voisit vertailla niit\u00e4 helpommin. <strong>Hy\u00f6dynn\u00e4 ilmaista lainavertailua ja s\u00e4\u00e4st\u00e4 lainakuluissasi.<\/strong><\/p>\n\n\n\n<p><strong>Sinun kannattaa k\u00e4ytt\u00e4\u00e4 lainavertailuamme koska:<\/strong><\/p>\n\n\n\n<ul class=\"wp-block-list\">\n<li><strong>S\u00e4\u00e4st\u00e4t aikaa<\/strong>. Lainahakemuksen t\u00e4ytt\u00e4minen vie vain muutaman minuutin.<\/li>\n\n\n\n<li><strong>S\u00e4\u00e4st\u00e4t rahaa<\/strong>. L\u00f6yd\u00e4t edullisemman lainan avullamme ja s\u00e4\u00e4st\u00e4t lainakuluissa.<\/li>\n\n\n\n<li>Vertailemme yli 50 pankkia, rahoituslaitosta ja lainanv\u00e4litt\u00e4j\u00e4\u00e4 yhdell\u00e4 hakemuksella.<\/li>\n\n\n\n<li><strong>Palvelumme on 100 % ilmainen<\/strong>.<\/li>\n\n\n\n<li>Lainojen vertaileminen ei sido sinua mihink\u00e4\u00e4n.<\/li>\n\n\n\n<li>Saat 5 sinulle parhaiten sopivinta lainavaihtoehtoa muutamassa minuutissa. Voit vertailla eri vaihtoehtoja ja valita niist\u00e4 parhaimman.<\/li>\n\n\n\n<li>Voit lukea aitoja arvosteluja ja k\u00e4ytt\u00e4jien kokemuksia lainantarjoajista.<\/li>\n\n\n\n<li>Palvelumme k\u00e4ytt\u00e4minen on turvallista.<\/li>\n<\/ul>\n\n\n\n<p>Top5Credits ei my\u00f6nn\u00e4 luottoja, vaan teet luotto- tai lainasopimuksen aina suoraan lainantarjoajan kanssa. Meid\u00e4n teht\u00e4v\u00e4n\u00e4mme on vain varmistaa, ettet sin\u00e4 maksa lainastasi liikaa.<\/p>\n\n\n<div class=\"wp-block-image\">\n<figure class=\"aligncenter size-full is-resized\"><img loading=\"lazy\" decoding=\"async\" width=\"765\" height=\"274\" src=\"https:\/\/cdn.top5credits.com\/fi\/wp-content\/uploads\/sites\/2\/2020\/11\/lainaa-500-500-e-laina-top5credits.jpg\" alt=\"500\u20ac laina top5credits.com\" class=\"wp-image-7644\" style=\"width:574px;height:206px\" srcset=\"https:\/\/cdn.top5credits.com\/fi\/wp-content\/uploads\/sites\/2\/2020\/11\/lainaa-500-500-e-laina-top5credits.jpg?cdn=1.1.2 765w, https:\/\/cdn.top5credits.com\/fi\/wp-content\/uploads\/sites\/2\/2020\/11\/lainaa-500-500-e-laina-top5credits-300x107.jpg?cdn=1.1.2 300w\" sizes=\"auto, (max-width: 765px) 100vw, 765px\" \/><\/figure>\n<\/div>\n\n\n<h2 class=\"wp-block-heading\">Lainaa 500e ilman vakuuksia<\/h2>\n\n\n\n<p><a href=\"https:\/\/www.top5credits.com\/fi\/vakuudettomat-lainat\/\">Vakuudeton laina<\/a> on suosituin kulutuslaina, jota monet verkossa toimivat pankit ja rahoituslaitokset my\u00f6nt\u00e4v\u00e4t. Voit hakea vakuudetonta lainaa 500 eurosta yl\u00f6sp\u00e4in. <a href=\"https:\/\/www.top5credits.com\/fi\/lainavertailu\/\">Vertaile lainat<\/a> huolellisesti ennen lainahakemuksen t\u00e4ytt\u00e4mist\u00e4, sill\u00e4 lainapalveluiden koroissa ja kuluissa on merkitt\u00e4vi\u00e4 eroja. Moni pit\u00e4\u00e4 vakuudetonta lainaa parempana vaihtoehtona, vaikka korko voi olla hieman kalliimpi, koska sinun ei tarvitse asettaa panttia tai takaajia lainan saamiseksi.<\/p>\n\n\n\n<h2 class=\"wp-block-heading\">Kenelle 500 euron laina my\u00f6nnet\u00e4\u00e4n?<\/h2>\n\n\n\n<p>Jokainen pankki ja rahoitusyhti\u00f6 m\u00e4\u00e4rittelee omat v\u00e4himm\u00e4isvaatimuksensa lainanhakijalle. Yleens\u00e4 ehtoihin kuuluvat ainakin t\u00e4ysi-ik\u00e4isyys sek\u00e4 s\u00e4\u00e4nn\u00f6llinen tulonl\u00e4hde, kuten vakituinen ty\u00f6, yritt\u00e4jyys tai el\u00e4ke. Pankit laskevat tarkkaan tulojen ja menojen v\u00e4lisen erotuksen, joten pelk\u00e4st\u00e4\u00e4n hyv\u00e4t tulot eiv\u00e4t automaattisesti tarkoita my\u00f6nteist\u00e4 lainap\u00e4\u00e4t\u00f6st\u00e4. Voimassa oleva maksuh\u00e4iri\u00f6merkint\u00e4 est\u00e4\u00e4 l\u00e4hes poikkeuksetta lainan saamisen.<\/p>\n\n\n<div class=\"wp-block-image\">\n<figure class=\"aligncenter size-full is-resized\"><img loading=\"lazy\" decoding=\"async\" width=\"512\" height=\"554\" src=\"https:\/\/cdn.top5credits.com\/fi\/wp-content\/uploads\/sites\/2\/2020\/11\/lainaa-500-heti-tilille-kuka-voi-hakea.jpg\" alt=\"kuka voi saada lainaa 500 euroa heti tilille\" class=\"wp-image-7642\" style=\"width:384px;height:416px\" srcset=\"https:\/\/cdn.top5credits.com\/fi\/wp-content\/uploads\/sites\/2\/2020\/11\/lainaa-500-heti-tilille-kuka-voi-hakea.jpg?cdn=1.1.2 512w, https:\/\/cdn.top5credits.com\/fi\/wp-content\/uploads\/sites\/2\/2020\/11\/lainaa-500-heti-tilille-kuka-voi-hakea-277x300.jpg?cdn=1.1.2 277w\" sizes=\"auto, (max-width: 512px) 100vw, 512px\" \/><\/figure>\n<\/div>\n\n\n<h2 class=\"wp-block-heading\">Lainaa 500\u20ac heti tilille<\/h2>\n\n\n\n<p>Jos haluat 500 euroa heti tilille, kannattaa <a href=\"https:\/\/www.top5credits.com\/fi\/\">lainaa hakea<\/a> verkossa toimivalta pankilta tai rahoituslaitokselta. Esimerkiksi, <a href=\"https:\/\/www.top5credits.com\/fi\/arvostelut\/ferratum\/\">Ferratum<\/a> my\u00f6nt\u00e4\u00e4 500e lainan tilille nopeasti, \u2013 parhaimmillaan jopa 5 minuutissa. Nopeasti lainaa tarjoavat my\u00f6s <a href=\"https:\/\/www.top5credits.com\/fi\/arvostelut\/credigo\/\">Credigo<\/a> ja <a href=\"https:\/\/www.top5credits.com\/fi\/arvostelut\/omalaina-fi\/\">Omalaina.fi<\/a>. Muista, ett\u00e4 lainap\u00e4\u00e4t\u00f6s perustuu aina lainanhakijan henkil\u00f6kohtaisiin tietoihin. Nopeimman ja itsellesi parhaan kulutusluoton l\u00f6yd\u00e4t lainavertailun avulla. Jos tarvitset <a href=\"https:\/\/www.top5credits.com\/fi\/pikalaina\/\">rahaa nopeasti<\/a>, voit valita lainavertailustamme vain pikalainantarjoajat. <strong>Jokainen pikalainantarjoaja on merkitty erillisell\u00e4 salama symbolilla \u26a1<\/strong>.<\/p>\n\n\n\n<h2 class=\"wp-block-heading\">Korko 500 euron lainalle<\/h2>\n\n\n\n<p>Voit saada 500 euron lainan nopeasti ja edullisesti. Lainasi <strong>todellinen vuosikorko on jotain 4,19\u201338 % v\u00e4lilt\u00e4.<\/strong> Mik\u00e4li olet hoitanut raha-asiasi erinomaisesti ja sinulla ei ole maksuh\u00e4iri\u00f6merkint\u00f6j\u00e4, voit saada lainaa edullisesti. Muista, ett\u00e4 lainantarjoajat tekev\u00e4t jokaisesta lainaa hakevasta henkil\u00f6st\u00e4 riskiarvion, jonka pohjalta lopullinen tarjous annetaan ja lainan korko m\u00e4\u00e4rittyy.<\/p>\n\n\n\n<h2 class=\"wp-block-heading\">Mihin tarkoitukseen 500\u20ac laina sopii?<\/h2>\n\n\n\n<p>500 euron lainalla voi maksaa pieni\u00e4 arjen menoja, kuten laskuja ja pakollisia menoja. Mihin tarkoitukseen lainaa ikin\u00e4 nostatkaan, niin muista vertailla laina. Vakuudettomia lainoja haettaessa, sinun ei tarvitse kertoa mihin tarkoitukseen tarvitset lainaa, eli voit k\u00e4ytt\u00e4\u00e4 rahat parhaaksi katsomallasi tavalla. Emme kuitenkaan suosittele, ett\u00e4 nostat lainaa hetken mielijohteesta ja k\u00e4yt\u00e4t sen esimerkiksi uhkapelaamiseen. Muista, ett\u00e4 laina on aina maksettava takaisin korkojen kera.<\/p>\n\n\n\n<h2 class=\"wp-block-heading\">Voinko maksaa 500e lainan pois ennenaikaisesti?<\/h2>\n\n\n\n<p>Lainan voi l\u00e4hes poikkeuksetta maksaa takaisin nopeammassa tahdissa, mit\u00e4 lainasopimuksessa lukee. Asia kannattaa kuitenkin aina tarkistaa lainantarjoajalta erikseen. Mit\u00e4 nopeammin maksat lainasi takaisin, sit\u00e4 pienemm\u00e4t lainakustannuksesi ovat. <\/p>\n","protected":false},"excerpt":{"rendered":"<p>Lainaa 500 \u20ac heti tilille Vertaa 500 euron lainat k\u00e4tev\u00e4sti Top5Credits.comin avulla. Voit vertailla 500\u20ac lainoja koron, laina-ajan ja muiden hakijoiden kokemusten perusteella. Vertaile ja<\/p>\n<p class=\"more-link\">Jatka lukemista <span class=\"screen-reader-text\">Lainaa 500<\/span><\/p>\n","protected":false},"author":33,"featured_media":549,"parent":350,"menu_order":0,"comment_status":"closed","ping_status":"closed","template":"page-seo-landing.php","meta":{"footnotes":""},"class_list":["post-2765","page","type-page","status-publish","has-post-thumbnail","hentry","entry"],"yoast_head":"<!-- This site is optimized with the Yoast SEO plugin v27.3 - https:\/\/yoast.com\/product\/yoast-seo-wordpress\/ -->\n<title>Lainaa 500 euroa heti tilille - Top5Credits.com Suomi<\/title>\n<meta name=\"description\" content=\"Vertailimme 500 euron lainat ja selvitimme mink\u00e4laisella korolla lainan voi saada ja kuinka pitk\u00e4ksi aikaa. Vertaile ja hae lainaa.\" \/>\n<meta name=\"robots\" content=\"index, follow, max-snippet:-1, max-image-preview:large, max-video-preview:-1\" \/>\n<link rel=\"canonical\" href=\"https:\/\/www.top5credits.com\/fi\/lainavertailu\/lainaa-500\/\" \/>\n<meta property=\"og:locale\" content=\"fi_FI\" \/>\n<meta property=\"og:type\" content=\"article\" \/>\n<meta property=\"og:title\" content=\"Lainaa 500 euroa heti tilille - Top5Credits.com Suomi\" \/>\n<meta property=\"og:description\" content=\"Vertailimme 500 euron lainat ja selvitimme mink\u00e4laisella korolla lainan voi saada ja kuinka pitk\u00e4ksi aikaa. Vertaile ja hae lainaa.\" \/>\n<meta property=\"og:url\" content=\"https:\/\/www.top5credits.com\/fi\/lainavertailu\/lainaa-500\/\" \/>\n<meta property=\"og:site_name\" content=\"Top5Credits.com Suomi\" \/>\n<meta property=\"article:publisher\" content=\"https:\/\/www.facebook.com\/Top5Creditscom-Suomi-878136912537066\" \/>\n<meta property=\"article:modified_time\" content=\"2024-03-25T14:15:26+00:00\" \/>\n<meta property=\"og:image\" content=\"https:\/\/cdn.top5credits.com\/fi\/wp-content\/uploads\/sites\/2\/2019\/12\/top5-teksti.jpg?cdn=1.1.2\" \/>\n\t<meta property=\"og:image:width\" content=\"1200\" \/>\n\t<meta property=\"og:image:height\" content=\"630\" \/>\n\t<meta property=\"og:image:type\" content=\"image\/jpeg\" \/>\n<meta name=\"twitter:card\" content=\"summary_large_image\" \/>\n<meta name=\"twitter:label1\" content=\"Arvioitu lukuaika\" \/>\n\t<meta name=\"twitter:data1\" content=\"5 minuuttia\" \/>\n<script type=\"application\/ld+json\" class=\"yoast-schema-graph\">{\"@context\":\"https:\\\/\\\/schema.org\",\"@graph\":[{\"@type\":\"WebPage\",\"@id\":\"https:\\\/\\\/www.top5credits.com\\\/fi\\\/lainavertailu\\\/lainaa-500\\\/\",\"url\":\"https:\\\/\\\/www.top5credits.com\\\/fi\\\/lainavertailu\\\/lainaa-500\\\/\",\"name\":\"Lainaa 500 euroa heti tilille - Top5Credits.com Suomi\",\"isPartOf\":{\"@id\":\"https:\\\/\\\/www.top5credits.com\\\/fi\\\/#website\"},\"primaryImageOfPage\":{\"@id\":\"https:\\\/\\\/www.top5credits.com\\\/fi\\\/lainavertailu\\\/lainaa-500\\\/#primaryimage\"},\"image\":{\"@id\":\"https:\\\/\\\/www.top5credits.com\\\/fi\\\/lainavertailu\\\/lainaa-500\\\/#primaryimage\"},\"thumbnailUrl\":\"https:\\\/\\\/www.top5credits.com\\\/fi\\\/wp-content\\\/uploads\\\/sites\\\/2\\\/2019\\\/06\\\/varjoreuna.png\",\"datePublished\":\"2020-02-04T12:02:58+00:00\",\"dateModified\":\"2024-03-25T14:15:26+00:00\",\"description\":\"Vertailimme 500 euron lainat ja selvitimme mink\u00e4laisella korolla lainan voi saada ja kuinka pitk\u00e4ksi aikaa. Vertaile ja hae lainaa.\",\"breadcrumb\":{\"@id\":\"https:\\\/\\\/www.top5credits.com\\\/fi\\\/lainavertailu\\\/lainaa-500\\\/#breadcrumb\"},\"inLanguage\":\"fi\",\"potentialAction\":[{\"@type\":\"ReadAction\",\"target\":[\"https:\\\/\\\/www.top5credits.com\\\/fi\\\/lainavertailu\\\/lainaa-500\\\/\"]}]},{\"@type\":\"ImageObject\",\"inLanguage\":\"fi\",\"@id\":\"https:\\\/\\\/www.top5credits.com\\\/fi\\\/lainavertailu\\\/lainaa-500\\\/#primaryimage\",\"url\":\"https:\\\/\\\/www.top5credits.com\\\/fi\\\/wp-content\\\/uploads\\\/sites\\\/2\\\/2019\\\/06\\\/varjoreuna.png\",\"contentUrl\":\"https:\\\/\\\/www.top5credits.com\\\/fi\\\/wp-content\\\/uploads\\\/sites\\\/2\\\/2019\\\/06\\\/varjoreuna.png\",\"width\":2000,\"height\":756,\"caption\":\"top5credits tausta\"},{\"@type\":\"BreadcrumbList\",\"@id\":\"https:\\\/\\\/www.top5credits.com\\\/fi\\\/lainavertailu\\\/lainaa-500\\\/#breadcrumb\",\"itemListElement\":[{\"@type\":\"ListItem\",\"position\":1,\"name\":\"Top5Credits.com\",\"item\":\"https:\\\/\\\/www.top5credits.com\\\/fi\\\/\"},{\"@type\":\"ListItem\",\"position\":2,\"name\":\"Vertaile ja lainaa edullisesti\",\"item\":\"https:\\\/\\\/www.top5credits.com\\\/fi\\\/lainavertailu\\\/\"},{\"@type\":\"ListItem\",\"position\":3,\"name\":\"Lainaa 500\"}]},{\"@type\":\"WebSite\",\"@id\":\"https:\\\/\\\/www.top5credits.com\\\/fi\\\/#website\",\"url\":\"https:\\\/\\\/www.top5credits.com\\\/fi\\\/\",\"name\":\"Top5Credits.com Suomi\",\"description\":\"Laittaa lainat j\u00e4rjestykseen\",\"publisher\":{\"@id\":\"https:\\\/\\\/www.top5credits.com\\\/fi\\\/#organization\"},\"potentialAction\":[{\"@type\":\"SearchAction\",\"target\":{\"@type\":\"EntryPoint\",\"urlTemplate\":\"https:\\\/\\\/www.top5credits.com\\\/fi\\\/?s={search_term_string}\"},\"query-input\":{\"@type\":\"PropertyValueSpecification\",\"valueRequired\":true,\"valueName\":\"search_term_string\"}}],\"inLanguage\":\"fi\"},{\"@type\":\"Organization\",\"@id\":\"https:\\\/\\\/www.top5credits.com\\\/fi\\\/#organization\",\"name\":\"Top5Credits.com\",\"url\":\"https:\\\/\\\/www.top5credits.com\\\/fi\\\/\",\"logo\":{\"@type\":\"ImageObject\",\"inLanguage\":\"fi\",\"@id\":\"https:\\\/\\\/www.top5credits.com\\\/fi\\\/#\\\/schema\\\/logo\\\/image\\\/\",\"url\":\"https:\\\/\\\/cdn.top5credits.com\\\/fi\\\/wp-content\\\/uploads\\\/sites\\\/2\\\/2023\\\/10\\\/t5c-favicon.png\",\"contentUrl\":\"https:\\\/\\\/cdn.top5credits.com\\\/fi\\\/wp-content\\\/uploads\\\/sites\\\/2\\\/2023\\\/10\\\/t5c-favicon.png\",\"width\":512,\"height\":512,\"caption\":\"Top5Credits.com\"},\"image\":{\"@id\":\"https:\\\/\\\/www.top5credits.com\\\/fi\\\/#\\\/schema\\\/logo\\\/image\\\/\"},\"sameAs\":[\"https:\\\/\\\/www.facebook.com\\\/Top5Creditscom-Suomi-878136912537066\"]}]}<\/script>\n<!-- \/ Yoast SEO plugin. -->","yoast_head_json":{"title":"Lainaa 500 euroa heti tilille - Top5Credits.com Suomi","description":"Vertailimme 500 euron lainat ja selvitimme mink\u00e4laisella korolla lainan voi saada ja kuinka pitk\u00e4ksi aikaa. Vertaile ja hae lainaa.","robots":{"index":"index","follow":"follow","max-snippet":"max-snippet:-1","max-image-preview":"max-image-preview:large","max-video-preview":"max-video-preview:-1"},"canonical":"https:\/\/www.top5credits.com\/fi\/lainavertailu\/lainaa-500\/","og_locale":"fi_FI","og_type":"article","og_title":"Lainaa 500 euroa heti tilille - Top5Credits.com Suomi","og_description":"Vertailimme 500 euron lainat ja selvitimme mink\u00e4laisella korolla lainan voi saada ja kuinka pitk\u00e4ksi aikaa. Vertaile ja hae lainaa.","og_url":"https:\/\/www.top5credits.com\/fi\/lainavertailu\/lainaa-500\/","og_site_name":"Top5Credits.com Suomi","article_publisher":"https:\/\/www.facebook.com\/Top5Creditscom-Suomi-878136912537066","article_modified_time":"2024-03-25T14:15:26+00:00","og_image":[{"width":1200,"height":630,"url":"https:\/\/cdn.top5credits.com\/fi\/wp-content\/uploads\/sites\/2\/2019\/12\/top5-teksti.jpg?cdn=1.1.2","type":"image\/jpeg"}],"twitter_card":"summary_large_image","twitter_misc":{"Arvioitu lukuaika":"5 minuuttia"},"schema":{"@context":"https:\/\/schema.org","@graph":[{"@type":"WebPage","@id":"https:\/\/www.top5credits.com\/fi\/lainavertailu\/lainaa-500\/","url":"https:\/\/www.top5credits.com\/fi\/lainavertailu\/lainaa-500\/","name":"Lainaa 500 euroa heti tilille - Top5Credits.com Suomi","isPartOf":{"@id":"https:\/\/www.top5credits.com\/fi\/#website"},"primaryImageOfPage":{"@id":"https:\/\/www.top5credits.com\/fi\/lainavertailu\/lainaa-500\/#primaryimage"},"image":{"@id":"https:\/\/www.top5credits.com\/fi\/lainavertailu\/lainaa-500\/#primaryimage"},"thumbnailUrl":"https:\/\/cdn.top5credits.com\/fi\/wp-content\/uploads\/sites\/2\/2019\/06\/varjoreuna.png?cdn=1.1.2","datePublished":"2020-02-04T12:02:58+00:00","dateModified":"2024-03-25T14:15:26+00:00","description":"Vertailimme 500 euron lainat ja selvitimme mink\u00e4laisella korolla lainan voi saada ja kuinka pitk\u00e4ksi aikaa. Vertaile ja hae lainaa.","breadcrumb":{"@id":"https:\/\/www.top5credits.com\/fi\/lainavertailu\/lainaa-500\/#breadcrumb"},"inLanguage":"fi","potentialAction":[{"@type":"ReadAction","target":["https:\/\/www.top5credits.com\/fi\/lainavertailu\/lainaa-500\/"]}]},{"@type":"ImageObject","inLanguage":"fi","@id":"https:\/\/www.top5credits.com\/fi\/lainavertailu\/lainaa-500\/#primaryimage","url":"https:\/\/cdn.top5credits.com\/fi\/wp-content\/uploads\/sites\/2\/2019\/06\/varjoreuna.png?cdn=1.1.2","contentUrl":"https:\/\/cdn.top5credits.com\/fi\/wp-content\/uploads\/sites\/2\/2019\/06\/varjoreuna.png?cdn=1.1.2","width":2000,"height":756,"caption":"top5credits tausta"},{"@type":"BreadcrumbList","@id":"https:\/\/www.top5credits.com\/fi\/lainavertailu\/lainaa-500\/#breadcrumb","itemListElement":[{"@type":"ListItem","position":1,"name":"Top5Credits.com","item":"https:\/\/www.top5credits.com\/fi\/"},{"@type":"ListItem","position":2,"name":"Vertaile ja lainaa edullisesti","item":"https:\/\/www.top5credits.com\/fi\/lainavertailu\/"},{"@type":"ListItem","position":3,"name":"Lainaa 500"}]},{"@type":"WebSite","@id":"https:\/\/www.top5credits.com\/fi\/#website","url":"https:\/\/www.top5credits.com\/fi\/","name":"Top5Credits.com Suomi","description":"Laittaa lainat j\u00e4rjestykseen","publisher":{"@id":"https:\/\/www.top5credits.com\/fi\/#organization"},"potentialAction":[{"@type":"SearchAction","target":{"@type":"EntryPoint","urlTemplate":"https:\/\/www.top5credits.com\/fi\/?s={search_term_string}"},"query-input":{"@type":"PropertyValueSpecification","valueRequired":true,"valueName":"search_term_string"}}],"inLanguage":"fi"},{"@type":"Organization","@id":"https:\/\/www.top5credits.com\/fi\/#organization","name":"Top5Credits.com","url":"https:\/\/www.top5credits.com\/fi\/","logo":{"@type":"ImageObject","inLanguage":"fi","@id":"https:\/\/www.top5credits.com\/fi\/#\/schema\/logo\/image\/","url":"https:\/\/cdn.top5credits.com\/fi\/wp-content\/uploads\/sites\/2\/2023\/10\/t5c-favicon.png","contentUrl":"https:\/\/cdn.top5credits.com\/fi\/wp-content\/uploads\/sites\/2\/2023\/10\/t5c-favicon.png","width":512,"height":512,"caption":"Top5Credits.com"},"image":{"@id":"https:\/\/www.top5credits.com\/fi\/#\/schema\/logo\/image\/"},"sameAs":["https:\/\/www.facebook.com\/Top5Creditscom-Suomi-878136912537066"]}]}},"_links":{"self":[{"href":"https:\/\/www.top5credits.com\/fi\/wp-json\/wp\/v2\/pages\/2765","targetHints":{"allow":["GET"]}}],"collection":[{"href":"https:\/\/www.top5credits.com\/fi\/wp-json\/wp\/v2\/pages"}],"about":[{"href":"https:\/\/www.top5credits.com\/fi\/wp-json\/wp\/v2\/types\/page"}],"author":[{"embeddable":true,"href":"https:\/\/www.top5credits.com\/fi\/wp-json\/wp\/v2\/users\/33"}],"replies":[{"embeddable":true,"href":"https:\/\/www.top5credits.com\/fi\/wp-json\/wp\/v2\/comments?post=2765"}],"version-history":[{"count":0,"href":"https:\/\/www.top5credits.com\/fi\/wp-json\/wp\/v2\/pages\/2765\/revisions"}],"up":[{"embeddable":true,"href":"https:\/\/www.top5credits.com\/fi\/wp-json\/wp\/v2\/pages\/350"}],"wp:featuredmedia":[{"embeddable":true,"href":"https:\/\/www.top5credits.com\/fi\/wp-json\/wp\/v2\/media\/549"}],"wp:attachment":[{"href":"https:\/\/www.top5credits.com\/fi\/wp-json\/wp\/v2\/media?parent=2765"}],"curies":[{"name":"wp","href":"https:\/\/api.w.org\/{rel}","templated":true}]}}