{"id":2770,"date":"2020-02-04T14:15:51","date_gmt":"2020-02-04T12:15:51","guid":{"rendered":"https:\/\/www.top5credits.com\/fi\/?page_id=2770"},"modified":"2023-09-26T13:46:46","modified_gmt":"2023-09-26T10:46:46","slug":"lainaa-1000","status":"publish","type":"page","link":"https:\/\/www.top5credits.com\/fi\/lainavertailu\/lainaa-1000\/","title":{"rendered":"Lainaa 1000"},"content":{"rendered":"\n<div class=\"wp-block-group first-section\"><div class=\"wp-block-group__inner-container is-layout-flow wp-block-group-is-layout-flow\">\n<h1 class=\"wp-block-heading has-text-align-center compare-title\">Vertaile ja hae lainaa 1000 euroa heti<\/h1>\n\n\n\n<p class=\"has-text-align-center compare-title\">Selvitimme mill\u00e4 hinnalla ja ehdoilla 1000 euron lainan voi saada. Vertaile lainoja koron ja laina-ajan perusteella. Lis\u00e4ksi voit lukea plussat ja miinukset lainoista sek\u00e4 tutustua kattaviin arvosteluihin eri lainapalveluista. Vertaile ja hae laina 1000 eurolle heti.<\/p>\n\n\n\n\n<\/div><\/div>\n\n\n\n\n\n\n<div class=\"top-results palkkio\">\n<span class=\"huomiomerkki\">!<\/span> Saamamme palkkio vaikuttaa listauksen j\u00e4rjestykseen &#8211; lue lis\u00e4\u00e4 <span class=\"plus-trigger\">+<\/span>\n<p>Top5Credits.com on t\u00e4ysin ilmainen palvelu, jonka tarkoitus on antaa k\u00e4ytt\u00e4jilleen hy\u00f6dyllist\u00e4 tietoa ja sis\u00e4lt\u00f6\u00e4. Vertailemme lainoja ja arvostelemme lainapalveluita rehellisesti. Jotta voimme pit\u00e4\u00e4 palvelun ilmaisena, saamme yhteisty\u00f6kumppaneiltamme palkkion heille ohjatuista asiakkaista ja palkkion suuruus vaikuttaa listauksen j\u00e4rjestykseen.<\/p>\n<\/div>\n\n\n\n<h2 class=\"wp-block-heading has-text-align-center\">1000 laina pitk\u00e4ll\u00e4 maksuajalla<\/h2>\n\n\n\n<p>Lainalaskurimme avulla voit arvioida lainakulut 1000 euron lainalle. P\u00e4\u00e4s\u00e4\u00e4nt\u00f6isesti pitk\u00e4 laina-aika nostaa lainan kuluja, sill\u00e4 t\u00e4ll\u00f6in korkojen ja kulujen osuus lainap\u00e4\u00e4omasta ehtii kasvaa suhteettoman suureksi. Laina-aika vaihtelee 1-15 vuoden v\u00e4lill\u00e4, mutta mik\u00e4li haluat mahdollisimman halpaa lainaa, niin maksa laina mahdollisimman nopeasti takaisin. Voit s\u00e4\u00e4st\u00e4\u00e4 suuriakin summia lainan koroissa ja kuluissa, kun pid\u00e4t maksuajan lyhyen\u00e4 ja hy\u00f6dynn\u00e4t lainavertailuamme. Ilmaisen ja helppok\u00e4ytt\u00f6isen<a href=\"https:\/\/www.top5credits.com\/fi\/lainavertailu\/\"> Lainavertailumme<\/a> avulla n\u00e4et, millaisia maksuaikoja pankit ja rahoituslaitokset my\u00f6nt\u00e4v\u00e4t esimerkiksi 1000 euron lainalle.<\/p>\n\n\n\n<h2 class=\"wp-block-heading has-text-align-center\">L\u00f6yd\u00e4 edullinen 1000\u20ac laina avullamme<\/h2>\n\n\n\n<p><a href=\"https:\/\/www.top5credits.com\/fi\/lainalaskuri\/\">Lainalaskurimme<\/a> avulla voit vertailla helposti ja k\u00e4tev\u00e4sti maksuajan, koron ja muiden kustannusten vaikutusta lainan kokonaiskuluihin. Lis\u00e4ksi laskuri kertoo arvion lainan kuukausier\u00e4n suuruudesta. On lainasumma sitten 1000 tai 10000 euroa, niin lainavertailun ja -laskurin avulla, voit valita sopivan lainan sinun tarpeisiisi samalla, kun s\u00e4\u00e4st\u00e4t lainan kokonaiskustannuksissa. L\u00f6yd\u00e4 edullinen 1000\u20ac laina palvelumme avulla.<\/p>\n\n\n\n<h2 class=\"wp-block-heading has-text-align-center\">Halvin 1000 \u20ac laina \u2013 Miten l\u00f6yd\u00e4n halvimman 1000 \u20ac lainan?<\/h2>\n\n\n\n<p>Top5Credits on kehitt\u00e4nyt eritt\u00e4in nopean, helpon ja viel\u00e4 kaiken lis\u00e4ksi maksuttoman lainavertailu, joka ker\u00e4\u00e4 yli 50 pankkia rahoituslaitosta ja lainanv\u00e4litt\u00e4j\u00e4\u00e4 yhteen paikkaan. Ilmaisen palvelumme avulla voit hakea lainaa edullisesti, nopeasti ja turvallisesti.<\/p>\n\n\n\n<p><strong>Miksi sinun kannattaa hakea 1000\u20ac laina Top5Credits.com avulla:<\/strong><\/p>\n\n\n\n<ul class=\"wp-block-list\">\n<li>S\u00e4\u00e4st\u00e4t aikaa. 1000\u20ac lainahakemus ei vie muutamaa minuuttia kauempaa.<\/li>\n<\/ul>\n\n\n\n<ul class=\"wp-block-list\">\n<li>S\u00e4\u00e4st\u00e4t rahaa. L\u00f6yd\u00e4 1000\u20ac lainan avullamme, valitse halvin ja s\u00e4\u00e4st\u00e4 lainakuluissa.<\/li>\n<\/ul>\n\n\n\n<ul class=\"wp-block-list\">\n<li>Vertailemme yli 50 pankkia, rahoituslaitosta ja lainanv\u00e4litt\u00e4j\u00e4\u00e4.<\/li>\n<\/ul>\n\n\n\n<ul class=\"wp-block-list\">\n<li>Palvelumme on 100 % maksuton.<\/li>\n<\/ul>\n\n\n\n<ul class=\"wp-block-list\">\n<li>Tee <a href=\"https:\/\/www.top5credits.com\/fi\/lainavertailu\/\">lainavertailua<\/a> ilman sitoumuksia.<\/li>\n<\/ul>\n\n\n\n<ul class=\"wp-block-list\">\n<li>Saat 5 sinulle parhaiten sopivaa lainavaihtoehtoa muutamassa minuutissa, jonka j\u00e4lkeen voit vertailla niit\u00e4 k\u00e4tev\u00e4sti saamiesi linkkien avulla.<\/li>\n<\/ul>\n\n\n\n<ul class=\"wp-block-list\">\n<li>Voit halutessasi lukea arvosteluja ja k\u00e4ytt\u00e4jien kommentit lainantarjoajasta.<\/li>\n<\/ul>\n\n\n\n<ul class=\"wp-block-list\">\n<li>Palvelumme on helppo ja turvallinen<\/li>\n<\/ul>\n\n\n\n<p>Top5Credits.com ei my\u00f6nn\u00e4 lainaa, vaan teet luotto- tai lainasopimuksen suoraan lainantarjoajan kanssa. Me vain autamme sinua l\u00f6yt\u00e4m\u00e4\u00e4n mahdollisimman edullisen lainan.<\/p>\n\n\n<div class=\"wp-block-image\">\n<figure class=\"aligncenter size-full is-resized\"><img loading=\"lazy\" decoding=\"async\" src=\"https:\/\/cdn.top5credits.com\/fi\/wp-content\/uploads\/sites\/2\/2020\/11\/lainaa-1000-1000-euroa-heti-tilille.jpg\" alt=\"lainaa 1000 top5credits.com kautta.\" class=\"wp-image-7630\" style=\"width:574px;height:206px\" width=\"574\" height=\"206\" srcset=\"https:\/\/cdn.top5credits.com\/fi\/wp-content\/uploads\/sites\/2\/2020\/11\/lainaa-1000-1000-euroa-heti-tilille.jpg?cdn=1.1.2 765w, https:\/\/cdn.top5credits.com\/fi\/wp-content\/uploads\/sites\/2\/2020\/11\/lainaa-1000-1000-euroa-heti-tilille-300x107.jpg?cdn=1.1.2 300w\" sizes=\"auto, (max-width: 574px) 100vw, 574px\" \/><\/figure>\n<\/div>\n\n\n<h2 class=\"wp-block-heading has-text-align-center\">Lainaa 1000 euroa ilman vakuuksia<\/h2>\n\n\n\n<p>Kaikki vertailemamme luotot ovat <a href=\"https:\/\/www.top5credits.com\/fi\/vakuudettomat-lainat\/\">vakuudettomia lainoja<\/a>, joita varten et siis tarvitse vakuuksia tai takaajia. K\u00e4tevin tapa hakea 1000 euron lainaa ovat useimmiten verkossa toimivat rahoituslaitokset ja nettipankit, mutta joskus hyv\u00e4n tarjouksen voi saada jopa perinteisest\u00e4 kivijalkapankista. Parhaan ja itsellesi sopivimman tarjouksen l\u00f6yd\u00e4t, kun vertailet lainat tarkasti. Vakuudeton laina tarjoaa t\u00e4sm\u00e4l\u00e4\u00e4kkeen arjen yll\u00e4tt\u00e4ville menoerille!<\/p>\n\n\n\n<h2 class=\"wp-block-heading has-text-align-center\">Kuka voi saada 1000 euron lainan?<\/h2>\n\n\n\n<p>P\u00e4\u00e4s\u00e4\u00e4nt\u00f6isesti voit saada lainaa, kun olet t\u00e4ysi-ik\u00e4inen, hoidat raha-asiasi hyvin ja saat s\u00e4\u00e4nn\u00f6llist\u00e4 tuloa esimerkiksi palkan tai el\u00e4kkeen muodossa. Yleens\u00e4 ehtona on my\u00f6s vakituinen asuinpaikka Suomessa. Kielteinen lainap\u00e4\u00e4t\u00f6s saattaa puolestaan johtua esimerkiksi maksuh\u00e4iri\u00f6merkinn\u00e4st\u00e4 tai siit\u00e4, ett\u00e4 olet hiljattain hakenut tai saanut lainaa samalta rahoituslaitokselta. Lainanv\u00e4litt\u00e4j\u00e4t soveltavat lainan my\u00f6nt\u00e4miseen omia ehtojaan, joihin kannattaa tutustua lainan hakemisen yhteydess\u00e4.<\/p>\n\n\n<div class=\"wp-block-image\">\n<figure class=\"aligncenter size-full is-resized\"><img loading=\"lazy\" decoding=\"async\" src=\"https:\/\/cdn.top5credits.com\/fi\/wp-content\/uploads\/sites\/2\/2020\/11\/lainaa-1000-euroa-kuka-voi-lainata.jpg\" alt=\"kuka voi hakea 1000\u20ac laina\" class=\"wp-image-7631\" style=\"width:384px;height:416px\" width=\"384\" height=\"416\" srcset=\"https:\/\/cdn.top5credits.com\/fi\/wp-content\/uploads\/sites\/2\/2020\/11\/lainaa-1000-euroa-kuka-voi-lainata.jpg?cdn=1.1.2 512w, https:\/\/cdn.top5credits.com\/fi\/wp-content\/uploads\/sites\/2\/2020\/11\/lainaa-1000-euroa-kuka-voi-lainata-277x300.jpg?cdn=1.1.2 277w\" sizes=\"auto, (max-width: 384px) 100vw, 384px\" \/><\/figure>\n<\/div>\n\n\n<h2 class=\"wp-block-heading has-text-align-center\">Voinko saada lainaa heti tilille 1000\u20ac?<\/h2>\n\n\n\n<p>Haluatko 1000 euron lainan heti tilille? Esimerkiksi <a href=\"https:\/\/www.top5credits.com\/fi\/arvostelut\/vivus\/\">Vivukselta<\/a> lainap\u00e4\u00e4t\u00f6ksen ja rahat voi saada tilille saman tien. Nopeasta palvelustaan tunnettuja ovat my\u00f6s muun muassa <a href=\"https:\/\/www.top5credits.com\/fi\/arvostelut\/credigo\/\">Credigo<\/a> ja <a href=\"https:\/\/www.top5credits.com\/fi\/arvostelut\/bank-norwegian\/\">Bank Norwegian<\/a>. Jos tarvitset lainaa nopeasti, kokeile Pikalaina-toimintoamme, jonka avulla l\u00f6yd\u00e4t ne lainapalvelut, jotka pystyv\u00e4t kokemuksemme mukaan maksamaan lainan nopeasti. Useat yhteisty\u00f6kumppanimme maksavat kiireett\u00f6millekin asiakkailleen lainan muutamassa p\u00e4iv\u00e4ss\u00e4. Lainan saaminen voi kuitenkin kest\u00e4\u00e4 tavallista pidemp\u00e4\u00e4n, jos haet lainaa y\u00f6ll\u00e4 tai viikonloppuna.<\/p>\n\n\n\n<figure class=\"wp-block-pullquote\"><blockquote><p><strong><span class=\"has-inline-color has-vivid-cyan-blue-color\">Kokeile <\/span><\/strong><span class=\"has-inline-color has-vivid-cyan-blue-color\"><strong>Pikalaina<\/strong><\/span><strong><span class=\"has-inline-color has-vivid-cyan-blue-color\">-toimintoamme ja l\u00f6yd\u00e4 lainantarjoajat, jotka maksavat 1000 euron lainan nopeasti<\/span><\/strong><\/p><\/blockquote><\/figure>\n\n\n\n<h2 class=\"wp-block-heading has-text-align-center\">Mill\u00e4 korolla voin saada 1000\u20ac lainan?<\/h2>\n\n\n\n<p>Voit l\u00f6yt\u00e4\u00e4 matalakorkoisen 1000\u20ac lainan lainavertailua hy\u00f6dynt\u00e4m\u00e4ll\u00e4. Lainan todellinen vuosikorko m\u00e4\u00e4r\u00e4ytyy lainantarjoajan tekem\u00e4n riskikartoituksen perusteella. Todellinen vuosikorko on siis jotain 4,19\u201338 % hakijasta riippuen. Lopullinen korko 1000 euron lainalle m\u00e4\u00e4r\u00e4ytyy muun muassa tulojesi ja luottotietojesi perusteella. Kun haet lainaa useasta eri paikasta, saat <a href=\"https:\/\/www.top5credits.com\/fi\/lainavertailu\/\">lainaa<\/a> edullisemmin ja todenn\u00e4k\u00f6isemmin. Aloita 1000\u20ac lainan hakeminen Top5Credits.com palvelun avulla.<\/p>\n\n\n\n<figure class=\"wp-block-pullquote\"><blockquote><p><strong><span class=\"has-inline-color has-vivid-cyan-blue-color\">Lainan korko m\u00e4\u00e4r\u00e4ytyy hakijasta tehdyn riskiarvion perusteella<\/span><\/strong><\/p><\/blockquote><\/figure>\n\n\n\n<h2 class=\"wp-block-heading has-text-align-center\">Mihin 1000 euron  laina sopii?<\/h2>\n\n\n\n<p>1000 euron laina on melko pieni, mutta se ei tarkoita sit\u00e4, etteik\u00f6 rahaa voisi k\u00e4ytt\u00e4\u00e4 usean eri tarkoitukseen. 1000 euron laina on usein tilill\u00e4 todella nopeasti, joten rahasumma sopii erinomaisesti yll\u00e4tt\u00e4vien, mutta t\u00e4rkeiden asioiden hoitamiseen. Esimerkiksi vanhan kodinkoneen korvaaminen uudella, sairaalalasku tai uudet autonrenkaat saa hoidettua usein 1000 eurolla.&nbsp;<\/p>\n","protected":false},"excerpt":{"rendered":"<p>Vertaile ja hae lainaa 1000 euroa heti Selvitimme mill\u00e4 hinnalla ja ehdoilla 1000 euron lainan voi saada. Vertaile lainoja koron ja laina-ajan perusteella. Lis\u00e4ksi voit<\/p>\n<p class=\"more-link\">Jatka lukemista <span class=\"screen-reader-text\">Lainaa 1000<\/span><\/p>\n","protected":false},"author":11,"featured_media":549,"parent":350,"menu_order":0,"comment_status":"closed","ping_status":"closed","template":"page-results.php","meta":{"footnotes":""},"class_list":["post-2770","page","type-page","status-publish","has-post-thumbnail","hentry","entry"],"yoast_head":"<!-- This site is optimized with the Yoast SEO plugin v27.3 - https:\/\/yoast.com\/product\/yoast-seo-wordpress\/ -->\n<title>Lainaa 1000e nopeasti ja edullisesti - Top5Credits.com Suomi<\/title>\n<meta name=\"description\" content=\"Vertailimme 1000 euron lainat ja selvitimme mink\u00e4laisella korolla 1000 euron lainan voi saada ja kuinka pitk\u00e4ksi aikaa. Vertaile ja hae lainaa.\" \/>\n<meta name=\"robots\" content=\"index, follow, max-snippet:-1, max-image-preview:large, max-video-preview:-1\" \/>\n<link rel=\"canonical\" href=\"https:\/\/www.top5credits.com\/fi\/lainavertailu\/lainaa-1000\/\" \/>\n<meta property=\"og:locale\" content=\"fi_FI\" \/>\n<meta property=\"og:type\" content=\"article\" \/>\n<meta property=\"og:title\" content=\"Lainaa 1000e nopeasti ja edullisesti - Top5Credits.com Suomi\" \/>\n<meta property=\"og:description\" content=\"Vertailimme 1000 euron lainat ja selvitimme mink\u00e4laisella korolla 1000 euron lainan voi saada ja kuinka pitk\u00e4ksi aikaa. Vertaile ja hae lainaa.\" \/>\n<meta property=\"og:url\" content=\"https:\/\/www.top5credits.com\/fi\/lainavertailu\/lainaa-1000\/\" \/>\n<meta property=\"og:site_name\" content=\"Top5Credits.com Suomi\" \/>\n<meta property=\"article:publisher\" content=\"https:\/\/www.facebook.com\/Top5Creditscom-Suomi-878136912537066\" \/>\n<meta property=\"article:modified_time\" content=\"2023-09-26T10:46:46+00:00\" \/>\n<meta property=\"og:image\" content=\"https:\/\/cdn.top5credits.com\/fi\/wp-content\/uploads\/sites\/2\/2019\/12\/top5-teksti.jpg?cdn=1.1.2\" \/>\n\t<meta property=\"og:image:width\" content=\"1200\" \/>\n\t<meta property=\"og:image:height\" content=\"630\" \/>\n\t<meta property=\"og:image:type\" content=\"image\/jpeg\" \/>\n<meta name=\"twitter:card\" content=\"summary_large_image\" \/>\n<meta name=\"twitter:label1\" content=\"Arvioitu lukuaika\" \/>\n\t<meta name=\"twitter:data1\" content=\"5 minuuttia\" \/>\n<script type=\"application\/ld+json\" class=\"yoast-schema-graph\">{\"@context\":\"https:\\\/\\\/schema.org\",\"@graph\":[{\"@type\":\"WebPage\",\"@id\":\"https:\\\/\\\/www.top5credits.com\\\/fi\\\/lainavertailu\\\/lainaa-1000\\\/\",\"url\":\"https:\\\/\\\/www.top5credits.com\\\/fi\\\/lainavertailu\\\/lainaa-1000\\\/\",\"name\":\"Lainaa 1000e nopeasti ja edullisesti - Top5Credits.com Suomi\",\"isPartOf\":{\"@id\":\"https:\\\/\\\/www.top5credits.com\\\/fi\\\/#website\"},\"primaryImageOfPage\":{\"@id\":\"https:\\\/\\\/www.top5credits.com\\\/fi\\\/lainavertailu\\\/lainaa-1000\\\/#primaryimage\"},\"image\":{\"@id\":\"https:\\\/\\\/www.top5credits.com\\\/fi\\\/lainavertailu\\\/lainaa-1000\\\/#primaryimage\"},\"thumbnailUrl\":\"https:\\\/\\\/www.top5credits.com\\\/fi\\\/wp-content\\\/uploads\\\/sites\\\/2\\\/2019\\\/06\\\/varjoreuna.png\",\"datePublished\":\"2020-02-04T12:15:51+00:00\",\"dateModified\":\"2023-09-26T10:46:46+00:00\",\"description\":\"Vertailimme 1000 euron lainat ja selvitimme mink\u00e4laisella korolla 1000 euron lainan voi saada ja kuinka pitk\u00e4ksi aikaa. Vertaile ja hae lainaa.\",\"breadcrumb\":{\"@id\":\"https:\\\/\\\/www.top5credits.com\\\/fi\\\/lainavertailu\\\/lainaa-1000\\\/#breadcrumb\"},\"inLanguage\":\"fi\",\"potentialAction\":[{\"@type\":\"ReadAction\",\"target\":[\"https:\\\/\\\/www.top5credits.com\\\/fi\\\/lainavertailu\\\/lainaa-1000\\\/\"]}]},{\"@type\":\"ImageObject\",\"inLanguage\":\"fi\",\"@id\":\"https:\\\/\\\/www.top5credits.com\\\/fi\\\/lainavertailu\\\/lainaa-1000\\\/#primaryimage\",\"url\":\"https:\\\/\\\/www.top5credits.com\\\/fi\\\/wp-content\\\/uploads\\\/sites\\\/2\\\/2019\\\/06\\\/varjoreuna.png\",\"contentUrl\":\"https:\\\/\\\/www.top5credits.com\\\/fi\\\/wp-content\\\/uploads\\\/sites\\\/2\\\/2019\\\/06\\\/varjoreuna.png\",\"width\":2000,\"height\":756,\"caption\":\"top5credits tausta\"},{\"@type\":\"BreadcrumbList\",\"@id\":\"https:\\\/\\\/www.top5credits.com\\\/fi\\\/lainavertailu\\\/lainaa-1000\\\/#breadcrumb\",\"itemListElement\":[{\"@type\":\"ListItem\",\"position\":1,\"name\":\"Top5Credits.com\",\"item\":\"https:\\\/\\\/www.top5credits.com\\\/fi\\\/\"},{\"@type\":\"ListItem\",\"position\":2,\"name\":\"Vertaile ja lainaa edullisesti\",\"item\":\"https:\\\/\\\/www.top5credits.com\\\/fi\\\/lainavertailu\\\/\"},{\"@type\":\"ListItem\",\"position\":3,\"name\":\"Lainaa 1000\"}]},{\"@type\":\"WebSite\",\"@id\":\"https:\\\/\\\/www.top5credits.com\\\/fi\\\/#website\",\"url\":\"https:\\\/\\\/www.top5credits.com\\\/fi\\\/\",\"name\":\"Top5Credits.com Suomi\",\"description\":\"Laittaa lainat j\u00e4rjestykseen\",\"publisher\":{\"@id\":\"https:\\\/\\\/www.top5credits.com\\\/fi\\\/#organization\"},\"potentialAction\":[{\"@type\":\"SearchAction\",\"target\":{\"@type\":\"EntryPoint\",\"urlTemplate\":\"https:\\\/\\\/www.top5credits.com\\\/fi\\\/?s={search_term_string}\"},\"query-input\":{\"@type\":\"PropertyValueSpecification\",\"valueRequired\":true,\"valueName\":\"search_term_string\"}}],\"inLanguage\":\"fi\"},{\"@type\":\"Organization\",\"@id\":\"https:\\\/\\\/www.top5credits.com\\\/fi\\\/#organization\",\"name\":\"Top5Credits.com\",\"url\":\"https:\\\/\\\/www.top5credits.com\\\/fi\\\/\",\"logo\":{\"@type\":\"ImageObject\",\"inLanguage\":\"fi\",\"@id\":\"https:\\\/\\\/www.top5credits.com\\\/fi\\\/#\\\/schema\\\/logo\\\/image\\\/\",\"url\":\"https:\\\/\\\/cdn.top5credits.com\\\/fi\\\/wp-content\\\/uploads\\\/sites\\\/2\\\/2023\\\/10\\\/t5c-favicon.png\",\"contentUrl\":\"https:\\\/\\\/cdn.top5credits.com\\\/fi\\\/wp-content\\\/uploads\\\/sites\\\/2\\\/2023\\\/10\\\/t5c-favicon.png\",\"width\":512,\"height\":512,\"caption\":\"Top5Credits.com\"},\"image\":{\"@id\":\"https:\\\/\\\/www.top5credits.com\\\/fi\\\/#\\\/schema\\\/logo\\\/image\\\/\"},\"sameAs\":[\"https:\\\/\\\/www.facebook.com\\\/Top5Creditscom-Suomi-878136912537066\"]}]}<\/script>\n<!-- \/ Yoast SEO plugin. -->","yoast_head_json":{"title":"Lainaa 1000e nopeasti ja edullisesti - Top5Credits.com Suomi","description":"Vertailimme 1000 euron lainat ja selvitimme mink\u00e4laisella korolla 1000 euron lainan voi saada ja kuinka pitk\u00e4ksi aikaa. Vertaile ja hae lainaa.","robots":{"index":"index","follow":"follow","max-snippet":"max-snippet:-1","max-image-preview":"max-image-preview:large","max-video-preview":"max-video-preview:-1"},"canonical":"https:\/\/www.top5credits.com\/fi\/lainavertailu\/lainaa-1000\/","og_locale":"fi_FI","og_type":"article","og_title":"Lainaa 1000e nopeasti ja edullisesti - Top5Credits.com Suomi","og_description":"Vertailimme 1000 euron lainat ja selvitimme mink\u00e4laisella korolla 1000 euron lainan voi saada ja kuinka pitk\u00e4ksi aikaa. Vertaile ja hae lainaa.","og_url":"https:\/\/www.top5credits.com\/fi\/lainavertailu\/lainaa-1000\/","og_site_name":"Top5Credits.com Suomi","article_publisher":"https:\/\/www.facebook.com\/Top5Creditscom-Suomi-878136912537066","article_modified_time":"2023-09-26T10:46:46+00:00","og_image":[{"width":1200,"height":630,"url":"https:\/\/cdn.top5credits.com\/fi\/wp-content\/uploads\/sites\/2\/2019\/12\/top5-teksti.jpg?cdn=1.1.2","type":"image\/jpeg"}],"twitter_card":"summary_large_image","twitter_misc":{"Arvioitu lukuaika":"5 minuuttia"},"schema":{"@context":"https:\/\/schema.org","@graph":[{"@type":"WebPage","@id":"https:\/\/www.top5credits.com\/fi\/lainavertailu\/lainaa-1000\/","url":"https:\/\/www.top5credits.com\/fi\/lainavertailu\/lainaa-1000\/","name":"Lainaa 1000e nopeasti ja edullisesti - Top5Credits.com Suomi","isPartOf":{"@id":"https:\/\/www.top5credits.com\/fi\/#website"},"primaryImageOfPage":{"@id":"https:\/\/www.top5credits.com\/fi\/lainavertailu\/lainaa-1000\/#primaryimage"},"image":{"@id":"https:\/\/www.top5credits.com\/fi\/lainavertailu\/lainaa-1000\/#primaryimage"},"thumbnailUrl":"https:\/\/cdn.top5credits.com\/fi\/wp-content\/uploads\/sites\/2\/2019\/06\/varjoreuna.png?cdn=1.1.2","datePublished":"2020-02-04T12:15:51+00:00","dateModified":"2023-09-26T10:46:46+00:00","description":"Vertailimme 1000 euron lainat ja selvitimme mink\u00e4laisella korolla 1000 euron lainan voi saada ja kuinka pitk\u00e4ksi aikaa. Vertaile ja hae lainaa.","breadcrumb":{"@id":"https:\/\/www.top5credits.com\/fi\/lainavertailu\/lainaa-1000\/#breadcrumb"},"inLanguage":"fi","potentialAction":[{"@type":"ReadAction","target":["https:\/\/www.top5credits.com\/fi\/lainavertailu\/lainaa-1000\/"]}]},{"@type":"ImageObject","inLanguage":"fi","@id":"https:\/\/www.top5credits.com\/fi\/lainavertailu\/lainaa-1000\/#primaryimage","url":"https:\/\/cdn.top5credits.com\/fi\/wp-content\/uploads\/sites\/2\/2019\/06\/varjoreuna.png?cdn=1.1.2","contentUrl":"https:\/\/cdn.top5credits.com\/fi\/wp-content\/uploads\/sites\/2\/2019\/06\/varjoreuna.png?cdn=1.1.2","width":2000,"height":756,"caption":"top5credits tausta"},{"@type":"BreadcrumbList","@id":"https:\/\/www.top5credits.com\/fi\/lainavertailu\/lainaa-1000\/#breadcrumb","itemListElement":[{"@type":"ListItem","position":1,"name":"Top5Credits.com","item":"https:\/\/www.top5credits.com\/fi\/"},{"@type":"ListItem","position":2,"name":"Vertaile ja lainaa edullisesti","item":"https:\/\/www.top5credits.com\/fi\/lainavertailu\/"},{"@type":"ListItem","position":3,"name":"Lainaa 1000"}]},{"@type":"WebSite","@id":"https:\/\/www.top5credits.com\/fi\/#website","url":"https:\/\/www.top5credits.com\/fi\/","name":"Top5Credits.com Suomi","description":"Laittaa lainat j\u00e4rjestykseen","publisher":{"@id":"https:\/\/www.top5credits.com\/fi\/#organization"},"potentialAction":[{"@type":"SearchAction","target":{"@type":"EntryPoint","urlTemplate":"https:\/\/www.top5credits.com\/fi\/?s={search_term_string}"},"query-input":{"@type":"PropertyValueSpecification","valueRequired":true,"valueName":"search_term_string"}}],"inLanguage":"fi"},{"@type":"Organization","@id":"https:\/\/www.top5credits.com\/fi\/#organization","name":"Top5Credits.com","url":"https:\/\/www.top5credits.com\/fi\/","logo":{"@type":"ImageObject","inLanguage":"fi","@id":"https:\/\/www.top5credits.com\/fi\/#\/schema\/logo\/image\/","url":"https:\/\/cdn.top5credits.com\/fi\/wp-content\/uploads\/sites\/2\/2023\/10\/t5c-favicon.png","contentUrl":"https:\/\/cdn.top5credits.com\/fi\/wp-content\/uploads\/sites\/2\/2023\/10\/t5c-favicon.png","width":512,"height":512,"caption":"Top5Credits.com"},"image":{"@id":"https:\/\/www.top5credits.com\/fi\/#\/schema\/logo\/image\/"},"sameAs":["https:\/\/www.facebook.com\/Top5Creditscom-Suomi-878136912537066"]}]}},"_links":{"self":[{"href":"https:\/\/www.top5credits.com\/fi\/wp-json\/wp\/v2\/pages\/2770","targetHints":{"allow":["GET"]}}],"collection":[{"href":"https:\/\/www.top5credits.com\/fi\/wp-json\/wp\/v2\/pages"}],"about":[{"href":"https:\/\/www.top5credits.com\/fi\/wp-json\/wp\/v2\/types\/page"}],"author":[{"embeddable":true,"href":"https:\/\/www.top5credits.com\/fi\/wp-json\/wp\/v2\/users\/11"}],"replies":[{"embeddable":true,"href":"https:\/\/www.top5credits.com\/fi\/wp-json\/wp\/v2\/comments?post=2770"}],"version-history":[{"count":1,"href":"https:\/\/www.top5credits.com\/fi\/wp-json\/wp\/v2\/pages\/2770\/revisions"}],"predecessor-version":[{"id":15184,"href":"https:\/\/www.top5credits.com\/fi\/wp-json\/wp\/v2\/pages\/2770\/revisions\/15184"}],"up":[{"embeddable":true,"href":"https:\/\/www.top5credits.com\/fi\/wp-json\/wp\/v2\/pages\/350"}],"wp:featuredmedia":[{"embeddable":true,"href":"https:\/\/www.top5credits.com\/fi\/wp-json\/wp\/v2\/media\/549"}],"wp:attachment":[{"href":"https:\/\/www.top5credits.com\/fi\/wp-json\/wp\/v2\/media?parent=2770"}],"curies":[{"name":"wp","href":"https:\/\/api.w.org\/{rel}","templated":true}]}}