{"id":2775,"date":"2020-02-12T13:38:02","date_gmt":"2020-02-12T11:38:02","guid":{"rendered":"https:\/\/www.top5credits.com\/fi\/?page_id=2775"},"modified":"2022-05-10T15:02:28","modified_gmt":"2022-05-10T12:02:28","slug":"lainaa-2000","status":"publish","type":"page","link":"https:\/\/www.top5credits.com\/fi\/lainavertailu\/lainaa-2000\/","title":{"rendered":"Lainaa 2000"},"content":{"rendered":"\n<div class=\"wp-block-group first-section\"><div class=\"wp-block-group__inner-container is-layout-flow wp-block-group-is-layout-flow\">\n<h1 class=\"has-text-align-center compare-title wp-block-heading\">Lainaa 2000 \u20ac helposti ja nopeasti<\/h1>\n\n\n\n<p class=\"has-text-align-center compare-title\">Top5Credits.com selvitti, mist\u00e4 saa luotettavasti 2000 euron lainan heti tilille. Ilmaisen lainavertailumme ansiosta selvit\u00e4t helposti, mik\u00e4 rahoituslaitos my\u00f6nt\u00e4\u00e4 edullisimman koron ja parhaimmat ehdot juuri sinun lainallesi. Voit lukea jokaisesta lainanmy\u00f6nt\u00e4j\u00e4st\u00e4 kattavan arvostelun sek\u00e4 muiden asiakkaiden kokemuksia lainasta. Vertaile ja hae laina 2000\u20ac heti.<\/p>\n\n\n\n\n<\/div><\/div>\n\n\n\n\n\n\n<div class=\"top-results palkkio\">\n<span class=\"huomiomerkki\">!<\/span> Saamamme palkkio vaikuttaa listauksen j\u00e4rjestykseen &#8211; lue lis\u00e4\u00e4 <span class=\"plus-trigger\">+<\/span>\n<p>Top5Credits.com on t\u00e4ysin ilmainen palvelu, jonka tarkoitus on antaa k\u00e4ytt\u00e4jilleen hy\u00f6dyllist\u00e4 tietoa ja sis\u00e4lt\u00f6\u00e4. Vertailemme lainoja ja arvostelemme lainapalveluita rehellisesti. Jotta voimme pit\u00e4\u00e4 palvelun ilmaisena, saamme yhteisty\u00f6kumppaneiltamme palkkion heille ohjatuista asiakkaista ja palkkion suuruus vaikuttaa listauksen j\u00e4rjestykseen.<\/p>\n<\/div>\n\n\n\n<h2 class=\"has-text-align-center wp-block-heading\">Lainaa heti tilille 2000 \u20ac<\/h2>\n\n\n\n<p>Kilpailu asiakkaista on kovaa ja yksi tapa erottautua muista lainanmy\u00f6nt\u00e4jist\u00e4 on palvelun nopeus. Esimerkiksi <strong><a href=\"https:\/\/www.top5credits.com\/fi\/arvostelut\/ferratum\/\">Ferratum<\/a><\/strong> tunnetaan lainantarjoajana, jolta voi saada 2000 euron lainan heti tilille. Vertailemalla sin\u00e4kin voit helposti selvitt\u00e4\u00e4, mist\u00e4 2000 \u20ac lainan saa nopeimmin. Olemme arvostelleet jokaisen lainanmy\u00f6nt\u00e4j\u00e4n kokemuksemme perusteella ja ker\u00e4nneet lis\u00e4ksi asiakkaiden kokemuksia t\u00e4ydent\u00e4m\u00e4\u00e4n arviota. <a href=\"https:\/\/www.top5credits.com\/fi\/pikalaina\/\">Pikalainat<\/a>-sivulta l\u00f6yd\u00e4t kaikki pankit ja rahoituslaitokset, joista lainan saa kokemuksemme mukaan erityisen nopeasti. <\/p>\n\n\n\n<div class=\"wp-block-image\"><figure class=\"aligncenter size-full is-resized\"><img loading=\"lazy\" decoding=\"async\" src=\"https:\/\/cdn.top5credits.com\/fi\/wp-content\/uploads\/sites\/2\/2020\/11\/2000-laina-heti-tilille-lainaa-2000.jpg\" alt=\"miksi hakea 2000 euron laina top5credits kautta\" class=\"wp-image-7602\" width=\"574\" height=\"206\" srcset=\"https:\/\/cdn.top5credits.com\/fi\/wp-content\/uploads\/sites\/2\/2020\/11\/2000-laina-heti-tilille-lainaa-2000.jpg?cdn=1.1.2 765w, https:\/\/cdn.top5credits.com\/fi\/wp-content\/uploads\/sites\/2\/2020\/11\/2000-laina-heti-tilille-lainaa-2000-300x107.jpg?cdn=1.1.2 300w\" sizes=\"auto, (max-width: 574px) 100vw, 574px\" \/><\/figure><\/div>\n\n\n\n<h2 class=\"has-text-align-center wp-block-heading\">Mist\u00e4 halvin 2000 euron laina?<\/h2>\n\n\n\n<p>Top5Credits on kehitt\u00e4nyt ilmaisen ja helppok\u00e4ytt\u00f6isen lainavertailun. Palvelumme kokoaa jopa yli 50 pankkia, rahoituslaitosta ja lainanv\u00e4litt\u00e4j\u00e4\u00e4 yhteen paikkaan. Suosittelemme k\u00e4ytt\u00e4m\u00e4\u00e4n lainavertailuamme, koska sen k\u00e4ytt\u00e4minen on 100 % ilmaista eik\u00e4 sido sinua mihink\u00e4\u00e4n. L\u00f6yd\u00e4t avullamme helposti ja nopeasti 2000 euron lainan luotettavalta lainantarjoajalta.<\/p>\n\n\n\n<p><strong>Etsi 2 000 euron lainaa lainavertailumme avulla, koska: <\/strong><\/p>\n\n\n\n<ul class=\"wp-block-list\"><li><strong>S\u00e4\u00e4st\u00e4t aikaa<\/strong>. Lainahakemuksen t\u00e4ytt\u00e4minen vie vain muutaman minuutin.<\/li><\/ul>\n\n\n\n<ul class=\"wp-block-list\"><li><strong>S\u00e4\u00e4st\u00e4t rahaa<\/strong>. L\u00f6yd\u00e4 halvin 2 000 \u20ac laina ja s\u00e4\u00e4st\u00e4 lainakuluissa.<\/li><\/ul>\n\n\n\n<ul class=\"wp-block-list\"><li>Vertailemme + 50 pankkia, rahoituslaitosta ja lainanv\u00e4litt\u00e4j\u00e4\u00e4.<\/li><\/ul>\n\n\n\n<ul class=\"wp-block-list\"><li><strong>Palvelumme on maksuton<\/strong>.<\/li><\/ul>\n\n\n\n<ul class=\"wp-block-list\"><li><strong><a href=\"https:\/\/www.top5credits.com\/fi\/lainavertailu\/\">Lainavertailu<\/a><\/strong> ei vaadi sitoutumista.<\/li><\/ul>\n\n\n\n<ul class=\"wp-block-list\"><li>Saat 5 sinulle parhaiten sopivaa vaihtoehtoa parissa minuutissa. Voit vertailla eri vaihtoehtoja k\u00e4tev\u00e4sti saamiesi linkkien avulla.<\/li><\/ul>\n\n\n\n<ul class=\"wp-block-list\"><li>Voit lukea sek\u00e4 meid\u00e4n, ett\u00e4 k\u00e4ytt\u00e4jien antamia arvioita lainantarjoajista.<\/li><\/ul>\n\n\n\n<ul class=\"wp-block-list\"><li>Palvelumme on turvallinen.<\/li><\/ul>\n\n\n\n<p>Top5Credits.com ei my\u00f6nn\u00e4 lainaa. Teet luottosopimuksen aina erillisen lainantarjoajan kanssa. Teht\u00e4v\u00e4mme on auttaa sinua l\u00f6yt\u00e4\u00e4 mahdollisimman halpa laina, helposti ja nopeasti.\u00a0\u00a0<\/p>\n\n\n\n<figure class=\"wp-block-pullquote\"><blockquote><p><strong><mark class=\"has-inline-color has-vivid-cyan-blue-color\">Parhaimmat lainatarjoukset jokaiseen hetkeen ja tilanteeseen.<\/mark><\/strong><\/p><\/blockquote><\/figure>\n\n\n\n<h2 class=\"has-text-align-center wp-block-heading\">Lainaa 2000 \u20ac ilman vakuuksia<\/h2>\n\n\n\n<p>2000\u20ac vakuudeton laina, kuten <strong><a href=\"https:\/\/www.top5credits.com\/fi\/kulutusluotto\/\">kulutusluotto<\/a><\/strong>, on siit\u00e4 hyv\u00e4, ett\u00e4 sit\u00e4 voi hakea helposti ja nopeasti verkossa. Vakuudettomia lainoja tarjoavat sek\u00e4 perinteiset pankit, ett\u00e4 erilaiset rahoitusyhti\u00f6t. Lainavertailumme avulla n\u00e4et, millaisin ehdoin voit saada esimerkiksi 2000 euron lainan. Vertaile palvelussamme erilaiset luotot ja lainat helposti ilman sitoumuksia, niin et maksa turhasta. Palvelumme kautta voit saada esimerkiksi <strong><a href=\"https:\/\/www.top5credits.com\/fi\/lomalaina\/\">lomalainan<\/a><\/strong>, jos matkabudjettisi sattuukin paisumaan suunniteltua suuremmaksi. <\/p>\n\n\n\n<h2 class=\"has-text-align-center wp-block-heading\">Kuka voi hakea 2 000 euroa lainaa?<\/h2>\n\n\n\n<p>Jokaisella lainanv\u00e4litt\u00e4j\u00e4ll\u00e4 on omat ehtonsa, jotka hakijan on t\u00e4ytett\u00e4v\u00e4 saadakseen my\u00f6nteisen lainap\u00e4\u00e4t\u00f6ksen. Yleisimpi\u00e4 ehtoja, joita lainanhakijan tulee t\u00e4ytt\u00e4\u00e4, ovat t\u00e4ysi-ik\u00e4isyys, maksuh\u00e4iri\u00f6tt\u00f6myys sek\u00e4 palkan tai el\u00e4kkeen kaltainen s\u00e4\u00e4nn\u00f6llinen tulonl\u00e4hde. Useimmat pankit ja rahoituslaitokset edellytt\u00e4v\u00e4t my\u00f6s, ett\u00e4 asut vakituisesti Suomessa. Tarkat ehdot l\u00f6yd\u00e4t aina lainanv\u00e4litt\u00e4j\u00e4n verkkosivuilta.<\/p>\n\n\n\n<div class=\"wp-block-image\"><figure class=\"aligncenter size-full is-resized\"><img loading=\"lazy\" decoding=\"async\" src=\"https:\/\/cdn.top5credits.com\/fi\/wp-content\/uploads\/sites\/2\/2020\/11\/kuka-voi-hakea-lainaa-2000-heti.jpg\" alt=\"kuka voi saada - 2000 laina heti tilille\" class=\"wp-image-7599\" width=\"384\" height=\"416\" srcset=\"https:\/\/cdn.top5credits.com\/fi\/wp-content\/uploads\/sites\/2\/2020\/11\/kuka-voi-hakea-lainaa-2000-heti.jpg?cdn=1.1.2 512w, https:\/\/cdn.top5credits.com\/fi\/wp-content\/uploads\/sites\/2\/2020\/11\/kuka-voi-hakea-lainaa-2000-heti-277x300.jpg?cdn=1.1.2 277w\" sizes=\"auto, (max-width: 384px) 100vw, 384px\" \/><\/figure><\/div>\n\n\n\n<h2 class=\"has-text-align-center wp-block-heading\">Sopiva laina-aika 2000 \u20ac lainalle<\/h2>\n\n\n\n<p>Takaisinmaksuaika on valittavissa vuodesta aina 15 vuoteen asti. 2 000 euroa on kuitenkin sen verran pieni laina, ett\u00e4 laina-aika kannattaa pit\u00e4\u00e4 lyhyen\u00e4. Mit\u00e4 pidempi laina-aika on, sit\u00e4 enemm\u00e4n maksat korkoa ja kuluja, jonka seurauksena lainan kokonaiskustannukset kasvavat. <\/p>\n\n\n\n<p>Vertaile lainatarjouksia aina todellisen vuosikoron avulla, niin saat mahdollisimman selke\u00e4n kokonaiskuvan lainan hinnasta. Nyrkkis\u00e4\u00e4nt\u00f6n\u00e4 kannattaa pit\u00e4\u00e4: mit\u00e4 lyhyempi laina-aika, sit\u00e4 edullisempi laina. <strong>Voit selvitt\u00e4\u00e4 helposti sopivan kuukausier\u00e4n 2000 euron lainalle ilmaisen <a href=\"https:\/\/www.top5credits.com\/fi\/lainalaskuri\/\">lainalaskurimme<\/a> avulla.<\/strong> Lainalaskurin avulla voit my\u00f6s laatia maksuaikataulun, josta n\u00e4et paljonko lainaa on j\u00e4ljell\u00e4 ja milloin saat maksettua koko lainan.<\/p>\n\n\n\n<figure class=\"wp-block-pullquote\"><blockquote><p><strong><span class=\"has-inline-color has-vivid-cyan-blue-color\">Kaikki lainantarjoajat, jotka tarjoavat pikalainoja on merkitty salama symbolilla \u26a1<\/span><\/strong><\/p><\/blockquote><\/figure>\n\n\n\n<h2 class=\"has-text-align-center wp-block-heading\"> 2 000 \u20ac laina edullisella korolla<\/h2>\n\n\n\n<p>Lainan todellinen vuosikorko alkaa vertailussamme 4,19 %, mutta lopullinen lainan korko m\u00e4\u00e4ritell\u00e4\u00e4n aina hakijakohtaisesti. Jos sinulla on s\u00e4\u00e4nn\u00f6lliset tulot ja olet hoitanut raha-asiasi erinomaisesti, voit saada lainaa eritt\u00e4in matalalla korolla. K\u00e4yt\u00e4 ilmaista <strong><a href=\"https:\/\/www.top5credits.com\/fi\/lainavertailu\/\">lainavertailuamme<\/a><\/strong> avuksi, kun etsit 2 000 euron lainaa ja v\u00e4ltyt maksamasta liikaa lainastasi.<\/p>\n\n\n\n<h2 class=\"has-text-align-center wp-block-heading\">Tarvitseeko minun toimittaa liitteit\u00e4?<\/h2>\n\n\n\n<p>2000 euron laina on sen verran pieni, ett\u00e4 useimmat rahoittajat eiv\u00e4t vaadi mink\u00e4\u00e4nlaisia liitteit\u00e4. Liitteill\u00e4 viitataan yleens\u00e4 palkkakuitteihin tai muihin todistuksiin, joita rahoitusyhti\u00f6t pyyt\u00e4v\u00e4t hakemuksen yhteydess\u00e4. Mik\u00e4li liitteit\u00e4 tarvitaan, onnistuu niiden toimittaminen helposti verkossa.<\/p>\n\n\n\n<h2 class=\"has-text-align-center wp-block-heading\">Mihin tarkoitukseen 2000\u20ac laina sopii?<\/h2>\n\n\n\n<p>2000 euron laina sopii erinomaisesti esimerkiksi auton korjaamiseen tai uuden kodinkoneen hankkimiseen. 2000 \u20ac vakuudettoman lainan saa yleens\u00e4 heti tilille, mik\u00e4 tarkoittaa, ett\u00e4 se sopii my\u00f6s akuuttiin rahantarpeeseen. Mihin tarkoitukseen tarvitsetkaan lainaa 2000 euroa, niin muista k\u00e4ytt\u00e4\u00e4 <strong><a href=\"https:\/\/www.top5credits.com\/fi\/lainavertailu\/\">lainavertailua<\/a><\/strong> apunasi. <\/p>\n\n\n\n<h2 class=\"has-text-align-center wp-block-heading\">Paremmat mahdollisuudet saada lainaa<\/h2>\n\n\n\n<p>Voit parantaa mahdollisuuksiasi saada 2000 \u20ac lainan kilpailuttamalla sen usealla eri lainantarjoajalla. <strong><a href=\"https:\/\/www.top5credits.com\/fi\/kilpailuta-laina\/\">Lainojen kilpailutus<\/a><\/strong> auttaa sinua saamaan lainaa todenn\u00e4k\u00f6isemmin ja mik\u00e4 t\u00e4rkeint\u00e4, saat lainaa usein my\u00f6s matalammalla korolla. Me vertailemme yli 50 pankkia, luotonantajaa ja lainanv\u00e4litt\u00e4j\u00e4\u00e4 yhdell\u00e4 ilmaisella hakemuksella. K\u00e4yt\u00e4 siis palveluamme, kun haluat halvimman 2000 euron lainan.<\/p>\n\n\n\n<h2 class=\"has-text-align-center wp-block-heading\">Voinko maksaa 2000 \u20ac lainan etuajassa?<\/h2>\n\n\n\n<p>Lainan voi l\u00e4hes poikkeuksetta maksaa takaisin nopeammin, mit\u00e4 lainasopimuksessa lukee, sill\u00e4 oikeus luoton ennenaikaiseen takaisinmaksuun on m\u00e4\u00e4ritelty laissa. Voit lyhent\u00e4\u00e4 2000 euron lainaasi my\u00f6s suuremmissa maksueriss\u00e4, jolloin lainasi kokonaiskustannukset pienenev\u00e4t.<\/p>\n\n\n\n<p>Mik\u00e4li haluat lyhent\u00e4\u00e4 lainaasi ennenaikaisesti, on t\u00e4rke\u00e4 varmistaa, mihin lyhennykset kohdistetaan. Kulutusluoton korko lasketaan nimitt\u00e4in avoimelle p\u00e4\u00e4omalle. Tarkista, ett\u00e4 ylim\u00e4\u00e4r\u00e4inen lyhennys kohdistetaan avoimeen p\u00e4\u00e4omaan, eik\u00e4 tuleviin maksueriin. Lainap\u00e4\u00e4omaan kohdistettu lyhennys antaa kaikkein suurimman rahallisen hy\u00f6dyn.\u00a0<\/p>\n\n\n\n<h2 class=\"has-text-align-center wp-block-heading\">Mit\u00e4 jos en saa 2000 euron lainaa?<\/h2>\n\n\n\n<p>Jos saat kielteisen lainap\u00e4\u00e4t\u00f6ksen, suosittelemme hakemaan lainaa joltain toiselta lainantarjoajalta. Yksi kielteinen lainap\u00e4\u00e4t\u00f6s ei tarkoita, ettetk\u00f6 voisi saada lainaa mist\u00e4\u00e4n. Voit parantaa mahdollisuuksiasi saada 2000 euron lainan seuraavien ohjeiden avulla:<\/p>\n\n\n\n<ul class=\"wp-block-list\"><li>Hanki vakituiset tulot (ty\u00f6-, el\u00e4ketulot)<\/li><\/ul>\n\n\n\n<ul class=\"wp-block-list\"><li>Maksa vanhat lainasi pois<\/li><\/ul>\n\n\n\n<ul class=\"wp-block-list\"><li><a href=\"https:\/\/www.top5credits.com\/fi\/kilpailuta-laina\/\">Kilpailuta laina<\/a><\/li><\/ul>\n\n\n\n<p><\/p>\n","protected":false},"excerpt":{"rendered":"<p>Lainaa 2000 \u20ac helposti ja nopeasti Top5Credits.com selvitti, mist\u00e4 saa luotettavasti 2000 euron lainan heti tilille. Ilmaisen lainavertailumme ansiosta selvit\u00e4t helposti, mik\u00e4 rahoituslaitos my\u00f6nt\u00e4\u00e4 edullisimman<\/p>\n<p class=\"more-link\">Jatka lukemista <span class=\"screen-reader-text\">Lainaa 2000<\/span><\/p>\n","protected":false},"author":11,"featured_media":549,"parent":350,"menu_order":0,"comment_status":"closed","ping_status":"closed","template":"page-results.php","meta":{"footnotes":""},"class_list":["post-2775","page","type-page","status-publish","has-post-thumbnail","hentry","entry"],"yoast_head":"<!-- This site is optimized with the Yoast SEO plugin v27.3 - https:\/\/yoast.com\/product\/yoast-seo-wordpress\/ -->\n<title>Lainaa 2000 euroa nopeasti ja helposti - Top5Credits.com Suomi<\/title>\n<meta name=\"description\" content=\"Vertailimme 2000 euron lainat ja selvitimme mink\u00e4laisella korolla lainan voi saada ja kuinka pitk\u00e4ksi aikaa. Vertaile ja hae lainaa.\" \/>\n<meta name=\"robots\" content=\"index, follow, max-snippet:-1, max-image-preview:large, max-video-preview:-1\" \/>\n<link rel=\"canonical\" href=\"https:\/\/www.top5credits.com\/fi\/lainavertailu\/lainaa-2000\/\" \/>\n<meta property=\"og:locale\" content=\"fi_FI\" \/>\n<meta property=\"og:type\" content=\"article\" \/>\n<meta property=\"og:title\" content=\"Lainaa 2000 euroa nopeasti ja helposti - Top5Credits.com Suomi\" \/>\n<meta property=\"og:description\" content=\"Vertailimme 2000 euron lainat ja selvitimme mink\u00e4laisella korolla lainan voi saada ja kuinka pitk\u00e4ksi aikaa. Vertaile ja hae lainaa.\" \/>\n<meta property=\"og:url\" content=\"https:\/\/www.top5credits.com\/fi\/lainavertailu\/lainaa-2000\/\" \/>\n<meta property=\"og:site_name\" content=\"Top5Credits.com Suomi\" \/>\n<meta property=\"article:publisher\" content=\"https:\/\/www.facebook.com\/Top5Creditscom-Suomi-878136912537066\" \/>\n<meta property=\"article:modified_time\" content=\"2022-05-10T12:02:28+00:00\" \/>\n<meta property=\"og:image\" content=\"https:\/\/cdn.top5credits.com\/fi\/wp-content\/uploads\/sites\/2\/2019\/12\/top5-teksti.jpg?cdn=1.1.2\" \/>\n\t<meta property=\"og:image:width\" content=\"1200\" \/>\n\t<meta property=\"og:image:height\" content=\"630\" \/>\n\t<meta property=\"og:image:type\" content=\"image\/jpeg\" \/>\n<meta name=\"twitter:card\" content=\"summary_large_image\" \/>\n<meta name=\"twitter:label1\" content=\"Arvioitu lukuaika\" \/>\n\t<meta name=\"twitter:data1\" content=\"6 minuuttia\" \/>\n<script type=\"application\/ld+json\" class=\"yoast-schema-graph\">{\"@context\":\"https:\\\/\\\/schema.org\",\"@graph\":[{\"@type\":\"WebPage\",\"@id\":\"https:\\\/\\\/www.top5credits.com\\\/fi\\\/lainavertailu\\\/lainaa-2000\\\/\",\"url\":\"https:\\\/\\\/www.top5credits.com\\\/fi\\\/lainavertailu\\\/lainaa-2000\\\/\",\"name\":\"Lainaa 2000 euroa nopeasti ja helposti - Top5Credits.com Suomi\",\"isPartOf\":{\"@id\":\"https:\\\/\\\/www.top5credits.com\\\/fi\\\/#website\"},\"primaryImageOfPage\":{\"@id\":\"https:\\\/\\\/www.top5credits.com\\\/fi\\\/lainavertailu\\\/lainaa-2000\\\/#primaryimage\"},\"image\":{\"@id\":\"https:\\\/\\\/www.top5credits.com\\\/fi\\\/lainavertailu\\\/lainaa-2000\\\/#primaryimage\"},\"thumbnailUrl\":\"https:\\\/\\\/www.top5credits.com\\\/fi\\\/wp-content\\\/uploads\\\/sites\\\/2\\\/2019\\\/06\\\/varjoreuna.png\",\"datePublished\":\"2020-02-12T11:38:02+00:00\",\"dateModified\":\"2022-05-10T12:02:28+00:00\",\"description\":\"Vertailimme 2000 euron lainat ja selvitimme mink\u00e4laisella korolla lainan voi saada ja kuinka pitk\u00e4ksi aikaa. Vertaile ja hae lainaa.\",\"breadcrumb\":{\"@id\":\"https:\\\/\\\/www.top5credits.com\\\/fi\\\/lainavertailu\\\/lainaa-2000\\\/#breadcrumb\"},\"inLanguage\":\"fi\",\"potentialAction\":[{\"@type\":\"ReadAction\",\"target\":[\"https:\\\/\\\/www.top5credits.com\\\/fi\\\/lainavertailu\\\/lainaa-2000\\\/\"]}]},{\"@type\":\"ImageObject\",\"inLanguage\":\"fi\",\"@id\":\"https:\\\/\\\/www.top5credits.com\\\/fi\\\/lainavertailu\\\/lainaa-2000\\\/#primaryimage\",\"url\":\"https:\\\/\\\/www.top5credits.com\\\/fi\\\/wp-content\\\/uploads\\\/sites\\\/2\\\/2019\\\/06\\\/varjoreuna.png\",\"contentUrl\":\"https:\\\/\\\/www.top5credits.com\\\/fi\\\/wp-content\\\/uploads\\\/sites\\\/2\\\/2019\\\/06\\\/varjoreuna.png\",\"width\":2000,\"height\":756,\"caption\":\"top5credits tausta\"},{\"@type\":\"BreadcrumbList\",\"@id\":\"https:\\\/\\\/www.top5credits.com\\\/fi\\\/lainavertailu\\\/lainaa-2000\\\/#breadcrumb\",\"itemListElement\":[{\"@type\":\"ListItem\",\"position\":1,\"name\":\"Top5Credits.com\",\"item\":\"https:\\\/\\\/www.top5credits.com\\\/fi\\\/\"},{\"@type\":\"ListItem\",\"position\":2,\"name\":\"Vertaile ja lainaa edullisesti\",\"item\":\"https:\\\/\\\/www.top5credits.com\\\/fi\\\/lainavertailu\\\/\"},{\"@type\":\"ListItem\",\"position\":3,\"name\":\"Lainaa 2000\"}]},{\"@type\":\"WebSite\",\"@id\":\"https:\\\/\\\/www.top5credits.com\\\/fi\\\/#website\",\"url\":\"https:\\\/\\\/www.top5credits.com\\\/fi\\\/\",\"name\":\"Top5Credits.com Suomi\",\"description\":\"Laittaa lainat j\u00e4rjestykseen\",\"publisher\":{\"@id\":\"https:\\\/\\\/www.top5credits.com\\\/fi\\\/#organization\"},\"potentialAction\":[{\"@type\":\"SearchAction\",\"target\":{\"@type\":\"EntryPoint\",\"urlTemplate\":\"https:\\\/\\\/www.top5credits.com\\\/fi\\\/?s={search_term_string}\"},\"query-input\":{\"@type\":\"PropertyValueSpecification\",\"valueRequired\":true,\"valueName\":\"search_term_string\"}}],\"inLanguage\":\"fi\"},{\"@type\":\"Organization\",\"@id\":\"https:\\\/\\\/www.top5credits.com\\\/fi\\\/#organization\",\"name\":\"Top5Credits.com\",\"url\":\"https:\\\/\\\/www.top5credits.com\\\/fi\\\/\",\"logo\":{\"@type\":\"ImageObject\",\"inLanguage\":\"fi\",\"@id\":\"https:\\\/\\\/www.top5credits.com\\\/fi\\\/#\\\/schema\\\/logo\\\/image\\\/\",\"url\":\"https:\\\/\\\/cdn.top5credits.com\\\/fi\\\/wp-content\\\/uploads\\\/sites\\\/2\\\/2023\\\/10\\\/t5c-favicon.png\",\"contentUrl\":\"https:\\\/\\\/cdn.top5credits.com\\\/fi\\\/wp-content\\\/uploads\\\/sites\\\/2\\\/2023\\\/10\\\/t5c-favicon.png\",\"width\":512,\"height\":512,\"caption\":\"Top5Credits.com\"},\"image\":{\"@id\":\"https:\\\/\\\/www.top5credits.com\\\/fi\\\/#\\\/schema\\\/logo\\\/image\\\/\"},\"sameAs\":[\"https:\\\/\\\/www.facebook.com\\\/Top5Creditscom-Suomi-878136912537066\"]}]}<\/script>\n<!-- \/ Yoast SEO plugin. -->","yoast_head_json":{"title":"Lainaa 2000 euroa nopeasti ja helposti - Top5Credits.com Suomi","description":"Vertailimme 2000 euron lainat ja selvitimme mink\u00e4laisella korolla lainan voi saada ja kuinka pitk\u00e4ksi aikaa. Vertaile ja hae lainaa.","robots":{"index":"index","follow":"follow","max-snippet":"max-snippet:-1","max-image-preview":"max-image-preview:large","max-video-preview":"max-video-preview:-1"},"canonical":"https:\/\/www.top5credits.com\/fi\/lainavertailu\/lainaa-2000\/","og_locale":"fi_FI","og_type":"article","og_title":"Lainaa 2000 euroa nopeasti ja helposti - Top5Credits.com Suomi","og_description":"Vertailimme 2000 euron lainat ja selvitimme mink\u00e4laisella korolla lainan voi saada ja kuinka pitk\u00e4ksi aikaa. Vertaile ja hae lainaa.","og_url":"https:\/\/www.top5credits.com\/fi\/lainavertailu\/lainaa-2000\/","og_site_name":"Top5Credits.com Suomi","article_publisher":"https:\/\/www.facebook.com\/Top5Creditscom-Suomi-878136912537066","article_modified_time":"2022-05-10T12:02:28+00:00","og_image":[{"width":1200,"height":630,"url":"https:\/\/cdn.top5credits.com\/fi\/wp-content\/uploads\/sites\/2\/2019\/12\/top5-teksti.jpg?cdn=1.1.2","type":"image\/jpeg"}],"twitter_card":"summary_large_image","twitter_misc":{"Arvioitu lukuaika":"6 minuuttia"},"schema":{"@context":"https:\/\/schema.org","@graph":[{"@type":"WebPage","@id":"https:\/\/www.top5credits.com\/fi\/lainavertailu\/lainaa-2000\/","url":"https:\/\/www.top5credits.com\/fi\/lainavertailu\/lainaa-2000\/","name":"Lainaa 2000 euroa nopeasti ja helposti - Top5Credits.com Suomi","isPartOf":{"@id":"https:\/\/www.top5credits.com\/fi\/#website"},"primaryImageOfPage":{"@id":"https:\/\/www.top5credits.com\/fi\/lainavertailu\/lainaa-2000\/#primaryimage"},"image":{"@id":"https:\/\/www.top5credits.com\/fi\/lainavertailu\/lainaa-2000\/#primaryimage"},"thumbnailUrl":"https:\/\/cdn.top5credits.com\/fi\/wp-content\/uploads\/sites\/2\/2019\/06\/varjoreuna.png?cdn=1.1.2","datePublished":"2020-02-12T11:38:02+00:00","dateModified":"2022-05-10T12:02:28+00:00","description":"Vertailimme 2000 euron lainat ja selvitimme mink\u00e4laisella korolla lainan voi saada ja kuinka pitk\u00e4ksi aikaa. Vertaile ja hae lainaa.","breadcrumb":{"@id":"https:\/\/www.top5credits.com\/fi\/lainavertailu\/lainaa-2000\/#breadcrumb"},"inLanguage":"fi","potentialAction":[{"@type":"ReadAction","target":["https:\/\/www.top5credits.com\/fi\/lainavertailu\/lainaa-2000\/"]}]},{"@type":"ImageObject","inLanguage":"fi","@id":"https:\/\/www.top5credits.com\/fi\/lainavertailu\/lainaa-2000\/#primaryimage","url":"https:\/\/cdn.top5credits.com\/fi\/wp-content\/uploads\/sites\/2\/2019\/06\/varjoreuna.png?cdn=1.1.2","contentUrl":"https:\/\/cdn.top5credits.com\/fi\/wp-content\/uploads\/sites\/2\/2019\/06\/varjoreuna.png?cdn=1.1.2","width":2000,"height":756,"caption":"top5credits tausta"},{"@type":"BreadcrumbList","@id":"https:\/\/www.top5credits.com\/fi\/lainavertailu\/lainaa-2000\/#breadcrumb","itemListElement":[{"@type":"ListItem","position":1,"name":"Top5Credits.com","item":"https:\/\/www.top5credits.com\/fi\/"},{"@type":"ListItem","position":2,"name":"Vertaile ja lainaa edullisesti","item":"https:\/\/www.top5credits.com\/fi\/lainavertailu\/"},{"@type":"ListItem","position":3,"name":"Lainaa 2000"}]},{"@type":"WebSite","@id":"https:\/\/www.top5credits.com\/fi\/#website","url":"https:\/\/www.top5credits.com\/fi\/","name":"Top5Credits.com Suomi","description":"Laittaa lainat j\u00e4rjestykseen","publisher":{"@id":"https:\/\/www.top5credits.com\/fi\/#organization"},"potentialAction":[{"@type":"SearchAction","target":{"@type":"EntryPoint","urlTemplate":"https:\/\/www.top5credits.com\/fi\/?s={search_term_string}"},"query-input":{"@type":"PropertyValueSpecification","valueRequired":true,"valueName":"search_term_string"}}],"inLanguage":"fi"},{"@type":"Organization","@id":"https:\/\/www.top5credits.com\/fi\/#organization","name":"Top5Credits.com","url":"https:\/\/www.top5credits.com\/fi\/","logo":{"@type":"ImageObject","inLanguage":"fi","@id":"https:\/\/www.top5credits.com\/fi\/#\/schema\/logo\/image\/","url":"https:\/\/cdn.top5credits.com\/fi\/wp-content\/uploads\/sites\/2\/2023\/10\/t5c-favicon.png","contentUrl":"https:\/\/cdn.top5credits.com\/fi\/wp-content\/uploads\/sites\/2\/2023\/10\/t5c-favicon.png","width":512,"height":512,"caption":"Top5Credits.com"},"image":{"@id":"https:\/\/www.top5credits.com\/fi\/#\/schema\/logo\/image\/"},"sameAs":["https:\/\/www.facebook.com\/Top5Creditscom-Suomi-878136912537066"]}]}},"_links":{"self":[{"href":"https:\/\/www.top5credits.com\/fi\/wp-json\/wp\/v2\/pages\/2775","targetHints":{"allow":["GET"]}}],"collection":[{"href":"https:\/\/www.top5credits.com\/fi\/wp-json\/wp\/v2\/pages"}],"about":[{"href":"https:\/\/www.top5credits.com\/fi\/wp-json\/wp\/v2\/types\/page"}],"author":[{"embeddable":true,"href":"https:\/\/www.top5credits.com\/fi\/wp-json\/wp\/v2\/users\/11"}],"replies":[{"embeddable":true,"href":"https:\/\/www.top5credits.com\/fi\/wp-json\/wp\/v2\/comments?post=2775"}],"version-history":[{"count":0,"href":"https:\/\/www.top5credits.com\/fi\/wp-json\/wp\/v2\/pages\/2775\/revisions"}],"up":[{"embeddable":true,"href":"https:\/\/www.top5credits.com\/fi\/wp-json\/wp\/v2\/pages\/350"}],"wp:featuredmedia":[{"embeddable":true,"href":"https:\/\/www.top5credits.com\/fi\/wp-json\/wp\/v2\/media\/549"}],"wp:attachment":[{"href":"https:\/\/www.top5credits.com\/fi\/wp-json\/wp\/v2\/media?parent=2775"}],"curies":[{"name":"wp","href":"https:\/\/api.w.org\/{rel}","templated":true}]}}